{"id":41979,"date":"2026-01-15T12:22:08","date_gmt":"2026-01-15T12:22:08","guid":{"rendered":"https:\/\/testwebsite.citygame.com\/games\/unknown-location\/producto-371\/"},"modified":"2026-04-02T17:21:03","modified_gmt":"2026-04-02T17:21:03","slug":"producto-371","status":"publish","type":"product","link":"https:\/\/testwebsite.citygame.com\/es\/games\/unknown-location\/producto-371\/","title":{"rendered":"Producto"},"content":{"rendered":"","protected":false},"excerpt":{"rendered":"","protected":false},"featured_media":4045,"template":"","meta":{"_acf_changed":false,"_yoast_wpseo_focuskw":"Secrets of Krakow","_yoast_wpseo_metadesc":"Secrets of Krakow. \u00a1Juega un Juego Urbano autoguiado y explora la ciudad a trav\u00e9s de rompecabezas, acertijos y desaf\u00edos. Juega a tu propio ritmo y descubre como un local!","_kad_blocks_custom_css":"","_kad_blocks_head_custom_js":"","_kad_blocks_body_custom_js":"","_kad_blocks_footer_custom_js":"","ghostkit_customizer_options":"","ghostkit_custom_css":"","ghostkit_custom_js_head":"","ghostkit_custom_js_foot":"","ghostkit_typography":"","_kad_post_transparent":"default","_kad_post_title":"","_kad_post_layout":"default","_kad_post_sidebar_id":"","_kad_post_content_style":"default","_kad_post_vertical_padding":"default","_kad_post_feature":"","_kad_post_feature_position":"","_kad_post_header":false,"_kad_post_footer":false,"_kad_post_classname":"","_links_to":"","_links_to_target":""},"game-concept":[36],"location":[],"product_brand":[],"product_cat":[666],"product_tag":[],"class_list":{"0":"post-41979","1":"product","2":"type-product","3":"status-publish","4":"has-post-thumbnail","6":"game-concept-secrets","7":"product_cat-sin-categorizar","9":"first","10":"instock","11":"shipping-taxable","12":"purchasable","13":"product-type-simple","14":"entry","15":"content-bg","16":"loop-entry"},"acf":{"full_bokun_product_name":"Self-Guided Secrets of Krak\u00f3w Exploration Game","location_name":"Krakow","bokun_calendar_widget_code":"<script type=\"text\/javascript\" src=\"https:\/\/widgets.bokun.io\/assets\/javascripts\/apps\/build\/BokunWidgetsLoader.js?bookingChannelUUID=a1e93e96-5232-4734-a595-28405f4b5a31\" async><\/script>\n     \n    <div class=\"bokunWidget\" data-src=\"https:\/\/widgets.bokun.io\/online-sales\/a1e93e96-5232-4734-a595-28405f4b5a31\/experience-calendar\/1103801\"><\/div>\n    <noscript>Please enable javascript in your browser to book<\/noscript>","bokun_button_widget_code":"<script type=\"text\/javascript\" src=\"https:\/\/widgets.bokun.io\/assets\/javascripts\/apps\/build\/BokunWidgetsLoader.js?bookingChannelUUID=a1e93e96-5232-4734-a595-28405f4b5a31\" async><\/script>\n      <style> #bokun_ed001e45_5927_4f62_b470_ca766338d083 { display: inline-block; padding: .4em 1em; background: #47b82e; border-radius: 999999px; box-shadow: none; font-weight: 600; font-size: 24px; text-decoration: none; text-align: center; color: #FFFFFF; border:none; cursor: pointer; transition: background .2s ease; } #bokun_ed001e45_5927_4f62_b470_ca766338d083:hover{ background: #2f7b1f; } #bokun_ed001e45_5927_4f62_b470_ca766338d083:active{ background: #378f24; } <\/style> <button class=\"bokunButton\" disabled id=bokun_ed001e45_5927_4f62_b470_ca766338d083 data-src=\"https:\/\/widgets.bokun.io\/online-sales\/a1e93e96-5232-4734-a595-28405f4b5a31\/experience-calendar\/1103801?partialView=1\" data-testid=\"widget-book-button\" > Book now <\/button> ","what_you\u2019ll_experience_during_the_game":"Durante el Secrets of Krakow City Game, explorar\u00e1s la ciudad a trav\u00e9s de una inmersiva historia tejida en sus calles y puntos de referencia. A medida que sigues las pistas y desbloqueas nuevos cap\u00edtulos, te encontrar\u00e1s tanto con sitios ic\u00f3nicos como con rincones escondidos que revelan la historia en capas de la ciudad. Los puntos destacados incluyen las magn\u00edficas torres gemelas de la Bas\u00edlica de Santa Mar\u00eda, el encanto medieval de la Puerta de San Flori\u00e1n y el atmosf\u00e9rico Collegium Maius de la Universidad Jaguel\u00f3nica. Tambi\u00e9n pasar\u00e1s por la extensa Plaza del Mercado Principal y vislumbrar\u00e1s la herencia real alrededor del Castillo de Wawel y la legendaria Guarida del Drag\u00f3n.\r\n\r\nEl juego te desaf\u00eda con rompecabezas, ingeniosos acertijos, creativas tareas fotogr\u00e1ficas y preguntas que gu\u00edan tu progreso por Cracovia y dan vida a sus historias. Completar cada desaf\u00edo te otorga puntos, revela nuevas pistas y te acerca a desentra\u00f1ar un misterio final. Puedes pausar el City Game en cualquier momento y continuar explorando a tu propio ritmo. Aquellos que busquen un \u00e1ngulo competitivo pueden formar equipo y aspirar a un puesto destacado en la clasificaci\u00f3n.","how_to_play":"Despu\u00e9s de reservar, recibir\u00e1s un correo electr\u00f3nico con un enlace directo para comenzar el juego. Simplemente dir\u00edgete al punto de inicio en la Bas\u00edlica de Santa Mar\u00eda y comienza tu viaje cuando est\u00e9s listo. El juego puede pausarse y reanudarse en cualquier momento, permiti\u00e9ndote explorar a tu propio ritmo y disfrutar del encanto de Cracovia entre desaf\u00edos.","start_location":"Krak\u00f3w, St. Mary\u2019s Basilica","available_languages":"","players_per_group":"1-4","duration":"1.5-2 hours","image_overlay_color_image":"https:\/\/testwebsite.citygame.com\/wp-content\/blogs.dir\/1\/files\/sites\/62\/2026\/01\/SecretsColor.svg","image_overlay_game_logo":"https:\/\/testwebsite.citygame.com\/wp-content\/blogs.dir\/1\/files\/sites\/62\/2026\/01\/SecretsLogo.png","city_page":8446,"woocommerce_general_content":null,"the_story":"<strong>Cracovia recuerda. Sus adoquines resuenan con siglos de historia, sus torres observan en silencio. Pero en el coraz\u00f3n de la ciudad, una estatua se agita. Adam Mickiewicz, poeta, patriota y voz de una naci\u00f3n, no espera aplausos, sino ayuda. Sus \u00faltimas p\u00e1ginas han desaparecido. Las \u00faltimas l\u00edneas de Pan Tadeusz, su despedida inconclusa a una patria perdida, dispersas como hojas al viento.<\/strong><br><br>Ahora te llama a ti, viajero y buscador, para que le ayudes a reconstruirlo todo. Desde las sombras de las catedrales hasta las plazas escondidas, cada paso acerca un verso a su finalizaci\u00f3n. Lo que comienza como una b\u00fasqueda de palabras se convierte en un viaje a trav\u00e9s de la memoria, la identidad y el esp\u00edritu de una ciudad que nunca dej\u00f3 de so\u00f1ar en poes\u00eda.<br><br><strong>Viniste a explorar. Te quedaste para salvar la historia.<\/strong>","name_main_character":"Adam Mickiewicz","photo_main_character":41980,"loquiz_or_kokimoki":"Kokimoki"},"yoast_head":"<!-- This site is optimized with the Yoast SEO Premium plugin v26.2 (Yoast SEO v26.3) - https:\/\/yoast.com\/wordpress\/plugins\/seo\/ -->\n<title>Producto - City Game<\/title>\n<meta name=\"description\" content=\"Secrets of Krakow. \u00a1Juega un Juego Urbano autoguiado y explora la ciudad a trav\u00e9s de rompecabezas, acertijos y desaf\u00edos. Juega a tu propio ritmo y descubre como un local!\" \/>\n<meta name=\"robots\" content=\"noindex, follow, max-snippet:-1, max-image-preview:large, max-video-preview:-1\" \/>\n<meta property=\"og:locale\" content=\"es_ES\" \/>\n<meta property=\"og:type\" content=\"article\" \/>\n<meta property=\"og:title\" content=\"Producto\" \/>\n<meta property=\"og:description\" content=\"Secrets of Krakow. \u00a1Juega un Juego Urbano autoguiado y explora la ciudad a trav\u00e9s de rompecabezas, acertijos y desaf\u00edos. Juega a tu propio ritmo y descubre como un local!\" \/>\n<meta property=\"og:url\" content=\"https:\/\/testwebsite.citygame.com\/es\/games\/unknown-location\/producto-371\/\" \/>\n<meta property=\"og:site_name\" content=\"City Game\" \/>\n<meta property=\"article:publisher\" content=\"https:\/\/www.facebook.com\/profile.php?id=100086426226253\" \/>\n<meta property=\"article:modified_time\" content=\"2026-04-02T17:21:03+00:00\" \/>\n<meta property=\"og:image\" content=\"https:\/\/testwebsite.citygame.com\/wp-content\/blogs.dir\/1\/files\/sites\/62\/2026\/01\/woman-playing-city-game-on-phone-in-krakow-main-market-square.jpg\" \/>\n\t<meta property=\"og:image:width\" content=\"1024\" \/>\n\t<meta property=\"og:image:height\" content=\"1024\" \/>\n\t<meta property=\"og:image:type\" content=\"image\/jpeg\" \/>\n<meta name=\"twitter:card\" content=\"summary_large_image\" \/>\n<script type=\"application\/ld+json\" class=\"yoast-schema-graph\">{\"@context\":\"https:\/\/schema.org\",\"@graph\":[{\"@type\":\"WebPage\",\"@id\":\"https:\/\/testwebsite.citygame.com\/es\/games\/unknown-location\/producto-371\/\",\"url\":\"https:\/\/testwebsite.citygame.com\/es\/games\/unknown-location\/producto-371\/\",\"name\":\"Producto - City Game\",\"isPartOf\":{\"@id\":\"https:\/\/testwebsite.upevents.nl\/#website\"},\"primaryImageOfPage\":{\"@id\":\"https:\/\/testwebsite.citygame.com\/es\/games\/unknown-location\/producto-371\/#primaryimage\"},\"image\":{\"@id\":\"https:\/\/testwebsite.citygame.com\/es\/games\/unknown-location\/producto-371\/#primaryimage\"},\"thumbnailUrl\":\"https:\/\/testwebsite.citygame.com\/wp-content\/blogs.dir\/1\/files\/sites\/62\/2026\/01\/woman-playing-city-game-on-phone-in-krakow-main-market-square.jpg\",\"datePublished\":\"2026-01-15T12:22:08+00:00\",\"dateModified\":\"2026-04-02T17:21:03+00:00\",\"description\":\"Secrets of Krakow. \u00a1Juega un Juego Urbano autoguiado y explora la ciudad a trav\u00e9s de rompecabezas, acertijos y desaf\u00edos. Juega a tu propio ritmo y descubre como un local!\",\"breadcrumb\":{\"@id\":\"https:\/\/testwebsite.citygame.com\/es\/games\/unknown-location\/producto-371\/#breadcrumb\"},\"inLanguage\":\"es\",\"potentialAction\":[{\"@type\":\"ReadAction\",\"target\":[\"https:\/\/testwebsite.citygame.com\/es\/games\/unknown-location\/producto-371\/\"]}]},{\"@type\":\"ImageObject\",\"inLanguage\":\"es\",\"@id\":\"https:\/\/testwebsite.citygame.com\/es\/games\/unknown-location\/producto-371\/#primaryimage\",\"url\":\"https:\/\/testwebsite.citygame.com\/wp-content\/blogs.dir\/1\/files\/sites\/62\/2026\/01\/woman-playing-city-game-on-phone-in-krakow-main-market-square.jpg\",\"contentUrl\":\"https:\/\/testwebsite.citygame.com\/wp-content\/blogs.dir\/1\/files\/sites\/62\/2026\/01\/woman-playing-city-game-on-phone-in-krakow-main-market-square.jpg\",\"width\":1024,\"height\":1024,\"caption\":\"A visitor uses her smartphone to explore the historic Main Market Square in Krakow, Poland.\"},{\"@type\":\"BreadcrumbList\",\"@id\":\"https:\/\/testwebsite.citygame.com\/es\/games\/unknown-location\/producto-371\/#breadcrumb\",\"itemListElement\":[{\"@type\":\"ListItem\",\"position\":1,\"name\":\"Home\",\"item\":\"https:\/\/testwebsite.citygame.com\/es\/\"},{\"@type\":\"ListItem\",\"position\":2,\"name\":\"Shop\",\"item\":\"https:\/\/testwebsite.citygame.com\/shop\/\"},{\"@type\":\"ListItem\",\"position\":3,\"name\":\"Producto\"}]},{\"@type\":\"WebSite\",\"@id\":\"https:\/\/testwebsite.upevents.nl\/#website\",\"url\":\"https:\/\/testwebsite.upevents.nl\/\",\"name\":\"City Game\",\"description\":\"\",\"publisher\":{\"@id\":\"https:\/\/testwebsite.upevents.nl\/#organization\"},\"alternateName\":\"citygame.com\",\"potentialAction\":[{\"@type\":\"SearchAction\",\"target\":{\"@type\":\"EntryPoint\",\"urlTemplate\":\"https:\/\/testwebsite.upevents.nl\/?s={search_term_string}\"},\"query-input\":{\"@type\":\"PropertyValueSpecification\",\"valueRequired\":true,\"valueName\":\"search_term_string\"}}],\"inLanguage\":\"es\"},{\"@type\":[\"Organization\",\"Place\"],\"@id\":\"https:\/\/testwebsite.upevents.nl\/#organization\",\"name\":\"City Game\",\"alternateName\":\"citygame.com\",\"url\":\"https:\/\/testwebsite.upevents.nl\/\",\"logo\":{\"@id\":\"https:\/\/testwebsite.citygame.com\/es\/games\/unknown-location\/producto-371\/#local-main-organization-logo\"},\"image\":{\"@id\":\"https:\/\/testwebsite.citygame.com\/es\/games\/unknown-location\/producto-371\/#local-main-organization-logo\"},\"sameAs\":[\"https:\/\/www.facebook.com\/profile.php?id=100086426226253\",\"https:\/\/www.instagram.com\/citygame_com\",\"https:\/\/www.tiktok.com\/@citygamecom\/\",\"https:\/\/www.linkedin.com\/company\/citygame-com\"],\"description\":\"Turn any city into a playground with our interactive City Games and self-guided tours. Fun, flexible, and ideal for groups and team building.\",\"telephone\":[],\"openingHoursSpecification\":[{\"@type\":\"OpeningHoursSpecification\",\"dayOfWeek\":[\"Monday\",\"Tuesday\",\"Wednesday\",\"Thursday\",\"Friday\",\"Saturday\",\"Sunday\"],\"opens\":\"09:00\",\"closes\":\"17:00\"}]},{\"@type\":\"ImageObject\",\"inLanguage\":\"es\",\"@id\":\"https:\/\/testwebsite.citygame.com\/es\/games\/unknown-location\/producto-371\/#local-main-organization-logo\",\"url\":\"https:\/\/testwebsite.citygame.com\/wp-content\/blogs.dir\/1\/files\/sites\/62\/2025\/10\/CG_LOGO-City-Game.png\",\"contentUrl\":\"https:\/\/testwebsite.citygame.com\/wp-content\/blogs.dir\/1\/files\/sites\/62\/2025\/10\/CG_LOGO-City-Game.png\",\"width\":351,\"height\":377,\"caption\":\"City Game\"}]}<\/script>\n<!-- \/ Yoast SEO Premium plugin. -->","yoast_head_json":{"title":"Producto - City Game","description":"Secrets of Krakow. \u00a1Juega un Juego Urbano autoguiado y explora la ciudad a trav\u00e9s de rompecabezas, acertijos y desaf\u00edos. Juega a tu propio ritmo y descubre como un local!","robots":{"index":"noindex","follow":"follow","max-snippet":"max-snippet:-1","max-image-preview":"max-image-preview:large","max-video-preview":"max-video-preview:-1"},"og_locale":"es_ES","og_type":"article","og_title":"Producto","og_description":"Secrets of Krakow. \u00a1Juega un Juego Urbano autoguiado y explora la ciudad a trav\u00e9s de rompecabezas, acertijos y desaf\u00edos. Juega a tu propio ritmo y descubre como un local!","og_url":"https:\/\/testwebsite.citygame.com\/es\/games\/unknown-location\/producto-371\/","og_site_name":"City Game","article_publisher":"https:\/\/www.facebook.com\/profile.php?id=100086426226253","article_modified_time":"2026-04-02T17:21:03+00:00","og_image":[{"width":1024,"height":1024,"url":"https:\/\/testwebsite.citygame.com\/wp-content\/blogs.dir\/1\/files\/sites\/62\/2026\/01\/woman-playing-city-game-on-phone-in-krakow-main-market-square.jpg","type":"image\/jpeg"}],"twitter_card":"summary_large_image","schema":{"@context":"https:\/\/schema.org","@graph":[{"@type":"WebPage","@id":"https:\/\/testwebsite.citygame.com\/es\/games\/unknown-location\/producto-371\/","url":"https:\/\/testwebsite.citygame.com\/es\/games\/unknown-location\/producto-371\/","name":"Producto - City Game","isPartOf":{"@id":"https:\/\/testwebsite.upevents.nl\/#website"},"primaryImageOfPage":{"@id":"https:\/\/testwebsite.citygame.com\/es\/games\/unknown-location\/producto-371\/#primaryimage"},"image":{"@id":"https:\/\/testwebsite.citygame.com\/es\/games\/unknown-location\/producto-371\/#primaryimage"},"thumbnailUrl":"https:\/\/testwebsite.citygame.com\/wp-content\/blogs.dir\/1\/files\/sites\/62\/2026\/01\/woman-playing-city-game-on-phone-in-krakow-main-market-square.jpg","datePublished":"2026-01-15T12:22:08+00:00","dateModified":"2026-04-02T17:21:03+00:00","description":"Secrets of Krakow. \u00a1Juega un Juego Urbano autoguiado y explora la ciudad a trav\u00e9s de rompecabezas, acertijos y desaf\u00edos. Juega a tu propio ritmo y descubre como un local!","breadcrumb":{"@id":"https:\/\/testwebsite.citygame.com\/es\/games\/unknown-location\/producto-371\/#breadcrumb"},"inLanguage":"es","potentialAction":[{"@type":"ReadAction","target":["https:\/\/testwebsite.citygame.com\/es\/games\/unknown-location\/producto-371\/"]}]},{"@type":"ImageObject","inLanguage":"es","@id":"https:\/\/testwebsite.citygame.com\/es\/games\/unknown-location\/producto-371\/#primaryimage","url":"https:\/\/testwebsite.citygame.com\/wp-content\/blogs.dir\/1\/files\/sites\/62\/2026\/01\/woman-playing-city-game-on-phone-in-krakow-main-market-square.jpg","contentUrl":"https:\/\/testwebsite.citygame.com\/wp-content\/blogs.dir\/1\/files\/sites\/62\/2026\/01\/woman-playing-city-game-on-phone-in-krakow-main-market-square.jpg","width":1024,"height":1024,"caption":"A visitor uses her smartphone to explore the historic Main Market Square in Krakow, Poland."},{"@type":"BreadcrumbList","@id":"https:\/\/testwebsite.citygame.com\/es\/games\/unknown-location\/producto-371\/#breadcrumb","itemListElement":[{"@type":"ListItem","position":1,"name":"Home","item":"https:\/\/testwebsite.citygame.com\/es\/"},{"@type":"ListItem","position":2,"name":"Shop","item":"https:\/\/testwebsite.citygame.com\/shop\/"},{"@type":"ListItem","position":3,"name":"Producto"}]},{"@type":"WebSite","@id":"https:\/\/testwebsite.upevents.nl\/#website","url":"https:\/\/testwebsite.upevents.nl\/","name":"City Game","description":"","publisher":{"@id":"https:\/\/testwebsite.upevents.nl\/#organization"},"alternateName":"citygame.com","potentialAction":[{"@type":"SearchAction","target":{"@type":"EntryPoint","urlTemplate":"https:\/\/testwebsite.upevents.nl\/?s={search_term_string}"},"query-input":{"@type":"PropertyValueSpecification","valueRequired":true,"valueName":"search_term_string"}}],"inLanguage":"es"},{"@type":["Organization","Place"],"@id":"https:\/\/testwebsite.upevents.nl\/#organization","name":"City Game","alternateName":"citygame.com","url":"https:\/\/testwebsite.upevents.nl\/","logo":{"@id":"https:\/\/testwebsite.citygame.com\/es\/games\/unknown-location\/producto-371\/#local-main-organization-logo"},"image":{"@id":"https:\/\/testwebsite.citygame.com\/es\/games\/unknown-location\/producto-371\/#local-main-organization-logo"},"sameAs":["https:\/\/www.facebook.com\/profile.php?id=100086426226253","https:\/\/www.instagram.com\/citygame_com","https:\/\/www.tiktok.com\/@citygamecom\/","https:\/\/www.linkedin.com\/company\/citygame-com"],"description":"Turn any city into a playground with our interactive City Games and self-guided tours. Fun, flexible, and ideal for groups and team building.","telephone":[],"openingHoursSpecification":[{"@type":"OpeningHoursSpecification","dayOfWeek":["Monday","Tuesday","Wednesday","Thursday","Friday","Saturday","Sunday"],"opens":"09:00","closes":"17:00"}]},{"@type":"ImageObject","inLanguage":"es","@id":"https:\/\/testwebsite.citygame.com\/es\/games\/unknown-location\/producto-371\/#local-main-organization-logo","url":"https:\/\/testwebsite.citygame.com\/wp-content\/blogs.dir\/1\/files\/sites\/62\/2025\/10\/CG_LOGO-City-Game.png","contentUrl":"https:\/\/testwebsite.citygame.com\/wp-content\/blogs.dir\/1\/files\/sites\/62\/2025\/10\/CG_LOGO-City-Game.png","width":351,"height":377,"caption":"City Game"}]}},"taxonomy_info":{"game-concept":[{"value":36,"label":"Secrets"}],"product_cat":[{"value":666,"label":"Sin categorizar"}]},"featured_image_src_large":["https:\/\/testwebsite.citygame.com\/wp-content\/blogs.dir\/1\/files\/sites\/62\/2026\/01\/woman-playing-city-game-on-phone-in-krakow-main-market-square.jpg",1024,1024,false],"author_info":[],"comment_info":"","_links":{"self":[{"href":"https:\/\/testwebsite.citygame.com\/es\/wp-json\/wp\/v2\/product\/41979","targetHints":{"allow":["GET"]}}],"collection":[{"href":"https:\/\/testwebsite.citygame.com\/es\/wp-json\/wp\/v2\/product"}],"about":[{"href":"https:\/\/testwebsite.citygame.com\/es\/wp-json\/wp\/v2\/types\/product"}],"acf:post":[{"embeddable":true,"href":"https:\/\/testwebsite.citygame.com\/es\/wp-json\/wp\/v2\/pages\/8446"}],"wp:featuredmedia":[{"embeddable":true,"href":"https:\/\/testwebsite.citygame.com\/es\/wp-json\/wp\/v2\/media\/4045"}],"wp:attachment":[{"href":"https:\/\/testwebsite.citygame.com\/es\/wp-json\/wp\/v2\/media?parent=41979"}],"wp:term":[{"taxonomy":"game-concept","embeddable":true,"href":"https:\/\/testwebsite.citygame.com\/es\/wp-json\/wp\/v2\/game-concept?post=41979"},{"taxonomy":"location","embeddable":true,"href":"https:\/\/testwebsite.citygame.com\/es\/wp-json\/wp\/v2\/location?post=41979"},{"taxonomy":"product_brand","embeddable":true,"href":"https:\/\/testwebsite.citygame.com\/es\/wp-json\/wp\/v2\/product_brand?post=41979"},{"taxonomy":"product_cat","embeddable":true,"href":"https:\/\/testwebsite.citygame.com\/es\/wp-json\/wp\/v2\/product_cat?post=41979"},{"taxonomy":"product_tag","embeddable":true,"href":"https:\/\/testwebsite.citygame.com\/es\/wp-json\/wp\/v2\/product_tag?post=41979"}],"curies":[{"name":"wp","href":"https:\/\/api.w.org\/{rel}","templated":true}]}}