{"id":38005,"date":"2026-02-20T09:09:55","date_gmt":"2026-02-20T09:09:55","guid":{"rendered":"https:\/\/testwebsite.citygame.com\/games\/unknown-location\/producto-321\/"},"modified":"2026-04-02T06:01:26","modified_gmt":"2026-04-02T06:01:26","slug":"producto-321","status":"publish","type":"product","link":"https:\/\/testwebsite.citygame.com\/es\/games\/unknown-location\/producto-321\/","title":{"rendered":"Producto"},"content":{"rendered":"","protected":false},"excerpt":{"rendered":"","protected":false},"featured_media":15159,"template":"","meta":{"_acf_changed":false,"_yoast_wpseo_focuskw":"The Aalborg Syndicate","_yoast_wpseo_metadesc":"The Aalborg Syndicate. \u00a1Juega un juego de escape urbano autoguiado, resuelve acertijos, completa misiones y recupera las f\u00f3rmulas robadas a tu propio ritmo!","_kad_blocks_custom_css":"","_kad_blocks_head_custom_js":"","_kad_blocks_body_custom_js":"","_kad_blocks_footer_custom_js":"","ghostkit_customizer_options":"","ghostkit_custom_css":"","ghostkit_custom_js_head":"","ghostkit_custom_js_foot":"","ghostkit_typography":"","_kad_post_transparent":"","_kad_post_title":"","_kad_post_layout":"","_kad_post_sidebar_id":"","_kad_post_content_style":"","_kad_post_vertical_padding":"","_kad_post_feature":"","_kad_post_feature_position":"","_kad_post_header":false,"_kad_post_footer":false,"_kad_post_classname":"","_links_to":"","_links_to_target":""},"game-concept":[37],"location":[],"product_brand":[],"product_cat":[666],"product_tag":[],"class_list":{"0":"post-38005","1":"product","2":"type-product","3":"status-publish","4":"has-post-thumbnail","6":"game-concept-syndicate","7":"product_cat-sin-categorizar","9":"first","10":"instock","11":"shipping-taxable","12":"purchasable","13":"product-type-simple","14":"entry","15":"content-bg","16":"loop-entry"},"acf":{"full_bokun_product_name":"Self-Guided The Aalborg Syndicate City Escape Game","location_name":"Aalborg","bokun_calendar_widget_code":"<script type=\"text\/javascript\" src=\"https:\/\/widgets.bokun.io\/assets\/javascripts\/apps\/build\/BokunWidgetsLoader.js?bookingChannelUUID=a1e93e96-5232-4734-a595-28405f4b5a31\" async><\/script>\n     \n    <div class=\"bokunWidget\" data-src=\"https:\/\/widgets.bokun.io\/online-sales\/a1e93e96-5232-4734-a595-28405f4b5a31\/experience-calendar\/883988\"><\/div>\n    <noscript>Please enable javascript in your browser to book<\/noscript>","bokun_button_widget_code":"<script type=\"text\/javascript\" src=\"https:\/\/widgets.bokun.io\/assets\/javascripts\/apps\/build\/BokunWidgetsLoader.js?bookingChannelUUID=a1e93e96-5232-4734-a595-28405f4b5a31\" async><\/script>\n      <style> #bokun_ed001e45_5927_4f62_b470_ca766338d083 { display: inline-block; padding: .4em 1em; background: #47b82e; border-radius: 999999px; box-shadow: none; font-weight: 600; font-size: 24px; text-decoration: none; text-align: center; color: #FFFFFF; border:none; cursor: pointer; transition: background .2s ease; } #bokun_ed001e45_5927_4f62_b470_ca766338d083:hover{ background: #2f7b1f; } #bokun_ed001e45_5927_4f62_b470_ca766338d083:active{ background: #378f24; } <\/style> <button class=\"bokunButton\" disabled id=bokun_ed001e45_5927_4f62_b470_ca766338d083 data-src=\"https:\/\/widgets.bokun.io\/online-sales\/a1e93e96-5232-4734-a595-28405f4b5a31\/experience-calendar\/883988?partialView=1\" data-testid=\"widget-book-button\" > Book now <\/button> ","what_you\u2019ll_experience_during_the_game":"Ad\u00e9ntrate en el emocionante juego de 'The Aalborg Syndicate', donde eres parte de una emocionante misi\u00f3n de escape de alto riesgo que se desarrolla dentro del paisaje urbano de Aalborg. Las calles, callejones y edificios de la ciudad crean el escenario ideal para una experiencia inmersiva impulsada por la historia. Tu misi\u00f3n: Rastrear al esquivo Magnus y recuperar seis f\u00f3rmulas robadas que son vitales para tu objetivo.\n\nTu viaje a trav\u00e9s de Aalborg se desarrolla paso a paso, con intrincados rompecabezas, tareas desafiantes, mensajes codificados y decisiones potencialmente traicioneras. Esta misi\u00f3n requiere comunicaci\u00f3n efectiva, trabajo en equipo y toma de decisiones en tiempo real. El juego ofrece la opci\u00f3n de pausar y continuar a tu propio ritmo, asegurando una experiencia totalmente atractiva y flexible. Recuerda, 'The Aalborg Syndicate' es m\u00e1s que un juego; es una prueba de tus habilidades y valent\u00eda en medio de eventos imprevistos.","how_to_play":"\u00a1Reserva el Juego de la Ciudad, revisa el correo electr\u00f3nico que te enviamos con las instrucciones, descarga la aplicaci\u00f3n Loquiz y comienza tu experiencia de juego!","start_location":"Aalborg, Budolfi Church","available_languages":["en"],"players_per_group":"1-4","duration":"1.5-2 hours","image_overlay_color_image":"https:\/\/testwebsite.citygame.com\/wp-content\/blogs.dir\/1\/files\/sites\/62\/2026\/01\/SyndicateColor.svg","image_overlay_game_logo":"https:\/\/testwebsite.citygame.com\/wp-content\/blogs.dir\/1\/files\/sites\/62\/2026\/01\/SyndicateLogo.png","city_page":12957,"woocommerce_general_content":null},"yoast_head":"<!-- This site is optimized with the Yoast SEO Premium plugin v26.2 (Yoast SEO v26.3) - https:\/\/yoast.com\/wordpress\/plugins\/seo\/ -->\n<title>Producto - City Game<\/title>\n<meta name=\"description\" content=\"The Aalborg Syndicate. \u00a1Juega un juego de escape urbano autoguiado, resuelve acertijos, completa misiones y recupera las f\u00f3rmulas robadas a tu propio ritmo!\" \/>\n<meta name=\"robots\" content=\"noindex, follow, max-snippet:-1, max-image-preview:large, max-video-preview:-1\" \/>\n<meta property=\"og:locale\" content=\"es_ES\" \/>\n<meta property=\"og:type\" content=\"article\" \/>\n<meta property=\"og:title\" content=\"Producto\" \/>\n<meta property=\"og:description\" content=\"The Aalborg Syndicate. \u00a1Juega un juego de escape urbano autoguiado, resuelve acertijos, completa misiones y recupera las f\u00f3rmulas robadas a tu propio ritmo!\" \/>\n<meta property=\"og:url\" content=\"https:\/\/testwebsite.citygame.com\/es\/games\/unknown-location\/producto-321\/\" \/>\n<meta property=\"og:site_name\" content=\"City Game\" \/>\n<meta property=\"article:publisher\" content=\"https:\/\/www.facebook.com\/profile.php?id=100086426226253\" \/>\n<meta property=\"article:modified_time\" content=\"2026-04-02T06:01:26+00:00\" \/>\n<meta property=\"og:image\" content=\"https:\/\/testwebsite.citygame.com\/wp-content\/blogs.dir\/1\/files\/sites\/62\/2026\/02\/woman-playing-city-game-aalborg-kloster.jpg\" \/>\n\t<meta property=\"og:image:width\" content=\"1024\" \/>\n\t<meta property=\"og:image:height\" content=\"1024\" \/>\n\t<meta property=\"og:image:type\" content=\"image\/jpeg\" \/>\n<meta name=\"twitter:card\" content=\"summary_large_image\" \/>\n<script type=\"application\/ld+json\" class=\"yoast-schema-graph\">{\"@context\":\"https:\/\/schema.org\",\"@graph\":[{\"@type\":\"WebPage\",\"@id\":\"https:\/\/testwebsite.citygame.com\/es\/games\/unknown-location\/producto-321\/\",\"url\":\"https:\/\/testwebsite.citygame.com\/es\/games\/unknown-location\/producto-321\/\",\"name\":\"Producto - City Game\",\"isPartOf\":{\"@id\":\"https:\/\/testwebsite.upevents.nl\/#website\"},\"primaryImageOfPage\":{\"@id\":\"https:\/\/testwebsite.citygame.com\/es\/games\/unknown-location\/producto-321\/#primaryimage\"},\"image\":{\"@id\":\"https:\/\/testwebsite.citygame.com\/es\/games\/unknown-location\/producto-321\/#primaryimage\"},\"thumbnailUrl\":\"https:\/\/testwebsite.citygame.com\/wp-content\/blogs.dir\/1\/files\/sites\/62\/2026\/02\/woman-playing-city-game-aalborg-kloster.jpg\",\"datePublished\":\"2026-02-20T09:09:55+00:00\",\"dateModified\":\"2026-04-02T06:01:26+00:00\",\"description\":\"The Aalborg Syndicate. \u00a1Juega un juego de escape urbano autoguiado, resuelve acertijos, completa misiones y recupera las f\u00f3rmulas robadas a tu propio ritmo!\",\"breadcrumb\":{\"@id\":\"https:\/\/testwebsite.citygame.com\/es\/games\/unknown-location\/producto-321\/#breadcrumb\"},\"inLanguage\":\"es\",\"potentialAction\":[{\"@type\":\"ReadAction\",\"target\":[\"https:\/\/testwebsite.citygame.com\/es\/games\/unknown-location\/producto-321\/\"]}]},{\"@type\":\"ImageObject\",\"inLanguage\":\"es\",\"@id\":\"https:\/\/testwebsite.citygame.com\/es\/games\/unknown-location\/producto-321\/#primaryimage\",\"url\":\"https:\/\/testwebsite.citygame.com\/wp-content\/blogs.dir\/1\/files\/sites\/62\/2026\/02\/woman-playing-city-game-aalborg-kloster.jpg\",\"contentUrl\":\"https:\/\/testwebsite.citygame.com\/wp-content\/blogs.dir\/1\/files\/sites\/62\/2026\/02\/woman-playing-city-game-aalborg-kloster.jpg\",\"width\":1024,\"height\":1024,\"caption\":\"A visitor uses a smartphone app to discover historical details about a building in Aalborg.\"},{\"@type\":\"BreadcrumbList\",\"@id\":\"https:\/\/testwebsite.citygame.com\/es\/games\/unknown-location\/producto-321\/#breadcrumb\",\"itemListElement\":[{\"@type\":\"ListItem\",\"position\":1,\"name\":\"Home\",\"item\":\"https:\/\/testwebsite.citygame.com\/es\/\"},{\"@type\":\"ListItem\",\"position\":2,\"name\":\"Shop\",\"item\":\"https:\/\/testwebsite.citygame.com\/shop\/\"},{\"@type\":\"ListItem\",\"position\":3,\"name\":\"Producto\"}]},{\"@type\":\"WebSite\",\"@id\":\"https:\/\/testwebsite.upevents.nl\/#website\",\"url\":\"https:\/\/testwebsite.upevents.nl\/\",\"name\":\"City Game\",\"description\":\"\",\"publisher\":{\"@id\":\"https:\/\/testwebsite.upevents.nl\/#organization\"},\"alternateName\":\"citygame.com\",\"potentialAction\":[{\"@type\":\"SearchAction\",\"target\":{\"@type\":\"EntryPoint\",\"urlTemplate\":\"https:\/\/testwebsite.upevents.nl\/?s={search_term_string}\"},\"query-input\":{\"@type\":\"PropertyValueSpecification\",\"valueRequired\":true,\"valueName\":\"search_term_string\"}}],\"inLanguage\":\"es\"},{\"@type\":[\"Organization\",\"Place\"],\"@id\":\"https:\/\/testwebsite.upevents.nl\/#organization\",\"name\":\"City Game\",\"alternateName\":\"citygame.com\",\"url\":\"https:\/\/testwebsite.upevents.nl\/\",\"logo\":{\"@id\":\"https:\/\/testwebsite.citygame.com\/es\/games\/unknown-location\/producto-321\/#local-main-organization-logo\"},\"image\":{\"@id\":\"https:\/\/testwebsite.citygame.com\/es\/games\/unknown-location\/producto-321\/#local-main-organization-logo\"},\"sameAs\":[\"https:\/\/www.facebook.com\/profile.php?id=100086426226253\",\"https:\/\/www.instagram.com\/citygame_com\",\"https:\/\/www.tiktok.com\/@citygamecom\/\",\"https:\/\/www.linkedin.com\/company\/citygame-com\"],\"description\":\"Turn any city into a playground with our interactive City Games and self-guided tours. Fun, flexible, and ideal for groups and team building.\",\"telephone\":[],\"openingHoursSpecification\":[{\"@type\":\"OpeningHoursSpecification\",\"dayOfWeek\":[\"Monday\",\"Tuesday\",\"Wednesday\",\"Thursday\",\"Friday\",\"Saturday\",\"Sunday\"],\"opens\":\"09:00\",\"closes\":\"17:00\"}]},{\"@type\":\"ImageObject\",\"inLanguage\":\"es\",\"@id\":\"https:\/\/testwebsite.citygame.com\/es\/games\/unknown-location\/producto-321\/#local-main-organization-logo\",\"url\":\"https:\/\/testwebsite.citygame.com\/wp-content\/blogs.dir\/1\/files\/sites\/62\/2025\/10\/CG_LOGO-City-Game.png\",\"contentUrl\":\"https:\/\/testwebsite.citygame.com\/wp-content\/blogs.dir\/1\/files\/sites\/62\/2025\/10\/CG_LOGO-City-Game.png\",\"width\":351,\"height\":377,\"caption\":\"City Game\"}]}<\/script>\n<!-- \/ Yoast SEO Premium plugin. -->","yoast_head_json":{"title":"Producto - City Game","description":"The Aalborg Syndicate. \u00a1Juega un juego de escape urbano autoguiado, resuelve acertijos, completa misiones y recupera las f\u00f3rmulas robadas a tu propio ritmo!","robots":{"index":"noindex","follow":"follow","max-snippet":"max-snippet:-1","max-image-preview":"max-image-preview:large","max-video-preview":"max-video-preview:-1"},"og_locale":"es_ES","og_type":"article","og_title":"Producto","og_description":"The Aalborg Syndicate. \u00a1Juega un juego de escape urbano autoguiado, resuelve acertijos, completa misiones y recupera las f\u00f3rmulas robadas a tu propio ritmo!","og_url":"https:\/\/testwebsite.citygame.com\/es\/games\/unknown-location\/producto-321\/","og_site_name":"City Game","article_publisher":"https:\/\/www.facebook.com\/profile.php?id=100086426226253","article_modified_time":"2026-04-02T06:01:26+00:00","og_image":[{"width":1024,"height":1024,"url":"https:\/\/testwebsite.citygame.com\/wp-content\/blogs.dir\/1\/files\/sites\/62\/2026\/02\/woman-playing-city-game-aalborg-kloster.jpg","type":"image\/jpeg"}],"twitter_card":"summary_large_image","schema":{"@context":"https:\/\/schema.org","@graph":[{"@type":"WebPage","@id":"https:\/\/testwebsite.citygame.com\/es\/games\/unknown-location\/producto-321\/","url":"https:\/\/testwebsite.citygame.com\/es\/games\/unknown-location\/producto-321\/","name":"Producto - City Game","isPartOf":{"@id":"https:\/\/testwebsite.upevents.nl\/#website"},"primaryImageOfPage":{"@id":"https:\/\/testwebsite.citygame.com\/es\/games\/unknown-location\/producto-321\/#primaryimage"},"image":{"@id":"https:\/\/testwebsite.citygame.com\/es\/games\/unknown-location\/producto-321\/#primaryimage"},"thumbnailUrl":"https:\/\/testwebsite.citygame.com\/wp-content\/blogs.dir\/1\/files\/sites\/62\/2026\/02\/woman-playing-city-game-aalborg-kloster.jpg","datePublished":"2026-02-20T09:09:55+00:00","dateModified":"2026-04-02T06:01:26+00:00","description":"The Aalborg Syndicate. \u00a1Juega un juego de escape urbano autoguiado, resuelve acertijos, completa misiones y recupera las f\u00f3rmulas robadas a tu propio ritmo!","breadcrumb":{"@id":"https:\/\/testwebsite.citygame.com\/es\/games\/unknown-location\/producto-321\/#breadcrumb"},"inLanguage":"es","potentialAction":[{"@type":"ReadAction","target":["https:\/\/testwebsite.citygame.com\/es\/games\/unknown-location\/producto-321\/"]}]},{"@type":"ImageObject","inLanguage":"es","@id":"https:\/\/testwebsite.citygame.com\/es\/games\/unknown-location\/producto-321\/#primaryimage","url":"https:\/\/testwebsite.citygame.com\/wp-content\/blogs.dir\/1\/files\/sites\/62\/2026\/02\/woman-playing-city-game-aalborg-kloster.jpg","contentUrl":"https:\/\/testwebsite.citygame.com\/wp-content\/blogs.dir\/1\/files\/sites\/62\/2026\/02\/woman-playing-city-game-aalborg-kloster.jpg","width":1024,"height":1024,"caption":"A visitor uses a smartphone app to discover historical details about a building in Aalborg."},{"@type":"BreadcrumbList","@id":"https:\/\/testwebsite.citygame.com\/es\/games\/unknown-location\/producto-321\/#breadcrumb","itemListElement":[{"@type":"ListItem","position":1,"name":"Home","item":"https:\/\/testwebsite.citygame.com\/es\/"},{"@type":"ListItem","position":2,"name":"Shop","item":"https:\/\/testwebsite.citygame.com\/shop\/"},{"@type":"ListItem","position":3,"name":"Producto"}]},{"@type":"WebSite","@id":"https:\/\/testwebsite.upevents.nl\/#website","url":"https:\/\/testwebsite.upevents.nl\/","name":"City Game","description":"","publisher":{"@id":"https:\/\/testwebsite.upevents.nl\/#organization"},"alternateName":"citygame.com","potentialAction":[{"@type":"SearchAction","target":{"@type":"EntryPoint","urlTemplate":"https:\/\/testwebsite.upevents.nl\/?s={search_term_string}"},"query-input":{"@type":"PropertyValueSpecification","valueRequired":true,"valueName":"search_term_string"}}],"inLanguage":"es"},{"@type":["Organization","Place"],"@id":"https:\/\/testwebsite.upevents.nl\/#organization","name":"City Game","alternateName":"citygame.com","url":"https:\/\/testwebsite.upevents.nl\/","logo":{"@id":"https:\/\/testwebsite.citygame.com\/es\/games\/unknown-location\/producto-321\/#local-main-organization-logo"},"image":{"@id":"https:\/\/testwebsite.citygame.com\/es\/games\/unknown-location\/producto-321\/#local-main-organization-logo"},"sameAs":["https:\/\/www.facebook.com\/profile.php?id=100086426226253","https:\/\/www.instagram.com\/citygame_com","https:\/\/www.tiktok.com\/@citygamecom\/","https:\/\/www.linkedin.com\/company\/citygame-com"],"description":"Turn any city into a playground with our interactive City Games and self-guided tours. Fun, flexible, and ideal for groups and team building.","telephone":[],"openingHoursSpecification":[{"@type":"OpeningHoursSpecification","dayOfWeek":["Monday","Tuesday","Wednesday","Thursday","Friday","Saturday","Sunday"],"opens":"09:00","closes":"17:00"}]},{"@type":"ImageObject","inLanguage":"es","@id":"https:\/\/testwebsite.citygame.com\/es\/games\/unknown-location\/producto-321\/#local-main-organization-logo","url":"https:\/\/testwebsite.citygame.com\/wp-content\/blogs.dir\/1\/files\/sites\/62\/2025\/10\/CG_LOGO-City-Game.png","contentUrl":"https:\/\/testwebsite.citygame.com\/wp-content\/blogs.dir\/1\/files\/sites\/62\/2025\/10\/CG_LOGO-City-Game.png","width":351,"height":377,"caption":"City Game"}]}},"taxonomy_info":{"game-concept":[{"value":37,"label":"Syndicate"}],"product_cat":[{"value":666,"label":"Sin categorizar"}]},"featured_image_src_large":["https:\/\/testwebsite.citygame.com\/wp-content\/blogs.dir\/1\/files\/sites\/62\/2026\/02\/woman-playing-city-game-aalborg-kloster.jpg",1024,1024,false],"author_info":[],"comment_info":"","_links":{"self":[{"href":"https:\/\/testwebsite.citygame.com\/es\/wp-json\/wp\/v2\/product\/38005","targetHints":{"allow":["GET"]}}],"collection":[{"href":"https:\/\/testwebsite.citygame.com\/es\/wp-json\/wp\/v2\/product"}],"about":[{"href":"https:\/\/testwebsite.citygame.com\/es\/wp-json\/wp\/v2\/types\/product"}],"acf:post":[{"embeddable":true,"href":"https:\/\/testwebsite.citygame.com\/es\/wp-json\/wp\/v2\/pages\/12957"}],"wp:featuredmedia":[{"embeddable":true,"href":"https:\/\/testwebsite.citygame.com\/es\/wp-json\/wp\/v2\/media\/15159"}],"wp:attachment":[{"href":"https:\/\/testwebsite.citygame.com\/es\/wp-json\/wp\/v2\/media?parent=38005"}],"wp:term":[{"taxonomy":"game-concept","embeddable":true,"href":"https:\/\/testwebsite.citygame.com\/es\/wp-json\/wp\/v2\/game-concept?post=38005"},{"taxonomy":"location","embeddable":true,"href":"https:\/\/testwebsite.citygame.com\/es\/wp-json\/wp\/v2\/location?post=38005"},{"taxonomy":"product_brand","embeddable":true,"href":"https:\/\/testwebsite.citygame.com\/es\/wp-json\/wp\/v2\/product_brand?post=38005"},{"taxonomy":"product_cat","embeddable":true,"href":"https:\/\/testwebsite.citygame.com\/es\/wp-json\/wp\/v2\/product_cat?post=38005"},{"taxonomy":"product_tag","embeddable":true,"href":"https:\/\/testwebsite.citygame.com\/es\/wp-json\/wp\/v2\/product_tag?post=38005"}],"curies":[{"name":"wp","href":"https:\/\/api.w.org\/{rel}","templated":true}]}}