{"id":66904,"date":"2026-03-16T11:54:38","date_gmt":"2026-03-16T11:54:38","guid":{"rendered":"https:\/\/testwebsite.citygame.com\/games\/unknown-location\/secrets-of-zutphen\/"},"modified":"2026-04-09T00:18:10","modified_gmt":"2026-04-09T00:18:10","slug":"secrets-of-zutphen","status":"publish","type":"product","link":"https:\/\/testwebsite.citygame.com\/de\/games\/zutphen\/secrets-of-zutphen\/","title":{"rendered":"Secrets of Zutphen"},"content":{"rendered":"<p>Entdeckt den Charme von Zutphen mit dem &#8218;Secrets of Zutphen City Game&#8216;, einem fesselnden selbstgef\u00fchrten Stadtspiel, das im historischen Zentrum von Zutphen stattfindet. Dieses GPS-basierte Spiel verwandelt euer Telefon in ein Portal f\u00fcr Abenteuer und Erkundung und fordert euch heraus, R\u00e4tsel zu l\u00f6sen, Puzzles zu entwirren und Fotoherausforderungen zu meistern, die in der ganzen Stadt verteilt sind. W\u00e4hrend eurer Reise von Punkt zu Punkt taucht ihr in die Geschichte und Kultur Zutphens ein und entdeckt verborgene Details, die dem gew\u00f6hnlichen Auge entgehen. Ob ihr Einheimische seid, die eine neue Perspektive suchen, oder neugierige Besucher, dieses Erkundungsspiel ist eine wunderbare M\u00f6glichkeit, sich mit der Stadt zu verbinden. Das Spiel eignet sich hervorragend f\u00fcr Einzelspieler oder kann zu einer fesselnden Gruppenaktivit\u00e4t f\u00fcr Paare, Familien oder Freundesgruppen werden.<\/p>\n","protected":false},"excerpt":{"rendered":"<p>Enth\u00fcllt Zutphens Eifer und Elan! Begebt euch auf ein Abenteuer durch eine Stadt, in der reiche Geschichte aus alten T\u00fcrmen entweicht und kreative Energie wie die IJssel flie\u00dft, w\u00e4hrend ihr Hinweise in ihren charmanten Stra\u00dfen zusammensetzt. Zutphen ist wahrlich eine Schatzkiste, die darauf wartet, von euch entdeckt zu werden!<\/p>\n","protected":false},"featured_media":19082,"template":"","meta":{"_acf_changed":false,"_yoast_wpseo_focuskw":"Secrets of Zutphen","_yoast_wpseo_metadesc":"Secrets of Zutphen. Spielt ein selbstgef\u00fchrtes City Game und erkundet die Stadt durch Puzzles, R\u00e4tsel und Herausforderungen. Spielt in eurem eigenen Tempo und entdeckt wie ein Einheimischer!","_kad_blocks_custom_css":"","_kad_blocks_head_custom_js":"","_kad_blocks_body_custom_js":"","_kad_blocks_footer_custom_js":"","ghostkit_customizer_options":"","ghostkit_custom_css":"","ghostkit_custom_js_head":"","ghostkit_custom_js_foot":"","ghostkit_typography":"","_kad_post_transparent":"","_kad_post_title":"","_kad_post_layout":"","_kad_post_sidebar_id":"","_kad_post_content_style":"","_kad_post_vertical_padding":"","_kad_post_feature":"","_kad_post_feature_position":"","_kad_post_header":false,"_kad_post_footer":false,"_kad_post_classname":"","_links_to":"","_links_to_target":""},"game-concept":[709],"location":[438],"product_brand":[],"product_cat":[664],"product_tag":[],"class_list":{"0":"post-66904","1":"product","2":"type-product","3":"status-publish","4":"has-post-thumbnail","6":"game-concept-secrets","7":"location-zutphen","8":"product_cat-unkategorisiert","10":"first","11":"instock","12":"shipping-taxable","13":"purchasable","14":"product-type-simple","15":"entry","16":"content-bg","17":"loop-entry"},"acf":{"full_bokun_product_name":"Self-Guided Secrets of Zutphen Exploration Game","location_name":"Zutphen","bokun_calendar_widget_code":"<script type=\"text\/javascript\" src=\"https:\/\/widgets.bokun.io\/assets\/javascripts\/apps\/build\/BokunWidgetsLoader.js?bookingChannelUUID=a1e93e96-5232-4734-a595-28405f4b5a31\" async><\/script>\n     \n    <div class=\"bokunWidget\" data-src=\"https:\/\/widgets.bokun.io\/online-sales\/a1e93e96-5232-4734-a595-28405f4b5a31\/experience-calendar\/887827\"><\/div>\n    <noscript>Please enable javascript in your browser to book<\/noscript>","bokun_button_widget_code":"<script type=\"text\/javascript\" src=\"https:\/\/widgets.bokun.io\/assets\/javascripts\/apps\/build\/BokunWidgetsLoader.js?bookingChannelUUID=a1e93e96-5232-4734-a595-28405f4b5a31\" async><\/script>\n      <style> #bokun_ed001e45_5927_4f62_b470_ca766338d083 { display: inline-block; padding: .4em 1em; background: #47b82e; border-radius: 999999px; box-shadow: none; font-weight: 600; font-size: 24px; text-decoration: none; text-align: center; color: #FFFFFF; border:none; cursor: pointer; transition: background .2s ease; } #bokun_ed001e45_5927_4f62_b470_ca766338d083:hover{ background: #2f7b1f; } #bokun_ed001e45_5927_4f62_b470_ca766338d083:active{ background: #378f24; } <\/style> <button class=\"bokunButton\" disabled id=bokun_ed001e45_5927_4f62_b470_ca766338d083 data-src=\"https:\/\/widgets.bokun.io\/online-sales\/a1e93e96-5232-4734-a595-28405f4b5a31\/experience-calendar\/887827?partialView=1\" data-testid=\"widget-book-button\" > Book now <\/button> ","what_you\u2019ll_experience_during_the_game":"Das Secrets of Zutphen City Game verbindet nahtlos Sightseeing und eine fesselnde Erz\u00e4hlung mit einer Vielzahl interaktiver Herausforderungen. W\u00e4hrend ihr durch die gut ausgetretenen Pfade und versteckten Ecken von Zutphen navigiert, wird das Spiel den Charme und die Geschichte der Stadt auf fesselnde Weise enth\u00fcllen. Genie\u00dft die Pracht der Stadt, nehmt ikonische Orte wie den Koordinatenpunkt 52.144247 in euch auf, erg\u00e4nzt durch den Reiz weniger entdeckter Orte wie die bei den Koordinaten 52.139909 und 52.142608, alles w\u00e4hrend ihr in ein lebendiges Erlebnis eintaucht, das Realit\u00e4t und Fiktion miteinander verbindet.\n\nTaucht ein in das Spiel, das nicht nur Zutphens Geheimnisse enth\u00fcllt, sondern auch euren Mut auf die Probe stellt. Die Herausforderungen, denen ihr begegnen werdet, reichen von kniffligen R\u00e4tseln bis hin zu einfallsreichen Fotoaufgaben, die jeweils sorgf\u00e4ltig darauf ausgelegt sind, euch auf Trab zu halten. Der Erfolg beim Meistern dieser Pr\u00fcfungen belohnt euch mit Punkten, schaltet Hinweise frei und legt den Grundstein f\u00fcr die L\u00f6sung des letzten R\u00e4tsels im Herzen der Stadt. Denkt daran, dieses Erkundungsspiel kann pausiert werden, sodass ihr die Atmosph\u00e4re von Zutphen wirklich aufnehmen oder den hohen Platz auf der Bestenliste in eurem eigenen Tempo verfolgen k\u00f6nnt. Die Sch\u00f6nheit dieses City Games ist, dass die Stadt zu eurem Spielplatz und eurem Puzzle wird, verwoben in einer Erz\u00e4hlung der Entdeckung.","how_to_play":"Bucht das Erkundungsspiel, pr\u00fcft die E-Mail, die wir euch mit den einfachen Anweisungen senden, ladet die Loquiz App herunter, greift auf das Erkundungsspiel zu und ihr seid bereit, euer Spielerlebnis zu beginnen!","start_location":"Zutphen, Kerkhof","available_languages":["en"],"players_per_group":"1-4","duration":"1.5-2 hours","image_overlay_color_image":"https:\/\/testwebsite.citygame.com\/wp-content\/blogs.dir\/1\/files\/sites\/62\/2026\/01\/SecretsColor.svg","image_overlay_game_logo":"https:\/\/testwebsite.citygame.com\/wp-content\/blogs.dir\/1\/files\/sites\/62\/2026\/01\/SecretsLogo.png","city_page":15911,"woocommerce_general_content":null},"yoast_head":"<!-- This site is optimized with the Yoast SEO Premium plugin v26.2 (Yoast SEO v26.3) - https:\/\/yoast.com\/wordpress\/plugins\/seo\/ -->\n<title>Secrets of Zutphen - City Game<\/title>\n<meta name=\"description\" content=\"Secrets of Zutphen. Spielt ein selbstgef\u00fchrtes City Game und erkundet die Stadt durch Puzzles, R\u00e4tsel und Herausforderungen. Spielt in eurem eigenen Tempo und entdeckt wie ein Einheimischer!\" \/>\n<meta name=\"robots\" content=\"noindex, follow, max-snippet:-1, max-image-preview:large, max-video-preview:-1\" \/>\n<meta property=\"og:locale\" content=\"de_DE\" \/>\n<meta property=\"og:type\" content=\"article\" \/>\n<meta property=\"og:title\" content=\"Secrets of Zutphen\" \/>\n<meta property=\"og:description\" content=\"Secrets of Zutphen. Spielt ein selbstgef\u00fchrtes City Game und erkundet die Stadt durch Puzzles, R\u00e4tsel und Herausforderungen. Spielt in eurem eigenen Tempo und entdeckt wie ein Einheimischer!\" \/>\n<meta property=\"og:url\" content=\"https:\/\/testwebsite.citygame.com\/de\/games\/zutphen\/secrets-of-zutphen\/\" \/>\n<meta property=\"og:site_name\" content=\"City Game\" \/>\n<meta property=\"article:publisher\" content=\"https:\/\/www.facebook.com\/profile.php?id=100086426226253\" \/>\n<meta property=\"article:modified_time\" content=\"2026-04-09T00:18:10+00:00\" \/>\n<meta property=\"og:image\" content=\"https:\/\/testwebsite.citygame.com\/wp-content\/blogs.dir\/1\/files\/sites\/62\/2026\/03\/man-playing-city-game-on-smartphone-in-zutphen.jpg\" \/>\n\t<meta property=\"og:image:width\" content=\"1024\" \/>\n\t<meta property=\"og:image:height\" content=\"1024\" \/>\n\t<meta property=\"og:image:type\" content=\"image\/jpeg\" \/>\n<meta name=\"twitter:card\" content=\"summary_large_image\" \/>\n<meta name=\"twitter:label1\" content=\"Gesch\u00e4tzte Lesezeit\" \/>\n\t<meta name=\"twitter:data1\" content=\"1\u00a0Minute\" \/>\n<script type=\"application\/ld+json\" class=\"yoast-schema-graph\">{\"@context\":\"https:\/\/schema.org\",\"@graph\":[{\"@type\":\"WebPage\",\"@id\":\"https:\/\/testwebsite.citygame.com\/de\/games\/zutphen\/secrets-of-zutphen\/\",\"url\":\"https:\/\/testwebsite.citygame.com\/de\/games\/zutphen\/secrets-of-zutphen\/\",\"name\":\"Secrets of Zutphen - City Game\",\"isPartOf\":{\"@id\":\"https:\/\/testwebsite.upevents.nl\/#website\"},\"primaryImageOfPage\":{\"@id\":\"https:\/\/testwebsite.citygame.com\/de\/games\/zutphen\/secrets-of-zutphen\/#primaryimage\"},\"image\":{\"@id\":\"https:\/\/testwebsite.citygame.com\/de\/games\/zutphen\/secrets-of-zutphen\/#primaryimage\"},\"thumbnailUrl\":\"https:\/\/testwebsite.citygame.com\/wp-content\/blogs.dir\/1\/files\/sites\/62\/2026\/03\/man-playing-city-game-on-smartphone-in-zutphen.jpg\",\"datePublished\":\"2026-03-16T11:54:38+00:00\",\"dateModified\":\"2026-04-09T00:18:10+00:00\",\"description\":\"Secrets of Zutphen. Spielt ein selbstgef\u00fchrtes City Game und erkundet die Stadt durch Puzzles, R\u00e4tsel und Herausforderungen. Spielt in eurem eigenen Tempo und entdeckt wie ein Einheimischer!\",\"breadcrumb\":{\"@id\":\"https:\/\/testwebsite.citygame.com\/de\/games\/zutphen\/secrets-of-zutphen\/#breadcrumb\"},\"inLanguage\":\"de\",\"potentialAction\":[{\"@type\":\"ReadAction\",\"target\":[\"https:\/\/testwebsite.citygame.com\/de\/games\/zutphen\/secrets-of-zutphen\/\"]}]},{\"@type\":\"ImageObject\",\"inLanguage\":\"de\",\"@id\":\"https:\/\/testwebsite.citygame.com\/de\/games\/zutphen\/secrets-of-zutphen\/#primaryimage\",\"url\":\"https:\/\/testwebsite.citygame.com\/wp-content\/blogs.dir\/1\/files\/sites\/62\/2026\/03\/man-playing-city-game-on-smartphone-in-zutphen.jpg\",\"contentUrl\":\"https:\/\/testwebsite.citygame.com\/wp-content\/blogs.dir\/1\/files\/sites\/62\/2026\/03\/man-playing-city-game-on-smartphone-in-zutphen.jpg\",\"width\":1024,\"height\":1024,\"caption\":\"A player interacts with a city game app while standing on a historic street in Zutphen.\"},{\"@type\":\"BreadcrumbList\",\"@id\":\"https:\/\/testwebsite.citygame.com\/de\/games\/zutphen\/secrets-of-zutphen\/#breadcrumb\",\"itemListElement\":[{\"@type\":\"ListItem\",\"position\":1,\"name\":\"Home\",\"item\":\"https:\/\/testwebsite.citygame.com\/de\/\"},{\"@type\":\"ListItem\",\"position\":2,\"name\":\"Shop\",\"item\":\"https:\/\/testwebsite.citygame.com\/shop\/\"},{\"@type\":\"ListItem\",\"position\":3,\"name\":\"Secrets of Zutphen\"}]},{\"@type\":\"WebSite\",\"@id\":\"https:\/\/testwebsite.upevents.nl\/#website\",\"url\":\"https:\/\/testwebsite.upevents.nl\/\",\"name\":\"City Game\",\"description\":\"\",\"publisher\":{\"@id\":\"https:\/\/testwebsite.upevents.nl\/#organization\"},\"alternateName\":\"citygame.com\",\"potentialAction\":[{\"@type\":\"SearchAction\",\"target\":{\"@type\":\"EntryPoint\",\"urlTemplate\":\"https:\/\/testwebsite.upevents.nl\/?s={search_term_string}\"},\"query-input\":{\"@type\":\"PropertyValueSpecification\",\"valueRequired\":true,\"valueName\":\"search_term_string\"}}],\"inLanguage\":\"de\"},{\"@type\":[\"Organization\",\"Place\"],\"@id\":\"https:\/\/testwebsite.upevents.nl\/#organization\",\"name\":\"City Game\",\"alternateName\":\"citygame.com\",\"url\":\"https:\/\/testwebsite.upevents.nl\/\",\"logo\":{\"@id\":\"https:\/\/testwebsite.citygame.com\/de\/games\/zutphen\/secrets-of-zutphen\/#local-main-organization-logo\"},\"image\":{\"@id\":\"https:\/\/testwebsite.citygame.com\/de\/games\/zutphen\/secrets-of-zutphen\/#local-main-organization-logo\"},\"sameAs\":[\"https:\/\/www.facebook.com\/profile.php?id=100086426226253\",\"https:\/\/www.instagram.com\/citygame_com\",\"https:\/\/www.tiktok.com\/@citygamecom\/\",\"https:\/\/www.linkedin.com\/company\/citygame-com\"],\"description\":\"Turn any city into a playground with our interactive City Games and self-guided tours. Fun, flexible, and ideal for groups and team building.\",\"telephone\":[],\"openingHoursSpecification\":[{\"@type\":\"OpeningHoursSpecification\",\"dayOfWeek\":[\"Monday\",\"Tuesday\",\"Wednesday\",\"Thursday\",\"Friday\",\"Saturday\",\"Sunday\"],\"opens\":\"09:00\",\"closes\":\"17:00\"}]},{\"@type\":\"ImageObject\",\"inLanguage\":\"de\",\"@id\":\"https:\/\/testwebsite.citygame.com\/de\/games\/zutphen\/secrets-of-zutphen\/#local-main-organization-logo\",\"url\":\"https:\/\/testwebsite.citygame.com\/wp-content\/blogs.dir\/1\/files\/sites\/62\/2025\/10\/CG_LOGO-City-Game.png\",\"contentUrl\":\"https:\/\/testwebsite.citygame.com\/wp-content\/blogs.dir\/1\/files\/sites\/62\/2025\/10\/CG_LOGO-City-Game.png\",\"width\":351,\"height\":377,\"caption\":\"City Game\"}]}<\/script>\n<!-- \/ Yoast SEO Premium plugin. -->","yoast_head_json":{"title":"Secrets of Zutphen - City Game","description":"Secrets of Zutphen. Spielt ein selbstgef\u00fchrtes City Game und erkundet die Stadt durch Puzzles, R\u00e4tsel und Herausforderungen. Spielt in eurem eigenen Tempo und entdeckt wie ein Einheimischer!","robots":{"index":"noindex","follow":"follow","max-snippet":"max-snippet:-1","max-image-preview":"max-image-preview:large","max-video-preview":"max-video-preview:-1"},"og_locale":"de_DE","og_type":"article","og_title":"Secrets of Zutphen","og_description":"Secrets of Zutphen. Spielt ein selbstgef\u00fchrtes City Game und erkundet die Stadt durch Puzzles, R\u00e4tsel und Herausforderungen. Spielt in eurem eigenen Tempo und entdeckt wie ein Einheimischer!","og_url":"https:\/\/testwebsite.citygame.com\/de\/games\/zutphen\/secrets-of-zutphen\/","og_site_name":"City Game","article_publisher":"https:\/\/www.facebook.com\/profile.php?id=100086426226253","article_modified_time":"2026-04-09T00:18:10+00:00","og_image":[{"width":1024,"height":1024,"url":"https:\/\/testwebsite.citygame.com\/wp-content\/blogs.dir\/1\/files\/sites\/62\/2026\/03\/man-playing-city-game-on-smartphone-in-zutphen.jpg","type":"image\/jpeg"}],"twitter_card":"summary_large_image","twitter_misc":{"Gesch\u00e4tzte Lesezeit":"1\u00a0Minute"},"schema":{"@context":"https:\/\/schema.org","@graph":[{"@type":"WebPage","@id":"https:\/\/testwebsite.citygame.com\/de\/games\/zutphen\/secrets-of-zutphen\/","url":"https:\/\/testwebsite.citygame.com\/de\/games\/zutphen\/secrets-of-zutphen\/","name":"Secrets of Zutphen - City Game","isPartOf":{"@id":"https:\/\/testwebsite.upevents.nl\/#website"},"primaryImageOfPage":{"@id":"https:\/\/testwebsite.citygame.com\/de\/games\/zutphen\/secrets-of-zutphen\/#primaryimage"},"image":{"@id":"https:\/\/testwebsite.citygame.com\/de\/games\/zutphen\/secrets-of-zutphen\/#primaryimage"},"thumbnailUrl":"https:\/\/testwebsite.citygame.com\/wp-content\/blogs.dir\/1\/files\/sites\/62\/2026\/03\/man-playing-city-game-on-smartphone-in-zutphen.jpg","datePublished":"2026-03-16T11:54:38+00:00","dateModified":"2026-04-09T00:18:10+00:00","description":"Secrets of Zutphen. Spielt ein selbstgef\u00fchrtes City Game und erkundet die Stadt durch Puzzles, R\u00e4tsel und Herausforderungen. Spielt in eurem eigenen Tempo und entdeckt wie ein Einheimischer!","breadcrumb":{"@id":"https:\/\/testwebsite.citygame.com\/de\/games\/zutphen\/secrets-of-zutphen\/#breadcrumb"},"inLanguage":"de","potentialAction":[{"@type":"ReadAction","target":["https:\/\/testwebsite.citygame.com\/de\/games\/zutphen\/secrets-of-zutphen\/"]}]},{"@type":"ImageObject","inLanguage":"de","@id":"https:\/\/testwebsite.citygame.com\/de\/games\/zutphen\/secrets-of-zutphen\/#primaryimage","url":"https:\/\/testwebsite.citygame.com\/wp-content\/blogs.dir\/1\/files\/sites\/62\/2026\/03\/man-playing-city-game-on-smartphone-in-zutphen.jpg","contentUrl":"https:\/\/testwebsite.citygame.com\/wp-content\/blogs.dir\/1\/files\/sites\/62\/2026\/03\/man-playing-city-game-on-smartphone-in-zutphen.jpg","width":1024,"height":1024,"caption":"A player interacts with a city game app while standing on a historic street in Zutphen."},{"@type":"BreadcrumbList","@id":"https:\/\/testwebsite.citygame.com\/de\/games\/zutphen\/secrets-of-zutphen\/#breadcrumb","itemListElement":[{"@type":"ListItem","position":1,"name":"Home","item":"https:\/\/testwebsite.citygame.com\/de\/"},{"@type":"ListItem","position":2,"name":"Shop","item":"https:\/\/testwebsite.citygame.com\/shop\/"},{"@type":"ListItem","position":3,"name":"Secrets of Zutphen"}]},{"@type":"WebSite","@id":"https:\/\/testwebsite.upevents.nl\/#website","url":"https:\/\/testwebsite.upevents.nl\/","name":"City Game","description":"","publisher":{"@id":"https:\/\/testwebsite.upevents.nl\/#organization"},"alternateName":"citygame.com","potentialAction":[{"@type":"SearchAction","target":{"@type":"EntryPoint","urlTemplate":"https:\/\/testwebsite.upevents.nl\/?s={search_term_string}"},"query-input":{"@type":"PropertyValueSpecification","valueRequired":true,"valueName":"search_term_string"}}],"inLanguage":"de"},{"@type":["Organization","Place"],"@id":"https:\/\/testwebsite.upevents.nl\/#organization","name":"City Game","alternateName":"citygame.com","url":"https:\/\/testwebsite.upevents.nl\/","logo":{"@id":"https:\/\/testwebsite.citygame.com\/de\/games\/zutphen\/secrets-of-zutphen\/#local-main-organization-logo"},"image":{"@id":"https:\/\/testwebsite.citygame.com\/de\/games\/zutphen\/secrets-of-zutphen\/#local-main-organization-logo"},"sameAs":["https:\/\/www.facebook.com\/profile.php?id=100086426226253","https:\/\/www.instagram.com\/citygame_com","https:\/\/www.tiktok.com\/@citygamecom\/","https:\/\/www.linkedin.com\/company\/citygame-com"],"description":"Turn any city into a playground with our interactive City Games and self-guided tours. Fun, flexible, and ideal for groups and team building.","telephone":[],"openingHoursSpecification":[{"@type":"OpeningHoursSpecification","dayOfWeek":["Monday","Tuesday","Wednesday","Thursday","Friday","Saturday","Sunday"],"opens":"09:00","closes":"17:00"}]},{"@type":"ImageObject","inLanguage":"de","@id":"https:\/\/testwebsite.citygame.com\/de\/games\/zutphen\/secrets-of-zutphen\/#local-main-organization-logo","url":"https:\/\/testwebsite.citygame.com\/wp-content\/blogs.dir\/1\/files\/sites\/62\/2025\/10\/CG_LOGO-City-Game.png","contentUrl":"https:\/\/testwebsite.citygame.com\/wp-content\/blogs.dir\/1\/files\/sites\/62\/2025\/10\/CG_LOGO-City-Game.png","width":351,"height":377,"caption":"City Game"}]}},"taxonomy_info":{"game-concept":[{"value":709,"label":"Secrets"}],"location":[{"value":438,"label":"Zutphen"}],"product_cat":[{"value":664,"label":"Unkategorisiert"}]},"featured_image_src_large":["https:\/\/testwebsite.citygame.com\/wp-content\/blogs.dir\/1\/files\/sites\/62\/2026\/03\/man-playing-city-game-on-smartphone-in-zutphen.jpg",1024,1024,false],"author_info":[],"comment_info":"","_links":{"self":[{"href":"https:\/\/testwebsite.citygame.com\/de\/wp-json\/wp\/v2\/product\/66904","targetHints":{"allow":["GET"]}}],"collection":[{"href":"https:\/\/testwebsite.citygame.com\/de\/wp-json\/wp\/v2\/product"}],"about":[{"href":"https:\/\/testwebsite.citygame.com\/de\/wp-json\/wp\/v2\/types\/product"}],"acf:post":[{"embeddable":true,"href":"https:\/\/testwebsite.citygame.com\/de\/wp-json\/wp\/v2\/pages\/15911"}],"wp:featuredmedia":[{"embeddable":true,"href":"https:\/\/testwebsite.citygame.com\/de\/wp-json\/wp\/v2\/media\/19082"}],"wp:attachment":[{"href":"https:\/\/testwebsite.citygame.com\/de\/wp-json\/wp\/v2\/media?parent=66904"}],"wp:term":[{"taxonomy":"game-concept","embeddable":true,"href":"https:\/\/testwebsite.citygame.com\/de\/wp-json\/wp\/v2\/game-concept?post=66904"},{"taxonomy":"location","embeddable":true,"href":"https:\/\/testwebsite.citygame.com\/de\/wp-json\/wp\/v2\/location?post=66904"},{"taxonomy":"product_brand","embeddable":true,"href":"https:\/\/testwebsite.citygame.com\/de\/wp-json\/wp\/v2\/product_brand?post=66904"},{"taxonomy":"product_cat","embeddable":true,"href":"https:\/\/testwebsite.citygame.com\/de\/wp-json\/wp\/v2\/product_cat?post=66904"},{"taxonomy":"product_tag","embeddable":true,"href":"https:\/\/testwebsite.citygame.com\/de\/wp-json\/wp\/v2\/product_tag?post=66904"}],"curies":[{"name":"wp","href":"https:\/\/api.w.org\/{rel}","templated":true}]}}