{"id":66687,"date":"2026-03-13T19:45:32","date_gmt":"2026-03-13T19:45:32","guid":{"rendered":"https:\/\/testwebsite.citygame.com\/games\/unknown-location\/secrets-of-scheveningen\/"},"modified":"2026-04-08T22:21:22","modified_gmt":"2026-04-08T22:21:22","slug":"secrets-of-scheveningen","status":"publish","type":"product","link":"https:\/\/testwebsite.citygame.com\/de\/games\/scheveningen\/secrets-of-scheveningen\/","title":{"rendered":"Secrets of Scheveningen"},"content":{"rendered":"<p>Enth\u00fcllen Sie die Geheimnisse eines der lebendigsten Viertel Den Haags mit dem &#8218;Secrets of Scheveningen&#8216; Stadtspiel. Dieses selbstgef\u00fchrte Stadtspiel findet in einem bestimmten Bereich von Den Haag statt, n\u00e4mlich Scheveningen. Als GPS-basiertes Erkundungsspiel navigieren die Spieler mit ihren Smartphones durch diesen K\u00fcstenbezirk und l\u00f6sen dabei R\u00e4tsel, Knobelaufgaben und Foto-Herausforderungen. W\u00e4hrend der gesamten Quest entdecken Sie die Geschichte, Kultur und verborgenen Feinheiten der Gegend, was es zu einer fesselnden Lernerfahrung f\u00fcr Touristen und Anwohner gleicherma\u00dfen macht. Egal, ob Sie alleine, zu zweit, als Familie oder mit einer Gruppe von Freunden spielen \u2013 dieses Stadtspiel in Scheveningen bietet eine unterhaltsame M\u00f6glichkeit, die Stadt zu entdecken.<\/p>\n","protected":false},"excerpt":{"rendered":"<p>Tauchen Sie ein in Scheveningens Meer und Pracht! Tauchen Sie ein in eine Stadt, in der maritimes Erbe mit modernen Surfer-Vibes verschmilzt, ein urbanes Juwel, wo alte Fischergeschichten mit dem Nervenkitzel zeitgen\u00f6ssischer Wassersportarten verwoben sind. Entschl\u00fcsseln Sie die Geheimnisse, w\u00e4hrend Sie auf seinen lebhaften Geist treffen \u2013 Scheveningen ist immer voller unerwarteter Reize!<\/p>\n","protected":false},"featured_media":18894,"template":"","meta":{"_acf_changed":false,"_yoast_wpseo_focuskw":"Secrets of Scheveningen","_yoast_wpseo_metadesc":"Secrets of Scheveningen. Spielen Sie ein selbstgef\u00fchrtes Stadtspiel und erkunden Sie die Stadt durch R\u00e4tsel, Knobelaufgaben und Herausforderungen. Spielen Sie in Ihrem eigenen Tempo und entdecken Sie wie ein Einheimischer!","_kad_blocks_custom_css":"","_kad_blocks_head_custom_js":"","_kad_blocks_body_custom_js":"","_kad_blocks_footer_custom_js":"","ghostkit_customizer_options":"","ghostkit_custom_css":"","ghostkit_custom_js_head":"","ghostkit_custom_js_foot":"","ghostkit_typography":"","_kad_post_transparent":"","_kad_post_title":"","_kad_post_layout":"","_kad_post_sidebar_id":"","_kad_post_content_style":"","_kad_post_vertical_padding":"","_kad_post_feature":"","_kad_post_feature_position":"","_kad_post_header":false,"_kad_post_footer":false,"_kad_post_classname":"","_links_to":"","_links_to_target":""},"game-concept":[709],"location":[362],"product_brand":[],"product_cat":[664],"product_tag":[],"class_list":{"0":"post-66687","1":"product","2":"type-product","3":"status-publish","4":"has-post-thumbnail","6":"game-concept-secrets","7":"location-scheveningen","8":"product_cat-unkategorisiert","10":"first","11":"instock","12":"shipping-taxable","13":"purchasable","14":"product-type-simple","15":"entry","16":"content-bg","17":"loop-entry"},"acf":{"full_bokun_product_name":"Self-Guided Secrets of Scheveningen Exploration Game","location_name":"Scheveningen","bokun_calendar_widget_code":"<script type=\"text\/javascript\" src=\"https:\/\/widgets.bokun.io\/assets\/javascripts\/apps\/build\/BokunWidgetsLoader.js?bookingChannelUUID=a1e93e96-5232-4734-a595-28405f4b5a31\" async><\/script>\n     \n    <div class=\"bokunWidget\" data-src=\"https:\/\/widgets.bokun.io\/online-sales\/a1e93e96-5232-4734-a595-28405f4b5a31\/experience-calendar\/887818\"><\/div>\n    <noscript>Please enable javascript in your browser to book<\/noscript>","bokun_button_widget_code":"<script type=\"text\/javascript\" src=\"https:\/\/widgets.bokun.io\/assets\/javascripts\/apps\/build\/BokunWidgetsLoader.js?bookingChannelUUID=a1e93e96-5232-4734-a595-28405f4b5a31\" async><\/script>\n      <style> #bokun_ed001e45_5927_4f62_b470_ca766338d083 { display: inline-block; padding: .4em 1em; background: #47b82e; border-radius: 999999px; box-shadow: none; font-weight: 600; font-size: 24px; text-decoration: none; text-align: center; color: #FFFFFF; border:none; cursor: pointer; transition: background .2s ease; } #bokun_ed001e45_5927_4f62_b470_ca766338d083:hover{ background: #2f7b1f; } #bokun_ed001e45_5927_4f62_b470_ca766338d083:active{ background: #378f24; } <\/style> <button class=\"bokunButton\" disabled id=bokun_ed001e45_5927_4f62_b470_ca766338d083 data-src=\"https:\/\/widgets.bokun.io\/online-sales\/a1e93e96-5232-4734-a595-28405f4b5a31\/experience-calendar\/887818?partialView=1\" data-testid=\"widget-book-button\" > Book now <\/button> ","what_you\u2019ll_experience_during_the_game":"In unserem fesselnden 'Secrets of Scheveningen' Stadtspiel tauchen Sie in das Herz dieses K\u00fcstenvororts ein und enth\u00fcllen seine Geschichten und Vergangenheit, w\u00e4hrend Sie erkunden. Dieses interaktive Stadtspiel verbindet auf wundersch\u00f6ne Weise Sightseeing mit einer immersiven Erz\u00e4hlung und anregenden Herausforderungen, die Ihnen einzigartige Einblicke in Scheveningens ikonische Wahrzeichen sowie seine weniger bekannten Juwelen bieten. W\u00e4hrend Sie durch die Gegend streifen, lernen Sie den unverwechselbaren Beach Pavilion, die lebhafte Palace Promenade und den bezaubernden Scheveningen Harbor kennen \u2013 jeder Ort enth\u00fcllt ein anderes St\u00fcck des faszinierenden Puzzles der Gegend.\n\nIm Rahmen des Spiels sind Sie eingeladen, Ihre F\u00e4higkeiten zum kritischen Denken einzusetzen und dabei eine Vielzahl von R\u00e4tseln, Fragen und Foto-Herausforderungen zu l\u00f6sen. Jede erfolgreich abgeschlossene Aufgabe bringt Ihnen Punkte ein, schaltet Hinweise frei und bringt Sie einen Schritt n\u00e4her an die L\u00f6sung des finalen Geheimnisses dieses Erkundungsspiels. Denken Sie daran, Sie halten in diesem Spiel die Z\u00fcgel der Zeit in der Hand, mit der Flexibilit\u00e4t, jederzeit zu pausieren und fortzufahren. Wer einen Wettbewerbsgeist besitzt, wird den zus\u00e4tzlichen Nervenkitzel zu sch\u00e4tzen wissen, eine Spitzenposition auf der Rangliste anzustreben, w\u00e4hrend er durch Scheveningen reist. Unabh\u00e4ngig davon, ob Sie ein erfahrener R\u00e4tselknacker oder ein neugieriger Tourist sind, das 'Secrets of Scheveningen' Stadtspiel verspricht ein unvergessliches Abenteuer in dieser charmanten Ecke der Stadt.","how_to_play":"Buchen Sie das Erkundungsspiel, \u00fcberpr\u00fcfen Sie die E-Mail, die wir Ihnen mit den einfachen Anweisungen senden, laden Sie die Loquiz App herunter, greifen Sie auf das Erkundungsspiel zu und schon k\u00f6nnen Sie Ihr Spielerlebnis beginnen!","start_location":" Scheveningen, Pellenaerstraat","available_languages":["en"],"players_per_group":"1-4","duration":"1.5-2 hours","image_overlay_color_image":"https:\/\/testwebsite.citygame.com\/wp-content\/blogs.dir\/1\/files\/sites\/62\/2026\/01\/SecretsColor.svg","image_overlay_game_logo":"https:\/\/testwebsite.citygame.com\/wp-content\/blogs.dir\/1\/files\/sites\/62\/2026\/01\/SecretsLogo.png","city_page":15863,"woocommerce_general_content":null},"yoast_head":"<!-- This site is optimized with the Yoast SEO Premium plugin v26.2 (Yoast SEO v26.3) - https:\/\/yoast.com\/wordpress\/plugins\/seo\/ -->\n<title>Secrets of Scheveningen - City Game<\/title>\n<meta name=\"description\" content=\"Secrets of Scheveningen. Spielen Sie ein selbstgef\u00fchrtes Stadtspiel und erkunden Sie die Stadt durch R\u00e4tsel, Knobelaufgaben und Herausforderungen. Spielen Sie in Ihrem eigenen Tempo und entdecken Sie wie ein Einheimischer!\" \/>\n<meta name=\"robots\" content=\"noindex, follow, max-snippet:-1, max-image-preview:large, max-video-preview:-1\" \/>\n<meta property=\"og:locale\" content=\"de_DE\" \/>\n<meta property=\"og:type\" content=\"article\" \/>\n<meta property=\"og:title\" content=\"Secrets of Scheveningen\" \/>\n<meta property=\"og:description\" content=\"Secrets of Scheveningen. Spielen Sie ein selbstgef\u00fchrtes Stadtspiel und erkunden Sie die Stadt durch R\u00e4tsel, Knobelaufgaben und Herausforderungen. Spielen Sie in Ihrem eigenen Tempo und entdecken Sie wie ein Einheimischer!\" \/>\n<meta property=\"og:url\" content=\"https:\/\/testwebsite.citygame.com\/de\/games\/scheveningen\/secrets-of-scheveningen\/\" \/>\n<meta property=\"og:site_name\" content=\"City Game\" \/>\n<meta property=\"article:publisher\" content=\"https:\/\/www.facebook.com\/profile.php?id=100086426226253\" \/>\n<meta property=\"article:modified_time\" content=\"2026-04-08T22:21:22+00:00\" \/>\n<meta property=\"og:image\" content=\"https:\/\/testwebsite.citygame.com\/wp-content\/blogs.dir\/1\/files\/sites\/62\/2026\/03\/group-of-friends-playing-city-game-scheveningen-boulevard.jpg\" \/>\n\t<meta property=\"og:image:width\" content=\"1024\" \/>\n\t<meta property=\"og:image:height\" content=\"1024\" \/>\n\t<meta property=\"og:image:type\" content=\"image\/jpeg\" \/>\n<meta name=\"twitter:card\" content=\"summary_large_image\" \/>\n<meta name=\"twitter:label1\" content=\"Gesch\u00e4tzte Lesezeit\" \/>\n\t<meta name=\"twitter:data1\" content=\"1\u00a0Minute\" \/>\n<script type=\"application\/ld+json\" class=\"yoast-schema-graph\">{\"@context\":\"https:\/\/schema.org\",\"@graph\":[{\"@type\":\"WebPage\",\"@id\":\"https:\/\/testwebsite.citygame.com\/de\/games\/scheveningen\/secrets-of-scheveningen\/\",\"url\":\"https:\/\/testwebsite.citygame.com\/de\/games\/scheveningen\/secrets-of-scheveningen\/\",\"name\":\"Secrets of Scheveningen - City Game\",\"isPartOf\":{\"@id\":\"https:\/\/testwebsite.upevents.nl\/#website\"},\"primaryImageOfPage\":{\"@id\":\"https:\/\/testwebsite.citygame.com\/de\/games\/scheveningen\/secrets-of-scheveningen\/#primaryimage\"},\"image\":{\"@id\":\"https:\/\/testwebsite.citygame.com\/de\/games\/scheveningen\/secrets-of-scheveningen\/#primaryimage\"},\"thumbnailUrl\":\"https:\/\/testwebsite.citygame.com\/wp-content\/blogs.dir\/1\/files\/sites\/62\/2026\/03\/group-of-friends-playing-city-game-scheveningen-boulevard.jpg\",\"datePublished\":\"2026-03-13T19:45:32+00:00\",\"dateModified\":\"2026-04-08T22:21:22+00:00\",\"description\":\"Secrets of Scheveningen. Spielen Sie ein selbstgef\u00fchrtes Stadtspiel und erkunden Sie die Stadt durch R\u00e4tsel, Knobelaufgaben und Herausforderungen. Spielen Sie in Ihrem eigenen Tempo und entdecken Sie wie ein Einheimischer!\",\"breadcrumb\":{\"@id\":\"https:\/\/testwebsite.citygame.com\/de\/games\/scheveningen\/secrets-of-scheveningen\/#breadcrumb\"},\"inLanguage\":\"de\",\"potentialAction\":[{\"@type\":\"ReadAction\",\"target\":[\"https:\/\/testwebsite.citygame.com\/de\/games\/scheveningen\/secrets-of-scheveningen\/\"]}]},{\"@type\":\"ImageObject\",\"inLanguage\":\"de\",\"@id\":\"https:\/\/testwebsite.citygame.com\/de\/games\/scheveningen\/secrets-of-scheveningen\/#primaryimage\",\"url\":\"https:\/\/testwebsite.citygame.com\/wp-content\/blogs.dir\/1\/files\/sites\/62\/2026\/03\/group-of-friends-playing-city-game-scheveningen-boulevard.jpg\",\"contentUrl\":\"https:\/\/testwebsite.citygame.com\/wp-content\/blogs.dir\/1\/files\/sites\/62\/2026\/03\/group-of-friends-playing-city-game-scheveningen-boulevard.jpg\",\"width\":1024,\"height\":1024,\"caption\":\"A group of friends collaborates while looking at a smartphone screen during an outdoor game.\"},{\"@type\":\"BreadcrumbList\",\"@id\":\"https:\/\/testwebsite.citygame.com\/de\/games\/scheveningen\/secrets-of-scheveningen\/#breadcrumb\",\"itemListElement\":[{\"@type\":\"ListItem\",\"position\":1,\"name\":\"Home\",\"item\":\"https:\/\/testwebsite.citygame.com\/de\/\"},{\"@type\":\"ListItem\",\"position\":2,\"name\":\"Shop\",\"item\":\"https:\/\/testwebsite.citygame.com\/shop\/\"},{\"@type\":\"ListItem\",\"position\":3,\"name\":\"Secrets of Scheveningen\"}]},{\"@type\":\"WebSite\",\"@id\":\"https:\/\/testwebsite.upevents.nl\/#website\",\"url\":\"https:\/\/testwebsite.upevents.nl\/\",\"name\":\"City Game\",\"description\":\"\",\"publisher\":{\"@id\":\"https:\/\/testwebsite.upevents.nl\/#organization\"},\"alternateName\":\"citygame.com\",\"potentialAction\":[{\"@type\":\"SearchAction\",\"target\":{\"@type\":\"EntryPoint\",\"urlTemplate\":\"https:\/\/testwebsite.upevents.nl\/?s={search_term_string}\"},\"query-input\":{\"@type\":\"PropertyValueSpecification\",\"valueRequired\":true,\"valueName\":\"search_term_string\"}}],\"inLanguage\":\"de\"},{\"@type\":[\"Organization\",\"Place\"],\"@id\":\"https:\/\/testwebsite.upevents.nl\/#organization\",\"name\":\"City Game\",\"alternateName\":\"citygame.com\",\"url\":\"https:\/\/testwebsite.upevents.nl\/\",\"logo\":{\"@id\":\"https:\/\/testwebsite.citygame.com\/de\/games\/scheveningen\/secrets-of-scheveningen\/#local-main-organization-logo\"},\"image\":{\"@id\":\"https:\/\/testwebsite.citygame.com\/de\/games\/scheveningen\/secrets-of-scheveningen\/#local-main-organization-logo\"},\"sameAs\":[\"https:\/\/www.facebook.com\/profile.php?id=100086426226253\",\"https:\/\/www.instagram.com\/citygame_com\",\"https:\/\/www.tiktok.com\/@citygamecom\/\",\"https:\/\/www.linkedin.com\/company\/citygame-com\"],\"description\":\"Turn any city into a playground with our interactive City Games and self-guided tours. Fun, flexible, and ideal for groups and team building.\",\"telephone\":[],\"openingHoursSpecification\":[{\"@type\":\"OpeningHoursSpecification\",\"dayOfWeek\":[\"Monday\",\"Tuesday\",\"Wednesday\",\"Thursday\",\"Friday\",\"Saturday\",\"Sunday\"],\"opens\":\"09:00\",\"closes\":\"17:00\"}]},{\"@type\":\"ImageObject\",\"inLanguage\":\"de\",\"@id\":\"https:\/\/testwebsite.citygame.com\/de\/games\/scheveningen\/secrets-of-scheveningen\/#local-main-organization-logo\",\"url\":\"https:\/\/testwebsite.citygame.com\/wp-content\/blogs.dir\/1\/files\/sites\/62\/2025\/10\/CG_LOGO-City-Game.png\",\"contentUrl\":\"https:\/\/testwebsite.citygame.com\/wp-content\/blogs.dir\/1\/files\/sites\/62\/2025\/10\/CG_LOGO-City-Game.png\",\"width\":351,\"height\":377,\"caption\":\"City Game\"}]}<\/script>\n<!-- \/ Yoast SEO Premium plugin. -->","yoast_head_json":{"title":"Secrets of Scheveningen - City Game","description":"Secrets of Scheveningen. Spielen Sie ein selbstgef\u00fchrtes Stadtspiel und erkunden Sie die Stadt durch R\u00e4tsel, Knobelaufgaben und Herausforderungen. Spielen Sie in Ihrem eigenen Tempo und entdecken Sie wie ein Einheimischer!","robots":{"index":"noindex","follow":"follow","max-snippet":"max-snippet:-1","max-image-preview":"max-image-preview:large","max-video-preview":"max-video-preview:-1"},"og_locale":"de_DE","og_type":"article","og_title":"Secrets of Scheveningen","og_description":"Secrets of Scheveningen. Spielen Sie ein selbstgef\u00fchrtes Stadtspiel und erkunden Sie die Stadt durch R\u00e4tsel, Knobelaufgaben und Herausforderungen. Spielen Sie in Ihrem eigenen Tempo und entdecken Sie wie ein Einheimischer!","og_url":"https:\/\/testwebsite.citygame.com\/de\/games\/scheveningen\/secrets-of-scheveningen\/","og_site_name":"City Game","article_publisher":"https:\/\/www.facebook.com\/profile.php?id=100086426226253","article_modified_time":"2026-04-08T22:21:22+00:00","og_image":[{"width":1024,"height":1024,"url":"https:\/\/testwebsite.citygame.com\/wp-content\/blogs.dir\/1\/files\/sites\/62\/2026\/03\/group-of-friends-playing-city-game-scheveningen-boulevard.jpg","type":"image\/jpeg"}],"twitter_card":"summary_large_image","twitter_misc":{"Gesch\u00e4tzte Lesezeit":"1\u00a0Minute"},"schema":{"@context":"https:\/\/schema.org","@graph":[{"@type":"WebPage","@id":"https:\/\/testwebsite.citygame.com\/de\/games\/scheveningen\/secrets-of-scheveningen\/","url":"https:\/\/testwebsite.citygame.com\/de\/games\/scheveningen\/secrets-of-scheveningen\/","name":"Secrets of Scheveningen - City Game","isPartOf":{"@id":"https:\/\/testwebsite.upevents.nl\/#website"},"primaryImageOfPage":{"@id":"https:\/\/testwebsite.citygame.com\/de\/games\/scheveningen\/secrets-of-scheveningen\/#primaryimage"},"image":{"@id":"https:\/\/testwebsite.citygame.com\/de\/games\/scheveningen\/secrets-of-scheveningen\/#primaryimage"},"thumbnailUrl":"https:\/\/testwebsite.citygame.com\/wp-content\/blogs.dir\/1\/files\/sites\/62\/2026\/03\/group-of-friends-playing-city-game-scheveningen-boulevard.jpg","datePublished":"2026-03-13T19:45:32+00:00","dateModified":"2026-04-08T22:21:22+00:00","description":"Secrets of Scheveningen. Spielen Sie ein selbstgef\u00fchrtes Stadtspiel und erkunden Sie die Stadt durch R\u00e4tsel, Knobelaufgaben und Herausforderungen. Spielen Sie in Ihrem eigenen Tempo und entdecken Sie wie ein Einheimischer!","breadcrumb":{"@id":"https:\/\/testwebsite.citygame.com\/de\/games\/scheveningen\/secrets-of-scheveningen\/#breadcrumb"},"inLanguage":"de","potentialAction":[{"@type":"ReadAction","target":["https:\/\/testwebsite.citygame.com\/de\/games\/scheveningen\/secrets-of-scheveningen\/"]}]},{"@type":"ImageObject","inLanguage":"de","@id":"https:\/\/testwebsite.citygame.com\/de\/games\/scheveningen\/secrets-of-scheveningen\/#primaryimage","url":"https:\/\/testwebsite.citygame.com\/wp-content\/blogs.dir\/1\/files\/sites\/62\/2026\/03\/group-of-friends-playing-city-game-scheveningen-boulevard.jpg","contentUrl":"https:\/\/testwebsite.citygame.com\/wp-content\/blogs.dir\/1\/files\/sites\/62\/2026\/03\/group-of-friends-playing-city-game-scheveningen-boulevard.jpg","width":1024,"height":1024,"caption":"A group of friends collaborates while looking at a smartphone screen during an outdoor game."},{"@type":"BreadcrumbList","@id":"https:\/\/testwebsite.citygame.com\/de\/games\/scheveningen\/secrets-of-scheveningen\/#breadcrumb","itemListElement":[{"@type":"ListItem","position":1,"name":"Home","item":"https:\/\/testwebsite.citygame.com\/de\/"},{"@type":"ListItem","position":2,"name":"Shop","item":"https:\/\/testwebsite.citygame.com\/shop\/"},{"@type":"ListItem","position":3,"name":"Secrets of Scheveningen"}]},{"@type":"WebSite","@id":"https:\/\/testwebsite.upevents.nl\/#website","url":"https:\/\/testwebsite.upevents.nl\/","name":"City Game","description":"","publisher":{"@id":"https:\/\/testwebsite.upevents.nl\/#organization"},"alternateName":"citygame.com","potentialAction":[{"@type":"SearchAction","target":{"@type":"EntryPoint","urlTemplate":"https:\/\/testwebsite.upevents.nl\/?s={search_term_string}"},"query-input":{"@type":"PropertyValueSpecification","valueRequired":true,"valueName":"search_term_string"}}],"inLanguage":"de"},{"@type":["Organization","Place"],"@id":"https:\/\/testwebsite.upevents.nl\/#organization","name":"City Game","alternateName":"citygame.com","url":"https:\/\/testwebsite.upevents.nl\/","logo":{"@id":"https:\/\/testwebsite.citygame.com\/de\/games\/scheveningen\/secrets-of-scheveningen\/#local-main-organization-logo"},"image":{"@id":"https:\/\/testwebsite.citygame.com\/de\/games\/scheveningen\/secrets-of-scheveningen\/#local-main-organization-logo"},"sameAs":["https:\/\/www.facebook.com\/profile.php?id=100086426226253","https:\/\/www.instagram.com\/citygame_com","https:\/\/www.tiktok.com\/@citygamecom\/","https:\/\/www.linkedin.com\/company\/citygame-com"],"description":"Turn any city into a playground with our interactive City Games and self-guided tours. Fun, flexible, and ideal for groups and team building.","telephone":[],"openingHoursSpecification":[{"@type":"OpeningHoursSpecification","dayOfWeek":["Monday","Tuesday","Wednesday","Thursday","Friday","Saturday","Sunday"],"opens":"09:00","closes":"17:00"}]},{"@type":"ImageObject","inLanguage":"de","@id":"https:\/\/testwebsite.citygame.com\/de\/games\/scheveningen\/secrets-of-scheveningen\/#local-main-organization-logo","url":"https:\/\/testwebsite.citygame.com\/wp-content\/blogs.dir\/1\/files\/sites\/62\/2025\/10\/CG_LOGO-City-Game.png","contentUrl":"https:\/\/testwebsite.citygame.com\/wp-content\/blogs.dir\/1\/files\/sites\/62\/2025\/10\/CG_LOGO-City-Game.png","width":351,"height":377,"caption":"City Game"}]}},"taxonomy_info":{"game-concept":[{"value":709,"label":"Secrets"}],"location":[{"value":362,"label":"Scheveningen"}],"product_cat":[{"value":664,"label":"Unkategorisiert"}]},"featured_image_src_large":["https:\/\/testwebsite.citygame.com\/wp-content\/blogs.dir\/1\/files\/sites\/62\/2026\/03\/group-of-friends-playing-city-game-scheveningen-boulevard.jpg",1024,1024,false],"author_info":[],"comment_info":"","_links":{"self":[{"href":"https:\/\/testwebsite.citygame.com\/de\/wp-json\/wp\/v2\/product\/66687","targetHints":{"allow":["GET"]}}],"collection":[{"href":"https:\/\/testwebsite.citygame.com\/de\/wp-json\/wp\/v2\/product"}],"about":[{"href":"https:\/\/testwebsite.citygame.com\/de\/wp-json\/wp\/v2\/types\/product"}],"acf:post":[{"embeddable":true,"href":"https:\/\/testwebsite.citygame.com\/de\/wp-json\/wp\/v2\/pages\/15863"}],"wp:featuredmedia":[{"embeddable":true,"href":"https:\/\/testwebsite.citygame.com\/de\/wp-json\/wp\/v2\/media\/18894"}],"wp:attachment":[{"href":"https:\/\/testwebsite.citygame.com\/de\/wp-json\/wp\/v2\/media?parent=66687"}],"wp:term":[{"taxonomy":"game-concept","embeddable":true,"href":"https:\/\/testwebsite.citygame.com\/de\/wp-json\/wp\/v2\/game-concept?post=66687"},{"taxonomy":"location","embeddable":true,"href":"https:\/\/testwebsite.citygame.com\/de\/wp-json\/wp\/v2\/location?post=66687"},{"taxonomy":"product_brand","embeddable":true,"href":"https:\/\/testwebsite.citygame.com\/de\/wp-json\/wp\/v2\/product_brand?post=66687"},{"taxonomy":"product_cat","embeddable":true,"href":"https:\/\/testwebsite.citygame.com\/de\/wp-json\/wp\/v2\/product_cat?post=66687"},{"taxonomy":"product_tag","embeddable":true,"href":"https:\/\/testwebsite.citygame.com\/de\/wp-json\/wp\/v2\/product_tag?post=66687"}],"curies":[{"name":"wp","href":"https:\/\/api.w.org\/{rel}","templated":true}]}}