{"id":65825,"date":"2026-02-06T14:43:20","date_gmt":"2026-02-06T14:43:20","guid":{"rendered":"https:\/\/testwebsite.citygame.com\/games\/unknown-location\/sherlock-holmes-bonn\/"},"modified":"2026-04-08T16:47:56","modified_gmt":"2026-04-08T16:47:56","slug":"sherlock-holmes-bonn","status":"publish","type":"product","link":"https:\/\/testwebsite.citygame.com\/de\/games\/bonn\/sherlock-holmes-bonn\/","title":{"rendered":"Sherlock Holmes Bonn"},"content":{"rendered":"<p>Tauchen Sie ein in die Welt von Sherlock Holmes mit diesem selbstgef\u00fchrten, geschichtenbasierten Krimi-City-Game, das im historischen Stadtzentrum von Bonn spielt. W\u00e4hrend das Liberty Festival durch einen schockierenden Mord ins Chaos gest\u00fcrzt wird, \u00fcbernehmen Sie die Rolle des Detektivs, navigieren durch verwinkelte Gassen und entfalten Hinweise, um die Wahrheit aufzudecken. Bewegen Sie sich in Ihrem eigenen Tempo durch Bonn, verh\u00f6ren Sie digitale Verd\u00e4chtige, l\u00f6sen Sie knifflige R\u00e4tsel und sammeln Sie entscheidende Beweise in einer immersiven Untersuchung, die die Stadt zu Ihrem Tatort werden l\u00e4sst.<\/p>\n","protected":false},"excerpt":{"rendered":"<p>Schl\u00fcpfen Sie in die Rolle des legend\u00e4ren Sherlock Holmes in einem selbstgef\u00fchrten Kriminalfall in Bonn. W\u00e4hrend Sie und Ihr Team kniffligen Hinweisen folgen und r\u00e4tselhafte Geheimnisse l\u00fcften, decken Sie die schockierende Wahrheit auf, bevor es zu sp\u00e4t ist!<\/p>\n","protected":false},"featured_media":11376,"template":"","meta":{"_acf_changed":false,"_yoast_wpseo_focuskw":"Sherlock Holmes Bonn","_yoast_wpseo_metadesc":"Sherlock Holmes Bonn. Spielen Sie ein selbstgef\u00fchrtes Krimi-City-Game, l\u00f6sen Sie R\u00e4tsel, folgen Sie Hinweisen und decken Sie den M\u00f6rder in Ihrem eigenen Tempo auf!","_kad_blocks_custom_css":"","_kad_blocks_head_custom_js":"","_kad_blocks_body_custom_js":"","_kad_blocks_footer_custom_js":"","ghostkit_customizer_options":"","ghostkit_custom_css":"","ghostkit_custom_js_head":"","ghostkit_custom_js_foot":"","ghostkit_typography":"","_kad_post_transparent":"","_kad_post_title":"","_kad_post_layout":"","_kad_post_sidebar_id":"","_kad_post_content_style":"","_kad_post_vertical_padding":"","_kad_post_feature":"","_kad_post_feature_position":"","_kad_post_header":false,"_kad_post_footer":false,"_kad_post_classname":"","_links_to":"","_links_to_target":""},"game-concept":[770],"location":[95],"product_brand":[],"product_cat":[664],"product_tag":[],"class_list":{"0":"post-65825","1":"product","2":"type-product","3":"status-publish","4":"has-post-thumbnail","6":"game-concept-sherlock","7":"location-bonn","8":"product_cat-unkategorisiert","10":"first","11":"instock","12":"shipping-taxable","13":"purchasable","14":"product-type-simple","15":"entry","16":"content-bg","17":"loop-entry"},"acf":{"full_bokun_product_name":"Bonn Self-Guided Sherlock Holmes Murder Mystery Game","location_name":"Bonn","bokun_calendar_widget_code":"<script type=\"text\/javascript\" src=\"https:\/\/widgets.bokun.io\/assets\/javascripts\/apps\/build\/BokunWidgetsLoader.js?bookingChannelUUID=a1e93e96-5232-4734-a595-28405f4b5a31\" async><\/script>\n     \n    <div class=\"bokunWidget\" data-src=\"https:\/\/widgets.bokun.io\/online-sales\/a1e93e96-5232-4734-a595-28405f4b5a31\/experience-calendar\/760700\"><\/div>\n    <noscript>Please enable javascript in your browser to book<\/noscript>","bokun_button_widget_code":"<script type=\"text\/javascript\" src=\"https:\/\/widgets.bokun.io\/assets\/javascripts\/apps\/build\/BokunWidgetsLoader.js?bookingChannelUUID=a1e93e96-5232-4734-a595-28405f4b5a31\" async><\/script>\n      <style> #bokun_ed001e45_5927_4f62_b470_ca766338d083 { display: inline-block; padding: .4em 1em; background: #47b82e; border-radius: 999999px; box-shadow: none; font-weight: 600; font-size: 24px; text-decoration: none; text-align: center; color: #FFFFFF; border:none; cursor: pointer; transition: background .2s ease; } #bokun_ed001e45_5927_4f62_b470_ca766338d083:hover{ background: #2f7b1f; } #bokun_ed001e45_5927_4f62_b470_ca766338d083:active{ background: #378f24; } <\/style> <button class=\"bokunButton\" disabled id=bokun_ed001e45_5927_4f62_b470_ca766338d083 data-src=\"https:\/\/widgets.bokun.io\/online-sales\/a1e93e96-5232-4734-a595-28405f4b5a31\/experience-calendar\/760700?partialView=1\" data-testid=\"widget-book-button\" > Book now <\/button> ","what_you\u2019ll_experience_during_the_game":"Im Sherlock Holmes City Game in Bonn tauchen Sie in eine fesselnde Detektivgeschichte ein, die sich durch das Herz der Stadt zieht. W\u00e4hrend sich das Geheimnis entfaltet, navigieren Sie durch Bonns Stra\u00dfen auf der Suche nach versteckten Hinweisen und clever gestalteten R\u00e4tseln, die Sie der Aufkl\u00e4rung dessen, was w\u00e4hrend des Chaos des Liberty Festivals geschah, immer n\u00e4herbringen. Unerwartete Wendungen lassen Sie Ihre Annahmen hinterfragen, und jeder neue Hinweis fordert Ihre Instinkte als Detektiv heraus.\n\nSie werden digitale Verd\u00e4chtige verh\u00f6ren, Alibis pr\u00fcfen und Widerspr\u00fcche aufdecken, um Ihren Fall aufzubauen. Mit jeder Schlussfolgerung kommen Sie der Wahrheit n\u00e4her \u2013 obwohl die vollst\u00e4ndige Geschichte bis zu den letzten Momenten unerreichbar bleibt. Beobachtung, logisches Denken und kritisches Denken sind entscheidend, um die vielschichtigen Beweise zu verstehen. Das Erlebnis ist komplett geschichtenbasiert und kann in Ihrem eigenen Tempo gespielt werden, was Ihnen die Freiheit gibt, jederzeit zu pausieren und fortzufahren. Wenn Sie in einem Team sind, k\u00f6nnen Sie sogar darum wetteifern, den Fall als Erster zu l\u00f6sen, was Ihrer Untersuchung eine zus\u00e4tzliche Ebene der Spannung verleiht.","how_to_play":"Spielen Sie alleine oder mit Freunden, Familie oder Kollegen in Teams von bis zu vier Personen pro Ger\u00e4t. Nach der Buchung erhalten Sie eine E-Mail mit allen notwendigen Anweisungen.","start_location":"Bonn, M\u00fcnsterplatz","available_languages":["en","fr","de","es","nl","it"],"players_per_group":"1-4","duration":"1.5-2 hours","image_overlay_color_image":"https:\/\/testwebsite.citygame.com\/wp-content\/blogs.dir\/1\/files\/sites\/62\/2026\/01\/SherlockColor.svg","image_overlay_game_logo":"https:\/\/testwebsite.citygame.com\/wp-content\/blogs.dir\/1\/files\/sites\/62\/2026\/01\/SherlockLogo.png","city_page":4854,"woocommerce_general_content":null},"yoast_head":"<!-- This site is optimized with the Yoast SEO Premium plugin v26.2 (Yoast SEO v26.3) - https:\/\/yoast.com\/wordpress\/plugins\/seo\/ -->\n<title>Sherlock Holmes Bonn - City Game<\/title>\n<meta name=\"description\" content=\"Sherlock Holmes Bonn. Spielen Sie ein selbstgef\u00fchrtes Krimi-City-Game, l\u00f6sen Sie R\u00e4tsel, folgen Sie Hinweisen und decken Sie den M\u00f6rder in Ihrem eigenen Tempo auf!\" \/>\n<meta name=\"robots\" content=\"noindex, follow, max-snippet:-1, max-image-preview:large, max-video-preview:-1\" \/>\n<meta property=\"og:locale\" content=\"de_DE\" \/>\n<meta property=\"og:type\" content=\"article\" \/>\n<meta property=\"og:title\" content=\"Sherlock Holmes Bonn\" \/>\n<meta property=\"og:description\" content=\"Sherlock Holmes Bonn. Spielen Sie ein selbstgef\u00fchrtes Krimi-City-Game, l\u00f6sen Sie R\u00e4tsel, folgen Sie Hinweisen und decken Sie den M\u00f6rder in Ihrem eigenen Tempo auf!\" \/>\n<meta property=\"og:url\" content=\"https:\/\/testwebsite.citygame.com\/de\/games\/bonn\/sherlock-holmes-bonn\/\" \/>\n<meta property=\"og:site_name\" content=\"City Game\" \/>\n<meta property=\"article:publisher\" content=\"https:\/\/www.facebook.com\/profile.php?id=100086426226253\" \/>\n<meta property=\"article:modified_time\" content=\"2026-04-08T16:47:56+00:00\" \/>\n<meta property=\"og:image\" content=\"https:\/\/testwebsite.citygame.com\/wp-content\/blogs.dir\/1\/files\/sites\/62\/2026\/02\/woman-playing-sherlock-city-game-bonn-germany.jpg\" \/>\n\t<meta property=\"og:image:width\" content=\"1344\" \/>\n\t<meta property=\"og:image:height\" content=\"768\" \/>\n\t<meta property=\"og:image:type\" content=\"image\/jpeg\" \/>\n<meta name=\"twitter:card\" content=\"summary_large_image\" \/>\n<script type=\"application\/ld+json\" class=\"yoast-schema-graph\">{\"@context\":\"https:\/\/schema.org\",\"@graph\":[{\"@type\":\"WebPage\",\"@id\":\"https:\/\/testwebsite.citygame.com\/de\/games\/bonn\/sherlock-holmes-bonn\/\",\"url\":\"https:\/\/testwebsite.citygame.com\/de\/games\/bonn\/sherlock-holmes-bonn\/\",\"name\":\"Sherlock Holmes Bonn - City Game\",\"isPartOf\":{\"@id\":\"https:\/\/testwebsite.upevents.nl\/#website\"},\"primaryImageOfPage\":{\"@id\":\"https:\/\/testwebsite.citygame.com\/de\/games\/bonn\/sherlock-holmes-bonn\/#primaryimage\"},\"image\":{\"@id\":\"https:\/\/testwebsite.citygame.com\/de\/games\/bonn\/sherlock-holmes-bonn\/#primaryimage\"},\"thumbnailUrl\":\"https:\/\/testwebsite.citygame.com\/wp-content\/blogs.dir\/1\/files\/sites\/62\/2026\/02\/woman-playing-sherlock-city-game-bonn-germany.jpg\",\"datePublished\":\"2026-02-06T14:43:20+00:00\",\"dateModified\":\"2026-04-08T16:47:56+00:00\",\"description\":\"Sherlock Holmes Bonn. Spielen Sie ein selbstgef\u00fchrtes Krimi-City-Game, l\u00f6sen Sie R\u00e4tsel, folgen Sie Hinweisen und decken Sie den M\u00f6rder in Ihrem eigenen Tempo auf!\",\"breadcrumb\":{\"@id\":\"https:\/\/testwebsite.citygame.com\/de\/games\/bonn\/sherlock-holmes-bonn\/#breadcrumb\"},\"inLanguage\":\"de\",\"potentialAction\":[{\"@type\":\"ReadAction\",\"target\":[\"https:\/\/testwebsite.citygame.com\/de\/games\/bonn\/sherlock-holmes-bonn\/\"]}]},{\"@type\":\"ImageObject\",\"inLanguage\":\"de\",\"@id\":\"https:\/\/testwebsite.citygame.com\/de\/games\/bonn\/sherlock-holmes-bonn\/#primaryimage\",\"url\":\"https:\/\/testwebsite.citygame.com\/wp-content\/blogs.dir\/1\/files\/sites\/62\/2026\/02\/woman-playing-sherlock-city-game-bonn-germany.jpg\",\"contentUrl\":\"https:\/\/testwebsite.citygame.com\/wp-content\/blogs.dir\/1\/files\/sites\/62\/2026\/02\/woman-playing-sherlock-city-game-bonn-germany.jpg\",\"width\":1344,\"height\":768,\"caption\":\"A player explores a narrow, historic street in Bonn while playing a City Game on her phone.\"},{\"@type\":\"BreadcrumbList\",\"@id\":\"https:\/\/testwebsite.citygame.com\/de\/games\/bonn\/sherlock-holmes-bonn\/#breadcrumb\",\"itemListElement\":[{\"@type\":\"ListItem\",\"position\":1,\"name\":\"Home\",\"item\":\"https:\/\/testwebsite.citygame.com\/de\/\"},{\"@type\":\"ListItem\",\"position\":2,\"name\":\"Shop\",\"item\":\"https:\/\/testwebsite.citygame.com\/shop\/\"},{\"@type\":\"ListItem\",\"position\":3,\"name\":\"Sherlock Holmes Bonn\"}]},{\"@type\":\"WebSite\",\"@id\":\"https:\/\/testwebsite.upevents.nl\/#website\",\"url\":\"https:\/\/testwebsite.upevents.nl\/\",\"name\":\"City Game\",\"description\":\"\",\"publisher\":{\"@id\":\"https:\/\/testwebsite.upevents.nl\/#organization\"},\"alternateName\":\"citygame.com\",\"potentialAction\":[{\"@type\":\"SearchAction\",\"target\":{\"@type\":\"EntryPoint\",\"urlTemplate\":\"https:\/\/testwebsite.upevents.nl\/?s={search_term_string}\"},\"query-input\":{\"@type\":\"PropertyValueSpecification\",\"valueRequired\":true,\"valueName\":\"search_term_string\"}}],\"inLanguage\":\"de\"},{\"@type\":[\"Organization\",\"Place\"],\"@id\":\"https:\/\/testwebsite.upevents.nl\/#organization\",\"name\":\"City Game\",\"alternateName\":\"citygame.com\",\"url\":\"https:\/\/testwebsite.upevents.nl\/\",\"logo\":{\"@id\":\"https:\/\/testwebsite.citygame.com\/de\/games\/bonn\/sherlock-holmes-bonn\/#local-main-organization-logo\"},\"image\":{\"@id\":\"https:\/\/testwebsite.citygame.com\/de\/games\/bonn\/sherlock-holmes-bonn\/#local-main-organization-logo\"},\"sameAs\":[\"https:\/\/www.facebook.com\/profile.php?id=100086426226253\",\"https:\/\/www.instagram.com\/citygame_com\",\"https:\/\/www.tiktok.com\/@citygamecom\/\",\"https:\/\/www.linkedin.com\/company\/citygame-com\"],\"description\":\"Turn any city into a playground with our interactive City Games and self-guided tours. Fun, flexible, and ideal for groups and team building.\",\"telephone\":[],\"openingHoursSpecification\":[{\"@type\":\"OpeningHoursSpecification\",\"dayOfWeek\":[\"Monday\",\"Tuesday\",\"Wednesday\",\"Thursday\",\"Friday\",\"Saturday\",\"Sunday\"],\"opens\":\"09:00\",\"closes\":\"17:00\"}]},{\"@type\":\"ImageObject\",\"inLanguage\":\"de\",\"@id\":\"https:\/\/testwebsite.citygame.com\/de\/games\/bonn\/sherlock-holmes-bonn\/#local-main-organization-logo\",\"url\":\"https:\/\/testwebsite.citygame.com\/wp-content\/blogs.dir\/1\/files\/sites\/62\/2025\/10\/CG_LOGO-City-Game.png\",\"contentUrl\":\"https:\/\/testwebsite.citygame.com\/wp-content\/blogs.dir\/1\/files\/sites\/62\/2025\/10\/CG_LOGO-City-Game.png\",\"width\":351,\"height\":377,\"caption\":\"City Game\"}]}<\/script>\n<!-- \/ Yoast SEO Premium plugin. -->","yoast_head_json":{"title":"Sherlock Holmes Bonn - City Game","description":"Sherlock Holmes Bonn. Spielen Sie ein selbstgef\u00fchrtes Krimi-City-Game, l\u00f6sen Sie R\u00e4tsel, folgen Sie Hinweisen und decken Sie den M\u00f6rder in Ihrem eigenen Tempo auf!","robots":{"index":"noindex","follow":"follow","max-snippet":"max-snippet:-1","max-image-preview":"max-image-preview:large","max-video-preview":"max-video-preview:-1"},"og_locale":"de_DE","og_type":"article","og_title":"Sherlock Holmes Bonn","og_description":"Sherlock Holmes Bonn. Spielen Sie ein selbstgef\u00fchrtes Krimi-City-Game, l\u00f6sen Sie R\u00e4tsel, folgen Sie Hinweisen und decken Sie den M\u00f6rder in Ihrem eigenen Tempo auf!","og_url":"https:\/\/testwebsite.citygame.com\/de\/games\/bonn\/sherlock-holmes-bonn\/","og_site_name":"City Game","article_publisher":"https:\/\/www.facebook.com\/profile.php?id=100086426226253","article_modified_time":"2026-04-08T16:47:56+00:00","og_image":[{"width":1344,"height":768,"url":"https:\/\/testwebsite.citygame.com\/wp-content\/blogs.dir\/1\/files\/sites\/62\/2026\/02\/woman-playing-sherlock-city-game-bonn-germany.jpg","type":"image\/jpeg"}],"twitter_card":"summary_large_image","schema":{"@context":"https:\/\/schema.org","@graph":[{"@type":"WebPage","@id":"https:\/\/testwebsite.citygame.com\/de\/games\/bonn\/sherlock-holmes-bonn\/","url":"https:\/\/testwebsite.citygame.com\/de\/games\/bonn\/sherlock-holmes-bonn\/","name":"Sherlock Holmes Bonn - City Game","isPartOf":{"@id":"https:\/\/testwebsite.upevents.nl\/#website"},"primaryImageOfPage":{"@id":"https:\/\/testwebsite.citygame.com\/de\/games\/bonn\/sherlock-holmes-bonn\/#primaryimage"},"image":{"@id":"https:\/\/testwebsite.citygame.com\/de\/games\/bonn\/sherlock-holmes-bonn\/#primaryimage"},"thumbnailUrl":"https:\/\/testwebsite.citygame.com\/wp-content\/blogs.dir\/1\/files\/sites\/62\/2026\/02\/woman-playing-sherlock-city-game-bonn-germany.jpg","datePublished":"2026-02-06T14:43:20+00:00","dateModified":"2026-04-08T16:47:56+00:00","description":"Sherlock Holmes Bonn. Spielen Sie ein selbstgef\u00fchrtes Krimi-City-Game, l\u00f6sen Sie R\u00e4tsel, folgen Sie Hinweisen und decken Sie den M\u00f6rder in Ihrem eigenen Tempo auf!","breadcrumb":{"@id":"https:\/\/testwebsite.citygame.com\/de\/games\/bonn\/sherlock-holmes-bonn\/#breadcrumb"},"inLanguage":"de","potentialAction":[{"@type":"ReadAction","target":["https:\/\/testwebsite.citygame.com\/de\/games\/bonn\/sherlock-holmes-bonn\/"]}]},{"@type":"ImageObject","inLanguage":"de","@id":"https:\/\/testwebsite.citygame.com\/de\/games\/bonn\/sherlock-holmes-bonn\/#primaryimage","url":"https:\/\/testwebsite.citygame.com\/wp-content\/blogs.dir\/1\/files\/sites\/62\/2026\/02\/woman-playing-sherlock-city-game-bonn-germany.jpg","contentUrl":"https:\/\/testwebsite.citygame.com\/wp-content\/blogs.dir\/1\/files\/sites\/62\/2026\/02\/woman-playing-sherlock-city-game-bonn-germany.jpg","width":1344,"height":768,"caption":"A player explores a narrow, historic street in Bonn while playing a City Game on her phone."},{"@type":"BreadcrumbList","@id":"https:\/\/testwebsite.citygame.com\/de\/games\/bonn\/sherlock-holmes-bonn\/#breadcrumb","itemListElement":[{"@type":"ListItem","position":1,"name":"Home","item":"https:\/\/testwebsite.citygame.com\/de\/"},{"@type":"ListItem","position":2,"name":"Shop","item":"https:\/\/testwebsite.citygame.com\/shop\/"},{"@type":"ListItem","position":3,"name":"Sherlock Holmes Bonn"}]},{"@type":"WebSite","@id":"https:\/\/testwebsite.upevents.nl\/#website","url":"https:\/\/testwebsite.upevents.nl\/","name":"City Game","description":"","publisher":{"@id":"https:\/\/testwebsite.upevents.nl\/#organization"},"alternateName":"citygame.com","potentialAction":[{"@type":"SearchAction","target":{"@type":"EntryPoint","urlTemplate":"https:\/\/testwebsite.upevents.nl\/?s={search_term_string}"},"query-input":{"@type":"PropertyValueSpecification","valueRequired":true,"valueName":"search_term_string"}}],"inLanguage":"de"},{"@type":["Organization","Place"],"@id":"https:\/\/testwebsite.upevents.nl\/#organization","name":"City Game","alternateName":"citygame.com","url":"https:\/\/testwebsite.upevents.nl\/","logo":{"@id":"https:\/\/testwebsite.citygame.com\/de\/games\/bonn\/sherlock-holmes-bonn\/#local-main-organization-logo"},"image":{"@id":"https:\/\/testwebsite.citygame.com\/de\/games\/bonn\/sherlock-holmes-bonn\/#local-main-organization-logo"},"sameAs":["https:\/\/www.facebook.com\/profile.php?id=100086426226253","https:\/\/www.instagram.com\/citygame_com","https:\/\/www.tiktok.com\/@citygamecom\/","https:\/\/www.linkedin.com\/company\/citygame-com"],"description":"Turn any city into a playground with our interactive City Games and self-guided tours. Fun, flexible, and ideal for groups and team building.","telephone":[],"openingHoursSpecification":[{"@type":"OpeningHoursSpecification","dayOfWeek":["Monday","Tuesday","Wednesday","Thursday","Friday","Saturday","Sunday"],"opens":"09:00","closes":"17:00"}]},{"@type":"ImageObject","inLanguage":"de","@id":"https:\/\/testwebsite.citygame.com\/de\/games\/bonn\/sherlock-holmes-bonn\/#local-main-organization-logo","url":"https:\/\/testwebsite.citygame.com\/wp-content\/blogs.dir\/1\/files\/sites\/62\/2025\/10\/CG_LOGO-City-Game.png","contentUrl":"https:\/\/testwebsite.citygame.com\/wp-content\/blogs.dir\/1\/files\/sites\/62\/2025\/10\/CG_LOGO-City-Game.png","width":351,"height":377,"caption":"City Game"}]}},"taxonomy_info":{"game-concept":[{"value":770,"label":"Sherlock"}],"location":[{"value":95,"label":"Bonn"}],"product_cat":[{"value":664,"label":"Unkategorisiert"}]},"featured_image_src_large":["https:\/\/testwebsite.citygame.com\/wp-content\/blogs.dir\/1\/files\/sites\/62\/2026\/02\/woman-playing-sherlock-city-game-bonn-germany-1024x585.jpg",1024,585,true],"author_info":[],"comment_info":"","_links":{"self":[{"href":"https:\/\/testwebsite.citygame.com\/de\/wp-json\/wp\/v2\/product\/65825","targetHints":{"allow":["GET"]}}],"collection":[{"href":"https:\/\/testwebsite.citygame.com\/de\/wp-json\/wp\/v2\/product"}],"about":[{"href":"https:\/\/testwebsite.citygame.com\/de\/wp-json\/wp\/v2\/types\/product"}],"acf:post":[{"embeddable":true,"href":"https:\/\/testwebsite.citygame.com\/de\/wp-json\/wp\/v2\/pages\/4854"}],"wp:featuredmedia":[{"embeddable":true,"href":"https:\/\/testwebsite.citygame.com\/de\/wp-json\/wp\/v2\/media\/11376"}],"wp:attachment":[{"href":"https:\/\/testwebsite.citygame.com\/de\/wp-json\/wp\/v2\/media?parent=65825"}],"wp:term":[{"taxonomy":"game-concept","embeddable":true,"href":"https:\/\/testwebsite.citygame.com\/de\/wp-json\/wp\/v2\/game-concept?post=65825"},{"taxonomy":"location","embeddable":true,"href":"https:\/\/testwebsite.citygame.com\/de\/wp-json\/wp\/v2\/location?post=65825"},{"taxonomy":"product_brand","embeddable":true,"href":"https:\/\/testwebsite.citygame.com\/de\/wp-json\/wp\/v2\/product_brand?post=65825"},{"taxonomy":"product_cat","embeddable":true,"href":"https:\/\/testwebsite.citygame.com\/de\/wp-json\/wp\/v2\/product_cat?post=65825"},{"taxonomy":"product_tag","embeddable":true,"href":"https:\/\/testwebsite.citygame.com\/de\/wp-json\/wp\/v2\/product_tag?post=65825"}],"curies":[{"name":"wp","href":"https:\/\/api.w.org\/{rel}","templated":true}]}}