{"id":65516,"date":"2026-02-06T13:50:45","date_gmt":"2026-02-06T13:50:45","guid":{"rendered":"https:\/\/testwebsite.citygame.com\/games\/unknown-location\/sherlock-holmes-thessaloniki\/"},"modified":"2026-04-08T16:08:14","modified_gmt":"2026-04-08T16:08:14","slug":"sherlock-holmes-thessaloniki","status":"publish","type":"product","link":"https:\/\/testwebsite.citygame.com\/de\/games\/thessaloniki\/sherlock-holmes-thessaloniki\/","title":{"rendered":"Sherlock Holmes Thessaloniki"},"content":{"rendered":"<p>Tauchen Sie ein in die Welt von Sherlock Holmes mit diesem selbstgef\u00fchrten, geschichtsbasierten Mordr\u00e4tsel-City Game, das im historischen Stadtzentrum von Thessaloniki spielt. Als das Liberty Festival nach einem schockierenden Mord ins Chaos st\u00fcrzt, werden Sie zum leitenden Ermittler, navigieren durch die Stra\u00dfen, w\u00e4hrend Sie Hinweise aufdecken, komplizierte R\u00e4tsel l\u00f6sen und digitale Verd\u00e4chtige befragen. Mit einer sich entfaltenden Erz\u00e4hlung, die Ihre Reise leitet, l\u00e4dt das Spiel Sie ein, sich in Ihrem eigenen Tempo in den Fall zu vertiefen und Thessaloniki zur atmosph\u00e4rischen B\u00fchne f\u00fcr dieses packende Detektiverlebnis zu machen.<\/p>\n","protected":false},"excerpt":{"rendered":"<p>Schl\u00fcpfen Sie in die Rolle von Sherlock Holmes und begeben Sie sich auf ein selbstgef\u00fchrtes Mordr\u00e4tsel mitten im Herzen von Thessaloniki. Nur Ihr Team kann die kryptischen Hinweise entschl\u00fcsseln, knifflige R\u00e4tsel l\u00f6sen und die erschreckende Wahrheit ans Licht bringen, indem es sich jeder be\u00e4ngstigenden Herausforderung stellt!<\/p>\n","protected":false},"featured_media":11343,"template":"","meta":{"_acf_changed":false,"_yoast_wpseo_focuskw":"Sherlock Holmes Thessaloniki","_yoast_wpseo_metadesc":"Sherlock Holmes Thessaloniki. Spielen Sie ein selbstgef\u00fchrtes Mordr\u00e4tsel-City Game, l\u00f6sen Sie R\u00e4tsel, folgen Sie Hinweisen und enth\u00fcllen Sie den M\u00f6rder in Ihrem eigenen Tempo!","_kad_blocks_custom_css":"","_kad_blocks_head_custom_js":"","_kad_blocks_body_custom_js":"","_kad_blocks_footer_custom_js":"","ghostkit_customizer_options":"","ghostkit_custom_css":"","ghostkit_custom_js_head":"","ghostkit_custom_js_foot":"","ghostkit_typography":"","_kad_post_transparent":"","_kad_post_title":"","_kad_post_layout":"","_kad_post_sidebar_id":"","_kad_post_content_style":"","_kad_post_vertical_padding":"","_kad_post_feature":"","_kad_post_feature_position":"","_kad_post_header":false,"_kad_post_footer":false,"_kad_post_classname":"","_links_to":"","_links_to_target":""},"game-concept":[770],"location":[393],"product_brand":[],"product_cat":[664],"product_tag":[],"class_list":{"0":"post-65516","1":"product","2":"type-product","3":"status-publish","4":"has-post-thumbnail","6":"game-concept-sherlock","7":"location-thessaloniki","8":"product_cat-unkategorisiert","10":"first","11":"instock","12":"shipping-taxable","13":"purchasable","14":"product-type-simple","15":"entry","16":"content-bg","17":"loop-entry"},"acf":{"full_bokun_product_name":"Thessaloniki Self-Guided Sherlock Holmes Murder Mystery Game","location_name":"Thessaloniki","bokun_calendar_widget_code":"<script type=\"text\/javascript\" src=\"https:\/\/widgets.bokun.io\/assets\/javascripts\/apps\/build\/BokunWidgetsLoader.js?bookingChannelUUID=a1e93e96-5232-4734-a595-28405f4b5a31\" async><\/script>\n     \n    <div class=\"bokunWidget\" data-src=\"https:\/\/widgets.bokun.io\/online-sales\/a1e93e96-5232-4734-a595-28405f4b5a31\/experience-calendar\/760669\"><\/div>\n    <noscript>Please enable javascript in your browser to book<\/noscript>","bokun_button_widget_code":"<script type=\"text\/javascript\" src=\"https:\/\/widgets.bokun.io\/assets\/javascripts\/apps\/build\/BokunWidgetsLoader.js?bookingChannelUUID=a1e93e96-5232-4734-a595-28405f4b5a31\" async><\/script>\n      <style> #bokun_ed001e45_5927_4f62_b470_ca766338d083 { display: inline-block; padding: .4em 1em; background: #47b82e; border-radius: 999999px; box-shadow: none; font-weight: 600; font-size: 24px; text-decoration: none; text-align: center; color: #FFFFFF; border:none; cursor: pointer; transition: background .2s ease; } #bokun_ed001e45_5927_4f62_b470_ca766338d083:hover{ background: #2f7b1f; } #bokun_ed001e45_5927_4f62_b470_ca766338d083:active{ background: #378f24; } <\/style> <button class=\"bokunButton\" disabled id=bokun_ed001e45_5927_4f62_b470_ca766338d083 data-src=\"https:\/\/widgets.bokun.io\/online-sales\/a1e93e96-5232-4734-a595-28405f4b5a31\/experience-calendar\/760669?partialView=1\" data-testid=\"widget-book-button\" > Book now <\/button> ","what_you\u2019ll_experience_during_the_game":"Tauchen Sie ein in eine packende Detektivgeschichte, die in Thessaloniki spielt, wo jede Stra\u00dfenecke einen neuen Hinweis verbirgt und die Stadt selbst Teil des R\u00e4tsels wird. W\u00e4hrend Sie sich durch Thessaloniki bewegen, entfaltet sich die Handlung um Sie herum und zieht Sie tiefer in die Ermittlungen um einen Mord beim Liberty Festival. Sie werden sorgf\u00e4ltig versteckte Hinweise aufdecken, vielschichtige R\u00e4tsel l\u00f6sen und einer Spur von Geheimnissen folgen, die sich mit jeder Ihrer Entscheidungen windet und wendet.\n\nBefragen Sie digitale Verd\u00e4chtige, pr\u00fcfen Sie Alibis mit kritischem Blick und entwirren Sie Widerspr\u00fcche, die andere vielleicht \u00fcbersehen w\u00fcrden. Ihre Beobachtungs- und Deduktionsf\u00e4higkeiten werden auf die Probe gestellt, w\u00e4hrend Sie daran arbeiten, die Wahrheit hinter dem Verbrechen aufzudecken. Das Erlebnis ist vollst\u00e4ndig storygetrieben und stellt Sie in den Mittelpunkt des Falles. Sie bestimmen das Tempo und haben die Freiheit, jederzeit zu pausieren und fortzufahren, wann immer es Ihnen passt. Wenn Sie im Team spielen, k\u00f6nnen Sie Ihren Fortschritt sogar mit anderen vergleichen, um einen zus\u00e4tzlichen Wettbewerbsvorteil zu erzielen.","how_to_play":"Spielen Sie allein oder mit Freunden, Familie oder Kollegen in Teams von bis zu vier Personen pro Ger\u00e4t. Nach der Buchung erhalten Sie eine E-Mail mit Anweisungen, die alles N\u00f6tige enth\u00e4lt.","start_location":"Thessaloniki, Aristotelous Square","available_languages":["en","fr","de","es","nl","it"],"players_per_group":"1-4","duration":"1.5-2 hours","image_overlay_color_image":"https:\/\/testwebsite.citygame.com\/wp-content\/blogs.dir\/1\/files\/sites\/62\/2026\/01\/SherlockColor.svg","image_overlay_game_logo":"https:\/\/testwebsite.citygame.com\/wp-content\/blogs.dir\/1\/files\/sites\/62\/2026\/01\/SherlockLogo.png","city_page":8277,"woocommerce_general_content":null},"yoast_head":"<!-- This site is optimized with the Yoast SEO Premium plugin v26.2 (Yoast SEO v26.3) - https:\/\/yoast.com\/wordpress\/plugins\/seo\/ -->\n<title>Sherlock Holmes Thessaloniki - City Game<\/title>\n<meta name=\"description\" content=\"Sherlock Holmes Thessaloniki. Spielen Sie ein selbstgef\u00fchrtes Mordr\u00e4tsel-City Game, l\u00f6sen Sie R\u00e4tsel, folgen Sie Hinweisen und enth\u00fcllen Sie den M\u00f6rder in Ihrem eigenen Tempo!\" \/>\n<meta name=\"robots\" content=\"noindex, follow, max-snippet:-1, max-image-preview:large, max-video-preview:-1\" \/>\n<meta property=\"og:locale\" content=\"de_DE\" \/>\n<meta property=\"og:type\" content=\"article\" \/>\n<meta property=\"og:title\" content=\"Sherlock Holmes Thessaloniki\" \/>\n<meta property=\"og:description\" content=\"Sherlock Holmes Thessaloniki. Spielen Sie ein selbstgef\u00fchrtes Mordr\u00e4tsel-City Game, l\u00f6sen Sie R\u00e4tsel, folgen Sie Hinweisen und enth\u00fcllen Sie den M\u00f6rder in Ihrem eigenen Tempo!\" \/>\n<meta property=\"og:url\" content=\"https:\/\/testwebsite.citygame.com\/de\/games\/thessaloniki\/sherlock-holmes-thessaloniki\/\" \/>\n<meta property=\"og:site_name\" content=\"City Game\" \/>\n<meta property=\"article:publisher\" content=\"https:\/\/www.facebook.com\/profile.php?id=100086426226253\" \/>\n<meta property=\"article:modified_time\" content=\"2026-04-08T16:08:14+00:00\" \/>\n<meta property=\"og:image\" content=\"https:\/\/testwebsite.citygame.com\/wp-content\/blogs.dir\/1\/files\/sites\/62\/2026\/02\/thessaloniki-sherlock-city-game-player-on-street-with-phone.jpg\" \/>\n\t<meta property=\"og:image:width\" content=\"1344\" \/>\n\t<meta property=\"og:image:height\" content=\"768\" \/>\n\t<meta property=\"og:image:type\" content=\"image\/jpeg\" \/>\n<meta name=\"twitter:card\" content=\"summary_large_image\" \/>\n<meta name=\"twitter:label1\" content=\"Gesch\u00e4tzte Lesezeit\" \/>\n\t<meta name=\"twitter:data1\" content=\"1\u00a0Minute\" \/>\n<script type=\"application\/ld+json\" class=\"yoast-schema-graph\">{\"@context\":\"https:\/\/schema.org\",\"@graph\":[{\"@type\":\"WebPage\",\"@id\":\"https:\/\/testwebsite.citygame.com\/de\/games\/thessaloniki\/sherlock-holmes-thessaloniki\/\",\"url\":\"https:\/\/testwebsite.citygame.com\/de\/games\/thessaloniki\/sherlock-holmes-thessaloniki\/\",\"name\":\"Sherlock Holmes Thessaloniki - City Game\",\"isPartOf\":{\"@id\":\"https:\/\/testwebsite.upevents.nl\/#website\"},\"primaryImageOfPage\":{\"@id\":\"https:\/\/testwebsite.citygame.com\/de\/games\/thessaloniki\/sherlock-holmes-thessaloniki\/#primaryimage\"},\"image\":{\"@id\":\"https:\/\/testwebsite.citygame.com\/de\/games\/thessaloniki\/sherlock-holmes-thessaloniki\/#primaryimage\"},\"thumbnailUrl\":\"https:\/\/testwebsite.citygame.com\/wp-content\/blogs.dir\/1\/files\/sites\/62\/2026\/02\/thessaloniki-sherlock-city-game-player-on-street-with-phone.jpg\",\"datePublished\":\"2026-02-06T13:50:45+00:00\",\"dateModified\":\"2026-04-08T16:08:14+00:00\",\"description\":\"Sherlock Holmes Thessaloniki. Spielen Sie ein selbstgef\u00fchrtes Mordr\u00e4tsel-City Game, l\u00f6sen Sie R\u00e4tsel, folgen Sie Hinweisen und enth\u00fcllen Sie den M\u00f6rder in Ihrem eigenen Tempo!\",\"breadcrumb\":{\"@id\":\"https:\/\/testwebsite.citygame.com\/de\/games\/thessaloniki\/sherlock-holmes-thessaloniki\/#breadcrumb\"},\"inLanguage\":\"de\",\"potentialAction\":[{\"@type\":\"ReadAction\",\"target\":[\"https:\/\/testwebsite.citygame.com\/de\/games\/thessaloniki\/sherlock-holmes-thessaloniki\/\"]}]},{\"@type\":\"ImageObject\",\"inLanguage\":\"de\",\"@id\":\"https:\/\/testwebsite.citygame.com\/de\/games\/thessaloniki\/sherlock-holmes-thessaloniki\/#primaryimage\",\"url\":\"https:\/\/testwebsite.citygame.com\/wp-content\/blogs.dir\/1\/files\/sites\/62\/2026\/02\/thessaloniki-sherlock-city-game-player-on-street-with-phone.jpg\",\"contentUrl\":\"https:\/\/testwebsite.citygame.com\/wp-content\/blogs.dir\/1\/files\/sites\/62\/2026\/02\/thessaloniki-sherlock-city-game-player-on-street-with-phone.jpg\",\"width\":1344,\"height\":768,\"caption\":\"A player explores the charming streets of Thessaloniki while engaged in a mobile city game.\"},{\"@type\":\"BreadcrumbList\",\"@id\":\"https:\/\/testwebsite.citygame.com\/de\/games\/thessaloniki\/sherlock-holmes-thessaloniki\/#breadcrumb\",\"itemListElement\":[{\"@type\":\"ListItem\",\"position\":1,\"name\":\"Home\",\"item\":\"https:\/\/testwebsite.citygame.com\/de\/\"},{\"@type\":\"ListItem\",\"position\":2,\"name\":\"Shop\",\"item\":\"https:\/\/testwebsite.citygame.com\/shop\/\"},{\"@type\":\"ListItem\",\"position\":3,\"name\":\"Sherlock Holmes Thessaloniki\"}]},{\"@type\":\"WebSite\",\"@id\":\"https:\/\/testwebsite.upevents.nl\/#website\",\"url\":\"https:\/\/testwebsite.upevents.nl\/\",\"name\":\"City Game\",\"description\":\"\",\"publisher\":{\"@id\":\"https:\/\/testwebsite.upevents.nl\/#organization\"},\"alternateName\":\"citygame.com\",\"potentialAction\":[{\"@type\":\"SearchAction\",\"target\":{\"@type\":\"EntryPoint\",\"urlTemplate\":\"https:\/\/testwebsite.upevents.nl\/?s={search_term_string}\"},\"query-input\":{\"@type\":\"PropertyValueSpecification\",\"valueRequired\":true,\"valueName\":\"search_term_string\"}}],\"inLanguage\":\"de\"},{\"@type\":[\"Organization\",\"Place\"],\"@id\":\"https:\/\/testwebsite.upevents.nl\/#organization\",\"name\":\"City Game\",\"alternateName\":\"citygame.com\",\"url\":\"https:\/\/testwebsite.upevents.nl\/\",\"logo\":{\"@id\":\"https:\/\/testwebsite.citygame.com\/de\/games\/thessaloniki\/sherlock-holmes-thessaloniki\/#local-main-organization-logo\"},\"image\":{\"@id\":\"https:\/\/testwebsite.citygame.com\/de\/games\/thessaloniki\/sherlock-holmes-thessaloniki\/#local-main-organization-logo\"},\"sameAs\":[\"https:\/\/www.facebook.com\/profile.php?id=100086426226253\",\"https:\/\/www.instagram.com\/citygame_com\",\"https:\/\/www.tiktok.com\/@citygamecom\/\",\"https:\/\/www.linkedin.com\/company\/citygame-com\"],\"description\":\"Turn any city into a playground with our interactive City Games and self-guided tours. Fun, flexible, and ideal for groups and team building.\",\"telephone\":[],\"openingHoursSpecification\":[{\"@type\":\"OpeningHoursSpecification\",\"dayOfWeek\":[\"Monday\",\"Tuesday\",\"Wednesday\",\"Thursday\",\"Friday\",\"Saturday\",\"Sunday\"],\"opens\":\"09:00\",\"closes\":\"17:00\"}]},{\"@type\":\"ImageObject\",\"inLanguage\":\"de\",\"@id\":\"https:\/\/testwebsite.citygame.com\/de\/games\/thessaloniki\/sherlock-holmes-thessaloniki\/#local-main-organization-logo\",\"url\":\"https:\/\/testwebsite.citygame.com\/wp-content\/blogs.dir\/1\/files\/sites\/62\/2025\/10\/CG_LOGO-City-Game.png\",\"contentUrl\":\"https:\/\/testwebsite.citygame.com\/wp-content\/blogs.dir\/1\/files\/sites\/62\/2025\/10\/CG_LOGO-City-Game.png\",\"width\":351,\"height\":377,\"caption\":\"City Game\"}]}<\/script>\n<!-- \/ Yoast SEO Premium plugin. -->","yoast_head_json":{"title":"Sherlock Holmes Thessaloniki - City Game","description":"Sherlock Holmes Thessaloniki. Spielen Sie ein selbstgef\u00fchrtes Mordr\u00e4tsel-City Game, l\u00f6sen Sie R\u00e4tsel, folgen Sie Hinweisen und enth\u00fcllen Sie den M\u00f6rder in Ihrem eigenen Tempo!","robots":{"index":"noindex","follow":"follow","max-snippet":"max-snippet:-1","max-image-preview":"max-image-preview:large","max-video-preview":"max-video-preview:-1"},"og_locale":"de_DE","og_type":"article","og_title":"Sherlock Holmes Thessaloniki","og_description":"Sherlock Holmes Thessaloniki. Spielen Sie ein selbstgef\u00fchrtes Mordr\u00e4tsel-City Game, l\u00f6sen Sie R\u00e4tsel, folgen Sie Hinweisen und enth\u00fcllen Sie den M\u00f6rder in Ihrem eigenen Tempo!","og_url":"https:\/\/testwebsite.citygame.com\/de\/games\/thessaloniki\/sherlock-holmes-thessaloniki\/","og_site_name":"City Game","article_publisher":"https:\/\/www.facebook.com\/profile.php?id=100086426226253","article_modified_time":"2026-04-08T16:08:14+00:00","og_image":[{"width":1344,"height":768,"url":"https:\/\/testwebsite.citygame.com\/wp-content\/blogs.dir\/1\/files\/sites\/62\/2026\/02\/thessaloniki-sherlock-city-game-player-on-street-with-phone.jpg","type":"image\/jpeg"}],"twitter_card":"summary_large_image","twitter_misc":{"Gesch\u00e4tzte Lesezeit":"1\u00a0Minute"},"schema":{"@context":"https:\/\/schema.org","@graph":[{"@type":"WebPage","@id":"https:\/\/testwebsite.citygame.com\/de\/games\/thessaloniki\/sherlock-holmes-thessaloniki\/","url":"https:\/\/testwebsite.citygame.com\/de\/games\/thessaloniki\/sherlock-holmes-thessaloniki\/","name":"Sherlock Holmes Thessaloniki - City Game","isPartOf":{"@id":"https:\/\/testwebsite.upevents.nl\/#website"},"primaryImageOfPage":{"@id":"https:\/\/testwebsite.citygame.com\/de\/games\/thessaloniki\/sherlock-holmes-thessaloniki\/#primaryimage"},"image":{"@id":"https:\/\/testwebsite.citygame.com\/de\/games\/thessaloniki\/sherlock-holmes-thessaloniki\/#primaryimage"},"thumbnailUrl":"https:\/\/testwebsite.citygame.com\/wp-content\/blogs.dir\/1\/files\/sites\/62\/2026\/02\/thessaloniki-sherlock-city-game-player-on-street-with-phone.jpg","datePublished":"2026-02-06T13:50:45+00:00","dateModified":"2026-04-08T16:08:14+00:00","description":"Sherlock Holmes Thessaloniki. Spielen Sie ein selbstgef\u00fchrtes Mordr\u00e4tsel-City Game, l\u00f6sen Sie R\u00e4tsel, folgen Sie Hinweisen und enth\u00fcllen Sie den M\u00f6rder in Ihrem eigenen Tempo!","breadcrumb":{"@id":"https:\/\/testwebsite.citygame.com\/de\/games\/thessaloniki\/sherlock-holmes-thessaloniki\/#breadcrumb"},"inLanguage":"de","potentialAction":[{"@type":"ReadAction","target":["https:\/\/testwebsite.citygame.com\/de\/games\/thessaloniki\/sherlock-holmes-thessaloniki\/"]}]},{"@type":"ImageObject","inLanguage":"de","@id":"https:\/\/testwebsite.citygame.com\/de\/games\/thessaloniki\/sherlock-holmes-thessaloniki\/#primaryimage","url":"https:\/\/testwebsite.citygame.com\/wp-content\/blogs.dir\/1\/files\/sites\/62\/2026\/02\/thessaloniki-sherlock-city-game-player-on-street-with-phone.jpg","contentUrl":"https:\/\/testwebsite.citygame.com\/wp-content\/blogs.dir\/1\/files\/sites\/62\/2026\/02\/thessaloniki-sherlock-city-game-player-on-street-with-phone.jpg","width":1344,"height":768,"caption":"A player explores the charming streets of Thessaloniki while engaged in a mobile city game."},{"@type":"BreadcrumbList","@id":"https:\/\/testwebsite.citygame.com\/de\/games\/thessaloniki\/sherlock-holmes-thessaloniki\/#breadcrumb","itemListElement":[{"@type":"ListItem","position":1,"name":"Home","item":"https:\/\/testwebsite.citygame.com\/de\/"},{"@type":"ListItem","position":2,"name":"Shop","item":"https:\/\/testwebsite.citygame.com\/shop\/"},{"@type":"ListItem","position":3,"name":"Sherlock Holmes Thessaloniki"}]},{"@type":"WebSite","@id":"https:\/\/testwebsite.upevents.nl\/#website","url":"https:\/\/testwebsite.upevents.nl\/","name":"City Game","description":"","publisher":{"@id":"https:\/\/testwebsite.upevents.nl\/#organization"},"alternateName":"citygame.com","potentialAction":[{"@type":"SearchAction","target":{"@type":"EntryPoint","urlTemplate":"https:\/\/testwebsite.upevents.nl\/?s={search_term_string}"},"query-input":{"@type":"PropertyValueSpecification","valueRequired":true,"valueName":"search_term_string"}}],"inLanguage":"de"},{"@type":["Organization","Place"],"@id":"https:\/\/testwebsite.upevents.nl\/#organization","name":"City Game","alternateName":"citygame.com","url":"https:\/\/testwebsite.upevents.nl\/","logo":{"@id":"https:\/\/testwebsite.citygame.com\/de\/games\/thessaloniki\/sherlock-holmes-thessaloniki\/#local-main-organization-logo"},"image":{"@id":"https:\/\/testwebsite.citygame.com\/de\/games\/thessaloniki\/sherlock-holmes-thessaloniki\/#local-main-organization-logo"},"sameAs":["https:\/\/www.facebook.com\/profile.php?id=100086426226253","https:\/\/www.instagram.com\/citygame_com","https:\/\/www.tiktok.com\/@citygamecom\/","https:\/\/www.linkedin.com\/company\/citygame-com"],"description":"Turn any city into a playground with our interactive City Games and self-guided tours. Fun, flexible, and ideal for groups and team building.","telephone":[],"openingHoursSpecification":[{"@type":"OpeningHoursSpecification","dayOfWeek":["Monday","Tuesday","Wednesday","Thursday","Friday","Saturday","Sunday"],"opens":"09:00","closes":"17:00"}]},{"@type":"ImageObject","inLanguage":"de","@id":"https:\/\/testwebsite.citygame.com\/de\/games\/thessaloniki\/sherlock-holmes-thessaloniki\/#local-main-organization-logo","url":"https:\/\/testwebsite.citygame.com\/wp-content\/blogs.dir\/1\/files\/sites\/62\/2025\/10\/CG_LOGO-City-Game.png","contentUrl":"https:\/\/testwebsite.citygame.com\/wp-content\/blogs.dir\/1\/files\/sites\/62\/2025\/10\/CG_LOGO-City-Game.png","width":351,"height":377,"caption":"City Game"}]}},"taxonomy_info":{"game-concept":[{"value":770,"label":"Sherlock"}],"location":[{"value":393,"label":"Thessaloniki"}],"product_cat":[{"value":664,"label":"Unkategorisiert"}]},"featured_image_src_large":["https:\/\/testwebsite.citygame.com\/wp-content\/blogs.dir\/1\/files\/sites\/62\/2026\/02\/thessaloniki-sherlock-city-game-player-on-street-with-phone-1024x585.jpg",1024,585,true],"author_info":[],"comment_info":"","_links":{"self":[{"href":"https:\/\/testwebsite.citygame.com\/de\/wp-json\/wp\/v2\/product\/65516","targetHints":{"allow":["GET"]}}],"collection":[{"href":"https:\/\/testwebsite.citygame.com\/de\/wp-json\/wp\/v2\/product"}],"about":[{"href":"https:\/\/testwebsite.citygame.com\/de\/wp-json\/wp\/v2\/types\/product"}],"acf:post":[{"embeddable":true,"href":"https:\/\/testwebsite.citygame.com\/de\/wp-json\/wp\/v2\/pages\/8277"}],"wp:featuredmedia":[{"embeddable":true,"href":"https:\/\/testwebsite.citygame.com\/de\/wp-json\/wp\/v2\/media\/11343"}],"wp:attachment":[{"href":"https:\/\/testwebsite.citygame.com\/de\/wp-json\/wp\/v2\/media?parent=65516"}],"wp:term":[{"taxonomy":"game-concept","embeddable":true,"href":"https:\/\/testwebsite.citygame.com\/de\/wp-json\/wp\/v2\/game-concept?post=65516"},{"taxonomy":"location","embeddable":true,"href":"https:\/\/testwebsite.citygame.com\/de\/wp-json\/wp\/v2\/location?post=65516"},{"taxonomy":"product_brand","embeddable":true,"href":"https:\/\/testwebsite.citygame.com\/de\/wp-json\/wp\/v2\/product_brand?post=65516"},{"taxonomy":"product_cat","embeddable":true,"href":"https:\/\/testwebsite.citygame.com\/de\/wp-json\/wp\/v2\/product_cat?post=65516"},{"taxonomy":"product_tag","embeddable":true,"href":"https:\/\/testwebsite.citygame.com\/de\/wp-json\/wp\/v2\/product_tag?post=65516"}],"curies":[{"name":"wp","href":"https:\/\/api.w.org\/{rel}","templated":true}]}}