{"id":63936,"date":"2026-01-27T15:31:41","date_gmt":"2026-01-27T15:31:41","guid":{"rendered":"https:\/\/testwebsite.citygame.com\/games\/unknown-location\/secrets-of-riga\/"},"modified":"2026-04-08T12:48:10","modified_gmt":"2026-04-08T12:48:10","slug":"secrets-of-riga","status":"publish","type":"product","link":"https:\/\/testwebsite.citygame.com\/de\/games\/riga\/secrets-of-riga\/","title":{"rendered":"Secrets of Riga"},"content":{"rendered":"<p>Das City Game Riga ist ein selbstgef\u00fchrtes, GPS-basiertes Spiel, das im historischen Zentrum Rigas stattfindet. Mit ihrem Smartphone erkunden die Spieler die Stadt, indem sie R\u00e4tsel und Aufgaben l\u00f6sen und an Foto-Challenges teilnehmen, wobei sie Schichten von Geschichte, Kultur und weniger bekannte Fakten entdecken. Dieses Erkundungsspiel bietet eine unterhaltsame und interaktive M\u00f6glichkeit, Rigas Stra\u00dfen und Geschichten in Ihrem eigenen Tempo zu erleben. Es ist sowohl f\u00fcr Besucher als auch f\u00fcr Einheimische geeignet und funktioniert gleicherma\u00dfen gut f\u00fcr Einzelspieler, Paare, Familien oder Freundesgruppen. Das selbstgef\u00fchrte City-Game-Format erm\u00f6glicht es den Teilnehmern, die Stadt auf ihre eigene Weise zu entdecken, w\u00e4hrend sie tief in das Abenteuer eintauchen.<\/p>\n","protected":false},"excerpt":{"rendered":"<p>Tauchen Sie ein in Rigas strahlendes Geheimnis! Tauchen Sie tief ein in das Herz einer Stadt, in der Jugendstil jede Stra\u00dfe pr\u00e4gt und alte Geschichten im Wind fl\u00fcstern, nutzen Sie Ihren Verstand, um kryptische R\u00e4tsel zu entschl\u00fcsseln, die in ihrem bezaubernden Kern verstreut sind, Riga ist eine Schatztruhe voller Charme, die darauf wartet, entdeckt zu werden.<\/p>\n","protected":false},"featured_media":5444,"template":"","meta":{"_acf_changed":false,"_yoast_wpseo_focuskw":"Secrets of Riga","_yoast_wpseo_metadesc":"Secrets of Riga. Spielen Sie ein selbstgef\u00fchrtes City Game und erkunden Sie die Stadt durch R\u00e4tsel, Aufgaben und Herausforderungen. Spielen Sie in Ihrem eigenen Tempo und entdecken Sie wie ein Einheimischer!","_kad_blocks_custom_css":"","_kad_blocks_head_custom_js":"","_kad_blocks_body_custom_js":"","_kad_blocks_footer_custom_js":"","ghostkit_customizer_options":"","ghostkit_custom_css":"","ghostkit_custom_js_head":"","ghostkit_custom_js_foot":"","ghostkit_typography":"","_kad_post_transparent":"","_kad_post_title":"","_kad_post_layout":"","_kad_post_sidebar_id":"","_kad_post_content_style":"","_kad_post_vertical_padding":"","_kad_post_feature":"","_kad_post_feature_position":"","_kad_post_header":false,"_kad_post_footer":false,"_kad_post_classname":"","_links_to":"","_links_to_target":""},"game-concept":[709],"location":[343],"product_brand":[],"product_cat":[664],"product_tag":[],"class_list":{"0":"post-63936","1":"product","2":"type-product","3":"status-publish","4":"has-post-thumbnail","6":"game-concept-secrets","7":"location-riga","8":"product_cat-unkategorisiert","10":"first","11":"instock","12":"shipping-taxable","13":"purchasable","14":"product-type-simple","15":"entry","16":"content-bg","17":"loop-entry"},"acf":{"full_bokun_product_name":"Self-Guided Secrets of Riga Exploration Game","location_name":"Riga","bokun_calendar_widget_code":"<script type=\"text\/javascript\" src=\"https:\/\/widgets.bokun.io\/assets\/javascripts\/apps\/build\/BokunWidgetsLoader.js?bookingChannelUUID=a1e93e96-5232-4734-a595-28405f4b5a31\" async><\/script>\n     \n    <div class=\"bokunWidget\" data-src=\"https:\/\/widgets.bokun.io\/online-sales\/a1e93e96-5232-4734-a595-28405f4b5a31\/experience-calendar\/895750\"><\/div>\n    <noscript>Please enable javascript in your browser to book<\/noscript>","bokun_button_widget_code":"<script type=\"text\/javascript\" src=\"https:\/\/widgets.bokun.io\/assets\/javascripts\/apps\/build\/BokunWidgetsLoader.js?bookingChannelUUID=a1e93e96-5232-4734-a595-28405f4b5a31\" async><\/script>\n      <style> #bokun_ed001e45_5927_4f62_b470_ca766338d083 { display: inline-block; padding: .4em 1em; background: #47b82e; border-radius: 999999px; box-shadow: none; font-weight: 600; font-size: 24px; text-decoration: none; text-align: center; color: #FFFFFF; border:none; cursor: pointer; transition: background .2s ease; } #bokun_ed001e45_5927_4f62_b470_ca766338d083:hover{ background: #2f7b1f; } #bokun_ed001e45_5927_4f62_b470_ca766338d083:active{ background: #378f24; } <\/style> <button class=\"bokunButton\" disabled id=bokun_ed001e45_5927_4f62_b470_ca766338d083 data-src=\"https:\/\/widgets.bokun.io\/online-sales\/a1e93e96-5232-4734-a595-28405f4b5a31\/experience-calendar\/895750?partialView=1\" data-testid=\"widget-book-button\" > Book now <\/button> ","what_you\u2019ll_experience_during_the_game":"W\u00e4hrend des Secrets of Riga City Games erkunden Sie die lettische Hauptstadt durch eine interaktive Storyline, die die Stadt zu Ihrem Spielplatz macht. Das Spiel kombiniert Sightseeing mit fesselnden Herausforderungen und f\u00fchrt Sie sowohl zu ikonischen Wahrzeichen als auch zu weniger bekannten Orten, die reich an lokalem Charakter sind. W\u00e4hrend Sie zwischen Highlights wie dem Freiheitsdenkmal, dem Rigaer Dom und dem Schwarzh\u00e4upterhaus spazieren, erleben Sie eine Mischung aus historischer Atmosph\u00e4re und lebhaften Alltagsszenen. Das Spiel ermutigt Sie, architektonische Details, kleine Kuriosit\u00e4ten und versteckte Ecken zu bemerken, die sonst vielleicht unentdeckt blieben.\n\nW\u00e4hrend des Spiels l\u00f6sen Sie eine Vielzahl von R\u00e4tseln, Aufgaben und lustigen Foto-Challenges, die neue Teile der Geschichte enth\u00fcllen und Ihnen Punkte einbringen. Jede Aufgabe bringt Sie n\u00e4her an die Enth\u00fcllung eines letzten Geheimnisses, wobei Hinweise freigeschaltet werden k\u00f6nnen, wenn Sie Hilfe beim Fortschreiten ben\u00f6tigen. Das City Game kann jederzeit pausiert und fortgesetzt werden, sodass Sie Riga in Ihrem eigenen Tempo erkunden k\u00f6nnen. F\u00fcr diejenigen, die sich wettbewerbsorientiert f\u00fchlen, bietet die Bestenliste die M\u00f6glichkeit zu sehen, wie Ihr Team im Vergleich zu anderen abschneidet.","how_to_play":"Buchen Sie das Erkundungsspiel, \u00fcberpr\u00fcfen Sie die E-Mail, die wir Ihnen mit den einfachen Anweisungen senden, laden Sie die Loquiz App herunter, greifen Sie auf das Erkundungsspiel zu und schon k\u00f6nnen Sie Ihr Spielerlebnis beginnen!","start_location":"Riga, Doma Laukums","available_languages":["en"],"players_per_group":"1-4","duration":"1.5-2 hours","image_overlay_color_image":"https:\/\/testwebsite.citygame.com\/wp-content\/blogs.dir\/1\/files\/sites\/62\/2026\/01\/SecretsColor.svg","image_overlay_game_logo":"https:\/\/testwebsite.citygame.com\/wp-content\/blogs.dir\/1\/files\/sites\/62\/2026\/01\/SecretsLogo.png","city_page":5405,"woocommerce_general_content":null},"yoast_head":"<!-- This site is optimized with the Yoast SEO Premium plugin v26.2 (Yoast SEO v26.3) - https:\/\/yoast.com\/wordpress\/plugins\/seo\/ -->\n<title>Secrets of Riga - City Game<\/title>\n<meta name=\"description\" content=\"Secrets of Riga. Spielen Sie ein selbstgef\u00fchrtes City Game und erkunden Sie die Stadt durch R\u00e4tsel, Aufgaben und Herausforderungen. Spielen Sie in Ihrem eigenen Tempo und entdecken Sie wie ein Einheimischer!\" \/>\n<meta name=\"robots\" content=\"noindex, follow, max-snippet:-1, max-image-preview:large, max-video-preview:-1\" \/>\n<meta property=\"og:locale\" content=\"de_DE\" \/>\n<meta property=\"og:type\" content=\"article\" \/>\n<meta property=\"og:title\" content=\"Secrets of Riga\" \/>\n<meta property=\"og:description\" content=\"Secrets of Riga. Spielen Sie ein selbstgef\u00fchrtes City Game und erkunden Sie die Stadt durch R\u00e4tsel, Aufgaben und Herausforderungen. Spielen Sie in Ihrem eigenen Tempo und entdecken Sie wie ein Einheimischer!\" \/>\n<meta property=\"og:url\" content=\"https:\/\/testwebsite.citygame.com\/de\/games\/riga\/secrets-of-riga\/\" \/>\n<meta property=\"og:site_name\" content=\"City Game\" \/>\n<meta property=\"article:publisher\" content=\"https:\/\/www.facebook.com\/profile.php?id=100086426226253\" \/>\n<meta property=\"article:modified_time\" content=\"2026-04-08T12:48:10+00:00\" \/>\n<meta property=\"og:image\" content=\"https:\/\/testwebsite.citygame.com\/wp-content\/blogs.dir\/1\/files\/sites\/62\/2026\/01\/group-of-friends-playing-a-city-game-on-a-smartphone-in-riga.jpg\" \/>\n\t<meta property=\"og:image:width\" content=\"1024\" \/>\n\t<meta property=\"og:image:height\" content=\"1024\" \/>\n\t<meta property=\"og:image:type\" content=\"image\/jpeg\" \/>\n<meta name=\"twitter:card\" content=\"summary_large_image\" \/>\n<meta name=\"twitter:label1\" content=\"Gesch\u00e4tzte Lesezeit\" \/>\n\t<meta name=\"twitter:data1\" content=\"1\u00a0Minute\" \/>\n<script type=\"application\/ld+json\" class=\"yoast-schema-graph\">{\"@context\":\"https:\/\/schema.org\",\"@graph\":[{\"@type\":\"WebPage\",\"@id\":\"https:\/\/testwebsite.citygame.com\/de\/games\/riga\/secrets-of-riga\/\",\"url\":\"https:\/\/testwebsite.citygame.com\/de\/games\/riga\/secrets-of-riga\/\",\"name\":\"Secrets of Riga - City Game\",\"isPartOf\":{\"@id\":\"https:\/\/testwebsite.upevents.nl\/#website\"},\"primaryImageOfPage\":{\"@id\":\"https:\/\/testwebsite.citygame.com\/de\/games\/riga\/secrets-of-riga\/#primaryimage\"},\"image\":{\"@id\":\"https:\/\/testwebsite.citygame.com\/de\/games\/riga\/secrets-of-riga\/#primaryimage\"},\"thumbnailUrl\":\"https:\/\/testwebsite.citygame.com\/wp-content\/blogs.dir\/1\/files\/sites\/62\/2026\/01\/group-of-friends-playing-a-city-game-on-a-smartphone-in-riga.jpg\",\"datePublished\":\"2026-01-27T15:31:41+00:00\",\"dateModified\":\"2026-04-08T12:48:10+00:00\",\"description\":\"Secrets of Riga. Spielen Sie ein selbstgef\u00fchrtes City Game und erkunden Sie die Stadt durch R\u00e4tsel, Aufgaben und Herausforderungen. Spielen Sie in Ihrem eigenen Tempo und entdecken Sie wie ein Einheimischer!\",\"breadcrumb\":{\"@id\":\"https:\/\/testwebsite.citygame.com\/de\/games\/riga\/secrets-of-riga\/#breadcrumb\"},\"inLanguage\":\"de\",\"potentialAction\":[{\"@type\":\"ReadAction\",\"target\":[\"https:\/\/testwebsite.citygame.com\/de\/games\/riga\/secrets-of-riga\/\"]}]},{\"@type\":\"ImageObject\",\"inLanguage\":\"de\",\"@id\":\"https:\/\/testwebsite.citygame.com\/de\/games\/riga\/secrets-of-riga\/#primaryimage\",\"url\":\"https:\/\/testwebsite.citygame.com\/wp-content\/blogs.dir\/1\/files\/sites\/62\/2026\/01\/group-of-friends-playing-a-city-game-on-a-smartphone-in-riga.jpg\",\"contentUrl\":\"https:\/\/testwebsite.citygame.com\/wp-content\/blogs.dir\/1\/files\/sites\/62\/2026\/01\/group-of-friends-playing-a-city-game-on-a-smartphone-in-riga.jpg\",\"width\":1024,\"height\":1024,\"caption\":\"A group of young friends enjoys an interactive city game on a sunny day in Riga.\"},{\"@type\":\"BreadcrumbList\",\"@id\":\"https:\/\/testwebsite.citygame.com\/de\/games\/riga\/secrets-of-riga\/#breadcrumb\",\"itemListElement\":[{\"@type\":\"ListItem\",\"position\":1,\"name\":\"Home\",\"item\":\"https:\/\/testwebsite.citygame.com\/de\/\"},{\"@type\":\"ListItem\",\"position\":2,\"name\":\"Shop\",\"item\":\"https:\/\/testwebsite.citygame.com\/shop\/\"},{\"@type\":\"ListItem\",\"position\":3,\"name\":\"Secrets of Riga\"}]},{\"@type\":\"WebSite\",\"@id\":\"https:\/\/testwebsite.upevents.nl\/#website\",\"url\":\"https:\/\/testwebsite.upevents.nl\/\",\"name\":\"City Game\",\"description\":\"\",\"publisher\":{\"@id\":\"https:\/\/testwebsite.upevents.nl\/#organization\"},\"alternateName\":\"citygame.com\",\"potentialAction\":[{\"@type\":\"SearchAction\",\"target\":{\"@type\":\"EntryPoint\",\"urlTemplate\":\"https:\/\/testwebsite.upevents.nl\/?s={search_term_string}\"},\"query-input\":{\"@type\":\"PropertyValueSpecification\",\"valueRequired\":true,\"valueName\":\"search_term_string\"}}],\"inLanguage\":\"de\"},{\"@type\":[\"Organization\",\"Place\"],\"@id\":\"https:\/\/testwebsite.upevents.nl\/#organization\",\"name\":\"City Game\",\"alternateName\":\"citygame.com\",\"url\":\"https:\/\/testwebsite.upevents.nl\/\",\"logo\":{\"@id\":\"https:\/\/testwebsite.citygame.com\/de\/games\/riga\/secrets-of-riga\/#local-main-organization-logo\"},\"image\":{\"@id\":\"https:\/\/testwebsite.citygame.com\/de\/games\/riga\/secrets-of-riga\/#local-main-organization-logo\"},\"sameAs\":[\"https:\/\/www.facebook.com\/profile.php?id=100086426226253\",\"https:\/\/www.instagram.com\/citygame_com\",\"https:\/\/www.tiktok.com\/@citygamecom\/\",\"https:\/\/www.linkedin.com\/company\/citygame-com\"],\"description\":\"Turn any city into a playground with our interactive City Games and self-guided tours. Fun, flexible, and ideal for groups and team building.\",\"telephone\":[],\"openingHoursSpecification\":[{\"@type\":\"OpeningHoursSpecification\",\"dayOfWeek\":[\"Monday\",\"Tuesday\",\"Wednesday\",\"Thursday\",\"Friday\",\"Saturday\",\"Sunday\"],\"opens\":\"09:00\",\"closes\":\"17:00\"}]},{\"@type\":\"ImageObject\",\"inLanguage\":\"de\",\"@id\":\"https:\/\/testwebsite.citygame.com\/de\/games\/riga\/secrets-of-riga\/#local-main-organization-logo\",\"url\":\"https:\/\/testwebsite.citygame.com\/wp-content\/blogs.dir\/1\/files\/sites\/62\/2025\/10\/CG_LOGO-City-Game.png\",\"contentUrl\":\"https:\/\/testwebsite.citygame.com\/wp-content\/blogs.dir\/1\/files\/sites\/62\/2025\/10\/CG_LOGO-City-Game.png\",\"width\":351,\"height\":377,\"caption\":\"City Game\"}]}<\/script>\n<!-- \/ Yoast SEO Premium plugin. -->","yoast_head_json":{"title":"Secrets of Riga - City Game","description":"Secrets of Riga. Spielen Sie ein selbstgef\u00fchrtes City Game und erkunden Sie die Stadt durch R\u00e4tsel, Aufgaben und Herausforderungen. Spielen Sie in Ihrem eigenen Tempo und entdecken Sie wie ein Einheimischer!","robots":{"index":"noindex","follow":"follow","max-snippet":"max-snippet:-1","max-image-preview":"max-image-preview:large","max-video-preview":"max-video-preview:-1"},"og_locale":"de_DE","og_type":"article","og_title":"Secrets of Riga","og_description":"Secrets of Riga. Spielen Sie ein selbstgef\u00fchrtes City Game und erkunden Sie die Stadt durch R\u00e4tsel, Aufgaben und Herausforderungen. Spielen Sie in Ihrem eigenen Tempo und entdecken Sie wie ein Einheimischer!","og_url":"https:\/\/testwebsite.citygame.com\/de\/games\/riga\/secrets-of-riga\/","og_site_name":"City Game","article_publisher":"https:\/\/www.facebook.com\/profile.php?id=100086426226253","article_modified_time":"2026-04-08T12:48:10+00:00","og_image":[{"width":1024,"height":1024,"url":"https:\/\/testwebsite.citygame.com\/wp-content\/blogs.dir\/1\/files\/sites\/62\/2026\/01\/group-of-friends-playing-a-city-game-on-a-smartphone-in-riga.jpg","type":"image\/jpeg"}],"twitter_card":"summary_large_image","twitter_misc":{"Gesch\u00e4tzte Lesezeit":"1\u00a0Minute"},"schema":{"@context":"https:\/\/schema.org","@graph":[{"@type":"WebPage","@id":"https:\/\/testwebsite.citygame.com\/de\/games\/riga\/secrets-of-riga\/","url":"https:\/\/testwebsite.citygame.com\/de\/games\/riga\/secrets-of-riga\/","name":"Secrets of Riga - City Game","isPartOf":{"@id":"https:\/\/testwebsite.upevents.nl\/#website"},"primaryImageOfPage":{"@id":"https:\/\/testwebsite.citygame.com\/de\/games\/riga\/secrets-of-riga\/#primaryimage"},"image":{"@id":"https:\/\/testwebsite.citygame.com\/de\/games\/riga\/secrets-of-riga\/#primaryimage"},"thumbnailUrl":"https:\/\/testwebsite.citygame.com\/wp-content\/blogs.dir\/1\/files\/sites\/62\/2026\/01\/group-of-friends-playing-a-city-game-on-a-smartphone-in-riga.jpg","datePublished":"2026-01-27T15:31:41+00:00","dateModified":"2026-04-08T12:48:10+00:00","description":"Secrets of Riga. Spielen Sie ein selbstgef\u00fchrtes City Game und erkunden Sie die Stadt durch R\u00e4tsel, Aufgaben und Herausforderungen. Spielen Sie in Ihrem eigenen Tempo und entdecken Sie wie ein Einheimischer!","breadcrumb":{"@id":"https:\/\/testwebsite.citygame.com\/de\/games\/riga\/secrets-of-riga\/#breadcrumb"},"inLanguage":"de","potentialAction":[{"@type":"ReadAction","target":["https:\/\/testwebsite.citygame.com\/de\/games\/riga\/secrets-of-riga\/"]}]},{"@type":"ImageObject","inLanguage":"de","@id":"https:\/\/testwebsite.citygame.com\/de\/games\/riga\/secrets-of-riga\/#primaryimage","url":"https:\/\/testwebsite.citygame.com\/wp-content\/blogs.dir\/1\/files\/sites\/62\/2026\/01\/group-of-friends-playing-a-city-game-on-a-smartphone-in-riga.jpg","contentUrl":"https:\/\/testwebsite.citygame.com\/wp-content\/blogs.dir\/1\/files\/sites\/62\/2026\/01\/group-of-friends-playing-a-city-game-on-a-smartphone-in-riga.jpg","width":1024,"height":1024,"caption":"A group of young friends enjoys an interactive city game on a sunny day in Riga."},{"@type":"BreadcrumbList","@id":"https:\/\/testwebsite.citygame.com\/de\/games\/riga\/secrets-of-riga\/#breadcrumb","itemListElement":[{"@type":"ListItem","position":1,"name":"Home","item":"https:\/\/testwebsite.citygame.com\/de\/"},{"@type":"ListItem","position":2,"name":"Shop","item":"https:\/\/testwebsite.citygame.com\/shop\/"},{"@type":"ListItem","position":3,"name":"Secrets of Riga"}]},{"@type":"WebSite","@id":"https:\/\/testwebsite.upevents.nl\/#website","url":"https:\/\/testwebsite.upevents.nl\/","name":"City Game","description":"","publisher":{"@id":"https:\/\/testwebsite.upevents.nl\/#organization"},"alternateName":"citygame.com","potentialAction":[{"@type":"SearchAction","target":{"@type":"EntryPoint","urlTemplate":"https:\/\/testwebsite.upevents.nl\/?s={search_term_string}"},"query-input":{"@type":"PropertyValueSpecification","valueRequired":true,"valueName":"search_term_string"}}],"inLanguage":"de"},{"@type":["Organization","Place"],"@id":"https:\/\/testwebsite.upevents.nl\/#organization","name":"City Game","alternateName":"citygame.com","url":"https:\/\/testwebsite.upevents.nl\/","logo":{"@id":"https:\/\/testwebsite.citygame.com\/de\/games\/riga\/secrets-of-riga\/#local-main-organization-logo"},"image":{"@id":"https:\/\/testwebsite.citygame.com\/de\/games\/riga\/secrets-of-riga\/#local-main-organization-logo"},"sameAs":["https:\/\/www.facebook.com\/profile.php?id=100086426226253","https:\/\/www.instagram.com\/citygame_com","https:\/\/www.tiktok.com\/@citygamecom\/","https:\/\/www.linkedin.com\/company\/citygame-com"],"description":"Turn any city into a playground with our interactive City Games and self-guided tours. Fun, flexible, and ideal for groups and team building.","telephone":[],"openingHoursSpecification":[{"@type":"OpeningHoursSpecification","dayOfWeek":["Monday","Tuesday","Wednesday","Thursday","Friday","Saturday","Sunday"],"opens":"09:00","closes":"17:00"}]},{"@type":"ImageObject","inLanguage":"de","@id":"https:\/\/testwebsite.citygame.com\/de\/games\/riga\/secrets-of-riga\/#local-main-organization-logo","url":"https:\/\/testwebsite.citygame.com\/wp-content\/blogs.dir\/1\/files\/sites\/62\/2025\/10\/CG_LOGO-City-Game.png","contentUrl":"https:\/\/testwebsite.citygame.com\/wp-content\/blogs.dir\/1\/files\/sites\/62\/2025\/10\/CG_LOGO-City-Game.png","width":351,"height":377,"caption":"City Game"}]}},"taxonomy_info":{"game-concept":[{"value":709,"label":"Secrets"}],"location":[{"value":343,"label":"Riga"}],"product_cat":[{"value":664,"label":"Unkategorisiert"}]},"featured_image_src_large":["https:\/\/testwebsite.citygame.com\/wp-content\/blogs.dir\/1\/files\/sites\/62\/2026\/01\/group-of-friends-playing-a-city-game-on-a-smartphone-in-riga.jpg",1024,1024,false],"author_info":[],"comment_info":"","_links":{"self":[{"href":"https:\/\/testwebsite.citygame.com\/de\/wp-json\/wp\/v2\/product\/63936","targetHints":{"allow":["GET"]}}],"collection":[{"href":"https:\/\/testwebsite.citygame.com\/de\/wp-json\/wp\/v2\/product"}],"about":[{"href":"https:\/\/testwebsite.citygame.com\/de\/wp-json\/wp\/v2\/types\/product"}],"acf:post":[{"embeddable":true,"href":"https:\/\/testwebsite.citygame.com\/de\/wp-json\/wp\/v2\/pages\/5405"}],"wp:featuredmedia":[{"embeddable":true,"href":"https:\/\/testwebsite.citygame.com\/de\/wp-json\/wp\/v2\/media\/5444"}],"wp:attachment":[{"href":"https:\/\/testwebsite.citygame.com\/de\/wp-json\/wp\/v2\/media?parent=63936"}],"wp:term":[{"taxonomy":"game-concept","embeddable":true,"href":"https:\/\/testwebsite.citygame.com\/de\/wp-json\/wp\/v2\/game-concept?post=63936"},{"taxonomy":"location","embeddable":true,"href":"https:\/\/testwebsite.citygame.com\/de\/wp-json\/wp\/v2\/location?post=63936"},{"taxonomy":"product_brand","embeddable":true,"href":"https:\/\/testwebsite.citygame.com\/de\/wp-json\/wp\/v2\/product_brand?post=63936"},{"taxonomy":"product_cat","embeddable":true,"href":"https:\/\/testwebsite.citygame.com\/de\/wp-json\/wp\/v2\/product_cat?post=63936"},{"taxonomy":"product_tag","embeddable":true,"href":"https:\/\/testwebsite.citygame.com\/de\/wp-json\/wp\/v2\/product_tag?post=63936"}],"curies":[{"name":"wp","href":"https:\/\/api.w.org\/{rel}","templated":true}]}}