{"id":63575,"date":"2026-01-27T15:23:21","date_gmt":"2026-01-27T15:23:21","guid":{"rendered":"https:\/\/testwebsite.citygame.com\/games\/unknown-location\/secrets-of-hamburg\/"},"modified":"2026-04-08T12:05:01","modified_gmt":"2026-04-08T12:05:01","slug":"secrets-of-hamburg","status":"publish","type":"product","link":"https:\/\/testwebsite.citygame.com\/de\/games\/hamburg\/secrets-of-hamburg\/","title":{"rendered":"Secrets of Hamburg"},"content":{"rendered":"<p>Das City Game Hamburg ist ein selbstgef\u00fchrtes, GPS-basiertes Spiel, das im historischen Zentrum Hamburgs stattfindet. Spieler nutzen ihr Smartphone, um die Stadt zu erkunden, w\u00e4hrend sie R\u00e4tsel, Puzzles und Foto-Herausforderungen l\u00f6sen, die verborgene Details \u00fcber Hamburgs Geschichte und Kultur enth\u00fcllen. Dieses Entdeckungsspiel bietet eine unterhaltsame und fesselnde M\u00f6glichkeit, die Stadt in Ihrem eigenen Tempo zu entdecken und dabei etwas zu lernen. Es ist sowohl f\u00fcr Besucher geeignet, die Hamburg kennenlernen m\u00f6chten, als auch f\u00fcr Einheimische, die ihre Stadt aus einer neuen Perspektive sehen wollen. Ob alleine gespielt oder als gemeinsames Erlebnis f\u00fcr Paare, Familien oder Freundesgruppen, dieses selbstgef\u00fchrte Stadtspiel bietet eine flexible und interaktive M\u00f6glichkeit, die Geschichten hinter den historischen Stra\u00dfen Hamburgs aufzudecken.<\/p>\n","protected":false},"excerpt":{"rendered":"<p>Entdecken Sie Hamburgs Hafen und Erbe! Tauchen Sie tief ein in eine Stadt, in der maritime Geschichten zwischen modernen Wolkenkratzern und antiken Wahrzeichen pulsieren. L\u00f6sen Sie Geheimnisse, w\u00e4hrend Sie ihr pulsierendes Herz durchqueren, Hamburg verspricht fesselnde Entdeckungen mit jedem Schritt!<\/p>\n","protected":false},"featured_media":5368,"template":"","meta":{"_acf_changed":false,"_yoast_wpseo_focuskw":"Secrets of Hamburg","_yoast_wpseo_metadesc":"Secrets of Hamburg. Spielen Sie ein selbstgef\u00fchrtes City Game und erkunden Sie die Stadt durch Puzzles, R\u00e4tsel und Herausforderungen. Spielen Sie in Ihrem eigenen Tempo und entdecken Sie wie ein Einheimischer!","_kad_blocks_custom_css":"","_kad_blocks_head_custom_js":"","_kad_blocks_body_custom_js":"","_kad_blocks_footer_custom_js":"","ghostkit_customizer_options":"","ghostkit_custom_css":"","ghostkit_custom_js_head":"","ghostkit_custom_js_foot":"","ghostkit_typography":"","_kad_post_transparent":"","_kad_post_title":"","_kad_post_layout":"","_kad_post_sidebar_id":"","_kad_post_content_style":"","_kad_post_vertical_padding":"","_kad_post_feature":"","_kad_post_feature_position":"","_kad_post_header":false,"_kad_post_footer":false,"_kad_post_classname":"","_links_to":"","_links_to_target":""},"game-concept":[709],"location":[190],"product_brand":[],"product_cat":[664],"product_tag":[],"class_list":{"0":"post-63575","1":"product","2":"type-product","3":"status-publish","4":"has-post-thumbnail","6":"game-concept-secrets","7":"location-hamburg","8":"product_cat-unkategorisiert","10":"first","11":"instock","12":"shipping-taxable","13":"purchasable","14":"product-type-simple","15":"entry","16":"content-bg","17":"loop-entry"},"acf":{"full_bokun_product_name":"Self-Guided Secrets of Hamburg Exploration Game","location_name":"Hamburg","bokun_calendar_widget_code":"<script type=\"text\/javascript\" src=\"https:\/\/widgets.bokun.io\/assets\/javascripts\/apps\/build\/BokunWidgetsLoader.js?bookingChannelUUID=a1e93e96-5232-4734-a595-28405f4b5a31\" async><\/script>\n     \n    <div class=\"bokunWidget\" data-src=\"https:\/\/widgets.bokun.io\/online-sales\/a1e93e96-5232-4734-a595-28405f4b5a31\/experience-calendar\/875884\"><\/div>\n    <noscript>Please enable javascript in your browser to book<\/noscript>","bokun_button_widget_code":"<script type=\"text\/javascript\" src=\"https:\/\/widgets.bokun.io\/assets\/javascripts\/apps\/build\/BokunWidgetsLoader.js?bookingChannelUUID=a1e93e96-5232-4734-a595-28405f4b5a31\" async><\/script>\n      <style> #bokun_ed001e45_5927_4f62_b470_ca766338d083 { display: inline-block; padding: .4em 1em; background: #47b82e; border-radius: 999999px; box-shadow: none; font-weight: 600; font-size: 24px; text-decoration: none; text-align: center; color: #FFFFFF; border:none; cursor: pointer; transition: background .2s ease; } #bokun_ed001e45_5927_4f62_b470_ca766338d083:hover{ background: #2f7b1f; } #bokun_ed001e45_5927_4f62_b470_ca766338d083:active{ background: #378f24; } <\/style> <button class=\"bokunButton\" disabled id=bokun_ed001e45_5927_4f62_b470_ca766338d083 data-src=\"https:\/\/widgets.bokun.io\/online-sales\/a1e93e96-5232-4734-a595-28405f4b5a31\/experience-calendar\/875884?partialView=1\" data-testid=\"widget-book-button\" > Book now <\/button> ","what_you\u2019ll_experience_during_the_game":"W\u00e4hrend Sie Hamburg mit diesem immersiven City Game erkunden, enth\u00fcllen Sie den einzigartigen Charakter der Stadt, indem Sie einer interaktiven, in die Stadtlandschaft verwobenen Geschichte folgen. Das Erlebnis verbindet Sightseeing mit Entdeckung und f\u00fchrt Sie sowohl zu ikonischen Wahrzeichen als auch zu verborgenen Ecken der Stadt. Unterwegs begegnen Sie Orten wie dem historischen Stadtteil Speicherstadt, der modernen Architektur der Elbphilharmonie und der lebhaften Uferpromenade der Landungsbr\u00fccken. Jeder Ort enth\u00fcllt einen Teil der Geschichte und bietet gleichzeitig eine neue Perspektive auf Hamburgs reiche kulturelle Schichten und maritimes Erbe.\n\nW\u00e4hrend des Spiels l\u00f6sen Sie eine Mischung aus Puzzles, kreativen R\u00e4tseln und fotobasierten Herausforderungen, die Sie von einem Ort zum n\u00e4chsten f\u00fchren. Jede Aufgabe hilft Ihnen, Punkte zu verdienen, n\u00fctzliche Hinweise freizuschalten und der L\u00f6sung des letzten Geheimnisses n\u00e4herzukommen, was Sie w\u00e4hrend Ihrer gesamten Reise fesselt. Das City Game ist flexibel und erm\u00f6glicht es Ihnen, jederzeit eine Pause einzulegen und fortzufahren, wann immer es Ihrem Tempo entspricht. F\u00fcr diejenigen, die ein wenig Wettbewerb m\u00f6gen, gibt es auch die M\u00f6glichkeit, einen Highscore auf der Bestenliste anzustreben, w\u00e4hrend Sie Hamburg auf neue Weise erkunden.","how_to_play":"Buchen Sie das Erkundungsspiel, pr\u00fcfen Sie die E-Mail, die wir Ihnen mit den einfachen Anweisungen senden, laden Sie die Loquiz App herunter, greifen Sie auf das Erkundungsspiel zu und schon k\u00f6nnen Sie Ihr Spielerlebnis beginnen!","start_location":"Hamburg, Rathausmarkt","available_languages":["en","es","fr","de","it","nl"],"players_per_group":"1-4","duration":"1.5-2 hours","image_overlay_color_image":"https:\/\/testwebsite.citygame.com\/wp-content\/blogs.dir\/1\/files\/sites\/62\/2026\/01\/SecretsColor.svg","image_overlay_game_logo":"https:\/\/testwebsite.citygame.com\/wp-content\/blogs.dir\/1\/files\/sites\/62\/2026\/01\/SecretsLogo.png","city_page":5324,"woocommerce_general_content":null},"yoast_head":"<!-- This site is optimized with the Yoast SEO Premium plugin v26.2 (Yoast SEO v26.3) - https:\/\/yoast.com\/wordpress\/plugins\/seo\/ -->\n<title>Secrets of Hamburg - City Game<\/title>\n<meta name=\"description\" content=\"Secrets of Hamburg. Spielen Sie ein selbstgef\u00fchrtes City Game und erkunden Sie die Stadt durch Puzzles, R\u00e4tsel und Herausforderungen. Spielen Sie in Ihrem eigenen Tempo und entdecken Sie wie ein Einheimischer!\" \/>\n<meta name=\"robots\" content=\"noindex, follow, max-snippet:-1, max-image-preview:large, max-video-preview:-1\" \/>\n<meta property=\"og:locale\" content=\"de_DE\" \/>\n<meta property=\"og:type\" content=\"article\" \/>\n<meta property=\"og:title\" content=\"Secrets of Hamburg\" \/>\n<meta property=\"og:description\" content=\"Secrets of Hamburg. Spielen Sie ein selbstgef\u00fchrtes City Game und erkunden Sie die Stadt durch Puzzles, R\u00e4tsel und Herausforderungen. Spielen Sie in Ihrem eigenen Tempo und entdecken Sie wie ein Einheimischer!\" \/>\n<meta property=\"og:url\" content=\"https:\/\/testwebsite.citygame.com\/de\/games\/hamburg\/secrets-of-hamburg\/\" \/>\n<meta property=\"og:site_name\" content=\"City Game\" \/>\n<meta property=\"article:publisher\" content=\"https:\/\/www.facebook.com\/profile.php?id=100086426226253\" \/>\n<meta property=\"article:modified_time\" content=\"2026-04-08T12:05:01+00:00\" \/>\n<meta property=\"og:image\" content=\"https:\/\/testwebsite.citygame.com\/wp-content\/blogs.dir\/1\/files\/sites\/62\/2026\/01\/hamburg-players-city-game-rathausmarkt-square.jpg\" \/>\n\t<meta property=\"og:image:width\" content=\"1024\" \/>\n\t<meta property=\"og:image:height\" content=\"1024\" \/>\n\t<meta property=\"og:image:type\" content=\"image\/jpeg\" \/>\n<meta name=\"twitter:card\" content=\"summary_large_image\" \/>\n<meta name=\"twitter:label1\" content=\"Gesch\u00e4tzte Lesezeit\" \/>\n\t<meta name=\"twitter:data1\" content=\"1\u00a0Minute\" \/>\n<script type=\"application\/ld+json\" class=\"yoast-schema-graph\">{\"@context\":\"https:\/\/schema.org\",\"@graph\":[{\"@type\":\"WebPage\",\"@id\":\"https:\/\/testwebsite.citygame.com\/de\/games\/hamburg\/secrets-of-hamburg\/\",\"url\":\"https:\/\/testwebsite.citygame.com\/de\/games\/hamburg\/secrets-of-hamburg\/\",\"name\":\"Secrets of Hamburg - City Game\",\"isPartOf\":{\"@id\":\"https:\/\/testwebsite.upevents.nl\/#website\"},\"primaryImageOfPage\":{\"@id\":\"https:\/\/testwebsite.citygame.com\/de\/games\/hamburg\/secrets-of-hamburg\/#primaryimage\"},\"image\":{\"@id\":\"https:\/\/testwebsite.citygame.com\/de\/games\/hamburg\/secrets-of-hamburg\/#primaryimage\"},\"thumbnailUrl\":\"https:\/\/testwebsite.citygame.com\/wp-content\/blogs.dir\/1\/files\/sites\/62\/2026\/01\/hamburg-players-city-game-rathausmarkt-square.jpg\",\"datePublished\":\"2026-01-27T15:23:21+00:00\",\"dateModified\":\"2026-04-08T12:05:01+00:00\",\"description\":\"Secrets of Hamburg. Spielen Sie ein selbstgef\u00fchrtes City Game und erkunden Sie die Stadt durch Puzzles, R\u00e4tsel und Herausforderungen. Spielen Sie in Ihrem eigenen Tempo und entdecken Sie wie ein Einheimischer!\",\"breadcrumb\":{\"@id\":\"https:\/\/testwebsite.citygame.com\/de\/games\/hamburg\/secrets-of-hamburg\/#breadcrumb\"},\"inLanguage\":\"de\",\"potentialAction\":[{\"@type\":\"ReadAction\",\"target\":[\"https:\/\/testwebsite.citygame.com\/de\/games\/hamburg\/secrets-of-hamburg\/\"]}]},{\"@type\":\"ImageObject\",\"inLanguage\":\"de\",\"@id\":\"https:\/\/testwebsite.citygame.com\/de\/games\/hamburg\/secrets-of-hamburg\/#primaryimage\",\"url\":\"https:\/\/testwebsite.citygame.com\/wp-content\/blogs.dir\/1\/files\/sites\/62\/2026\/01\/hamburg-players-city-game-rathausmarkt-square.jpg\",\"contentUrl\":\"https:\/\/testwebsite.citygame.com\/wp-content\/blogs.dir\/1\/files\/sites\/62\/2026\/01\/hamburg-players-city-game-rathausmarkt-square.jpg\",\"width\":1024,\"height\":1024,\"caption\":\"Two people explore Hamburg's Rathausmarkt square using a city game app on a smartphone.\"},{\"@type\":\"BreadcrumbList\",\"@id\":\"https:\/\/testwebsite.citygame.com\/de\/games\/hamburg\/secrets-of-hamburg\/#breadcrumb\",\"itemListElement\":[{\"@type\":\"ListItem\",\"position\":1,\"name\":\"Home\",\"item\":\"https:\/\/testwebsite.citygame.com\/de\/\"},{\"@type\":\"ListItem\",\"position\":2,\"name\":\"Shop\",\"item\":\"https:\/\/testwebsite.citygame.com\/shop\/\"},{\"@type\":\"ListItem\",\"position\":3,\"name\":\"Secrets of Hamburg\"}]},{\"@type\":\"WebSite\",\"@id\":\"https:\/\/testwebsite.upevents.nl\/#website\",\"url\":\"https:\/\/testwebsite.upevents.nl\/\",\"name\":\"City Game\",\"description\":\"\",\"publisher\":{\"@id\":\"https:\/\/testwebsite.upevents.nl\/#organization\"},\"alternateName\":\"citygame.com\",\"potentialAction\":[{\"@type\":\"SearchAction\",\"target\":{\"@type\":\"EntryPoint\",\"urlTemplate\":\"https:\/\/testwebsite.upevents.nl\/?s={search_term_string}\"},\"query-input\":{\"@type\":\"PropertyValueSpecification\",\"valueRequired\":true,\"valueName\":\"search_term_string\"}}],\"inLanguage\":\"de\"},{\"@type\":[\"Organization\",\"Place\"],\"@id\":\"https:\/\/testwebsite.upevents.nl\/#organization\",\"name\":\"City Game\",\"alternateName\":\"citygame.com\",\"url\":\"https:\/\/testwebsite.upevents.nl\/\",\"logo\":{\"@id\":\"https:\/\/testwebsite.citygame.com\/de\/games\/hamburg\/secrets-of-hamburg\/#local-main-organization-logo\"},\"image\":{\"@id\":\"https:\/\/testwebsite.citygame.com\/de\/games\/hamburg\/secrets-of-hamburg\/#local-main-organization-logo\"},\"sameAs\":[\"https:\/\/www.facebook.com\/profile.php?id=100086426226253\",\"https:\/\/www.instagram.com\/citygame_com\",\"https:\/\/www.tiktok.com\/@citygamecom\/\",\"https:\/\/www.linkedin.com\/company\/citygame-com\"],\"description\":\"Turn any city into a playground with our interactive City Games and self-guided tours. Fun, flexible, and ideal for groups and team building.\",\"telephone\":[],\"openingHoursSpecification\":[{\"@type\":\"OpeningHoursSpecification\",\"dayOfWeek\":[\"Monday\",\"Tuesday\",\"Wednesday\",\"Thursday\",\"Friday\",\"Saturday\",\"Sunday\"],\"opens\":\"09:00\",\"closes\":\"17:00\"}]},{\"@type\":\"ImageObject\",\"inLanguage\":\"de\",\"@id\":\"https:\/\/testwebsite.citygame.com\/de\/games\/hamburg\/secrets-of-hamburg\/#local-main-organization-logo\",\"url\":\"https:\/\/testwebsite.citygame.com\/wp-content\/blogs.dir\/1\/files\/sites\/62\/2025\/10\/CG_LOGO-City-Game.png\",\"contentUrl\":\"https:\/\/testwebsite.citygame.com\/wp-content\/blogs.dir\/1\/files\/sites\/62\/2025\/10\/CG_LOGO-City-Game.png\",\"width\":351,\"height\":377,\"caption\":\"City Game\"}]}<\/script>\n<!-- \/ Yoast SEO Premium plugin. -->","yoast_head_json":{"title":"Secrets of Hamburg - City Game","description":"Secrets of Hamburg. Spielen Sie ein selbstgef\u00fchrtes City Game und erkunden Sie die Stadt durch Puzzles, R\u00e4tsel und Herausforderungen. Spielen Sie in Ihrem eigenen Tempo und entdecken Sie wie ein Einheimischer!","robots":{"index":"noindex","follow":"follow","max-snippet":"max-snippet:-1","max-image-preview":"max-image-preview:large","max-video-preview":"max-video-preview:-1"},"og_locale":"de_DE","og_type":"article","og_title":"Secrets of Hamburg","og_description":"Secrets of Hamburg. Spielen Sie ein selbstgef\u00fchrtes City Game und erkunden Sie die Stadt durch Puzzles, R\u00e4tsel und Herausforderungen. Spielen Sie in Ihrem eigenen Tempo und entdecken Sie wie ein Einheimischer!","og_url":"https:\/\/testwebsite.citygame.com\/de\/games\/hamburg\/secrets-of-hamburg\/","og_site_name":"City Game","article_publisher":"https:\/\/www.facebook.com\/profile.php?id=100086426226253","article_modified_time":"2026-04-08T12:05:01+00:00","og_image":[{"width":1024,"height":1024,"url":"https:\/\/testwebsite.citygame.com\/wp-content\/blogs.dir\/1\/files\/sites\/62\/2026\/01\/hamburg-players-city-game-rathausmarkt-square.jpg","type":"image\/jpeg"}],"twitter_card":"summary_large_image","twitter_misc":{"Gesch\u00e4tzte Lesezeit":"1\u00a0Minute"},"schema":{"@context":"https:\/\/schema.org","@graph":[{"@type":"WebPage","@id":"https:\/\/testwebsite.citygame.com\/de\/games\/hamburg\/secrets-of-hamburg\/","url":"https:\/\/testwebsite.citygame.com\/de\/games\/hamburg\/secrets-of-hamburg\/","name":"Secrets of Hamburg - City Game","isPartOf":{"@id":"https:\/\/testwebsite.upevents.nl\/#website"},"primaryImageOfPage":{"@id":"https:\/\/testwebsite.citygame.com\/de\/games\/hamburg\/secrets-of-hamburg\/#primaryimage"},"image":{"@id":"https:\/\/testwebsite.citygame.com\/de\/games\/hamburg\/secrets-of-hamburg\/#primaryimage"},"thumbnailUrl":"https:\/\/testwebsite.citygame.com\/wp-content\/blogs.dir\/1\/files\/sites\/62\/2026\/01\/hamburg-players-city-game-rathausmarkt-square.jpg","datePublished":"2026-01-27T15:23:21+00:00","dateModified":"2026-04-08T12:05:01+00:00","description":"Secrets of Hamburg. Spielen Sie ein selbstgef\u00fchrtes City Game und erkunden Sie die Stadt durch Puzzles, R\u00e4tsel und Herausforderungen. Spielen Sie in Ihrem eigenen Tempo und entdecken Sie wie ein Einheimischer!","breadcrumb":{"@id":"https:\/\/testwebsite.citygame.com\/de\/games\/hamburg\/secrets-of-hamburg\/#breadcrumb"},"inLanguage":"de","potentialAction":[{"@type":"ReadAction","target":["https:\/\/testwebsite.citygame.com\/de\/games\/hamburg\/secrets-of-hamburg\/"]}]},{"@type":"ImageObject","inLanguage":"de","@id":"https:\/\/testwebsite.citygame.com\/de\/games\/hamburg\/secrets-of-hamburg\/#primaryimage","url":"https:\/\/testwebsite.citygame.com\/wp-content\/blogs.dir\/1\/files\/sites\/62\/2026\/01\/hamburg-players-city-game-rathausmarkt-square.jpg","contentUrl":"https:\/\/testwebsite.citygame.com\/wp-content\/blogs.dir\/1\/files\/sites\/62\/2026\/01\/hamburg-players-city-game-rathausmarkt-square.jpg","width":1024,"height":1024,"caption":"Two people explore Hamburg's Rathausmarkt square using a city game app on a smartphone."},{"@type":"BreadcrumbList","@id":"https:\/\/testwebsite.citygame.com\/de\/games\/hamburg\/secrets-of-hamburg\/#breadcrumb","itemListElement":[{"@type":"ListItem","position":1,"name":"Home","item":"https:\/\/testwebsite.citygame.com\/de\/"},{"@type":"ListItem","position":2,"name":"Shop","item":"https:\/\/testwebsite.citygame.com\/shop\/"},{"@type":"ListItem","position":3,"name":"Secrets of Hamburg"}]},{"@type":"WebSite","@id":"https:\/\/testwebsite.upevents.nl\/#website","url":"https:\/\/testwebsite.upevents.nl\/","name":"City Game","description":"","publisher":{"@id":"https:\/\/testwebsite.upevents.nl\/#organization"},"alternateName":"citygame.com","potentialAction":[{"@type":"SearchAction","target":{"@type":"EntryPoint","urlTemplate":"https:\/\/testwebsite.upevents.nl\/?s={search_term_string}"},"query-input":{"@type":"PropertyValueSpecification","valueRequired":true,"valueName":"search_term_string"}}],"inLanguage":"de"},{"@type":["Organization","Place"],"@id":"https:\/\/testwebsite.upevents.nl\/#organization","name":"City Game","alternateName":"citygame.com","url":"https:\/\/testwebsite.upevents.nl\/","logo":{"@id":"https:\/\/testwebsite.citygame.com\/de\/games\/hamburg\/secrets-of-hamburg\/#local-main-organization-logo"},"image":{"@id":"https:\/\/testwebsite.citygame.com\/de\/games\/hamburg\/secrets-of-hamburg\/#local-main-organization-logo"},"sameAs":["https:\/\/www.facebook.com\/profile.php?id=100086426226253","https:\/\/www.instagram.com\/citygame_com","https:\/\/www.tiktok.com\/@citygamecom\/","https:\/\/www.linkedin.com\/company\/citygame-com"],"description":"Turn any city into a playground with our interactive City Games and self-guided tours. Fun, flexible, and ideal for groups and team building.","telephone":[],"openingHoursSpecification":[{"@type":"OpeningHoursSpecification","dayOfWeek":["Monday","Tuesday","Wednesday","Thursday","Friday","Saturday","Sunday"],"opens":"09:00","closes":"17:00"}]},{"@type":"ImageObject","inLanguage":"de","@id":"https:\/\/testwebsite.citygame.com\/de\/games\/hamburg\/secrets-of-hamburg\/#local-main-organization-logo","url":"https:\/\/testwebsite.citygame.com\/wp-content\/blogs.dir\/1\/files\/sites\/62\/2025\/10\/CG_LOGO-City-Game.png","contentUrl":"https:\/\/testwebsite.citygame.com\/wp-content\/blogs.dir\/1\/files\/sites\/62\/2025\/10\/CG_LOGO-City-Game.png","width":351,"height":377,"caption":"City Game"}]}},"taxonomy_info":{"game-concept":[{"value":709,"label":"Secrets"}],"location":[{"value":190,"label":"Hamburg"}],"product_cat":[{"value":664,"label":"Unkategorisiert"}]},"featured_image_src_large":["https:\/\/testwebsite.citygame.com\/wp-content\/blogs.dir\/1\/files\/sites\/62\/2026\/01\/hamburg-players-city-game-rathausmarkt-square.jpg",1024,1024,false],"author_info":[],"comment_info":"","_links":{"self":[{"href":"https:\/\/testwebsite.citygame.com\/de\/wp-json\/wp\/v2\/product\/63575","targetHints":{"allow":["GET"]}}],"collection":[{"href":"https:\/\/testwebsite.citygame.com\/de\/wp-json\/wp\/v2\/product"}],"about":[{"href":"https:\/\/testwebsite.citygame.com\/de\/wp-json\/wp\/v2\/types\/product"}],"acf:post":[{"embeddable":true,"href":"https:\/\/testwebsite.citygame.com\/de\/wp-json\/wp\/v2\/pages\/5324"}],"wp:featuredmedia":[{"embeddable":true,"href":"https:\/\/testwebsite.citygame.com\/de\/wp-json\/wp\/v2\/media\/5368"}],"wp:attachment":[{"href":"https:\/\/testwebsite.citygame.com\/de\/wp-json\/wp\/v2\/media?parent=63575"}],"wp:term":[{"taxonomy":"game-concept","embeddable":true,"href":"https:\/\/testwebsite.citygame.com\/de\/wp-json\/wp\/v2\/game-concept?post=63575"},{"taxonomy":"location","embeddable":true,"href":"https:\/\/testwebsite.citygame.com\/de\/wp-json\/wp\/v2\/location?post=63575"},{"taxonomy":"product_brand","embeddable":true,"href":"https:\/\/testwebsite.citygame.com\/de\/wp-json\/wp\/v2\/product_brand?post=63575"},{"taxonomy":"product_cat","embeddable":true,"href":"https:\/\/testwebsite.citygame.com\/de\/wp-json\/wp\/v2\/product_cat?post=63575"},{"taxonomy":"product_tag","embeddable":true,"href":"https:\/\/testwebsite.citygame.com\/de\/wp-json\/wp\/v2\/product_tag?post=63575"}],"curies":[{"name":"wp","href":"https:\/\/api.w.org\/{rel}","templated":true}]}}