{"id":61932,"date":"2026-01-27T15:10:00","date_gmt":"2026-01-27T15:10:00","guid":{"rendered":"https:\/\/testwebsite.citygame.com\/games\/unknown-location\/secrets-of-dortmund\/"},"modified":"2026-04-08T08:38:58","modified_gmt":"2026-04-08T08:38:58","slug":"secrets-of-dortmund","status":"publish","type":"product","link":"https:\/\/testwebsite.citygame.com\/de\/games\/dortmund\/secrets-of-dortmund\/","title":{"rendered":"Secrets of Dortmund"},"content":{"rendered":"<p>Das City Game Dortmund ist ein selbstgef\u00fchrtes, GPS-basiertes Spiel, das im Stadtzentrum von Dortmund stattfindet. Mit ihren Smartphones erkunden die Spieler die Gegend, indem sie R\u00e4tsel, Denksportaufgaben und Foto-Herausforderungen l\u00f6sen, die die Kultur, Geschichte und verborgenen Details der Stadt enth\u00fcllen. Dieses selbstgef\u00fchrte Stadtspiel bietet eine interaktive M\u00f6glichkeit, Dortmund in Ihrem eigenen Tempo zu erkunden, und ist somit ideal f\u00fcr Besucher und Einheimische gleicherma\u00dfen. Das Erkundungsspiel ist so konzipiert, dass es sowohl f\u00fcr Solo-Abenteurer als auch f\u00fcr Paare, Familien und Freundesgruppen spannend ist. Ob Sie neu in der Stadt sind oder schon seit Jahren hier leben, das GPS-basierte Spiel bietet eine frische Perspektive auf Dortmund.<\/p>\n","protected":false},"excerpt":{"rendered":"<p>Erleben Sie Dortmunds Dynamik und Tiefe! Durchqueren Sie eine Stadt, in der Innovation auf traditionellen Charme trifft, von hoch aufragenden Stahlwerken bis hin zu ruhigen Parks. L\u00f6sen Sie faszinierende R\u00e4tsel, w\u00e4hrend Sie in seine industrielle Seele eintauchen \u2013 Dortmund verspricht eine fesselnde Reise voller Geschichte und Kultur bei jeder Wendung!<\/p>\n","protected":false},"featured_media":5207,"template":"","meta":{"_acf_changed":false,"_yoast_wpseo_focuskw":"Secrets of Dortmund","_yoast_wpseo_metadesc":"Secrets of Dortmund. Spielen Sie ein selbstgef\u00fchrtes City Game und erkunden Sie die Stadt durch R\u00e4tsel, Denksportaufgaben und Herausforderungen. Spielen Sie in Ihrem eigenen Tempo und entdecken Sie wie ein Einheimischer!","_kad_blocks_custom_css":"","_kad_blocks_head_custom_js":"","_kad_blocks_body_custom_js":"","_kad_blocks_footer_custom_js":"","ghostkit_customizer_options":"","ghostkit_custom_css":"","ghostkit_custom_js_head":"","ghostkit_custom_js_foot":"","ghostkit_typography":"","_kad_post_transparent":"","_kad_post_title":"","_kad_post_layout":"","_kad_post_sidebar_id":"","_kad_post_content_style":"","_kad_post_vertical_padding":"","_kad_post_feature":"","_kad_post_feature_position":"","_kad_post_header":false,"_kad_post_footer":false,"_kad_post_classname":"","_links_to":"","_links_to_target":""},"game-concept":[709],"location":[144],"product_brand":[],"product_cat":[664],"product_tag":[],"class_list":{"0":"post-61932","1":"product","2":"type-product","3":"status-publish","4":"has-post-thumbnail","6":"game-concept-secrets","7":"location-dortmund","8":"product_cat-unkategorisiert","10":"first","11":"instock","12":"shipping-taxable","13":"purchasable","14":"product-type-simple","15":"entry","16":"content-bg","17":"loop-entry"},"acf":{"full_bokun_product_name":"Self-Guided Secrets of Dortmund Exploration Game","location_name":"Dortmund","bokun_calendar_widget_code":"<script type=\"text\/javascript\" src=\"https:\/\/widgets.bokun.io\/assets\/javascripts\/apps\/build\/BokunWidgetsLoader.js?bookingChannelUUID=a1e93e96-5232-4734-a595-28405f4b5a31\" async><\/script>\n     \n    <div class=\"bokunWidget\" data-src=\"https:\/\/widgets.bokun.io\/online-sales\/a1e93e96-5232-4734-a595-28405f4b5a31\/experience-calendar\/859557\"><\/div>\n    <noscript>Please enable javascript in your browser to book<\/noscript>","bokun_button_widget_code":"<script type=\"text\/javascript\" src=\"https:\/\/widgets.bokun.io\/assets\/javascripts\/apps\/build\/BokunWidgetsLoader.js?bookingChannelUUID=a1e93e96-5232-4734-a595-28405f4b5a31\" async><\/script>\n      <style> #bokun_ed001e45_5927_4f62_b470_ca766338d083 { display: inline-block; padding: .4em 1em; background: #47b82e; border-radius: 999999px; box-shadow: none; font-weight: 600; font-size: 24px; text-decoration: none; text-align: center; color: #FFFFFF; border:none; cursor: pointer; transition: background .2s ease; } #bokun_ed001e45_5927_4f62_b470_ca766338d083:hover{ background: #2f7b1f; } #bokun_ed001e45_5927_4f62_b470_ca766338d083:active{ background: #378f24; } <\/style> <button class=\"bokunButton\" disabled id=bokun_ed001e45_5927_4f62_b470_ca766338d083 data-src=\"https:\/\/widgets.bokun.io\/online-sales\/a1e93e96-5232-4734-a595-28405f4b5a31\/experience-calendar\/859557?partialView=1\" data-testid=\"widget-book-button\" > Book now <\/button> ","what_you\u2019ll_experience_during_the_game":"Erkunden Sie Dortmund durch eine einzigartige Mischung aus Geschichtenerz\u00e4hlen und Entdeckung in diesem immersiven City Game. W\u00e4hrend Sie Hinweisen folgen und ein fiktives Geheimnis l\u00fcften, f\u00fchrt Sie das Spiel sowohl zu bekannten Sehensw\u00fcrdigkeiten als auch zu weniger bekannten Ecken dieser lebendigen deutschen Stadt. Unterwegs k\u00f6nnten Sie an der historischen Reinoldikirche innehalten, die Atmosph\u00e4re des Alten Marktes auf sich wirken lassen oder die zeitgen\u00f6ssische Architektur rund um das Dortmunder U bewundern. Jeder Halt tr\u00e4gt zur sich entfaltenden Geschichte bei und bietet gleichzeitig eine neue Perspektive auf Dortmunds sich entwickelnden Charakter und seine kulturellen Schichten.\n\nW\u00e4hrend des gesamten Spiels werden Sie R\u00e4tsel, Denksportaufgaben und kreative Fotoaufgaben l\u00f6sen, die Ihr Denk- und Beobachtungsverm\u00f6gen herausfordern. Diese interaktiven Aktivit\u00e4ten helfen Ihnen, Punkte zu sammeln, n\u00fctzliche Hinweise freizuschalten und bei der L\u00f6sung des \u00fcbergeordneten Geheimnisses, das die Reise zusammenh\u00e4lt, voranzukommen. Das City Game kann jederzeit unterbrochen werden, sodass Sie eine Pause einlegen und fortfahren k\u00f6nnen, wann immer es Ihnen passt. F\u00fcr diejenigen mit Ehrgeiz verleiht das Anstreben eines Platzes auf der Bestenliste der Erkundung Dortmunds eine zus\u00e4tzliche Motivation.","how_to_play":"Buchen Sie das Erkundungsspiel, \u00fcberpr\u00fcfen Sie die E-Mail, die wir Ihnen mit den einfachen Anweisungen senden, laden Sie die Loquiz App herunter, greifen Sie auf das Erkundungsspiel zu und schon kann Ihr Spielerlebnis beginnen!","start_location":"Dortmund, Markt","available_languages":["en","es","fr","de","it","nl"],"players_per_group":"1-4","duration":"1.5-2 hours","image_overlay_color_image":"https:\/\/testwebsite.citygame.com\/wp-content\/blogs.dir\/1\/files\/sites\/62\/2026\/01\/SecretsColor.svg","image_overlay_game_logo":"https:\/\/testwebsite.citygame.com\/wp-content\/blogs.dir\/1\/files\/sites\/62\/2026\/01\/SecretsLogo.png","city_page":4874,"woocommerce_general_content":null},"yoast_head":"<!-- This site is optimized with the Yoast SEO Premium plugin v26.2 (Yoast SEO v26.3) - https:\/\/yoast.com\/wordpress\/plugins\/seo\/ -->\n<title>Secrets of Dortmund - City Game<\/title>\n<meta name=\"description\" content=\"Secrets of Dortmund. Spielen Sie ein selbstgef\u00fchrtes City Game und erkunden Sie die Stadt durch R\u00e4tsel, Denksportaufgaben und Herausforderungen. Spielen Sie in Ihrem eigenen Tempo und entdecken Sie wie ein Einheimischer!\" \/>\n<meta name=\"robots\" content=\"noindex, follow, max-snippet:-1, max-image-preview:large, max-video-preview:-1\" \/>\n<meta property=\"og:locale\" content=\"de_DE\" \/>\n<meta property=\"og:type\" content=\"article\" \/>\n<meta property=\"og:title\" content=\"Secrets of Dortmund\" \/>\n<meta property=\"og:description\" content=\"Secrets of Dortmund. Spielen Sie ein selbstgef\u00fchrtes City Game und erkunden Sie die Stadt durch R\u00e4tsel, Denksportaufgaben und Herausforderungen. Spielen Sie in Ihrem eigenen Tempo und entdecken Sie wie ein Einheimischer!\" \/>\n<meta property=\"og:url\" content=\"https:\/\/testwebsite.citygame.com\/de\/games\/dortmund\/secrets-of-dortmund\/\" \/>\n<meta property=\"og:site_name\" content=\"City Game\" \/>\n<meta property=\"article:publisher\" content=\"https:\/\/www.facebook.com\/profile.php?id=100086426226253\" \/>\n<meta property=\"article:modified_time\" content=\"2026-04-08T08:38:58+00:00\" \/>\n<meta property=\"og:image\" content=\"https:\/\/testwebsite.citygame.com\/wp-content\/blogs.dir\/1\/files\/sites\/62\/2026\/01\/dortmund-city-hall-friedensplatz-city-game-player.jpg\" \/>\n\t<meta property=\"og:image:width\" content=\"1024\" \/>\n\t<meta property=\"og:image:height\" content=\"1024\" \/>\n\t<meta property=\"og:image:type\" content=\"image\/jpeg\" \/>\n<meta name=\"twitter:card\" content=\"summary_large_image\" \/>\n<meta name=\"twitter:label1\" content=\"Gesch\u00e4tzte Lesezeit\" \/>\n\t<meta name=\"twitter:data1\" content=\"1\u00a0Minute\" \/>\n<script type=\"application\/ld+json\" class=\"yoast-schema-graph\">{\"@context\":\"https:\/\/schema.org\",\"@graph\":[{\"@type\":\"WebPage\",\"@id\":\"https:\/\/testwebsite.citygame.com\/de\/games\/dortmund\/secrets-of-dortmund\/\",\"url\":\"https:\/\/testwebsite.citygame.com\/de\/games\/dortmund\/secrets-of-dortmund\/\",\"name\":\"Secrets of Dortmund - City Game\",\"isPartOf\":{\"@id\":\"https:\/\/testwebsite.upevents.nl\/#website\"},\"primaryImageOfPage\":{\"@id\":\"https:\/\/testwebsite.citygame.com\/de\/games\/dortmund\/secrets-of-dortmund\/#primaryimage\"},\"image\":{\"@id\":\"https:\/\/testwebsite.citygame.com\/de\/games\/dortmund\/secrets-of-dortmund\/#primaryimage\"},\"thumbnailUrl\":\"https:\/\/testwebsite.citygame.com\/wp-content\/blogs.dir\/1\/files\/sites\/62\/2026\/01\/dortmund-city-hall-friedensplatz-city-game-player.jpg\",\"datePublished\":\"2026-01-27T15:10:00+00:00\",\"dateModified\":\"2026-04-08T08:38:58+00:00\",\"description\":\"Secrets of Dortmund. Spielen Sie ein selbstgef\u00fchrtes City Game und erkunden Sie die Stadt durch R\u00e4tsel, Denksportaufgaben und Herausforderungen. Spielen Sie in Ihrem eigenen Tempo und entdecken Sie wie ein Einheimischer!\",\"breadcrumb\":{\"@id\":\"https:\/\/testwebsite.citygame.com\/de\/games\/dortmund\/secrets-of-dortmund\/#breadcrumb\"},\"inLanguage\":\"de\",\"potentialAction\":[{\"@type\":\"ReadAction\",\"target\":[\"https:\/\/testwebsite.citygame.com\/de\/games\/dortmund\/secrets-of-dortmund\/\"]}]},{\"@type\":\"ImageObject\",\"inLanguage\":\"de\",\"@id\":\"https:\/\/testwebsite.citygame.com\/de\/games\/dortmund\/secrets-of-dortmund\/#primaryimage\",\"url\":\"https:\/\/testwebsite.citygame.com\/wp-content\/blogs.dir\/1\/files\/sites\/62\/2026\/01\/dortmund-city-hall-friedensplatz-city-game-player.jpg\",\"contentUrl\":\"https:\/\/testwebsite.citygame.com\/wp-content\/blogs.dir\/1\/files\/sites\/62\/2026\/01\/dortmund-city-hall-friedensplatz-city-game-player.jpg\",\"width\":1024,\"height\":1024,\"caption\":\"A person plays a city game on their phone in the Friedensplatz square in Dortmund.\"},{\"@type\":\"BreadcrumbList\",\"@id\":\"https:\/\/testwebsite.citygame.com\/de\/games\/dortmund\/secrets-of-dortmund\/#breadcrumb\",\"itemListElement\":[{\"@type\":\"ListItem\",\"position\":1,\"name\":\"Home\",\"item\":\"https:\/\/testwebsite.citygame.com\/de\/\"},{\"@type\":\"ListItem\",\"position\":2,\"name\":\"Shop\",\"item\":\"https:\/\/testwebsite.citygame.com\/shop\/\"},{\"@type\":\"ListItem\",\"position\":3,\"name\":\"Secrets of Dortmund\"}]},{\"@type\":\"WebSite\",\"@id\":\"https:\/\/testwebsite.upevents.nl\/#website\",\"url\":\"https:\/\/testwebsite.upevents.nl\/\",\"name\":\"City Game\",\"description\":\"\",\"publisher\":{\"@id\":\"https:\/\/testwebsite.upevents.nl\/#organization\"},\"alternateName\":\"citygame.com\",\"potentialAction\":[{\"@type\":\"SearchAction\",\"target\":{\"@type\":\"EntryPoint\",\"urlTemplate\":\"https:\/\/testwebsite.upevents.nl\/?s={search_term_string}\"},\"query-input\":{\"@type\":\"PropertyValueSpecification\",\"valueRequired\":true,\"valueName\":\"search_term_string\"}}],\"inLanguage\":\"de\"},{\"@type\":[\"Organization\",\"Place\"],\"@id\":\"https:\/\/testwebsite.upevents.nl\/#organization\",\"name\":\"City Game\",\"alternateName\":\"citygame.com\",\"url\":\"https:\/\/testwebsite.upevents.nl\/\",\"logo\":{\"@id\":\"https:\/\/testwebsite.citygame.com\/de\/games\/dortmund\/secrets-of-dortmund\/#local-main-organization-logo\"},\"image\":{\"@id\":\"https:\/\/testwebsite.citygame.com\/de\/games\/dortmund\/secrets-of-dortmund\/#local-main-organization-logo\"},\"sameAs\":[\"https:\/\/www.facebook.com\/profile.php?id=100086426226253\",\"https:\/\/www.instagram.com\/citygame_com\",\"https:\/\/www.tiktok.com\/@citygamecom\/\",\"https:\/\/www.linkedin.com\/company\/citygame-com\"],\"description\":\"Turn any city into a playground with our interactive City Games and self-guided tours. Fun, flexible, and ideal for groups and team building.\",\"telephone\":[],\"openingHoursSpecification\":[{\"@type\":\"OpeningHoursSpecification\",\"dayOfWeek\":[\"Monday\",\"Tuesday\",\"Wednesday\",\"Thursday\",\"Friday\",\"Saturday\",\"Sunday\"],\"opens\":\"09:00\",\"closes\":\"17:00\"}]},{\"@type\":\"ImageObject\",\"inLanguage\":\"de\",\"@id\":\"https:\/\/testwebsite.citygame.com\/de\/games\/dortmund\/secrets-of-dortmund\/#local-main-organization-logo\",\"url\":\"https:\/\/testwebsite.citygame.com\/wp-content\/blogs.dir\/1\/files\/sites\/62\/2025\/10\/CG_LOGO-City-Game.png\",\"contentUrl\":\"https:\/\/testwebsite.citygame.com\/wp-content\/blogs.dir\/1\/files\/sites\/62\/2025\/10\/CG_LOGO-City-Game.png\",\"width\":351,\"height\":377,\"caption\":\"City Game\"}]}<\/script>\n<!-- \/ Yoast SEO Premium plugin. -->","yoast_head_json":{"title":"Secrets of Dortmund - City Game","description":"Secrets of Dortmund. Spielen Sie ein selbstgef\u00fchrtes City Game und erkunden Sie die Stadt durch R\u00e4tsel, Denksportaufgaben und Herausforderungen. Spielen Sie in Ihrem eigenen Tempo und entdecken Sie wie ein Einheimischer!","robots":{"index":"noindex","follow":"follow","max-snippet":"max-snippet:-1","max-image-preview":"max-image-preview:large","max-video-preview":"max-video-preview:-1"},"og_locale":"de_DE","og_type":"article","og_title":"Secrets of Dortmund","og_description":"Secrets of Dortmund. Spielen Sie ein selbstgef\u00fchrtes City Game und erkunden Sie die Stadt durch R\u00e4tsel, Denksportaufgaben und Herausforderungen. Spielen Sie in Ihrem eigenen Tempo und entdecken Sie wie ein Einheimischer!","og_url":"https:\/\/testwebsite.citygame.com\/de\/games\/dortmund\/secrets-of-dortmund\/","og_site_name":"City Game","article_publisher":"https:\/\/www.facebook.com\/profile.php?id=100086426226253","article_modified_time":"2026-04-08T08:38:58+00:00","og_image":[{"width":1024,"height":1024,"url":"https:\/\/testwebsite.citygame.com\/wp-content\/blogs.dir\/1\/files\/sites\/62\/2026\/01\/dortmund-city-hall-friedensplatz-city-game-player.jpg","type":"image\/jpeg"}],"twitter_card":"summary_large_image","twitter_misc":{"Gesch\u00e4tzte Lesezeit":"1\u00a0Minute"},"schema":{"@context":"https:\/\/schema.org","@graph":[{"@type":"WebPage","@id":"https:\/\/testwebsite.citygame.com\/de\/games\/dortmund\/secrets-of-dortmund\/","url":"https:\/\/testwebsite.citygame.com\/de\/games\/dortmund\/secrets-of-dortmund\/","name":"Secrets of Dortmund - City Game","isPartOf":{"@id":"https:\/\/testwebsite.upevents.nl\/#website"},"primaryImageOfPage":{"@id":"https:\/\/testwebsite.citygame.com\/de\/games\/dortmund\/secrets-of-dortmund\/#primaryimage"},"image":{"@id":"https:\/\/testwebsite.citygame.com\/de\/games\/dortmund\/secrets-of-dortmund\/#primaryimage"},"thumbnailUrl":"https:\/\/testwebsite.citygame.com\/wp-content\/blogs.dir\/1\/files\/sites\/62\/2026\/01\/dortmund-city-hall-friedensplatz-city-game-player.jpg","datePublished":"2026-01-27T15:10:00+00:00","dateModified":"2026-04-08T08:38:58+00:00","description":"Secrets of Dortmund. Spielen Sie ein selbstgef\u00fchrtes City Game und erkunden Sie die Stadt durch R\u00e4tsel, Denksportaufgaben und Herausforderungen. Spielen Sie in Ihrem eigenen Tempo und entdecken Sie wie ein Einheimischer!","breadcrumb":{"@id":"https:\/\/testwebsite.citygame.com\/de\/games\/dortmund\/secrets-of-dortmund\/#breadcrumb"},"inLanguage":"de","potentialAction":[{"@type":"ReadAction","target":["https:\/\/testwebsite.citygame.com\/de\/games\/dortmund\/secrets-of-dortmund\/"]}]},{"@type":"ImageObject","inLanguage":"de","@id":"https:\/\/testwebsite.citygame.com\/de\/games\/dortmund\/secrets-of-dortmund\/#primaryimage","url":"https:\/\/testwebsite.citygame.com\/wp-content\/blogs.dir\/1\/files\/sites\/62\/2026\/01\/dortmund-city-hall-friedensplatz-city-game-player.jpg","contentUrl":"https:\/\/testwebsite.citygame.com\/wp-content\/blogs.dir\/1\/files\/sites\/62\/2026\/01\/dortmund-city-hall-friedensplatz-city-game-player.jpg","width":1024,"height":1024,"caption":"A person plays a city game on their phone in the Friedensplatz square in Dortmund."},{"@type":"BreadcrumbList","@id":"https:\/\/testwebsite.citygame.com\/de\/games\/dortmund\/secrets-of-dortmund\/#breadcrumb","itemListElement":[{"@type":"ListItem","position":1,"name":"Home","item":"https:\/\/testwebsite.citygame.com\/de\/"},{"@type":"ListItem","position":2,"name":"Shop","item":"https:\/\/testwebsite.citygame.com\/shop\/"},{"@type":"ListItem","position":3,"name":"Secrets of Dortmund"}]},{"@type":"WebSite","@id":"https:\/\/testwebsite.upevents.nl\/#website","url":"https:\/\/testwebsite.upevents.nl\/","name":"City Game","description":"","publisher":{"@id":"https:\/\/testwebsite.upevents.nl\/#organization"},"alternateName":"citygame.com","potentialAction":[{"@type":"SearchAction","target":{"@type":"EntryPoint","urlTemplate":"https:\/\/testwebsite.upevents.nl\/?s={search_term_string}"},"query-input":{"@type":"PropertyValueSpecification","valueRequired":true,"valueName":"search_term_string"}}],"inLanguage":"de"},{"@type":["Organization","Place"],"@id":"https:\/\/testwebsite.upevents.nl\/#organization","name":"City Game","alternateName":"citygame.com","url":"https:\/\/testwebsite.upevents.nl\/","logo":{"@id":"https:\/\/testwebsite.citygame.com\/de\/games\/dortmund\/secrets-of-dortmund\/#local-main-organization-logo"},"image":{"@id":"https:\/\/testwebsite.citygame.com\/de\/games\/dortmund\/secrets-of-dortmund\/#local-main-organization-logo"},"sameAs":["https:\/\/www.facebook.com\/profile.php?id=100086426226253","https:\/\/www.instagram.com\/citygame_com","https:\/\/www.tiktok.com\/@citygamecom\/","https:\/\/www.linkedin.com\/company\/citygame-com"],"description":"Turn any city into a playground with our interactive City Games and self-guided tours. Fun, flexible, and ideal for groups and team building.","telephone":[],"openingHoursSpecification":[{"@type":"OpeningHoursSpecification","dayOfWeek":["Monday","Tuesday","Wednesday","Thursday","Friday","Saturday","Sunday"],"opens":"09:00","closes":"17:00"}]},{"@type":"ImageObject","inLanguage":"de","@id":"https:\/\/testwebsite.citygame.com\/de\/games\/dortmund\/secrets-of-dortmund\/#local-main-organization-logo","url":"https:\/\/testwebsite.citygame.com\/wp-content\/blogs.dir\/1\/files\/sites\/62\/2025\/10\/CG_LOGO-City-Game.png","contentUrl":"https:\/\/testwebsite.citygame.com\/wp-content\/blogs.dir\/1\/files\/sites\/62\/2025\/10\/CG_LOGO-City-Game.png","width":351,"height":377,"caption":"City Game"}]}},"taxonomy_info":{"game-concept":[{"value":709,"label":"Secrets"}],"location":[{"value":144,"label":"Dortmund"}],"product_cat":[{"value":664,"label":"Unkategorisiert"}]},"featured_image_src_large":["https:\/\/testwebsite.citygame.com\/wp-content\/blogs.dir\/1\/files\/sites\/62\/2026\/01\/dortmund-city-hall-friedensplatz-city-game-player.jpg",1024,1024,false],"author_info":[],"comment_info":"","_links":{"self":[{"href":"https:\/\/testwebsite.citygame.com\/de\/wp-json\/wp\/v2\/product\/61932","targetHints":{"allow":["GET"]}}],"collection":[{"href":"https:\/\/testwebsite.citygame.com\/de\/wp-json\/wp\/v2\/product"}],"about":[{"href":"https:\/\/testwebsite.citygame.com\/de\/wp-json\/wp\/v2\/types\/product"}],"acf:post":[{"embeddable":true,"href":"https:\/\/testwebsite.citygame.com\/de\/wp-json\/wp\/v2\/pages\/4874"}],"wp:featuredmedia":[{"embeddable":true,"href":"https:\/\/testwebsite.citygame.com\/de\/wp-json\/wp\/v2\/media\/5207"}],"wp:attachment":[{"href":"https:\/\/testwebsite.citygame.com\/de\/wp-json\/wp\/v2\/media?parent=61932"}],"wp:term":[{"taxonomy":"game-concept","embeddable":true,"href":"https:\/\/testwebsite.citygame.com\/de\/wp-json\/wp\/v2\/game-concept?post=61932"},{"taxonomy":"location","embeddable":true,"href":"https:\/\/testwebsite.citygame.com\/de\/wp-json\/wp\/v2\/location?post=61932"},{"taxonomy":"product_brand","embeddable":true,"href":"https:\/\/testwebsite.citygame.com\/de\/wp-json\/wp\/v2\/product_brand?post=61932"},{"taxonomy":"product_cat","embeddable":true,"href":"https:\/\/testwebsite.citygame.com\/de\/wp-json\/wp\/v2\/product_cat?post=61932"},{"taxonomy":"product_tag","embeddable":true,"href":"https:\/\/testwebsite.citygame.com\/de\/wp-json\/wp\/v2\/product_tag?post=61932"}],"curies":[{"name":"wp","href":"https:\/\/api.w.org\/{rel}","templated":true}]}}