{"id":61584,"date":"2026-02-19T15:11:06","date_gmt":"2026-02-19T15:11:06","guid":{"rendered":"https:\/\/testwebsite.citygame.com\/games\/unknown-location\/sherlock-holmes-bilbao\/"},"modified":"2026-04-08T08:00:35","modified_gmt":"2026-04-08T08:00:35","slug":"sherlock-holmes-bilbao","status":"publish","type":"product","link":"https:\/\/testwebsite.citygame.com\/de\/games\/bilbao\/sherlock-holmes-bilbao\/","title":{"rendered":"Sherlock Holmes Bilbao"},"content":{"rendered":"<p>Betreten Sie die Welt von Sherlock Holmes im Stadtzentrum von Bilbao, wo sich dieses selbstgef\u00fchrte, von einer Geschichte getragene Krimi-Stadterlebnis entfaltet. Lassen Sie die Stadtstra\u00dfen zu Ihrem Detektivspielplatz werden, als immersive Kulisse f\u00fcr eine Untersuchung eines Mordes, der w\u00e4hrend des Liberty Festivals geschah. Werden Sie wirklich Teil der Erz\u00e4hlung, w\u00e4hrend Sie sich durch die Stadt bewegen, Hinweise sammeln, R\u00e4tsel l\u00f6sen und digitale Verd\u00e4chtige verh\u00f6ren, und das alles in einem Tempo, das Ihnen passt. Nutzen Sie die Freiheit, die Tiefe Ihrer detektivischen F\u00e4higkeiten in dem fesselnden Milieu zu erkunden, das das Sherlock Holmes&#8217; City Game ist.<\/p>\n","protected":false},"excerpt":{"rendered":"<p>Schl\u00fcpfen Sie in die illustren Fu\u00dfstapfen von Sherlock Holmes f\u00fcr ein selbstgef\u00fchrtes Krimi-R\u00e4tselspiel in Bilbao. Folgen Sie verzwickten Hinweisen, l\u00f6sen Sie fesselnde R\u00e4tsel mit Ihrem Team und liefern Sie sich ein Wettrennen mit der Zeit, um die erschreckende Wahrheit aufzudecken!<\/p>\n","protected":false},"featured_media":14968,"template":"","meta":{"_acf_changed":false,"_yoast_wpseo_focuskw":"Sherlock Holmes Bilbao","_yoast_wpseo_metadesc":"Sherlock Holmes Bilbao. Spielen Sie ein selbstgef\u00fchrtes Krimi-Stadterlebnis, l\u00f6sen Sie R\u00e4tsel, folgen Sie Hinweisen und decken Sie den M\u00f6rder in Ihrem eigenen Tempo auf!","_kad_blocks_custom_css":"","_kad_blocks_head_custom_js":"","_kad_blocks_body_custom_js":"","_kad_blocks_footer_custom_js":"","ghostkit_customizer_options":"","ghostkit_custom_css":"","ghostkit_custom_js_head":"","ghostkit_custom_js_foot":"","ghostkit_typography":"","_kad_post_transparent":"","_kad_post_title":"","_kad_post_layout":"","_kad_post_sidebar_id":"","_kad_post_content_style":"","_kad_post_vertical_padding":"","_kad_post_feature":"","_kad_post_feature_position":"","_kad_post_header":false,"_kad_post_footer":false,"_kad_post_classname":"","_links_to":"","_links_to_target":""},"game-concept":[770],"location":[90],"product_brand":[],"product_cat":[664],"product_tag":[],"class_list":{"0":"post-61584","1":"product","2":"type-product","3":"status-publish","4":"has-post-thumbnail","6":"game-concept-sherlock","7":"location-bilbao","8":"product_cat-unkategorisiert","10":"first","11":"instock","12":"shipping-taxable","13":"purchasable","14":"product-type-simple","15":"entry","16":"content-bg","17":"loop-entry"},"acf":{"full_bokun_product_name":"Bilbao Self-Guided Sherlock Holmes Murder Mystery Game","location_name":"Bilbao","bokun_calendar_widget_code":"<script type=\"text\/javascript\" src=\"https:\/\/widgets.bokun.io\/assets\/javascripts\/apps\/build\/BokunWidgetsLoader.js?bookingChannelUUID=a1e93e96-5232-4734-a595-28405f4b5a31\" async><\/script>\n     \n    <div class=\"bokunWidget\" data-src=\"https:\/\/widgets.bokun.io\/online-sales\/a1e93e96-5232-4734-a595-28405f4b5a31\/experience-calendar\/771925\"><\/div>\n    <noscript>Please enable javascript in your browser to book<\/noscript>","bokun_button_widget_code":"<script type=\"text\/javascript\" src=\"https:\/\/widgets.bokun.io\/assets\/javascripts\/apps\/build\/BokunWidgetsLoader.js?bookingChannelUUID=a1e93e96-5232-4734-a595-28405f4b5a31\" async><\/script>\n      <style> #bokun_ed001e45_5927_4f62_b470_ca766338d083 { display: inline-block; padding: .4em 1em; background: #47b82e; border-radius: 999999px; box-shadow: none; font-weight: 600; font-size: 24px; text-decoration: none; text-align: center; color: #FFFFFF; border:none; cursor: pointer; transition: background .2s ease; } #bokun_ed001e45_5927_4f62_b470_ca766338d083:hover{ background: #2f7b1f; } #bokun_ed001e45_5927_4f62_b470_ca766338d083:active{ background: #378f24; } <\/style> <button class=\"bokunButton\" disabled id=bokun_ed001e45_5927_4f62_b470_ca766338d083 data-src=\"https:\/\/widgets.bokun.io\/online-sales\/a1e93e96-5232-4734-a595-28405f4b5a31\/experience-calendar\/771925?partialView=1\" data-testid=\"widget-book-button\" > Book now <\/button> ","what_you\u2019ll_experience_during_the_game":"W\u00e4hrend des Sherlock Holmes City Game in Bilbao schl\u00fcpfen Sie in die Rolle eines Detektivs und begeben sich auf eine fesselnde Reise. Dieses spannende Abenteuer ist vollst\u00e4ndig von einer Geschichte getragen und spielt vor der Kulisse der lebhaften Stra\u00dfen Bilbaos. W\u00e4hrend sich die Erz\u00e4hlung entfaltet, tauchen Sie tiefer in das Geheimnis ein, setzen Hinweise zusammen, l\u00f6sen r\u00e4tselhafte Aufgaben und sto\u00dfen bei Ihrer Untersuchung auf unerwartete Wendungen.\n\nSie analysieren digitale Verd\u00e4chtige, pr\u00fcfen deren Alibis und suchen nach Widerspr\u00fcchen, w\u00e4hrend Sie versuchen, die Wahrheit hinter einem fesselnden Mordfall w\u00e4hrend des Liberty Festivals aufzudecken. Dies ist nicht nur ein gem\u00fctlicher Spaziergang, sondern ein Test Ihres kritischen Denkens, Ihrer Beobachtungsgabe und Ihrer deduktiven F\u00e4higkeiten. Machen Sie sich jedoch keine Sorgen \u00fcber Drucksituationen, denn Sie k\u00f6nnen sich in Ihrem eigenen Tempo bewegen, das Spiel jederzeit pausieren und fortsetzen. Sie haben sogar die M\u00f6glichkeit, einen Hauch von Wettbewerb hinzuzuf\u00fcgen, indem Sie ein Team bilden, aber denken Sie daran: Der Hauptfokus liegt hier auf der spannenden Herausforderung einer echten Detektivgeschichte.","how_to_play":"Arbeiten Sie alleine oder mit Freunden, Familie oder Kollegen in Teams von bis zu vier Personen pro Ger\u00e4t. Nach der Buchung erhalten Sie eine E-Mail mit Anweisungen und allem, was Sie ben\u00f6tigen.","start_location":"Biblao, City hall","available_languages":["en","es","fr","de","it","nl"],"players_per_group":"1-4","duration":"1.5-2 hours","image_overlay_color_image":"https:\/\/testwebsite.citygame.com\/wp-content\/blogs.dir\/1\/files\/sites\/62\/2026\/01\/SherlockColor.svg","image_overlay_game_logo":"https:\/\/testwebsite.citygame.com\/wp-content\/blogs.dir\/1\/files\/sites\/62\/2026\/01\/SherlockLogo.png","city_page":9255,"woocommerce_general_content":null},"yoast_head":"<!-- This site is optimized with the Yoast SEO Premium plugin v26.2 (Yoast SEO v26.3) - https:\/\/yoast.com\/wordpress\/plugins\/seo\/ -->\n<title>Sherlock Holmes Bilbao - City Game<\/title>\n<meta name=\"description\" content=\"Sherlock Holmes Bilbao. Spielen Sie ein selbstgef\u00fchrtes Krimi-Stadterlebnis, l\u00f6sen Sie R\u00e4tsel, folgen Sie Hinweisen und decken Sie den M\u00f6rder in Ihrem eigenen Tempo auf!\" \/>\n<meta name=\"robots\" content=\"noindex, follow, max-snippet:-1, max-image-preview:large, max-video-preview:-1\" \/>\n<meta property=\"og:locale\" content=\"de_DE\" \/>\n<meta property=\"og:type\" content=\"article\" \/>\n<meta property=\"og:title\" content=\"Sherlock Holmes Bilbao\" \/>\n<meta property=\"og:description\" content=\"Sherlock Holmes Bilbao. Spielen Sie ein selbstgef\u00fchrtes Krimi-Stadterlebnis, l\u00f6sen Sie R\u00e4tsel, folgen Sie Hinweisen und decken Sie den M\u00f6rder in Ihrem eigenen Tempo auf!\" \/>\n<meta property=\"og:url\" content=\"https:\/\/testwebsite.citygame.com\/de\/games\/bilbao\/sherlock-holmes-bilbao\/\" \/>\n<meta property=\"og:site_name\" content=\"City Game\" \/>\n<meta property=\"article:publisher\" content=\"https:\/\/www.facebook.com\/profile.php?id=100086426226253\" \/>\n<meta property=\"article:modified_time\" content=\"2026-04-08T08:00:35+00:00\" \/>\n<meta property=\"og:image\" content=\"https:\/\/testwebsite.citygame.com\/wp-content\/blogs.dir\/1\/files\/sites\/62\/2026\/02\/group-of-friends-playing-city-game-on-phone-in-front-of-santiago-cathedral-bilbao.jpg\" \/>\n\t<meta property=\"og:image:width\" content=\"1024\" \/>\n\t<meta property=\"og:image:height\" content=\"1024\" \/>\n\t<meta property=\"og:image:type\" content=\"image\/jpeg\" \/>\n<meta name=\"twitter:card\" content=\"summary_large_image\" \/>\n<meta name=\"twitter:label1\" content=\"Gesch\u00e4tzte Lesezeit\" \/>\n\t<meta name=\"twitter:data1\" content=\"1\u00a0Minute\" \/>\n<script type=\"application\/ld+json\" class=\"yoast-schema-graph\">{\"@context\":\"https:\/\/schema.org\",\"@graph\":[{\"@type\":\"WebPage\",\"@id\":\"https:\/\/testwebsite.citygame.com\/de\/games\/bilbao\/sherlock-holmes-bilbao\/\",\"url\":\"https:\/\/testwebsite.citygame.com\/de\/games\/bilbao\/sherlock-holmes-bilbao\/\",\"name\":\"Sherlock Holmes Bilbao - City Game\",\"isPartOf\":{\"@id\":\"https:\/\/testwebsite.upevents.nl\/#website\"},\"primaryImageOfPage\":{\"@id\":\"https:\/\/testwebsite.citygame.com\/de\/games\/bilbao\/sherlock-holmes-bilbao\/#primaryimage\"},\"image\":{\"@id\":\"https:\/\/testwebsite.citygame.com\/de\/games\/bilbao\/sherlock-holmes-bilbao\/#primaryimage\"},\"thumbnailUrl\":\"https:\/\/testwebsite.citygame.com\/wp-content\/blogs.dir\/1\/files\/sites\/62\/2026\/02\/group-of-friends-playing-city-game-on-phone-in-front-of-santiago-cathedral-bilbao.jpg\",\"datePublished\":\"2026-02-19T15:11:06+00:00\",\"dateModified\":\"2026-04-08T08:00:35+00:00\",\"description\":\"Sherlock Holmes Bilbao. Spielen Sie ein selbstgef\u00fchrtes Krimi-Stadterlebnis, l\u00f6sen Sie R\u00e4tsel, folgen Sie Hinweisen und decken Sie den M\u00f6rder in Ihrem eigenen Tempo auf!\",\"breadcrumb\":{\"@id\":\"https:\/\/testwebsite.citygame.com\/de\/games\/bilbao\/sherlock-holmes-bilbao\/#breadcrumb\"},\"inLanguage\":\"de\",\"potentialAction\":[{\"@type\":\"ReadAction\",\"target\":[\"https:\/\/testwebsite.citygame.com\/de\/games\/bilbao\/sherlock-holmes-bilbao\/\"]}]},{\"@type\":\"ImageObject\",\"inLanguage\":\"de\",\"@id\":\"https:\/\/testwebsite.citygame.com\/de\/games\/bilbao\/sherlock-holmes-bilbao\/#primaryimage\",\"url\":\"https:\/\/testwebsite.citygame.com\/wp-content\/blogs.dir\/1\/files\/sites\/62\/2026\/02\/group-of-friends-playing-city-game-on-phone-in-front-of-santiago-cathedral-bilbao.jpg\",\"contentUrl\":\"https:\/\/testwebsite.citygame.com\/wp-content\/blogs.dir\/1\/files\/sites\/62\/2026\/02\/group-of-friends-playing-city-game-on-phone-in-front-of-santiago-cathedral-bilbao.jpg\",\"width\":1024,\"height\":1024,\"caption\":\"A group of young people gathered around a mobile phone in front of Bilbao's Santiago Cathedral.\"},{\"@type\":\"BreadcrumbList\",\"@id\":\"https:\/\/testwebsite.citygame.com\/de\/games\/bilbao\/sherlock-holmes-bilbao\/#breadcrumb\",\"itemListElement\":[{\"@type\":\"ListItem\",\"position\":1,\"name\":\"Home\",\"item\":\"https:\/\/testwebsite.citygame.com\/de\/\"},{\"@type\":\"ListItem\",\"position\":2,\"name\":\"Shop\",\"item\":\"https:\/\/testwebsite.citygame.com\/shop\/\"},{\"@type\":\"ListItem\",\"position\":3,\"name\":\"Sherlock Holmes Bilbao\"}]},{\"@type\":\"WebSite\",\"@id\":\"https:\/\/testwebsite.upevents.nl\/#website\",\"url\":\"https:\/\/testwebsite.upevents.nl\/\",\"name\":\"City Game\",\"description\":\"\",\"publisher\":{\"@id\":\"https:\/\/testwebsite.upevents.nl\/#organization\"},\"alternateName\":\"citygame.com\",\"potentialAction\":[{\"@type\":\"SearchAction\",\"target\":{\"@type\":\"EntryPoint\",\"urlTemplate\":\"https:\/\/testwebsite.upevents.nl\/?s={search_term_string}\"},\"query-input\":{\"@type\":\"PropertyValueSpecification\",\"valueRequired\":true,\"valueName\":\"search_term_string\"}}],\"inLanguage\":\"de\"},{\"@type\":[\"Organization\",\"Place\"],\"@id\":\"https:\/\/testwebsite.upevents.nl\/#organization\",\"name\":\"City Game\",\"alternateName\":\"citygame.com\",\"url\":\"https:\/\/testwebsite.upevents.nl\/\",\"logo\":{\"@id\":\"https:\/\/testwebsite.citygame.com\/de\/games\/bilbao\/sherlock-holmes-bilbao\/#local-main-organization-logo\"},\"image\":{\"@id\":\"https:\/\/testwebsite.citygame.com\/de\/games\/bilbao\/sherlock-holmes-bilbao\/#local-main-organization-logo\"},\"sameAs\":[\"https:\/\/www.facebook.com\/profile.php?id=100086426226253\",\"https:\/\/www.instagram.com\/citygame_com\",\"https:\/\/www.tiktok.com\/@citygamecom\/\",\"https:\/\/www.linkedin.com\/company\/citygame-com\"],\"description\":\"Turn any city into a playground with our interactive City Games and self-guided tours. Fun, flexible, and ideal for groups and team building.\",\"telephone\":[],\"openingHoursSpecification\":[{\"@type\":\"OpeningHoursSpecification\",\"dayOfWeek\":[\"Monday\",\"Tuesday\",\"Wednesday\",\"Thursday\",\"Friday\",\"Saturday\",\"Sunday\"],\"opens\":\"09:00\",\"closes\":\"17:00\"}]},{\"@type\":\"ImageObject\",\"inLanguage\":\"de\",\"@id\":\"https:\/\/testwebsite.citygame.com\/de\/games\/bilbao\/sherlock-holmes-bilbao\/#local-main-organization-logo\",\"url\":\"https:\/\/testwebsite.citygame.com\/wp-content\/blogs.dir\/1\/files\/sites\/62\/2025\/10\/CG_LOGO-City-Game.png\",\"contentUrl\":\"https:\/\/testwebsite.citygame.com\/wp-content\/blogs.dir\/1\/files\/sites\/62\/2025\/10\/CG_LOGO-City-Game.png\",\"width\":351,\"height\":377,\"caption\":\"City Game\"}]}<\/script>\n<!-- \/ Yoast SEO Premium plugin. -->","yoast_head_json":{"title":"Sherlock Holmes Bilbao - City Game","description":"Sherlock Holmes Bilbao. Spielen Sie ein selbstgef\u00fchrtes Krimi-Stadterlebnis, l\u00f6sen Sie R\u00e4tsel, folgen Sie Hinweisen und decken Sie den M\u00f6rder in Ihrem eigenen Tempo auf!","robots":{"index":"noindex","follow":"follow","max-snippet":"max-snippet:-1","max-image-preview":"max-image-preview:large","max-video-preview":"max-video-preview:-1"},"og_locale":"de_DE","og_type":"article","og_title":"Sherlock Holmes Bilbao","og_description":"Sherlock Holmes Bilbao. Spielen Sie ein selbstgef\u00fchrtes Krimi-Stadterlebnis, l\u00f6sen Sie R\u00e4tsel, folgen Sie Hinweisen und decken Sie den M\u00f6rder in Ihrem eigenen Tempo auf!","og_url":"https:\/\/testwebsite.citygame.com\/de\/games\/bilbao\/sherlock-holmes-bilbao\/","og_site_name":"City Game","article_publisher":"https:\/\/www.facebook.com\/profile.php?id=100086426226253","article_modified_time":"2026-04-08T08:00:35+00:00","og_image":[{"width":1024,"height":1024,"url":"https:\/\/testwebsite.citygame.com\/wp-content\/blogs.dir\/1\/files\/sites\/62\/2026\/02\/group-of-friends-playing-city-game-on-phone-in-front-of-santiago-cathedral-bilbao.jpg","type":"image\/jpeg"}],"twitter_card":"summary_large_image","twitter_misc":{"Gesch\u00e4tzte Lesezeit":"1\u00a0Minute"},"schema":{"@context":"https:\/\/schema.org","@graph":[{"@type":"WebPage","@id":"https:\/\/testwebsite.citygame.com\/de\/games\/bilbao\/sherlock-holmes-bilbao\/","url":"https:\/\/testwebsite.citygame.com\/de\/games\/bilbao\/sherlock-holmes-bilbao\/","name":"Sherlock Holmes Bilbao - City Game","isPartOf":{"@id":"https:\/\/testwebsite.upevents.nl\/#website"},"primaryImageOfPage":{"@id":"https:\/\/testwebsite.citygame.com\/de\/games\/bilbao\/sherlock-holmes-bilbao\/#primaryimage"},"image":{"@id":"https:\/\/testwebsite.citygame.com\/de\/games\/bilbao\/sherlock-holmes-bilbao\/#primaryimage"},"thumbnailUrl":"https:\/\/testwebsite.citygame.com\/wp-content\/blogs.dir\/1\/files\/sites\/62\/2026\/02\/group-of-friends-playing-city-game-on-phone-in-front-of-santiago-cathedral-bilbao.jpg","datePublished":"2026-02-19T15:11:06+00:00","dateModified":"2026-04-08T08:00:35+00:00","description":"Sherlock Holmes Bilbao. Spielen Sie ein selbstgef\u00fchrtes Krimi-Stadterlebnis, l\u00f6sen Sie R\u00e4tsel, folgen Sie Hinweisen und decken Sie den M\u00f6rder in Ihrem eigenen Tempo auf!","breadcrumb":{"@id":"https:\/\/testwebsite.citygame.com\/de\/games\/bilbao\/sherlock-holmes-bilbao\/#breadcrumb"},"inLanguage":"de","potentialAction":[{"@type":"ReadAction","target":["https:\/\/testwebsite.citygame.com\/de\/games\/bilbao\/sherlock-holmes-bilbao\/"]}]},{"@type":"ImageObject","inLanguage":"de","@id":"https:\/\/testwebsite.citygame.com\/de\/games\/bilbao\/sherlock-holmes-bilbao\/#primaryimage","url":"https:\/\/testwebsite.citygame.com\/wp-content\/blogs.dir\/1\/files\/sites\/62\/2026\/02\/group-of-friends-playing-city-game-on-phone-in-front-of-santiago-cathedral-bilbao.jpg","contentUrl":"https:\/\/testwebsite.citygame.com\/wp-content\/blogs.dir\/1\/files\/sites\/62\/2026\/02\/group-of-friends-playing-city-game-on-phone-in-front-of-santiago-cathedral-bilbao.jpg","width":1024,"height":1024,"caption":"A group of young people gathered around a mobile phone in front of Bilbao's Santiago Cathedral."},{"@type":"BreadcrumbList","@id":"https:\/\/testwebsite.citygame.com\/de\/games\/bilbao\/sherlock-holmes-bilbao\/#breadcrumb","itemListElement":[{"@type":"ListItem","position":1,"name":"Home","item":"https:\/\/testwebsite.citygame.com\/de\/"},{"@type":"ListItem","position":2,"name":"Shop","item":"https:\/\/testwebsite.citygame.com\/shop\/"},{"@type":"ListItem","position":3,"name":"Sherlock Holmes Bilbao"}]},{"@type":"WebSite","@id":"https:\/\/testwebsite.upevents.nl\/#website","url":"https:\/\/testwebsite.upevents.nl\/","name":"City Game","description":"","publisher":{"@id":"https:\/\/testwebsite.upevents.nl\/#organization"},"alternateName":"citygame.com","potentialAction":[{"@type":"SearchAction","target":{"@type":"EntryPoint","urlTemplate":"https:\/\/testwebsite.upevents.nl\/?s={search_term_string}"},"query-input":{"@type":"PropertyValueSpecification","valueRequired":true,"valueName":"search_term_string"}}],"inLanguage":"de"},{"@type":["Organization","Place"],"@id":"https:\/\/testwebsite.upevents.nl\/#organization","name":"City Game","alternateName":"citygame.com","url":"https:\/\/testwebsite.upevents.nl\/","logo":{"@id":"https:\/\/testwebsite.citygame.com\/de\/games\/bilbao\/sherlock-holmes-bilbao\/#local-main-organization-logo"},"image":{"@id":"https:\/\/testwebsite.citygame.com\/de\/games\/bilbao\/sherlock-holmes-bilbao\/#local-main-organization-logo"},"sameAs":["https:\/\/www.facebook.com\/profile.php?id=100086426226253","https:\/\/www.instagram.com\/citygame_com","https:\/\/www.tiktok.com\/@citygamecom\/","https:\/\/www.linkedin.com\/company\/citygame-com"],"description":"Turn any city into a playground with our interactive City Games and self-guided tours. Fun, flexible, and ideal for groups and team building.","telephone":[],"openingHoursSpecification":[{"@type":"OpeningHoursSpecification","dayOfWeek":["Monday","Tuesday","Wednesday","Thursday","Friday","Saturday","Sunday"],"opens":"09:00","closes":"17:00"}]},{"@type":"ImageObject","inLanguage":"de","@id":"https:\/\/testwebsite.citygame.com\/de\/games\/bilbao\/sherlock-holmes-bilbao\/#local-main-organization-logo","url":"https:\/\/testwebsite.citygame.com\/wp-content\/blogs.dir\/1\/files\/sites\/62\/2025\/10\/CG_LOGO-City-Game.png","contentUrl":"https:\/\/testwebsite.citygame.com\/wp-content\/blogs.dir\/1\/files\/sites\/62\/2025\/10\/CG_LOGO-City-Game.png","width":351,"height":377,"caption":"City Game"}]}},"taxonomy_info":{"game-concept":[{"value":770,"label":"Sherlock"}],"location":[{"value":90,"label":"Bilbao"}],"product_cat":[{"value":664,"label":"Unkategorisiert"}]},"featured_image_src_large":["https:\/\/testwebsite.citygame.com\/wp-content\/blogs.dir\/1\/files\/sites\/62\/2026\/02\/group-of-friends-playing-city-game-on-phone-in-front-of-santiago-cathedral-bilbao.jpg",1024,1024,false],"author_info":[],"comment_info":"","_links":{"self":[{"href":"https:\/\/testwebsite.citygame.com\/de\/wp-json\/wp\/v2\/product\/61584","targetHints":{"allow":["GET"]}}],"collection":[{"href":"https:\/\/testwebsite.citygame.com\/de\/wp-json\/wp\/v2\/product"}],"about":[{"href":"https:\/\/testwebsite.citygame.com\/de\/wp-json\/wp\/v2\/types\/product"}],"acf:post":[{"embeddable":true,"href":"https:\/\/testwebsite.citygame.com\/de\/wp-json\/wp\/v2\/pages\/9255"}],"wp:featuredmedia":[{"embeddable":true,"href":"https:\/\/testwebsite.citygame.com\/de\/wp-json\/wp\/v2\/media\/14968"}],"wp:attachment":[{"href":"https:\/\/testwebsite.citygame.com\/de\/wp-json\/wp\/v2\/media?parent=61584"}],"wp:term":[{"taxonomy":"game-concept","embeddable":true,"href":"https:\/\/testwebsite.citygame.com\/de\/wp-json\/wp\/v2\/game-concept?post=61584"},{"taxonomy":"location","embeddable":true,"href":"https:\/\/testwebsite.citygame.com\/de\/wp-json\/wp\/v2\/location?post=61584"},{"taxonomy":"product_brand","embeddable":true,"href":"https:\/\/testwebsite.citygame.com\/de\/wp-json\/wp\/v2\/product_brand?post=61584"},{"taxonomy":"product_cat","embeddable":true,"href":"https:\/\/testwebsite.citygame.com\/de\/wp-json\/wp\/v2\/product_cat?post=61584"},{"taxonomy":"product_tag","embeddable":true,"href":"https:\/\/testwebsite.citygame.com\/de\/wp-json\/wp\/v2\/product_tag?post=61584"}],"curies":[{"name":"wp","href":"https:\/\/api.w.org\/{rel}","templated":true}]}}