{"id":60956,"date":"2026-02-05T11:49:50","date_gmt":"2026-02-05T11:49:50","guid":{"rendered":"https:\/\/testwebsite.citygame.com\/games\/unknown-location\/sherlock-holmes-nantes\/"},"modified":"2026-04-08T06:45:44","modified_gmt":"2026-04-08T06:45:44","slug":"sherlock-holmes-nantes","status":"publish","type":"product","link":"https:\/\/testwebsite.citygame.com\/de\/games\/nantes\/sherlock-holmes-nantes\/","title":{"rendered":"Sherlock Holmes Nantes"},"content":{"rendered":"<p>Tauchen Sie ein in die Welt von Sherlock Holmes im historischen Stadtzentrum von Nantes mit diesem selbstgef\u00fchrten, geschichtenbasierten Mordr\u00e4tsel-City Game. Als Detektive werden die Spieler in das Herz einer Untersuchung gezogen, die sich um einen erschreckenden Mord dreht, der w\u00e4hrend des Liberty Festivals geschah, und navigieren durch die sich entfaltende Erz\u00e4hlung, w\u00e4hrend sie die Stadt erkunden. Sammeln Sie Hinweise, l\u00f6sen Sie knifflige R\u00e4tsel und verh\u00f6ren Sie digitale Verd\u00e4chtige in Ihrem eigenen Tempo, alles w\u00e4hrend Sie in ein atmosph\u00e4risches Geheimnis eintauchen, das Holmes&#8217;sche Intrigen zum Leben erweckt.<\/p>\n","protected":false},"excerpt":{"rendered":"<p>Schl\u00fcpfen Sie in die Rolle des weltber\u00fchmten Detektivs Sherlock Holmes und erleben Sie ein fesselndes, selbstgef\u00fchrtes Krimi-R\u00e4tsel in Nantes. Folgen Sie den Spuren, knacken Sie kryptische R\u00e4tsel und arbeiten Sie mit Ihrem Team zusammen, um die erschreckende Wahrheit aufzudecken, bevor die Zeit abl\u00e4uft!<\/p>\n","protected":false},"featured_media":10728,"template":"","meta":{"_acf_changed":false,"_yoast_wpseo_focuskw":"Sherlock Holmes Nantes","_yoast_wpseo_metadesc":"Sherlock Holmes Nantes. Spielen Sie ein selbstgef\u00fchrtes Krimi-City Game, l\u00f6sen Sie R\u00e4tsel, folgen Sie Hinweisen und enttarnen Sie den M\u00f6rder in Ihrem eigenen Tempo!","_kad_blocks_custom_css":"","_kad_blocks_head_custom_js":"","_kad_blocks_body_custom_js":"","_kad_blocks_footer_custom_js":"","ghostkit_customizer_options":"","ghostkit_custom_css":"","ghostkit_custom_js_head":"","ghostkit_custom_js_foot":"","ghostkit_typography":"","_kad_post_transparent":"","_kad_post_title":"","_kad_post_layout":"","_kad_post_sidebar_id":"","_kad_post_content_style":"","_kad_post_vertical_padding":"","_kad_post_feature":"","_kad_post_feature_position":"","_kad_post_header":false,"_kad_post_footer":false,"_kad_post_classname":"","_links_to":"","_links_to_target":""},"game-concept":[770],"location":[291],"product_brand":[],"product_cat":[664],"product_tag":[],"class_list":{"0":"post-60956","1":"product","2":"type-product","3":"status-publish","4":"has-post-thumbnail","6":"game-concept-sherlock","7":"location-nantes","8":"product_cat-unkategorisiert","10":"first","11":"instock","12":"shipping-taxable","13":"purchasable","14":"product-type-simple","15":"entry","16":"content-bg","17":"loop-entry"},"acf":{"full_bokun_product_name":"Nantes Self-Guided Sherlock Holmes Murder Mystery Game","location_name":"Nantes","bokun_calendar_widget_code":"<script type=\"text\/javascript\" src=\"https:\/\/widgets.bokun.io\/assets\/javascripts\/apps\/build\/BokunWidgetsLoader.js?bookingChannelUUID=a1e93e96-5232-4734-a595-28405f4b5a31\" async><\/script>\n     \n    <div class=\"bokunWidget\" data-src=\"https:\/\/widgets.bokun.io\/online-sales\/a1e93e96-5232-4734-a595-28405f4b5a31\/experience-calendar\/731686\"><\/div>\n    <noscript>Please enable javascript in your browser to book<\/noscript>","bokun_button_widget_code":"<script type=\"text\/javascript\" src=\"https:\/\/widgets.bokun.io\/assets\/javascripts\/apps\/build\/BokunWidgetsLoader.js?bookingChannelUUID=a1e93e96-5232-4734-a595-28405f4b5a31\" async><\/script>\n      <style> #bokun_ed001e45_5927_4f62_b470_ca766338d083 { display: inline-block; padding: .4em 1em; background: #47b82e; border-radius: 999999px; box-shadow: none; font-weight: 600; font-size: 24px; text-decoration: none; text-align: center; color: #FFFFFF; border:none; cursor: pointer; transition: background .2s ease; } #bokun_ed001e45_5927_4f62_b470_ca766338d083:hover{ background: #2f7b1f; } #bokun_ed001e45_5927_4f62_b470_ca766338d083:active{ background: #378f24; } <\/style> <button class=\"bokunButton\" disabled id=bokun_ed001e45_5927_4f62_b470_ca766338d083 data-src=\"https:\/\/widgets.bokun.io\/online-sales\/a1e93e96-5232-4734-a595-28405f4b5a31\/experience-calendar\/731686?partialView=1\" data-testid=\"widget-book-button\" > Book now <\/button> ","what_you\u2019ll_experience_during_the_game":"Sie tauchen ein in eine fesselnde Detektivgeschichte, die in den Stra\u00dfen von Nantes spielt, wo ein Mord w\u00e4hrend des Liberty Festivals mehr Fragen als Antworten hinterlassen hat. W\u00e4hrend Sie sich durch die Stadt bewegen, entfaltet sich die Untersuchung St\u00fcck f\u00fcr St\u00fcck und zieht Sie tiefer in ein verworrenes Geheimnis voller Verdacht und Geheimnisse. Sie untersuchen an unerwarteten Orten gefundene Hinweise, l\u00f6sen komplizierte R\u00e4tsel und folgen Spuren, die sich unerwartet winden. Ihre Entscheidungen pr\u00e4gen den weiteren Weg und machen jeden Schritt zu einem wesentlichen Teil der sich entfaltenden Geschichte.\n\nSie verh\u00f6ren digitale Verd\u00e4chtige, sezieren ihre Alibis und decken versteckte Widerspr\u00fcche auf. Jedes Detail z\u00e4hlt, und Ihre F\u00e4higkeit, sorgf\u00e4ltig zu beobachten, kritisch zu denken und scharfe Schlussfolgerungen zu ziehen, leitet Ihre Suche nach der Wahrheit. Das Erlebnis ist vollst\u00e4ndig geschichtenbasiert und zieht Sie von Anfang bis Ende in die Rolle des Detektivs. Sie k\u00f6nnen ganz in Ihrem eigenen Tempo spielen, jederzeit pausieren und den Fall fortsetzen, wenn Sie bereit sind. Wenn Sie Teil eines Teams sind, k\u00f6nnen Sie sogar Ihren Fortschritt mit anderen vergleichen, um zu sehen, wer das Geheimnis am effizientesten l\u00f6st.","how_to_play":"Spielen Sie alleine oder mit Freunden, Familie oder Kollegen in Teams von bis zu vier Personen pro Ger\u00e4t. Nach der Buchung erhalten Sie eine E-Mail mit Anweisungen und allem, was Sie ben\u00f6tigen.","start_location":"Nantes, Basilique Saint Nicolas","available_languages":["en","es","fr","de","it","nl"],"players_per_group":"1-4","duration":"1.5-2 hours","image_overlay_color_image":"https:\/\/testwebsite.citygame.com\/wp-content\/blogs.dir\/1\/files\/sites\/62\/2026\/01\/SherlockColor.svg","image_overlay_game_logo":"https:\/\/testwebsite.citygame.com\/wp-content\/blogs.dir\/1\/files\/sites\/62\/2026\/01\/SherlockLogo.png","city_page":7336,"woocommerce_general_content":null},"yoast_head":"<!-- This site is optimized with the Yoast SEO Premium plugin v26.2 (Yoast SEO v26.3) - https:\/\/yoast.com\/wordpress\/plugins\/seo\/ -->\n<title>Sherlock Holmes Nantes - City Game<\/title>\n<meta name=\"description\" content=\"Sherlock Holmes Nantes. Spielen Sie ein selbstgef\u00fchrtes Krimi-City Game, l\u00f6sen Sie R\u00e4tsel, folgen Sie Hinweisen und enttarnen Sie den M\u00f6rder in Ihrem eigenen Tempo!\" \/>\n<meta name=\"robots\" content=\"noindex, follow, max-snippet:-1, max-image-preview:large, max-video-preview:-1\" \/>\n<meta property=\"og:locale\" content=\"de_DE\" \/>\n<meta property=\"og:type\" content=\"article\" \/>\n<meta property=\"og:title\" content=\"Sherlock Holmes Nantes\" \/>\n<meta property=\"og:description\" content=\"Sherlock Holmes Nantes. Spielen Sie ein selbstgef\u00fchrtes Krimi-City Game, l\u00f6sen Sie R\u00e4tsel, folgen Sie Hinweisen und enttarnen Sie den M\u00f6rder in Ihrem eigenen Tempo!\" \/>\n<meta property=\"og:url\" content=\"https:\/\/testwebsite.citygame.com\/de\/games\/nantes\/sherlock-holmes-nantes\/\" \/>\n<meta property=\"og:site_name\" content=\"City Game\" \/>\n<meta property=\"article:publisher\" content=\"https:\/\/www.facebook.com\/profile.php?id=100086426226253\" \/>\n<meta property=\"article:modified_time\" content=\"2026-04-08T06:45:44+00:00\" \/>\n<meta property=\"og:image\" content=\"https:\/\/testwebsite.citygame.com\/wp-content\/blogs.dir\/1\/files\/sites\/62\/2026\/02\/friends-playing-city-game-nantes-street.jpg\" \/>\n\t<meta property=\"og:image:width\" content=\"1344\" \/>\n\t<meta property=\"og:image:height\" content=\"768\" \/>\n\t<meta property=\"og:image:type\" content=\"image\/jpeg\" \/>\n<meta name=\"twitter:card\" content=\"summary_large_image\" \/>\n<script type=\"application\/ld+json\" class=\"yoast-schema-graph\">{\"@context\":\"https:\/\/schema.org\",\"@graph\":[{\"@type\":\"WebPage\",\"@id\":\"https:\/\/testwebsite.citygame.com\/de\/games\/nantes\/sherlock-holmes-nantes\/\",\"url\":\"https:\/\/testwebsite.citygame.com\/de\/games\/nantes\/sherlock-holmes-nantes\/\",\"name\":\"Sherlock Holmes Nantes - City Game\",\"isPartOf\":{\"@id\":\"https:\/\/testwebsite.upevents.nl\/#website\"},\"primaryImageOfPage\":{\"@id\":\"https:\/\/testwebsite.citygame.com\/de\/games\/nantes\/sherlock-holmes-nantes\/#primaryimage\"},\"image\":{\"@id\":\"https:\/\/testwebsite.citygame.com\/de\/games\/nantes\/sherlock-holmes-nantes\/#primaryimage\"},\"thumbnailUrl\":\"https:\/\/testwebsite.citygame.com\/wp-content\/blogs.dir\/1\/files\/sites\/62\/2026\/02\/friends-playing-city-game-nantes-street.jpg\",\"datePublished\":\"2026-02-05T11:49:50+00:00\",\"dateModified\":\"2026-04-08T06:45:44+00:00\",\"description\":\"Sherlock Holmes Nantes. Spielen Sie ein selbstgef\u00fchrtes Krimi-City Game, l\u00f6sen Sie R\u00e4tsel, folgen Sie Hinweisen und enttarnen Sie den M\u00f6rder in Ihrem eigenen Tempo!\",\"breadcrumb\":{\"@id\":\"https:\/\/testwebsite.citygame.com\/de\/games\/nantes\/sherlock-holmes-nantes\/#breadcrumb\"},\"inLanguage\":\"de\",\"potentialAction\":[{\"@type\":\"ReadAction\",\"target\":[\"https:\/\/testwebsite.citygame.com\/de\/games\/nantes\/sherlock-holmes-nantes\/\"]}]},{\"@type\":\"ImageObject\",\"inLanguage\":\"de\",\"@id\":\"https:\/\/testwebsite.citygame.com\/de\/games\/nantes\/sherlock-holmes-nantes\/#primaryimage\",\"url\":\"https:\/\/testwebsite.citygame.com\/wp-content\/blogs.dir\/1\/files\/sites\/62\/2026\/02\/friends-playing-city-game-nantes-street.jpg\",\"contentUrl\":\"https:\/\/testwebsite.citygame.com\/wp-content\/blogs.dir\/1\/files\/sites\/62\/2026\/02\/friends-playing-city-game-nantes-street.jpg\",\"width\":1344,\"height\":768,\"caption\":\"A group of friends navigate the historic streets of Nantes using a city game app.\"},{\"@type\":\"BreadcrumbList\",\"@id\":\"https:\/\/testwebsite.citygame.com\/de\/games\/nantes\/sherlock-holmes-nantes\/#breadcrumb\",\"itemListElement\":[{\"@type\":\"ListItem\",\"position\":1,\"name\":\"Home\",\"item\":\"https:\/\/testwebsite.citygame.com\/de\/\"},{\"@type\":\"ListItem\",\"position\":2,\"name\":\"Shop\",\"item\":\"https:\/\/testwebsite.citygame.com\/shop\/\"},{\"@type\":\"ListItem\",\"position\":3,\"name\":\"Sherlock Holmes Nantes\"}]},{\"@type\":\"WebSite\",\"@id\":\"https:\/\/testwebsite.upevents.nl\/#website\",\"url\":\"https:\/\/testwebsite.upevents.nl\/\",\"name\":\"City Game\",\"description\":\"\",\"publisher\":{\"@id\":\"https:\/\/testwebsite.upevents.nl\/#organization\"},\"alternateName\":\"citygame.com\",\"potentialAction\":[{\"@type\":\"SearchAction\",\"target\":{\"@type\":\"EntryPoint\",\"urlTemplate\":\"https:\/\/testwebsite.upevents.nl\/?s={search_term_string}\"},\"query-input\":{\"@type\":\"PropertyValueSpecification\",\"valueRequired\":true,\"valueName\":\"search_term_string\"}}],\"inLanguage\":\"de\"},{\"@type\":[\"Organization\",\"Place\"],\"@id\":\"https:\/\/testwebsite.upevents.nl\/#organization\",\"name\":\"City Game\",\"alternateName\":\"citygame.com\",\"url\":\"https:\/\/testwebsite.upevents.nl\/\",\"logo\":{\"@id\":\"https:\/\/testwebsite.citygame.com\/de\/games\/nantes\/sherlock-holmes-nantes\/#local-main-organization-logo\"},\"image\":{\"@id\":\"https:\/\/testwebsite.citygame.com\/de\/games\/nantes\/sherlock-holmes-nantes\/#local-main-organization-logo\"},\"sameAs\":[\"https:\/\/www.facebook.com\/profile.php?id=100086426226253\",\"https:\/\/www.instagram.com\/citygame_com\",\"https:\/\/www.tiktok.com\/@citygamecom\/\",\"https:\/\/www.linkedin.com\/company\/citygame-com\"],\"description\":\"Turn any city into a playground with our interactive City Games and self-guided tours. Fun, flexible, and ideal for groups and team building.\",\"telephone\":[],\"openingHoursSpecification\":[{\"@type\":\"OpeningHoursSpecification\",\"dayOfWeek\":[\"Monday\",\"Tuesday\",\"Wednesday\",\"Thursday\",\"Friday\",\"Saturday\",\"Sunday\"],\"opens\":\"09:00\",\"closes\":\"17:00\"}]},{\"@type\":\"ImageObject\",\"inLanguage\":\"de\",\"@id\":\"https:\/\/testwebsite.citygame.com\/de\/games\/nantes\/sherlock-holmes-nantes\/#local-main-organization-logo\",\"url\":\"https:\/\/testwebsite.citygame.com\/wp-content\/blogs.dir\/1\/files\/sites\/62\/2025\/10\/CG_LOGO-City-Game.png\",\"contentUrl\":\"https:\/\/testwebsite.citygame.com\/wp-content\/blogs.dir\/1\/files\/sites\/62\/2025\/10\/CG_LOGO-City-Game.png\",\"width\":351,\"height\":377,\"caption\":\"City Game\"}]}<\/script>\n<!-- \/ Yoast SEO Premium plugin. -->","yoast_head_json":{"title":"Sherlock Holmes Nantes - City Game","description":"Sherlock Holmes Nantes. Spielen Sie ein selbstgef\u00fchrtes Krimi-City Game, l\u00f6sen Sie R\u00e4tsel, folgen Sie Hinweisen und enttarnen Sie den M\u00f6rder in Ihrem eigenen Tempo!","robots":{"index":"noindex","follow":"follow","max-snippet":"max-snippet:-1","max-image-preview":"max-image-preview:large","max-video-preview":"max-video-preview:-1"},"og_locale":"de_DE","og_type":"article","og_title":"Sherlock Holmes Nantes","og_description":"Sherlock Holmes Nantes. Spielen Sie ein selbstgef\u00fchrtes Krimi-City Game, l\u00f6sen Sie R\u00e4tsel, folgen Sie Hinweisen und enttarnen Sie den M\u00f6rder in Ihrem eigenen Tempo!","og_url":"https:\/\/testwebsite.citygame.com\/de\/games\/nantes\/sherlock-holmes-nantes\/","og_site_name":"City Game","article_publisher":"https:\/\/www.facebook.com\/profile.php?id=100086426226253","article_modified_time":"2026-04-08T06:45:44+00:00","og_image":[{"width":1344,"height":768,"url":"https:\/\/testwebsite.citygame.com\/wp-content\/blogs.dir\/1\/files\/sites\/62\/2026\/02\/friends-playing-city-game-nantes-street.jpg","type":"image\/jpeg"}],"twitter_card":"summary_large_image","schema":{"@context":"https:\/\/schema.org","@graph":[{"@type":"WebPage","@id":"https:\/\/testwebsite.citygame.com\/de\/games\/nantes\/sherlock-holmes-nantes\/","url":"https:\/\/testwebsite.citygame.com\/de\/games\/nantes\/sherlock-holmes-nantes\/","name":"Sherlock Holmes Nantes - City Game","isPartOf":{"@id":"https:\/\/testwebsite.upevents.nl\/#website"},"primaryImageOfPage":{"@id":"https:\/\/testwebsite.citygame.com\/de\/games\/nantes\/sherlock-holmes-nantes\/#primaryimage"},"image":{"@id":"https:\/\/testwebsite.citygame.com\/de\/games\/nantes\/sherlock-holmes-nantes\/#primaryimage"},"thumbnailUrl":"https:\/\/testwebsite.citygame.com\/wp-content\/blogs.dir\/1\/files\/sites\/62\/2026\/02\/friends-playing-city-game-nantes-street.jpg","datePublished":"2026-02-05T11:49:50+00:00","dateModified":"2026-04-08T06:45:44+00:00","description":"Sherlock Holmes Nantes. Spielen Sie ein selbstgef\u00fchrtes Krimi-City Game, l\u00f6sen Sie R\u00e4tsel, folgen Sie Hinweisen und enttarnen Sie den M\u00f6rder in Ihrem eigenen Tempo!","breadcrumb":{"@id":"https:\/\/testwebsite.citygame.com\/de\/games\/nantes\/sherlock-holmes-nantes\/#breadcrumb"},"inLanguage":"de","potentialAction":[{"@type":"ReadAction","target":["https:\/\/testwebsite.citygame.com\/de\/games\/nantes\/sherlock-holmes-nantes\/"]}]},{"@type":"ImageObject","inLanguage":"de","@id":"https:\/\/testwebsite.citygame.com\/de\/games\/nantes\/sherlock-holmes-nantes\/#primaryimage","url":"https:\/\/testwebsite.citygame.com\/wp-content\/blogs.dir\/1\/files\/sites\/62\/2026\/02\/friends-playing-city-game-nantes-street.jpg","contentUrl":"https:\/\/testwebsite.citygame.com\/wp-content\/blogs.dir\/1\/files\/sites\/62\/2026\/02\/friends-playing-city-game-nantes-street.jpg","width":1344,"height":768,"caption":"A group of friends navigate the historic streets of Nantes using a city game app."},{"@type":"BreadcrumbList","@id":"https:\/\/testwebsite.citygame.com\/de\/games\/nantes\/sherlock-holmes-nantes\/#breadcrumb","itemListElement":[{"@type":"ListItem","position":1,"name":"Home","item":"https:\/\/testwebsite.citygame.com\/de\/"},{"@type":"ListItem","position":2,"name":"Shop","item":"https:\/\/testwebsite.citygame.com\/shop\/"},{"@type":"ListItem","position":3,"name":"Sherlock Holmes Nantes"}]},{"@type":"WebSite","@id":"https:\/\/testwebsite.upevents.nl\/#website","url":"https:\/\/testwebsite.upevents.nl\/","name":"City Game","description":"","publisher":{"@id":"https:\/\/testwebsite.upevents.nl\/#organization"},"alternateName":"citygame.com","potentialAction":[{"@type":"SearchAction","target":{"@type":"EntryPoint","urlTemplate":"https:\/\/testwebsite.upevents.nl\/?s={search_term_string}"},"query-input":{"@type":"PropertyValueSpecification","valueRequired":true,"valueName":"search_term_string"}}],"inLanguage":"de"},{"@type":["Organization","Place"],"@id":"https:\/\/testwebsite.upevents.nl\/#organization","name":"City Game","alternateName":"citygame.com","url":"https:\/\/testwebsite.upevents.nl\/","logo":{"@id":"https:\/\/testwebsite.citygame.com\/de\/games\/nantes\/sherlock-holmes-nantes\/#local-main-organization-logo"},"image":{"@id":"https:\/\/testwebsite.citygame.com\/de\/games\/nantes\/sherlock-holmes-nantes\/#local-main-organization-logo"},"sameAs":["https:\/\/www.facebook.com\/profile.php?id=100086426226253","https:\/\/www.instagram.com\/citygame_com","https:\/\/www.tiktok.com\/@citygamecom\/","https:\/\/www.linkedin.com\/company\/citygame-com"],"description":"Turn any city into a playground with our interactive City Games and self-guided tours. Fun, flexible, and ideal for groups and team building.","telephone":[],"openingHoursSpecification":[{"@type":"OpeningHoursSpecification","dayOfWeek":["Monday","Tuesday","Wednesday","Thursday","Friday","Saturday","Sunday"],"opens":"09:00","closes":"17:00"}]},{"@type":"ImageObject","inLanguage":"de","@id":"https:\/\/testwebsite.citygame.com\/de\/games\/nantes\/sherlock-holmes-nantes\/#local-main-organization-logo","url":"https:\/\/testwebsite.citygame.com\/wp-content\/blogs.dir\/1\/files\/sites\/62\/2025\/10\/CG_LOGO-City-Game.png","contentUrl":"https:\/\/testwebsite.citygame.com\/wp-content\/blogs.dir\/1\/files\/sites\/62\/2025\/10\/CG_LOGO-City-Game.png","width":351,"height":377,"caption":"City Game"}]}},"taxonomy_info":{"game-concept":[{"value":770,"label":"Sherlock"}],"location":[{"value":291,"label":"Nantes"}],"product_cat":[{"value":664,"label":"Unkategorisiert"}]},"featured_image_src_large":["https:\/\/testwebsite.citygame.com\/wp-content\/blogs.dir\/1\/files\/sites\/62\/2026\/02\/friends-playing-city-game-nantes-street-1024x585.jpg",1024,585,true],"author_info":[],"comment_info":"","_links":{"self":[{"href":"https:\/\/testwebsite.citygame.com\/de\/wp-json\/wp\/v2\/product\/60956","targetHints":{"allow":["GET"]}}],"collection":[{"href":"https:\/\/testwebsite.citygame.com\/de\/wp-json\/wp\/v2\/product"}],"about":[{"href":"https:\/\/testwebsite.citygame.com\/de\/wp-json\/wp\/v2\/types\/product"}],"acf:post":[{"embeddable":true,"href":"https:\/\/testwebsite.citygame.com\/de\/wp-json\/wp\/v2\/pages\/7336"}],"wp:featuredmedia":[{"embeddable":true,"href":"https:\/\/testwebsite.citygame.com\/de\/wp-json\/wp\/v2\/media\/10728"}],"wp:attachment":[{"href":"https:\/\/testwebsite.citygame.com\/de\/wp-json\/wp\/v2\/media?parent=60956"}],"wp:term":[{"taxonomy":"game-concept","embeddable":true,"href":"https:\/\/testwebsite.citygame.com\/de\/wp-json\/wp\/v2\/game-concept?post=60956"},{"taxonomy":"location","embeddable":true,"href":"https:\/\/testwebsite.citygame.com\/de\/wp-json\/wp\/v2\/location?post=60956"},{"taxonomy":"product_brand","embeddable":true,"href":"https:\/\/testwebsite.citygame.com\/de\/wp-json\/wp\/v2\/product_brand?post=60956"},{"taxonomy":"product_cat","embeddable":true,"href":"https:\/\/testwebsite.citygame.com\/de\/wp-json\/wp\/v2\/product_cat?post=60956"},{"taxonomy":"product_tag","embeddable":true,"href":"https:\/\/testwebsite.citygame.com\/de\/wp-json\/wp\/v2\/product_tag?post=60956"}],"curies":[{"name":"wp","href":"https:\/\/api.w.org\/{rel}","templated":true}]}}