{"id":60708,"date":"2026-02-11T11:55:51","date_gmt":"2026-02-11T11:55:51","guid":{"rendered":"https:\/\/testwebsite.citygame.com\/games\/unknown-location\/sherlock-holmes-perugia\/"},"modified":"2026-04-08T06:15:34","modified_gmt":"2026-04-08T06:15:34","slug":"sherlock-holmes-perugia","status":"publish","type":"product","link":"https:\/\/testwebsite.citygame.com\/de\/games\/perugia\/sherlock-holmes-perugia\/","title":{"rendered":"Sherlock Holmes Perugia"},"content":{"rendered":"<p>Tauchen Sie ein in die Welt von Sherlock Holmes mit diesem selbstgef\u00fchrten, geschichtenbasierten Kriminalfall-Stadtspiel im historischen Stadtzentrum von Perugia. W\u00e4hrend das Liberty Festival in Chaos mit einem schockierenden Mord endet, entwirren Sie eine sich entfaltende Geschichte, w\u00e4hrend Sie durch die Stadtstra\u00dfen navigieren, Hinweise sammeln, knifflige R\u00e4tsel l\u00f6sen und digitale Verd\u00e4chtige verh\u00f6ren. Perugia wird zur Kulisse f\u00fcr ein immersives Detektiverlebnis, bei dem Sie die Ermittlungen in Ihrem eigenen Tempo leiten und Geheimnisse Schritt f\u00fcr Schritt aufdecken.<\/p>\n","protected":false},"excerpt":{"rendered":"<p>Schl\u00fcpfen Sie in die Rolle des legend\u00e4ren Sherlock Holmes bei einem selbstgef\u00fchrten Kriminalfall in Perugia. Hinweise verfolgen, knifflige R\u00e4tsel mit Ihrem Team l\u00f6sen und die Wahrheit nach und nach aufdecken \u2013 die Uhr tickt, Sie haben einen Fall zu l\u00f6sen!<\/p>\n","protected":false},"featured_media":12503,"template":"","meta":{"_acf_changed":false,"_yoast_wpseo_focuskw":"Sherlock Holmes Perugia","_yoast_wpseo_metadesc":"Sherlock Holmes Perugia. Spielen Sie ein selbstgef\u00fchrtes Kriminalfall-Stadtspiel, l\u00f6sen Sie R\u00e4tsel, folgen Sie Hinweisen und enttarnen Sie den M\u00f6rder in Ihrem eigenen Tempo!","_kad_blocks_custom_css":"","_kad_blocks_head_custom_js":"","_kad_blocks_body_custom_js":"","_kad_blocks_footer_custom_js":"","ghostkit_customizer_options":"","ghostkit_custom_css":"","ghostkit_custom_js_head":"","ghostkit_custom_js_foot":"","ghostkit_typography":"","_kad_post_transparent":"","_kad_post_title":"","_kad_post_layout":"","_kad_post_sidebar_id":"","_kad_post_content_style":"","_kad_post_vertical_padding":"","_kad_post_feature":"","_kad_post_feature_position":"","_kad_post_header":false,"_kad_post_footer":false,"_kad_post_classname":"","_links_to":"","_links_to_target":""},"game-concept":[770],"location":[320],"product_brand":[],"product_cat":[664],"product_tag":[],"class_list":{"0":"post-60708","1":"product","2":"type-product","3":"status-publish","4":"has-post-thumbnail","6":"game-concept-sherlock","7":"location-perugia","8":"product_cat-unkategorisiert","10":"first","11":"instock","12":"shipping-taxable","13":"purchasable","14":"product-type-simple","15":"entry","16":"content-bg","17":"loop-entry"},"acf":{"full_bokun_product_name":"Perugia Self-Guided Sherlock Holmes Murder Mystery Game","location_name":"Perugia","bokun_calendar_widget_code":"<script type=\"text\/javascript\" src=\"https:\/\/widgets.bokun.io\/assets\/javascripts\/apps\/build\/BokunWidgetsLoader.js?bookingChannelUUID=a1e93e96-5232-4734-a595-28405f4b5a31\" async><\/script>\n     \n    <div class=\"bokunWidget\" data-src=\"https:\/\/widgets.bokun.io\/online-sales\/a1e93e96-5232-4734-a595-28405f4b5a31\/experience-calendar\/771848\"><\/div>\n    <noscript>Please enable javascript in your browser to book<\/noscript>","bokun_button_widget_code":"<script type=\"text\/javascript\" src=\"https:\/\/widgets.bokun.io\/assets\/javascripts\/apps\/build\/BokunWidgetsLoader.js?bookingChannelUUID=a1e93e96-5232-4734-a595-28405f4b5a31\" async><\/script>\n      <style> #bokun_ed001e45_5927_4f62_b470_ca766338d083 { display: inline-block; padding: .4em 1em; background: #47b82e; border-radius: 999999px; box-shadow: none; font-weight: 600; font-size: 24px; text-decoration: none; text-align: center; color: #FFFFFF; border:none; cursor: pointer; transition: background .2s ease; } #bokun_ed001e45_5927_4f62_b470_ca766338d083:hover{ background: #2f7b1f; } #bokun_ed001e45_5927_4f62_b470_ca766338d083:active{ background: #378f24; } <\/style> <button class=\"bokunButton\" disabled id=bokun_ed001e45_5927_4f62_b470_ca766338d083 data-src=\"https:\/\/widgets.bokun.io\/online-sales\/a1e93e96-5232-4734-a595-28405f4b5a31\/experience-calendar\/771848?partialView=1\" data-testid=\"widget-book-button\" > Book now <\/button> ","what_you\u2019ll_experience_during_the_game":"Sie tauchen ein in eine fesselnde Detektivgeschichte im Herzen Perugias, wo jede Stra\u00dfe Teil der Ermittlung wird. W\u00e4hrend sich das R\u00e4tsel entfaltet, bewegen Sie sich in Ihrem eigenen Tempo durch die Stadt und setzen zusammen, was w\u00e4hrend des Mordes beim Liberty Festival wirklich geschah. Ihr Verstand wird zum entscheidenden Werkzeug, w\u00e4hrend Sie einer Spur von Hinweisen folgen, knifflige R\u00e4tsel l\u00f6sen und unerwarteten Wendungen begegnen, die Ihre Denkweise bei jeder Abbiegung herausfordern.\n\nSie werden digitale Verd\u00e4chtige verh\u00f6ren, Widerspr\u00fcche in ihren Geschichten aufdecken und wackelige Alibis auf der Suche nach der Wahrheit analysieren. Jede Entscheidung, die Sie treffen, z\u00e4hlt in diesem vollst\u00e4ndig geschichtenbasierten Erlebnis, das darauf ausgelegt ist, Ihre Beobachtungs- und Deduktionsf\u00e4higkeiten zu sch\u00e4rfen. Ob allein oder in einem Wettkampf-Team, Sie haben immer die Kontrolle \u2013 Sie k\u00f6nnen die Untersuchung jederzeit unterbrechen, sich neu formieren oder fortsetzen, wenn Sie bereit sind. Die Wahrheit liegt irgendwo in Perugia. Die Frage ist: K\u00f6nnen Sie sie aufdecken?","how_to_play":"Spielen Sie allein oder mit Freunden, Familie oder Kollegen in Teams von bis zu vier Personen pro Ger\u00e4t. Nach der Buchung erhalten Sie eine E-Mail mit Anweisungen und allem, was Sie ben\u00f6tigen.","start_location":"Fontana Maggiore","available_languages":["en","es","fr","de","it","nl"],"players_per_group":"1-4","duration":"1.5-2 hours","image_overlay_color_image":"https:\/\/testwebsite.citygame.com\/wp-content\/blogs.dir\/1\/files\/sites\/62\/2026\/01\/SherlockColor.svg","image_overlay_game_logo":"https:\/\/testwebsite.citygame.com\/wp-content\/blogs.dir\/1\/files\/sites\/62\/2026\/01\/SherlockLogo.png","city_page":9150,"woocommerce_general_content":null},"yoast_head":"<!-- This site is optimized with the Yoast SEO Premium plugin v26.2 (Yoast SEO v26.3) - https:\/\/yoast.com\/wordpress\/plugins\/seo\/ -->\n<title>Sherlock Holmes Perugia - City Game<\/title>\n<meta name=\"description\" content=\"Sherlock Holmes Perugia. Spielen Sie ein selbstgef\u00fchrtes Kriminalfall-Stadtspiel, l\u00f6sen Sie R\u00e4tsel, folgen Sie Hinweisen und enttarnen Sie den M\u00f6rder in Ihrem eigenen Tempo!\" \/>\n<meta name=\"robots\" content=\"noindex, follow, max-snippet:-1, max-image-preview:large, max-video-preview:-1\" \/>\n<meta property=\"og:locale\" content=\"de_DE\" \/>\n<meta property=\"og:type\" content=\"article\" \/>\n<meta property=\"og:title\" content=\"Sherlock Holmes Perugia\" \/>\n<meta property=\"og:description\" content=\"Sherlock Holmes Perugia. Spielen Sie ein selbstgef\u00fchrtes Kriminalfall-Stadtspiel, l\u00f6sen Sie R\u00e4tsel, folgen Sie Hinweisen und enttarnen Sie den M\u00f6rder in Ihrem eigenen Tempo!\" \/>\n<meta property=\"og:url\" content=\"https:\/\/testwebsite.citygame.com\/de\/games\/perugia\/sherlock-holmes-perugia\/\" \/>\n<meta property=\"og:site_name\" content=\"City Game\" \/>\n<meta property=\"article:publisher\" content=\"https:\/\/www.facebook.com\/profile.php?id=100086426226253\" \/>\n<meta property=\"article:modified_time\" content=\"2026-04-08T06:15:34+00:00\" \/>\n<meta property=\"og:image\" content=\"https:\/\/testwebsite.citygame.com\/wp-content\/blogs.dir\/1\/files\/sites\/62\/2026\/02\/group-of-players-on-a-street-in-perugia.jpg\" \/>\n\t<meta property=\"og:image:width\" content=\"1344\" \/>\n\t<meta property=\"og:image:height\" content=\"768\" \/>\n\t<meta property=\"og:image:type\" content=\"image\/jpeg\" \/>\n<meta name=\"twitter:card\" content=\"summary_large_image\" \/>\n<script type=\"application\/ld+json\" class=\"yoast-schema-graph\">{\"@context\":\"https:\/\/schema.org\",\"@graph\":[{\"@type\":\"WebPage\",\"@id\":\"https:\/\/testwebsite.citygame.com\/de\/games\/perugia\/sherlock-holmes-perugia\/\",\"url\":\"https:\/\/testwebsite.citygame.com\/de\/games\/perugia\/sherlock-holmes-perugia\/\",\"name\":\"Sherlock Holmes Perugia - City Game\",\"isPartOf\":{\"@id\":\"https:\/\/testwebsite.upevents.nl\/#website\"},\"primaryImageOfPage\":{\"@id\":\"https:\/\/testwebsite.citygame.com\/de\/games\/perugia\/sherlock-holmes-perugia\/#primaryimage\"},\"image\":{\"@id\":\"https:\/\/testwebsite.citygame.com\/de\/games\/perugia\/sherlock-holmes-perugia\/#primaryimage\"},\"thumbnailUrl\":\"https:\/\/testwebsite.citygame.com\/wp-content\/blogs.dir\/1\/files\/sites\/62\/2026\/02\/group-of-players-on-a-street-in-perugia.jpg\",\"datePublished\":\"2026-02-11T11:55:51+00:00\",\"dateModified\":\"2026-04-08T06:15:34+00:00\",\"description\":\"Sherlock Holmes Perugia. Spielen Sie ein selbstgef\u00fchrtes Kriminalfall-Stadtspiel, l\u00f6sen Sie R\u00e4tsel, folgen Sie Hinweisen und enttarnen Sie den M\u00f6rder in Ihrem eigenen Tempo!\",\"breadcrumb\":{\"@id\":\"https:\/\/testwebsite.citygame.com\/de\/games\/perugia\/sherlock-holmes-perugia\/#breadcrumb\"},\"inLanguage\":\"de\",\"potentialAction\":[{\"@type\":\"ReadAction\",\"target\":[\"https:\/\/testwebsite.citygame.com\/de\/games\/perugia\/sherlock-holmes-perugia\/\"]}]},{\"@type\":\"ImageObject\",\"inLanguage\":\"de\",\"@id\":\"https:\/\/testwebsite.citygame.com\/de\/games\/perugia\/sherlock-holmes-perugia\/#primaryimage\",\"url\":\"https:\/\/testwebsite.citygame.com\/wp-content\/blogs.dir\/1\/files\/sites\/62\/2026\/02\/group-of-players-on-a-street-in-perugia.jpg\",\"contentUrl\":\"https:\/\/testwebsite.citygame.com\/wp-content\/blogs.dir\/1\/files\/sites\/62\/2026\/02\/group-of-players-on-a-street-in-perugia.jpg\",\"width\":1344,\"height\":768,\"caption\":\"A group of friends exploring the historic streets of Perugia with a city game.\"},{\"@type\":\"BreadcrumbList\",\"@id\":\"https:\/\/testwebsite.citygame.com\/de\/games\/perugia\/sherlock-holmes-perugia\/#breadcrumb\",\"itemListElement\":[{\"@type\":\"ListItem\",\"position\":1,\"name\":\"Home\",\"item\":\"https:\/\/testwebsite.citygame.com\/de\/\"},{\"@type\":\"ListItem\",\"position\":2,\"name\":\"Shop\",\"item\":\"https:\/\/testwebsite.citygame.com\/shop\/\"},{\"@type\":\"ListItem\",\"position\":3,\"name\":\"Sherlock Holmes Perugia\"}]},{\"@type\":\"WebSite\",\"@id\":\"https:\/\/testwebsite.upevents.nl\/#website\",\"url\":\"https:\/\/testwebsite.upevents.nl\/\",\"name\":\"City Game\",\"description\":\"\",\"publisher\":{\"@id\":\"https:\/\/testwebsite.upevents.nl\/#organization\"},\"alternateName\":\"citygame.com\",\"potentialAction\":[{\"@type\":\"SearchAction\",\"target\":{\"@type\":\"EntryPoint\",\"urlTemplate\":\"https:\/\/testwebsite.upevents.nl\/?s={search_term_string}\"},\"query-input\":{\"@type\":\"PropertyValueSpecification\",\"valueRequired\":true,\"valueName\":\"search_term_string\"}}],\"inLanguage\":\"de\"},{\"@type\":[\"Organization\",\"Place\"],\"@id\":\"https:\/\/testwebsite.upevents.nl\/#organization\",\"name\":\"City Game\",\"alternateName\":\"citygame.com\",\"url\":\"https:\/\/testwebsite.upevents.nl\/\",\"logo\":{\"@id\":\"https:\/\/testwebsite.citygame.com\/de\/games\/perugia\/sherlock-holmes-perugia\/#local-main-organization-logo\"},\"image\":{\"@id\":\"https:\/\/testwebsite.citygame.com\/de\/games\/perugia\/sherlock-holmes-perugia\/#local-main-organization-logo\"},\"sameAs\":[\"https:\/\/www.facebook.com\/profile.php?id=100086426226253\",\"https:\/\/www.instagram.com\/citygame_com\",\"https:\/\/www.tiktok.com\/@citygamecom\/\",\"https:\/\/www.linkedin.com\/company\/citygame-com\"],\"description\":\"Turn any city into a playground with our interactive City Games and self-guided tours. Fun, flexible, and ideal for groups and team building.\",\"telephone\":[],\"openingHoursSpecification\":[{\"@type\":\"OpeningHoursSpecification\",\"dayOfWeek\":[\"Monday\",\"Tuesday\",\"Wednesday\",\"Thursday\",\"Friday\",\"Saturday\",\"Sunday\"],\"opens\":\"09:00\",\"closes\":\"17:00\"}]},{\"@type\":\"ImageObject\",\"inLanguage\":\"de\",\"@id\":\"https:\/\/testwebsite.citygame.com\/de\/games\/perugia\/sherlock-holmes-perugia\/#local-main-organization-logo\",\"url\":\"https:\/\/testwebsite.citygame.com\/wp-content\/blogs.dir\/1\/files\/sites\/62\/2025\/10\/CG_LOGO-City-Game.png\",\"contentUrl\":\"https:\/\/testwebsite.citygame.com\/wp-content\/blogs.dir\/1\/files\/sites\/62\/2025\/10\/CG_LOGO-City-Game.png\",\"width\":351,\"height\":377,\"caption\":\"City Game\"}]}<\/script>\n<!-- \/ Yoast SEO Premium plugin. -->","yoast_head_json":{"title":"Sherlock Holmes Perugia - City Game","description":"Sherlock Holmes Perugia. Spielen Sie ein selbstgef\u00fchrtes Kriminalfall-Stadtspiel, l\u00f6sen Sie R\u00e4tsel, folgen Sie Hinweisen und enttarnen Sie den M\u00f6rder in Ihrem eigenen Tempo!","robots":{"index":"noindex","follow":"follow","max-snippet":"max-snippet:-1","max-image-preview":"max-image-preview:large","max-video-preview":"max-video-preview:-1"},"og_locale":"de_DE","og_type":"article","og_title":"Sherlock Holmes Perugia","og_description":"Sherlock Holmes Perugia. Spielen Sie ein selbstgef\u00fchrtes Kriminalfall-Stadtspiel, l\u00f6sen Sie R\u00e4tsel, folgen Sie Hinweisen und enttarnen Sie den M\u00f6rder in Ihrem eigenen Tempo!","og_url":"https:\/\/testwebsite.citygame.com\/de\/games\/perugia\/sherlock-holmes-perugia\/","og_site_name":"City Game","article_publisher":"https:\/\/www.facebook.com\/profile.php?id=100086426226253","article_modified_time":"2026-04-08T06:15:34+00:00","og_image":[{"width":1344,"height":768,"url":"https:\/\/testwebsite.citygame.com\/wp-content\/blogs.dir\/1\/files\/sites\/62\/2026\/02\/group-of-players-on-a-street-in-perugia.jpg","type":"image\/jpeg"}],"twitter_card":"summary_large_image","schema":{"@context":"https:\/\/schema.org","@graph":[{"@type":"WebPage","@id":"https:\/\/testwebsite.citygame.com\/de\/games\/perugia\/sherlock-holmes-perugia\/","url":"https:\/\/testwebsite.citygame.com\/de\/games\/perugia\/sherlock-holmes-perugia\/","name":"Sherlock Holmes Perugia - City Game","isPartOf":{"@id":"https:\/\/testwebsite.upevents.nl\/#website"},"primaryImageOfPage":{"@id":"https:\/\/testwebsite.citygame.com\/de\/games\/perugia\/sherlock-holmes-perugia\/#primaryimage"},"image":{"@id":"https:\/\/testwebsite.citygame.com\/de\/games\/perugia\/sherlock-holmes-perugia\/#primaryimage"},"thumbnailUrl":"https:\/\/testwebsite.citygame.com\/wp-content\/blogs.dir\/1\/files\/sites\/62\/2026\/02\/group-of-players-on-a-street-in-perugia.jpg","datePublished":"2026-02-11T11:55:51+00:00","dateModified":"2026-04-08T06:15:34+00:00","description":"Sherlock Holmes Perugia. Spielen Sie ein selbstgef\u00fchrtes Kriminalfall-Stadtspiel, l\u00f6sen Sie R\u00e4tsel, folgen Sie Hinweisen und enttarnen Sie den M\u00f6rder in Ihrem eigenen Tempo!","breadcrumb":{"@id":"https:\/\/testwebsite.citygame.com\/de\/games\/perugia\/sherlock-holmes-perugia\/#breadcrumb"},"inLanguage":"de","potentialAction":[{"@type":"ReadAction","target":["https:\/\/testwebsite.citygame.com\/de\/games\/perugia\/sherlock-holmes-perugia\/"]}]},{"@type":"ImageObject","inLanguage":"de","@id":"https:\/\/testwebsite.citygame.com\/de\/games\/perugia\/sherlock-holmes-perugia\/#primaryimage","url":"https:\/\/testwebsite.citygame.com\/wp-content\/blogs.dir\/1\/files\/sites\/62\/2026\/02\/group-of-players-on-a-street-in-perugia.jpg","contentUrl":"https:\/\/testwebsite.citygame.com\/wp-content\/blogs.dir\/1\/files\/sites\/62\/2026\/02\/group-of-players-on-a-street-in-perugia.jpg","width":1344,"height":768,"caption":"A group of friends exploring the historic streets of Perugia with a city game."},{"@type":"BreadcrumbList","@id":"https:\/\/testwebsite.citygame.com\/de\/games\/perugia\/sherlock-holmes-perugia\/#breadcrumb","itemListElement":[{"@type":"ListItem","position":1,"name":"Home","item":"https:\/\/testwebsite.citygame.com\/de\/"},{"@type":"ListItem","position":2,"name":"Shop","item":"https:\/\/testwebsite.citygame.com\/shop\/"},{"@type":"ListItem","position":3,"name":"Sherlock Holmes Perugia"}]},{"@type":"WebSite","@id":"https:\/\/testwebsite.upevents.nl\/#website","url":"https:\/\/testwebsite.upevents.nl\/","name":"City Game","description":"","publisher":{"@id":"https:\/\/testwebsite.upevents.nl\/#organization"},"alternateName":"citygame.com","potentialAction":[{"@type":"SearchAction","target":{"@type":"EntryPoint","urlTemplate":"https:\/\/testwebsite.upevents.nl\/?s={search_term_string}"},"query-input":{"@type":"PropertyValueSpecification","valueRequired":true,"valueName":"search_term_string"}}],"inLanguage":"de"},{"@type":["Organization","Place"],"@id":"https:\/\/testwebsite.upevents.nl\/#organization","name":"City Game","alternateName":"citygame.com","url":"https:\/\/testwebsite.upevents.nl\/","logo":{"@id":"https:\/\/testwebsite.citygame.com\/de\/games\/perugia\/sherlock-holmes-perugia\/#local-main-organization-logo"},"image":{"@id":"https:\/\/testwebsite.citygame.com\/de\/games\/perugia\/sherlock-holmes-perugia\/#local-main-organization-logo"},"sameAs":["https:\/\/www.facebook.com\/profile.php?id=100086426226253","https:\/\/www.instagram.com\/citygame_com","https:\/\/www.tiktok.com\/@citygamecom\/","https:\/\/www.linkedin.com\/company\/citygame-com"],"description":"Turn any city into a playground with our interactive City Games and self-guided tours. Fun, flexible, and ideal for groups and team building.","telephone":[],"openingHoursSpecification":[{"@type":"OpeningHoursSpecification","dayOfWeek":["Monday","Tuesday","Wednesday","Thursday","Friday","Saturday","Sunday"],"opens":"09:00","closes":"17:00"}]},{"@type":"ImageObject","inLanguage":"de","@id":"https:\/\/testwebsite.citygame.com\/de\/games\/perugia\/sherlock-holmes-perugia\/#local-main-organization-logo","url":"https:\/\/testwebsite.citygame.com\/wp-content\/blogs.dir\/1\/files\/sites\/62\/2025\/10\/CG_LOGO-City-Game.png","contentUrl":"https:\/\/testwebsite.citygame.com\/wp-content\/blogs.dir\/1\/files\/sites\/62\/2025\/10\/CG_LOGO-City-Game.png","width":351,"height":377,"caption":"City Game"}]}},"taxonomy_info":{"game-concept":[{"value":770,"label":"Sherlock"}],"location":[{"value":320,"label":"Perugia"}],"product_cat":[{"value":664,"label":"Unkategorisiert"}]},"featured_image_src_large":["https:\/\/testwebsite.citygame.com\/wp-content\/blogs.dir\/1\/files\/sites\/62\/2026\/02\/group-of-players-on-a-street-in-perugia-1024x585.jpg",1024,585,true],"author_info":[],"comment_info":"","_links":{"self":[{"href":"https:\/\/testwebsite.citygame.com\/de\/wp-json\/wp\/v2\/product\/60708","targetHints":{"allow":["GET"]}}],"collection":[{"href":"https:\/\/testwebsite.citygame.com\/de\/wp-json\/wp\/v2\/product"}],"about":[{"href":"https:\/\/testwebsite.citygame.com\/de\/wp-json\/wp\/v2\/types\/product"}],"acf:post":[{"embeddable":true,"href":"https:\/\/testwebsite.citygame.com\/de\/wp-json\/wp\/v2\/pages\/9150"}],"wp:featuredmedia":[{"embeddable":true,"href":"https:\/\/testwebsite.citygame.com\/de\/wp-json\/wp\/v2\/media\/12503"}],"wp:attachment":[{"href":"https:\/\/testwebsite.citygame.com\/de\/wp-json\/wp\/v2\/media?parent=60708"}],"wp:term":[{"taxonomy":"game-concept","embeddable":true,"href":"https:\/\/testwebsite.citygame.com\/de\/wp-json\/wp\/v2\/game-concept?post=60708"},{"taxonomy":"location","embeddable":true,"href":"https:\/\/testwebsite.citygame.com\/de\/wp-json\/wp\/v2\/location?post=60708"},{"taxonomy":"product_brand","embeddable":true,"href":"https:\/\/testwebsite.citygame.com\/de\/wp-json\/wp\/v2\/product_brand?post=60708"},{"taxonomy":"product_cat","embeddable":true,"href":"https:\/\/testwebsite.citygame.com\/de\/wp-json\/wp\/v2\/product_cat?post=60708"},{"taxonomy":"product_tag","embeddable":true,"href":"https:\/\/testwebsite.citygame.com\/de\/wp-json\/wp\/v2\/product_tag?post=60708"}],"curies":[{"name":"wp","href":"https:\/\/api.w.org\/{rel}","templated":true}]}}