{"id":60238,"date":"2026-02-11T10:31:05","date_gmt":"2026-02-11T10:31:05","guid":{"rendered":"https:\/\/testwebsite.citygame.com\/games\/unknown-location\/sherlock-holmes-annecy\/"},"modified":"2026-04-08T05:25:11","modified_gmt":"2026-04-08T05:25:11","slug":"sherlock-holmes-annecy","status":"publish","type":"product","link":"https:\/\/testwebsite.citygame.com\/de\/games\/annecy\/sherlock-holmes-annecy\/","title":{"rendered":"Sherlock Holmes Annecy"},"content":{"rendered":"<p>Tauchen Sie ein in die Welt von Sherlock Holmes mit diesem selbstgef\u00fchrten, geschichtsbasierten Krimi-City Game im historischen Stadtzentrum von Annecy. Als Detektiv in diesem Fall bewegen Sie sich durch die Stadt, w\u00e4hrend Sie einer sich entfaltenden Erz\u00e4hlung folgen, die mit einem grausamen Mord w\u00e4hrend des Liberty Festivals verbunden ist. Dabei sammeln Sie Hinweise, l\u00f6sen knifflige R\u00e4tsel und befragen digitale Verd\u00e4chtige in Ihrem eigenen Tempo, alles im Rahmen eines immersiven Ermittlungserlebnisses.<\/p>\n","protected":false},"excerpt":{"rendered":"<p>Schl\u00fcpfen Sie in die Rolle von Sherlock Holmes in Ihrem eigenen, selbstgef\u00fchrten Kriminalfall in Annecy. W\u00e4hrend Sie kryptischen Hinweisen folgen und knifflige R\u00e4tsel l\u00f6sen, ist die Zeit Ihr gr\u00f6\u00dfter Rivale, w\u00e4hrend Sie und Ihr Team gewissenhaft daran arbeiten, die Wahrheit aufzudecken. Seien Sie schnell, die Zeit l\u00e4uft!<\/p>\n","protected":false},"featured_media":12452,"template":"","meta":{"_acf_changed":false,"_yoast_wpseo_focuskw":"Sherlock Holmes Annecy","_yoast_wpseo_metadesc":"Sherlock Holmes Annecy. Spielen Sie ein selbstgef\u00fchrtes Krimi-City Game, l\u00f6sen Sie R\u00e4tsel, folgen Sie Hinweisen und enttarnen Sie den M\u00f6rder in Ihrem eigenen Tempo!","_kad_blocks_custom_css":"","_kad_blocks_head_custom_js":"","_kad_blocks_body_custom_js":"","_kad_blocks_footer_custom_js":"","ghostkit_customizer_options":"","ghostkit_custom_css":"","ghostkit_custom_js_head":"","ghostkit_custom_js_foot":"","ghostkit_typography":"","_kad_post_transparent":"","_kad_post_title":"","_kad_post_layout":"","_kad_post_sidebar_id":"","_kad_post_content_style":"","_kad_post_vertical_padding":"","_kad_post_feature":"","_kad_post_feature_position":"","_kad_post_header":false,"_kad_post_footer":false,"_kad_post_classname":"","_links_to":"","_links_to_target":""},"game-concept":[770],"location":[68],"product_brand":[],"product_cat":[664],"product_tag":[],"class_list":{"0":"post-60238","1":"product","2":"type-product","3":"status-publish","4":"has-post-thumbnail","6":"game-concept-sherlock","7":"location-annecy","8":"product_cat-unkategorisiert","10":"first","11":"instock","12":"shipping-taxable","13":"purchasable","14":"product-type-simple","15":"entry","16":"content-bg","17":"loop-entry"},"acf":{"full_bokun_product_name":"Annecy Self-Guided Sherlock Holmes Murder Mystery Game","location_name":"Annecy","bokun_calendar_widget_code":"<script type=\"text\/javascript\" src=\"https:\/\/widgets.bokun.io\/assets\/javascripts\/apps\/build\/BokunWidgetsLoader.js?bookingChannelUUID=a1e93e96-5232-4734-a595-28405f4b5a31\" async><\/script>\n     \n    <div class=\"bokunWidget\" data-src=\"https:\/\/widgets.bokun.io\/online-sales\/a1e93e96-5232-4734-a595-28405f4b5a31\/experience-calendar\/771819\"><\/div>\n    <noscript>Please enable javascript in your browser to book<\/noscript>","bokun_button_widget_code":"<script type=\"text\/javascript\" src=\"https:\/\/widgets.bokun.io\/assets\/javascripts\/apps\/build\/BokunWidgetsLoader.js?bookingChannelUUID=a1e93e96-5232-4734-a595-28405f4b5a31\" async><\/script>\n      <style> #bokun_ed001e45_5927_4f62_b470_ca766338d083 { display: inline-block; padding: .4em 1em; background: #47b82e; border-radius: 999999px; box-shadow: none; font-weight: 600; font-size: 24px; text-decoration: none; text-align: center; color: #FFFFFF; border:none; cursor: pointer; transition: background .2s ease; } #bokun_ed001e45_5927_4f62_b470_ca766338d083:hover{ background: #2f7b1f; } #bokun_ed001e45_5927_4f62_b470_ca766338d083:active{ background: #378f24; } <\/style> <button class=\"bokunButton\" disabled id=bokun_ed001e45_5927_4f62_b470_ca766338d083 data-src=\"https:\/\/widgets.bokun.io\/online-sales\/a1e93e96-5232-4734-a595-28405f4b5a31\/experience-calendar\/771819?partialView=1\" data-testid=\"widget-book-button\" > Book now <\/button> ","what_you\u2019ll_experience_during_the_game":"Sie tauchen ein in eine fesselnde Detektivgeschichte, die im Herzen von Annecy spielt, wo jede Ecke den n\u00e4chsten Hinweis bergen k\u00f6nnte. W\u00e4hrend der Mord auf dem Liberty Festival die Stadt ersch\u00fcttert, beginnen Sie Ihre Ermittlungen und decken eine Spur von Geheimnissen auf, die in Ihre Umgebung verwoben sind. Die Geschichte entfaltet sich, w\u00e4hrend Sie sich in Ihrem eigenen Tempo durch Annecy bewegen, jederzeit pausieren und fortfahren k\u00f6nnen. An jedem Ort sammeln Sie wichtige Informationen, stellen digitale Verd\u00e4chtige zur Rede und analysieren widerspr\u00fcchliche Alibis, um verborgene Wahrheiten aufzudecken.\n\nIhre Rolle als Detektiv erfordert scharfe Beobachtungsgabe, logische Schlussfolgerungen und ein sorgf\u00e4ltiges Lesen von Motiven. Wendungen in den Ermittlungen halten Sie in Atem, w\u00e4hrend R\u00e4tsel immer komplexer werden und Hinweise sich entwickeln. Denken Sie daran, dieses Erlebnis ist vollst\u00e4ndig geschichtsbasiert und konzentriert sich darauf, das Geheimnis Schritt f\u00fcr Schritt zu l\u00fcften. Egal, ob Sie alleine arbeiten oder ein Team herausfordern, als Erster fertig zu werden, jede Entscheidung z\u00e4hlt in Ihrem Streben nach Gerechtigkeit.","how_to_play":"Spielen Sie alleine oder mit Freunden, Familie oder Kollegen in Teams von bis zu vier Personen pro Ger\u00e4t. Nach der Buchung erhalten Sie eine E-Mail mit allen notwendigen Anweisungen.","start_location":"Annecy, Association des Guides-Conf\u00e9renciers d'Annecy","available_languages":["en","es","fr","de","it","nl"],"players_per_group":"1-4","duration":"1.5-2 hours","image_overlay_color_image":"https:\/\/testwebsite.citygame.com\/wp-content\/blogs.dir\/1\/files\/sites\/62\/2026\/01\/SherlockColor.svg","image_overlay_game_logo":"https:\/\/testwebsite.citygame.com\/wp-content\/blogs.dir\/1\/files\/sites\/62\/2026\/01\/SherlockLogo.png","city_page":12450,"woocommerce_general_content":null},"yoast_head":"<!-- This site is optimized with the Yoast SEO Premium plugin v26.2 (Yoast SEO v26.3) - https:\/\/yoast.com\/wordpress\/plugins\/seo\/ -->\n<title>Sherlock Holmes Annecy - City Game<\/title>\n<meta name=\"description\" content=\"Sherlock Holmes Annecy. Spielen Sie ein selbstgef\u00fchrtes Krimi-City Game, l\u00f6sen Sie R\u00e4tsel, folgen Sie Hinweisen und enttarnen Sie den M\u00f6rder in Ihrem eigenen Tempo!\" \/>\n<meta name=\"robots\" content=\"noindex, follow, max-snippet:-1, max-image-preview:large, max-video-preview:-1\" \/>\n<meta property=\"og:locale\" content=\"de_DE\" \/>\n<meta property=\"og:type\" content=\"article\" \/>\n<meta property=\"og:title\" content=\"Sherlock Holmes Annecy\" \/>\n<meta property=\"og:description\" content=\"Sherlock Holmes Annecy. Spielen Sie ein selbstgef\u00fchrtes Krimi-City Game, l\u00f6sen Sie R\u00e4tsel, folgen Sie Hinweisen und enttarnen Sie den M\u00f6rder in Ihrem eigenen Tempo!\" \/>\n<meta property=\"og:url\" content=\"https:\/\/testwebsite.citygame.com\/de\/games\/annecy\/sherlock-holmes-annecy\/\" \/>\n<meta property=\"og:site_name\" content=\"City Game\" \/>\n<meta property=\"article:publisher\" content=\"https:\/\/www.facebook.com\/profile.php?id=100086426226253\" \/>\n<meta property=\"article:modified_time\" content=\"2026-04-08T05:25:11+00:00\" \/>\n<meta property=\"og:image\" content=\"https:\/\/testwebsite.citygame.com\/wp-content\/blogs.dir\/1\/files\/sites\/62\/2026\/02\/group-of-friends-exploring-annecy-on-a-city-game.jpg\" \/>\n\t<meta property=\"og:image:width\" content=\"1344\" \/>\n\t<meta property=\"og:image:height\" content=\"768\" \/>\n\t<meta property=\"og:image:type\" content=\"image\/jpeg\" \/>\n<meta name=\"twitter:card\" content=\"summary_large_image\" \/>\n<script type=\"application\/ld+json\" class=\"yoast-schema-graph\">{\"@context\":\"https:\/\/schema.org\",\"@graph\":[{\"@type\":\"WebPage\",\"@id\":\"https:\/\/testwebsite.citygame.com\/de\/games\/annecy\/sherlock-holmes-annecy\/\",\"url\":\"https:\/\/testwebsite.citygame.com\/de\/games\/annecy\/sherlock-holmes-annecy\/\",\"name\":\"Sherlock Holmes Annecy - City Game\",\"isPartOf\":{\"@id\":\"https:\/\/testwebsite.upevents.nl\/#website\"},\"primaryImageOfPage\":{\"@id\":\"https:\/\/testwebsite.citygame.com\/de\/games\/annecy\/sherlock-holmes-annecy\/#primaryimage\"},\"image\":{\"@id\":\"https:\/\/testwebsite.citygame.com\/de\/games\/annecy\/sherlock-holmes-annecy\/#primaryimage\"},\"thumbnailUrl\":\"https:\/\/testwebsite.citygame.com\/wp-content\/blogs.dir\/1\/files\/sites\/62\/2026\/02\/group-of-friends-exploring-annecy-on-a-city-game.jpg\",\"datePublished\":\"2026-02-11T10:31:05+00:00\",\"dateModified\":\"2026-04-08T05:25:11+00:00\",\"description\":\"Sherlock Holmes Annecy. Spielen Sie ein selbstgef\u00fchrtes Krimi-City Game, l\u00f6sen Sie R\u00e4tsel, folgen Sie Hinweisen und enttarnen Sie den M\u00f6rder in Ihrem eigenen Tempo!\",\"breadcrumb\":{\"@id\":\"https:\/\/testwebsite.citygame.com\/de\/games\/annecy\/sherlock-holmes-annecy\/#breadcrumb\"},\"inLanguage\":\"de\",\"potentialAction\":[{\"@type\":\"ReadAction\",\"target\":[\"https:\/\/testwebsite.citygame.com\/de\/games\/annecy\/sherlock-holmes-annecy\/\"]}]},{\"@type\":\"ImageObject\",\"inLanguage\":\"de\",\"@id\":\"https:\/\/testwebsite.citygame.com\/de\/games\/annecy\/sherlock-holmes-annecy\/#primaryimage\",\"url\":\"https:\/\/testwebsite.citygame.com\/wp-content\/blogs.dir\/1\/files\/sites\/62\/2026\/02\/group-of-friends-exploring-annecy-on-a-city-game.jpg\",\"contentUrl\":\"https:\/\/testwebsite.citygame.com\/wp-content\/blogs.dir\/1\/files\/sites\/62\/2026\/02\/group-of-friends-exploring-annecy-on-a-city-game.jpg\",\"width\":1344,\"height\":768,\"caption\":\"A man gives directions to three women on a narrow, historic street in Annecy.\"},{\"@type\":\"BreadcrumbList\",\"@id\":\"https:\/\/testwebsite.citygame.com\/de\/games\/annecy\/sherlock-holmes-annecy\/#breadcrumb\",\"itemListElement\":[{\"@type\":\"ListItem\",\"position\":1,\"name\":\"Home\",\"item\":\"https:\/\/testwebsite.citygame.com\/de\/\"},{\"@type\":\"ListItem\",\"position\":2,\"name\":\"Shop\",\"item\":\"https:\/\/testwebsite.citygame.com\/shop\/\"},{\"@type\":\"ListItem\",\"position\":3,\"name\":\"Sherlock Holmes Annecy\"}]},{\"@type\":\"WebSite\",\"@id\":\"https:\/\/testwebsite.upevents.nl\/#website\",\"url\":\"https:\/\/testwebsite.upevents.nl\/\",\"name\":\"City Game\",\"description\":\"\",\"publisher\":{\"@id\":\"https:\/\/testwebsite.upevents.nl\/#organization\"},\"alternateName\":\"citygame.com\",\"potentialAction\":[{\"@type\":\"SearchAction\",\"target\":{\"@type\":\"EntryPoint\",\"urlTemplate\":\"https:\/\/testwebsite.upevents.nl\/?s={search_term_string}\"},\"query-input\":{\"@type\":\"PropertyValueSpecification\",\"valueRequired\":true,\"valueName\":\"search_term_string\"}}],\"inLanguage\":\"de\"},{\"@type\":[\"Organization\",\"Place\"],\"@id\":\"https:\/\/testwebsite.upevents.nl\/#organization\",\"name\":\"City Game\",\"alternateName\":\"citygame.com\",\"url\":\"https:\/\/testwebsite.upevents.nl\/\",\"logo\":{\"@id\":\"https:\/\/testwebsite.citygame.com\/de\/games\/annecy\/sherlock-holmes-annecy\/#local-main-organization-logo\"},\"image\":{\"@id\":\"https:\/\/testwebsite.citygame.com\/de\/games\/annecy\/sherlock-holmes-annecy\/#local-main-organization-logo\"},\"sameAs\":[\"https:\/\/www.facebook.com\/profile.php?id=100086426226253\",\"https:\/\/www.instagram.com\/citygame_com\",\"https:\/\/www.tiktok.com\/@citygamecom\/\",\"https:\/\/www.linkedin.com\/company\/citygame-com\"],\"description\":\"Turn any city into a playground with our interactive City Games and self-guided tours. Fun, flexible, and ideal for groups and team building.\",\"telephone\":[],\"openingHoursSpecification\":[{\"@type\":\"OpeningHoursSpecification\",\"dayOfWeek\":[\"Monday\",\"Tuesday\",\"Wednesday\",\"Thursday\",\"Friday\",\"Saturday\",\"Sunday\"],\"opens\":\"09:00\",\"closes\":\"17:00\"}]},{\"@type\":\"ImageObject\",\"inLanguage\":\"de\",\"@id\":\"https:\/\/testwebsite.citygame.com\/de\/games\/annecy\/sherlock-holmes-annecy\/#local-main-organization-logo\",\"url\":\"https:\/\/testwebsite.citygame.com\/wp-content\/blogs.dir\/1\/files\/sites\/62\/2025\/10\/CG_LOGO-City-Game.png\",\"contentUrl\":\"https:\/\/testwebsite.citygame.com\/wp-content\/blogs.dir\/1\/files\/sites\/62\/2025\/10\/CG_LOGO-City-Game.png\",\"width\":351,\"height\":377,\"caption\":\"City Game\"}]}<\/script>\n<!-- \/ Yoast SEO Premium plugin. -->","yoast_head_json":{"title":"Sherlock Holmes Annecy - City Game","description":"Sherlock Holmes Annecy. Spielen Sie ein selbstgef\u00fchrtes Krimi-City Game, l\u00f6sen Sie R\u00e4tsel, folgen Sie Hinweisen und enttarnen Sie den M\u00f6rder in Ihrem eigenen Tempo!","robots":{"index":"noindex","follow":"follow","max-snippet":"max-snippet:-1","max-image-preview":"max-image-preview:large","max-video-preview":"max-video-preview:-1"},"og_locale":"de_DE","og_type":"article","og_title":"Sherlock Holmes Annecy","og_description":"Sherlock Holmes Annecy. Spielen Sie ein selbstgef\u00fchrtes Krimi-City Game, l\u00f6sen Sie R\u00e4tsel, folgen Sie Hinweisen und enttarnen Sie den M\u00f6rder in Ihrem eigenen Tempo!","og_url":"https:\/\/testwebsite.citygame.com\/de\/games\/annecy\/sherlock-holmes-annecy\/","og_site_name":"City Game","article_publisher":"https:\/\/www.facebook.com\/profile.php?id=100086426226253","article_modified_time":"2026-04-08T05:25:11+00:00","og_image":[{"width":1344,"height":768,"url":"https:\/\/testwebsite.citygame.com\/wp-content\/blogs.dir\/1\/files\/sites\/62\/2026\/02\/group-of-friends-exploring-annecy-on-a-city-game.jpg","type":"image\/jpeg"}],"twitter_card":"summary_large_image","schema":{"@context":"https:\/\/schema.org","@graph":[{"@type":"WebPage","@id":"https:\/\/testwebsite.citygame.com\/de\/games\/annecy\/sherlock-holmes-annecy\/","url":"https:\/\/testwebsite.citygame.com\/de\/games\/annecy\/sherlock-holmes-annecy\/","name":"Sherlock Holmes Annecy - City Game","isPartOf":{"@id":"https:\/\/testwebsite.upevents.nl\/#website"},"primaryImageOfPage":{"@id":"https:\/\/testwebsite.citygame.com\/de\/games\/annecy\/sherlock-holmes-annecy\/#primaryimage"},"image":{"@id":"https:\/\/testwebsite.citygame.com\/de\/games\/annecy\/sherlock-holmes-annecy\/#primaryimage"},"thumbnailUrl":"https:\/\/testwebsite.citygame.com\/wp-content\/blogs.dir\/1\/files\/sites\/62\/2026\/02\/group-of-friends-exploring-annecy-on-a-city-game.jpg","datePublished":"2026-02-11T10:31:05+00:00","dateModified":"2026-04-08T05:25:11+00:00","description":"Sherlock Holmes Annecy. Spielen Sie ein selbstgef\u00fchrtes Krimi-City Game, l\u00f6sen Sie R\u00e4tsel, folgen Sie Hinweisen und enttarnen Sie den M\u00f6rder in Ihrem eigenen Tempo!","breadcrumb":{"@id":"https:\/\/testwebsite.citygame.com\/de\/games\/annecy\/sherlock-holmes-annecy\/#breadcrumb"},"inLanguage":"de","potentialAction":[{"@type":"ReadAction","target":["https:\/\/testwebsite.citygame.com\/de\/games\/annecy\/sherlock-holmes-annecy\/"]}]},{"@type":"ImageObject","inLanguage":"de","@id":"https:\/\/testwebsite.citygame.com\/de\/games\/annecy\/sherlock-holmes-annecy\/#primaryimage","url":"https:\/\/testwebsite.citygame.com\/wp-content\/blogs.dir\/1\/files\/sites\/62\/2026\/02\/group-of-friends-exploring-annecy-on-a-city-game.jpg","contentUrl":"https:\/\/testwebsite.citygame.com\/wp-content\/blogs.dir\/1\/files\/sites\/62\/2026\/02\/group-of-friends-exploring-annecy-on-a-city-game.jpg","width":1344,"height":768,"caption":"A man gives directions to three women on a narrow, historic street in Annecy."},{"@type":"BreadcrumbList","@id":"https:\/\/testwebsite.citygame.com\/de\/games\/annecy\/sherlock-holmes-annecy\/#breadcrumb","itemListElement":[{"@type":"ListItem","position":1,"name":"Home","item":"https:\/\/testwebsite.citygame.com\/de\/"},{"@type":"ListItem","position":2,"name":"Shop","item":"https:\/\/testwebsite.citygame.com\/shop\/"},{"@type":"ListItem","position":3,"name":"Sherlock Holmes Annecy"}]},{"@type":"WebSite","@id":"https:\/\/testwebsite.upevents.nl\/#website","url":"https:\/\/testwebsite.upevents.nl\/","name":"City Game","description":"","publisher":{"@id":"https:\/\/testwebsite.upevents.nl\/#organization"},"alternateName":"citygame.com","potentialAction":[{"@type":"SearchAction","target":{"@type":"EntryPoint","urlTemplate":"https:\/\/testwebsite.upevents.nl\/?s={search_term_string}"},"query-input":{"@type":"PropertyValueSpecification","valueRequired":true,"valueName":"search_term_string"}}],"inLanguage":"de"},{"@type":["Organization","Place"],"@id":"https:\/\/testwebsite.upevents.nl\/#organization","name":"City Game","alternateName":"citygame.com","url":"https:\/\/testwebsite.upevents.nl\/","logo":{"@id":"https:\/\/testwebsite.citygame.com\/de\/games\/annecy\/sherlock-holmes-annecy\/#local-main-organization-logo"},"image":{"@id":"https:\/\/testwebsite.citygame.com\/de\/games\/annecy\/sherlock-holmes-annecy\/#local-main-organization-logo"},"sameAs":["https:\/\/www.facebook.com\/profile.php?id=100086426226253","https:\/\/www.instagram.com\/citygame_com","https:\/\/www.tiktok.com\/@citygamecom\/","https:\/\/www.linkedin.com\/company\/citygame-com"],"description":"Turn any city into a playground with our interactive City Games and self-guided tours. Fun, flexible, and ideal for groups and team building.","telephone":[],"openingHoursSpecification":[{"@type":"OpeningHoursSpecification","dayOfWeek":["Monday","Tuesday","Wednesday","Thursday","Friday","Saturday","Sunday"],"opens":"09:00","closes":"17:00"}]},{"@type":"ImageObject","inLanguage":"de","@id":"https:\/\/testwebsite.citygame.com\/de\/games\/annecy\/sherlock-holmes-annecy\/#local-main-organization-logo","url":"https:\/\/testwebsite.citygame.com\/wp-content\/blogs.dir\/1\/files\/sites\/62\/2025\/10\/CG_LOGO-City-Game.png","contentUrl":"https:\/\/testwebsite.citygame.com\/wp-content\/blogs.dir\/1\/files\/sites\/62\/2025\/10\/CG_LOGO-City-Game.png","width":351,"height":377,"caption":"City Game"}]}},"taxonomy_info":{"game-concept":[{"value":770,"label":"Sherlock"}],"location":[{"value":68,"label":"Annecy"}],"product_cat":[{"value":664,"label":"Unkategorisiert"}]},"featured_image_src_large":["https:\/\/testwebsite.citygame.com\/wp-content\/blogs.dir\/1\/files\/sites\/62\/2026\/02\/group-of-friends-exploring-annecy-on-a-city-game-1024x585.jpg",1024,585,true],"author_info":[],"comment_info":"","_links":{"self":[{"href":"https:\/\/testwebsite.citygame.com\/de\/wp-json\/wp\/v2\/product\/60238","targetHints":{"allow":["GET"]}}],"collection":[{"href":"https:\/\/testwebsite.citygame.com\/de\/wp-json\/wp\/v2\/product"}],"about":[{"href":"https:\/\/testwebsite.citygame.com\/de\/wp-json\/wp\/v2\/types\/product"}],"acf:post":[{"embeddable":true,"href":"https:\/\/testwebsite.citygame.com\/de\/wp-json\/wp\/v2\/pages\/12450"}],"wp:featuredmedia":[{"embeddable":true,"href":"https:\/\/testwebsite.citygame.com\/de\/wp-json\/wp\/v2\/media\/12452"}],"wp:attachment":[{"href":"https:\/\/testwebsite.citygame.com\/de\/wp-json\/wp\/v2\/media?parent=60238"}],"wp:term":[{"taxonomy":"game-concept","embeddable":true,"href":"https:\/\/testwebsite.citygame.com\/de\/wp-json\/wp\/v2\/game-concept?post=60238"},{"taxonomy":"location","embeddable":true,"href":"https:\/\/testwebsite.citygame.com\/de\/wp-json\/wp\/v2\/location?post=60238"},{"taxonomy":"product_brand","embeddable":true,"href":"https:\/\/testwebsite.citygame.com\/de\/wp-json\/wp\/v2\/product_brand?post=60238"},{"taxonomy":"product_cat","embeddable":true,"href":"https:\/\/testwebsite.citygame.com\/de\/wp-json\/wp\/v2\/product_cat?post=60238"},{"taxonomy":"product_tag","embeddable":true,"href":"https:\/\/testwebsite.citygame.com\/de\/wp-json\/wp\/v2\/product_tag?post=60238"}],"curies":[{"name":"wp","href":"https:\/\/api.w.org\/{rel}","templated":true}]}}