{"id":60003,"date":"2026-02-05T10:02:59","date_gmt":"2026-02-05T10:02:59","guid":{"rendered":"https:\/\/testwebsite.citygame.com\/games\/unknown-location\/sherlock-holmes-granada\/"},"modified":"2026-04-08T05:00:40","modified_gmt":"2026-04-08T05:00:40","slug":"sherlock-holmes-granada","status":"publish","type":"product","link":"https:\/\/testwebsite.citygame.com\/de\/games\/granada\/sherlock-holmes-granada\/","title":{"rendered":"Sherlock Holmes Granada"},"content":{"rendered":"<p>Tauchen Sie ein in die Welt von Sherlock Holmes mit diesem selbstgef\u00fchrten, geschichtenbasierten Krimi-City-Game, das im historischen Stadtzentrum von Granada spielt. W\u00e4hrend sich ein gruseliger Fall nach einem Mord w\u00e4hrend des Liberty Festivals entfaltet, bewegen sich die Spieler als Detektive durch die Stra\u00dfen, sammeln Hinweise, l\u00f6sen knifflige R\u00e4tsel und befragen digitale Verd\u00e4chtige, um die Wahrheit aufzudecken. Die fesselnde Kulisse Granadas wird zum Schauplatz Ihrer Ermittlungen und bietet Ihnen die Freiheit, das Geheimnis in Ihrem eigenen Tempo zu l\u00fcften, w\u00e4hrend Sie vollst\u00e4ndig in die Rolle eines Holmes&#8217;schen Sp\u00fcrhunds schl\u00fcpfen.<\/p>\n","protected":false},"excerpt":{"rendered":"<p>Tauchen Sie ein in die Welt von Sherlock Holmes in Granada und erleben Sie ein selbstgef\u00fchrtes Mordr\u00e4tsel, das Sie durch die verwinkelten Gassen der Stadt f\u00fchrt. Sie und Ihr Team folgen Hinweisen, l\u00f6sen knifflige R\u00e4tsel und wetteifern gegen die Zeit, um die Wahrheit aufzudecken \u2013 denken Sie schnell, jede Sekunde z\u00e4hlt!<\/p>\n","protected":false},"featured_media":10640,"template":"","meta":{"_acf_changed":false,"_yoast_wpseo_focuskw":"Sherlock Holmes Granada","_yoast_wpseo_metadesc":"Sherlock Holmes Granada. Spiele ein selbstgef\u00fchrtes Krimi-City-Game, l\u00f6se R\u00e4tsel, folge Hinweisen und entdecke den M\u00f6rder in deinem eigenen Tempo!","_kad_blocks_custom_css":"","_kad_blocks_head_custom_js":"","_kad_blocks_body_custom_js":"","_kad_blocks_footer_custom_js":"","ghostkit_customizer_options":"","ghostkit_custom_css":"","ghostkit_custom_js_head":"","ghostkit_custom_js_foot":"","ghostkit_typography":"","_kad_post_transparent":"","_kad_post_title":"","_kad_post_layout":"","_kad_post_sidebar_id":"","_kad_post_content_style":"","_kad_post_vertical_padding":"","_kad_post_feature":"","_kad_post_feature_position":"","_kad_post_header":false,"_kad_post_footer":false,"_kad_post_classname":"","_links_to":"","_links_to_target":""},"game-concept":[770],"location":[184],"product_brand":[],"product_cat":[664],"product_tag":[],"class_list":{"0":"post-60003","1":"product","2":"type-product","3":"status-publish","4":"has-post-thumbnail","6":"game-concept-sherlock","7":"location-granada","8":"product_cat-unkategorisiert","10":"first","11":"instock","12":"shipping-taxable","13":"purchasable","14":"product-type-simple","15":"entry","16":"content-bg","17":"loop-entry"},"acf":{"full_bokun_product_name":"Granada Self-Guided Sherlock Holmes Murder Mystery Game","location_name":"Granada","bokun_calendar_widget_code":"<script type=\"text\/javascript\" src=\"https:\/\/widgets.bokun.io\/assets\/javascripts\/apps\/build\/BokunWidgetsLoader.js?bookingChannelUUID=a1e93e96-5232-4734-a595-28405f4b5a31\" async><\/script>\n     \n    <div class=\"bokunWidget\" data-src=\"https:\/\/widgets.bokun.io\/online-sales\/a1e93e96-5232-4734-a595-28405f4b5a31\/experience-calendar\/731618\"><\/div>\n    <noscript>Please enable javascript in your browser to book<\/noscript>","bokun_button_widget_code":"<script type=\"text\/javascript\" src=\"https:\/\/widgets.bokun.io\/assets\/javascripts\/apps\/build\/BokunWidgetsLoader.js?bookingChannelUUID=a1e93e96-5232-4734-a595-28405f4b5a31\" async><\/script>\n      <style> #bokun_ed001e45_5927_4f62_b470_ca766338d083 { display: inline-block; padding: .4em 1em; background: #47b82e; border-radius: 999999px; box-shadow: none; font-weight: 600; font-size: 24px; text-decoration: none; text-align: center; color: #FFFFFF; border:none; cursor: pointer; transition: background .2s ease; } #bokun_ed001e45_5927_4f62_b470_ca766338d083:hover{ background: #2f7b1f; } #bokun_ed001e45_5927_4f62_b470_ca766338d083:active{ background: #378f24; } <\/style> <button class=\"bokunButton\" disabled id=bokun_ed001e45_5927_4f62_b470_ca766338d083 data-src=\"https:\/\/widgets.bokun.io\/online-sales\/a1e93e96-5232-4734-a595-28405f4b5a31\/experience-calendar\/731618?partialView=1\" data-testid=\"widget-book-button\" > Book now <\/button> ","what_you\u2019ll_experience_during_the_game":"Sie tauchen ein in eine fesselnde Detektivgeschichte im Herzen von Granada, wo jede Ecke eine neue Spur verbirgt und jede Stra\u00dfe den n\u00e4chsten Hinweis bereithalten k\u00f6nnte. W\u00e4hrend Sie tiefer in die Ermittlungen eintauchen, entfaltet sich das Geheimnis in der ganzen Stadt und zieht Sie in einen vielschichtigen Fall rund um einen Mord w\u00e4hrend des Liberty Festivals. Sie werden versteckte Hinweise aufdecken, verschl\u00fcsselte Nachrichten knacken und sich durch eine Spur von Geheimnissen navigieren, die scharfe Beobachtung und logisches Denken erfordern.\n\nW\u00e4hrend des gesamten Erlebnisses befragen Sie digitale Verd\u00e4chtige, pr\u00fcfen widerspr\u00fcchliche Alibis und entwirren Widerspr\u00fcche, die Ihr kritisches Denken an ihre Grenzen bringen. Das Spiel ist vollst\u00e4ndig geschichtenbasiert und darauf ausgelegt, Sie in eine reichhaltige Erz\u00e4hlung einzutauchen, in der jede Entscheidung z\u00e4hlt. Spielen Sie in Ihrem eigenen Tempo, pausieren und fahren Sie fort, wann immer Sie m\u00f6chten. Wenn Sie in einem Team antreten, verleiht die Herausforderung der L\u00f6sung des Falles eine zus\u00e4tzliche Dringlichkeit. St\u00fcck f\u00fcr St\u00fcck arbeiten Sie daran, die Wahrheit hinter dem Verbrechen aufzudecken \u2013 ohne jemals zu wissen, wohin die n\u00e4chste Wendung Sie f\u00fchren wird.","how_to_play":"Arbeiten Sie alleine oder mit Freunden, Familie oder Kollegen in Teams von bis zu vier Personen pro Ger\u00e4t. Nach der Buchung erhalten Sie eine E-Mail mit allen Anweisungen, die Sie ben\u00f6tigen.","start_location":"Granada, Fuente de los Gigantes","available_languages":["en","es","fr","de","it","nl"],"players_per_group":"1-4","duration":"1.5-2 hours","image_overlay_color_image":"https:\/\/testwebsite.citygame.com\/wp-content\/blogs.dir\/1\/files\/sites\/62\/2026\/01\/SherlockColor.svg","image_overlay_game_logo":"https:\/\/testwebsite.citygame.com\/wp-content\/blogs.dir\/1\/files\/sites\/62\/2026\/01\/SherlockLogo.png","city_page":7253,"woocommerce_general_content":null},"yoast_head":"<!-- This site is optimized with the Yoast SEO Premium plugin v26.2 (Yoast SEO v26.3) - https:\/\/yoast.com\/wordpress\/plugins\/seo\/ -->\n<title>Sherlock Holmes Granada - City Game<\/title>\n<meta name=\"description\" content=\"Sherlock Holmes Granada. Spiele ein selbstgef\u00fchrtes Krimi-City-Game, l\u00f6se R\u00e4tsel, folge Hinweisen und entdecke den M\u00f6rder in deinem eigenen Tempo!\" \/>\n<meta name=\"robots\" content=\"noindex, follow, max-snippet:-1, max-image-preview:large, max-video-preview:-1\" \/>\n<meta property=\"og:locale\" content=\"de_DE\" \/>\n<meta property=\"og:type\" content=\"article\" \/>\n<meta property=\"og:title\" content=\"Sherlock Holmes Granada\" \/>\n<meta property=\"og:description\" content=\"Sherlock Holmes Granada. Spiele ein selbstgef\u00fchrtes Krimi-City-Game, l\u00f6se R\u00e4tsel, folge Hinweisen und entdecke den M\u00f6rder in deinem eigenen Tempo!\" \/>\n<meta property=\"og:url\" content=\"https:\/\/testwebsite.citygame.com\/de\/games\/granada\/sherlock-holmes-granada\/\" \/>\n<meta property=\"og:site_name\" content=\"City Game\" \/>\n<meta property=\"article:publisher\" content=\"https:\/\/www.facebook.com\/profile.php?id=100086426226253\" \/>\n<meta property=\"article:modified_time\" content=\"2026-04-08T05:00:40+00:00\" \/>\n<meta property=\"og:image\" content=\"https:\/\/testwebsite.citygame.com\/wp-content\/blogs.dir\/1\/files\/sites\/62\/2026\/02\/man-playing-sherlock-city-game-on-phone-in-granada-street.jpg\" \/>\n\t<meta property=\"og:image:width\" content=\"1344\" \/>\n\t<meta property=\"og:image:height\" content=\"768\" \/>\n\t<meta property=\"og:image:type\" content=\"image\/jpeg\" \/>\n<meta name=\"twitter:card\" content=\"summary_large_image\" \/>\n<meta name=\"twitter:label1\" content=\"Gesch\u00e4tzte Lesezeit\" \/>\n\t<meta name=\"twitter:data1\" content=\"1\u00a0Minute\" \/>\n<script type=\"application\/ld+json\" class=\"yoast-schema-graph\">{\"@context\":\"https:\/\/schema.org\",\"@graph\":[{\"@type\":\"WebPage\",\"@id\":\"https:\/\/testwebsite.citygame.com\/de\/games\/granada\/sherlock-holmes-granada\/\",\"url\":\"https:\/\/testwebsite.citygame.com\/de\/games\/granada\/sherlock-holmes-granada\/\",\"name\":\"Sherlock Holmes Granada - City Game\",\"isPartOf\":{\"@id\":\"https:\/\/testwebsite.upevents.nl\/#website\"},\"primaryImageOfPage\":{\"@id\":\"https:\/\/testwebsite.citygame.com\/de\/games\/granada\/sherlock-holmes-granada\/#primaryimage\"},\"image\":{\"@id\":\"https:\/\/testwebsite.citygame.com\/de\/games\/granada\/sherlock-holmes-granada\/#primaryimage\"},\"thumbnailUrl\":\"https:\/\/testwebsite.citygame.com\/wp-content\/blogs.dir\/1\/files\/sites\/62\/2026\/02\/man-playing-sherlock-city-game-on-phone-in-granada-street.jpg\",\"datePublished\":\"2026-02-05T10:02:59+00:00\",\"dateModified\":\"2026-04-08T05:00:40+00:00\",\"description\":\"Sherlock Holmes Granada. Spiele ein selbstgef\u00fchrtes Krimi-City-Game, l\u00f6se R\u00e4tsel, folge Hinweisen und entdecke den M\u00f6rder in deinem eigenen Tempo!\",\"breadcrumb\":{\"@id\":\"https:\/\/testwebsite.citygame.com\/de\/games\/granada\/sherlock-holmes-granada\/#breadcrumb\"},\"inLanguage\":\"de\",\"potentialAction\":[{\"@type\":\"ReadAction\",\"target\":[\"https:\/\/testwebsite.citygame.com\/de\/games\/granada\/sherlock-holmes-granada\/\"]}]},{\"@type\":\"ImageObject\",\"inLanguage\":\"de\",\"@id\":\"https:\/\/testwebsite.citygame.com\/de\/games\/granada\/sherlock-holmes-granada\/#primaryimage\",\"url\":\"https:\/\/testwebsite.citygame.com\/wp-content\/blogs.dir\/1\/files\/sites\/62\/2026\/02\/man-playing-sherlock-city-game-on-phone-in-granada-street.jpg\",\"contentUrl\":\"https:\/\/testwebsite.citygame.com\/wp-content\/blogs.dir\/1\/files\/sites\/62\/2026\/02\/man-playing-sherlock-city-game-on-phone-in-granada-street.jpg\",\"width\":1344,\"height\":768,\"caption\":\"A player navigates a narrow, historic street in Granada using a city game app on his phone.\"},{\"@type\":\"BreadcrumbList\",\"@id\":\"https:\/\/testwebsite.citygame.com\/de\/games\/granada\/sherlock-holmes-granada\/#breadcrumb\",\"itemListElement\":[{\"@type\":\"ListItem\",\"position\":1,\"name\":\"Home\",\"item\":\"https:\/\/testwebsite.citygame.com\/de\/\"},{\"@type\":\"ListItem\",\"position\":2,\"name\":\"Shop\",\"item\":\"https:\/\/testwebsite.citygame.com\/shop\/\"},{\"@type\":\"ListItem\",\"position\":3,\"name\":\"Sherlock Holmes Granada\"}]},{\"@type\":\"WebSite\",\"@id\":\"https:\/\/testwebsite.upevents.nl\/#website\",\"url\":\"https:\/\/testwebsite.upevents.nl\/\",\"name\":\"City Game\",\"description\":\"\",\"publisher\":{\"@id\":\"https:\/\/testwebsite.upevents.nl\/#organization\"},\"alternateName\":\"citygame.com\",\"potentialAction\":[{\"@type\":\"SearchAction\",\"target\":{\"@type\":\"EntryPoint\",\"urlTemplate\":\"https:\/\/testwebsite.upevents.nl\/?s={search_term_string}\"},\"query-input\":{\"@type\":\"PropertyValueSpecification\",\"valueRequired\":true,\"valueName\":\"search_term_string\"}}],\"inLanguage\":\"de\"},{\"@type\":[\"Organization\",\"Place\"],\"@id\":\"https:\/\/testwebsite.upevents.nl\/#organization\",\"name\":\"City Game\",\"alternateName\":\"citygame.com\",\"url\":\"https:\/\/testwebsite.upevents.nl\/\",\"logo\":{\"@id\":\"https:\/\/testwebsite.citygame.com\/de\/games\/granada\/sherlock-holmes-granada\/#local-main-organization-logo\"},\"image\":{\"@id\":\"https:\/\/testwebsite.citygame.com\/de\/games\/granada\/sherlock-holmes-granada\/#local-main-organization-logo\"},\"sameAs\":[\"https:\/\/www.facebook.com\/profile.php?id=100086426226253\",\"https:\/\/www.instagram.com\/citygame_com\",\"https:\/\/www.tiktok.com\/@citygamecom\/\",\"https:\/\/www.linkedin.com\/company\/citygame-com\"],\"description\":\"Turn any city into a playground with our interactive City Games and self-guided tours. Fun, flexible, and ideal for groups and team building.\",\"telephone\":[],\"openingHoursSpecification\":[{\"@type\":\"OpeningHoursSpecification\",\"dayOfWeek\":[\"Monday\",\"Tuesday\",\"Wednesday\",\"Thursday\",\"Friday\",\"Saturday\",\"Sunday\"],\"opens\":\"09:00\",\"closes\":\"17:00\"}]},{\"@type\":\"ImageObject\",\"inLanguage\":\"de\",\"@id\":\"https:\/\/testwebsite.citygame.com\/de\/games\/granada\/sherlock-holmes-granada\/#local-main-organization-logo\",\"url\":\"https:\/\/testwebsite.citygame.com\/wp-content\/blogs.dir\/1\/files\/sites\/62\/2025\/10\/CG_LOGO-City-Game.png\",\"contentUrl\":\"https:\/\/testwebsite.citygame.com\/wp-content\/blogs.dir\/1\/files\/sites\/62\/2025\/10\/CG_LOGO-City-Game.png\",\"width\":351,\"height\":377,\"caption\":\"City Game\"}]}<\/script>\n<!-- \/ Yoast SEO Premium plugin. -->","yoast_head_json":{"title":"Sherlock Holmes Granada - City Game","description":"Sherlock Holmes Granada. Spiele ein selbstgef\u00fchrtes Krimi-City-Game, l\u00f6se R\u00e4tsel, folge Hinweisen und entdecke den M\u00f6rder in deinem eigenen Tempo!","robots":{"index":"noindex","follow":"follow","max-snippet":"max-snippet:-1","max-image-preview":"max-image-preview:large","max-video-preview":"max-video-preview:-1"},"og_locale":"de_DE","og_type":"article","og_title":"Sherlock Holmes Granada","og_description":"Sherlock Holmes Granada. Spiele ein selbstgef\u00fchrtes Krimi-City-Game, l\u00f6se R\u00e4tsel, folge Hinweisen und entdecke den M\u00f6rder in deinem eigenen Tempo!","og_url":"https:\/\/testwebsite.citygame.com\/de\/games\/granada\/sherlock-holmes-granada\/","og_site_name":"City Game","article_publisher":"https:\/\/www.facebook.com\/profile.php?id=100086426226253","article_modified_time":"2026-04-08T05:00:40+00:00","og_image":[{"width":1344,"height":768,"url":"https:\/\/testwebsite.citygame.com\/wp-content\/blogs.dir\/1\/files\/sites\/62\/2026\/02\/man-playing-sherlock-city-game-on-phone-in-granada-street.jpg","type":"image\/jpeg"}],"twitter_card":"summary_large_image","twitter_misc":{"Gesch\u00e4tzte Lesezeit":"1\u00a0Minute"},"schema":{"@context":"https:\/\/schema.org","@graph":[{"@type":"WebPage","@id":"https:\/\/testwebsite.citygame.com\/de\/games\/granada\/sherlock-holmes-granada\/","url":"https:\/\/testwebsite.citygame.com\/de\/games\/granada\/sherlock-holmes-granada\/","name":"Sherlock Holmes Granada - City Game","isPartOf":{"@id":"https:\/\/testwebsite.upevents.nl\/#website"},"primaryImageOfPage":{"@id":"https:\/\/testwebsite.citygame.com\/de\/games\/granada\/sherlock-holmes-granada\/#primaryimage"},"image":{"@id":"https:\/\/testwebsite.citygame.com\/de\/games\/granada\/sherlock-holmes-granada\/#primaryimage"},"thumbnailUrl":"https:\/\/testwebsite.citygame.com\/wp-content\/blogs.dir\/1\/files\/sites\/62\/2026\/02\/man-playing-sherlock-city-game-on-phone-in-granada-street.jpg","datePublished":"2026-02-05T10:02:59+00:00","dateModified":"2026-04-08T05:00:40+00:00","description":"Sherlock Holmes Granada. Spiele ein selbstgef\u00fchrtes Krimi-City-Game, l\u00f6se R\u00e4tsel, folge Hinweisen und entdecke den M\u00f6rder in deinem eigenen Tempo!","breadcrumb":{"@id":"https:\/\/testwebsite.citygame.com\/de\/games\/granada\/sherlock-holmes-granada\/#breadcrumb"},"inLanguage":"de","potentialAction":[{"@type":"ReadAction","target":["https:\/\/testwebsite.citygame.com\/de\/games\/granada\/sherlock-holmes-granada\/"]}]},{"@type":"ImageObject","inLanguage":"de","@id":"https:\/\/testwebsite.citygame.com\/de\/games\/granada\/sherlock-holmes-granada\/#primaryimage","url":"https:\/\/testwebsite.citygame.com\/wp-content\/blogs.dir\/1\/files\/sites\/62\/2026\/02\/man-playing-sherlock-city-game-on-phone-in-granada-street.jpg","contentUrl":"https:\/\/testwebsite.citygame.com\/wp-content\/blogs.dir\/1\/files\/sites\/62\/2026\/02\/man-playing-sherlock-city-game-on-phone-in-granada-street.jpg","width":1344,"height":768,"caption":"A player navigates a narrow, historic street in Granada using a city game app on his phone."},{"@type":"BreadcrumbList","@id":"https:\/\/testwebsite.citygame.com\/de\/games\/granada\/sherlock-holmes-granada\/#breadcrumb","itemListElement":[{"@type":"ListItem","position":1,"name":"Home","item":"https:\/\/testwebsite.citygame.com\/de\/"},{"@type":"ListItem","position":2,"name":"Shop","item":"https:\/\/testwebsite.citygame.com\/shop\/"},{"@type":"ListItem","position":3,"name":"Sherlock Holmes Granada"}]},{"@type":"WebSite","@id":"https:\/\/testwebsite.upevents.nl\/#website","url":"https:\/\/testwebsite.upevents.nl\/","name":"City Game","description":"","publisher":{"@id":"https:\/\/testwebsite.upevents.nl\/#organization"},"alternateName":"citygame.com","potentialAction":[{"@type":"SearchAction","target":{"@type":"EntryPoint","urlTemplate":"https:\/\/testwebsite.upevents.nl\/?s={search_term_string}"},"query-input":{"@type":"PropertyValueSpecification","valueRequired":true,"valueName":"search_term_string"}}],"inLanguage":"de"},{"@type":["Organization","Place"],"@id":"https:\/\/testwebsite.upevents.nl\/#organization","name":"City Game","alternateName":"citygame.com","url":"https:\/\/testwebsite.upevents.nl\/","logo":{"@id":"https:\/\/testwebsite.citygame.com\/de\/games\/granada\/sherlock-holmes-granada\/#local-main-organization-logo"},"image":{"@id":"https:\/\/testwebsite.citygame.com\/de\/games\/granada\/sherlock-holmes-granada\/#local-main-organization-logo"},"sameAs":["https:\/\/www.facebook.com\/profile.php?id=100086426226253","https:\/\/www.instagram.com\/citygame_com","https:\/\/www.tiktok.com\/@citygamecom\/","https:\/\/www.linkedin.com\/company\/citygame-com"],"description":"Turn any city into a playground with our interactive City Games and self-guided tours. Fun, flexible, and ideal for groups and team building.","telephone":[],"openingHoursSpecification":[{"@type":"OpeningHoursSpecification","dayOfWeek":["Monday","Tuesday","Wednesday","Thursday","Friday","Saturday","Sunday"],"opens":"09:00","closes":"17:00"}]},{"@type":"ImageObject","inLanguage":"de","@id":"https:\/\/testwebsite.citygame.com\/de\/games\/granada\/sherlock-holmes-granada\/#local-main-organization-logo","url":"https:\/\/testwebsite.citygame.com\/wp-content\/blogs.dir\/1\/files\/sites\/62\/2025\/10\/CG_LOGO-City-Game.png","contentUrl":"https:\/\/testwebsite.citygame.com\/wp-content\/blogs.dir\/1\/files\/sites\/62\/2025\/10\/CG_LOGO-City-Game.png","width":351,"height":377,"caption":"City Game"}]}},"taxonomy_info":{"game-concept":[{"value":770,"label":"Sherlock"}],"location":[{"value":184,"label":"Granada"}],"product_cat":[{"value":664,"label":"Unkategorisiert"}]},"featured_image_src_large":["https:\/\/testwebsite.citygame.com\/wp-content\/blogs.dir\/1\/files\/sites\/62\/2026\/02\/man-playing-sherlock-city-game-on-phone-in-granada-street-1024x585.jpg",1024,585,true],"author_info":[],"comment_info":"","_links":{"self":[{"href":"https:\/\/testwebsite.citygame.com\/de\/wp-json\/wp\/v2\/product\/60003","targetHints":{"allow":["GET"]}}],"collection":[{"href":"https:\/\/testwebsite.citygame.com\/de\/wp-json\/wp\/v2\/product"}],"about":[{"href":"https:\/\/testwebsite.citygame.com\/de\/wp-json\/wp\/v2\/types\/product"}],"acf:post":[{"embeddable":true,"href":"https:\/\/testwebsite.citygame.com\/de\/wp-json\/wp\/v2\/pages\/7253"}],"wp:featuredmedia":[{"embeddable":true,"href":"https:\/\/testwebsite.citygame.com\/de\/wp-json\/wp\/v2\/media\/10640"}],"wp:attachment":[{"href":"https:\/\/testwebsite.citygame.com\/de\/wp-json\/wp\/v2\/media?parent=60003"}],"wp:term":[{"taxonomy":"game-concept","embeddable":true,"href":"https:\/\/testwebsite.citygame.com\/de\/wp-json\/wp\/v2\/game-concept?post=60003"},{"taxonomy":"location","embeddable":true,"href":"https:\/\/testwebsite.citygame.com\/de\/wp-json\/wp\/v2\/location?post=60003"},{"taxonomy":"product_brand","embeddable":true,"href":"https:\/\/testwebsite.citygame.com\/de\/wp-json\/wp\/v2\/product_brand?post=60003"},{"taxonomy":"product_cat","embeddable":true,"href":"https:\/\/testwebsite.citygame.com\/de\/wp-json\/wp\/v2\/product_cat?post=60003"},{"taxonomy":"product_tag","embeddable":true,"href":"https:\/\/testwebsite.citygame.com\/de\/wp-json\/wp\/v2\/product_tag?post=60003"}],"curies":[{"name":"wp","href":"https:\/\/api.w.org\/{rel}","templated":true}]}}