{"id":59408,"date":"2026-02-19T14:44:01","date_gmt":"2026-02-19T14:44:01","guid":{"rendered":"https:\/\/testwebsite.citygame.com\/games\/unknown-location\/sherlock-holmes-ponta-delgada\/"},"modified":"2026-04-08T03:58:25","modified_gmt":"2026-04-08T03:58:25","slug":"sherlock-holmes-ponta-delgada","status":"publish","type":"product","link":"https:\/\/testwebsite.citygame.com\/de\/games\/ponta-delgada\/sherlock-holmes-ponta-delgada\/","title":{"rendered":"Sherlock Holmes Ponta Delgada"},"content":{"rendered":"<p>Tauchen Sie ein in die fesselnde Welt von Sherlock Holmes mit unserem selbstgef\u00fchrten, geschichtenbasierten Krimi-Stadterkundungsspiel im Stadtzentrum von Ponta Delgada. Werden Sie selbst zum Detektiv, w\u00e4hrend sich die Stadt in einen allumfassenden Detektivspielplatz f\u00fcr Ihre Ermittlungen verwandelt, voller faszinierender Erz\u00e4hlungen, geheimer Hinweise und r\u00e4tselhafter Puzzles. W\u00e4hrend dieser fesselnden Expedition vor der Kulisse des Liberty Festivals werden Sie mit digitalen Verd\u00e4chtigen interagieren, knifflige R\u00e4tsel l\u00f6sen und akribisch die Puzzleteile in Ihrem eigenen Tempo zusammensetzen, was jeden Schritt Ihrer immersiven Detektivreise wirklich packend macht.<\/p>\n","protected":false},"excerpt":{"rendered":"<p>Schl\u00fcpfen Sie in die gerissenen Schuhe von Sherlock Holmes inmitten der belebten Gassen von Ponta Delgada in diesem selbstgef\u00fchrten Mordr\u00e4tsel. Folgen Sie zusammen mit Ihrem Team schwer fassbaren Hinweisen, l\u00fcften Sie komplexe R\u00e4tsel und enth\u00fcllen Sie die schockierende Wahrheit, bevor die Zeit abl\u00e4uft!<\/p>\n","protected":false},"featured_media":14944,"template":"","meta":{"_acf_changed":false,"_yoast_wpseo_focuskw":"Sherlock Holmes Ponta Delgada","_yoast_wpseo_metadesc":"Sherlock Holmes Ponta Delgada. Spielen Sie ein selbstgef\u00fchrtes Krimi-Stadterkundungsspiel, l\u00f6sen Sie R\u00e4tsel, folgen Sie Hinweisen und enttarnen Sie den M\u00f6rder in Ihrem eigenen Tempo!","_kad_blocks_custom_css":"","_kad_blocks_head_custom_js":"","_kad_blocks_body_custom_js":"","_kad_blocks_footer_custom_js":"","ghostkit_customizer_options":"","ghostkit_custom_css":"","ghostkit_custom_js_head":"","ghostkit_custom_js_foot":"","ghostkit_typography":"","_kad_post_transparent":"default","_kad_post_title":"","_kad_post_layout":"default","_kad_post_sidebar_id":"","_kad_post_content_style":"default","_kad_post_vertical_padding":"default","_kad_post_feature":"","_kad_post_feature_position":"","_kad_post_header":false,"_kad_post_footer":false,"_kad_post_classname":"","_links_to":"","_links_to_target":""},"game-concept":[770],"location":[326],"product_brand":[],"product_cat":[664],"product_tag":[],"class_list":{"0":"post-59408","1":"product","2":"type-product","3":"status-publish","4":"has-post-thumbnail","6":"game-concept-sherlock","7":"location-ponta-delgada","8":"product_cat-unkategorisiert","10":"first","11":"instock","12":"shipping-taxable","13":"purchasable","14":"product-type-simple","15":"entry","16":"content-bg","17":"loop-entry"},"acf":{"full_bokun_product_name":"Ponta Delgada Self-Guided Sherlock Holmes Murder Mystery Game","location_name":"Ponta Delgada","bokun_calendar_widget_code":"<script type=\"text\/javascript\" src=\"https:\/\/widgets.bokun.io\/assets\/javascripts\/apps\/build\/BokunWidgetsLoader.js?bookingChannelUUID=a1e93e96-5232-4734-a595-28405f4b5a31\" async><\/script>\n     \n    <div class=\"bokunWidget\" data-src=\"https:\/\/widgets.bokun.io\/online-sales\/a1e93e96-5232-4734-a595-28405f4b5a31\/experience-calendar\/771773\"><\/div>\n    <noscript>Please enable javascript in your browser to book<\/noscript>","bokun_button_widget_code":"<script type=\"text\/javascript\" src=\"https:\/\/widgets.bokun.io\/assets\/javascripts\/apps\/build\/BokunWidgetsLoader.js?bookingChannelUUID=a1e93e96-5232-4734-a595-28405f4b5a31\" async><\/script>\n      <style> #bokun_ed001e45_5927_4f62_b470_ca766338d083 { display: inline-block; padding: .4em 1em; background: #47b82e; border-radius: 999999px; box-shadow: none; font-weight: 600; font-size: 24px; text-decoration: none; text-align: center; color: #FFFFFF; border:none; cursor: pointer; transition: background .2s ease; } #bokun_ed001e45_5927_4f62_b470_ca766338d083:hover{ background: #2f7b1f; } #bokun_ed001e45_5927_4f62_b470_ca766338d083:active{ background: #378f24; } <\/style> <button class=\"bokunButton\" disabled id=bokun_ed001e45_5927_4f62_b470_ca766338d083 data-src=\"https:\/\/widgets.bokun.io\/online-sales\/a1e93e96-5232-4734-a595-28405f4b5a31\/experience-calendar\/771773?partialView=1\" data-testid=\"widget-book-button\" > Book now <\/button> ","what_you\u2019ll_experience_during_the_game":"Beim Start des Sherlock Holmes City Games in Ponta Delgada werden Sie sofort zu einer Schl\u00fcsselfigur in einer \u00e4u\u00dferst spannungsgeladenen Detektivgeschichte. W\u00e4hrend Sie durch die Stra\u00dfen der Stadt navigieren, entfaltet sich eine komplexe Geschichte, die auf Ihren scharfen Verstand und Ihre Beobachtungsgabe wartet, um den weiteren Weg zu entschl\u00fcsseln. Die Geschichte verkn\u00fcpft sich mit Ihren Bewegungen, ist actiongeladen mit der aufregenden Entdeckung von Hinweisen, dem L\u00f6sen kniffliger R\u00e4tsel und dem Auftauchen unerwarteter Wendungen in der Ermittlung.\r\n\r\nEs geht nicht nur darum, Hinweise zu finden \u2013 es geht darum, sie zu analysieren, digitale Verd\u00e4chtige zu befragen und ihre Alibis oder Widerspr\u00fcche zu hinterfragen. Sie m\u00fcssen die Wahrheit hinter einem beunruhigenden Mord enth\u00fcllen, der w\u00e4hrend des Liberty Festivals stattfand. Denken Sie daran, jeder Hinweis ist integral und keiner zu klein, um ein Schl\u00fcsselaspekt dieses vollst\u00e4ndig geschichtenbasierten Erlebnisses zu sein. Nutzen Sie Ihr kritisches Denken, Ihre Beobachtungsgabe und Ihre Deduktion in vollem Umfang. Das gesamte Spiel ist flexibel und erm\u00f6glicht es Ihnen, das Tempo selbst zu bestimmen \u2013 pausieren Sie, wann immer Sie eine Strategie entwickeln m\u00f6chten, und setzen Sie es in aller Ruhe fort. F\u00fcr einen zus\u00e4tzlichen Nervenkitzel treten Sie gegen andere Teams an, um der schnellste Probleml\u00f6ser zu sein, aber denken Sie daran \u2013 die L\u00f6sung dieses befriedigenden kriminellen R\u00e4tsels ist schlie\u00dflich der Hauptreiz dieses einzigartigen Detektivabenteuers.","how_to_play":"Spielen Sie alleine oder mit Freunden, Familie oder Kollegen in Teams von bis zu vier Personen pro Ger\u00e4t. Nach der Buchung erhalten Sie eine E-Mail mit allen Anweisungen, die Sie ben\u00f6tigen.","start_location":"Ponta Delgada, Portas da Cidade","available_languages":["nl","en","fr","de","it","es"],"players_per_group":"1-4","duration":"1.5-2 hours","image_overlay_color_image":"https:\/\/testwebsite.citygame.com\/wp-content\/blogs.dir\/1\/files\/sites\/62\/2026\/01\/SherlockColor.svg","image_overlay_game_logo":"https:\/\/testwebsite.citygame.com\/wp-content\/blogs.dir\/1\/files\/sites\/62\/2026\/01\/SherlockLogo.png","city_page":9044,"woocommerce_general_content":null},"yoast_head":"<!-- This site is optimized with the Yoast SEO Premium plugin v26.2 (Yoast SEO v26.3) - https:\/\/yoast.com\/wordpress\/plugins\/seo\/ -->\n<title>Sherlock Holmes Ponta Delgada - City Game<\/title>\n<meta name=\"description\" content=\"Sherlock Holmes Ponta Delgada. Spielen Sie ein selbstgef\u00fchrtes Krimi-Stadterkundungsspiel, l\u00f6sen Sie R\u00e4tsel, folgen Sie Hinweisen und enttarnen Sie den M\u00f6rder in Ihrem eigenen Tempo!\" \/>\n<meta name=\"robots\" content=\"noindex, follow, max-snippet:-1, max-image-preview:large, max-video-preview:-1\" \/>\n<meta property=\"og:locale\" content=\"de_DE\" \/>\n<meta property=\"og:type\" content=\"article\" \/>\n<meta property=\"og:title\" content=\"Sherlock Holmes Ponta Delgada\" \/>\n<meta property=\"og:description\" content=\"Sherlock Holmes Ponta Delgada. Spielen Sie ein selbstgef\u00fchrtes Krimi-Stadterkundungsspiel, l\u00f6sen Sie R\u00e4tsel, folgen Sie Hinweisen und enttarnen Sie den M\u00f6rder in Ihrem eigenen Tempo!\" \/>\n<meta property=\"og:url\" content=\"https:\/\/testwebsite.citygame.com\/de\/games\/ponta-delgada\/sherlock-holmes-ponta-delgada\/\" \/>\n<meta property=\"og:site_name\" content=\"City Game\" \/>\n<meta property=\"article:publisher\" content=\"https:\/\/www.facebook.com\/profile.php?id=100086426226253\" \/>\n<meta property=\"article:modified_time\" content=\"2026-04-08T03:58:25+00:00\" \/>\n<meta property=\"og:image\" content=\"https:\/\/testwebsite.citygame.com\/wp-content\/blogs.dir\/1\/files\/sites\/62\/2026\/02\/group-of-friends-playing-city-game-ponta-delgada-palacio-de-santana.jpg\" \/>\n\t<meta property=\"og:image:width\" content=\"1024\" \/>\n\t<meta property=\"og:image:height\" content=\"1024\" \/>\n\t<meta property=\"og:image:type\" content=\"image\/jpeg\" \/>\n<meta name=\"twitter:card\" content=\"summary_large_image\" \/>\n<script type=\"application\/ld+json\" class=\"yoast-schema-graph\">{\"@context\":\"https:\/\/schema.org\",\"@graph\":[{\"@type\":\"WebPage\",\"@id\":\"https:\/\/testwebsite.citygame.com\/de\/games\/ponta-delgada\/sherlock-holmes-ponta-delgada\/\",\"url\":\"https:\/\/testwebsite.citygame.com\/de\/games\/ponta-delgada\/sherlock-holmes-ponta-delgada\/\",\"name\":\"Sherlock Holmes Ponta Delgada - City Game\",\"isPartOf\":{\"@id\":\"https:\/\/testwebsite.upevents.nl\/#website\"},\"primaryImageOfPage\":{\"@id\":\"https:\/\/testwebsite.citygame.com\/de\/games\/ponta-delgada\/sherlock-holmes-ponta-delgada\/#primaryimage\"},\"image\":{\"@id\":\"https:\/\/testwebsite.citygame.com\/de\/games\/ponta-delgada\/sherlock-holmes-ponta-delgada\/#primaryimage\"},\"thumbnailUrl\":\"https:\/\/testwebsite.citygame.com\/wp-content\/blogs.dir\/1\/files\/sites\/62\/2026\/02\/group-of-friends-playing-city-game-ponta-delgada-palacio-de-santana.jpg\",\"datePublished\":\"2026-02-19T14:44:01+00:00\",\"dateModified\":\"2026-04-08T03:58:25+00:00\",\"description\":\"Sherlock Holmes Ponta Delgada. Spielen Sie ein selbstgef\u00fchrtes Krimi-Stadterkundungsspiel, l\u00f6sen Sie R\u00e4tsel, folgen Sie Hinweisen und enttarnen Sie den M\u00f6rder in Ihrem eigenen Tempo!\",\"breadcrumb\":{\"@id\":\"https:\/\/testwebsite.citygame.com\/de\/games\/ponta-delgada\/sherlock-holmes-ponta-delgada\/#breadcrumb\"},\"inLanguage\":\"de\",\"potentialAction\":[{\"@type\":\"ReadAction\",\"target\":[\"https:\/\/testwebsite.citygame.com\/de\/games\/ponta-delgada\/sherlock-holmes-ponta-delgada\/\"]}]},{\"@type\":\"ImageObject\",\"inLanguage\":\"de\",\"@id\":\"https:\/\/testwebsite.citygame.com\/de\/games\/ponta-delgada\/sherlock-holmes-ponta-delgada\/#primaryimage\",\"url\":\"https:\/\/testwebsite.citygame.com\/wp-content\/blogs.dir\/1\/files\/sites\/62\/2026\/02\/group-of-friends-playing-city-game-ponta-delgada-palacio-de-santana.jpg\",\"contentUrl\":\"https:\/\/testwebsite.citygame.com\/wp-content\/blogs.dir\/1\/files\/sites\/62\/2026\/02\/group-of-friends-playing-city-game-ponta-delgada-palacio-de-santana.jpg\",\"width\":1024,\"height\":1024,\"caption\":\"A group of friends collaborates to solve a puzzle on their phone in Ponta Delgada.\"},{\"@type\":\"BreadcrumbList\",\"@id\":\"https:\/\/testwebsite.citygame.com\/de\/games\/ponta-delgada\/sherlock-holmes-ponta-delgada\/#breadcrumb\",\"itemListElement\":[{\"@type\":\"ListItem\",\"position\":1,\"name\":\"Home\",\"item\":\"https:\/\/testwebsite.citygame.com\/de\/\"},{\"@type\":\"ListItem\",\"position\":2,\"name\":\"Shop\",\"item\":\"https:\/\/testwebsite.citygame.com\/shop\/\"},{\"@type\":\"ListItem\",\"position\":3,\"name\":\"Sherlock Holmes Ponta Delgada\"}]},{\"@type\":\"WebSite\",\"@id\":\"https:\/\/testwebsite.upevents.nl\/#website\",\"url\":\"https:\/\/testwebsite.upevents.nl\/\",\"name\":\"City Game\",\"description\":\"\",\"publisher\":{\"@id\":\"https:\/\/testwebsite.upevents.nl\/#organization\"},\"alternateName\":\"citygame.com\",\"potentialAction\":[{\"@type\":\"SearchAction\",\"target\":{\"@type\":\"EntryPoint\",\"urlTemplate\":\"https:\/\/testwebsite.upevents.nl\/?s={search_term_string}\"},\"query-input\":{\"@type\":\"PropertyValueSpecification\",\"valueRequired\":true,\"valueName\":\"search_term_string\"}}],\"inLanguage\":\"de\"},{\"@type\":[\"Organization\",\"Place\"],\"@id\":\"https:\/\/testwebsite.upevents.nl\/#organization\",\"name\":\"City Game\",\"alternateName\":\"citygame.com\",\"url\":\"https:\/\/testwebsite.upevents.nl\/\",\"logo\":{\"@id\":\"https:\/\/testwebsite.citygame.com\/de\/games\/ponta-delgada\/sherlock-holmes-ponta-delgada\/#local-main-organization-logo\"},\"image\":{\"@id\":\"https:\/\/testwebsite.citygame.com\/de\/games\/ponta-delgada\/sherlock-holmes-ponta-delgada\/#local-main-organization-logo\"},\"sameAs\":[\"https:\/\/www.facebook.com\/profile.php?id=100086426226253\",\"https:\/\/www.instagram.com\/citygame_com\",\"https:\/\/www.tiktok.com\/@citygamecom\/\",\"https:\/\/www.linkedin.com\/company\/citygame-com\"],\"description\":\"Turn any city into a playground with our interactive City Games and self-guided tours. Fun, flexible, and ideal for groups and team building.\",\"telephone\":[],\"openingHoursSpecification\":[{\"@type\":\"OpeningHoursSpecification\",\"dayOfWeek\":[\"Monday\",\"Tuesday\",\"Wednesday\",\"Thursday\",\"Friday\",\"Saturday\",\"Sunday\"],\"opens\":\"09:00\",\"closes\":\"17:00\"}]},{\"@type\":\"ImageObject\",\"inLanguage\":\"de\",\"@id\":\"https:\/\/testwebsite.citygame.com\/de\/games\/ponta-delgada\/sherlock-holmes-ponta-delgada\/#local-main-organization-logo\",\"url\":\"https:\/\/testwebsite.citygame.com\/wp-content\/blogs.dir\/1\/files\/sites\/62\/2025\/10\/CG_LOGO-City-Game.png\",\"contentUrl\":\"https:\/\/testwebsite.citygame.com\/wp-content\/blogs.dir\/1\/files\/sites\/62\/2025\/10\/CG_LOGO-City-Game.png\",\"width\":351,\"height\":377,\"caption\":\"City Game\"}]}<\/script>\n<!-- \/ Yoast SEO Premium plugin. -->","yoast_head_json":{"title":"Sherlock Holmes Ponta Delgada - City Game","description":"Sherlock Holmes Ponta Delgada. Spielen Sie ein selbstgef\u00fchrtes Krimi-Stadterkundungsspiel, l\u00f6sen Sie R\u00e4tsel, folgen Sie Hinweisen und enttarnen Sie den M\u00f6rder in Ihrem eigenen Tempo!","robots":{"index":"noindex","follow":"follow","max-snippet":"max-snippet:-1","max-image-preview":"max-image-preview:large","max-video-preview":"max-video-preview:-1"},"og_locale":"de_DE","og_type":"article","og_title":"Sherlock Holmes Ponta Delgada","og_description":"Sherlock Holmes Ponta Delgada. Spielen Sie ein selbstgef\u00fchrtes Krimi-Stadterkundungsspiel, l\u00f6sen Sie R\u00e4tsel, folgen Sie Hinweisen und enttarnen Sie den M\u00f6rder in Ihrem eigenen Tempo!","og_url":"https:\/\/testwebsite.citygame.com\/de\/games\/ponta-delgada\/sherlock-holmes-ponta-delgada\/","og_site_name":"City Game","article_publisher":"https:\/\/www.facebook.com\/profile.php?id=100086426226253","article_modified_time":"2026-04-08T03:58:25+00:00","og_image":[{"width":1024,"height":1024,"url":"https:\/\/testwebsite.citygame.com\/wp-content\/blogs.dir\/1\/files\/sites\/62\/2026\/02\/group-of-friends-playing-city-game-ponta-delgada-palacio-de-santana.jpg","type":"image\/jpeg"}],"twitter_card":"summary_large_image","schema":{"@context":"https:\/\/schema.org","@graph":[{"@type":"WebPage","@id":"https:\/\/testwebsite.citygame.com\/de\/games\/ponta-delgada\/sherlock-holmes-ponta-delgada\/","url":"https:\/\/testwebsite.citygame.com\/de\/games\/ponta-delgada\/sherlock-holmes-ponta-delgada\/","name":"Sherlock Holmes Ponta Delgada - City Game","isPartOf":{"@id":"https:\/\/testwebsite.upevents.nl\/#website"},"primaryImageOfPage":{"@id":"https:\/\/testwebsite.citygame.com\/de\/games\/ponta-delgada\/sherlock-holmes-ponta-delgada\/#primaryimage"},"image":{"@id":"https:\/\/testwebsite.citygame.com\/de\/games\/ponta-delgada\/sherlock-holmes-ponta-delgada\/#primaryimage"},"thumbnailUrl":"https:\/\/testwebsite.citygame.com\/wp-content\/blogs.dir\/1\/files\/sites\/62\/2026\/02\/group-of-friends-playing-city-game-ponta-delgada-palacio-de-santana.jpg","datePublished":"2026-02-19T14:44:01+00:00","dateModified":"2026-04-08T03:58:25+00:00","description":"Sherlock Holmes Ponta Delgada. Spielen Sie ein selbstgef\u00fchrtes Krimi-Stadterkundungsspiel, l\u00f6sen Sie R\u00e4tsel, folgen Sie Hinweisen und enttarnen Sie den M\u00f6rder in Ihrem eigenen Tempo!","breadcrumb":{"@id":"https:\/\/testwebsite.citygame.com\/de\/games\/ponta-delgada\/sherlock-holmes-ponta-delgada\/#breadcrumb"},"inLanguage":"de","potentialAction":[{"@type":"ReadAction","target":["https:\/\/testwebsite.citygame.com\/de\/games\/ponta-delgada\/sherlock-holmes-ponta-delgada\/"]}]},{"@type":"ImageObject","inLanguage":"de","@id":"https:\/\/testwebsite.citygame.com\/de\/games\/ponta-delgada\/sherlock-holmes-ponta-delgada\/#primaryimage","url":"https:\/\/testwebsite.citygame.com\/wp-content\/blogs.dir\/1\/files\/sites\/62\/2026\/02\/group-of-friends-playing-city-game-ponta-delgada-palacio-de-santana.jpg","contentUrl":"https:\/\/testwebsite.citygame.com\/wp-content\/blogs.dir\/1\/files\/sites\/62\/2026\/02\/group-of-friends-playing-city-game-ponta-delgada-palacio-de-santana.jpg","width":1024,"height":1024,"caption":"A group of friends collaborates to solve a puzzle on their phone in Ponta Delgada."},{"@type":"BreadcrumbList","@id":"https:\/\/testwebsite.citygame.com\/de\/games\/ponta-delgada\/sherlock-holmes-ponta-delgada\/#breadcrumb","itemListElement":[{"@type":"ListItem","position":1,"name":"Home","item":"https:\/\/testwebsite.citygame.com\/de\/"},{"@type":"ListItem","position":2,"name":"Shop","item":"https:\/\/testwebsite.citygame.com\/shop\/"},{"@type":"ListItem","position":3,"name":"Sherlock Holmes Ponta Delgada"}]},{"@type":"WebSite","@id":"https:\/\/testwebsite.upevents.nl\/#website","url":"https:\/\/testwebsite.upevents.nl\/","name":"City Game","description":"","publisher":{"@id":"https:\/\/testwebsite.upevents.nl\/#organization"},"alternateName":"citygame.com","potentialAction":[{"@type":"SearchAction","target":{"@type":"EntryPoint","urlTemplate":"https:\/\/testwebsite.upevents.nl\/?s={search_term_string}"},"query-input":{"@type":"PropertyValueSpecification","valueRequired":true,"valueName":"search_term_string"}}],"inLanguage":"de"},{"@type":["Organization","Place"],"@id":"https:\/\/testwebsite.upevents.nl\/#organization","name":"City Game","alternateName":"citygame.com","url":"https:\/\/testwebsite.upevents.nl\/","logo":{"@id":"https:\/\/testwebsite.citygame.com\/de\/games\/ponta-delgada\/sherlock-holmes-ponta-delgada\/#local-main-organization-logo"},"image":{"@id":"https:\/\/testwebsite.citygame.com\/de\/games\/ponta-delgada\/sherlock-holmes-ponta-delgada\/#local-main-organization-logo"},"sameAs":["https:\/\/www.facebook.com\/profile.php?id=100086426226253","https:\/\/www.instagram.com\/citygame_com","https:\/\/www.tiktok.com\/@citygamecom\/","https:\/\/www.linkedin.com\/company\/citygame-com"],"description":"Turn any city into a playground with our interactive City Games and self-guided tours. Fun, flexible, and ideal for groups and team building.","telephone":[],"openingHoursSpecification":[{"@type":"OpeningHoursSpecification","dayOfWeek":["Monday","Tuesday","Wednesday","Thursday","Friday","Saturday","Sunday"],"opens":"09:00","closes":"17:00"}]},{"@type":"ImageObject","inLanguage":"de","@id":"https:\/\/testwebsite.citygame.com\/de\/games\/ponta-delgada\/sherlock-holmes-ponta-delgada\/#local-main-organization-logo","url":"https:\/\/testwebsite.citygame.com\/wp-content\/blogs.dir\/1\/files\/sites\/62\/2025\/10\/CG_LOGO-City-Game.png","contentUrl":"https:\/\/testwebsite.citygame.com\/wp-content\/blogs.dir\/1\/files\/sites\/62\/2025\/10\/CG_LOGO-City-Game.png","width":351,"height":377,"caption":"City Game"}]}},"taxonomy_info":{"game-concept":[{"value":770,"label":"Sherlock"}],"location":[{"value":326,"label":"Ponta Delgada"}],"product_cat":[{"value":664,"label":"Unkategorisiert"}]},"featured_image_src_large":["https:\/\/testwebsite.citygame.com\/wp-content\/blogs.dir\/1\/files\/sites\/62\/2026\/02\/group-of-friends-playing-city-game-ponta-delgada-palacio-de-santana.jpg",1024,1024,false],"author_info":[],"comment_info":"","_links":{"self":[{"href":"https:\/\/testwebsite.citygame.com\/de\/wp-json\/wp\/v2\/product\/59408","targetHints":{"allow":["GET"]}}],"collection":[{"href":"https:\/\/testwebsite.citygame.com\/de\/wp-json\/wp\/v2\/product"}],"about":[{"href":"https:\/\/testwebsite.citygame.com\/de\/wp-json\/wp\/v2\/types\/product"}],"acf:post":[{"embeddable":true,"href":"https:\/\/testwebsite.citygame.com\/de\/wp-json\/wp\/v2\/pages\/9044"}],"wp:featuredmedia":[{"embeddable":true,"href":"https:\/\/testwebsite.citygame.com\/de\/wp-json\/wp\/v2\/media\/14944"}],"wp:attachment":[{"href":"https:\/\/testwebsite.citygame.com\/de\/wp-json\/wp\/v2\/media?parent=59408"}],"wp:term":[{"taxonomy":"game-concept","embeddable":true,"href":"https:\/\/testwebsite.citygame.com\/de\/wp-json\/wp\/v2\/game-concept?post=59408"},{"taxonomy":"location","embeddable":true,"href":"https:\/\/testwebsite.citygame.com\/de\/wp-json\/wp\/v2\/location?post=59408"},{"taxonomy":"product_brand","embeddable":true,"href":"https:\/\/testwebsite.citygame.com\/de\/wp-json\/wp\/v2\/product_brand?post=59408"},{"taxonomy":"product_cat","embeddable":true,"href":"https:\/\/testwebsite.citygame.com\/de\/wp-json\/wp\/v2\/product_cat?post=59408"},{"taxonomy":"product_tag","embeddable":true,"href":"https:\/\/testwebsite.citygame.com\/de\/wp-json\/wp\/v2\/product_tag?post=59408"}],"curies":[{"name":"wp","href":"https:\/\/api.w.org\/{rel}","templated":true}]}}