{"id":59046,"date":"2026-02-05T08:20:53","date_gmt":"2026-02-05T08:20:53","guid":{"rendered":"https:\/\/testwebsite.citygame.com\/games\/unknown-location\/sherlock-holmes-seville\/"},"modified":"2026-04-08T03:21:20","modified_gmt":"2026-04-08T03:21:20","slug":"sherlock-holmes-seville","status":"publish","type":"product","link":"https:\/\/testwebsite.citygame.com\/de\/games\/seville\/sherlock-holmes-seville\/","title":{"rendered":"Sherlock Holmes Seville"},"content":{"rendered":"<p>Treten Sie ein in die Welt von Sherlock Holmes mit diesem selbstgef\u00fchrten, geschichtsbasierten Mordr\u00e4tsel-City Game, das im historischen Stadtzentrum von Sevilla spielt. W\u00e4hrend ein brutaler Mord die Feierlichkeiten des Liberty Festivals st\u00f6rt, schl\u00fcpfen Sie in die Rolle des Detektivs, sammeln Hinweise, l\u00f6sen vielschichtige R\u00e4tsel und verh\u00f6ren digitale Verd\u00e4chtige, die \u00fcber die Stadt verteilt sind. Folgen Sie einer sich entfaltenden Erz\u00e4hlung, die Sie in Ihrem eigenen Tempo durch eine immersive Ermittlung f\u00fchrt, bei der jeder Schritt Sie der Aufdeckung der Wahrheit hinter dem Verbrechen n\u00e4herbringt.<\/p>\n","protected":false},"excerpt":{"rendered":"<p>Schl\u00fcpfen Sie in die furchtlosen Fu\u00dfstapfen von Sherlock Holmes und tauchen Sie ein in ein selbstgef\u00fchrtes Mordr\u00e4tsel in Sevilla. St\u00fcrzen Sie sich kopf\u00fcber in eine Welt voller Hinweise und R\u00e4tsel und arbeiten Sie mit Ihrem Team zusammen, um die Wahrheit aufzudecken, bevor die Zeit abl\u00e4uft!<\/p>\n","protected":false},"featured_media":10543,"template":"","meta":{"_acf_changed":false,"_yoast_wpseo_focuskw":"Sherlock Holmes Seville","_yoast_wpseo_metadesc":"Sherlock Holmes Seville. Spielen Sie ein selbstgef\u00fchrtes Mordr\u00e4tsel-City Game, l\u00f6sen Sie R\u00e4tsel, folgen Sie Hinweisen und decken Sie den M\u00f6rder in Ihrem eigenen Tempo auf!","_kad_blocks_custom_css":"","_kad_blocks_head_custom_js":"","_kad_blocks_body_custom_js":"","_kad_blocks_footer_custom_js":"","ghostkit_customizer_options":"","ghostkit_custom_css":"","ghostkit_custom_js_head":"","ghostkit_custom_js_foot":"","ghostkit_typography":"","_kad_post_transparent":"","_kad_post_title":"","_kad_post_layout":"","_kad_post_sidebar_id":"","_kad_post_content_style":"","_kad_post_vertical_padding":"","_kad_post_feature":"","_kad_post_feature_position":"","_kad_post_header":false,"_kad_post_footer":false,"_kad_post_classname":"","_links_to":"","_links_to_target":""},"game-concept":[770],"location":[368],"product_brand":[],"product_cat":[664],"product_tag":[],"class_list":{"0":"post-59046","1":"product","2":"type-product","3":"status-publish","4":"has-post-thumbnail","6":"game-concept-sherlock","7":"location-seville","8":"product_cat-unkategorisiert","10":"first","11":"instock","12":"shipping-taxable","13":"purchasable","14":"product-type-simple","15":"entry","16":"content-bg","17":"loop-entry"},"acf":{"full_bokun_product_name":"Seville Self-Guided Sherlock Holmes Murder Mystery Game","location_name":"Seville","bokun_calendar_widget_code":"<script type=\"text\/javascript\" src=\"https:\/\/widgets.bokun.io\/assets\/javascripts\/apps\/build\/BokunWidgetsLoader.js?bookingChannelUUID=a1e93e96-5232-4734-a595-28405f4b5a31\" async><\/script>\n     \n    <div class=\"bokunWidget\" data-src=\"https:\/\/widgets.bokun.io\/online-sales\/a1e93e96-5232-4734-a595-28405f4b5a31\/experience-calendar\/731564\"><\/div>\n    <noscript>Please enable javascript in your browser to book<\/noscript>","bokun_button_widget_code":"<script type=\"text\/javascript\" src=\"https:\/\/widgets.bokun.io\/assets\/javascripts\/apps\/build\/BokunWidgetsLoader.js?bookingChannelUUID=a1e93e96-5232-4734-a595-28405f4b5a31\" async><\/script>\n      <style> #bokun_ed001e45_5927_4f62_b470_ca766338d083 { display: inline-block; padding: .4em 1em; background: #47b82e; border-radius: 999999px; box-shadow: none; font-weight: 600; font-size: 24px; text-decoration: none; text-align: center; color: #FFFFFF; border:none; cursor: pointer; transition: background .2s ease; } #bokun_ed001e45_5927_4f62_b470_ca766338d083:hover{ background: #2f7b1f; } #bokun_ed001e45_5927_4f62_b470_ca766338d083:active{ background: #378f24; } <\/style> <button class=\"bokunButton\" disabled id=bokun_ed001e45_5927_4f62_b470_ca766338d083 data-src=\"https:\/\/widgets.bokun.io\/online-sales\/a1e93e96-5232-4734-a595-28405f4b5a31\/experience-calendar\/731564?partialView=1\" data-testid=\"widget-book-button\" > Book now <\/button> ","what_you\u2019ll_experience_during_the_game":"Sie tauchen ein in eine fesselnde Detektivgeschichte im Herzen Sevillas, wo ein mysteri\u00f6ser Mord das Liberty Festival gest\u00f6rt hat. Ihre Ermittlung beginnt auf den Stra\u00dfen, und mit jedem neuen Ort, den Sie besuchen, entfaltet sich die Geschichte um Sie herum. Sie entdecken verborgene Hinweise, entschl\u00fcsseln R\u00e4tsel und folgen einer Spur voller Geheimnisse und Verdachtsmomente. Jeder Schritt fordert Ihre F\u00e4higkeiten der Deduktion, Beobachtung und des kritischen Denkens.\n\nUnterwegs verh\u00f6ren Sie digitale Verd\u00e4chtige, \u00fcberpr\u00fcfen Alibis und entdecken Widerspr\u00fcche in Aussagen, die nicht ganz zusammenpassen. Ihr Ziel ist es, die Wahrheit hinter dem Verbrechen St\u00fcck f\u00fcr St\u00fcck aufzudecken, ohne zu wissen, wohin die n\u00e4chste Wendung f\u00fchren wird. Das Erlebnis ist vollst\u00e4ndig geschichtsbasiert, daher z\u00e4hlen Ihre Entscheidungen, und jeder Hinweis bringt Sie der Aufl\u00f6sung n\u00e4her. Sie k\u00f6nnen in Ihrem eigenen Tempo spielen, mit der Freiheit, die Untersuchung zu pausieren und zur\u00fcckzukehren, wann immer Sie bereit sind. F\u00fcr Teams verleiht ein Wettbewerbsvorteil dem Fall zus\u00e4tzliche Intensit\u00e4t, aber es sind Ihre Instinkte, die Sie zur Wahrheit f\u00fchren werden.","how_to_play":"Spielen Sie alleine oder mit Freunden, Familie oder Kollegen in Teams von bis zu vier Personen pro Ger\u00e4t. Nach der Buchung erhalten Sie eine E-Mail mit allen Anweisungen, die Sie ben\u00f6tigen.","start_location":"Seville, Monumento a San Fernando","available_languages":["en","fr","es","de","it","nl"],"players_per_group":"1-4","duration":"1.5-2 hours","image_overlay_color_image":"https:\/\/testwebsite.citygame.com\/wp-content\/blogs.dir\/1\/files\/sites\/62\/2026\/01\/SherlockColor.svg","image_overlay_game_logo":"https:\/\/testwebsite.citygame.com\/wp-content\/blogs.dir\/1\/files\/sites\/62\/2026\/01\/SherlockLogo.png","city_page":10541,"woocommerce_general_content":null},"yoast_head":"<!-- This site is optimized with the Yoast SEO Premium plugin v26.2 (Yoast SEO v26.3) - https:\/\/yoast.com\/wordpress\/plugins\/seo\/ -->\n<title>Sherlock Holmes Seville - City Game<\/title>\n<meta name=\"description\" content=\"Sherlock Holmes Seville. Spielen Sie ein selbstgef\u00fchrtes Mordr\u00e4tsel-City Game, l\u00f6sen Sie R\u00e4tsel, folgen Sie Hinweisen und decken Sie den M\u00f6rder in Ihrem eigenen Tempo auf!\" \/>\n<meta name=\"robots\" content=\"noindex, follow, max-snippet:-1, max-image-preview:large, max-video-preview:-1\" \/>\n<meta property=\"og:locale\" content=\"de_DE\" \/>\n<meta property=\"og:type\" content=\"article\" \/>\n<meta property=\"og:title\" content=\"Sherlock Holmes Seville\" \/>\n<meta property=\"og:description\" content=\"Sherlock Holmes Seville. Spielen Sie ein selbstgef\u00fchrtes Mordr\u00e4tsel-City Game, l\u00f6sen Sie R\u00e4tsel, folgen Sie Hinweisen und decken Sie den M\u00f6rder in Ihrem eigenen Tempo auf!\" \/>\n<meta property=\"og:url\" content=\"https:\/\/testwebsite.citygame.com\/de\/games\/seville\/sherlock-holmes-seville\/\" \/>\n<meta property=\"og:site_name\" content=\"City Game\" \/>\n<meta property=\"article:publisher\" content=\"https:\/\/www.facebook.com\/profile.php?id=100086426226253\" \/>\n<meta property=\"article:modified_time\" content=\"2026-04-08T03:21:20+00:00\" \/>\n<meta property=\"og:image\" content=\"https:\/\/testwebsite.citygame.com\/wp-content\/blogs.dir\/1\/files\/sites\/62\/2026\/02\/seville-plaza-de-espana-group-playing-sherlock-city-game.jpg\" \/>\n\t<meta property=\"og:image:width\" content=\"1184\" \/>\n\t<meta property=\"og:image:height\" content=\"864\" \/>\n\t<meta property=\"og:image:type\" content=\"image\/jpeg\" \/>\n<meta name=\"twitter:card\" content=\"summary_large_image\" \/>\n<script type=\"application\/ld+json\" class=\"yoast-schema-graph\">{\"@context\":\"https:\/\/schema.org\",\"@graph\":[{\"@type\":\"WebPage\",\"@id\":\"https:\/\/testwebsite.citygame.com\/de\/games\/seville\/sherlock-holmes-seville\/\",\"url\":\"https:\/\/testwebsite.citygame.com\/de\/games\/seville\/sherlock-holmes-seville\/\",\"name\":\"Sherlock Holmes Seville - City Game\",\"isPartOf\":{\"@id\":\"https:\/\/testwebsite.upevents.nl\/#website\"},\"primaryImageOfPage\":{\"@id\":\"https:\/\/testwebsite.citygame.com\/de\/games\/seville\/sherlock-holmes-seville\/#primaryimage\"},\"image\":{\"@id\":\"https:\/\/testwebsite.citygame.com\/de\/games\/seville\/sherlock-holmes-seville\/#primaryimage\"},\"thumbnailUrl\":\"https:\/\/testwebsite.citygame.com\/wp-content\/blogs.dir\/1\/files\/sites\/62\/2026\/02\/seville-plaza-de-espana-group-playing-sherlock-city-game.jpg\",\"datePublished\":\"2026-02-05T08:20:53+00:00\",\"dateModified\":\"2026-04-08T03:21:20+00:00\",\"description\":\"Sherlock Holmes Seville. Spielen Sie ein selbstgef\u00fchrtes Mordr\u00e4tsel-City Game, l\u00f6sen Sie R\u00e4tsel, folgen Sie Hinweisen und decken Sie den M\u00f6rder in Ihrem eigenen Tempo auf!\",\"breadcrumb\":{\"@id\":\"https:\/\/testwebsite.citygame.com\/de\/games\/seville\/sherlock-holmes-seville\/#breadcrumb\"},\"inLanguage\":\"de\",\"potentialAction\":[{\"@type\":\"ReadAction\",\"target\":[\"https:\/\/testwebsite.citygame.com\/de\/games\/seville\/sherlock-holmes-seville\/\"]}]},{\"@type\":\"ImageObject\",\"inLanguage\":\"de\",\"@id\":\"https:\/\/testwebsite.citygame.com\/de\/games\/seville\/sherlock-holmes-seville\/#primaryimage\",\"url\":\"https:\/\/testwebsite.citygame.com\/wp-content\/blogs.dir\/1\/files\/sites\/62\/2026\/02\/seville-plaza-de-espana-group-playing-sherlock-city-game.jpg\",\"contentUrl\":\"https:\/\/testwebsite.citygame.com\/wp-content\/blogs.dir\/1\/files\/sites\/62\/2026\/02\/seville-plaza-de-espana-group-playing-sherlock-city-game.jpg\",\"width\":1184,\"height\":864,\"caption\":\"A group of young adults collaborates on a city game challenge in Seville's Plaza de Espa\u00f1a.\"},{\"@type\":\"BreadcrumbList\",\"@id\":\"https:\/\/testwebsite.citygame.com\/de\/games\/seville\/sherlock-holmes-seville\/#breadcrumb\",\"itemListElement\":[{\"@type\":\"ListItem\",\"position\":1,\"name\":\"Home\",\"item\":\"https:\/\/testwebsite.citygame.com\/de\/\"},{\"@type\":\"ListItem\",\"position\":2,\"name\":\"Shop\",\"item\":\"https:\/\/testwebsite.citygame.com\/shop\/\"},{\"@type\":\"ListItem\",\"position\":3,\"name\":\"Sherlock Holmes Seville\"}]},{\"@type\":\"WebSite\",\"@id\":\"https:\/\/testwebsite.upevents.nl\/#website\",\"url\":\"https:\/\/testwebsite.upevents.nl\/\",\"name\":\"City Game\",\"description\":\"\",\"publisher\":{\"@id\":\"https:\/\/testwebsite.upevents.nl\/#organization\"},\"alternateName\":\"citygame.com\",\"potentialAction\":[{\"@type\":\"SearchAction\",\"target\":{\"@type\":\"EntryPoint\",\"urlTemplate\":\"https:\/\/testwebsite.upevents.nl\/?s={search_term_string}\"},\"query-input\":{\"@type\":\"PropertyValueSpecification\",\"valueRequired\":true,\"valueName\":\"search_term_string\"}}],\"inLanguage\":\"de\"},{\"@type\":[\"Organization\",\"Place\"],\"@id\":\"https:\/\/testwebsite.upevents.nl\/#organization\",\"name\":\"City Game\",\"alternateName\":\"citygame.com\",\"url\":\"https:\/\/testwebsite.upevents.nl\/\",\"logo\":{\"@id\":\"https:\/\/testwebsite.citygame.com\/de\/games\/seville\/sherlock-holmes-seville\/#local-main-organization-logo\"},\"image\":{\"@id\":\"https:\/\/testwebsite.citygame.com\/de\/games\/seville\/sherlock-holmes-seville\/#local-main-organization-logo\"},\"sameAs\":[\"https:\/\/www.facebook.com\/profile.php?id=100086426226253\",\"https:\/\/www.instagram.com\/citygame_com\",\"https:\/\/www.tiktok.com\/@citygamecom\/\",\"https:\/\/www.linkedin.com\/company\/citygame-com\"],\"description\":\"Turn any city into a playground with our interactive City Games and self-guided tours. Fun, flexible, and ideal for groups and team building.\",\"telephone\":[],\"openingHoursSpecification\":[{\"@type\":\"OpeningHoursSpecification\",\"dayOfWeek\":[\"Monday\",\"Tuesday\",\"Wednesday\",\"Thursday\",\"Friday\",\"Saturday\",\"Sunday\"],\"opens\":\"09:00\",\"closes\":\"17:00\"}]},{\"@type\":\"ImageObject\",\"inLanguage\":\"de\",\"@id\":\"https:\/\/testwebsite.citygame.com\/de\/games\/seville\/sherlock-holmes-seville\/#local-main-organization-logo\",\"url\":\"https:\/\/testwebsite.citygame.com\/wp-content\/blogs.dir\/1\/files\/sites\/62\/2025\/10\/CG_LOGO-City-Game.png\",\"contentUrl\":\"https:\/\/testwebsite.citygame.com\/wp-content\/blogs.dir\/1\/files\/sites\/62\/2025\/10\/CG_LOGO-City-Game.png\",\"width\":351,\"height\":377,\"caption\":\"City Game\"}]}<\/script>\n<!-- \/ Yoast SEO Premium plugin. -->","yoast_head_json":{"title":"Sherlock Holmes Seville - City Game","description":"Sherlock Holmes Seville. Spielen Sie ein selbstgef\u00fchrtes Mordr\u00e4tsel-City Game, l\u00f6sen Sie R\u00e4tsel, folgen Sie Hinweisen und decken Sie den M\u00f6rder in Ihrem eigenen Tempo auf!","robots":{"index":"noindex","follow":"follow","max-snippet":"max-snippet:-1","max-image-preview":"max-image-preview:large","max-video-preview":"max-video-preview:-1"},"og_locale":"de_DE","og_type":"article","og_title":"Sherlock Holmes Seville","og_description":"Sherlock Holmes Seville. Spielen Sie ein selbstgef\u00fchrtes Mordr\u00e4tsel-City Game, l\u00f6sen Sie R\u00e4tsel, folgen Sie Hinweisen und decken Sie den M\u00f6rder in Ihrem eigenen Tempo auf!","og_url":"https:\/\/testwebsite.citygame.com\/de\/games\/seville\/sherlock-holmes-seville\/","og_site_name":"City Game","article_publisher":"https:\/\/www.facebook.com\/profile.php?id=100086426226253","article_modified_time":"2026-04-08T03:21:20+00:00","og_image":[{"width":1184,"height":864,"url":"https:\/\/testwebsite.citygame.com\/wp-content\/blogs.dir\/1\/files\/sites\/62\/2026\/02\/seville-plaza-de-espana-group-playing-sherlock-city-game.jpg","type":"image\/jpeg"}],"twitter_card":"summary_large_image","schema":{"@context":"https:\/\/schema.org","@graph":[{"@type":"WebPage","@id":"https:\/\/testwebsite.citygame.com\/de\/games\/seville\/sherlock-holmes-seville\/","url":"https:\/\/testwebsite.citygame.com\/de\/games\/seville\/sherlock-holmes-seville\/","name":"Sherlock Holmes Seville - City Game","isPartOf":{"@id":"https:\/\/testwebsite.upevents.nl\/#website"},"primaryImageOfPage":{"@id":"https:\/\/testwebsite.citygame.com\/de\/games\/seville\/sherlock-holmes-seville\/#primaryimage"},"image":{"@id":"https:\/\/testwebsite.citygame.com\/de\/games\/seville\/sherlock-holmes-seville\/#primaryimage"},"thumbnailUrl":"https:\/\/testwebsite.citygame.com\/wp-content\/blogs.dir\/1\/files\/sites\/62\/2026\/02\/seville-plaza-de-espana-group-playing-sherlock-city-game.jpg","datePublished":"2026-02-05T08:20:53+00:00","dateModified":"2026-04-08T03:21:20+00:00","description":"Sherlock Holmes Seville. Spielen Sie ein selbstgef\u00fchrtes Mordr\u00e4tsel-City Game, l\u00f6sen Sie R\u00e4tsel, folgen Sie Hinweisen und decken Sie den M\u00f6rder in Ihrem eigenen Tempo auf!","breadcrumb":{"@id":"https:\/\/testwebsite.citygame.com\/de\/games\/seville\/sherlock-holmes-seville\/#breadcrumb"},"inLanguage":"de","potentialAction":[{"@type":"ReadAction","target":["https:\/\/testwebsite.citygame.com\/de\/games\/seville\/sherlock-holmes-seville\/"]}]},{"@type":"ImageObject","inLanguage":"de","@id":"https:\/\/testwebsite.citygame.com\/de\/games\/seville\/sherlock-holmes-seville\/#primaryimage","url":"https:\/\/testwebsite.citygame.com\/wp-content\/blogs.dir\/1\/files\/sites\/62\/2026\/02\/seville-plaza-de-espana-group-playing-sherlock-city-game.jpg","contentUrl":"https:\/\/testwebsite.citygame.com\/wp-content\/blogs.dir\/1\/files\/sites\/62\/2026\/02\/seville-plaza-de-espana-group-playing-sherlock-city-game.jpg","width":1184,"height":864,"caption":"A group of young adults collaborates on a city game challenge in Seville's Plaza de Espa\u00f1a."},{"@type":"BreadcrumbList","@id":"https:\/\/testwebsite.citygame.com\/de\/games\/seville\/sherlock-holmes-seville\/#breadcrumb","itemListElement":[{"@type":"ListItem","position":1,"name":"Home","item":"https:\/\/testwebsite.citygame.com\/de\/"},{"@type":"ListItem","position":2,"name":"Shop","item":"https:\/\/testwebsite.citygame.com\/shop\/"},{"@type":"ListItem","position":3,"name":"Sherlock Holmes Seville"}]},{"@type":"WebSite","@id":"https:\/\/testwebsite.upevents.nl\/#website","url":"https:\/\/testwebsite.upevents.nl\/","name":"City Game","description":"","publisher":{"@id":"https:\/\/testwebsite.upevents.nl\/#organization"},"alternateName":"citygame.com","potentialAction":[{"@type":"SearchAction","target":{"@type":"EntryPoint","urlTemplate":"https:\/\/testwebsite.upevents.nl\/?s={search_term_string}"},"query-input":{"@type":"PropertyValueSpecification","valueRequired":true,"valueName":"search_term_string"}}],"inLanguage":"de"},{"@type":["Organization","Place"],"@id":"https:\/\/testwebsite.upevents.nl\/#organization","name":"City Game","alternateName":"citygame.com","url":"https:\/\/testwebsite.upevents.nl\/","logo":{"@id":"https:\/\/testwebsite.citygame.com\/de\/games\/seville\/sherlock-holmes-seville\/#local-main-organization-logo"},"image":{"@id":"https:\/\/testwebsite.citygame.com\/de\/games\/seville\/sherlock-holmes-seville\/#local-main-organization-logo"},"sameAs":["https:\/\/www.facebook.com\/profile.php?id=100086426226253","https:\/\/www.instagram.com\/citygame_com","https:\/\/www.tiktok.com\/@citygamecom\/","https:\/\/www.linkedin.com\/company\/citygame-com"],"description":"Turn any city into a playground with our interactive City Games and self-guided tours. Fun, flexible, and ideal for groups and team building.","telephone":[],"openingHoursSpecification":[{"@type":"OpeningHoursSpecification","dayOfWeek":["Monday","Tuesday","Wednesday","Thursday","Friday","Saturday","Sunday"],"opens":"09:00","closes":"17:00"}]},{"@type":"ImageObject","inLanguage":"de","@id":"https:\/\/testwebsite.citygame.com\/de\/games\/seville\/sherlock-holmes-seville\/#local-main-organization-logo","url":"https:\/\/testwebsite.citygame.com\/wp-content\/blogs.dir\/1\/files\/sites\/62\/2025\/10\/CG_LOGO-City-Game.png","contentUrl":"https:\/\/testwebsite.citygame.com\/wp-content\/blogs.dir\/1\/files\/sites\/62\/2025\/10\/CG_LOGO-City-Game.png","width":351,"height":377,"caption":"City Game"}]}},"taxonomy_info":{"game-concept":[{"value":770,"label":"Sherlock"}],"location":[{"value":368,"label":"Seville"}],"product_cat":[{"value":664,"label":"Unkategorisiert"}]},"featured_image_src_large":["https:\/\/testwebsite.citygame.com\/wp-content\/blogs.dir\/1\/files\/sites\/62\/2026\/02\/seville-plaza-de-espana-group-playing-sherlock-city-game-1024x747.jpg",1024,747,true],"author_info":[],"comment_info":"","_links":{"self":[{"href":"https:\/\/testwebsite.citygame.com\/de\/wp-json\/wp\/v2\/product\/59046","targetHints":{"allow":["GET"]}}],"collection":[{"href":"https:\/\/testwebsite.citygame.com\/de\/wp-json\/wp\/v2\/product"}],"about":[{"href":"https:\/\/testwebsite.citygame.com\/de\/wp-json\/wp\/v2\/types\/product"}],"acf:post":[{"embeddable":true,"href":"https:\/\/testwebsite.citygame.com\/de\/wp-json\/wp\/v2\/pages\/10541"}],"wp:featuredmedia":[{"embeddable":true,"href":"https:\/\/testwebsite.citygame.com\/de\/wp-json\/wp\/v2\/media\/10543"}],"wp:attachment":[{"href":"https:\/\/testwebsite.citygame.com\/de\/wp-json\/wp\/v2\/media?parent=59046"}],"wp:term":[{"taxonomy":"game-concept","embeddable":true,"href":"https:\/\/testwebsite.citygame.com\/de\/wp-json\/wp\/v2\/game-concept?post=59046"},{"taxonomy":"location","embeddable":true,"href":"https:\/\/testwebsite.citygame.com\/de\/wp-json\/wp\/v2\/location?post=59046"},{"taxonomy":"product_brand","embeddable":true,"href":"https:\/\/testwebsite.citygame.com\/de\/wp-json\/wp\/v2\/product_brand?post=59046"},{"taxonomy":"product_cat","embeddable":true,"href":"https:\/\/testwebsite.citygame.com\/de\/wp-json\/wp\/v2\/product_cat?post=59046"},{"taxonomy":"product_tag","embeddable":true,"href":"https:\/\/testwebsite.citygame.com\/de\/wp-json\/wp\/v2\/product_tag?post=59046"}],"curies":[{"name":"wp","href":"https:\/\/api.w.org\/{rel}","templated":true}]}}