{"id":56904,"date":"2026-02-10T17:54:02","date_gmt":"2026-02-10T17:54:02","guid":{"rendered":"https:\/\/testwebsite.citygame.com\/games\/unknown-location\/sherlock-holmes-ivalo\/"},"modified":"2026-04-07T23:28:43","modified_gmt":"2026-04-07T23:28:43","slug":"sherlock-holmes-ivalo","status":"publish","type":"product","link":"https:\/\/testwebsite.citygame.com\/de\/games\/ivalo\/sherlock-holmes-ivalo\/","title":{"rendered":"Sherlock Holmes Ivalo"},"content":{"rendered":"<p>Tauche ein in die Welt von Sherlock Holmes mit einem selbstgef\u00fchrten, geschichtenbasierten Mordfall-City Game, das sich im Stadtzentrum von Ivalo abspielt. Als w\u00e4hrend des Liberty Festivals ein grausamer Mord geschieht, wirst du zur Untersuchung gerufen und folgst einer fesselnden Erz\u00e4hlung, die dich durch die Stadt f\u00fchrt, w\u00e4hrend der Fall immer komplexer wird. Sammle Hinweise, l\u00f6se knifflige R\u00e4tsel und befrage digitale Verd\u00e4chtige in deinem eigenen Tempo, w\u00e4hrend du den Nervenkitzel erlebst, ein Detektiv in Holmes&#8216; mysteri\u00f6sem Universum zu sein.<\/p>\n","protected":false},"excerpt":{"rendered":"<p>Begib dich als Sherlock Holmes auf eine r\u00e4tselhafte Reise und tauche ein in einen selbstgef\u00fchrten Mordfall in Ivalo. Folge schwer fassbaren Hinweisen, l\u00f6se knifflige R\u00e4tsel und enth\u00fclle die Wahrheit in Zusammenarbeit mit deinem Team &#8211; die Uhr tickt, nimm die Herausforderung an!<\/p>\n","protected":false},"featured_media":12000,"template":"","meta":{"_acf_changed":false,"_yoast_wpseo_focuskw":"Sherlock Holmes Ivalo","_yoast_wpseo_metadesc":"Sherlock Holmes Ivalo. Spiele ein selbstgef\u00fchrtes Mordfall-City Game, l\u00f6se R\u00e4tsel, folge Hinweisen und entdecke den M\u00f6rder in deinem eigenen Tempo!","_kad_blocks_custom_css":"","_kad_blocks_head_custom_js":"","_kad_blocks_body_custom_js":"","_kad_blocks_footer_custom_js":"","ghostkit_customizer_options":"","ghostkit_custom_css":"","ghostkit_custom_js_head":"","ghostkit_custom_js_foot":"","ghostkit_typography":"","_kad_post_transparent":"","_kad_post_title":"","_kad_post_layout":"","_kad_post_sidebar_id":"","_kad_post_content_style":"","_kad_post_vertical_padding":"","_kad_post_feature":"","_kad_post_feature_position":"","_kad_post_header":false,"_kad_post_footer":false,"_kad_post_classname":"","_links_to":"","_links_to_target":""},"game-concept":[770],"location":[212],"product_brand":[],"product_cat":[664],"product_tag":[],"class_list":{"0":"post-56904","1":"product","2":"type-product","3":"status-publish","4":"has-post-thumbnail","6":"game-concept-sherlock","7":"location-ivalo","8":"product_cat-unkategorisiert","10":"first","11":"instock","12":"shipping-taxable","13":"purchasable","14":"product-type-simple","15":"entry","16":"content-bg","17":"loop-entry"},"acf":{"full_bokun_product_name":"Ivalo Self-Guided Sherlock Holmes Murder Mystery Game","location_name":"Ivalo","bokun_calendar_widget_code":"<script type=\"text\/javascript\" src=\"https:\/\/widgets.bokun.io\/assets\/javascripts\/apps\/build\/BokunWidgetsLoader.js?bookingChannelUUID=a1e93e96-5232-4734-a595-28405f4b5a31\" async><\/script>\n     \n    <div class=\"bokunWidget\" data-src=\"https:\/\/widgets.bokun.io\/online-sales\/a1e93e96-5232-4734-a595-28405f4b5a31\/experience-calendar\/771596\"><\/div>\n    <noscript>Please enable javascript in your browser to book<\/noscript>","bokun_button_widget_code":"<script type=\"text\/javascript\" src=\"https:\/\/widgets.bokun.io\/assets\/javascripts\/apps\/build\/BokunWidgetsLoader.js?bookingChannelUUID=a1e93e96-5232-4734-a595-28405f4b5a31\" async><\/script>\n      <style> #bokun_ed001e45_5927_4f62_b470_ca766338d083 { display: inline-block; padding: .4em 1em; background: #47b82e; border-radius: 999999px; box-shadow: none; font-weight: 600; font-size: 24px; text-decoration: none; text-align: center; color: #FFFFFF; border:none; cursor: pointer; transition: background .2s ease; } #bokun_ed001e45_5927_4f62_b470_ca766338d083:hover{ background: #2f7b1f; } #bokun_ed001e45_5927_4f62_b470_ca766338d083:active{ background: #378f24; } <\/style> <button class=\"bokunButton\" disabled id=bokun_ed001e45_5927_4f62_b470_ca766338d083 data-src=\"https:\/\/widgets.bokun.io\/online-sales\/a1e93e96-5232-4734-a595-28405f4b5a31\/experience-calendar\/771596?partialView=1\" data-testid=\"widget-book-button\" > Book now <\/button> ","what_you\u2019ll_experience_during_the_game":"Tauche ein in eine fesselnde Detektivgeschichte, die in den verschneiten Stra\u00dfen von Ivalo spielt, wo ein Mord w\u00e4hrend des Liberty Festivals die Stadt nach Antworten suchen l\u00e4sst. W\u00e4hrend du dich durch die Stadt bewegst, entfaltet sich die Untersuchung St\u00fcck f\u00fcr St\u00fcck und enth\u00fcllt neue Ebenen des Geheimnisses. Du suchst nach versteckten Hinweisen, l\u00f6st R\u00e4tsel, die deine Logik und Intuition auf die Probe stellen, und bleibst aufmerksam f\u00fcr unerwartete Wendungen, die deine Annahmen herausfordern.\n\nDein Fall erfordert mehr als nur Beobachtung. Befrage digitale Verd\u00e4chtige, analysiere Alibis und entdecke Widerspr\u00fcche, die den Fall aufdecken k\u00f6nnten. Jede Entscheidung, die du triffst, bringt dich der Wahrheit n\u00e4her, angetrieben ausschlie\u00dflich von der sich entfaltenden Geschichte. Du kannst dich in deinem eigenen Tempo bewegen, bei Bedarf pausieren und die Ermittlungen jederzeit wieder aufnehmen. Wenn du im Team spielst, kann ein Hauch freundschaftlicher Konkurrenz den Einsatz erh\u00f6hen \u2013 aber dein scharfes Denken und dein deduktives Geschick sind es, die wirklich z\u00e4hlen.","how_to_play":"Spiele allein oder mit Freunden, Familie oder Kollegen in Teams von bis zu vier Personen pro Ger\u00e4t. Nach der Buchung erh\u00e4ltst du eine E-Mail mit Anweisungen und allem, was du ben\u00f6tigst.","start_location":"Ivalo, Inarin kunta","available_languages":["en","es","fr","de","it","nl"],"players_per_group":"1-4","duration":"1.5-2 hours","image_overlay_color_image":"https:\/\/testwebsite.citygame.com\/wp-content\/blogs.dir\/1\/files\/sites\/62\/2026\/01\/SherlockColor.svg","image_overlay_game_logo":"https:\/\/testwebsite.citygame.com\/wp-content\/blogs.dir\/1\/files\/sites\/62\/2026\/01\/SherlockLogo.png","city_page":11998,"woocommerce_general_content":null},"yoast_head":"<!-- This site is optimized with the Yoast SEO Premium plugin v26.2 (Yoast SEO v26.3) - https:\/\/yoast.com\/wordpress\/plugins\/seo\/ -->\n<title>Sherlock Holmes Ivalo - City Game<\/title>\n<meta name=\"description\" content=\"Sherlock Holmes Ivalo. Spiele ein selbstgef\u00fchrtes Mordfall-City Game, l\u00f6se R\u00e4tsel, folge Hinweisen und entdecke den M\u00f6rder in deinem eigenen Tempo!\" \/>\n<meta name=\"robots\" content=\"noindex, follow, max-snippet:-1, max-image-preview:large, max-video-preview:-1\" \/>\n<meta property=\"og:locale\" content=\"de_DE\" \/>\n<meta property=\"og:type\" content=\"article\" \/>\n<meta property=\"og:title\" content=\"Sherlock Holmes Ivalo\" \/>\n<meta property=\"og:description\" content=\"Sherlock Holmes Ivalo. Spiele ein selbstgef\u00fchrtes Mordfall-City Game, l\u00f6se R\u00e4tsel, folge Hinweisen und entdecke den M\u00f6rder in deinem eigenen Tempo!\" \/>\n<meta property=\"og:url\" content=\"https:\/\/testwebsite.citygame.com\/de\/games\/ivalo\/sherlock-holmes-ivalo\/\" \/>\n<meta property=\"og:site_name\" content=\"City Game\" \/>\n<meta property=\"article:publisher\" content=\"https:\/\/www.facebook.com\/profile.php?id=100086426226253\" \/>\n<meta property=\"article:modified_time\" content=\"2026-04-07T23:28:43+00:00\" \/>\n<meta property=\"og:image\" content=\"https:\/\/testwebsite.citygame.com\/wp-content\/blogs.dir\/1\/files\/sites\/62\/2026\/02\/man-playing-city-game-on-phone-in-ivalo-street.jpg\" \/>\n\t<meta property=\"og:image:width\" content=\"1344\" \/>\n\t<meta property=\"og:image:height\" content=\"768\" \/>\n\t<meta property=\"og:image:type\" content=\"image\/jpeg\" \/>\n<meta name=\"twitter:card\" content=\"summary_large_image\" \/>\n<script type=\"application\/ld+json\" class=\"yoast-schema-graph\">{\"@context\":\"https:\/\/schema.org\",\"@graph\":[{\"@type\":\"WebPage\",\"@id\":\"https:\/\/testwebsite.citygame.com\/de\/games\/ivalo\/sherlock-holmes-ivalo\/\",\"url\":\"https:\/\/testwebsite.citygame.com\/de\/games\/ivalo\/sherlock-holmes-ivalo\/\",\"name\":\"Sherlock Holmes Ivalo - City Game\",\"isPartOf\":{\"@id\":\"https:\/\/testwebsite.upevents.nl\/#website\"},\"primaryImageOfPage\":{\"@id\":\"https:\/\/testwebsite.citygame.com\/de\/games\/ivalo\/sherlock-holmes-ivalo\/#primaryimage\"},\"image\":{\"@id\":\"https:\/\/testwebsite.citygame.com\/de\/games\/ivalo\/sherlock-holmes-ivalo\/#primaryimage\"},\"thumbnailUrl\":\"https:\/\/testwebsite.citygame.com\/wp-content\/blogs.dir\/1\/files\/sites\/62\/2026\/02\/man-playing-city-game-on-phone-in-ivalo-street.jpg\",\"datePublished\":\"2026-02-10T17:54:02+00:00\",\"dateModified\":\"2026-04-07T23:28:43+00:00\",\"description\":\"Sherlock Holmes Ivalo. Spiele ein selbstgef\u00fchrtes Mordfall-City Game, l\u00f6se R\u00e4tsel, folge Hinweisen und entdecke den M\u00f6rder in deinem eigenen Tempo!\",\"breadcrumb\":{\"@id\":\"https:\/\/testwebsite.citygame.com\/de\/games\/ivalo\/sherlock-holmes-ivalo\/#breadcrumb\"},\"inLanguage\":\"de\",\"potentialAction\":[{\"@type\":\"ReadAction\",\"target\":[\"https:\/\/testwebsite.citygame.com\/de\/games\/ivalo\/sherlock-holmes-ivalo\/\"]}]},{\"@type\":\"ImageObject\",\"inLanguage\":\"de\",\"@id\":\"https:\/\/testwebsite.citygame.com\/de\/games\/ivalo\/sherlock-holmes-ivalo\/#primaryimage\",\"url\":\"https:\/\/testwebsite.citygame.com\/wp-content\/blogs.dir\/1\/files\/sites\/62\/2026\/02\/man-playing-city-game-on-phone-in-ivalo-street.jpg\",\"contentUrl\":\"https:\/\/testwebsite.citygame.com\/wp-content\/blogs.dir\/1\/files\/sites\/62\/2026\/02\/man-playing-city-game-on-phone-in-ivalo-street.jpg\",\"width\":1344,\"height\":768,\"caption\":\"A player uses his phone to solve a puzzle while exploring a historic European-style city street.\"},{\"@type\":\"BreadcrumbList\",\"@id\":\"https:\/\/testwebsite.citygame.com\/de\/games\/ivalo\/sherlock-holmes-ivalo\/#breadcrumb\",\"itemListElement\":[{\"@type\":\"ListItem\",\"position\":1,\"name\":\"Home\",\"item\":\"https:\/\/testwebsite.citygame.com\/de\/\"},{\"@type\":\"ListItem\",\"position\":2,\"name\":\"Shop\",\"item\":\"https:\/\/testwebsite.citygame.com\/shop\/\"},{\"@type\":\"ListItem\",\"position\":3,\"name\":\"Sherlock Holmes Ivalo\"}]},{\"@type\":\"WebSite\",\"@id\":\"https:\/\/testwebsite.upevents.nl\/#website\",\"url\":\"https:\/\/testwebsite.upevents.nl\/\",\"name\":\"City Game\",\"description\":\"\",\"publisher\":{\"@id\":\"https:\/\/testwebsite.upevents.nl\/#organization\"},\"alternateName\":\"citygame.com\",\"potentialAction\":[{\"@type\":\"SearchAction\",\"target\":{\"@type\":\"EntryPoint\",\"urlTemplate\":\"https:\/\/testwebsite.upevents.nl\/?s={search_term_string}\"},\"query-input\":{\"@type\":\"PropertyValueSpecification\",\"valueRequired\":true,\"valueName\":\"search_term_string\"}}],\"inLanguage\":\"de\"},{\"@type\":[\"Organization\",\"Place\"],\"@id\":\"https:\/\/testwebsite.upevents.nl\/#organization\",\"name\":\"City Game\",\"alternateName\":\"citygame.com\",\"url\":\"https:\/\/testwebsite.upevents.nl\/\",\"logo\":{\"@id\":\"https:\/\/testwebsite.citygame.com\/de\/games\/ivalo\/sherlock-holmes-ivalo\/#local-main-organization-logo\"},\"image\":{\"@id\":\"https:\/\/testwebsite.citygame.com\/de\/games\/ivalo\/sherlock-holmes-ivalo\/#local-main-organization-logo\"},\"sameAs\":[\"https:\/\/www.facebook.com\/profile.php?id=100086426226253\",\"https:\/\/www.instagram.com\/citygame_com\",\"https:\/\/www.tiktok.com\/@citygamecom\/\",\"https:\/\/www.linkedin.com\/company\/citygame-com\"],\"description\":\"Turn any city into a playground with our interactive City Games and self-guided tours. Fun, flexible, and ideal for groups and team building.\",\"telephone\":[],\"openingHoursSpecification\":[{\"@type\":\"OpeningHoursSpecification\",\"dayOfWeek\":[\"Monday\",\"Tuesday\",\"Wednesday\",\"Thursday\",\"Friday\",\"Saturday\",\"Sunday\"],\"opens\":\"09:00\",\"closes\":\"17:00\"}]},{\"@type\":\"ImageObject\",\"inLanguage\":\"de\",\"@id\":\"https:\/\/testwebsite.citygame.com\/de\/games\/ivalo\/sherlock-holmes-ivalo\/#local-main-organization-logo\",\"url\":\"https:\/\/testwebsite.citygame.com\/wp-content\/blogs.dir\/1\/files\/sites\/62\/2025\/10\/CG_LOGO-City-Game.png\",\"contentUrl\":\"https:\/\/testwebsite.citygame.com\/wp-content\/blogs.dir\/1\/files\/sites\/62\/2025\/10\/CG_LOGO-City-Game.png\",\"width\":351,\"height\":377,\"caption\":\"City Game\"}]}<\/script>\n<!-- \/ Yoast SEO Premium plugin. -->","yoast_head_json":{"title":"Sherlock Holmes Ivalo - City Game","description":"Sherlock Holmes Ivalo. Spiele ein selbstgef\u00fchrtes Mordfall-City Game, l\u00f6se R\u00e4tsel, folge Hinweisen und entdecke den M\u00f6rder in deinem eigenen Tempo!","robots":{"index":"noindex","follow":"follow","max-snippet":"max-snippet:-1","max-image-preview":"max-image-preview:large","max-video-preview":"max-video-preview:-1"},"og_locale":"de_DE","og_type":"article","og_title":"Sherlock Holmes Ivalo","og_description":"Sherlock Holmes Ivalo. Spiele ein selbstgef\u00fchrtes Mordfall-City Game, l\u00f6se R\u00e4tsel, folge Hinweisen und entdecke den M\u00f6rder in deinem eigenen Tempo!","og_url":"https:\/\/testwebsite.citygame.com\/de\/games\/ivalo\/sherlock-holmes-ivalo\/","og_site_name":"City Game","article_publisher":"https:\/\/www.facebook.com\/profile.php?id=100086426226253","article_modified_time":"2026-04-07T23:28:43+00:00","og_image":[{"width":1344,"height":768,"url":"https:\/\/testwebsite.citygame.com\/wp-content\/blogs.dir\/1\/files\/sites\/62\/2026\/02\/man-playing-city-game-on-phone-in-ivalo-street.jpg","type":"image\/jpeg"}],"twitter_card":"summary_large_image","schema":{"@context":"https:\/\/schema.org","@graph":[{"@type":"WebPage","@id":"https:\/\/testwebsite.citygame.com\/de\/games\/ivalo\/sherlock-holmes-ivalo\/","url":"https:\/\/testwebsite.citygame.com\/de\/games\/ivalo\/sherlock-holmes-ivalo\/","name":"Sherlock Holmes Ivalo - City Game","isPartOf":{"@id":"https:\/\/testwebsite.upevents.nl\/#website"},"primaryImageOfPage":{"@id":"https:\/\/testwebsite.citygame.com\/de\/games\/ivalo\/sherlock-holmes-ivalo\/#primaryimage"},"image":{"@id":"https:\/\/testwebsite.citygame.com\/de\/games\/ivalo\/sherlock-holmes-ivalo\/#primaryimage"},"thumbnailUrl":"https:\/\/testwebsite.citygame.com\/wp-content\/blogs.dir\/1\/files\/sites\/62\/2026\/02\/man-playing-city-game-on-phone-in-ivalo-street.jpg","datePublished":"2026-02-10T17:54:02+00:00","dateModified":"2026-04-07T23:28:43+00:00","description":"Sherlock Holmes Ivalo. Spiele ein selbstgef\u00fchrtes Mordfall-City Game, l\u00f6se R\u00e4tsel, folge Hinweisen und entdecke den M\u00f6rder in deinem eigenen Tempo!","breadcrumb":{"@id":"https:\/\/testwebsite.citygame.com\/de\/games\/ivalo\/sherlock-holmes-ivalo\/#breadcrumb"},"inLanguage":"de","potentialAction":[{"@type":"ReadAction","target":["https:\/\/testwebsite.citygame.com\/de\/games\/ivalo\/sherlock-holmes-ivalo\/"]}]},{"@type":"ImageObject","inLanguage":"de","@id":"https:\/\/testwebsite.citygame.com\/de\/games\/ivalo\/sherlock-holmes-ivalo\/#primaryimage","url":"https:\/\/testwebsite.citygame.com\/wp-content\/blogs.dir\/1\/files\/sites\/62\/2026\/02\/man-playing-city-game-on-phone-in-ivalo-street.jpg","contentUrl":"https:\/\/testwebsite.citygame.com\/wp-content\/blogs.dir\/1\/files\/sites\/62\/2026\/02\/man-playing-city-game-on-phone-in-ivalo-street.jpg","width":1344,"height":768,"caption":"A player uses his phone to solve a puzzle while exploring a historic European-style city street."},{"@type":"BreadcrumbList","@id":"https:\/\/testwebsite.citygame.com\/de\/games\/ivalo\/sherlock-holmes-ivalo\/#breadcrumb","itemListElement":[{"@type":"ListItem","position":1,"name":"Home","item":"https:\/\/testwebsite.citygame.com\/de\/"},{"@type":"ListItem","position":2,"name":"Shop","item":"https:\/\/testwebsite.citygame.com\/shop\/"},{"@type":"ListItem","position":3,"name":"Sherlock Holmes Ivalo"}]},{"@type":"WebSite","@id":"https:\/\/testwebsite.upevents.nl\/#website","url":"https:\/\/testwebsite.upevents.nl\/","name":"City Game","description":"","publisher":{"@id":"https:\/\/testwebsite.upevents.nl\/#organization"},"alternateName":"citygame.com","potentialAction":[{"@type":"SearchAction","target":{"@type":"EntryPoint","urlTemplate":"https:\/\/testwebsite.upevents.nl\/?s={search_term_string}"},"query-input":{"@type":"PropertyValueSpecification","valueRequired":true,"valueName":"search_term_string"}}],"inLanguage":"de"},{"@type":["Organization","Place"],"@id":"https:\/\/testwebsite.upevents.nl\/#organization","name":"City Game","alternateName":"citygame.com","url":"https:\/\/testwebsite.upevents.nl\/","logo":{"@id":"https:\/\/testwebsite.citygame.com\/de\/games\/ivalo\/sherlock-holmes-ivalo\/#local-main-organization-logo"},"image":{"@id":"https:\/\/testwebsite.citygame.com\/de\/games\/ivalo\/sherlock-holmes-ivalo\/#local-main-organization-logo"},"sameAs":["https:\/\/www.facebook.com\/profile.php?id=100086426226253","https:\/\/www.instagram.com\/citygame_com","https:\/\/www.tiktok.com\/@citygamecom\/","https:\/\/www.linkedin.com\/company\/citygame-com"],"description":"Turn any city into a playground with our interactive City Games and self-guided tours. Fun, flexible, and ideal for groups and team building.","telephone":[],"openingHoursSpecification":[{"@type":"OpeningHoursSpecification","dayOfWeek":["Monday","Tuesday","Wednesday","Thursday","Friday","Saturday","Sunday"],"opens":"09:00","closes":"17:00"}]},{"@type":"ImageObject","inLanguage":"de","@id":"https:\/\/testwebsite.citygame.com\/de\/games\/ivalo\/sherlock-holmes-ivalo\/#local-main-organization-logo","url":"https:\/\/testwebsite.citygame.com\/wp-content\/blogs.dir\/1\/files\/sites\/62\/2025\/10\/CG_LOGO-City-Game.png","contentUrl":"https:\/\/testwebsite.citygame.com\/wp-content\/blogs.dir\/1\/files\/sites\/62\/2025\/10\/CG_LOGO-City-Game.png","width":351,"height":377,"caption":"City Game"}]}},"taxonomy_info":{"game-concept":[{"value":770,"label":"Sherlock"}],"location":[{"value":212,"label":"Ivalo"}],"product_cat":[{"value":664,"label":"Unkategorisiert"}]},"featured_image_src_large":["https:\/\/testwebsite.citygame.com\/wp-content\/blogs.dir\/1\/files\/sites\/62\/2026\/02\/man-playing-city-game-on-phone-in-ivalo-street-1024x585.jpg",1024,585,true],"author_info":[],"comment_info":"","_links":{"self":[{"href":"https:\/\/testwebsite.citygame.com\/de\/wp-json\/wp\/v2\/product\/56904","targetHints":{"allow":["GET"]}}],"collection":[{"href":"https:\/\/testwebsite.citygame.com\/de\/wp-json\/wp\/v2\/product"}],"about":[{"href":"https:\/\/testwebsite.citygame.com\/de\/wp-json\/wp\/v2\/types\/product"}],"acf:post":[{"embeddable":true,"href":"https:\/\/testwebsite.citygame.com\/de\/wp-json\/wp\/v2\/pages\/11998"}],"wp:featuredmedia":[{"embeddable":true,"href":"https:\/\/testwebsite.citygame.com\/de\/wp-json\/wp\/v2\/media\/12000"}],"wp:attachment":[{"href":"https:\/\/testwebsite.citygame.com\/de\/wp-json\/wp\/v2\/media?parent=56904"}],"wp:term":[{"taxonomy":"game-concept","embeddable":true,"href":"https:\/\/testwebsite.citygame.com\/de\/wp-json\/wp\/v2\/game-concept?post=56904"},{"taxonomy":"location","embeddable":true,"href":"https:\/\/testwebsite.citygame.com\/de\/wp-json\/wp\/v2\/location?post=56904"},{"taxonomy":"product_brand","embeddable":true,"href":"https:\/\/testwebsite.citygame.com\/de\/wp-json\/wp\/v2\/product_brand?post=56904"},{"taxonomy":"product_cat","embeddable":true,"href":"https:\/\/testwebsite.citygame.com\/de\/wp-json\/wp\/v2\/product_cat?post=56904"},{"taxonomy":"product_tag","embeddable":true,"href":"https:\/\/testwebsite.citygame.com\/de\/wp-json\/wp\/v2\/product_tag?post=56904"}],"curies":[{"name":"wp","href":"https:\/\/api.w.org\/{rel}","templated":true}]}}