{"id":56886,"date":"2026-02-04T15:05:21","date_gmt":"2026-02-04T15:05:21","guid":{"rendered":"https:\/\/testwebsite.citygame.com\/games\/unknown-location\/sherlock-holmes-bangkok\/"},"modified":"2026-04-07T23:26:55","modified_gmt":"2026-04-07T23:26:55","slug":"sherlock-holmes-bangkok","status":"publish","type":"product","link":"https:\/\/testwebsite.citygame.com\/de\/games\/bangkok\/sherlock-holmes-bangkok\/","title":{"rendered":"Sherlock Holmes Bangkok"},"content":{"rendered":"<p>Treten Sie ein in die Welt von Sherlock Holmes mit diesem selbstgef\u00fchrten, geschichtenreichen Krimi-Stadtspiel im Stadtzentrum von Bangkok. W\u00e4hrend die belebten Stra\u00dfen zur Kulisse einer packenden Ermittlung werden, folgen Sie einer sich entfaltenden Erz\u00e4hlung, die mit einem tragischen Mord w\u00e4hrend des Liberty Festivals verbunden ist. L\u00f6sen Sie R\u00e4tsel, sammeln Sie entscheidende Hinweise und befragen Sie digitale Verd\u00e4chtige in Ihrem eigenen Tempo, tauchen Sie voll und ganz in ein Detektiv-Erlebnis ein, bei dem jede Entscheidung Sie der L\u00f6sung des Falls n\u00e4herbringt.<\/p>\n","protected":false},"excerpt":{"rendered":"<p>Tauchen Sie ein in die Rolle von Sherlock Holmes mit unserem selbstgef\u00fchrten Kriminalfall in Bangkok. Mit Hinweisen zum Entschl\u00fcsseln und R\u00e4tseln zum L\u00f6sen sind Sie und Ihr Team die Einzigen, die in dieser spannenden Herausforderung die Wahrheit aufdecken k\u00f6nnen!<\/p>\n","protected":false},"featured_media":10312,"template":"","meta":{"_acf_changed":false,"_yoast_wpseo_focuskw":"Sherlock Holmes Bangkok","_yoast_wpseo_metadesc":"Sherlock Holmes Bangkok. Spielen Sie ein selbstgef\u00fchrtes Krimi-Stadtspiel, l\u00f6sen Sie R\u00e4tsel, folgen Sie Hinweisen und entlarven Sie den M\u00f6rder in Ihrem eigenen Tempo!","_kad_blocks_custom_css":"","_kad_blocks_head_custom_js":"","_kad_blocks_body_custom_js":"","_kad_blocks_footer_custom_js":"","ghostkit_customizer_options":"","ghostkit_custom_css":"","ghostkit_custom_js_head":"","ghostkit_custom_js_foot":"","ghostkit_typography":"","_kad_post_transparent":"","_kad_post_title":"","_kad_post_layout":"","_kad_post_sidebar_id":"","_kad_post_content_style":"","_kad_post_vertical_padding":"","_kad_post_feature":"","_kad_post_feature_position":"","_kad_post_header":false,"_kad_post_footer":false,"_kad_post_classname":"","_links_to":"","_links_to_target":""},"game-concept":[770],"location":[76],"product_brand":[],"product_cat":[664],"product_tag":[],"class_list":{"0":"post-56886","1":"product","2":"type-product","3":"status-publish","4":"has-post-thumbnail","6":"game-concept-sherlock","7":"location-bangkok","8":"product_cat-unkategorisiert","10":"first","11":"instock","12":"shipping-taxable","13":"purchasable","14":"product-type-simple","15":"entry","16":"content-bg","17":"loop-entry"},"acf":{"full_bokun_product_name":"Bangkok Self-Guided Sherlock Holmes Murder Mystery Game","location_name":"Bangkok","bokun_calendar_widget_code":"<script type=\"text\/javascript\" src=\"https:\/\/widgets.bokun.io\/assets\/javascripts\/apps\/build\/BokunWidgetsLoader.js?bookingChannelUUID=a1e93e96-5232-4734-a595-28405f4b5a31\" async><\/script>\n     \n    <div class=\"bokunWidget\" data-src=\"https:\/\/widgets.bokun.io\/online-sales\/a1e93e96-5232-4734-a595-28405f4b5a31\/experience-calendar\/731059\"><\/div>\n    <noscript>Please enable javascript in your browser to book<\/noscript>","bokun_button_widget_code":"<script type=\"text\/javascript\" src=\"https:\/\/widgets.bokun.io\/assets\/javascripts\/apps\/build\/BokunWidgetsLoader.js?bookingChannelUUID=a1e93e96-5232-4734-a595-28405f4b5a31\" async><\/script>\n      <style> #bokun_ed001e45_5927_4f62_b470_ca766338d083 { display: inline-block; padding: .4em 1em; background: #47b82e; border-radius: 999999px; box-shadow: none; font-weight: 600; font-size: 24px; text-decoration: none; text-align: center; color: #FFFFFF; border:none; cursor: pointer; transition: background .2s ease; } #bokun_ed001e45_5927_4f62_b470_ca766338d083:hover{ background: #2f7b1f; } #bokun_ed001e45_5927_4f62_b470_ca766338d083:active{ background: #378f24; } <\/style> <button class=\"bokunButton\" disabled id=bokun_ed001e45_5927_4f62_b470_ca766338d083 data-src=\"https:\/\/widgets.bokun.io\/online-sales\/a1e93e96-5232-4734-a595-28405f4b5a31\/experience-calendar\/731059?partialView=1\" data-testid=\"widget-book-button\" > Book now <\/button> ","what_you\u2019ll_experience_during_the_game":"Sie tauchen ein in eine fesselnde Detektivgeschichte, die sich auf den pulsierenden Stra\u00dfen Bangkoks abspielt, wo ein Mord w\u00e4hrend des Liberty Festivals die Stadt in ein R\u00e4tsel h\u00fcllt. W\u00e4hrend Sie sich durch Bangkok bewegen, entfaltet sich die Geschichte mit jeder Ihrer Entscheidungen, enth\u00fcllt verborgene Ebenen des Falls und zieht Sie tiefer in die Ermittlungen hinein. Sie werden Hinweise entdecken, clevere R\u00e4tsel l\u00f6sen und unerwartete Wendungen meistern, die Ihre Instinkte herausfordern und Ihre Intuition sch\u00e4rfen.\n\nJede Interaktion stellt Ihre F\u00e4higkeiten als wahrer Detektiv auf die Probe. Sie werden digitale Verd\u00e4chtige befragen, ihre Alibis auseinandernehmen und Widerspr\u00fcche aufdecken, die den Fall aufrollen k\u00f6nnten. Kritisches Denken, genaue Beobachtung und die Kraft der Deduktion sind Ihre vertrauensw\u00fcrdigsten Werkzeuge. Das gesamte Erlebnis wird von dem sich entfaltenden R\u00e4tsel angetrieben, das Sie in Ihrem eigenen Tempo erkunden k\u00f6nnen, indem Sie jederzeit pausieren und fortfahren. Wenn Sie im Team spielen, gibt es Raum f\u00fcr einen Wettbewerbsvorteil, aber das Herzst\u00fcck des Spiels liegt darin, die Wahrheit hinter dem Verbrechen aufzudecken.","how_to_play":"Spielen Sie alleine oder mit Freunden, Familie oder Kollegen in Teams von bis zu vier Personen pro Ger\u00e4t. Nach der Buchung erhalten Sie eine E-Mail mit Anweisungen und allem, was Sie ben\u00f6tigen.","start_location":"Bangkok, Tha Chang Pier","available_languages":["en","es","fr","de","it","nl"],"players_per_group":"1-4","duration":"1.5-2 hours","image_overlay_color_image":"https:\/\/testwebsite.citygame.com\/wp-content\/blogs.dir\/1\/files\/sites\/62\/2026\/01\/SherlockColor.svg","image_overlay_game_logo":"https:\/\/testwebsite.citygame.com\/wp-content\/blogs.dir\/1\/files\/sites\/62\/2026\/01\/SherlockLogo.png","city_page":4356,"woocommerce_general_content":null},"yoast_head":"<!-- This site is optimized with the Yoast SEO Premium plugin v26.2 (Yoast SEO v26.3) - https:\/\/yoast.com\/wordpress\/plugins\/seo\/ -->\n<title>Sherlock Holmes Bangkok - City Game<\/title>\n<meta name=\"description\" content=\"Sherlock Holmes Bangkok. Spielen Sie ein selbstgef\u00fchrtes Krimi-Stadtspiel, l\u00f6sen Sie R\u00e4tsel, folgen Sie Hinweisen und entlarven Sie den M\u00f6rder in Ihrem eigenen Tempo!\" \/>\n<meta name=\"robots\" content=\"noindex, follow, max-snippet:-1, max-image-preview:large, max-video-preview:-1\" \/>\n<meta property=\"og:locale\" content=\"de_DE\" \/>\n<meta property=\"og:type\" content=\"article\" \/>\n<meta property=\"og:title\" content=\"Sherlock Holmes Bangkok\" \/>\n<meta property=\"og:description\" content=\"Sherlock Holmes Bangkok. Spielen Sie ein selbstgef\u00fchrtes Krimi-Stadtspiel, l\u00f6sen Sie R\u00e4tsel, folgen Sie Hinweisen und entlarven Sie den M\u00f6rder in Ihrem eigenen Tempo!\" \/>\n<meta property=\"og:url\" content=\"https:\/\/testwebsite.citygame.com\/de\/games\/bangkok\/sherlock-holmes-bangkok\/\" \/>\n<meta property=\"og:site_name\" content=\"City Game\" \/>\n<meta property=\"article:publisher\" content=\"https:\/\/www.facebook.com\/profile.php?id=100086426226253\" \/>\n<meta property=\"article:modified_time\" content=\"2026-04-07T23:26:55+00:00\" \/>\n<meta property=\"og:image\" content=\"https:\/\/testwebsite.citygame.com\/wp-content\/blogs.dir\/1\/files\/sites\/62\/2026\/02\/player-using-sherlock-app-on-a-city-street-in-bangkok.jpg\" \/>\n\t<meta property=\"og:image:width\" content=\"1344\" \/>\n\t<meta property=\"og:image:height\" content=\"768\" \/>\n\t<meta property=\"og:image:type\" content=\"image\/jpeg\" \/>\n<meta name=\"twitter:card\" content=\"summary_large_image\" \/>\n<script type=\"application\/ld+json\" class=\"yoast-schema-graph\">{\"@context\":\"https:\/\/schema.org\",\"@graph\":[{\"@type\":\"WebPage\",\"@id\":\"https:\/\/testwebsite.citygame.com\/de\/games\/bangkok\/sherlock-holmes-bangkok\/\",\"url\":\"https:\/\/testwebsite.citygame.com\/de\/games\/bangkok\/sherlock-holmes-bangkok\/\",\"name\":\"Sherlock Holmes Bangkok - City Game\",\"isPartOf\":{\"@id\":\"https:\/\/testwebsite.upevents.nl\/#website\"},\"primaryImageOfPage\":{\"@id\":\"https:\/\/testwebsite.citygame.com\/de\/games\/bangkok\/sherlock-holmes-bangkok\/#primaryimage\"},\"image\":{\"@id\":\"https:\/\/testwebsite.citygame.com\/de\/games\/bangkok\/sherlock-holmes-bangkok\/#primaryimage\"},\"thumbnailUrl\":\"https:\/\/testwebsite.citygame.com\/wp-content\/blogs.dir\/1\/files\/sites\/62\/2026\/02\/player-using-sherlock-app-on-a-city-street-in-bangkok.jpg\",\"datePublished\":\"2026-02-04T15:05:21+00:00\",\"dateModified\":\"2026-04-07T23:26:55+00:00\",\"description\":\"Sherlock Holmes Bangkok. Spielen Sie ein selbstgef\u00fchrtes Krimi-Stadtspiel, l\u00f6sen Sie R\u00e4tsel, folgen Sie Hinweisen und entlarven Sie den M\u00f6rder in Ihrem eigenen Tempo!\",\"breadcrumb\":{\"@id\":\"https:\/\/testwebsite.citygame.com\/de\/games\/bangkok\/sherlock-holmes-bangkok\/#breadcrumb\"},\"inLanguage\":\"de\",\"potentialAction\":[{\"@type\":\"ReadAction\",\"target\":[\"https:\/\/testwebsite.citygame.com\/de\/games\/bangkok\/sherlock-holmes-bangkok\/\"]}]},{\"@type\":\"ImageObject\",\"inLanguage\":\"de\",\"@id\":\"https:\/\/testwebsite.citygame.com\/de\/games\/bangkok\/sherlock-holmes-bangkok\/#primaryimage\",\"url\":\"https:\/\/testwebsite.citygame.com\/wp-content\/blogs.dir\/1\/files\/sites\/62\/2026\/02\/player-using-sherlock-app-on-a-city-street-in-bangkok.jpg\",\"contentUrl\":\"https:\/\/testwebsite.citygame.com\/wp-content\/blogs.dir\/1\/files\/sites\/62\/2026\/02\/player-using-sherlock-app-on-a-city-street-in-bangkok.jpg\",\"width\":1344,\"height\":768,\"caption\":\"A player uses their smartphone to solve challenges in the Sherlock city game.\"},{\"@type\":\"BreadcrumbList\",\"@id\":\"https:\/\/testwebsite.citygame.com\/de\/games\/bangkok\/sherlock-holmes-bangkok\/#breadcrumb\",\"itemListElement\":[{\"@type\":\"ListItem\",\"position\":1,\"name\":\"Home\",\"item\":\"https:\/\/testwebsite.citygame.com\/de\/\"},{\"@type\":\"ListItem\",\"position\":2,\"name\":\"Shop\",\"item\":\"https:\/\/testwebsite.citygame.com\/shop\/\"},{\"@type\":\"ListItem\",\"position\":3,\"name\":\"Sherlock Holmes Bangkok\"}]},{\"@type\":\"WebSite\",\"@id\":\"https:\/\/testwebsite.upevents.nl\/#website\",\"url\":\"https:\/\/testwebsite.upevents.nl\/\",\"name\":\"City Game\",\"description\":\"\",\"publisher\":{\"@id\":\"https:\/\/testwebsite.upevents.nl\/#organization\"},\"alternateName\":\"citygame.com\",\"potentialAction\":[{\"@type\":\"SearchAction\",\"target\":{\"@type\":\"EntryPoint\",\"urlTemplate\":\"https:\/\/testwebsite.upevents.nl\/?s={search_term_string}\"},\"query-input\":{\"@type\":\"PropertyValueSpecification\",\"valueRequired\":true,\"valueName\":\"search_term_string\"}}],\"inLanguage\":\"de\"},{\"@type\":[\"Organization\",\"Place\"],\"@id\":\"https:\/\/testwebsite.upevents.nl\/#organization\",\"name\":\"City Game\",\"alternateName\":\"citygame.com\",\"url\":\"https:\/\/testwebsite.upevents.nl\/\",\"logo\":{\"@id\":\"https:\/\/testwebsite.citygame.com\/de\/games\/bangkok\/sherlock-holmes-bangkok\/#local-main-organization-logo\"},\"image\":{\"@id\":\"https:\/\/testwebsite.citygame.com\/de\/games\/bangkok\/sherlock-holmes-bangkok\/#local-main-organization-logo\"},\"sameAs\":[\"https:\/\/www.facebook.com\/profile.php?id=100086426226253\",\"https:\/\/www.instagram.com\/citygame_com\",\"https:\/\/www.tiktok.com\/@citygamecom\/\",\"https:\/\/www.linkedin.com\/company\/citygame-com\"],\"description\":\"Turn any city into a playground with our interactive City Games and self-guided tours. Fun, flexible, and ideal for groups and team building.\",\"telephone\":[],\"openingHoursSpecification\":[{\"@type\":\"OpeningHoursSpecification\",\"dayOfWeek\":[\"Monday\",\"Tuesday\",\"Wednesday\",\"Thursday\",\"Friday\",\"Saturday\",\"Sunday\"],\"opens\":\"09:00\",\"closes\":\"17:00\"}]},{\"@type\":\"ImageObject\",\"inLanguage\":\"de\",\"@id\":\"https:\/\/testwebsite.citygame.com\/de\/games\/bangkok\/sherlock-holmes-bangkok\/#local-main-organization-logo\",\"url\":\"https:\/\/testwebsite.citygame.com\/wp-content\/blogs.dir\/1\/files\/sites\/62\/2025\/10\/CG_LOGO-City-Game.png\",\"contentUrl\":\"https:\/\/testwebsite.citygame.com\/wp-content\/blogs.dir\/1\/files\/sites\/62\/2025\/10\/CG_LOGO-City-Game.png\",\"width\":351,\"height\":377,\"caption\":\"City Game\"}]}<\/script>\n<!-- \/ Yoast SEO Premium plugin. -->","yoast_head_json":{"title":"Sherlock Holmes Bangkok - City Game","description":"Sherlock Holmes Bangkok. Spielen Sie ein selbstgef\u00fchrtes Krimi-Stadtspiel, l\u00f6sen Sie R\u00e4tsel, folgen Sie Hinweisen und entlarven Sie den M\u00f6rder in Ihrem eigenen Tempo!","robots":{"index":"noindex","follow":"follow","max-snippet":"max-snippet:-1","max-image-preview":"max-image-preview:large","max-video-preview":"max-video-preview:-1"},"og_locale":"de_DE","og_type":"article","og_title":"Sherlock Holmes Bangkok","og_description":"Sherlock Holmes Bangkok. Spielen Sie ein selbstgef\u00fchrtes Krimi-Stadtspiel, l\u00f6sen Sie R\u00e4tsel, folgen Sie Hinweisen und entlarven Sie den M\u00f6rder in Ihrem eigenen Tempo!","og_url":"https:\/\/testwebsite.citygame.com\/de\/games\/bangkok\/sherlock-holmes-bangkok\/","og_site_name":"City Game","article_publisher":"https:\/\/www.facebook.com\/profile.php?id=100086426226253","article_modified_time":"2026-04-07T23:26:55+00:00","og_image":[{"width":1344,"height":768,"url":"https:\/\/testwebsite.citygame.com\/wp-content\/blogs.dir\/1\/files\/sites\/62\/2026\/02\/player-using-sherlock-app-on-a-city-street-in-bangkok.jpg","type":"image\/jpeg"}],"twitter_card":"summary_large_image","schema":{"@context":"https:\/\/schema.org","@graph":[{"@type":"WebPage","@id":"https:\/\/testwebsite.citygame.com\/de\/games\/bangkok\/sherlock-holmes-bangkok\/","url":"https:\/\/testwebsite.citygame.com\/de\/games\/bangkok\/sherlock-holmes-bangkok\/","name":"Sherlock Holmes Bangkok - City Game","isPartOf":{"@id":"https:\/\/testwebsite.upevents.nl\/#website"},"primaryImageOfPage":{"@id":"https:\/\/testwebsite.citygame.com\/de\/games\/bangkok\/sherlock-holmes-bangkok\/#primaryimage"},"image":{"@id":"https:\/\/testwebsite.citygame.com\/de\/games\/bangkok\/sherlock-holmes-bangkok\/#primaryimage"},"thumbnailUrl":"https:\/\/testwebsite.citygame.com\/wp-content\/blogs.dir\/1\/files\/sites\/62\/2026\/02\/player-using-sherlock-app-on-a-city-street-in-bangkok.jpg","datePublished":"2026-02-04T15:05:21+00:00","dateModified":"2026-04-07T23:26:55+00:00","description":"Sherlock Holmes Bangkok. Spielen Sie ein selbstgef\u00fchrtes Krimi-Stadtspiel, l\u00f6sen Sie R\u00e4tsel, folgen Sie Hinweisen und entlarven Sie den M\u00f6rder in Ihrem eigenen Tempo!","breadcrumb":{"@id":"https:\/\/testwebsite.citygame.com\/de\/games\/bangkok\/sherlock-holmes-bangkok\/#breadcrumb"},"inLanguage":"de","potentialAction":[{"@type":"ReadAction","target":["https:\/\/testwebsite.citygame.com\/de\/games\/bangkok\/sherlock-holmes-bangkok\/"]}]},{"@type":"ImageObject","inLanguage":"de","@id":"https:\/\/testwebsite.citygame.com\/de\/games\/bangkok\/sherlock-holmes-bangkok\/#primaryimage","url":"https:\/\/testwebsite.citygame.com\/wp-content\/blogs.dir\/1\/files\/sites\/62\/2026\/02\/player-using-sherlock-app-on-a-city-street-in-bangkok.jpg","contentUrl":"https:\/\/testwebsite.citygame.com\/wp-content\/blogs.dir\/1\/files\/sites\/62\/2026\/02\/player-using-sherlock-app-on-a-city-street-in-bangkok.jpg","width":1344,"height":768,"caption":"A player uses their smartphone to solve challenges in the Sherlock city game."},{"@type":"BreadcrumbList","@id":"https:\/\/testwebsite.citygame.com\/de\/games\/bangkok\/sherlock-holmes-bangkok\/#breadcrumb","itemListElement":[{"@type":"ListItem","position":1,"name":"Home","item":"https:\/\/testwebsite.citygame.com\/de\/"},{"@type":"ListItem","position":2,"name":"Shop","item":"https:\/\/testwebsite.citygame.com\/shop\/"},{"@type":"ListItem","position":3,"name":"Sherlock Holmes Bangkok"}]},{"@type":"WebSite","@id":"https:\/\/testwebsite.upevents.nl\/#website","url":"https:\/\/testwebsite.upevents.nl\/","name":"City Game","description":"","publisher":{"@id":"https:\/\/testwebsite.upevents.nl\/#organization"},"alternateName":"citygame.com","potentialAction":[{"@type":"SearchAction","target":{"@type":"EntryPoint","urlTemplate":"https:\/\/testwebsite.upevents.nl\/?s={search_term_string}"},"query-input":{"@type":"PropertyValueSpecification","valueRequired":true,"valueName":"search_term_string"}}],"inLanguage":"de"},{"@type":["Organization","Place"],"@id":"https:\/\/testwebsite.upevents.nl\/#organization","name":"City Game","alternateName":"citygame.com","url":"https:\/\/testwebsite.upevents.nl\/","logo":{"@id":"https:\/\/testwebsite.citygame.com\/de\/games\/bangkok\/sherlock-holmes-bangkok\/#local-main-organization-logo"},"image":{"@id":"https:\/\/testwebsite.citygame.com\/de\/games\/bangkok\/sherlock-holmes-bangkok\/#local-main-organization-logo"},"sameAs":["https:\/\/www.facebook.com\/profile.php?id=100086426226253","https:\/\/www.instagram.com\/citygame_com","https:\/\/www.tiktok.com\/@citygamecom\/","https:\/\/www.linkedin.com\/company\/citygame-com"],"description":"Turn any city into a playground with our interactive City Games and self-guided tours. Fun, flexible, and ideal for groups and team building.","telephone":[],"openingHoursSpecification":[{"@type":"OpeningHoursSpecification","dayOfWeek":["Monday","Tuesday","Wednesday","Thursday","Friday","Saturday","Sunday"],"opens":"09:00","closes":"17:00"}]},{"@type":"ImageObject","inLanguage":"de","@id":"https:\/\/testwebsite.citygame.com\/de\/games\/bangkok\/sherlock-holmes-bangkok\/#local-main-organization-logo","url":"https:\/\/testwebsite.citygame.com\/wp-content\/blogs.dir\/1\/files\/sites\/62\/2025\/10\/CG_LOGO-City-Game.png","contentUrl":"https:\/\/testwebsite.citygame.com\/wp-content\/blogs.dir\/1\/files\/sites\/62\/2025\/10\/CG_LOGO-City-Game.png","width":351,"height":377,"caption":"City Game"}]}},"taxonomy_info":{"game-concept":[{"value":770,"label":"Sherlock"}],"location":[{"value":76,"label":"Bangkok"}],"product_cat":[{"value":664,"label":"Unkategorisiert"}]},"featured_image_src_large":["https:\/\/testwebsite.citygame.com\/wp-content\/blogs.dir\/1\/files\/sites\/62\/2026\/02\/player-using-sherlock-app-on-a-city-street-in-bangkok-1024x585.jpg",1024,585,true],"author_info":[],"comment_info":"","_links":{"self":[{"href":"https:\/\/testwebsite.citygame.com\/de\/wp-json\/wp\/v2\/product\/56886","targetHints":{"allow":["GET"]}}],"collection":[{"href":"https:\/\/testwebsite.citygame.com\/de\/wp-json\/wp\/v2\/product"}],"about":[{"href":"https:\/\/testwebsite.citygame.com\/de\/wp-json\/wp\/v2\/types\/product"}],"acf:post":[{"embeddable":true,"href":"https:\/\/testwebsite.citygame.com\/de\/wp-json\/wp\/v2\/pages\/4356"}],"wp:featuredmedia":[{"embeddable":true,"href":"https:\/\/testwebsite.citygame.com\/de\/wp-json\/wp\/v2\/media\/10312"}],"wp:attachment":[{"href":"https:\/\/testwebsite.citygame.com\/de\/wp-json\/wp\/v2\/media?parent=56886"}],"wp:term":[{"taxonomy":"game-concept","embeddable":true,"href":"https:\/\/testwebsite.citygame.com\/de\/wp-json\/wp\/v2\/game-concept?post=56886"},{"taxonomy":"location","embeddable":true,"href":"https:\/\/testwebsite.citygame.com\/de\/wp-json\/wp\/v2\/location?post=56886"},{"taxonomy":"product_brand","embeddable":true,"href":"https:\/\/testwebsite.citygame.com\/de\/wp-json\/wp\/v2\/product_brand?post=56886"},{"taxonomy":"product_cat","embeddable":true,"href":"https:\/\/testwebsite.citygame.com\/de\/wp-json\/wp\/v2\/product_cat?post=56886"},{"taxonomy":"product_tag","embeddable":true,"href":"https:\/\/testwebsite.citygame.com\/de\/wp-json\/wp\/v2\/product_tag?post=56886"}],"curies":[{"name":"wp","href":"https:\/\/api.w.org\/{rel}","templated":true}]}}