{"id":56480,"date":"2026-01-27T10:52:37","date_gmt":"2026-01-27T10:52:37","guid":{"rendered":"https:\/\/testwebsite.citygame.com\/games\/unknown-location\/secrets-of-utrecht\/"},"modified":"2026-04-07T22:46:21","modified_gmt":"2026-04-07T22:46:21","slug":"secrets-of-utrecht","status":"publish","type":"product","link":"https:\/\/testwebsite.citygame.com\/de\/games\/utrecht\/secrets-of-utrecht\/","title":{"rendered":"Secrets of Utrecht"},"content":{"rendered":"<p>Das City Game Utrecht ist ein selbstgef\u00fchrtes, GPS-basiertes Spiel, das im historischen Zentrum von Utrecht stattfindet. Mithilfe ihrer Smartphones navigieren Spieler durch die Stra\u00dfen der Stadt, w\u00e4hrend sie in einem fesselnden Erkundungsspiel R\u00e4tsel, Puzzles und Fotoherausforderungen l\u00f6sen. Unterwegs entdecken sie verborgene Details und erhalten Einblicke in Utrechts reiche Geschichte und lokale Kultur. Dieses selbstgef\u00fchrte City Game ist ideal f\u00fcr Besucher, die mehr entdecken m\u00f6chten, sowie f\u00fcr Einheimische, die ihre Stadt aus einer neuen Perspektive sehen wollen. Ob alleine, zu zweit oder in einer Gruppe von Freunden oder Familie spielend, das GPS-basierte Spiel bietet eine flexible und interaktive M\u00f6glichkeit, Utrecht zu erkunden.<\/p>\n","protected":false},"excerpt":{"rendered":"<p><strong data-start='0' data-end='37' data-is-only-node=''>Entdecke Utrechts Heilige Geheimnisse!<\/strong> Schlendere entlang nebliger Kan\u00e4le und unter dem hoch aufragenden Dom hindurch, w\u00e4hrend Kirchenglocken \u00fcber Kopfsteinpflastergassen l\u00e4uten, und tauche ein in eine Stadt, in der mittelalterlicher Glaube auf lebhafte Caf\u00e9s und versteckte Innenh\u00f6fe trifft \u2013 all das, w\u00e4hrend du Papst Hadrian VI. hilfst, den Ring des Fischers zur\u00fcckzugewinnen, der einst sein zerbrechliches Verm\u00e4chtnis besiegelte. Von alten Kreuzg\u00e4ngen bis zu belebten Pl\u00e4tzen zieht dich jeder Hinweis tiefer in Utrechts reiche Vergangenheit, wo Geschichte atmet, fl\u00fcstert und darauf wartet, entdeckt zu werden.<\/p>\n","protected":false},"featured_media":4448,"template":"","meta":{"_acf_changed":false,"_yoast_wpseo_focuskw":"Secrets of Utrecht","_yoast_wpseo_metadesc":"Secrets of Utrecht. Spiele ein selbstgef\u00fchrtes City Game und erkunde die Stadt durch R\u00e4tsel, Puzzles und Herausforderungen. Spiele in deinem eigenen Tempo und entdecke wie ein Einheimischer!","_kad_blocks_custom_css":"","_kad_blocks_head_custom_js":"","_kad_blocks_body_custom_js":"","_kad_blocks_footer_custom_js":"","ghostkit_customizer_options":"","ghostkit_custom_css":"","ghostkit_custom_js_head":"","ghostkit_custom_js_foot":"","ghostkit_typography":"","_kad_post_transparent":"default","_kad_post_title":"","_kad_post_layout":"default","_kad_post_sidebar_id":"","_kad_post_content_style":"default","_kad_post_vertical_padding":"default","_kad_post_feature":"","_kad_post_feature_position":"","_kad_post_header":false,"_kad_post_footer":false,"_kad_post_classname":"","_links_to":"","_links_to_target":""},"game-concept":[709],"location":[410],"product_brand":[],"product_cat":[664],"product_tag":[],"class_list":{"0":"post-56480","1":"product","2":"type-product","3":"status-publish","4":"has-post-thumbnail","6":"game-concept-secrets","7":"location-utrecht","8":"product_cat-unkategorisiert","10":"first","11":"instock","12":"shipping-taxable","13":"purchasable","14":"product-type-simple","15":"entry","16":"content-bg","17":"loop-entry"},"acf":{"full_bokun_product_name":"Self-Guided Secrets of Utrecht Exploration Game","location_name":"Utrecht","bokun_calendar_widget_code":"<script type=\"text\/javascript\" src=\"https:\/\/widgets.bokun.io\/assets\/javascripts\/apps\/build\/BokunWidgetsLoader.js?bookingChannelUUID=a1e93e96-5232-4734-a595-28405f4b5a31\" async><\/script>\n     \n    <div class=\"bokunWidget\" data-src=\"https:\/\/widgets.bokun.io\/online-sales\/a1e93e96-5232-4734-a595-28405f4b5a31\/experience-calendar\/723184\"><\/div>\n    <noscript>Please enable javascript in your browser to book<\/noscript>","bokun_button_widget_code":"<script type=\"text\/javascript\" src=\"https:\/\/widgets.bokun.io\/assets\/javascripts\/apps\/build\/BokunWidgetsLoader.js?bookingChannelUUID=a1e93e96-5232-4734-a595-28405f4b5a31\" async><\/script>\n      <style> #bokun_ed001e45_5927_4f62_b470_ca766338d083 { display: inline-block; padding: .4em 1em; background: #47b82e; border-radius: 999999px; box-shadow: none; font-weight: 600; font-size: 24px; text-decoration: none; text-align: center; color: #FFFFFF; border:none; cursor: pointer; transition: background .2s ease; } #bokun_ed001e45_5927_4f62_b470_ca766338d083:hover{ background: #2f7b1f; } #bokun_ed001e45_5927_4f62_b470_ca766338d083:active{ background: #378f24; } <\/style> <button class=\"bokunButton\" disabled id=bokun_ed001e45_5927_4f62_b470_ca766338d083 data-src=\"https:\/\/widgets.bokun.io\/online-sales\/a1e93e96-5232-4734-a595-28405f4b5a31\/experience-calendar\/723184?partialView=1\" data-testid=\"widget-book-button\" > Book now <\/button> ","what_you\u2019ll_experience_during_the_game":"W\u00e4hrend des Secrets of Utrecht City Games begibst du dich auf eine aufregende Erkundung, die Sightseeing mit einer fesselnden Geschichte und anregenden Herausforderungen verbindet. Die Stadt entfaltet sich als Spielplatz und B\u00fchne zugleich und f\u00fchrt dich durch ikonische Orte sowie versteckte Juwelen in Utrecht. Ob es darum geht, die filigrane Sch\u00f6nheit einer lokalen Kathedrale zu entdecken, den rustikalen Charme einer ruhigen Gasse aufzusaugen oder ein verehrtes Museum zu bestaunen, dein Abenteuer verspricht eine reiche Mischung aus Entdeckung und Interaktion.\n\nDas Spielen des Games bedeutet nicht nur, Utrecht zu erkunden, sondern tief in eine Welt kniffliger R\u00e4tsel, merkw\u00fcrdiger Denksportaufgaben, nachdenklich stimmender Fragen und lustiger Fotoherausforderungen einzutauchen. Diese Aufgaben sind Teil deiner Reise und helfen dir, Punkte zu sammeln, hilfreiche Hinweise freizuschalten und der L\u00f6sung eines fesselnden letzten Mysteriums n\u00e4herzukommen. Wettbewerb ist Teil des Spa\u00dfes, mit der M\u00f6glichkeit, die Bestenliste f\u00fcr diejenigen zu erklimmen, die den Wettstreit lieben. Und das Beste daran ist, dass das Spiel flexibel an deinen Zeitplan angepasst werden kann, was bedeutet, dass du jederzeit pausieren und das Abenteuer fortsetzen kannst, wann immer du m\u00f6chtest. Tauche ein in ein unvergessliches Erkundungsspielerlebnis mit dem Secrets of Utrecht City Game.","how_to_play":"Buche das Erkundungsspiel, \u00fcberpr\u00fcfe die E-Mail, die wir dir mit den einfachen Anweisungen senden, lade die Loquiz App herunter, greife auf das Erkundungsspiel zu und schon bist du bereit, dein Spielerlebnis zu beginnen!","start_location":"Utrecht, Stadhuisplein","available_languages":["en","nl","de"],"players_per_group":"1-4","duration":"1.5-2 hours","image_overlay_color_image":"https:\/\/testwebsite.citygame.com\/wp-content\/blogs.dir\/1\/files\/sites\/62\/2026\/01\/SecretsColor.svg","image_overlay_game_logo":"https:\/\/testwebsite.citygame.com\/wp-content\/blogs.dir\/1\/files\/sites\/62\/2026\/01\/SecretsLogo.png","city_page":4438,"woocommerce_general_content":null},"yoast_head":"<!-- This site is optimized with the Yoast SEO Premium plugin v26.2 (Yoast SEO v26.3) - https:\/\/yoast.com\/wordpress\/plugins\/seo\/ -->\n<title>Secrets of Utrecht - City Game<\/title>\n<meta name=\"description\" content=\"Secrets of Utrecht. Spiele ein selbstgef\u00fchrtes City Game und erkunde die Stadt durch R\u00e4tsel, Puzzles und Herausforderungen. Spiele in deinem eigenen Tempo und entdecke wie ein Einheimischer!\" \/>\n<meta name=\"robots\" content=\"noindex, follow, max-snippet:-1, max-image-preview:large, max-video-preview:-1\" \/>\n<meta property=\"og:locale\" content=\"de_DE\" \/>\n<meta property=\"og:type\" content=\"article\" \/>\n<meta property=\"og:title\" content=\"Secrets of Utrecht\" \/>\n<meta property=\"og:description\" content=\"Secrets of Utrecht. Spiele ein selbstgef\u00fchrtes City Game und erkunde die Stadt durch R\u00e4tsel, Puzzles und Herausforderungen. Spiele in deinem eigenen Tempo und entdecke wie ein Einheimischer!\" \/>\n<meta property=\"og:url\" content=\"https:\/\/testwebsite.citygame.com\/de\/games\/utrecht\/secrets-of-utrecht\/\" \/>\n<meta property=\"og:site_name\" content=\"City Game\" \/>\n<meta property=\"article:publisher\" content=\"https:\/\/www.facebook.com\/profile.php?id=100086426226253\" \/>\n<meta property=\"article:modified_time\" content=\"2026-04-07T22:46:21+00:00\" \/>\n<meta property=\"og:image\" content=\"https:\/\/testwebsite.citygame.com\/wp-content\/blogs.dir\/1\/files\/sites\/62\/2026\/01\/utrecht-city-game-player-phone-street.jpg\" \/>\n\t<meta property=\"og:image:width\" content=\"704\" \/>\n\t<meta property=\"og:image:height\" content=\"1472\" \/>\n\t<meta property=\"og:image:type\" content=\"image\/jpeg\" \/>\n<meta name=\"twitter:card\" content=\"summary_large_image\" \/>\n<meta name=\"twitter:label1\" content=\"Gesch\u00e4tzte Lesezeit\" \/>\n\t<meta name=\"twitter:data1\" content=\"1\u00a0Minute\" \/>\n<script type=\"application\/ld+json\" class=\"yoast-schema-graph\">{\"@context\":\"https:\/\/schema.org\",\"@graph\":[{\"@type\":\"WebPage\",\"@id\":\"https:\/\/testwebsite.citygame.com\/de\/games\/utrecht\/secrets-of-utrecht\/\",\"url\":\"https:\/\/testwebsite.citygame.com\/de\/games\/utrecht\/secrets-of-utrecht\/\",\"name\":\"Secrets of Utrecht - City Game\",\"isPartOf\":{\"@id\":\"https:\/\/testwebsite.upevents.nl\/#website\"},\"primaryImageOfPage\":{\"@id\":\"https:\/\/testwebsite.citygame.com\/de\/games\/utrecht\/secrets-of-utrecht\/#primaryimage\"},\"image\":{\"@id\":\"https:\/\/testwebsite.citygame.com\/de\/games\/utrecht\/secrets-of-utrecht\/#primaryimage\"},\"thumbnailUrl\":\"https:\/\/testwebsite.citygame.com\/wp-content\/blogs.dir\/1\/files\/sites\/62\/2026\/01\/utrecht-city-game-player-phone-street.jpg\",\"datePublished\":\"2026-01-27T10:52:37+00:00\",\"dateModified\":\"2026-04-07T22:46:21+00:00\",\"description\":\"Secrets of Utrecht. Spiele ein selbstgef\u00fchrtes City Game und erkunde die Stadt durch R\u00e4tsel, Puzzles und Herausforderungen. Spiele in deinem eigenen Tempo und entdecke wie ein Einheimischer!\",\"breadcrumb\":{\"@id\":\"https:\/\/testwebsite.citygame.com\/de\/games\/utrecht\/secrets-of-utrecht\/#breadcrumb\"},\"inLanguage\":\"de\",\"potentialAction\":[{\"@type\":\"ReadAction\",\"target\":[\"https:\/\/testwebsite.citygame.com\/de\/games\/utrecht\/secrets-of-utrecht\/\"]}]},{\"@type\":\"ImageObject\",\"inLanguage\":\"de\",\"@id\":\"https:\/\/testwebsite.citygame.com\/de\/games\/utrecht\/secrets-of-utrecht\/#primaryimage\",\"url\":\"https:\/\/testwebsite.citygame.com\/wp-content\/blogs.dir\/1\/files\/sites\/62\/2026\/01\/utrecht-city-game-player-phone-street.jpg\",\"contentUrl\":\"https:\/\/testwebsite.citygame.com\/wp-content\/blogs.dir\/1\/files\/sites\/62\/2026\/01\/utrecht-city-game-player-phone-street.jpg\",\"width\":704,\"height\":1472,\"caption\":\"A player uses their smartphone to navigate and solve challenges on a street in Utrecht.\"},{\"@type\":\"BreadcrumbList\",\"@id\":\"https:\/\/testwebsite.citygame.com\/de\/games\/utrecht\/secrets-of-utrecht\/#breadcrumb\",\"itemListElement\":[{\"@type\":\"ListItem\",\"position\":1,\"name\":\"Home\",\"item\":\"https:\/\/testwebsite.citygame.com\/de\/\"},{\"@type\":\"ListItem\",\"position\":2,\"name\":\"Shop\",\"item\":\"https:\/\/testwebsite.citygame.com\/shop\/\"},{\"@type\":\"ListItem\",\"position\":3,\"name\":\"Secrets of Utrecht\"}]},{\"@type\":\"WebSite\",\"@id\":\"https:\/\/testwebsite.upevents.nl\/#website\",\"url\":\"https:\/\/testwebsite.upevents.nl\/\",\"name\":\"City Game\",\"description\":\"\",\"publisher\":{\"@id\":\"https:\/\/testwebsite.upevents.nl\/#organization\"},\"alternateName\":\"citygame.com\",\"potentialAction\":[{\"@type\":\"SearchAction\",\"target\":{\"@type\":\"EntryPoint\",\"urlTemplate\":\"https:\/\/testwebsite.upevents.nl\/?s={search_term_string}\"},\"query-input\":{\"@type\":\"PropertyValueSpecification\",\"valueRequired\":true,\"valueName\":\"search_term_string\"}}],\"inLanguage\":\"de\"},{\"@type\":[\"Organization\",\"Place\"],\"@id\":\"https:\/\/testwebsite.upevents.nl\/#organization\",\"name\":\"City Game\",\"alternateName\":\"citygame.com\",\"url\":\"https:\/\/testwebsite.upevents.nl\/\",\"logo\":{\"@id\":\"https:\/\/testwebsite.citygame.com\/de\/games\/utrecht\/secrets-of-utrecht\/#local-main-organization-logo\"},\"image\":{\"@id\":\"https:\/\/testwebsite.citygame.com\/de\/games\/utrecht\/secrets-of-utrecht\/#local-main-organization-logo\"},\"sameAs\":[\"https:\/\/www.facebook.com\/profile.php?id=100086426226253\",\"https:\/\/www.instagram.com\/citygame_com\",\"https:\/\/www.tiktok.com\/@citygamecom\/\",\"https:\/\/www.linkedin.com\/company\/citygame-com\"],\"description\":\"Turn any city into a playground with our interactive City Games and self-guided tours. Fun, flexible, and ideal for groups and team building.\",\"telephone\":[],\"openingHoursSpecification\":[{\"@type\":\"OpeningHoursSpecification\",\"dayOfWeek\":[\"Monday\",\"Tuesday\",\"Wednesday\",\"Thursday\",\"Friday\",\"Saturday\",\"Sunday\"],\"opens\":\"09:00\",\"closes\":\"17:00\"}]},{\"@type\":\"ImageObject\",\"inLanguage\":\"de\",\"@id\":\"https:\/\/testwebsite.citygame.com\/de\/games\/utrecht\/secrets-of-utrecht\/#local-main-organization-logo\",\"url\":\"https:\/\/testwebsite.citygame.com\/wp-content\/blogs.dir\/1\/files\/sites\/62\/2025\/10\/CG_LOGO-City-Game.png\",\"contentUrl\":\"https:\/\/testwebsite.citygame.com\/wp-content\/blogs.dir\/1\/files\/sites\/62\/2025\/10\/CG_LOGO-City-Game.png\",\"width\":351,\"height\":377,\"caption\":\"City Game\"}]}<\/script>\n<!-- \/ Yoast SEO Premium plugin. -->","yoast_head_json":{"title":"Secrets of Utrecht - City Game","description":"Secrets of Utrecht. Spiele ein selbstgef\u00fchrtes City Game und erkunde die Stadt durch R\u00e4tsel, Puzzles und Herausforderungen. Spiele in deinem eigenen Tempo und entdecke wie ein Einheimischer!","robots":{"index":"noindex","follow":"follow","max-snippet":"max-snippet:-1","max-image-preview":"max-image-preview:large","max-video-preview":"max-video-preview:-1"},"og_locale":"de_DE","og_type":"article","og_title":"Secrets of Utrecht","og_description":"Secrets of Utrecht. Spiele ein selbstgef\u00fchrtes City Game und erkunde die Stadt durch R\u00e4tsel, Puzzles und Herausforderungen. Spiele in deinem eigenen Tempo und entdecke wie ein Einheimischer!","og_url":"https:\/\/testwebsite.citygame.com\/de\/games\/utrecht\/secrets-of-utrecht\/","og_site_name":"City Game","article_publisher":"https:\/\/www.facebook.com\/profile.php?id=100086426226253","article_modified_time":"2026-04-07T22:46:21+00:00","og_image":[{"width":704,"height":1472,"url":"https:\/\/testwebsite.citygame.com\/wp-content\/blogs.dir\/1\/files\/sites\/62\/2026\/01\/utrecht-city-game-player-phone-street.jpg","type":"image\/jpeg"}],"twitter_card":"summary_large_image","twitter_misc":{"Gesch\u00e4tzte Lesezeit":"1\u00a0Minute"},"schema":{"@context":"https:\/\/schema.org","@graph":[{"@type":"WebPage","@id":"https:\/\/testwebsite.citygame.com\/de\/games\/utrecht\/secrets-of-utrecht\/","url":"https:\/\/testwebsite.citygame.com\/de\/games\/utrecht\/secrets-of-utrecht\/","name":"Secrets of Utrecht - City Game","isPartOf":{"@id":"https:\/\/testwebsite.upevents.nl\/#website"},"primaryImageOfPage":{"@id":"https:\/\/testwebsite.citygame.com\/de\/games\/utrecht\/secrets-of-utrecht\/#primaryimage"},"image":{"@id":"https:\/\/testwebsite.citygame.com\/de\/games\/utrecht\/secrets-of-utrecht\/#primaryimage"},"thumbnailUrl":"https:\/\/testwebsite.citygame.com\/wp-content\/blogs.dir\/1\/files\/sites\/62\/2026\/01\/utrecht-city-game-player-phone-street.jpg","datePublished":"2026-01-27T10:52:37+00:00","dateModified":"2026-04-07T22:46:21+00:00","description":"Secrets of Utrecht. Spiele ein selbstgef\u00fchrtes City Game und erkunde die Stadt durch R\u00e4tsel, Puzzles und Herausforderungen. Spiele in deinem eigenen Tempo und entdecke wie ein Einheimischer!","breadcrumb":{"@id":"https:\/\/testwebsite.citygame.com\/de\/games\/utrecht\/secrets-of-utrecht\/#breadcrumb"},"inLanguage":"de","potentialAction":[{"@type":"ReadAction","target":["https:\/\/testwebsite.citygame.com\/de\/games\/utrecht\/secrets-of-utrecht\/"]}]},{"@type":"ImageObject","inLanguage":"de","@id":"https:\/\/testwebsite.citygame.com\/de\/games\/utrecht\/secrets-of-utrecht\/#primaryimage","url":"https:\/\/testwebsite.citygame.com\/wp-content\/blogs.dir\/1\/files\/sites\/62\/2026\/01\/utrecht-city-game-player-phone-street.jpg","contentUrl":"https:\/\/testwebsite.citygame.com\/wp-content\/blogs.dir\/1\/files\/sites\/62\/2026\/01\/utrecht-city-game-player-phone-street.jpg","width":704,"height":1472,"caption":"A player uses their smartphone to navigate and solve challenges on a street in Utrecht."},{"@type":"BreadcrumbList","@id":"https:\/\/testwebsite.citygame.com\/de\/games\/utrecht\/secrets-of-utrecht\/#breadcrumb","itemListElement":[{"@type":"ListItem","position":1,"name":"Home","item":"https:\/\/testwebsite.citygame.com\/de\/"},{"@type":"ListItem","position":2,"name":"Shop","item":"https:\/\/testwebsite.citygame.com\/shop\/"},{"@type":"ListItem","position":3,"name":"Secrets of Utrecht"}]},{"@type":"WebSite","@id":"https:\/\/testwebsite.upevents.nl\/#website","url":"https:\/\/testwebsite.upevents.nl\/","name":"City Game","description":"","publisher":{"@id":"https:\/\/testwebsite.upevents.nl\/#organization"},"alternateName":"citygame.com","potentialAction":[{"@type":"SearchAction","target":{"@type":"EntryPoint","urlTemplate":"https:\/\/testwebsite.upevents.nl\/?s={search_term_string}"},"query-input":{"@type":"PropertyValueSpecification","valueRequired":true,"valueName":"search_term_string"}}],"inLanguage":"de"},{"@type":["Organization","Place"],"@id":"https:\/\/testwebsite.upevents.nl\/#organization","name":"City Game","alternateName":"citygame.com","url":"https:\/\/testwebsite.upevents.nl\/","logo":{"@id":"https:\/\/testwebsite.citygame.com\/de\/games\/utrecht\/secrets-of-utrecht\/#local-main-organization-logo"},"image":{"@id":"https:\/\/testwebsite.citygame.com\/de\/games\/utrecht\/secrets-of-utrecht\/#local-main-organization-logo"},"sameAs":["https:\/\/www.facebook.com\/profile.php?id=100086426226253","https:\/\/www.instagram.com\/citygame_com","https:\/\/www.tiktok.com\/@citygamecom\/","https:\/\/www.linkedin.com\/company\/citygame-com"],"description":"Turn any city into a playground with our interactive City Games and self-guided tours. Fun, flexible, and ideal for groups and team building.","telephone":[],"openingHoursSpecification":[{"@type":"OpeningHoursSpecification","dayOfWeek":["Monday","Tuesday","Wednesday","Thursday","Friday","Saturday","Sunday"],"opens":"09:00","closes":"17:00"}]},{"@type":"ImageObject","inLanguage":"de","@id":"https:\/\/testwebsite.citygame.com\/de\/games\/utrecht\/secrets-of-utrecht\/#local-main-organization-logo","url":"https:\/\/testwebsite.citygame.com\/wp-content\/blogs.dir\/1\/files\/sites\/62\/2025\/10\/CG_LOGO-City-Game.png","contentUrl":"https:\/\/testwebsite.citygame.com\/wp-content\/blogs.dir\/1\/files\/sites\/62\/2025\/10\/CG_LOGO-City-Game.png","width":351,"height":377,"caption":"City Game"}]}},"taxonomy_info":{"game-concept":[{"value":709,"label":"Secrets"}],"location":[{"value":410,"label":"Utrecht"}],"product_cat":[{"value":664,"label":"Unkategorisiert"}]},"featured_image_src_large":["https:\/\/testwebsite.citygame.com\/wp-content\/blogs.dir\/1\/files\/sites\/62\/2026\/01\/utrecht-city-game-player-phone-street-490x1024.jpg",490,1024,true],"author_info":[],"comment_info":"","_links":{"self":[{"href":"https:\/\/testwebsite.citygame.com\/de\/wp-json\/wp\/v2\/product\/56480","targetHints":{"allow":["GET"]}}],"collection":[{"href":"https:\/\/testwebsite.citygame.com\/de\/wp-json\/wp\/v2\/product"}],"about":[{"href":"https:\/\/testwebsite.citygame.com\/de\/wp-json\/wp\/v2\/types\/product"}],"acf:post":[{"embeddable":true,"href":"https:\/\/testwebsite.citygame.com\/de\/wp-json\/wp\/v2\/pages\/4438"}],"wp:featuredmedia":[{"embeddable":true,"href":"https:\/\/testwebsite.citygame.com\/de\/wp-json\/wp\/v2\/media\/4448"}],"wp:attachment":[{"href":"https:\/\/testwebsite.citygame.com\/de\/wp-json\/wp\/v2\/media?parent=56480"}],"wp:term":[{"taxonomy":"game-concept","embeddable":true,"href":"https:\/\/testwebsite.citygame.com\/de\/wp-json\/wp\/v2\/game-concept?post=56480"},{"taxonomy":"location","embeddable":true,"href":"https:\/\/testwebsite.citygame.com\/de\/wp-json\/wp\/v2\/location?post=56480"},{"taxonomy":"product_brand","embeddable":true,"href":"https:\/\/testwebsite.citygame.com\/de\/wp-json\/wp\/v2\/product_brand?post=56480"},{"taxonomy":"product_cat","embeddable":true,"href":"https:\/\/testwebsite.citygame.com\/de\/wp-json\/wp\/v2\/product_cat?post=56480"},{"taxonomy":"product_tag","embeddable":true,"href":"https:\/\/testwebsite.citygame.com\/de\/wp-json\/wp\/v2\/product_tag?post=56480"}],"curies":[{"name":"wp","href":"https:\/\/api.w.org\/{rel}","templated":true}]}}