{"id":55862,"date":"2026-02-13T15:40:24","date_gmt":"2026-02-13T15:40:24","guid":{"rendered":"https:\/\/testwebsite.citygame.com\/games\/unknown-location\/the-arnhem-syndicate\/"},"modified":"2026-04-07T21:40:22","modified_gmt":"2026-04-07T21:40:22","slug":"the-arnhem-syndicate","status":"publish","type":"product","link":"https:\/\/testwebsite.citygame.com\/de\/games\/arnhem\/the-arnhem-syndicate\/","title":{"rendered":"The Arnhem Syndicate"},"content":{"rendered":"<p>The Arnhem Syndicate ist ein selbstgef\u00fchrtes City Escape Game in Arnhem, das im Stadtzentrum von Arnhem stattfindet. In diesem missionsgetriebenen City Game in Arnhem arbeiten die Spieler zusammen, um den schwer fassbaren Verbrecher Magnus aufzusp\u00fcren und sechs gestohlene Formeln zur\u00fcckzugewinnen, indem sie Schritt f\u00fcr Schritt eine storybasierte Herausforderung durchlaufen. Mit Teamwork im Mittelpunkt bietet das selbstgef\u00fchrte Stadtspiel R\u00e4tsel, Aufgaben und kollaborative Entscheidungen, w\u00e4hrend die Spieler die sich entfaltende Erz\u00e4hlung vorantreiben.<\/p>\n","protected":false},"excerpt":{"rendered":"<p>Tauchen Sie ein ins Herz von Arnhem in diesem selbstgef\u00fchrten City Escape Game. Folgen Sie der Spur von Hinweisen, arbeiten Sie mit Ihrem Team zusammen, um spannende R\u00e4tsel zu l\u00f6sen, und l\u00fcften Sie die Wahrheit unter Zeitdruck!<\/p>\n","protected":false},"featured_media":13640,"template":"","meta":{"_acf_changed":false,"_yoast_wpseo_focuskw":"The Arnhem Syndicate","_yoast_wpseo_metadesc":"The Arnhem Syndicate. Spielen Sie ein selbstgef\u00fchrtes City Escape Game, l\u00f6sen Sie R\u00e4tsel, erf\u00fcllen Sie Missionen und stellen Sie die gestohlenen Formeln in Ihrem eigenen Tempo wieder her!","_kad_blocks_custom_css":"","_kad_blocks_head_custom_js":"","_kad_blocks_body_custom_js":"","_kad_blocks_footer_custom_js":"","ghostkit_customizer_options":"","ghostkit_custom_css":"","ghostkit_custom_js_head":"","ghostkit_custom_js_foot":"","ghostkit_typography":"","_kad_post_transparent":"default","_kad_post_title":"","_kad_post_layout":"default","_kad_post_sidebar_id":"","_kad_post_content_style":"default","_kad_post_vertical_padding":"default","_kad_post_feature":"","_kad_post_feature_position":"","_kad_post_header":false,"_kad_post_footer":false,"_kad_post_classname":"","_links_to":"","_links_to_target":""},"game-concept":[739],"location":[71],"product_brand":[],"product_cat":[664],"product_tag":[],"class_list":{"0":"post-55862","1":"product","2":"type-product","3":"status-publish","4":"has-post-thumbnail","6":"game-concept-syndicate","7":"location-arnhem","8":"product_cat-unkategorisiert","10":"first","11":"instock","12":"shipping-taxable","13":"purchasable","14":"product-type-simple","15":"entry","16":"content-bg","17":"loop-entry"},"acf":{"full_bokun_product_name":"Self-Guided The Arnhem Syndicate City Escape Game","location_name":"Arnhem","bokun_calendar_widget_code":"<script type=\"text\/javascript\" src=\"https:\/\/widgets.bokun.io\/assets\/javascripts\/apps\/build\/BokunWidgetsLoader.js?bookingChannelUUID=a1e93e96-5232-4734-a595-28405f4b5a31\" async><\/script>\n     \n    <div class=\"bokunWidget\" data-src=\"https:\/\/widgets.bokun.io\/online-sales\/a1e93e96-5232-4734-a595-28405f4b5a31\/experience-calendar\/773740\"><\/div>\n    <noscript>Please enable javascript in your browser to book<\/noscript>","bokun_button_widget_code":"<script type=\"text\/javascript\" src=\"https:\/\/widgets.bokun.io\/assets\/javascripts\/apps\/build\/BokunWidgetsLoader.js?bookingChannelUUID=a1e93e96-5232-4734-a595-28405f4b5a31\" async><\/script>\n      <style> #bokun_ed001e45_5927_4f62_b470_ca766338d083 { display: inline-block; padding: .4em 1em; background: #47b82e; border-radius: 999999px; box-shadow: none; font-weight: 600; font-size: 24px; text-decoration: none; text-align: center; color: #FFFFFF; border:none; cursor: pointer; transition: background .2s ease; } #bokun_ed001e45_5927_4f62_b470_ca766338d083:hover{ background: #2f7b1f; } #bokun_ed001e45_5927_4f62_b470_ca766338d083:active{ background: #378f24; } <\/style> <button class=\"bokunButton\" disabled id=bokun_ed001e45_5927_4f62_b470_ca766338d083 data-src=\"https:\/\/widgets.bokun.io\/online-sales\/a1e93e96-5232-4734-a595-28405f4b5a31\/experience-calendar\/773740?partialView=1\" data-testid=\"widget-book-button\" > Book now <\/button> ","what_you\u2019ll_experience_during_the_game":"Bereiten Sie sich darauf vor, in eine hochriskante Fluchtmission im Herzen von Arnhem verwickelt zu werden. Als Teil einer Elite-Undercover-Einheit ist es Ihre Aufgabe, die schwer fassbare Figur namens Magnus aufzusp\u00fcren und sechs gestohlene Formeln zur\u00fcckzugewinnen, bevor sie f\u00fcr immer verschwinden. Die Mission entfaltet sich allm\u00e4hlich, w\u00e4hrend Sie sich durch die Stadt bewegen, wobei sich neue Ziele offenbaren und Entscheidungen Ihren weiteren Weg beeinflussen.\r\n\r\nErwarten Sie eine Reihe von storybasierten Herausforderungen, die Teamwork, klare Kommunikation und schnelle Entscheidungen erfordern. Vom Entschl\u00fcsseln codierter Nachrichten bis zum Abschlie\u00dfen von zeitgesteuerten Aufgaben \u2013 jeder Schritt bringt Ihr Team n\u00e4her daran, das Gesamtbild aufzudecken. Das Erlebnis ist auf Flexibilit\u00e4t ausgelegt, sodass Sie jederzeit pausieren und fortsetzen k\u00f6nnen, w\u00e4hrend Sie vollst\u00e4ndig in die sich entfaltende Operation eintauchen. Arnhem ist nicht nur eine Kulisse, sondern ein aktiver Teil der Mission, der Sie in das Zentrum einer spannenden Verfolgungsjagd stellt.","how_to_play":"Buchen Sie das City Game, pr\u00fcfen Sie die E-Mail, die wir Ihnen mit den Anweisungen senden, laden Sie die Loquiz App herunter und beginnen Sie Ihr Spielerlebnis!","start_location":"Arnhem, Kerkplein","available_languages":["nl","en"],"players_per_group":"1-4","duration":"1.5-2 hours","image_overlay_color_image":"https:\/\/testwebsite.citygame.com\/wp-content\/blogs.dir\/1\/files\/sites\/62\/2026\/01\/SyndicateColor.svg","image_overlay_game_logo":"https:\/\/testwebsite.citygame.com\/wp-content\/blogs.dir\/1\/files\/sites\/62\/2026\/01\/SyndicateLogo.png","city_page":4492,"woocommerce_general_content":null},"yoast_head":"<!-- This site is optimized with the Yoast SEO Premium plugin v26.2 (Yoast SEO v26.3) - https:\/\/yoast.com\/wordpress\/plugins\/seo\/ -->\n<title>The Arnhem Syndicate - City Game<\/title>\n<meta name=\"description\" content=\"The Arnhem Syndicate. Spielen Sie ein selbstgef\u00fchrtes City Escape Game, l\u00f6sen Sie R\u00e4tsel, erf\u00fcllen Sie Missionen und stellen Sie die gestohlenen Formeln in Ihrem eigenen Tempo wieder her!\" \/>\n<meta name=\"robots\" content=\"noindex, follow, max-snippet:-1, max-image-preview:large, max-video-preview:-1\" \/>\n<meta property=\"og:locale\" content=\"de_DE\" \/>\n<meta property=\"og:type\" content=\"article\" \/>\n<meta property=\"og:title\" content=\"The Arnhem Syndicate\" \/>\n<meta property=\"og:description\" content=\"The Arnhem Syndicate. Spielen Sie ein selbstgef\u00fchrtes City Escape Game, l\u00f6sen Sie R\u00e4tsel, erf\u00fcllen Sie Missionen und stellen Sie die gestohlenen Formeln in Ihrem eigenen Tempo wieder her!\" \/>\n<meta property=\"og:url\" content=\"https:\/\/testwebsite.citygame.com\/de\/games\/arnhem\/the-arnhem-syndicate\/\" \/>\n<meta property=\"og:site_name\" content=\"City Game\" \/>\n<meta property=\"article:publisher\" content=\"https:\/\/www.facebook.com\/profile.php?id=100086426226253\" \/>\n<meta property=\"article:modified_time\" content=\"2026-04-07T21:40:22+00:00\" \/>\n<meta property=\"og:image\" content=\"https:\/\/testwebsite.citygame.com\/wp-content\/blogs.dir\/1\/files\/sites\/62\/2026\/02\/group-of-friends-playing-city-game-eusebius-church-arnhem.jpg\" \/>\n\t<meta property=\"og:image:width\" content=\"1024\" \/>\n\t<meta property=\"og:image:height\" content=\"1024\" \/>\n\t<meta property=\"og:image:type\" content=\"image\/jpeg\" \/>\n<meta name=\"twitter:card\" content=\"summary_large_image\" \/>\n<script type=\"application\/ld+json\" class=\"yoast-schema-graph\">{\"@context\":\"https:\/\/schema.org\",\"@graph\":[{\"@type\":\"WebPage\",\"@id\":\"https:\/\/testwebsite.citygame.com\/de\/games\/arnhem\/the-arnhem-syndicate\/\",\"url\":\"https:\/\/testwebsite.citygame.com\/de\/games\/arnhem\/the-arnhem-syndicate\/\",\"name\":\"The Arnhem Syndicate - City Game\",\"isPartOf\":{\"@id\":\"https:\/\/testwebsite.upevents.nl\/#website\"},\"primaryImageOfPage\":{\"@id\":\"https:\/\/testwebsite.citygame.com\/de\/games\/arnhem\/the-arnhem-syndicate\/#primaryimage\"},\"image\":{\"@id\":\"https:\/\/testwebsite.citygame.com\/de\/games\/arnhem\/the-arnhem-syndicate\/#primaryimage\"},\"thumbnailUrl\":\"https:\/\/testwebsite.citygame.com\/wp-content\/blogs.dir\/1\/files\/sites\/62\/2026\/02\/group-of-friends-playing-city-game-eusebius-church-arnhem.jpg\",\"datePublished\":\"2026-02-13T15:40:24+00:00\",\"dateModified\":\"2026-04-07T21:40:22+00:00\",\"description\":\"The Arnhem Syndicate. Spielen Sie ein selbstgef\u00fchrtes City Escape Game, l\u00f6sen Sie R\u00e4tsel, erf\u00fcllen Sie Missionen und stellen Sie die gestohlenen Formeln in Ihrem eigenen Tempo wieder her!\",\"breadcrumb\":{\"@id\":\"https:\/\/testwebsite.citygame.com\/de\/games\/arnhem\/the-arnhem-syndicate\/#breadcrumb\"},\"inLanguage\":\"de\",\"potentialAction\":[{\"@type\":\"ReadAction\",\"target\":[\"https:\/\/testwebsite.citygame.com\/de\/games\/arnhem\/the-arnhem-syndicate\/\"]}]},{\"@type\":\"ImageObject\",\"inLanguage\":\"de\",\"@id\":\"https:\/\/testwebsite.citygame.com\/de\/games\/arnhem\/the-arnhem-syndicate\/#primaryimage\",\"url\":\"https:\/\/testwebsite.citygame.com\/wp-content\/blogs.dir\/1\/files\/sites\/62\/2026\/02\/group-of-friends-playing-city-game-eusebius-church-arnhem.jpg\",\"contentUrl\":\"https:\/\/testwebsite.citygame.com\/wp-content\/blogs.dir\/1\/files\/sites\/62\/2026\/02\/group-of-friends-playing-city-game-eusebius-church-arnhem.jpg\",\"width\":1024,\"height\":1024,\"caption\":\"A group of friends collaborate while playing an interactive city game in the center of Arnhem.\"},{\"@type\":\"BreadcrumbList\",\"@id\":\"https:\/\/testwebsite.citygame.com\/de\/games\/arnhem\/the-arnhem-syndicate\/#breadcrumb\",\"itemListElement\":[{\"@type\":\"ListItem\",\"position\":1,\"name\":\"Home\",\"item\":\"https:\/\/testwebsite.citygame.com\/de\/\"},{\"@type\":\"ListItem\",\"position\":2,\"name\":\"Shop\",\"item\":\"https:\/\/testwebsite.citygame.com\/shop\/\"},{\"@type\":\"ListItem\",\"position\":3,\"name\":\"The Arnhem Syndicate\"}]},{\"@type\":\"WebSite\",\"@id\":\"https:\/\/testwebsite.upevents.nl\/#website\",\"url\":\"https:\/\/testwebsite.upevents.nl\/\",\"name\":\"City Game\",\"description\":\"\",\"publisher\":{\"@id\":\"https:\/\/testwebsite.upevents.nl\/#organization\"},\"alternateName\":\"citygame.com\",\"potentialAction\":[{\"@type\":\"SearchAction\",\"target\":{\"@type\":\"EntryPoint\",\"urlTemplate\":\"https:\/\/testwebsite.upevents.nl\/?s={search_term_string}\"},\"query-input\":{\"@type\":\"PropertyValueSpecification\",\"valueRequired\":true,\"valueName\":\"search_term_string\"}}],\"inLanguage\":\"de\"},{\"@type\":[\"Organization\",\"Place\"],\"@id\":\"https:\/\/testwebsite.upevents.nl\/#organization\",\"name\":\"City Game\",\"alternateName\":\"citygame.com\",\"url\":\"https:\/\/testwebsite.upevents.nl\/\",\"logo\":{\"@id\":\"https:\/\/testwebsite.citygame.com\/de\/games\/arnhem\/the-arnhem-syndicate\/#local-main-organization-logo\"},\"image\":{\"@id\":\"https:\/\/testwebsite.citygame.com\/de\/games\/arnhem\/the-arnhem-syndicate\/#local-main-organization-logo\"},\"sameAs\":[\"https:\/\/www.facebook.com\/profile.php?id=100086426226253\",\"https:\/\/www.instagram.com\/citygame_com\",\"https:\/\/www.tiktok.com\/@citygamecom\/\",\"https:\/\/www.linkedin.com\/company\/citygame-com\"],\"description\":\"Turn any city into a playground with our interactive City Games and self-guided tours. Fun, flexible, and ideal for groups and team building.\",\"telephone\":[],\"openingHoursSpecification\":[{\"@type\":\"OpeningHoursSpecification\",\"dayOfWeek\":[\"Monday\",\"Tuesday\",\"Wednesday\",\"Thursday\",\"Friday\",\"Saturday\",\"Sunday\"],\"opens\":\"09:00\",\"closes\":\"17:00\"}]},{\"@type\":\"ImageObject\",\"inLanguage\":\"de\",\"@id\":\"https:\/\/testwebsite.citygame.com\/de\/games\/arnhem\/the-arnhem-syndicate\/#local-main-organization-logo\",\"url\":\"https:\/\/testwebsite.citygame.com\/wp-content\/blogs.dir\/1\/files\/sites\/62\/2025\/10\/CG_LOGO-City-Game.png\",\"contentUrl\":\"https:\/\/testwebsite.citygame.com\/wp-content\/blogs.dir\/1\/files\/sites\/62\/2025\/10\/CG_LOGO-City-Game.png\",\"width\":351,\"height\":377,\"caption\":\"City Game\"}]}<\/script>\n<!-- \/ Yoast SEO Premium plugin. -->","yoast_head_json":{"title":"The Arnhem Syndicate - City Game","description":"The Arnhem Syndicate. Spielen Sie ein selbstgef\u00fchrtes City Escape Game, l\u00f6sen Sie R\u00e4tsel, erf\u00fcllen Sie Missionen und stellen Sie die gestohlenen Formeln in Ihrem eigenen Tempo wieder her!","robots":{"index":"noindex","follow":"follow","max-snippet":"max-snippet:-1","max-image-preview":"max-image-preview:large","max-video-preview":"max-video-preview:-1"},"og_locale":"de_DE","og_type":"article","og_title":"The Arnhem Syndicate","og_description":"The Arnhem Syndicate. Spielen Sie ein selbstgef\u00fchrtes City Escape Game, l\u00f6sen Sie R\u00e4tsel, erf\u00fcllen Sie Missionen und stellen Sie die gestohlenen Formeln in Ihrem eigenen Tempo wieder her!","og_url":"https:\/\/testwebsite.citygame.com\/de\/games\/arnhem\/the-arnhem-syndicate\/","og_site_name":"City Game","article_publisher":"https:\/\/www.facebook.com\/profile.php?id=100086426226253","article_modified_time":"2026-04-07T21:40:22+00:00","og_image":[{"width":1024,"height":1024,"url":"https:\/\/testwebsite.citygame.com\/wp-content\/blogs.dir\/1\/files\/sites\/62\/2026\/02\/group-of-friends-playing-city-game-eusebius-church-arnhem.jpg","type":"image\/jpeg"}],"twitter_card":"summary_large_image","schema":{"@context":"https:\/\/schema.org","@graph":[{"@type":"WebPage","@id":"https:\/\/testwebsite.citygame.com\/de\/games\/arnhem\/the-arnhem-syndicate\/","url":"https:\/\/testwebsite.citygame.com\/de\/games\/arnhem\/the-arnhem-syndicate\/","name":"The Arnhem Syndicate - City Game","isPartOf":{"@id":"https:\/\/testwebsite.upevents.nl\/#website"},"primaryImageOfPage":{"@id":"https:\/\/testwebsite.citygame.com\/de\/games\/arnhem\/the-arnhem-syndicate\/#primaryimage"},"image":{"@id":"https:\/\/testwebsite.citygame.com\/de\/games\/arnhem\/the-arnhem-syndicate\/#primaryimage"},"thumbnailUrl":"https:\/\/testwebsite.citygame.com\/wp-content\/blogs.dir\/1\/files\/sites\/62\/2026\/02\/group-of-friends-playing-city-game-eusebius-church-arnhem.jpg","datePublished":"2026-02-13T15:40:24+00:00","dateModified":"2026-04-07T21:40:22+00:00","description":"The Arnhem Syndicate. Spielen Sie ein selbstgef\u00fchrtes City Escape Game, l\u00f6sen Sie R\u00e4tsel, erf\u00fcllen Sie Missionen und stellen Sie die gestohlenen Formeln in Ihrem eigenen Tempo wieder her!","breadcrumb":{"@id":"https:\/\/testwebsite.citygame.com\/de\/games\/arnhem\/the-arnhem-syndicate\/#breadcrumb"},"inLanguage":"de","potentialAction":[{"@type":"ReadAction","target":["https:\/\/testwebsite.citygame.com\/de\/games\/arnhem\/the-arnhem-syndicate\/"]}]},{"@type":"ImageObject","inLanguage":"de","@id":"https:\/\/testwebsite.citygame.com\/de\/games\/arnhem\/the-arnhem-syndicate\/#primaryimage","url":"https:\/\/testwebsite.citygame.com\/wp-content\/blogs.dir\/1\/files\/sites\/62\/2026\/02\/group-of-friends-playing-city-game-eusebius-church-arnhem.jpg","contentUrl":"https:\/\/testwebsite.citygame.com\/wp-content\/blogs.dir\/1\/files\/sites\/62\/2026\/02\/group-of-friends-playing-city-game-eusebius-church-arnhem.jpg","width":1024,"height":1024,"caption":"A group of friends collaborate while playing an interactive city game in the center of Arnhem."},{"@type":"BreadcrumbList","@id":"https:\/\/testwebsite.citygame.com\/de\/games\/arnhem\/the-arnhem-syndicate\/#breadcrumb","itemListElement":[{"@type":"ListItem","position":1,"name":"Home","item":"https:\/\/testwebsite.citygame.com\/de\/"},{"@type":"ListItem","position":2,"name":"Shop","item":"https:\/\/testwebsite.citygame.com\/shop\/"},{"@type":"ListItem","position":3,"name":"The Arnhem Syndicate"}]},{"@type":"WebSite","@id":"https:\/\/testwebsite.upevents.nl\/#website","url":"https:\/\/testwebsite.upevents.nl\/","name":"City Game","description":"","publisher":{"@id":"https:\/\/testwebsite.upevents.nl\/#organization"},"alternateName":"citygame.com","potentialAction":[{"@type":"SearchAction","target":{"@type":"EntryPoint","urlTemplate":"https:\/\/testwebsite.upevents.nl\/?s={search_term_string}"},"query-input":{"@type":"PropertyValueSpecification","valueRequired":true,"valueName":"search_term_string"}}],"inLanguage":"de"},{"@type":["Organization","Place"],"@id":"https:\/\/testwebsite.upevents.nl\/#organization","name":"City Game","alternateName":"citygame.com","url":"https:\/\/testwebsite.upevents.nl\/","logo":{"@id":"https:\/\/testwebsite.citygame.com\/de\/games\/arnhem\/the-arnhem-syndicate\/#local-main-organization-logo"},"image":{"@id":"https:\/\/testwebsite.citygame.com\/de\/games\/arnhem\/the-arnhem-syndicate\/#local-main-organization-logo"},"sameAs":["https:\/\/www.facebook.com\/profile.php?id=100086426226253","https:\/\/www.instagram.com\/citygame_com","https:\/\/www.tiktok.com\/@citygamecom\/","https:\/\/www.linkedin.com\/company\/citygame-com"],"description":"Turn any city into a playground with our interactive City Games and self-guided tours. Fun, flexible, and ideal for groups and team building.","telephone":[],"openingHoursSpecification":[{"@type":"OpeningHoursSpecification","dayOfWeek":["Monday","Tuesday","Wednesday","Thursday","Friday","Saturday","Sunday"],"opens":"09:00","closes":"17:00"}]},{"@type":"ImageObject","inLanguage":"de","@id":"https:\/\/testwebsite.citygame.com\/de\/games\/arnhem\/the-arnhem-syndicate\/#local-main-organization-logo","url":"https:\/\/testwebsite.citygame.com\/wp-content\/blogs.dir\/1\/files\/sites\/62\/2025\/10\/CG_LOGO-City-Game.png","contentUrl":"https:\/\/testwebsite.citygame.com\/wp-content\/blogs.dir\/1\/files\/sites\/62\/2025\/10\/CG_LOGO-City-Game.png","width":351,"height":377,"caption":"City Game"}]}},"taxonomy_info":{"game-concept":[{"value":739,"label":"Syndicate"}],"location":[{"value":71,"label":"Arnhem"}],"product_cat":[{"value":664,"label":"Unkategorisiert"}]},"featured_image_src_large":["https:\/\/testwebsite.citygame.com\/wp-content\/blogs.dir\/1\/files\/sites\/62\/2026\/02\/group-of-friends-playing-city-game-eusebius-church-arnhem.jpg",1024,1024,false],"author_info":[],"comment_info":"","_links":{"self":[{"href":"https:\/\/testwebsite.citygame.com\/de\/wp-json\/wp\/v2\/product\/55862","targetHints":{"allow":["GET"]}}],"collection":[{"href":"https:\/\/testwebsite.citygame.com\/de\/wp-json\/wp\/v2\/product"}],"about":[{"href":"https:\/\/testwebsite.citygame.com\/de\/wp-json\/wp\/v2\/types\/product"}],"acf:post":[{"embeddable":true,"href":"https:\/\/testwebsite.citygame.com\/de\/wp-json\/wp\/v2\/pages\/4492"}],"wp:featuredmedia":[{"embeddable":true,"href":"https:\/\/testwebsite.citygame.com\/de\/wp-json\/wp\/v2\/media\/13640"}],"wp:attachment":[{"href":"https:\/\/testwebsite.citygame.com\/de\/wp-json\/wp\/v2\/media?parent=55862"}],"wp:term":[{"taxonomy":"game-concept","embeddable":true,"href":"https:\/\/testwebsite.citygame.com\/de\/wp-json\/wp\/v2\/game-concept?post=55862"},{"taxonomy":"location","embeddable":true,"href":"https:\/\/testwebsite.citygame.com\/de\/wp-json\/wp\/v2\/location?post=55862"},{"taxonomy":"product_brand","embeddable":true,"href":"https:\/\/testwebsite.citygame.com\/de\/wp-json\/wp\/v2\/product_brand?post=55862"},{"taxonomy":"product_cat","embeddable":true,"href":"https:\/\/testwebsite.citygame.com\/de\/wp-json\/wp\/v2\/product_cat?post=55862"},{"taxonomy":"product_tag","embeddable":true,"href":"https:\/\/testwebsite.citygame.com\/de\/wp-json\/wp\/v2\/product_tag?post=55862"}],"curies":[{"name":"wp","href":"https:\/\/api.w.org\/{rel}","templated":true}]}}