{"id":55618,"date":"2026-01-13T15:43:48","date_gmt":"2026-01-13T15:43:48","guid":{"rendered":"https:\/\/testwebsite.citygame.com\/games\/unknown-location\/secrets-of-malmo\/"},"modified":"2026-04-07T21:13:18","modified_gmt":"2026-04-07T21:13:18","slug":"secrets-of-malmo","status":"publish","type":"product","link":"https:\/\/testwebsite.citygame.com\/de\/games\/malmo\/secrets-of-malmo\/","title":{"rendered":"Secrets of Malmo"},"content":{"rendered":"<p>The Secrets of Malm\u00f6 City Game ist ein selbstgef\u00fchrtes, GPS-basiertes Spiel, das im Stadtzentrum von Malm\u00f6 stattfindet. Mit deinem Smartphone erkundest du die Gegend, w\u00e4hrend du R\u00e4tsel, Knobelaufgaben und Foto-Herausforderungen als Teil eines interaktiven Erkundungsspiels l\u00f6st. Dabei entdeckst du Einblicke in Malm\u00f6s Kultur, Geschichte und weniger bekannte Details, die auf den ersten Blick verborgen liegen. Dieses City Game Malm\u00f6 Erlebnis ist sowohl f\u00fcr Einheimische als auch f\u00fcr Besucher gedacht, die St\u00e4dte auf eine neue Art entdecken m\u00f6chten. Das selbstgef\u00fchrte Stadterkundungsspiel eignet sich gleicherma\u00dfen gut f\u00fcr Einzelspieler, Paare, Familien oder Freundesgruppen.<\/p>\n","protected":false},"excerpt":{"rendered":"<p>Entdecke Malm\u00f6s verborgenes Meisterwerk! Folge dem Maler Alexander Roslin durch Kan\u00e4le und Kopfsteinpflastergassen, l\u00f6se Hinweise, um sein gestohlenes Werk wiederzufinden und die kreative Seele der Stadt zu enth\u00fcllen.<\/p>\n","protected":false},"featured_media":3886,"template":"","meta":{"_acf_changed":false,"_yoast_wpseo_focuskw":"Secrets of Malmo","_yoast_wpseo_metadesc":"Secrets of Malmo. Spiele ein selbstgef\u00fchrtes City Game und erkunde die Stadt durch R\u00e4tsel, Knobelaufgaben und Herausforderungen. Spiele in deinem eigenen Tempo und entdecke wie ein Einheimischer!","_kad_blocks_custom_css":"","_kad_blocks_head_custom_js":"","_kad_blocks_body_custom_js":"","_kad_blocks_footer_custom_js":"","ghostkit_customizer_options":"","ghostkit_custom_css":"","ghostkit_custom_js_head":"","ghostkit_custom_js_foot":"","ghostkit_typography":"","_kad_post_transparent":"","_kad_post_title":"","_kad_post_layout":"","_kad_post_sidebar_id":"","_kad_post_content_style":"","_kad_post_vertical_padding":"","_kad_post_feature":"","_kad_post_feature_position":"","_kad_post_header":false,"_kad_post_footer":false,"_kad_post_classname":"","_links_to":"","_links_to_target":""},"game-concept":[709],"location":[262],"product_brand":[],"product_cat":[664],"product_tag":[],"class_list":{"0":"post-55618","1":"product","2":"type-product","3":"status-publish","4":"has-post-thumbnail","6":"game-concept-secrets","7":"location-malmo","8":"product_cat-unkategorisiert","10":"first","11":"instock","12":"shipping-taxable","13":"purchasable","14":"product-type-simple","15":"entry","16":"content-bg","17":"loop-entry"},"acf":{"full_bokun_product_name":"Self-Guided Secrets of Malm\u00f6 Exploration Game","location_name":"Malmo","bokun_calendar_widget_code":"<script type=\"text\/javascript\" src=\"https:\/\/widgets.bokun.io\/assets\/javascripts\/apps\/build\/BokunWidgetsLoader.js?bookingChannelUUID=a1e93e96-5232-4734-a595-28405f4b5a31\" async><\/script>\n     \n    <div class=\"bokunWidget\" data-src=\"https:\/\/widgets.bokun.io\/online-sales\/a1e93e96-5232-4734-a595-28405f4b5a31\/experience-calendar\/872757\"><\/div>\n    <noscript>Please enable javascript in your browser to book<\/noscript>","bokun_button_widget_code":"<script type=\"text\/javascript\" src=\"https:\/\/widgets.bokun.io\/assets\/javascripts\/apps\/build\/BokunWidgetsLoader.js?bookingChannelUUID=a1e93e96-5232-4734-a595-28405f4b5a31\" async><\/script>\n      <style> #bokun_ed001e45_5927_4f62_b470_ca766338d083 { display: inline-block; padding: .4em 1em; background: #47b82e; border-radius: 999999px; box-shadow: none; font-weight: 600; font-size: 24px; text-decoration: none; text-align: center; color: #FFFFFF; border:none; cursor: pointer; transition: background .2s ease; } #bokun_ed001e45_5927_4f62_b470_ca766338d083:hover{ background: #2f7b1f; } #bokun_ed001e45_5927_4f62_b470_ca766338d083:active{ background: #378f24; } <\/style> <button class=\"bokunButton\" disabled id=bokun_ed001e45_5927_4f62_b470_ca766338d083 data-src=\"https:\/\/widgets.bokun.io\/online-sales\/a1e93e96-5232-4734-a595-28405f4b5a31\/experience-calendar\/872757?partialView=1\" data-testid=\"widget-book-button\" > Book now <\/button> ","what_you\u2019ll_experience_during_the_game":"W\u00e4hrend du dich mit dem City Game durch Malm\u00f6 bewegst, entdeckst du eine Mischung aus ikonischer Architektur, friedlichen Ecken und Geschichten, die in die Stadtlandschaft eingewoben sind. Das Spiel f\u00fchrt dich zu Highlights wie dem Lilla Torg, einem lebhaften Platz voller historischem Charme, und dem dramatischen Turning Torso, der sich \u00fcber die Skyline erhebt. Neben diesen bekannten Orten erkundest du versteckte Gassen wie die Jakob Nilsgatan und entdeckst Orte wie das Thottska huset, Malm\u00f6s \u00e4ltestes erhaltenes Fachwerkhaus. Die Route verbindet die Energie der Stadt mit ruhigeren, nachdenklichen Orten, die Malm\u00f6s vielschichtige Geschichte offenbaren.\n\nW\u00e4hrend des Erlebnisses l\u00f6st du eine Vielzahl von R\u00e4tseln, visuellen Puzzles, Fragen und fotobasierten Herausforderungen, die dich dazu anregen, deine Umgebung genauer zu betrachten. Jede erledigte Aufgabe bringt dir Punkte ein und hilft dabei, mehr von dem sich entfaltenden Geheimnis aufzudecken, wobei bei Bedarf optionale Hinweise zur Verf\u00fcgung stehen. Das Spiel kann jederzeit unterbrochen und fortgesetzt werden, sodass du Malm\u00f6 in deinem eigenen Rhythmus erkunden kannst. F\u00fcr diejenigen, die ein bisschen Wettbewerb m\u00f6gen, gibt es auch die M\u00f6glichkeit, sich in der Rangliste zu platzieren, indem sie die h\u00f6chste Punktzahl sammeln.","how_to_play":"Nach der Buchung erh\u00e4ltst du eine E-Mail mit einem direkten Spiellink. Begib dich zum High Court in Malm\u00f6, dem Startpunkt, \u00f6ffne den Link auf deinem Smartphone und beginne deine Mission sofort. Du kannst das Spiel jederzeit unterbrechen und fortsetzen, wann immer es dir passt.","start_location":"Malm\u00f6, High Court","available_languages":[],"players_per_group":"1-4","duration":"1.5-2 hours","image_overlay_color_image":"https:\/\/testwebsite.citygame.com\/wp-content\/blogs.dir\/1\/files\/sites\/62\/2026\/01\/SecretsColor.svg","image_overlay_game_logo":"https:\/\/testwebsite.citygame.com\/wp-content\/blogs.dir\/1\/files\/sites\/62\/2026\/01\/SecretsLogo.png","city_page":7523,"woocommerce_general_content":null},"yoast_head":"<!-- This site is optimized with the Yoast SEO Premium plugin v26.2 (Yoast SEO v26.3) - https:\/\/yoast.com\/wordpress\/plugins\/seo\/ -->\n<title>Secrets of Malmo - City Game<\/title>\n<meta name=\"description\" content=\"Secrets of Malmo. Spiele ein selbstgef\u00fchrtes City Game und erkunde die Stadt durch R\u00e4tsel, Knobelaufgaben und Herausforderungen. Spiele in deinem eigenen Tempo und entdecke wie ein Einheimischer!\" \/>\n<meta name=\"robots\" content=\"noindex, follow, max-snippet:-1, max-image-preview:large, max-video-preview:-1\" \/>\n<meta property=\"og:locale\" content=\"de_DE\" \/>\n<meta property=\"og:type\" content=\"article\" \/>\n<meta property=\"og:title\" content=\"Secrets of Malmo\" \/>\n<meta property=\"og:description\" content=\"Secrets of Malmo. Spiele ein selbstgef\u00fchrtes City Game und erkunde die Stadt durch R\u00e4tsel, Knobelaufgaben und Herausforderungen. Spiele in deinem eigenen Tempo und entdecke wie ein Einheimischer!\" \/>\n<meta property=\"og:url\" content=\"https:\/\/testwebsite.citygame.com\/de\/games\/malmo\/secrets-of-malmo\/\" \/>\n<meta property=\"og:site_name\" content=\"City Game\" \/>\n<meta property=\"article:publisher\" content=\"https:\/\/www.facebook.com\/profile.php?id=100086426226253\" \/>\n<meta property=\"article:modified_time\" content=\"2026-04-07T21:13:18+00:00\" \/>\n<meta property=\"og:image\" content=\"https:\/\/testwebsite.citygame.com\/wp-content\/blogs.dir\/1\/files\/sites\/62\/2026\/01\/woman-playing-secrets-of-city-game-by-canal-in-european-city.jpg\" \/>\n\t<meta property=\"og:image:width\" content=\"704\" \/>\n\t<meta property=\"og:image:height\" content=\"1472\" \/>\n\t<meta property=\"og:image:type\" content=\"image\/jpeg\" \/>\n<meta name=\"twitter:card\" content=\"summary_large_image\" \/>\n<meta name=\"twitter:label1\" content=\"Gesch\u00e4tzte Lesezeit\" \/>\n\t<meta name=\"twitter:data1\" content=\"1\u00a0Minute\" \/>\n<script type=\"application\/ld+json\" class=\"yoast-schema-graph\">{\"@context\":\"https:\/\/schema.org\",\"@graph\":[{\"@type\":\"WebPage\",\"@id\":\"https:\/\/testwebsite.citygame.com\/de\/games\/malmo\/secrets-of-malmo\/\",\"url\":\"https:\/\/testwebsite.citygame.com\/de\/games\/malmo\/secrets-of-malmo\/\",\"name\":\"Secrets of Malmo - City Game\",\"isPartOf\":{\"@id\":\"https:\/\/testwebsite.upevents.nl\/#website\"},\"primaryImageOfPage\":{\"@id\":\"https:\/\/testwebsite.citygame.com\/de\/games\/malmo\/secrets-of-malmo\/#primaryimage\"},\"image\":{\"@id\":\"https:\/\/testwebsite.citygame.com\/de\/games\/malmo\/secrets-of-malmo\/#primaryimage\"},\"thumbnailUrl\":\"https:\/\/testwebsite.citygame.com\/wp-content\/blogs.dir\/1\/files\/sites\/62\/2026\/01\/woman-playing-secrets-of-city-game-by-canal-in-european-city.jpg\",\"datePublished\":\"2026-01-13T15:43:48+00:00\",\"dateModified\":\"2026-04-07T21:13:18+00:00\",\"description\":\"Secrets of Malmo. Spiele ein selbstgef\u00fchrtes City Game und erkunde die Stadt durch R\u00e4tsel, Knobelaufgaben und Herausforderungen. Spiele in deinem eigenen Tempo und entdecke wie ein Einheimischer!\",\"breadcrumb\":{\"@id\":\"https:\/\/testwebsite.citygame.com\/de\/games\/malmo\/secrets-of-malmo\/#breadcrumb\"},\"inLanguage\":\"de\",\"potentialAction\":[{\"@type\":\"ReadAction\",\"target\":[\"https:\/\/testwebsite.citygame.com\/de\/games\/malmo\/secrets-of-malmo\/\"]}]},{\"@type\":\"ImageObject\",\"inLanguage\":\"de\",\"@id\":\"https:\/\/testwebsite.citygame.com\/de\/games\/malmo\/secrets-of-malmo\/#primaryimage\",\"url\":\"https:\/\/testwebsite.citygame.com\/wp-content\/blogs.dir\/1\/files\/sites\/62\/2026\/01\/woman-playing-secrets-of-city-game-by-canal-in-european-city.jpg\",\"contentUrl\":\"https:\/\/testwebsite.citygame.com\/wp-content\/blogs.dir\/1\/files\/sites\/62\/2026\/01\/woman-playing-secrets-of-city-game-by-canal-in-european-city.jpg\",\"width\":704,\"height\":1472,\"caption\":\"A player interacts with the City Game app while exploring a picturesque canal in a historic European city.\"},{\"@type\":\"BreadcrumbList\",\"@id\":\"https:\/\/testwebsite.citygame.com\/de\/games\/malmo\/secrets-of-malmo\/#breadcrumb\",\"itemListElement\":[{\"@type\":\"ListItem\",\"position\":1,\"name\":\"Home\",\"item\":\"https:\/\/testwebsite.citygame.com\/de\/\"},{\"@type\":\"ListItem\",\"position\":2,\"name\":\"Shop\",\"item\":\"https:\/\/testwebsite.citygame.com\/shop\/\"},{\"@type\":\"ListItem\",\"position\":3,\"name\":\"Secrets of Malmo\"}]},{\"@type\":\"WebSite\",\"@id\":\"https:\/\/testwebsite.upevents.nl\/#website\",\"url\":\"https:\/\/testwebsite.upevents.nl\/\",\"name\":\"City Game\",\"description\":\"\",\"publisher\":{\"@id\":\"https:\/\/testwebsite.upevents.nl\/#organization\"},\"alternateName\":\"citygame.com\",\"potentialAction\":[{\"@type\":\"SearchAction\",\"target\":{\"@type\":\"EntryPoint\",\"urlTemplate\":\"https:\/\/testwebsite.upevents.nl\/?s={search_term_string}\"},\"query-input\":{\"@type\":\"PropertyValueSpecification\",\"valueRequired\":true,\"valueName\":\"search_term_string\"}}],\"inLanguage\":\"de\"},{\"@type\":[\"Organization\",\"Place\"],\"@id\":\"https:\/\/testwebsite.upevents.nl\/#organization\",\"name\":\"City Game\",\"alternateName\":\"citygame.com\",\"url\":\"https:\/\/testwebsite.upevents.nl\/\",\"logo\":{\"@id\":\"https:\/\/testwebsite.citygame.com\/de\/games\/malmo\/secrets-of-malmo\/#local-main-organization-logo\"},\"image\":{\"@id\":\"https:\/\/testwebsite.citygame.com\/de\/games\/malmo\/secrets-of-malmo\/#local-main-organization-logo\"},\"sameAs\":[\"https:\/\/www.facebook.com\/profile.php?id=100086426226253\",\"https:\/\/www.instagram.com\/citygame_com\",\"https:\/\/www.tiktok.com\/@citygamecom\/\",\"https:\/\/www.linkedin.com\/company\/citygame-com\"],\"description\":\"Turn any city into a playground with our interactive City Games and self-guided tours. Fun, flexible, and ideal for groups and team building.\",\"telephone\":[],\"openingHoursSpecification\":[{\"@type\":\"OpeningHoursSpecification\",\"dayOfWeek\":[\"Monday\",\"Tuesday\",\"Wednesday\",\"Thursday\",\"Friday\",\"Saturday\",\"Sunday\"],\"opens\":\"09:00\",\"closes\":\"17:00\"}]},{\"@type\":\"ImageObject\",\"inLanguage\":\"de\",\"@id\":\"https:\/\/testwebsite.citygame.com\/de\/games\/malmo\/secrets-of-malmo\/#local-main-organization-logo\",\"url\":\"https:\/\/testwebsite.citygame.com\/wp-content\/blogs.dir\/1\/files\/sites\/62\/2025\/10\/CG_LOGO-City-Game.png\",\"contentUrl\":\"https:\/\/testwebsite.citygame.com\/wp-content\/blogs.dir\/1\/files\/sites\/62\/2025\/10\/CG_LOGO-City-Game.png\",\"width\":351,\"height\":377,\"caption\":\"City Game\"}]}<\/script>\n<!-- \/ Yoast SEO Premium plugin. -->","yoast_head_json":{"title":"Secrets of Malmo - City Game","description":"Secrets of Malmo. Spiele ein selbstgef\u00fchrtes City Game und erkunde die Stadt durch R\u00e4tsel, Knobelaufgaben und Herausforderungen. Spiele in deinem eigenen Tempo und entdecke wie ein Einheimischer!","robots":{"index":"noindex","follow":"follow","max-snippet":"max-snippet:-1","max-image-preview":"max-image-preview:large","max-video-preview":"max-video-preview:-1"},"og_locale":"de_DE","og_type":"article","og_title":"Secrets of Malmo","og_description":"Secrets of Malmo. Spiele ein selbstgef\u00fchrtes City Game und erkunde die Stadt durch R\u00e4tsel, Knobelaufgaben und Herausforderungen. Spiele in deinem eigenen Tempo und entdecke wie ein Einheimischer!","og_url":"https:\/\/testwebsite.citygame.com\/de\/games\/malmo\/secrets-of-malmo\/","og_site_name":"City Game","article_publisher":"https:\/\/www.facebook.com\/profile.php?id=100086426226253","article_modified_time":"2026-04-07T21:13:18+00:00","og_image":[{"width":704,"height":1472,"url":"https:\/\/testwebsite.citygame.com\/wp-content\/blogs.dir\/1\/files\/sites\/62\/2026\/01\/woman-playing-secrets-of-city-game-by-canal-in-european-city.jpg","type":"image\/jpeg"}],"twitter_card":"summary_large_image","twitter_misc":{"Gesch\u00e4tzte Lesezeit":"1\u00a0Minute"},"schema":{"@context":"https:\/\/schema.org","@graph":[{"@type":"WebPage","@id":"https:\/\/testwebsite.citygame.com\/de\/games\/malmo\/secrets-of-malmo\/","url":"https:\/\/testwebsite.citygame.com\/de\/games\/malmo\/secrets-of-malmo\/","name":"Secrets of Malmo - City Game","isPartOf":{"@id":"https:\/\/testwebsite.upevents.nl\/#website"},"primaryImageOfPage":{"@id":"https:\/\/testwebsite.citygame.com\/de\/games\/malmo\/secrets-of-malmo\/#primaryimage"},"image":{"@id":"https:\/\/testwebsite.citygame.com\/de\/games\/malmo\/secrets-of-malmo\/#primaryimage"},"thumbnailUrl":"https:\/\/testwebsite.citygame.com\/wp-content\/blogs.dir\/1\/files\/sites\/62\/2026\/01\/woman-playing-secrets-of-city-game-by-canal-in-european-city.jpg","datePublished":"2026-01-13T15:43:48+00:00","dateModified":"2026-04-07T21:13:18+00:00","description":"Secrets of Malmo. Spiele ein selbstgef\u00fchrtes City Game und erkunde die Stadt durch R\u00e4tsel, Knobelaufgaben und Herausforderungen. Spiele in deinem eigenen Tempo und entdecke wie ein Einheimischer!","breadcrumb":{"@id":"https:\/\/testwebsite.citygame.com\/de\/games\/malmo\/secrets-of-malmo\/#breadcrumb"},"inLanguage":"de","potentialAction":[{"@type":"ReadAction","target":["https:\/\/testwebsite.citygame.com\/de\/games\/malmo\/secrets-of-malmo\/"]}]},{"@type":"ImageObject","inLanguage":"de","@id":"https:\/\/testwebsite.citygame.com\/de\/games\/malmo\/secrets-of-malmo\/#primaryimage","url":"https:\/\/testwebsite.citygame.com\/wp-content\/blogs.dir\/1\/files\/sites\/62\/2026\/01\/woman-playing-secrets-of-city-game-by-canal-in-european-city.jpg","contentUrl":"https:\/\/testwebsite.citygame.com\/wp-content\/blogs.dir\/1\/files\/sites\/62\/2026\/01\/woman-playing-secrets-of-city-game-by-canal-in-european-city.jpg","width":704,"height":1472,"caption":"A player interacts with the City Game app while exploring a picturesque canal in a historic European city."},{"@type":"BreadcrumbList","@id":"https:\/\/testwebsite.citygame.com\/de\/games\/malmo\/secrets-of-malmo\/#breadcrumb","itemListElement":[{"@type":"ListItem","position":1,"name":"Home","item":"https:\/\/testwebsite.citygame.com\/de\/"},{"@type":"ListItem","position":2,"name":"Shop","item":"https:\/\/testwebsite.citygame.com\/shop\/"},{"@type":"ListItem","position":3,"name":"Secrets of Malmo"}]},{"@type":"WebSite","@id":"https:\/\/testwebsite.upevents.nl\/#website","url":"https:\/\/testwebsite.upevents.nl\/","name":"City Game","description":"","publisher":{"@id":"https:\/\/testwebsite.upevents.nl\/#organization"},"alternateName":"citygame.com","potentialAction":[{"@type":"SearchAction","target":{"@type":"EntryPoint","urlTemplate":"https:\/\/testwebsite.upevents.nl\/?s={search_term_string}"},"query-input":{"@type":"PropertyValueSpecification","valueRequired":true,"valueName":"search_term_string"}}],"inLanguage":"de"},{"@type":["Organization","Place"],"@id":"https:\/\/testwebsite.upevents.nl\/#organization","name":"City Game","alternateName":"citygame.com","url":"https:\/\/testwebsite.upevents.nl\/","logo":{"@id":"https:\/\/testwebsite.citygame.com\/de\/games\/malmo\/secrets-of-malmo\/#local-main-organization-logo"},"image":{"@id":"https:\/\/testwebsite.citygame.com\/de\/games\/malmo\/secrets-of-malmo\/#local-main-organization-logo"},"sameAs":["https:\/\/www.facebook.com\/profile.php?id=100086426226253","https:\/\/www.instagram.com\/citygame_com","https:\/\/www.tiktok.com\/@citygamecom\/","https:\/\/www.linkedin.com\/company\/citygame-com"],"description":"Turn any city into a playground with our interactive City Games and self-guided tours. Fun, flexible, and ideal for groups and team building.","telephone":[],"openingHoursSpecification":[{"@type":"OpeningHoursSpecification","dayOfWeek":["Monday","Tuesday","Wednesday","Thursday","Friday","Saturday","Sunday"],"opens":"09:00","closes":"17:00"}]},{"@type":"ImageObject","inLanguage":"de","@id":"https:\/\/testwebsite.citygame.com\/de\/games\/malmo\/secrets-of-malmo\/#local-main-organization-logo","url":"https:\/\/testwebsite.citygame.com\/wp-content\/blogs.dir\/1\/files\/sites\/62\/2025\/10\/CG_LOGO-City-Game.png","contentUrl":"https:\/\/testwebsite.citygame.com\/wp-content\/blogs.dir\/1\/files\/sites\/62\/2025\/10\/CG_LOGO-City-Game.png","width":351,"height":377,"caption":"City Game"}]}},"taxonomy_info":{"game-concept":[{"value":709,"label":"Secrets"}],"location":[{"value":262,"label":"Malm\u00f6"}],"product_cat":[{"value":664,"label":"Unkategorisiert"}]},"featured_image_src_large":["https:\/\/testwebsite.citygame.com\/wp-content\/blogs.dir\/1\/files\/sites\/62\/2026\/01\/woman-playing-secrets-of-city-game-by-canal-in-european-city-490x1024.jpg",490,1024,true],"author_info":[],"comment_info":"","_links":{"self":[{"href":"https:\/\/testwebsite.citygame.com\/de\/wp-json\/wp\/v2\/product\/55618","targetHints":{"allow":["GET"]}}],"collection":[{"href":"https:\/\/testwebsite.citygame.com\/de\/wp-json\/wp\/v2\/product"}],"about":[{"href":"https:\/\/testwebsite.citygame.com\/de\/wp-json\/wp\/v2\/types\/product"}],"acf:post":[{"embeddable":true,"href":"https:\/\/testwebsite.citygame.com\/de\/wp-json\/wp\/v2\/pages\/7523"}],"wp:featuredmedia":[{"embeddable":true,"href":"https:\/\/testwebsite.citygame.com\/de\/wp-json\/wp\/v2\/media\/3886"}],"wp:attachment":[{"href":"https:\/\/testwebsite.citygame.com\/de\/wp-json\/wp\/v2\/media?parent=55618"}],"wp:term":[{"taxonomy":"game-concept","embeddable":true,"href":"https:\/\/testwebsite.citygame.com\/de\/wp-json\/wp\/v2\/game-concept?post=55618"},{"taxonomy":"location","embeddable":true,"href":"https:\/\/testwebsite.citygame.com\/de\/wp-json\/wp\/v2\/location?post=55618"},{"taxonomy":"product_brand","embeddable":true,"href":"https:\/\/testwebsite.citygame.com\/de\/wp-json\/wp\/v2\/product_brand?post=55618"},{"taxonomy":"product_cat","embeddable":true,"href":"https:\/\/testwebsite.citygame.com\/de\/wp-json\/wp\/v2\/product_cat?post=55618"},{"taxonomy":"product_tag","embeddable":true,"href":"https:\/\/testwebsite.citygame.com\/de\/wp-json\/wp\/v2\/product_tag?post=55618"}],"curies":[{"name":"wp","href":"https:\/\/api.w.org\/{rel}","templated":true}]}}