{"id":53989,"date":"2026-01-13T09:41:41","date_gmt":"2026-01-13T09:41:41","guid":{"rendered":"https:\/\/testwebsite.citygame.com\/games\/unknown-location\/secrets-of-bydgoszcz\/"},"modified":"2026-04-07T18:03:20","modified_gmt":"2026-04-07T18:03:20","slug":"secrets-of-bydgoszcz","status":"publish","type":"product","link":"https:\/\/testwebsite.citygame.com\/de\/games\/bydgoszcz\/secrets-of-bydgoszcz\/","title":{"rendered":"Secrets of Bydgoszcz"},"content":{"rendered":"<p>Das City Game Bydgoszcz ist ein selbstgef\u00fchrtes Stadtabenteuer, das im historischen Zentrum von Bydgoszcz stattfindet. Mit deinem Smartphone erkundest du die Stadt durch ein GPS-basiertes Spiel voller fesselnder R\u00e4tsel, Knobelaufgaben und Foto-Challenges. W\u00e4hrend du voranschreitest, enth\u00fcllt das Erkundungsspiel Einblicke in Bydgoszcz&#8217;s Geschichte, Kultur und weniger bekannte Details. Ideal f\u00fcr Besucher und Einheimische gleicherma\u00dfen, bietet das Spiel ein flexibles und interaktives Erlebnis, das sich f\u00fcr Einzelspieler, Paare, Familien und Freundesgruppen eignet. Entdecke Bydgoszcz auf eine neue Art, w\u00e4hrend du in deinem eigenen Tempo durch die historischen Stra\u00dfen navigierst.<\/p>\n","protected":false},"excerpt":{"rendered":"<p>Bydgoszcz zum Strahlen bringen! Entdecke verborgene Geschichten entlang ihrer Fl\u00fcsse und Br\u00fccken, w\u00e4hrend du Ron Sulimak hilfst, die letzte leuchtende Gl\u00fchbirne der Stadt an ihren Platz zur\u00fcckzubringen.<\/p>\n","protected":false},"featured_media":3537,"template":"","meta":{"_acf_changed":false,"_yoast_wpseo_focuskw":"Secrets of Bydgoszcz","_yoast_wpseo_metadesc":"Secrets of Bydgoszcz. Spiele ein selbstgef\u00fchrtes City Game und erkunde die Stadt durch R\u00e4tsel, Knobelaufgaben und Herausforderungen. Spiele in deinem eigenen Tempo und entdecke wie ein Einheimischer!","_kad_blocks_custom_css":"","_kad_blocks_head_custom_js":"","_kad_blocks_body_custom_js":"","_kad_blocks_footer_custom_js":"","ghostkit_customizer_options":"","ghostkit_custom_css":"","ghostkit_custom_js_head":"","ghostkit_custom_js_foot":"","ghostkit_typography":"","_kad_post_transparent":"default","_kad_post_title":"","_kad_post_layout":"default","_kad_post_sidebar_id":"","_kad_post_content_style":"default","_kad_post_vertical_padding":"default","_kad_post_feature":"","_kad_post_feature_position":"","_kad_post_header":false,"_kad_post_footer":false,"_kad_post_classname":"","_links_to":"","_links_to_target":""},"game-concept":[709],"location":[109],"product_brand":[],"product_cat":[664],"product_tag":[],"class_list":{"0":"post-53989","1":"product","2":"type-product","3":"status-publish","4":"has-post-thumbnail","6":"game-concept-secrets","7":"location-bydgoszcz","8":"product_cat-unkategorisiert","10":"first","11":"instock","12":"shipping-taxable","13":"purchasable","14":"product-type-simple","15":"entry","16":"content-bg","17":"loop-entry"},"acf":{"full_bokun_product_name":"Self-Guided Secrets of Bydgoszcz Exploration Game","location_name":"Bydgoszcz","bokun_calendar_widget_code":"<script type=\"text\/javascript\" src=\"https:\/\/widgets.bokun.io\/assets\/javascripts\/apps\/build\/BokunWidgetsLoader.js?bookingChannelUUID=a1e93e96-5232-4734-a595-28405f4b5a31\" async><\/script>\n     \n    <div class=\"bokunWidget\" data-src=\"https:\/\/widgets.bokun.io\/online-sales\/a1e93e96-5232-4734-a595-28405f4b5a31\/experience-calendar\/1102379\"><\/div>\n    <noscript>Please enable javascript in your browser to book<\/noscript>","bokun_button_widget_code":"<script type=\"text\/javascript\" src=\"https:\/\/widgets.bokun.io\/assets\/javascripts\/apps\/build\/BokunWidgetsLoader.js?bookingChannelUUID=a1e93e96-5232-4734-a595-28405f4b5a31\" async><\/script>\n      <style> #bokun_ed001e45_5927_4f62_b470_ca766338d083 { display: inline-block; padding: .4em 1em; background: #47b82e; border-radius: 999999px; box-shadow: none; font-weight: 600; font-size: 24px; text-decoration: none; text-align: center; color: #FFFFFF; border:none; cursor: pointer; transition: background .2s ease; } #bokun_ed001e45_5927_4f62_b470_ca766338d083:hover{ background: #2f7b1f; } #bokun_ed001e45_5927_4f62_b470_ca766338d083:active{ background: #378f24; } <\/style> <button class=\"bokunButton\" disabled id=bokun_ed001e45_5927_4f62_b470_ca766338d083 data-src=\"https:\/\/widgets.bokun.io\/online-sales\/a1e93e96-5232-4734-a595-28405f4b5a31\/experience-calendar\/1102379?partialView=1\" data-testid=\"widget-book-button\" > Book now <\/button> ","what_you\u2019ll_experience_during_the_game":"W\u00e4hrend des Secrets of Bydgoszcz City Game erkundest du die Stadt durch eine Mischung aus Storytelling und interaktiver Entdeckung. Gef\u00fchrt von einer immersiven Erz\u00e4hlung, f\u00fchrt dich das Spiel sowohl zu beliebten Wahrzeichen als auch zu ruhigeren Ecken der Stadt. Du begegnest Orten wie dem lebhaften Stary Rynek, dem Flusscharme der Mill Island und dem nachdenklich stimmenden Pomnik Pomordowanych Bydgoskich Adwokat\u00f3w. Unterwegs kommst du auch an einzigartigen Orten wie Wenecja Bydgoska und der farbenfrohen Street-Art-Wand bei Graffiti na Bulwarach vorbei und entdeckst dabei den lokalen Charakter.\r\n\r\nW\u00e4hrend du dich durch Bydgoszcz bewegst, l\u00f6st du eine Vielzahl von R\u00e4tseln, Knobelaufgaben und kreativen Fotoaufgaben, die jeden Ort zum Leben erwecken. Richtige Antworten bringen dir Punkte ein, schalten hilfreiche Hinweise frei und bringen dich der L\u00f6sung des letzten Geheimnisses im Herzen des City Game n\u00e4her. Du kannst die Erkundung jederzeit unterbrechen und in deinem eigenen Tempo fortsetzen, was es einfach macht, das Erlebnis in deinen Tag zu integrieren. F\u00fcr diejenigen mit einem Wettbewerbsgeist besteht die M\u00f6glichkeit, die Bestenliste zu erklimmen, indem du mit deinem Team hohe Punktzahlen erzielst.","how_to_play":"Nach der Buchung erh\u00e4ltst du eine E-Mail mit einem direkten Spiel-Link. Begib dich zum Startpunkt im Muzeum Okr\u0119gowe im. Leona Wycz\u00f3\u0142kowskiego, \u00f6ffne den Link auf deinem Handy und beginne dein Abenteuer, wann immer du bereit bist. Das Spiel ist vollst\u00e4ndig selbstbestimmt, sodass du eine Kaffeepause einlegen, Seitenstra\u00dfen erkunden oder die Reise sp\u00e4ter fortsetzen kannst.","start_location":"Bydgoszcz, Muzeum Okr\u0119gowe im. Leona Wycz\u00f3\u0142kowskiego","available_languages":"","players_per_group":"1-4","duration":"1.5-2 hours","image_overlay_color_image":"https:\/\/testwebsite.citygame.com\/wp-content\/blogs.dir\/1\/files\/sites\/62\/2026\/01\/SecretsColor.svg","image_overlay_game_logo":"https:\/\/testwebsite.citygame.com\/wp-content\/blogs.dir\/1\/files\/sites\/62\/2026\/01\/SecretsLogo.png","city_page":15917,"woocommerce_general_content":null},"yoast_head":"<!-- This site is optimized with the Yoast SEO Premium plugin v26.2 (Yoast SEO v26.3) - https:\/\/yoast.com\/wordpress\/plugins\/seo\/ -->\n<title>Secrets of Bydgoszcz - City Game<\/title>\n<meta name=\"description\" content=\"Secrets of Bydgoszcz. Spiele ein selbstgef\u00fchrtes City Game und erkunde die Stadt durch R\u00e4tsel, Knobelaufgaben und Herausforderungen. Spiele in deinem eigenen Tempo und entdecke wie ein Einheimischer!\" \/>\n<meta name=\"robots\" content=\"noindex, follow, max-snippet:-1, max-image-preview:large, max-video-preview:-1\" \/>\n<meta property=\"og:locale\" content=\"de_DE\" \/>\n<meta property=\"og:type\" content=\"article\" \/>\n<meta property=\"og:title\" content=\"Secrets of Bydgoszcz\" \/>\n<meta property=\"og:description\" content=\"Secrets of Bydgoszcz. Spiele ein selbstgef\u00fchrtes City Game und erkunde die Stadt durch R\u00e4tsel, Knobelaufgaben und Herausforderungen. Spiele in deinem eigenen Tempo und entdecke wie ein Einheimischer!\" \/>\n<meta property=\"og:url\" content=\"https:\/\/testwebsite.citygame.com\/de\/games\/bydgoszcz\/secrets-of-bydgoszcz\/\" \/>\n<meta property=\"og:site_name\" content=\"City Game\" \/>\n<meta property=\"article:publisher\" content=\"https:\/\/www.facebook.com\/profile.php?id=100086426226253\" \/>\n<meta property=\"article:modified_time\" content=\"2026-04-07T18:03:20+00:00\" \/>\n<meta property=\"og:image\" content=\"https:\/\/testwebsite.citygame.com\/wp-content\/blogs.dir\/1\/files\/sites\/62\/2026\/01\/bydgoszcz-opera-nova-city-game-player.jpg\" \/>\n\t<meta property=\"og:image:width\" content=\"864\" \/>\n\t<meta property=\"og:image:height\" content=\"1184\" \/>\n\t<meta property=\"og:image:type\" content=\"image\/jpeg\" \/>\n<meta name=\"twitter:card\" content=\"summary_large_image\" \/>\n<script type=\"application\/ld+json\" class=\"yoast-schema-graph\">{\"@context\":\"https:\/\/schema.org\",\"@graph\":[{\"@type\":\"WebPage\",\"@id\":\"https:\/\/testwebsite.citygame.com\/de\/games\/bydgoszcz\/secrets-of-bydgoszcz\/\",\"url\":\"https:\/\/testwebsite.citygame.com\/de\/games\/bydgoszcz\/secrets-of-bydgoszcz\/\",\"name\":\"Secrets of Bydgoszcz - City Game\",\"isPartOf\":{\"@id\":\"https:\/\/testwebsite.upevents.nl\/#website\"},\"primaryImageOfPage\":{\"@id\":\"https:\/\/testwebsite.citygame.com\/de\/games\/bydgoszcz\/secrets-of-bydgoszcz\/#primaryimage\"},\"image\":{\"@id\":\"https:\/\/testwebsite.citygame.com\/de\/games\/bydgoszcz\/secrets-of-bydgoszcz\/#primaryimage\"},\"thumbnailUrl\":\"https:\/\/testwebsite.citygame.com\/wp-content\/blogs.dir\/1\/files\/sites\/62\/2026\/01\/bydgoszcz-opera-nova-city-game-player.jpg\",\"datePublished\":\"2026-01-13T09:41:41+00:00\",\"dateModified\":\"2026-04-07T18:03:20+00:00\",\"description\":\"Secrets of Bydgoszcz. Spiele ein selbstgef\u00fchrtes City Game und erkunde die Stadt durch R\u00e4tsel, Knobelaufgaben und Herausforderungen. Spiele in deinem eigenen Tempo und entdecke wie ein Einheimischer!\",\"breadcrumb\":{\"@id\":\"https:\/\/testwebsite.citygame.com\/de\/games\/bydgoszcz\/secrets-of-bydgoszcz\/#breadcrumb\"},\"inLanguage\":\"de\",\"potentialAction\":[{\"@type\":\"ReadAction\",\"target\":[\"https:\/\/testwebsite.citygame.com\/de\/games\/bydgoszcz\/secrets-of-bydgoszcz\/\"]}]},{\"@type\":\"ImageObject\",\"inLanguage\":\"de\",\"@id\":\"https:\/\/testwebsite.citygame.com\/de\/games\/bydgoszcz\/secrets-of-bydgoszcz\/#primaryimage\",\"url\":\"https:\/\/testwebsite.citygame.com\/wp-content\/blogs.dir\/1\/files\/sites\/62\/2026\/01\/bydgoszcz-opera-nova-city-game-player.jpg\",\"contentUrl\":\"https:\/\/testwebsite.citygame.com\/wp-content\/blogs.dir\/1\/files\/sites\/62\/2026\/01\/bydgoszcz-opera-nova-city-game-player.jpg\",\"width\":864,\"height\":1184,\"caption\":\"A player solves a challenge on her smartphone with the Opera Nova building in Bydgoszcz.\"},{\"@type\":\"BreadcrumbList\",\"@id\":\"https:\/\/testwebsite.citygame.com\/de\/games\/bydgoszcz\/secrets-of-bydgoszcz\/#breadcrumb\",\"itemListElement\":[{\"@type\":\"ListItem\",\"position\":1,\"name\":\"Home\",\"item\":\"https:\/\/testwebsite.citygame.com\/de\/\"},{\"@type\":\"ListItem\",\"position\":2,\"name\":\"Shop\",\"item\":\"https:\/\/testwebsite.citygame.com\/shop\/\"},{\"@type\":\"ListItem\",\"position\":3,\"name\":\"Secrets of Bydgoszcz\"}]},{\"@type\":\"WebSite\",\"@id\":\"https:\/\/testwebsite.upevents.nl\/#website\",\"url\":\"https:\/\/testwebsite.upevents.nl\/\",\"name\":\"City Game\",\"description\":\"\",\"publisher\":{\"@id\":\"https:\/\/testwebsite.upevents.nl\/#organization\"},\"alternateName\":\"citygame.com\",\"potentialAction\":[{\"@type\":\"SearchAction\",\"target\":{\"@type\":\"EntryPoint\",\"urlTemplate\":\"https:\/\/testwebsite.upevents.nl\/?s={search_term_string}\"},\"query-input\":{\"@type\":\"PropertyValueSpecification\",\"valueRequired\":true,\"valueName\":\"search_term_string\"}}],\"inLanguage\":\"de\"},{\"@type\":[\"Organization\",\"Place\"],\"@id\":\"https:\/\/testwebsite.upevents.nl\/#organization\",\"name\":\"City Game\",\"alternateName\":\"citygame.com\",\"url\":\"https:\/\/testwebsite.upevents.nl\/\",\"logo\":{\"@id\":\"https:\/\/testwebsite.citygame.com\/de\/games\/bydgoszcz\/secrets-of-bydgoszcz\/#local-main-organization-logo\"},\"image\":{\"@id\":\"https:\/\/testwebsite.citygame.com\/de\/games\/bydgoszcz\/secrets-of-bydgoszcz\/#local-main-organization-logo\"},\"sameAs\":[\"https:\/\/www.facebook.com\/profile.php?id=100086426226253\",\"https:\/\/www.instagram.com\/citygame_com\",\"https:\/\/www.tiktok.com\/@citygamecom\/\",\"https:\/\/www.linkedin.com\/company\/citygame-com\"],\"description\":\"Turn any city into a playground with our interactive City Games and self-guided tours. Fun, flexible, and ideal for groups and team building.\",\"telephone\":[],\"openingHoursSpecification\":[{\"@type\":\"OpeningHoursSpecification\",\"dayOfWeek\":[\"Monday\",\"Tuesday\",\"Wednesday\",\"Thursday\",\"Friday\",\"Saturday\",\"Sunday\"],\"opens\":\"09:00\",\"closes\":\"17:00\"}]},{\"@type\":\"ImageObject\",\"inLanguage\":\"de\",\"@id\":\"https:\/\/testwebsite.citygame.com\/de\/games\/bydgoszcz\/secrets-of-bydgoszcz\/#local-main-organization-logo\",\"url\":\"https:\/\/testwebsite.citygame.com\/wp-content\/blogs.dir\/1\/files\/sites\/62\/2025\/10\/CG_LOGO-City-Game.png\",\"contentUrl\":\"https:\/\/testwebsite.citygame.com\/wp-content\/blogs.dir\/1\/files\/sites\/62\/2025\/10\/CG_LOGO-City-Game.png\",\"width\":351,\"height\":377,\"caption\":\"City Game\"}]}<\/script>\n<!-- \/ Yoast SEO Premium plugin. -->","yoast_head_json":{"title":"Secrets of Bydgoszcz - City Game","description":"Secrets of Bydgoszcz. Spiele ein selbstgef\u00fchrtes City Game und erkunde die Stadt durch R\u00e4tsel, Knobelaufgaben und Herausforderungen. Spiele in deinem eigenen Tempo und entdecke wie ein Einheimischer!","robots":{"index":"noindex","follow":"follow","max-snippet":"max-snippet:-1","max-image-preview":"max-image-preview:large","max-video-preview":"max-video-preview:-1"},"og_locale":"de_DE","og_type":"article","og_title":"Secrets of Bydgoszcz","og_description":"Secrets of Bydgoszcz. Spiele ein selbstgef\u00fchrtes City Game und erkunde die Stadt durch R\u00e4tsel, Knobelaufgaben und Herausforderungen. Spiele in deinem eigenen Tempo und entdecke wie ein Einheimischer!","og_url":"https:\/\/testwebsite.citygame.com\/de\/games\/bydgoszcz\/secrets-of-bydgoszcz\/","og_site_name":"City Game","article_publisher":"https:\/\/www.facebook.com\/profile.php?id=100086426226253","article_modified_time":"2026-04-07T18:03:20+00:00","og_image":[{"width":864,"height":1184,"url":"https:\/\/testwebsite.citygame.com\/wp-content\/blogs.dir\/1\/files\/sites\/62\/2026\/01\/bydgoszcz-opera-nova-city-game-player.jpg","type":"image\/jpeg"}],"twitter_card":"summary_large_image","schema":{"@context":"https:\/\/schema.org","@graph":[{"@type":"WebPage","@id":"https:\/\/testwebsite.citygame.com\/de\/games\/bydgoszcz\/secrets-of-bydgoszcz\/","url":"https:\/\/testwebsite.citygame.com\/de\/games\/bydgoszcz\/secrets-of-bydgoszcz\/","name":"Secrets of Bydgoszcz - City Game","isPartOf":{"@id":"https:\/\/testwebsite.upevents.nl\/#website"},"primaryImageOfPage":{"@id":"https:\/\/testwebsite.citygame.com\/de\/games\/bydgoszcz\/secrets-of-bydgoszcz\/#primaryimage"},"image":{"@id":"https:\/\/testwebsite.citygame.com\/de\/games\/bydgoszcz\/secrets-of-bydgoszcz\/#primaryimage"},"thumbnailUrl":"https:\/\/testwebsite.citygame.com\/wp-content\/blogs.dir\/1\/files\/sites\/62\/2026\/01\/bydgoszcz-opera-nova-city-game-player.jpg","datePublished":"2026-01-13T09:41:41+00:00","dateModified":"2026-04-07T18:03:20+00:00","description":"Secrets of Bydgoszcz. Spiele ein selbstgef\u00fchrtes City Game und erkunde die Stadt durch R\u00e4tsel, Knobelaufgaben und Herausforderungen. Spiele in deinem eigenen Tempo und entdecke wie ein Einheimischer!","breadcrumb":{"@id":"https:\/\/testwebsite.citygame.com\/de\/games\/bydgoszcz\/secrets-of-bydgoszcz\/#breadcrumb"},"inLanguage":"de","potentialAction":[{"@type":"ReadAction","target":["https:\/\/testwebsite.citygame.com\/de\/games\/bydgoszcz\/secrets-of-bydgoszcz\/"]}]},{"@type":"ImageObject","inLanguage":"de","@id":"https:\/\/testwebsite.citygame.com\/de\/games\/bydgoszcz\/secrets-of-bydgoszcz\/#primaryimage","url":"https:\/\/testwebsite.citygame.com\/wp-content\/blogs.dir\/1\/files\/sites\/62\/2026\/01\/bydgoszcz-opera-nova-city-game-player.jpg","contentUrl":"https:\/\/testwebsite.citygame.com\/wp-content\/blogs.dir\/1\/files\/sites\/62\/2026\/01\/bydgoszcz-opera-nova-city-game-player.jpg","width":864,"height":1184,"caption":"A player solves a challenge on her smartphone with the Opera Nova building in Bydgoszcz."},{"@type":"BreadcrumbList","@id":"https:\/\/testwebsite.citygame.com\/de\/games\/bydgoszcz\/secrets-of-bydgoszcz\/#breadcrumb","itemListElement":[{"@type":"ListItem","position":1,"name":"Home","item":"https:\/\/testwebsite.citygame.com\/de\/"},{"@type":"ListItem","position":2,"name":"Shop","item":"https:\/\/testwebsite.citygame.com\/shop\/"},{"@type":"ListItem","position":3,"name":"Secrets of Bydgoszcz"}]},{"@type":"WebSite","@id":"https:\/\/testwebsite.upevents.nl\/#website","url":"https:\/\/testwebsite.upevents.nl\/","name":"City Game","description":"","publisher":{"@id":"https:\/\/testwebsite.upevents.nl\/#organization"},"alternateName":"citygame.com","potentialAction":[{"@type":"SearchAction","target":{"@type":"EntryPoint","urlTemplate":"https:\/\/testwebsite.upevents.nl\/?s={search_term_string}"},"query-input":{"@type":"PropertyValueSpecification","valueRequired":true,"valueName":"search_term_string"}}],"inLanguage":"de"},{"@type":["Organization","Place"],"@id":"https:\/\/testwebsite.upevents.nl\/#organization","name":"City Game","alternateName":"citygame.com","url":"https:\/\/testwebsite.upevents.nl\/","logo":{"@id":"https:\/\/testwebsite.citygame.com\/de\/games\/bydgoszcz\/secrets-of-bydgoszcz\/#local-main-organization-logo"},"image":{"@id":"https:\/\/testwebsite.citygame.com\/de\/games\/bydgoszcz\/secrets-of-bydgoszcz\/#local-main-organization-logo"},"sameAs":["https:\/\/www.facebook.com\/profile.php?id=100086426226253","https:\/\/www.instagram.com\/citygame_com","https:\/\/www.tiktok.com\/@citygamecom\/","https:\/\/www.linkedin.com\/company\/citygame-com"],"description":"Turn any city into a playground with our interactive City Games and self-guided tours. Fun, flexible, and ideal for groups and team building.","telephone":[],"openingHoursSpecification":[{"@type":"OpeningHoursSpecification","dayOfWeek":["Monday","Tuesday","Wednesday","Thursday","Friday","Saturday","Sunday"],"opens":"09:00","closes":"17:00"}]},{"@type":"ImageObject","inLanguage":"de","@id":"https:\/\/testwebsite.citygame.com\/de\/games\/bydgoszcz\/secrets-of-bydgoszcz\/#local-main-organization-logo","url":"https:\/\/testwebsite.citygame.com\/wp-content\/blogs.dir\/1\/files\/sites\/62\/2025\/10\/CG_LOGO-City-Game.png","contentUrl":"https:\/\/testwebsite.citygame.com\/wp-content\/blogs.dir\/1\/files\/sites\/62\/2025\/10\/CG_LOGO-City-Game.png","width":351,"height":377,"caption":"City Game"}]}},"taxonomy_info":{"game-concept":[{"value":709,"label":"Secrets"}],"location":[{"value":109,"label":"Bydgoszcz"}],"product_cat":[{"value":664,"label":"Unkategorisiert"}]},"featured_image_src_large":["https:\/\/testwebsite.citygame.com\/wp-content\/blogs.dir\/1\/files\/sites\/62\/2026\/01\/bydgoszcz-opera-nova-city-game-player-747x1024.jpg",747,1024,true],"author_info":[],"comment_info":"","_links":{"self":[{"href":"https:\/\/testwebsite.citygame.com\/de\/wp-json\/wp\/v2\/product\/53989","targetHints":{"allow":["GET"]}}],"collection":[{"href":"https:\/\/testwebsite.citygame.com\/de\/wp-json\/wp\/v2\/product"}],"about":[{"href":"https:\/\/testwebsite.citygame.com\/de\/wp-json\/wp\/v2\/types\/product"}],"acf:post":[{"embeddable":true,"href":"https:\/\/testwebsite.citygame.com\/de\/wp-json\/wp\/v2\/pages\/15917"}],"wp:featuredmedia":[{"embeddable":true,"href":"https:\/\/testwebsite.citygame.com\/de\/wp-json\/wp\/v2\/media\/3537"}],"wp:attachment":[{"href":"https:\/\/testwebsite.citygame.com\/de\/wp-json\/wp\/v2\/media?parent=53989"}],"wp:term":[{"taxonomy":"game-concept","embeddable":true,"href":"https:\/\/testwebsite.citygame.com\/de\/wp-json\/wp\/v2\/game-concept?post=53989"},{"taxonomy":"location","embeddable":true,"href":"https:\/\/testwebsite.citygame.com\/de\/wp-json\/wp\/v2\/location?post=53989"},{"taxonomy":"product_brand","embeddable":true,"href":"https:\/\/testwebsite.citygame.com\/de\/wp-json\/wp\/v2\/product_brand?post=53989"},{"taxonomy":"product_cat","embeddable":true,"href":"https:\/\/testwebsite.citygame.com\/de\/wp-json\/wp\/v2\/product_cat?post=53989"},{"taxonomy":"product_tag","embeddable":true,"href":"https:\/\/testwebsite.citygame.com\/de\/wp-json\/wp\/v2\/product_tag?post=53989"}],"curies":[{"name":"wp","href":"https:\/\/api.w.org\/{rel}","templated":true}]}}