{"id":52910,"date":"2026-02-06T16:07:57","date_gmt":"2026-02-06T16:07:57","guid":{"rendered":"https:\/\/testwebsite.citygame.com\/games\/unknown-location\/sherlock-holmes-salamanca\/"},"modified":"2026-04-07T15:46:41","modified_gmt":"2026-04-07T15:46:41","slug":"sherlock-holmes-salamanca","status":"publish","type":"product","link":"https:\/\/testwebsite.citygame.com\/de\/games\/salamanca\/sherlock-holmes-salamanca\/","title":{"rendered":"Sherlock Holmes Salamanca"},"content":{"rendered":"<p>Tauchen Sie ein in die Welt von Sherlock Holmes mit diesem selbstgef\u00fchrten, geschichtenbasierten Krimi-City Game, das im historischen Stadtzentrum von Salamanca spielt. W\u00e4hrend Sie den Spuren eines Mordes w\u00e4hrend des Liberty Festivals folgen, werden die Stra\u00dfen zur Kulisse einer packenden Detektivuntersuchung voller kryptischer Hinweise, kniffliger R\u00e4tsel und virtueller Verd\u00e4chtiger, die es zu verh\u00f6ren gilt. Bewegen Sie sich in Ihrem eigenen Tempo durch eine sich entfaltende Erz\u00e4hlung, die Sie vollst\u00e4ndig in die Denkweise eines Detektivs im Fall eintauchen l\u00e4sst.<\/p>\n","protected":false},"excerpt":{"rendered":"<p>Schl\u00fcpfen Sie als Sherlock Holmes in ein spannendes Netz aus Intrigen in einem selbstgef\u00fchrten Mordfall, der in der einzigartigen Stadt Salamanca spielt. Bewaffnet mit Ihrem Verstand und Ihrem Team, folgen Sie den komplexen Hinweisen, entschl\u00fcsseln Sie r\u00e4tselhafte Probleme und enth\u00fcllen Sie die schockierende Wahrheit unter dem Schleier der Dringlichkeit!<\/p>\n","protected":false},"featured_media":11425,"template":"","meta":{"_acf_changed":false,"_yoast_wpseo_focuskw":"Sherlock Holmes Salamanca","_yoast_wpseo_metadesc":"Sherlock Holmes Salamanca. Spielen Sie ein selbstgef\u00fchrtes Krimi-City Game, l\u00f6sen Sie R\u00e4tsel, folgen Sie Hinweisen und decken Sie den M\u00f6rder in Ihrem eigenen Tempo auf!","_kad_blocks_custom_css":"","_kad_blocks_head_custom_js":"","_kad_blocks_body_custom_js":"","_kad_blocks_footer_custom_js":"","ghostkit_customizer_options":"","ghostkit_custom_css":"","ghostkit_custom_js_head":"","ghostkit_custom_js_foot":"","ghostkit_typography":"","_kad_post_transparent":"","_kad_post_title":"","_kad_post_layout":"","_kad_post_sidebar_id":"","_kad_post_content_style":"","_kad_post_vertical_padding":"","_kad_post_feature":"","_kad_post_feature_position":"","_kad_post_header":false,"_kad_post_footer":false,"_kad_post_classname":"","_links_to":"","_links_to_target":""},"game-concept":[770],"location":[351],"product_brand":[],"product_cat":[664],"product_tag":[],"class_list":{"0":"post-52910","1":"product","2":"type-product","3":"status-publish","4":"has-post-thumbnail","6":"game-concept-sherlock","7":"location-salamanca","8":"product_cat-unkategorisiert","10":"first","11":"instock","12":"shipping-taxable","13":"purchasable","14":"product-type-simple","15":"entry","16":"content-bg","17":"loop-entry"},"acf":{"full_bokun_product_name":"Salamanca Self-Guided Sherlock Holmes Murder Mystery Game","location_name":"Salamanca","bokun_calendar_widget_code":"<script type=\"text\/javascript\" src=\"https:\/\/widgets.bokun.io\/assets\/javascripts\/apps\/build\/BokunWidgetsLoader.js?bookingChannelUUID=a1e93e96-5232-4734-a595-28405f4b5a31\" async><\/script>\n     \n    <div class=\"bokunWidget\" data-src=\"https:\/\/widgets.bokun.io\/online-sales\/a1e93e96-5232-4734-a595-28405f4b5a31\/experience-calendar\/760758\"><\/div>\n    <noscript>Please enable javascript in your browser to book<\/noscript>","bokun_button_widget_code":"<script type=\"text\/javascript\" src=\"https:\/\/widgets.bokun.io\/assets\/javascripts\/apps\/build\/BokunWidgetsLoader.js?bookingChannelUUID=a1e93e96-5232-4734-a595-28405f4b5a31\" async><\/script>\n      <style> #bokun_ed001e45_5927_4f62_b470_ca766338d083 { display: inline-block; padding: .4em 1em; background: #47b82e; border-radius: 999999px; box-shadow: none; font-weight: 600; font-size: 24px; text-decoration: none; text-align: center; color: #FFFFFF; border:none; cursor: pointer; transition: background .2s ease; } #bokun_ed001e45_5927_4f62_b470_ca766338d083:hover{ background: #2f7b1f; } #bokun_ed001e45_5927_4f62_b470_ca766338d083:active{ background: #378f24; } <\/style> <button class=\"bokunButton\" disabled id=bokun_ed001e45_5927_4f62_b470_ca766338d083 data-src=\"https:\/\/widgets.bokun.io\/online-sales\/a1e93e96-5232-4734-a595-28405f4b5a31\/experience-calendar\/760758?partialView=1\" data-testid=\"widget-book-button\" > Book now <\/button> ","what_you\u2019ll_experience_during_the_game":"W\u00e4hrend Sie in eine packende Detektivgeschichte in Salamanca eintauchen, \u00fcbernehmen Sie die Rolle des leitenden Ermittlers in einem Fall voller Geheimnisse. Das Spiel entfaltet sich, w\u00e4hrend Sie sich durch die Stadt bewegen, wobei jeder Ort neue Schichten des Geheimnisses hinter dem Mord enth\u00fcllt, der w\u00e4hrend des Liberty Festivals geschah. Sie folgen einer Spur versteckter Hinweise und r\u00e4tselhafter Spuren, von denen jede Sie tiefer in die Intrige zieht.\n\nBefragen Sie digitale Verd\u00e4chtige, pr\u00fcfen Sie Alibis und decken Sie Widerspr\u00fcche auf, w\u00e4hrend Sie daran arbeiten, die Wahrheit zusammenzusetzen. Wendungen in der Untersuchung fordern Ihre Annahmen heraus und erfordern bei jeder Wendung scharfe Beobachtung, scharfen Verstand und kritisches Denken. Das vollst\u00e4ndig geschichtenbasierte Erlebnis erm\u00f6glicht es Ihnen, in Ihrem eigenen Tempo zu spielen, was Ihnen die Freiheit gibt, jederzeit zu pausieren und fortzufahren. Wenn Sie in einem Team arbeiten, sorgt ein subtiler Wettbewerbsvorteil f\u00fcr zus\u00e4tzliche Spannung, w\u00e4hrend Sie darum wetteifern, aufzudecken, was andere \u00fcbersehen haben.","how_to_play":"Arbeiten Sie alleine oder mit Freunden, Familie oder Kollegen in Teams von bis zu vier Personen pro Ger\u00e4t. Nach der Buchung erhalten Sie eine E-Mail mit Anweisungen und allem, was Sie ben\u00f6tigen.","start_location":"Salamanca, Plaza Mayor","available_languages":["en","es","fr","de","it","nl"],"players_per_group":"1-4","duration":"1.5-2 hours","image_overlay_color_image":"https:\/\/testwebsite.citygame.com\/wp-content\/blogs.dir\/1\/files\/sites\/62\/2026\/01\/SherlockColor.svg","image_overlay_game_logo":"https:\/\/testwebsite.citygame.com\/wp-content\/blogs.dir\/1\/files\/sites\/62\/2026\/01\/SherlockLogo.png","city_page":11423,"woocommerce_general_content":null},"yoast_head":"<!-- This site is optimized with the Yoast SEO Premium plugin v26.2 (Yoast SEO v26.3) - https:\/\/yoast.com\/wordpress\/plugins\/seo\/ -->\n<title>Sherlock Holmes Salamanca - City Game<\/title>\n<meta name=\"description\" content=\"Sherlock Holmes Salamanca. Spielen Sie ein selbstgef\u00fchrtes Krimi-City Game, l\u00f6sen Sie R\u00e4tsel, folgen Sie Hinweisen und decken Sie den M\u00f6rder in Ihrem eigenen Tempo auf!\" \/>\n<meta name=\"robots\" content=\"noindex, follow, max-snippet:-1, max-image-preview:large, max-video-preview:-1\" \/>\n<meta property=\"og:locale\" content=\"de_DE\" \/>\n<meta property=\"og:type\" content=\"article\" \/>\n<meta property=\"og:title\" content=\"Sherlock Holmes Salamanca\" \/>\n<meta property=\"og:description\" content=\"Sherlock Holmes Salamanca. Spielen Sie ein selbstgef\u00fchrtes Krimi-City Game, l\u00f6sen Sie R\u00e4tsel, folgen Sie Hinweisen und decken Sie den M\u00f6rder in Ihrem eigenen Tempo auf!\" \/>\n<meta property=\"og:url\" content=\"https:\/\/testwebsite.citygame.com\/de\/games\/salamanca\/sherlock-holmes-salamanca\/\" \/>\n<meta property=\"og:site_name\" content=\"City Game\" \/>\n<meta property=\"article:publisher\" content=\"https:\/\/www.facebook.com\/profile.php?id=100086426226253\" \/>\n<meta property=\"article:modified_time\" content=\"2026-04-07T15:46:41+00:00\" \/>\n<meta property=\"og:image\" content=\"https:\/\/testwebsite.citygame.com\/wp-content\/blogs.dir\/1\/files\/sites\/62\/2026\/02\/group-of-friends-playing-city-game-salamanca.jpg\" \/>\n\t<meta property=\"og:image:width\" content=\"1344\" \/>\n\t<meta property=\"og:image:height\" content=\"768\" \/>\n\t<meta property=\"og:image:type\" content=\"image\/jpeg\" \/>\n<meta name=\"twitter:card\" content=\"summary_large_image\" \/>\n<script type=\"application\/ld+json\" class=\"yoast-schema-graph\">{\"@context\":\"https:\/\/schema.org\",\"@graph\":[{\"@type\":\"WebPage\",\"@id\":\"https:\/\/testwebsite.citygame.com\/de\/games\/salamanca\/sherlock-holmes-salamanca\/\",\"url\":\"https:\/\/testwebsite.citygame.com\/de\/games\/salamanca\/sherlock-holmes-salamanca\/\",\"name\":\"Sherlock Holmes Salamanca - City Game\",\"isPartOf\":{\"@id\":\"https:\/\/testwebsite.upevents.nl\/#website\"},\"primaryImageOfPage\":{\"@id\":\"https:\/\/testwebsite.citygame.com\/de\/games\/salamanca\/sherlock-holmes-salamanca\/#primaryimage\"},\"image\":{\"@id\":\"https:\/\/testwebsite.citygame.com\/de\/games\/salamanca\/sherlock-holmes-salamanca\/#primaryimage\"},\"thumbnailUrl\":\"https:\/\/testwebsite.citygame.com\/wp-content\/blogs.dir\/1\/files\/sites\/62\/2026\/02\/group-of-friends-playing-city-game-salamanca.jpg\",\"datePublished\":\"2026-02-06T16:07:57+00:00\",\"dateModified\":\"2026-04-07T15:46:41+00:00\",\"description\":\"Sherlock Holmes Salamanca. Spielen Sie ein selbstgef\u00fchrtes Krimi-City Game, l\u00f6sen Sie R\u00e4tsel, folgen Sie Hinweisen und decken Sie den M\u00f6rder in Ihrem eigenen Tempo auf!\",\"breadcrumb\":{\"@id\":\"https:\/\/testwebsite.citygame.com\/de\/games\/salamanca\/sherlock-holmes-salamanca\/#breadcrumb\"},\"inLanguage\":\"de\",\"potentialAction\":[{\"@type\":\"ReadAction\",\"target\":[\"https:\/\/testwebsite.citygame.com\/de\/games\/salamanca\/sherlock-holmes-salamanca\/\"]}]},{\"@type\":\"ImageObject\",\"inLanguage\":\"de\",\"@id\":\"https:\/\/testwebsite.citygame.com\/de\/games\/salamanca\/sherlock-holmes-salamanca\/#primaryimage\",\"url\":\"https:\/\/testwebsite.citygame.com\/wp-content\/blogs.dir\/1\/files\/sites\/62\/2026\/02\/group-of-friends-playing-city-game-salamanca.jpg\",\"contentUrl\":\"https:\/\/testwebsite.citygame.com\/wp-content\/blogs.dir\/1\/files\/sites\/62\/2026\/02\/group-of-friends-playing-city-game-salamanca.jpg\",\"width\":1344,\"height\":768,\"caption\":\"A group of friends discuss their next move while playing a city game in Salamanca.\"},{\"@type\":\"BreadcrumbList\",\"@id\":\"https:\/\/testwebsite.citygame.com\/de\/games\/salamanca\/sherlock-holmes-salamanca\/#breadcrumb\",\"itemListElement\":[{\"@type\":\"ListItem\",\"position\":1,\"name\":\"Home\",\"item\":\"https:\/\/testwebsite.citygame.com\/de\/\"},{\"@type\":\"ListItem\",\"position\":2,\"name\":\"Shop\",\"item\":\"https:\/\/testwebsite.citygame.com\/shop\/\"},{\"@type\":\"ListItem\",\"position\":3,\"name\":\"Sherlock Holmes Salamanca\"}]},{\"@type\":\"WebSite\",\"@id\":\"https:\/\/testwebsite.upevents.nl\/#website\",\"url\":\"https:\/\/testwebsite.upevents.nl\/\",\"name\":\"City Game\",\"description\":\"\",\"publisher\":{\"@id\":\"https:\/\/testwebsite.upevents.nl\/#organization\"},\"alternateName\":\"citygame.com\",\"potentialAction\":[{\"@type\":\"SearchAction\",\"target\":{\"@type\":\"EntryPoint\",\"urlTemplate\":\"https:\/\/testwebsite.upevents.nl\/?s={search_term_string}\"},\"query-input\":{\"@type\":\"PropertyValueSpecification\",\"valueRequired\":true,\"valueName\":\"search_term_string\"}}],\"inLanguage\":\"de\"},{\"@type\":[\"Organization\",\"Place\"],\"@id\":\"https:\/\/testwebsite.upevents.nl\/#organization\",\"name\":\"City Game\",\"alternateName\":\"citygame.com\",\"url\":\"https:\/\/testwebsite.upevents.nl\/\",\"logo\":{\"@id\":\"https:\/\/testwebsite.citygame.com\/de\/games\/salamanca\/sherlock-holmes-salamanca\/#local-main-organization-logo\"},\"image\":{\"@id\":\"https:\/\/testwebsite.citygame.com\/de\/games\/salamanca\/sherlock-holmes-salamanca\/#local-main-organization-logo\"},\"sameAs\":[\"https:\/\/www.facebook.com\/profile.php?id=100086426226253\",\"https:\/\/www.instagram.com\/citygame_com\",\"https:\/\/www.tiktok.com\/@citygamecom\/\",\"https:\/\/www.linkedin.com\/company\/citygame-com\"],\"description\":\"Turn any city into a playground with our interactive City Games and self-guided tours. Fun, flexible, and ideal for groups and team building.\",\"telephone\":[],\"openingHoursSpecification\":[{\"@type\":\"OpeningHoursSpecification\",\"dayOfWeek\":[\"Monday\",\"Tuesday\",\"Wednesday\",\"Thursday\",\"Friday\",\"Saturday\",\"Sunday\"],\"opens\":\"09:00\",\"closes\":\"17:00\"}]},{\"@type\":\"ImageObject\",\"inLanguage\":\"de\",\"@id\":\"https:\/\/testwebsite.citygame.com\/de\/games\/salamanca\/sherlock-holmes-salamanca\/#local-main-organization-logo\",\"url\":\"https:\/\/testwebsite.citygame.com\/wp-content\/blogs.dir\/1\/files\/sites\/62\/2025\/10\/CG_LOGO-City-Game.png\",\"contentUrl\":\"https:\/\/testwebsite.citygame.com\/wp-content\/blogs.dir\/1\/files\/sites\/62\/2025\/10\/CG_LOGO-City-Game.png\",\"width\":351,\"height\":377,\"caption\":\"City Game\"}]}<\/script>\n<!-- \/ Yoast SEO Premium plugin. -->","yoast_head_json":{"title":"Sherlock Holmes Salamanca - City Game","description":"Sherlock Holmes Salamanca. Spielen Sie ein selbstgef\u00fchrtes Krimi-City Game, l\u00f6sen Sie R\u00e4tsel, folgen Sie Hinweisen und decken Sie den M\u00f6rder in Ihrem eigenen Tempo auf!","robots":{"index":"noindex","follow":"follow","max-snippet":"max-snippet:-1","max-image-preview":"max-image-preview:large","max-video-preview":"max-video-preview:-1"},"og_locale":"de_DE","og_type":"article","og_title":"Sherlock Holmes Salamanca","og_description":"Sherlock Holmes Salamanca. Spielen Sie ein selbstgef\u00fchrtes Krimi-City Game, l\u00f6sen Sie R\u00e4tsel, folgen Sie Hinweisen und decken Sie den M\u00f6rder in Ihrem eigenen Tempo auf!","og_url":"https:\/\/testwebsite.citygame.com\/de\/games\/salamanca\/sherlock-holmes-salamanca\/","og_site_name":"City Game","article_publisher":"https:\/\/www.facebook.com\/profile.php?id=100086426226253","article_modified_time":"2026-04-07T15:46:41+00:00","og_image":[{"width":1344,"height":768,"url":"https:\/\/testwebsite.citygame.com\/wp-content\/blogs.dir\/1\/files\/sites\/62\/2026\/02\/group-of-friends-playing-city-game-salamanca.jpg","type":"image\/jpeg"}],"twitter_card":"summary_large_image","schema":{"@context":"https:\/\/schema.org","@graph":[{"@type":"WebPage","@id":"https:\/\/testwebsite.citygame.com\/de\/games\/salamanca\/sherlock-holmes-salamanca\/","url":"https:\/\/testwebsite.citygame.com\/de\/games\/salamanca\/sherlock-holmes-salamanca\/","name":"Sherlock Holmes Salamanca - City Game","isPartOf":{"@id":"https:\/\/testwebsite.upevents.nl\/#website"},"primaryImageOfPage":{"@id":"https:\/\/testwebsite.citygame.com\/de\/games\/salamanca\/sherlock-holmes-salamanca\/#primaryimage"},"image":{"@id":"https:\/\/testwebsite.citygame.com\/de\/games\/salamanca\/sherlock-holmes-salamanca\/#primaryimage"},"thumbnailUrl":"https:\/\/testwebsite.citygame.com\/wp-content\/blogs.dir\/1\/files\/sites\/62\/2026\/02\/group-of-friends-playing-city-game-salamanca.jpg","datePublished":"2026-02-06T16:07:57+00:00","dateModified":"2026-04-07T15:46:41+00:00","description":"Sherlock Holmes Salamanca. Spielen Sie ein selbstgef\u00fchrtes Krimi-City Game, l\u00f6sen Sie R\u00e4tsel, folgen Sie Hinweisen und decken Sie den M\u00f6rder in Ihrem eigenen Tempo auf!","breadcrumb":{"@id":"https:\/\/testwebsite.citygame.com\/de\/games\/salamanca\/sherlock-holmes-salamanca\/#breadcrumb"},"inLanguage":"de","potentialAction":[{"@type":"ReadAction","target":["https:\/\/testwebsite.citygame.com\/de\/games\/salamanca\/sherlock-holmes-salamanca\/"]}]},{"@type":"ImageObject","inLanguage":"de","@id":"https:\/\/testwebsite.citygame.com\/de\/games\/salamanca\/sherlock-holmes-salamanca\/#primaryimage","url":"https:\/\/testwebsite.citygame.com\/wp-content\/blogs.dir\/1\/files\/sites\/62\/2026\/02\/group-of-friends-playing-city-game-salamanca.jpg","contentUrl":"https:\/\/testwebsite.citygame.com\/wp-content\/blogs.dir\/1\/files\/sites\/62\/2026\/02\/group-of-friends-playing-city-game-salamanca.jpg","width":1344,"height":768,"caption":"A group of friends discuss their next move while playing a city game in Salamanca."},{"@type":"BreadcrumbList","@id":"https:\/\/testwebsite.citygame.com\/de\/games\/salamanca\/sherlock-holmes-salamanca\/#breadcrumb","itemListElement":[{"@type":"ListItem","position":1,"name":"Home","item":"https:\/\/testwebsite.citygame.com\/de\/"},{"@type":"ListItem","position":2,"name":"Shop","item":"https:\/\/testwebsite.citygame.com\/shop\/"},{"@type":"ListItem","position":3,"name":"Sherlock Holmes Salamanca"}]},{"@type":"WebSite","@id":"https:\/\/testwebsite.upevents.nl\/#website","url":"https:\/\/testwebsite.upevents.nl\/","name":"City Game","description":"","publisher":{"@id":"https:\/\/testwebsite.upevents.nl\/#organization"},"alternateName":"citygame.com","potentialAction":[{"@type":"SearchAction","target":{"@type":"EntryPoint","urlTemplate":"https:\/\/testwebsite.upevents.nl\/?s={search_term_string}"},"query-input":{"@type":"PropertyValueSpecification","valueRequired":true,"valueName":"search_term_string"}}],"inLanguage":"de"},{"@type":["Organization","Place"],"@id":"https:\/\/testwebsite.upevents.nl\/#organization","name":"City Game","alternateName":"citygame.com","url":"https:\/\/testwebsite.upevents.nl\/","logo":{"@id":"https:\/\/testwebsite.citygame.com\/de\/games\/salamanca\/sherlock-holmes-salamanca\/#local-main-organization-logo"},"image":{"@id":"https:\/\/testwebsite.citygame.com\/de\/games\/salamanca\/sherlock-holmes-salamanca\/#local-main-organization-logo"},"sameAs":["https:\/\/www.facebook.com\/profile.php?id=100086426226253","https:\/\/www.instagram.com\/citygame_com","https:\/\/www.tiktok.com\/@citygamecom\/","https:\/\/www.linkedin.com\/company\/citygame-com"],"description":"Turn any city into a playground with our interactive City Games and self-guided tours. Fun, flexible, and ideal for groups and team building.","telephone":[],"openingHoursSpecification":[{"@type":"OpeningHoursSpecification","dayOfWeek":["Monday","Tuesday","Wednesday","Thursday","Friday","Saturday","Sunday"],"opens":"09:00","closes":"17:00"}]},{"@type":"ImageObject","inLanguage":"de","@id":"https:\/\/testwebsite.citygame.com\/de\/games\/salamanca\/sherlock-holmes-salamanca\/#local-main-organization-logo","url":"https:\/\/testwebsite.citygame.com\/wp-content\/blogs.dir\/1\/files\/sites\/62\/2025\/10\/CG_LOGO-City-Game.png","contentUrl":"https:\/\/testwebsite.citygame.com\/wp-content\/blogs.dir\/1\/files\/sites\/62\/2025\/10\/CG_LOGO-City-Game.png","width":351,"height":377,"caption":"City Game"}]}},"taxonomy_info":{"game-concept":[{"value":770,"label":"Sherlock"}],"location":[{"value":351,"label":"Salamanca"}],"product_cat":[{"value":664,"label":"Unkategorisiert"}]},"featured_image_src_large":["https:\/\/testwebsite.citygame.com\/wp-content\/blogs.dir\/1\/files\/sites\/62\/2026\/02\/group-of-friends-playing-city-game-salamanca-1024x585.jpg",1024,585,true],"author_info":[],"comment_info":"","_links":{"self":[{"href":"https:\/\/testwebsite.citygame.com\/de\/wp-json\/wp\/v2\/product\/52910","targetHints":{"allow":["GET"]}}],"collection":[{"href":"https:\/\/testwebsite.citygame.com\/de\/wp-json\/wp\/v2\/product"}],"about":[{"href":"https:\/\/testwebsite.citygame.com\/de\/wp-json\/wp\/v2\/types\/product"}],"acf:post":[{"embeddable":true,"href":"https:\/\/testwebsite.citygame.com\/de\/wp-json\/wp\/v2\/pages\/11423"}],"wp:featuredmedia":[{"embeddable":true,"href":"https:\/\/testwebsite.citygame.com\/de\/wp-json\/wp\/v2\/media\/11425"}],"wp:attachment":[{"href":"https:\/\/testwebsite.citygame.com\/de\/wp-json\/wp\/v2\/media?parent=52910"}],"wp:term":[{"taxonomy":"game-concept","embeddable":true,"href":"https:\/\/testwebsite.citygame.com\/de\/wp-json\/wp\/v2\/game-concept?post=52910"},{"taxonomy":"location","embeddable":true,"href":"https:\/\/testwebsite.citygame.com\/de\/wp-json\/wp\/v2\/location?post=52910"},{"taxonomy":"product_brand","embeddable":true,"href":"https:\/\/testwebsite.citygame.com\/de\/wp-json\/wp\/v2\/product_brand?post=52910"},{"taxonomy":"product_cat","embeddable":true,"href":"https:\/\/testwebsite.citygame.com\/de\/wp-json\/wp\/v2\/product_cat?post=52910"},{"taxonomy":"product_tag","embeddable":true,"href":"https:\/\/testwebsite.citygame.com\/de\/wp-json\/wp\/v2\/product_tag?post=52910"}],"curies":[{"name":"wp","href":"https:\/\/api.w.org\/{rel}","templated":true}]}}