{"id":34399,"date":"2026-02-05T14:51:58","date_gmt":"2026-02-05T14:51:58","guid":{"rendered":"https:\/\/testwebsite.citygame.com\/games\/unknown-location\/produkt-257\/"},"modified":"2026-04-01T18:16:34","modified_gmt":"2026-04-01T18:16:34","slug":"produkt-257","status":"publish","type":"product","link":"https:\/\/testwebsite.citygame.com\/de\/games\/unknown-location\/produkt-257\/","title":{"rendered":"Produkt"},"content":{"rendered":"","protected":false},"excerpt":{"rendered":"","protected":false},"featured_media":10815,"template":"","meta":{"_acf_changed":false,"_yoast_wpseo_focuskw":"The Amsterdam Syndicate","_yoast_wpseo_metadesc":"The Amsterdam Syndicate. Spielen Sie ein selbstgef\u00fchrtes City Escape Game, l\u00f6sen Sie R\u00e4tsel, erf\u00fcllen Sie Missionen und stellen Sie die gestohlenen Formeln in Ihrem eigenen Tempo wieder her!","_kad_blocks_custom_css":"","_kad_blocks_head_custom_js":"","_kad_blocks_body_custom_js":"","_kad_blocks_footer_custom_js":"","ghostkit_customizer_options":"","ghostkit_custom_css":"","ghostkit_custom_js_head":"","ghostkit_custom_js_foot":"","ghostkit_typography":"","_kad_post_transparent":"default","_kad_post_title":"","_kad_post_layout":"default","_kad_post_sidebar_id":"","_kad_post_content_style":"default","_kad_post_vertical_padding":"default","_kad_post_feature":"","_kad_post_feature_position":"","_kad_post_header":false,"_kad_post_footer":false,"_kad_post_classname":"","_links_to":"","_links_to_target":""},"game-concept":[37],"location":[],"product_brand":[],"product_cat":[664],"product_tag":[],"class_list":{"0":"post-34399","1":"product","2":"type-product","3":"status-publish","4":"has-post-thumbnail","6":"game-concept-syndicate","7":"product_cat-unkategorisiert","9":"first","10":"instock","11":"shipping-taxable","12":"purchasable","13":"product-type-simple","14":"entry","15":"content-bg","16":"loop-entry"},"acf":{"full_bokun_product_name":"Self-Guided The Amsterdam Syndicate City Escape Game","location_name":"Amsterdam","bokun_calendar_widget_code":"<script type=\"text\/javascript\" src=\"https:\/\/widgets.bokun.io\/assets\/javascripts\/apps\/build\/BokunWidgetsLoader.js?bookingChannelUUID=a1e93e96-5232-4734-a595-28405f4b5a31\" async><\/script>\n     \n    <div class=\"bokunWidget\" data-src=\"https:\/\/widgets.bokun.io\/online-sales\/a1e93e96-5232-4734-a595-28405f4b5a31\/experience-calendar\/750442\"><\/div>\n    <noscript>Please enable javascript in your browser to book<\/noscript>","bokun_button_widget_code":"<script type=\"text\/javascript\" src=\"https:\/\/widgets.bokun.io\/assets\/javascripts\/apps\/build\/BokunWidgetsLoader.js?bookingChannelUUID=a1e93e96-5232-4734-a595-28405f4b5a31\" async><\/script>\n      <style> #bokun_ed001e45_5927_4f62_b470_ca766338d083 { display: inline-block; padding: .4em 1em; background: #47b82e; border-radius: 999999px; box-shadow: none; font-weight: 600; font-size: 24px; text-decoration: none; text-align: center; color: #FFFFFF; border:none; cursor: pointer; transition: background .2s ease; } #bokun_ed001e45_5927_4f62_b470_ca766338d083:hover{ background: #2f7b1f; } #bokun_ed001e45_5927_4f62_b470_ca766338d083:active{ background: #378f24; } <\/style> <button class=\"bokunButton\" disabled id=bokun_ed001e45_5927_4f62_b470_ca766338d083 data-src=\"https:\/\/widgets.bokun.io\/online-sales\/a1e93e96-5232-4734-a595-28405f4b5a31\/experience-calendar\/750442?partialView=1\" data-testid=\"widget-book-button\" > Book now <\/button> ","what_you\u2019ll_experience_during_the_game":"In The Amsterdam Syndicate werden Sie und Ihr Team in eine riskante Fluchtmission verwickelt, die sich in Echtzeit auf den Stra\u00dfen Amsterdams entfaltet. Ihr Ziel ist klar: Sp\u00fcren Sie den schwer fassbaren Magnus auf und stellen Sie sechs hochsensible gestohlene Formeln wieder her, bevor sie f\u00fcr immer verschwinden. Geleitet von einer sich entfaltenden Handlung, enth\u00fcllt jeder Schritt der Mission neue Schichten der Intrige, w\u00e4hrend Sie sich durch wechselnde Umgebungen und unerwartete Wendungen in der ganzen Stadt bewegen.\r\n\r\nDas Gameplay verbindet Code-Entschl\u00fcsselung, interaktive Aufgaben und Probleml\u00f6sungsherausforderungen, die h\u00f6chste Konzentration und schnelle Entscheidungen erfordern. Der Fortschritt h\u00e4ngt von nahtloser Kommunikation, kollektivem Denken und strategischem Teamwork ab. Das vollst\u00e4ndig auf der Geschichte basierende Erlebnis erm\u00f6glicht es Ihnen, die Mission jederzeit zu unterbrechen und fortzusetzen, was es flexibel macht, ohne an Intensit\u00e4t zu verlieren. Amsterdam selbst wird zur lebendigen Kulisse, wobei jeder Ort zur Entfaltung der Operation beitr\u00e4gt.","how_to_play":"Buchen Sie das City Game, \u00fcberpr\u00fcfen Sie die E-Mail, die wir Ihnen mit den Anweisungen senden, laden Sie die Loquiz App herunter und beginnen Sie Ihr Spielerlebnis!","start_location":"Amsterdam, Beursplein","available_languages":["en","nl"],"players_per_group":"1-4","duration":"1.5-2 hours","image_overlay_color_image":"https:\/\/testwebsite.citygame.com\/wp-content\/blogs.dir\/1\/files\/sites\/62\/2026\/01\/SyndicateColor.svg","image_overlay_game_logo":"https:\/\/testwebsite.citygame.com\/wp-content\/blogs.dir\/1\/files\/sites\/62\/2026\/01\/SyndicateLogo.png","city_page":4337,"woocommerce_general_content":null},"yoast_head":"<!-- This site is optimized with the Yoast SEO Premium plugin v26.2 (Yoast SEO v26.3) - https:\/\/yoast.com\/wordpress\/plugins\/seo\/ -->\n<title>Produkt - City Game<\/title>\n<meta name=\"description\" content=\"The Amsterdam Syndicate. Spielen Sie ein selbstgef\u00fchrtes City Escape Game, l\u00f6sen Sie R\u00e4tsel, erf\u00fcllen Sie Missionen und stellen Sie die gestohlenen Formeln in Ihrem eigenen Tempo wieder her!\" \/>\n<meta name=\"robots\" content=\"noindex, follow, max-snippet:-1, max-image-preview:large, max-video-preview:-1\" \/>\n<meta property=\"og:locale\" content=\"de_DE\" \/>\n<meta property=\"og:type\" content=\"article\" \/>\n<meta property=\"og:title\" content=\"Produkt\" \/>\n<meta property=\"og:description\" content=\"The Amsterdam Syndicate. Spielen Sie ein selbstgef\u00fchrtes City Escape Game, l\u00f6sen Sie R\u00e4tsel, erf\u00fcllen Sie Missionen und stellen Sie die gestohlenen Formeln in Ihrem eigenen Tempo wieder her!\" \/>\n<meta property=\"og:url\" content=\"https:\/\/testwebsite.citygame.com\/de\/games\/unknown-location\/produkt-257\/\" \/>\n<meta property=\"og:site_name\" content=\"City Game\" \/>\n<meta property=\"article:publisher\" content=\"https:\/\/www.facebook.com\/profile.php?id=100086426226253\" \/>\n<meta property=\"article:modified_time\" content=\"2026-04-01T18:16:34+00:00\" \/>\n<meta property=\"og:image\" content=\"https:\/\/testwebsite.citygame.com\/wp-content\/blogs.dir\/1\/files\/sites\/62\/2026\/02\/woman-playing-city-game-amsterdam-street-1.jpg\" \/>\n\t<meta property=\"og:image:width\" content=\"1088\" \/>\n\t<meta property=\"og:image:height\" content=\"960\" \/>\n\t<meta property=\"og:image:type\" content=\"image\/jpeg\" \/>\n<meta name=\"twitter:card\" content=\"summary_large_image\" \/>\n<script type=\"application\/ld+json\" class=\"yoast-schema-graph\">{\"@context\":\"https:\/\/schema.org\",\"@graph\":[{\"@type\":\"WebPage\",\"@id\":\"https:\/\/testwebsite.citygame.com\/de\/games\/unknown-location\/produkt-257\/\",\"url\":\"https:\/\/testwebsite.citygame.com\/de\/games\/unknown-location\/produkt-257\/\",\"name\":\"Produkt - City Game\",\"isPartOf\":{\"@id\":\"https:\/\/testwebsite.upevents.nl\/#website\"},\"primaryImageOfPage\":{\"@id\":\"https:\/\/testwebsite.citygame.com\/de\/games\/unknown-location\/produkt-257\/#primaryimage\"},\"image\":{\"@id\":\"https:\/\/testwebsite.citygame.com\/de\/games\/unknown-location\/produkt-257\/#primaryimage\"},\"thumbnailUrl\":\"https:\/\/testwebsite.citygame.com\/wp-content\/blogs.dir\/1\/files\/sites\/62\/2026\/02\/woman-playing-city-game-amsterdam-street-1.jpg\",\"datePublished\":\"2026-02-05T14:51:58+00:00\",\"dateModified\":\"2026-04-01T18:16:34+00:00\",\"description\":\"The Amsterdam Syndicate. Spielen Sie ein selbstgef\u00fchrtes City Escape Game, l\u00f6sen Sie R\u00e4tsel, erf\u00fcllen Sie Missionen und stellen Sie die gestohlenen Formeln in Ihrem eigenen Tempo wieder her!\",\"breadcrumb\":{\"@id\":\"https:\/\/testwebsite.citygame.com\/de\/games\/unknown-location\/produkt-257\/#breadcrumb\"},\"inLanguage\":\"de\",\"potentialAction\":[{\"@type\":\"ReadAction\",\"target\":[\"https:\/\/testwebsite.citygame.com\/de\/games\/unknown-location\/produkt-257\/\"]}]},{\"@type\":\"ImageObject\",\"inLanguage\":\"de\",\"@id\":\"https:\/\/testwebsite.citygame.com\/de\/games\/unknown-location\/produkt-257\/#primaryimage\",\"url\":\"https:\/\/testwebsite.citygame.com\/wp-content\/blogs.dir\/1\/files\/sites\/62\/2026\/02\/woman-playing-city-game-amsterdam-street-1.jpg\",\"contentUrl\":\"https:\/\/testwebsite.citygame.com\/wp-content\/blogs.dir\/1\/files\/sites\/62\/2026\/02\/woman-playing-city-game-amsterdam-street-1.jpg\",\"width\":1088,\"height\":960,\"caption\":\"A young woman explores a charming, historic street in Amsterdam while playing an interactive city game.\"},{\"@type\":\"BreadcrumbList\",\"@id\":\"https:\/\/testwebsite.citygame.com\/de\/games\/unknown-location\/produkt-257\/#breadcrumb\",\"itemListElement\":[{\"@type\":\"ListItem\",\"position\":1,\"name\":\"Home\",\"item\":\"https:\/\/testwebsite.citygame.com\/de\/\"},{\"@type\":\"ListItem\",\"position\":2,\"name\":\"Shop\",\"item\":\"https:\/\/testwebsite.citygame.com\/shop\/\"},{\"@type\":\"ListItem\",\"position\":3,\"name\":\"Produkt\"}]},{\"@type\":\"WebSite\",\"@id\":\"https:\/\/testwebsite.upevents.nl\/#website\",\"url\":\"https:\/\/testwebsite.upevents.nl\/\",\"name\":\"City Game\",\"description\":\"\",\"publisher\":{\"@id\":\"https:\/\/testwebsite.upevents.nl\/#organization\"},\"alternateName\":\"citygame.com\",\"potentialAction\":[{\"@type\":\"SearchAction\",\"target\":{\"@type\":\"EntryPoint\",\"urlTemplate\":\"https:\/\/testwebsite.upevents.nl\/?s={search_term_string}\"},\"query-input\":{\"@type\":\"PropertyValueSpecification\",\"valueRequired\":true,\"valueName\":\"search_term_string\"}}],\"inLanguage\":\"de\"},{\"@type\":[\"Organization\",\"Place\"],\"@id\":\"https:\/\/testwebsite.upevents.nl\/#organization\",\"name\":\"City Game\",\"alternateName\":\"citygame.com\",\"url\":\"https:\/\/testwebsite.upevents.nl\/\",\"logo\":{\"@id\":\"https:\/\/testwebsite.citygame.com\/de\/games\/unknown-location\/produkt-257\/#local-main-organization-logo\"},\"image\":{\"@id\":\"https:\/\/testwebsite.citygame.com\/de\/games\/unknown-location\/produkt-257\/#local-main-organization-logo\"},\"sameAs\":[\"https:\/\/www.facebook.com\/profile.php?id=100086426226253\",\"https:\/\/www.instagram.com\/citygame_com\",\"https:\/\/www.tiktok.com\/@citygamecom\/\",\"https:\/\/www.linkedin.com\/company\/citygame-com\"],\"description\":\"Turn any city into a playground with our interactive City Games and self-guided tours. Fun, flexible, and ideal for groups and team building.\",\"telephone\":[],\"openingHoursSpecification\":[{\"@type\":\"OpeningHoursSpecification\",\"dayOfWeek\":[\"Monday\",\"Tuesday\",\"Wednesday\",\"Thursday\",\"Friday\",\"Saturday\",\"Sunday\"],\"opens\":\"09:00\",\"closes\":\"17:00\"}]},{\"@type\":\"ImageObject\",\"inLanguage\":\"de\",\"@id\":\"https:\/\/testwebsite.citygame.com\/de\/games\/unknown-location\/produkt-257\/#local-main-organization-logo\",\"url\":\"https:\/\/testwebsite.citygame.com\/wp-content\/blogs.dir\/1\/files\/sites\/62\/2025\/10\/CG_LOGO-City-Game.png\",\"contentUrl\":\"https:\/\/testwebsite.citygame.com\/wp-content\/blogs.dir\/1\/files\/sites\/62\/2025\/10\/CG_LOGO-City-Game.png\",\"width\":351,\"height\":377,\"caption\":\"City Game\"}]}<\/script>\n<!-- \/ Yoast SEO Premium plugin. -->","yoast_head_json":{"title":"Produkt - City Game","description":"The Amsterdam Syndicate. Spielen Sie ein selbstgef\u00fchrtes City Escape Game, l\u00f6sen Sie R\u00e4tsel, erf\u00fcllen Sie Missionen und stellen Sie die gestohlenen Formeln in Ihrem eigenen Tempo wieder her!","robots":{"index":"noindex","follow":"follow","max-snippet":"max-snippet:-1","max-image-preview":"max-image-preview:large","max-video-preview":"max-video-preview:-1"},"og_locale":"de_DE","og_type":"article","og_title":"Produkt","og_description":"The Amsterdam Syndicate. Spielen Sie ein selbstgef\u00fchrtes City Escape Game, l\u00f6sen Sie R\u00e4tsel, erf\u00fcllen Sie Missionen und stellen Sie die gestohlenen Formeln in Ihrem eigenen Tempo wieder her!","og_url":"https:\/\/testwebsite.citygame.com\/de\/games\/unknown-location\/produkt-257\/","og_site_name":"City Game","article_publisher":"https:\/\/www.facebook.com\/profile.php?id=100086426226253","article_modified_time":"2026-04-01T18:16:34+00:00","og_image":[{"width":1088,"height":960,"url":"https:\/\/testwebsite.citygame.com\/wp-content\/blogs.dir\/1\/files\/sites\/62\/2026\/02\/woman-playing-city-game-amsterdam-street-1.jpg","type":"image\/jpeg"}],"twitter_card":"summary_large_image","schema":{"@context":"https:\/\/schema.org","@graph":[{"@type":"WebPage","@id":"https:\/\/testwebsite.citygame.com\/de\/games\/unknown-location\/produkt-257\/","url":"https:\/\/testwebsite.citygame.com\/de\/games\/unknown-location\/produkt-257\/","name":"Produkt - City Game","isPartOf":{"@id":"https:\/\/testwebsite.upevents.nl\/#website"},"primaryImageOfPage":{"@id":"https:\/\/testwebsite.citygame.com\/de\/games\/unknown-location\/produkt-257\/#primaryimage"},"image":{"@id":"https:\/\/testwebsite.citygame.com\/de\/games\/unknown-location\/produkt-257\/#primaryimage"},"thumbnailUrl":"https:\/\/testwebsite.citygame.com\/wp-content\/blogs.dir\/1\/files\/sites\/62\/2026\/02\/woman-playing-city-game-amsterdam-street-1.jpg","datePublished":"2026-02-05T14:51:58+00:00","dateModified":"2026-04-01T18:16:34+00:00","description":"The Amsterdam Syndicate. Spielen Sie ein selbstgef\u00fchrtes City Escape Game, l\u00f6sen Sie R\u00e4tsel, erf\u00fcllen Sie Missionen und stellen Sie die gestohlenen Formeln in Ihrem eigenen Tempo wieder her!","breadcrumb":{"@id":"https:\/\/testwebsite.citygame.com\/de\/games\/unknown-location\/produkt-257\/#breadcrumb"},"inLanguage":"de","potentialAction":[{"@type":"ReadAction","target":["https:\/\/testwebsite.citygame.com\/de\/games\/unknown-location\/produkt-257\/"]}]},{"@type":"ImageObject","inLanguage":"de","@id":"https:\/\/testwebsite.citygame.com\/de\/games\/unknown-location\/produkt-257\/#primaryimage","url":"https:\/\/testwebsite.citygame.com\/wp-content\/blogs.dir\/1\/files\/sites\/62\/2026\/02\/woman-playing-city-game-amsterdam-street-1.jpg","contentUrl":"https:\/\/testwebsite.citygame.com\/wp-content\/blogs.dir\/1\/files\/sites\/62\/2026\/02\/woman-playing-city-game-amsterdam-street-1.jpg","width":1088,"height":960,"caption":"A young woman explores a charming, historic street in Amsterdam while playing an interactive city game."},{"@type":"BreadcrumbList","@id":"https:\/\/testwebsite.citygame.com\/de\/games\/unknown-location\/produkt-257\/#breadcrumb","itemListElement":[{"@type":"ListItem","position":1,"name":"Home","item":"https:\/\/testwebsite.citygame.com\/de\/"},{"@type":"ListItem","position":2,"name":"Shop","item":"https:\/\/testwebsite.citygame.com\/shop\/"},{"@type":"ListItem","position":3,"name":"Produkt"}]},{"@type":"WebSite","@id":"https:\/\/testwebsite.upevents.nl\/#website","url":"https:\/\/testwebsite.upevents.nl\/","name":"City Game","description":"","publisher":{"@id":"https:\/\/testwebsite.upevents.nl\/#organization"},"alternateName":"citygame.com","potentialAction":[{"@type":"SearchAction","target":{"@type":"EntryPoint","urlTemplate":"https:\/\/testwebsite.upevents.nl\/?s={search_term_string}"},"query-input":{"@type":"PropertyValueSpecification","valueRequired":true,"valueName":"search_term_string"}}],"inLanguage":"de"},{"@type":["Organization","Place"],"@id":"https:\/\/testwebsite.upevents.nl\/#organization","name":"City Game","alternateName":"citygame.com","url":"https:\/\/testwebsite.upevents.nl\/","logo":{"@id":"https:\/\/testwebsite.citygame.com\/de\/games\/unknown-location\/produkt-257\/#local-main-organization-logo"},"image":{"@id":"https:\/\/testwebsite.citygame.com\/de\/games\/unknown-location\/produkt-257\/#local-main-organization-logo"},"sameAs":["https:\/\/www.facebook.com\/profile.php?id=100086426226253","https:\/\/www.instagram.com\/citygame_com","https:\/\/www.tiktok.com\/@citygamecom\/","https:\/\/www.linkedin.com\/company\/citygame-com"],"description":"Turn any city into a playground with our interactive City Games and self-guided tours. Fun, flexible, and ideal for groups and team building.","telephone":[],"openingHoursSpecification":[{"@type":"OpeningHoursSpecification","dayOfWeek":["Monday","Tuesday","Wednesday","Thursday","Friday","Saturday","Sunday"],"opens":"09:00","closes":"17:00"}]},{"@type":"ImageObject","inLanguage":"de","@id":"https:\/\/testwebsite.citygame.com\/de\/games\/unknown-location\/produkt-257\/#local-main-organization-logo","url":"https:\/\/testwebsite.citygame.com\/wp-content\/blogs.dir\/1\/files\/sites\/62\/2025\/10\/CG_LOGO-City-Game.png","contentUrl":"https:\/\/testwebsite.citygame.com\/wp-content\/blogs.dir\/1\/files\/sites\/62\/2025\/10\/CG_LOGO-City-Game.png","width":351,"height":377,"caption":"City Game"}]}},"taxonomy_info":{"game-concept":[{"value":37,"label":"Syndicate"}],"product_cat":[{"value":664,"label":"Unkategorisiert"}]},"featured_image_src_large":["https:\/\/testwebsite.citygame.com\/wp-content\/blogs.dir\/1\/files\/sites\/62\/2026\/02\/woman-playing-city-game-amsterdam-street-1-1024x904.jpg",1024,904,true],"author_info":[],"comment_info":"","_links":{"self":[{"href":"https:\/\/testwebsite.citygame.com\/de\/wp-json\/wp\/v2\/product\/34399","targetHints":{"allow":["GET"]}}],"collection":[{"href":"https:\/\/testwebsite.citygame.com\/de\/wp-json\/wp\/v2\/product"}],"about":[{"href":"https:\/\/testwebsite.citygame.com\/de\/wp-json\/wp\/v2\/types\/product"}],"acf:post":[{"embeddable":true,"href":"https:\/\/testwebsite.citygame.com\/de\/wp-json\/wp\/v2\/pages\/4337"}],"wp:featuredmedia":[{"embeddable":true,"href":"https:\/\/testwebsite.citygame.com\/de\/wp-json\/wp\/v2\/media\/10815"}],"wp:attachment":[{"href":"https:\/\/testwebsite.citygame.com\/de\/wp-json\/wp\/v2\/media?parent=34399"}],"wp:term":[{"taxonomy":"game-concept","embeddable":true,"href":"https:\/\/testwebsite.citygame.com\/de\/wp-json\/wp\/v2\/game-concept?post=34399"},{"taxonomy":"location","embeddable":true,"href":"https:\/\/testwebsite.citygame.com\/de\/wp-json\/wp\/v2\/location?post=34399"},{"taxonomy":"product_brand","embeddable":true,"href":"https:\/\/testwebsite.citygame.com\/de\/wp-json\/wp\/v2\/product_brand?post=34399"},{"taxonomy":"product_cat","embeddable":true,"href":"https:\/\/testwebsite.citygame.com\/de\/wp-json\/wp\/v2\/product_cat?post=34399"},{"taxonomy":"product_tag","embeddable":true,"href":"https:\/\/testwebsite.citygame.com\/de\/wp-json\/wp\/v2\/product_tag?post=34399"}],"curies":[{"name":"wp","href":"https:\/\/api.w.org\/{rel}","templated":true}]}}