{"id":66593,"date":"2026-03-13T18:56:28","date_gmt":"2026-03-13T18:56:28","guid":{"rendered":"https:\/\/testwebsite.citygame.com\/games\/unknown-location\/secrets-of-middelburg\/"},"modified":"2026-04-08T21:32:46","modified_gmt":"2026-04-08T21:32:46","slug":"secrets-of-middelburg","status":"publish","type":"product","link":"https:\/\/testwebsite.citygame.com\/da\/games\/middelburg\/secrets-of-middelburg\/","title":{"rendered":"Secrets of Middelburg"},"content":{"rendered":"<p>Begiv dig ud p\u00e5 et sp\u00e6ndende eventyr med det selvguidede, GPS-baserede &#8216;Secrets of Middelburg&#8217; By Spil. Dette udforskningsspil lader dig dykke ned i Middelburgs bymidte ved at bruge din smartphone som din intelligente guide. Ved at l\u00f8se en r\u00e6kke g\u00e5der og foto-udfordringer vil du dykke ned i byens rige historie, afsl\u00f8re dens kultur og l\u00e6re om skjulte detaljer, som selv mange\u00e5rige beboere m\u00e5ske ikke kender. Spillet er velegnet til b\u00e5de lokale og bes\u00f8gende og fungerer som en engagerende m\u00e5de at udforske byen p\u00e5. Uanset om du er en solo-spiller, et par, en familie eller en gruppe venner, tilbyder dette Middelburg byspil en unik m\u00e5de at opdage byen p\u00e5, hvilket garanterer en dag med sjov og udforskning.<\/p>\n","protected":false},"excerpt":{"rendered":"<p>Oplev Middelburgs mystik og majest\u00e6t! Tr\u00e6d ind i en by, hvor historien siver fra hver kanal, og kulturen bryder ud p\u00e5 hvert torv. Afd\u00e6k hemmeligheder gemt i dens middelalderlige sj\u00e6l, Middelburg lover intriger ved hvert brostenstrin!<\/p>\n","protected":false},"featured_media":18861,"template":"","meta":{"_acf_changed":false,"_yoast_wpseo_focuskw":"Secrets of Middelburg","_yoast_wpseo_metadesc":"Secrets of Middelburg. Spil et selvguidet byspil og udforsk byen gennem g\u00e5der, rebusser og udfordringer. Spil i dit eget tempo og opdag som en lokal!","_kad_blocks_custom_css":"","_kad_blocks_head_custom_js":"","_kad_blocks_body_custom_js":"","_kad_blocks_footer_custom_js":"","ghostkit_customizer_options":"","ghostkit_custom_css":"","ghostkit_custom_js_head":"","ghostkit_custom_js_foot":"","ghostkit_typography":"","_kad_post_transparent":"","_kad_post_title":"","_kad_post_layout":"","_kad_post_sidebar_id":"","_kad_post_content_style":"","_kad_post_vertical_padding":"","_kad_post_feature":"","_kad_post_feature_position":"","_kad_post_header":false,"_kad_post_footer":false,"_kad_post_classname":"","_links_to":"","_links_to_target":""},"game-concept":[708],"location":[276],"product_brand":[],"product_cat":[27],"product_tag":[],"class_list":{"0":"post-66593","1":"product","2":"type-product","3":"status-publish","4":"has-post-thumbnail","6":"game-concept-secrets","7":"location-middelburg","8":"product_cat-geen-categorie","10":"first","11":"instock","12":"shipping-taxable","13":"purchasable","14":"product-type-simple","15":"entry","16":"content-bg","17":"loop-entry"},"acf":{"full_bokun_product_name":"Self-Guided Secrets of Middelburg Exploration Game","location_name":"Middelburg","bokun_calendar_widget_code":"<script type=\"text\/javascript\" src=\"https:\/\/widgets.bokun.io\/assets\/javascripts\/apps\/build\/BokunWidgetsLoader.js?bookingChannelUUID=a1e93e96-5232-4734-a595-28405f4b5a31\" async><\/script>\n     \n    <div class=\"bokunWidget\" data-src=\"https:\/\/widgets.bokun.io\/online-sales\/a1e93e96-5232-4734-a595-28405f4b5a31\/experience-calendar\/895762\"><\/div>\n    <noscript>Please enable javascript in your browser to book<\/noscript>","bokun_button_widget_code":"<script type=\"text\/javascript\" src=\"https:\/\/widgets.bokun.io\/assets\/javascripts\/apps\/build\/BokunWidgetsLoader.js?bookingChannelUUID=a1e93e96-5232-4734-a595-28405f4b5a31\" async><\/script>\n      <style> #bokun_ed001e45_5927_4f62_b470_ca766338d083 { display: inline-block; padding: .4em 1em; background: #47b82e; border-radius: 999999px; box-shadow: none; font-weight: 600; font-size: 24px; text-decoration: none; text-align: center; color: #FFFFFF; border:none; cursor: pointer; transition: background .2s ease; } #bokun_ed001e45_5927_4f62_b470_ca766338d083:hover{ background: #2f7b1f; } #bokun_ed001e45_5927_4f62_b470_ca766338d083:active{ background: #378f24; } <\/style> <button class=\"bokunButton\" disabled id=bokun_ed001e45_5927_4f62_b470_ca766338d083 data-src=\"https:\/\/widgets.bokun.io\/online-sales\/a1e93e96-5232-4734-a595-28405f4b5a31\/experience-calendar\/895762?partialView=1\" data-testid=\"widget-book-button\" > Book now <\/button> ","what_you\u2019ll_experience_during_the_game":"Oplev et eventyr som intet andet, n\u00e5r du udforsker den maleriske by Middelburg i Secrets of Middelburg City Game. Dette spil integrerer problemfrit sightseeing med en medrivende fort\u00e6lling og interaktive pr\u00f8velser, designet til at udfordre og underholde. Mens du krydser byen, skal du v\u00e6re forberedt p\u00e5 at afd\u00e6kke b\u00e5de ikoniske og gemte perler, da byen afsl\u00f8rer sig for dig p\u00e5 nye og uventede m\u00e5der. Nogle af de steder, du vil st\u00f8de p\u00e5, inkluderer en historisk katedral, en fredfyldt vindm\u00f8lle og et travlt markedsplads, der giver forskellige glimt ind i Middelburgs rige kultur og historie.\n\nN\u00e5r du udforsker Middelburg, ser du ikke bare sev\u00e6rdigheder, du spiller. L\u00f8s f\u00e6ngslende g\u00e5der, besvar vanskelige sp\u00f8rgsm\u00e5l og tag kreative foto-udfordringer for at komme videre i spillet. Hver gennemf\u00f8rt udfordring giver dig point, giver dig mulighed for at l\u00e5se op for nyttige tips og bringer dig et skridt t\u00e6ttere p\u00e5 at afsl\u00f8re et endeligt mysterium. For dem, der leder efter lidt konkurrence, kan du jage en h\u00f8j placering p\u00e5 ranglisten eller blot nyde spillet i dit eget tempo og nyde de fantastiske omgivelser. Skulle du have brug for at pause spillet, kan du nemt g\u00f8re det og genoptage, n\u00e5r du er klar til at forts\u00e6tte dit eventyr. Secrets of Middelburg City Game er ikke bare et udforskningsspil, det er n\u00f8glen til en by, der venter p\u00e5 at blive opdaget.","how_to_play":"Book udforskningsspillet, tjek den e-mail, vi sender dig med de enkle instruktioner, download Loquiz-appen, f\u00e5 adgang til udforskningsspillet, og du er klar til at begynde din spiloplevelse!","start_location":"Middelburg, Markt","available_languages":["en"],"players_per_group":"1-4","duration":"1.5-2 hours","image_overlay_color_image":"https:\/\/testwebsite.citygame.com\/wp-content\/blogs.dir\/1\/files\/sites\/62\/2026\/01\/SecretsColor.svg","image_overlay_game_logo":"https:\/\/testwebsite.citygame.com\/wp-content\/blogs.dir\/1\/files\/sites\/62\/2026\/01\/SecretsLogo.png","city_page":15845,"woocommerce_general_content":null},"yoast_head":"<!-- This site is optimized with the Yoast SEO Premium plugin v26.2 (Yoast SEO v26.3) - https:\/\/yoast.com\/wordpress\/plugins\/seo\/ -->\n<title>Secrets of Middelburg - City Game<\/title>\n<meta name=\"description\" content=\"Secrets of Middelburg. Spil et selvguidet byspil og udforsk byen gennem g\u00e5der, rebusser og udfordringer. Spil i dit eget tempo og opdag som en lokal!\" \/>\n<meta name=\"robots\" content=\"noindex, follow, max-snippet:-1, max-image-preview:large, max-video-preview:-1\" \/>\n<meta property=\"og:locale\" content=\"da_DK\" \/>\n<meta property=\"og:type\" content=\"article\" \/>\n<meta property=\"og:title\" content=\"Secrets of Middelburg\" \/>\n<meta property=\"og:description\" content=\"Secrets of Middelburg. Spil et selvguidet byspil og udforsk byen gennem g\u00e5der, rebusser og udfordringer. Spil i dit eget tempo og opdag som en lokal!\" \/>\n<meta property=\"og:url\" content=\"https:\/\/testwebsite.citygame.com\/da\/games\/middelburg\/secrets-of-middelburg\/\" \/>\n<meta property=\"og:site_name\" content=\"City Game\" \/>\n<meta property=\"article:publisher\" content=\"https:\/\/www.facebook.com\/profile.php?id=100086426226253\" \/>\n<meta property=\"article:modified_time\" content=\"2026-04-08T21:32:46+00:00\" \/>\n<meta property=\"og:image\" content=\"https:\/\/testwebsite.citygame.com\/wp-content\/blogs.dir\/1\/files\/sites\/62\/2026\/03\/woman-looking-at-phone-windmill-de-hoop-middelburg.jpg\" \/>\n\t<meta property=\"og:image:width\" content=\"1024\" \/>\n\t<meta property=\"og:image:height\" content=\"1024\" \/>\n\t<meta property=\"og:image:type\" content=\"image\/jpeg\" \/>\n<meta name=\"twitter:card\" content=\"summary_large_image\" \/>\n<meta name=\"twitter:label1\" content=\"Estimeret l\u00e6setid\" \/>\n\t<meta name=\"twitter:data1\" content=\"1 minut\" \/>\n<script type=\"application\/ld+json\" class=\"yoast-schema-graph\">{\"@context\":\"https:\/\/schema.org\",\"@graph\":[{\"@type\":\"WebPage\",\"@id\":\"https:\/\/testwebsite.citygame.com\/da\/games\/middelburg\/secrets-of-middelburg\/\",\"url\":\"https:\/\/testwebsite.citygame.com\/da\/games\/middelburg\/secrets-of-middelburg\/\",\"name\":\"Secrets of Middelburg - City Game\",\"isPartOf\":{\"@id\":\"https:\/\/testwebsite.upevents.nl\/#website\"},\"primaryImageOfPage\":{\"@id\":\"https:\/\/testwebsite.citygame.com\/da\/games\/middelburg\/secrets-of-middelburg\/#primaryimage\"},\"image\":{\"@id\":\"https:\/\/testwebsite.citygame.com\/da\/games\/middelburg\/secrets-of-middelburg\/#primaryimage\"},\"thumbnailUrl\":\"https:\/\/testwebsite.citygame.com\/wp-content\/blogs.dir\/1\/files\/sites\/62\/2026\/03\/woman-looking-at-phone-windmill-de-hoop-middelburg.jpg\",\"datePublished\":\"2026-03-13T18:56:28+00:00\",\"dateModified\":\"2026-04-08T21:32:46+00:00\",\"description\":\"Secrets of Middelburg. Spil et selvguidet byspil og udforsk byen gennem g\u00e5der, rebusser og udfordringer. Spil i dit eget tempo og opdag som en lokal!\",\"breadcrumb\":{\"@id\":\"https:\/\/testwebsite.citygame.com\/da\/games\/middelburg\/secrets-of-middelburg\/#breadcrumb\"},\"inLanguage\":\"da-DK\",\"potentialAction\":[{\"@type\":\"ReadAction\",\"target\":[\"https:\/\/testwebsite.citygame.com\/da\/games\/middelburg\/secrets-of-middelburg\/\"]}]},{\"@type\":\"ImageObject\",\"inLanguage\":\"da-DK\",\"@id\":\"https:\/\/testwebsite.citygame.com\/da\/games\/middelburg\/secrets-of-middelburg\/#primaryimage\",\"url\":\"https:\/\/testwebsite.citygame.com\/wp-content\/blogs.dir\/1\/files\/sites\/62\/2026\/03\/woman-looking-at-phone-windmill-de-hoop-middelburg.jpg\",\"contentUrl\":\"https:\/\/testwebsite.citygame.com\/wp-content\/blogs.dir\/1\/files\/sites\/62\/2026\/03\/woman-looking-at-phone-windmill-de-hoop-middelburg.jpg\",\"width\":1024,\"height\":1024,\"caption\":\"A scenic view of the De Hoop windmill along the canal in Middelburg, Netherlands.\"},{\"@type\":\"BreadcrumbList\",\"@id\":\"https:\/\/testwebsite.citygame.com\/da\/games\/middelburg\/secrets-of-middelburg\/#breadcrumb\",\"itemListElement\":[{\"@type\":\"ListItem\",\"position\":1,\"name\":\"Home\",\"item\":\"https:\/\/testwebsite.citygame.com\/da\/\"},{\"@type\":\"ListItem\",\"position\":2,\"name\":\"Shop\",\"item\":\"https:\/\/testwebsite.citygame.com\/shop\/\"},{\"@type\":\"ListItem\",\"position\":3,\"name\":\"Secrets of Middelburg\"}]},{\"@type\":\"WebSite\",\"@id\":\"https:\/\/testwebsite.upevents.nl\/#website\",\"url\":\"https:\/\/testwebsite.upevents.nl\/\",\"name\":\"City Game\",\"description\":\"\",\"publisher\":{\"@id\":\"https:\/\/testwebsite.upevents.nl\/#organization\"},\"alternateName\":\"citygame.com\",\"potentialAction\":[{\"@type\":\"SearchAction\",\"target\":{\"@type\":\"EntryPoint\",\"urlTemplate\":\"https:\/\/testwebsite.upevents.nl\/?s={search_term_string}\"},\"query-input\":{\"@type\":\"PropertyValueSpecification\",\"valueRequired\":true,\"valueName\":\"search_term_string\"}}],\"inLanguage\":\"da-DK\"},{\"@type\":[\"Organization\",\"Place\"],\"@id\":\"https:\/\/testwebsite.upevents.nl\/#organization\",\"name\":\"City Game\",\"alternateName\":\"citygame.com\",\"url\":\"https:\/\/testwebsite.upevents.nl\/\",\"logo\":{\"@id\":\"https:\/\/testwebsite.citygame.com\/da\/games\/middelburg\/secrets-of-middelburg\/#local-main-organization-logo\"},\"image\":{\"@id\":\"https:\/\/testwebsite.citygame.com\/da\/games\/middelburg\/secrets-of-middelburg\/#local-main-organization-logo\"},\"sameAs\":[\"https:\/\/www.facebook.com\/profile.php?id=100086426226253\",\"https:\/\/www.instagram.com\/citygame_com\",\"https:\/\/www.tiktok.com\/@citygamecom\/\",\"https:\/\/www.linkedin.com\/company\/citygame-com\"],\"description\":\"Turn any city into a playground with our interactive City Games and self-guided tours. Fun, flexible, and ideal for groups and team building.\",\"telephone\":[],\"openingHoursSpecification\":[{\"@type\":\"OpeningHoursSpecification\",\"dayOfWeek\":[\"Monday\",\"Tuesday\",\"Wednesday\",\"Thursday\",\"Friday\",\"Saturday\",\"Sunday\"],\"opens\":\"09:00\",\"closes\":\"17:00\"}]},{\"@type\":\"ImageObject\",\"inLanguage\":\"da-DK\",\"@id\":\"https:\/\/testwebsite.citygame.com\/da\/games\/middelburg\/secrets-of-middelburg\/#local-main-organization-logo\",\"url\":\"https:\/\/testwebsite.citygame.com\/wp-content\/blogs.dir\/1\/files\/sites\/62\/2025\/10\/CG_LOGO-City-Game.png\",\"contentUrl\":\"https:\/\/testwebsite.citygame.com\/wp-content\/blogs.dir\/1\/files\/sites\/62\/2025\/10\/CG_LOGO-City-Game.png\",\"width\":351,\"height\":377,\"caption\":\"City Game\"}]}<\/script>\n<!-- \/ Yoast SEO Premium plugin. -->","yoast_head_json":{"title":"Secrets of Middelburg - City Game","description":"Secrets of Middelburg. Spil et selvguidet byspil og udforsk byen gennem g\u00e5der, rebusser og udfordringer. Spil i dit eget tempo og opdag som en lokal!","robots":{"index":"noindex","follow":"follow","max-snippet":"max-snippet:-1","max-image-preview":"max-image-preview:large","max-video-preview":"max-video-preview:-1"},"og_locale":"da_DK","og_type":"article","og_title":"Secrets of Middelburg","og_description":"Secrets of Middelburg. Spil et selvguidet byspil og udforsk byen gennem g\u00e5der, rebusser og udfordringer. Spil i dit eget tempo og opdag som en lokal!","og_url":"https:\/\/testwebsite.citygame.com\/da\/games\/middelburg\/secrets-of-middelburg\/","og_site_name":"City Game","article_publisher":"https:\/\/www.facebook.com\/profile.php?id=100086426226253","article_modified_time":"2026-04-08T21:32:46+00:00","og_image":[{"width":1024,"height":1024,"url":"https:\/\/testwebsite.citygame.com\/wp-content\/blogs.dir\/1\/files\/sites\/62\/2026\/03\/woman-looking-at-phone-windmill-de-hoop-middelburg.jpg","type":"image\/jpeg"}],"twitter_card":"summary_large_image","twitter_misc":{"Estimeret l\u00e6setid":"1 minut"},"schema":{"@context":"https:\/\/schema.org","@graph":[{"@type":"WebPage","@id":"https:\/\/testwebsite.citygame.com\/da\/games\/middelburg\/secrets-of-middelburg\/","url":"https:\/\/testwebsite.citygame.com\/da\/games\/middelburg\/secrets-of-middelburg\/","name":"Secrets of Middelburg - City Game","isPartOf":{"@id":"https:\/\/testwebsite.upevents.nl\/#website"},"primaryImageOfPage":{"@id":"https:\/\/testwebsite.citygame.com\/da\/games\/middelburg\/secrets-of-middelburg\/#primaryimage"},"image":{"@id":"https:\/\/testwebsite.citygame.com\/da\/games\/middelburg\/secrets-of-middelburg\/#primaryimage"},"thumbnailUrl":"https:\/\/testwebsite.citygame.com\/wp-content\/blogs.dir\/1\/files\/sites\/62\/2026\/03\/woman-looking-at-phone-windmill-de-hoop-middelburg.jpg","datePublished":"2026-03-13T18:56:28+00:00","dateModified":"2026-04-08T21:32:46+00:00","description":"Secrets of Middelburg. Spil et selvguidet byspil og udforsk byen gennem g\u00e5der, rebusser og udfordringer. Spil i dit eget tempo og opdag som en lokal!","breadcrumb":{"@id":"https:\/\/testwebsite.citygame.com\/da\/games\/middelburg\/secrets-of-middelburg\/#breadcrumb"},"inLanguage":"da-DK","potentialAction":[{"@type":"ReadAction","target":["https:\/\/testwebsite.citygame.com\/da\/games\/middelburg\/secrets-of-middelburg\/"]}]},{"@type":"ImageObject","inLanguage":"da-DK","@id":"https:\/\/testwebsite.citygame.com\/da\/games\/middelburg\/secrets-of-middelburg\/#primaryimage","url":"https:\/\/testwebsite.citygame.com\/wp-content\/blogs.dir\/1\/files\/sites\/62\/2026\/03\/woman-looking-at-phone-windmill-de-hoop-middelburg.jpg","contentUrl":"https:\/\/testwebsite.citygame.com\/wp-content\/blogs.dir\/1\/files\/sites\/62\/2026\/03\/woman-looking-at-phone-windmill-de-hoop-middelburg.jpg","width":1024,"height":1024,"caption":"A scenic view of the De Hoop windmill along the canal in Middelburg, Netherlands."},{"@type":"BreadcrumbList","@id":"https:\/\/testwebsite.citygame.com\/da\/games\/middelburg\/secrets-of-middelburg\/#breadcrumb","itemListElement":[{"@type":"ListItem","position":1,"name":"Home","item":"https:\/\/testwebsite.citygame.com\/da\/"},{"@type":"ListItem","position":2,"name":"Shop","item":"https:\/\/testwebsite.citygame.com\/shop\/"},{"@type":"ListItem","position":3,"name":"Secrets of Middelburg"}]},{"@type":"WebSite","@id":"https:\/\/testwebsite.upevents.nl\/#website","url":"https:\/\/testwebsite.upevents.nl\/","name":"City Game","description":"","publisher":{"@id":"https:\/\/testwebsite.upevents.nl\/#organization"},"alternateName":"citygame.com","potentialAction":[{"@type":"SearchAction","target":{"@type":"EntryPoint","urlTemplate":"https:\/\/testwebsite.upevents.nl\/?s={search_term_string}"},"query-input":{"@type":"PropertyValueSpecification","valueRequired":true,"valueName":"search_term_string"}}],"inLanguage":"da-DK"},{"@type":["Organization","Place"],"@id":"https:\/\/testwebsite.upevents.nl\/#organization","name":"City Game","alternateName":"citygame.com","url":"https:\/\/testwebsite.upevents.nl\/","logo":{"@id":"https:\/\/testwebsite.citygame.com\/da\/games\/middelburg\/secrets-of-middelburg\/#local-main-organization-logo"},"image":{"@id":"https:\/\/testwebsite.citygame.com\/da\/games\/middelburg\/secrets-of-middelburg\/#local-main-organization-logo"},"sameAs":["https:\/\/www.facebook.com\/profile.php?id=100086426226253","https:\/\/www.instagram.com\/citygame_com","https:\/\/www.tiktok.com\/@citygamecom\/","https:\/\/www.linkedin.com\/company\/citygame-com"],"description":"Turn any city into a playground with our interactive City Games and self-guided tours. Fun, flexible, and ideal for groups and team building.","telephone":[],"openingHoursSpecification":[{"@type":"OpeningHoursSpecification","dayOfWeek":["Monday","Tuesday","Wednesday","Thursday","Friday","Saturday","Sunday"],"opens":"09:00","closes":"17:00"}]},{"@type":"ImageObject","inLanguage":"da-DK","@id":"https:\/\/testwebsite.citygame.com\/da\/games\/middelburg\/secrets-of-middelburg\/#local-main-organization-logo","url":"https:\/\/testwebsite.citygame.com\/wp-content\/blogs.dir\/1\/files\/sites\/62\/2025\/10\/CG_LOGO-City-Game.png","contentUrl":"https:\/\/testwebsite.citygame.com\/wp-content\/blogs.dir\/1\/files\/sites\/62\/2025\/10\/CG_LOGO-City-Game.png","width":351,"height":377,"caption":"City Game"}]}},"taxonomy_info":{"game-concept":[{"value":708,"label":"Secrets"}],"location":[{"value":276,"label":"Middelburg"}],"product_cat":[{"value":27,"label":"Geen categorie"}]},"featured_image_src_large":["https:\/\/testwebsite.citygame.com\/wp-content\/blogs.dir\/1\/files\/sites\/62\/2026\/03\/woman-looking-at-phone-windmill-de-hoop-middelburg.jpg",1024,1024,false],"author_info":[],"comment_info":"","_links":{"self":[{"href":"https:\/\/testwebsite.citygame.com\/da\/wp-json\/wp\/v2\/product\/66593","targetHints":{"allow":["GET"]}}],"collection":[{"href":"https:\/\/testwebsite.citygame.com\/da\/wp-json\/wp\/v2\/product"}],"about":[{"href":"https:\/\/testwebsite.citygame.com\/da\/wp-json\/wp\/v2\/types\/product"}],"acf:post":[{"embeddable":true,"href":"https:\/\/testwebsite.citygame.com\/da\/wp-json\/wp\/v2\/pages\/15845"}],"wp:featuredmedia":[{"embeddable":true,"href":"https:\/\/testwebsite.citygame.com\/da\/wp-json\/wp\/v2\/media\/18861"}],"wp:attachment":[{"href":"https:\/\/testwebsite.citygame.com\/da\/wp-json\/wp\/v2\/media?parent=66593"}],"wp:term":[{"taxonomy":"game-concept","embeddable":true,"href":"https:\/\/testwebsite.citygame.com\/da\/wp-json\/wp\/v2\/game-concept?post=66593"},{"taxonomy":"location","embeddable":true,"href":"https:\/\/testwebsite.citygame.com\/da\/wp-json\/wp\/v2\/location?post=66593"},{"taxonomy":"product_brand","embeddable":true,"href":"https:\/\/testwebsite.citygame.com\/da\/wp-json\/wp\/v2\/product_brand?post=66593"},{"taxonomy":"product_cat","embeddable":true,"href":"https:\/\/testwebsite.citygame.com\/da\/wp-json\/wp\/v2\/product_cat?post=66593"},{"taxonomy":"product_tag","embeddable":true,"href":"https:\/\/testwebsite.citygame.com\/da\/wp-json\/wp\/v2\/product_tag?post=66593"}],"curies":[{"name":"wp","href":"https:\/\/api.w.org\/{rel}","templated":true}]}}