{"id":66531,"date":"2026-03-13T18:26:54","date_gmt":"2026-03-13T18:26:54","guid":{"rendered":"https:\/\/testwebsite.citygame.com\/games\/unknown-location\/secrets-of-katwijk-aan-zee\/"},"modified":"2026-04-08T21:00:59","modified_gmt":"2026-04-08T21:00:59","slug":"secrets-of-katwijk-aan-zee","status":"publish","type":"product","link":"https:\/\/testwebsite.citygame.com\/da\/games\/katwijk-aan-zee\/secrets-of-katwijk-aan-zee\/","title":{"rendered":"Secrets of Katwijk aan Zee"},"content":{"rendered":"<p>Oplev det unikke Secrets of Katwijk aan Zee City Game, et selvguidet, GPS-baseret udforskningsspil, der tager dig gennem Katwijk aan Zees bymidte. Bev\u00e6bnet med din smartphone begiver du dig ud p\u00e5 et eventyr, hvor du l\u00f8ser en r\u00e6kke opgaver, g\u00e5der og foto-udfordringer, der ikke kun tester din snilde, men ogs\u00e5 din skarpe iagttagelsesevne. Mens du strejfer rundt, vil du afd\u00e6kke byens historie, kultur og skjulte detaljer, der langsomt afsl\u00f8rer Katwijk aan Zees charmerende og livlige essens. Det er en fascinerende rejse, som b\u00e5de turister og lokale kan deltage i, velegnet til solospillere eller sociale aktiviteter, s\u00e5som par-dates, familieudflugter eller en dag ude med venner. Oplivende og informativt tilbyder City Game Katwijk aan Zee en unik m\u00e5de at udforske byen p\u00e5, der forvandler byrummet til din personlige interaktive eventyrbog.<\/p>\n","protected":false},"excerpt":{"rendered":"<p>Opdag Katwijk aan Zees skjulte perler! Dyk ned i en by, hvor historien smelter sammen med en pulserende kystkultur, fra gamle romerske milit\u00e6rlejre til indbydende strandcaf\u00e9er. G\u00e5 langs dens f\u00e6ngslende kystlinje, Katwijk aan Zee lover sp\u00e6ndende mysterier, der lurer under hver gyldne klit!<\/p>\n","protected":false},"featured_media":18839,"template":"","meta":{"_acf_changed":false,"_yoast_wpseo_focuskw":"Secrets of Katwijk aan Zee","_yoast_wpseo_metadesc":"Secrets of Katwijk aan Zee. Spil et selvguidet City Game og udforsk byen gennem opgaver, g\u00e5der og udfordringer. Spil i dit eget tempo og opdag som en lokal!","_kad_blocks_custom_css":"","_kad_blocks_head_custom_js":"","_kad_blocks_body_custom_js":"","_kad_blocks_footer_custom_js":"","ghostkit_customizer_options":"","ghostkit_custom_css":"","ghostkit_custom_js_head":"","ghostkit_custom_js_foot":"","ghostkit_typography":"","_kad_post_transparent":"","_kad_post_title":"","_kad_post_layout":"","_kad_post_sidebar_id":"","_kad_post_content_style":"","_kad_post_vertical_padding":"","_kad_post_feature":"","_kad_post_feature_position":"","_kad_post_header":false,"_kad_post_footer":false,"_kad_post_classname":"","_links_to":"","_links_to_target":""},"game-concept":[708],"location":[220],"product_brand":[],"product_cat":[27],"product_tag":[],"class_list":{"0":"post-66531","1":"product","2":"type-product","3":"status-publish","4":"has-post-thumbnail","6":"game-concept-secrets","7":"location-katwijk-aan-zee","8":"product_cat-geen-categorie","10":"first","11":"instock","12":"shipping-taxable","13":"purchasable","14":"product-type-simple","15":"entry","16":"content-bg","17":"loop-entry"},"acf":{"full_bokun_product_name":"Self-Guided Secrets of Katwijk aan Zee Exploration Game","location_name":"Katwijk aan Zee","bokun_calendar_widget_code":"<script type=\"text\/javascript\" src=\"https:\/\/widgets.bokun.io\/assets\/javascripts\/apps\/build\/BokunWidgetsLoader.js?bookingChannelUUID=a1e93e96-5232-4734-a595-28405f4b5a31\" async><\/script>\n     \n    <div class=\"bokunWidget\" data-src=\"https:\/\/widgets.bokun.io\/online-sales\/a1e93e96-5232-4734-a595-28405f4b5a31\/experience-calendar\/887826\"><\/div>\n    <noscript>Please enable javascript in your browser to book<\/noscript>","bokun_button_widget_code":"<script type=\"text\/javascript\" src=\"https:\/\/widgets.bokun.io\/assets\/javascripts\/apps\/build\/BokunWidgetsLoader.js?bookingChannelUUID=a1e93e96-5232-4734-a595-28405f4b5a31\" async><\/script>\n      <style> #bokun_ed001e45_5927_4f62_b470_ca766338d083 { display: inline-block; padding: .4em 1em; background: #47b82e; border-radius: 999999px; box-shadow: none; font-weight: 600; font-size: 24px; text-decoration: none; text-align: center; color: #FFFFFF; border:none; cursor: pointer; transition: background .2s ease; } #bokun_ed001e45_5927_4f62_b470_ca766338d083:hover{ background: #2f7b1f; } #bokun_ed001e45_5927_4f62_b470_ca766338d083:active{ background: #378f24; } <\/style> <button class=\"bokunButton\" disabled id=bokun_ed001e45_5927_4f62_b470_ca766338d083 data-src=\"https:\/\/widgets.bokun.io\/online-sales\/a1e93e96-5232-4734-a595-28405f4b5a31\/experience-calendar\/887826?partialView=1\" data-testid=\"widget-book-button\" > Book now <\/button> ","what_you\u2019ll_experience_during_the_game":"I Secrets of Katwijk aan Zee City Game finder du en unik blanding af sightseeing, interaktive udfordringer og en f\u00e6ngslende historie. Mens du navigerer gennem byens charmerende gader, b\u00e5de de velkendte og de skjulte, vil spillet f\u00f8re dig til emblematiske steder og til steder uden for de slagne veje. Uanset om det er at beundre de rolige bl\u00e5 farver langs Nords\u00f8ens kystlinje, at dykke ned i de rige historier, der gemmer sig i den hyggelige hollandske arkitektur, eller at udforske Katwijk aan Zees kyst- og indre sk\u00f8nhed, er du klar til en ekstraordin\u00e6r rejse fuld af opdagelse og eventyr. \n\nCity Game handler ikke kun om udforskning; det omfatter en r\u00e6kke tankev\u00e6kkende opgaver og g\u00e5der, kreative foto-udfordringer og sp\u00e6ndende sp\u00f8rgsm\u00e5l\u2014alt sammen knyttet til et underliggende mysterium, der venter p\u00e5 at blive afsl\u00f8ret. Mens du man\u00f8vrerer gennem disse udfordringer, samler du point, l\u00e5ser op for nyttige tips og kommer t\u00e6ttere p\u00e5 at afkode det ultimative mysterium. Hvis du vil holde en pause, kan du s\u00e6tte spillet p\u00e5 pause n\u00e5r som helst og genoptage det, n\u00e5r du har lyst. Konkurrencemindede sj\u00e6le, der sigter mod at sikre sig en h\u00f8j placering p\u00e5 ranglisten, vil finde dette udforskningsspil en fristende udfordring. G\u00f8r dig klar til at afsl\u00f8re Secrets of Katwijk aan Zee.","how_to_play":"Book Udforskningsspillet, tjek den e-mail, vi sender dig med de simple instruktioner, download Loquiz App'en, f\u00e5 adgang til Udforskningsspillet, og du er klar til at starte din spiloplevelse!","start_location":"Katwijk aan zee, Zwaaikom","available_languages":["en"],"players_per_group":"1-4","duration":"1.5-2 hours","image_overlay_color_image":"https:\/\/testwebsite.citygame.com\/wp-content\/blogs.dir\/1\/files\/sites\/62\/2026\/01\/SecretsColor.svg","image_overlay_game_logo":"https:\/\/testwebsite.citygame.com\/wp-content\/blogs.dir\/1\/files\/sites\/62\/2026\/01\/SecretsLogo.png","city_page":15833,"woocommerce_general_content":null},"yoast_head":"<!-- This site is optimized with the Yoast SEO Premium plugin v26.2 (Yoast SEO v26.3) - https:\/\/yoast.com\/wordpress\/plugins\/seo\/ -->\n<title>Secrets of Katwijk aan Zee - City Game<\/title>\n<meta name=\"description\" content=\"Secrets of Katwijk aan Zee. Spil et selvguidet City Game og udforsk byen gennem opgaver, g\u00e5der og udfordringer. Spil i dit eget tempo og opdag som en lokal!\" \/>\n<meta name=\"robots\" content=\"noindex, follow, max-snippet:-1, max-image-preview:large, max-video-preview:-1\" \/>\n<meta property=\"og:locale\" content=\"da_DK\" \/>\n<meta property=\"og:type\" content=\"article\" \/>\n<meta property=\"og:title\" content=\"Secrets of Katwijk aan Zee\" \/>\n<meta property=\"og:description\" content=\"Secrets of Katwijk aan Zee. Spil et selvguidet City Game og udforsk byen gennem opgaver, g\u00e5der og udfordringer. Spil i dit eget tempo og opdag som en lokal!\" \/>\n<meta property=\"og:url\" content=\"https:\/\/testwebsite.citygame.com\/da\/games\/katwijk-aan-zee\/secrets-of-katwijk-aan-zee\/\" \/>\n<meta property=\"og:site_name\" content=\"City Game\" \/>\n<meta property=\"article:publisher\" content=\"https:\/\/www.facebook.com\/profile.php?id=100086426226253\" \/>\n<meta property=\"article:modified_time\" content=\"2026-04-08T21:00:59+00:00\" \/>\n<meta property=\"og:image\" content=\"https:\/\/testwebsite.citygame.com\/wp-content\/blogs.dir\/1\/files\/sites\/62\/2026\/03\/katwijk-aan-zee-city-game-player-on-coastal-road.jpg\" \/>\n\t<meta property=\"og:image:width\" content=\"1024\" \/>\n\t<meta property=\"og:image:height\" content=\"1024\" \/>\n\t<meta property=\"og:image:type\" content=\"image\/jpeg\" \/>\n<meta name=\"twitter:card\" content=\"summary_large_image\" \/>\n<meta name=\"twitter:label1\" content=\"Estimeret l\u00e6setid\" \/>\n\t<meta name=\"twitter:data1\" content=\"1 minut\" \/>\n<script type=\"application\/ld+json\" class=\"yoast-schema-graph\">{\"@context\":\"https:\/\/schema.org\",\"@graph\":[{\"@type\":\"WebPage\",\"@id\":\"https:\/\/testwebsite.citygame.com\/da\/games\/katwijk-aan-zee\/secrets-of-katwijk-aan-zee\/\",\"url\":\"https:\/\/testwebsite.citygame.com\/da\/games\/katwijk-aan-zee\/secrets-of-katwijk-aan-zee\/\",\"name\":\"Secrets of Katwijk aan Zee - City Game\",\"isPartOf\":{\"@id\":\"https:\/\/testwebsite.upevents.nl\/#website\"},\"primaryImageOfPage\":{\"@id\":\"https:\/\/testwebsite.citygame.com\/da\/games\/katwijk-aan-zee\/secrets-of-katwijk-aan-zee\/#primaryimage\"},\"image\":{\"@id\":\"https:\/\/testwebsite.citygame.com\/da\/games\/katwijk-aan-zee\/secrets-of-katwijk-aan-zee\/#primaryimage\"},\"thumbnailUrl\":\"https:\/\/testwebsite.citygame.com\/wp-content\/blogs.dir\/1\/files\/sites\/62\/2026\/03\/katwijk-aan-zee-city-game-player-on-coastal-road.jpg\",\"datePublished\":\"2026-03-13T18:26:54+00:00\",\"dateModified\":\"2026-04-08T21:00:59+00:00\",\"description\":\"Secrets of Katwijk aan Zee. Spil et selvguidet City Game og udforsk byen gennem opgaver, g\u00e5der og udfordringer. Spil i dit eget tempo og opdag som en lokal!\",\"breadcrumb\":{\"@id\":\"https:\/\/testwebsite.citygame.com\/da\/games\/katwijk-aan-zee\/secrets-of-katwijk-aan-zee\/#breadcrumb\"},\"inLanguage\":\"da-DK\",\"potentialAction\":[{\"@type\":\"ReadAction\",\"target\":[\"https:\/\/testwebsite.citygame.com\/da\/games\/katwijk-aan-zee\/secrets-of-katwijk-aan-zee\/\"]}]},{\"@type\":\"ImageObject\",\"inLanguage\":\"da-DK\",\"@id\":\"https:\/\/testwebsite.citygame.com\/da\/games\/katwijk-aan-zee\/secrets-of-katwijk-aan-zee\/#primaryimage\",\"url\":\"https:\/\/testwebsite.citygame.com\/wp-content\/blogs.dir\/1\/files\/sites\/62\/2026\/03\/katwijk-aan-zee-city-game-player-on-coastal-road.jpg\",\"contentUrl\":\"https:\/\/testwebsite.citygame.com\/wp-content\/blogs.dir\/1\/files\/sites\/62\/2026\/03\/katwijk-aan-zee-city-game-player-on-coastal-road.jpg\",\"width\":1024,\"height\":1024,\"caption\":\"A young woman explores the coastal town of Katwijk aan Zee while playing a city game.\"},{\"@type\":\"BreadcrumbList\",\"@id\":\"https:\/\/testwebsite.citygame.com\/da\/games\/katwijk-aan-zee\/secrets-of-katwijk-aan-zee\/#breadcrumb\",\"itemListElement\":[{\"@type\":\"ListItem\",\"position\":1,\"name\":\"Home\",\"item\":\"https:\/\/testwebsite.citygame.com\/da\/\"},{\"@type\":\"ListItem\",\"position\":2,\"name\":\"Shop\",\"item\":\"https:\/\/testwebsite.citygame.com\/shop\/\"},{\"@type\":\"ListItem\",\"position\":3,\"name\":\"Secrets of Katwijk aan Zee\"}]},{\"@type\":\"WebSite\",\"@id\":\"https:\/\/testwebsite.upevents.nl\/#website\",\"url\":\"https:\/\/testwebsite.upevents.nl\/\",\"name\":\"City Game\",\"description\":\"\",\"publisher\":{\"@id\":\"https:\/\/testwebsite.upevents.nl\/#organization\"},\"alternateName\":\"citygame.com\",\"potentialAction\":[{\"@type\":\"SearchAction\",\"target\":{\"@type\":\"EntryPoint\",\"urlTemplate\":\"https:\/\/testwebsite.upevents.nl\/?s={search_term_string}\"},\"query-input\":{\"@type\":\"PropertyValueSpecification\",\"valueRequired\":true,\"valueName\":\"search_term_string\"}}],\"inLanguage\":\"da-DK\"},{\"@type\":[\"Organization\",\"Place\"],\"@id\":\"https:\/\/testwebsite.upevents.nl\/#organization\",\"name\":\"City Game\",\"alternateName\":\"citygame.com\",\"url\":\"https:\/\/testwebsite.upevents.nl\/\",\"logo\":{\"@id\":\"https:\/\/testwebsite.citygame.com\/da\/games\/katwijk-aan-zee\/secrets-of-katwijk-aan-zee\/#local-main-organization-logo\"},\"image\":{\"@id\":\"https:\/\/testwebsite.citygame.com\/da\/games\/katwijk-aan-zee\/secrets-of-katwijk-aan-zee\/#local-main-organization-logo\"},\"sameAs\":[\"https:\/\/www.facebook.com\/profile.php?id=100086426226253\",\"https:\/\/www.instagram.com\/citygame_com\",\"https:\/\/www.tiktok.com\/@citygamecom\/\",\"https:\/\/www.linkedin.com\/company\/citygame-com\"],\"description\":\"Turn any city into a playground with our interactive City Games and self-guided tours. Fun, flexible, and ideal for groups and team building.\",\"telephone\":[],\"openingHoursSpecification\":[{\"@type\":\"OpeningHoursSpecification\",\"dayOfWeek\":[\"Monday\",\"Tuesday\",\"Wednesday\",\"Thursday\",\"Friday\",\"Saturday\",\"Sunday\"],\"opens\":\"09:00\",\"closes\":\"17:00\"}]},{\"@type\":\"ImageObject\",\"inLanguage\":\"da-DK\",\"@id\":\"https:\/\/testwebsite.citygame.com\/da\/games\/katwijk-aan-zee\/secrets-of-katwijk-aan-zee\/#local-main-organization-logo\",\"url\":\"https:\/\/testwebsite.citygame.com\/wp-content\/blogs.dir\/1\/files\/sites\/62\/2025\/10\/CG_LOGO-City-Game.png\",\"contentUrl\":\"https:\/\/testwebsite.citygame.com\/wp-content\/blogs.dir\/1\/files\/sites\/62\/2025\/10\/CG_LOGO-City-Game.png\",\"width\":351,\"height\":377,\"caption\":\"City Game\"}]}<\/script>\n<!-- \/ Yoast SEO Premium plugin. -->","yoast_head_json":{"title":"Secrets of Katwijk aan Zee - City Game","description":"Secrets of Katwijk aan Zee. Spil et selvguidet City Game og udforsk byen gennem opgaver, g\u00e5der og udfordringer. Spil i dit eget tempo og opdag som en lokal!","robots":{"index":"noindex","follow":"follow","max-snippet":"max-snippet:-1","max-image-preview":"max-image-preview:large","max-video-preview":"max-video-preview:-1"},"og_locale":"da_DK","og_type":"article","og_title":"Secrets of Katwijk aan Zee","og_description":"Secrets of Katwijk aan Zee. Spil et selvguidet City Game og udforsk byen gennem opgaver, g\u00e5der og udfordringer. Spil i dit eget tempo og opdag som en lokal!","og_url":"https:\/\/testwebsite.citygame.com\/da\/games\/katwijk-aan-zee\/secrets-of-katwijk-aan-zee\/","og_site_name":"City Game","article_publisher":"https:\/\/www.facebook.com\/profile.php?id=100086426226253","article_modified_time":"2026-04-08T21:00:59+00:00","og_image":[{"width":1024,"height":1024,"url":"https:\/\/testwebsite.citygame.com\/wp-content\/blogs.dir\/1\/files\/sites\/62\/2026\/03\/katwijk-aan-zee-city-game-player-on-coastal-road.jpg","type":"image\/jpeg"}],"twitter_card":"summary_large_image","twitter_misc":{"Estimeret l\u00e6setid":"1 minut"},"schema":{"@context":"https:\/\/schema.org","@graph":[{"@type":"WebPage","@id":"https:\/\/testwebsite.citygame.com\/da\/games\/katwijk-aan-zee\/secrets-of-katwijk-aan-zee\/","url":"https:\/\/testwebsite.citygame.com\/da\/games\/katwijk-aan-zee\/secrets-of-katwijk-aan-zee\/","name":"Secrets of Katwijk aan Zee - City Game","isPartOf":{"@id":"https:\/\/testwebsite.upevents.nl\/#website"},"primaryImageOfPage":{"@id":"https:\/\/testwebsite.citygame.com\/da\/games\/katwijk-aan-zee\/secrets-of-katwijk-aan-zee\/#primaryimage"},"image":{"@id":"https:\/\/testwebsite.citygame.com\/da\/games\/katwijk-aan-zee\/secrets-of-katwijk-aan-zee\/#primaryimage"},"thumbnailUrl":"https:\/\/testwebsite.citygame.com\/wp-content\/blogs.dir\/1\/files\/sites\/62\/2026\/03\/katwijk-aan-zee-city-game-player-on-coastal-road.jpg","datePublished":"2026-03-13T18:26:54+00:00","dateModified":"2026-04-08T21:00:59+00:00","description":"Secrets of Katwijk aan Zee. Spil et selvguidet City Game og udforsk byen gennem opgaver, g\u00e5der og udfordringer. Spil i dit eget tempo og opdag som en lokal!","breadcrumb":{"@id":"https:\/\/testwebsite.citygame.com\/da\/games\/katwijk-aan-zee\/secrets-of-katwijk-aan-zee\/#breadcrumb"},"inLanguage":"da-DK","potentialAction":[{"@type":"ReadAction","target":["https:\/\/testwebsite.citygame.com\/da\/games\/katwijk-aan-zee\/secrets-of-katwijk-aan-zee\/"]}]},{"@type":"ImageObject","inLanguage":"da-DK","@id":"https:\/\/testwebsite.citygame.com\/da\/games\/katwijk-aan-zee\/secrets-of-katwijk-aan-zee\/#primaryimage","url":"https:\/\/testwebsite.citygame.com\/wp-content\/blogs.dir\/1\/files\/sites\/62\/2026\/03\/katwijk-aan-zee-city-game-player-on-coastal-road.jpg","contentUrl":"https:\/\/testwebsite.citygame.com\/wp-content\/blogs.dir\/1\/files\/sites\/62\/2026\/03\/katwijk-aan-zee-city-game-player-on-coastal-road.jpg","width":1024,"height":1024,"caption":"A young woman explores the coastal town of Katwijk aan Zee while playing a city game."},{"@type":"BreadcrumbList","@id":"https:\/\/testwebsite.citygame.com\/da\/games\/katwijk-aan-zee\/secrets-of-katwijk-aan-zee\/#breadcrumb","itemListElement":[{"@type":"ListItem","position":1,"name":"Home","item":"https:\/\/testwebsite.citygame.com\/da\/"},{"@type":"ListItem","position":2,"name":"Shop","item":"https:\/\/testwebsite.citygame.com\/shop\/"},{"@type":"ListItem","position":3,"name":"Secrets of Katwijk aan Zee"}]},{"@type":"WebSite","@id":"https:\/\/testwebsite.upevents.nl\/#website","url":"https:\/\/testwebsite.upevents.nl\/","name":"City Game","description":"","publisher":{"@id":"https:\/\/testwebsite.upevents.nl\/#organization"},"alternateName":"citygame.com","potentialAction":[{"@type":"SearchAction","target":{"@type":"EntryPoint","urlTemplate":"https:\/\/testwebsite.upevents.nl\/?s={search_term_string}"},"query-input":{"@type":"PropertyValueSpecification","valueRequired":true,"valueName":"search_term_string"}}],"inLanguage":"da-DK"},{"@type":["Organization","Place"],"@id":"https:\/\/testwebsite.upevents.nl\/#organization","name":"City Game","alternateName":"citygame.com","url":"https:\/\/testwebsite.upevents.nl\/","logo":{"@id":"https:\/\/testwebsite.citygame.com\/da\/games\/katwijk-aan-zee\/secrets-of-katwijk-aan-zee\/#local-main-organization-logo"},"image":{"@id":"https:\/\/testwebsite.citygame.com\/da\/games\/katwijk-aan-zee\/secrets-of-katwijk-aan-zee\/#local-main-organization-logo"},"sameAs":["https:\/\/www.facebook.com\/profile.php?id=100086426226253","https:\/\/www.instagram.com\/citygame_com","https:\/\/www.tiktok.com\/@citygamecom\/","https:\/\/www.linkedin.com\/company\/citygame-com"],"description":"Turn any city into a playground with our interactive City Games and self-guided tours. Fun, flexible, and ideal for groups and team building.","telephone":[],"openingHoursSpecification":[{"@type":"OpeningHoursSpecification","dayOfWeek":["Monday","Tuesday","Wednesday","Thursday","Friday","Saturday","Sunday"],"opens":"09:00","closes":"17:00"}]},{"@type":"ImageObject","inLanguage":"da-DK","@id":"https:\/\/testwebsite.citygame.com\/da\/games\/katwijk-aan-zee\/secrets-of-katwijk-aan-zee\/#local-main-organization-logo","url":"https:\/\/testwebsite.citygame.com\/wp-content\/blogs.dir\/1\/files\/sites\/62\/2025\/10\/CG_LOGO-City-Game.png","contentUrl":"https:\/\/testwebsite.citygame.com\/wp-content\/blogs.dir\/1\/files\/sites\/62\/2025\/10\/CG_LOGO-City-Game.png","width":351,"height":377,"caption":"City Game"}]}},"taxonomy_info":{"game-concept":[{"value":708,"label":"Secrets"}],"location":[{"value":220,"label":"Katwijk aan Zee"}],"product_cat":[{"value":27,"label":"Geen categorie"}]},"featured_image_src_large":["https:\/\/testwebsite.citygame.com\/wp-content\/blogs.dir\/1\/files\/sites\/62\/2026\/03\/katwijk-aan-zee-city-game-player-on-coastal-road.jpg",1024,1024,false],"author_info":[],"comment_info":"","_links":{"self":[{"href":"https:\/\/testwebsite.citygame.com\/da\/wp-json\/wp\/v2\/product\/66531","targetHints":{"allow":["GET"]}}],"collection":[{"href":"https:\/\/testwebsite.citygame.com\/da\/wp-json\/wp\/v2\/product"}],"about":[{"href":"https:\/\/testwebsite.citygame.com\/da\/wp-json\/wp\/v2\/types\/product"}],"acf:post":[{"embeddable":true,"href":"https:\/\/testwebsite.citygame.com\/da\/wp-json\/wp\/v2\/pages\/15833"}],"wp:featuredmedia":[{"embeddable":true,"href":"https:\/\/testwebsite.citygame.com\/da\/wp-json\/wp\/v2\/media\/18839"}],"wp:attachment":[{"href":"https:\/\/testwebsite.citygame.com\/da\/wp-json\/wp\/v2\/media?parent=66531"}],"wp:term":[{"taxonomy":"game-concept","embeddable":true,"href":"https:\/\/testwebsite.citygame.com\/da\/wp-json\/wp\/v2\/game-concept?post=66531"},{"taxonomy":"location","embeddable":true,"href":"https:\/\/testwebsite.citygame.com\/da\/wp-json\/wp\/v2\/location?post=66531"},{"taxonomy":"product_brand","embeddable":true,"href":"https:\/\/testwebsite.citygame.com\/da\/wp-json\/wp\/v2\/product_brand?post=66531"},{"taxonomy":"product_cat","embeddable":true,"href":"https:\/\/testwebsite.citygame.com\/da\/wp-json\/wp\/v2\/product_cat?post=66531"},{"taxonomy":"product_tag","embeddable":true,"href":"https:\/\/testwebsite.citygame.com\/da\/wp-json\/wp\/v2\/product_tag?post=66531"}],"curies":[{"name":"wp","href":"https:\/\/api.w.org\/{rel}","templated":true}]}}