{"id":66500,"date":"2026-03-13T17:58:23","date_gmt":"2026-03-13T17:58:23","guid":{"rendered":"https:\/\/testwebsite.citygame.com\/games\/unknown-location\/secrets-of-hoek-van-holland\/"},"modified":"2026-04-08T20:45:02","modified_gmt":"2026-04-08T20:45:02","slug":"secrets-of-hoek-van-holland","status":"publish","type":"product","link":"https:\/\/testwebsite.citygame.com\/da\/games\/hoek-van-holland\/secrets-of-hoek-van-holland\/","title":{"rendered":"Secrets of Hoek van Holland"},"content":{"rendered":"<p>Tag p\u00e5 et unikt eventyr med det selvguidede, GPS-baserede Secrets of Hoek van Holland City Game. Som en bem\u00e6rkelsesv\u00e6rdig udforskningsrejse finder det sted i Hoek van Hollands centrum og engagerer spillere i at udforske dets gader ved hj\u00e6lp af deres smartphones ved at l\u00f8se sp\u00e6ndende g\u00e5der, fascinerende puslespil og sjove fotoudfordringer. Mens spillerne opklarer spillets mysterier, dykker de ogs\u00e5 ned i Hoek van Hollands rige historie, kultur og uventede detaljer. Perfekt skr\u00e6ddersyet til b\u00e5de lokale og bes\u00f8gende, giver dette City Game et interessant og underholdende perspektiv, uanset om du er en solospiller, p\u00e5 en romantisk ferie, familieudflugt eller en gruppe venner. Det er et byudforskningsspil som ingen andre, der foreg\u00e5r i Hoek van Hollands pulserende hjerte.<\/p>\n","protected":false},"excerpt":{"rendered":"<p>Oplev Hoek van Hollands skjulte perler! Naviger gennem byen, hvor fort\u00e6llinger om historiske krigsbegivenheder smelter problemfrit sammen med rolige strandvibes, hypotetiser skjulte g\u00e5der, mens du udforsker dens dejlige kontraster &#8211; Hoek van Holland byder p\u00e5 forundring p\u00e5 hvert et hj\u00f8rne!<\/p>\n","protected":false},"featured_media":18828,"template":"","meta":{"_acf_changed":false,"_yoast_wpseo_focuskw":"Secrets of Hoek van Holland","_yoast_wpseo_metadesc":"Secrets of Hoek van Holland. Spil et selvguidet City Game og udforsk byen gennem puslespil, g\u00e5der og udfordringer. Spil i dit eget tempo og opdag som en lokal!","_kad_blocks_custom_css":"","_kad_blocks_head_custom_js":"","_kad_blocks_body_custom_js":"","_kad_blocks_footer_custom_js":"","ghostkit_customizer_options":"","ghostkit_custom_css":"","ghostkit_custom_js_head":"","ghostkit_custom_js_foot":"","ghostkit_typography":"","_kad_post_transparent":"","_kad_post_title":"","_kad_post_layout":"","_kad_post_sidebar_id":"","_kad_post_content_style":"","_kad_post_vertical_padding":"","_kad_post_feature":"","_kad_post_feature_position":"","_kad_post_header":false,"_kad_post_footer":false,"_kad_post_classname":"","_links_to":"","_links_to_target":""},"game-concept":[708],"location":[200],"product_brand":[],"product_cat":[27],"product_tag":[],"class_list":{"0":"post-66500","1":"product","2":"type-product","3":"status-publish","4":"has-post-thumbnail","6":"game-concept-secrets","7":"location-hoek-van-holland","8":"product_cat-geen-categorie","10":"first","11":"instock","12":"shipping-taxable","13":"purchasable","14":"product-type-simple","15":"entry","16":"content-bg","17":"loop-entry"},"acf":{"full_bokun_product_name":"Self-Guided Secrets of Hoek van Holland Exploration Game","location_name":"Hoek van Holland","bokun_calendar_widget_code":"<script type=\"text\/javascript\" src=\"https:\/\/widgets.bokun.io\/assets\/javascripts\/apps\/build\/BokunWidgetsLoader.js?bookingChannelUUID=a1e93e96-5232-4734-a595-28405f4b5a31\" async><\/script>\n     \n    <div class=\"bokunWidget\" data-src=\"https:\/\/widgets.bokun.io\/online-sales\/a1e93e96-5232-4734-a595-28405f4b5a31\/experience-calendar\/885100\"><\/div>\n    <noscript>Please enable javascript in your browser to book<\/noscript>","bokun_button_widget_code":"<script type=\"text\/javascript\" src=\"https:\/\/widgets.bokun.io\/assets\/javascripts\/apps\/build\/BokunWidgetsLoader.js?bookingChannelUUID=a1e93e96-5232-4734-a595-28405f4b5a31\" async><\/script>\n      <style> #bokun_ed001e45_5927_4f62_b470_ca766338d083 { display: inline-block; padding: .4em 1em; background: #47b82e; border-radius: 999999px; box-shadow: none; font-weight: 600; font-size: 24px; text-decoration: none; text-align: center; color: #FFFFFF; border:none; cursor: pointer; transition: background .2s ease; } #bokun_ed001e45_5927_4f62_b470_ca766338d083:hover{ background: #2f7b1f; } #bokun_ed001e45_5927_4f62_b470_ca766338d083:active{ background: #378f24; } <\/style> <button class=\"bokunButton\" disabled id=bokun_ed001e45_5927_4f62_b470_ca766338d083 data-src=\"https:\/\/widgets.bokun.io\/online-sales\/a1e93e96-5232-4734-a595-28405f4b5a31\/experience-calendar\/885100?partialView=1\" data-testid=\"widget-book-button\" > Book now <\/button> ","what_you\u2019ll_experience_during_the_game":"Tag p\u00e5 en engagerende rejse gennem Hoek van Holland med vores medrivende City Game. Dette udforskningsspil, der problemfrit kombinerer sightseeing med en f\u00e6ngslende historie og en r\u00e6kke interaktive udfordringer, tilbyder en utraditionel rute gennem denne charmerende enklave i Holland. Vi guider dig ud over de veltr\u00e5dte stier ind i mindre kendte dele af byen. Fordyb dig i den lokale kultur ved at opklare mysterier og udfordringer omkring forskellige bem\u00e6rkelsesv\u00e6rdige strukturer, s\u00e5 du kan v\u00e6ve et mindev\u00e6rdigt t\u00e6ppe fyldt med byens unikke fort\u00e6lling.\n\nI City Game'et drives din forn\u00f8jelse af et mangfoldigt udvalg af puslespil, g\u00e5der og sp\u00e6ndende sp\u00f8rgsm\u00e5l. Disse kreative udfordringer l\u00e5ser op for point og v\u00e6rdifulde hints, hvilket skubber dig et skridt t\u00e6ttere p\u00e5 at l\u00f8se det centrale mysterium, der fungerer som spillets sp\u00e6ndende klimaks. For dem med en konkurrence\u00e5nd venter en h\u00f8jere placering p\u00e5 ranglisten, forudsat at de udviser snilde og skarpt syn under deres eventyr. Hvad mere er, kan du s\u00e6tte denne mentale anstrengelse p\u00e5 pause n\u00e5r som helst og forts\u00e6tte efter din bekvemmelighed, hvilket g\u00f8r dette til en ideel oplevelse, der er skr\u00e6ddersyet til dit personlige tempo, men alligevel fyldt med overraskelser, som kun Hoek van Holland kan levere.","how_to_play":"Book udforskningsspillet, tjek den e-mail, vi sender dig med de enkle instruktioner, download Loquiz App'en, f\u00e5 adgang til udforskningsspillet, og du er klar til at starte din spiloplevelse!","start_location":"Hoek van Holland, Prins Hendrikstraat 281","available_languages":["en"],"players_per_group":"1-4","duration":"1.5-2 hours","image_overlay_color_image":"https:\/\/testwebsite.citygame.com\/wp-content\/blogs.dir\/1\/files\/sites\/62\/2026\/01\/SecretsColor.svg","image_overlay_game_logo":"https:\/\/testwebsite.citygame.com\/wp-content\/blogs.dir\/1\/files\/sites\/62\/2026\/01\/SecretsLogo.png","city_page":15827,"woocommerce_general_content":null},"yoast_head":"<!-- This site is optimized with the Yoast SEO Premium plugin v26.2 (Yoast SEO v26.3) - https:\/\/yoast.com\/wordpress\/plugins\/seo\/ -->\n<title>Secrets of Hoek van Holland - City Game<\/title>\n<meta name=\"description\" content=\"Secrets of Hoek van Holland. Spil et selvguidet City Game og udforsk byen gennem puslespil, g\u00e5der og udfordringer. Spil i dit eget tempo og opdag som en lokal!\" \/>\n<meta name=\"robots\" content=\"noindex, follow, max-snippet:-1, max-image-preview:large, max-video-preview:-1\" \/>\n<meta property=\"og:locale\" content=\"da_DK\" \/>\n<meta property=\"og:type\" content=\"article\" \/>\n<meta property=\"og:title\" content=\"Secrets of Hoek van Holland\" \/>\n<meta property=\"og:description\" content=\"Secrets of Hoek van Holland. Spil et selvguidet City Game og udforsk byen gennem puslespil, g\u00e5der og udfordringer. Spil i dit eget tempo og opdag som en lokal!\" \/>\n<meta property=\"og:url\" content=\"https:\/\/testwebsite.citygame.com\/da\/games\/hoek-van-holland\/secrets-of-hoek-van-holland\/\" \/>\n<meta property=\"og:site_name\" content=\"City Game\" \/>\n<meta property=\"article:publisher\" content=\"https:\/\/www.facebook.com\/profile.php?id=100086426226253\" \/>\n<meta property=\"article:modified_time\" content=\"2026-04-08T20:45:02+00:00\" \/>\n<meta property=\"og:image\" content=\"https:\/\/testwebsite.citygame.com\/wp-content\/blogs.dir\/1\/files\/sites\/62\/2026\/03\/woman-playing-city-game-on-phone-in-hoek-van-holland-harbour.jpg\" \/>\n\t<meta property=\"og:image:width\" content=\"1024\" \/>\n\t<meta property=\"og:image:height\" content=\"1024\" \/>\n\t<meta property=\"og:image:type\" content=\"image\/jpeg\" \/>\n<meta name=\"twitter:card\" content=\"summary_large_image\" \/>\n<meta name=\"twitter:label1\" content=\"Estimeret l\u00e6setid\" \/>\n\t<meta name=\"twitter:data1\" content=\"1 minut\" \/>\n<script type=\"application\/ld+json\" class=\"yoast-schema-graph\">{\"@context\":\"https:\/\/schema.org\",\"@graph\":[{\"@type\":\"WebPage\",\"@id\":\"https:\/\/testwebsite.citygame.com\/da\/games\/hoek-van-holland\/secrets-of-hoek-van-holland\/\",\"url\":\"https:\/\/testwebsite.citygame.com\/da\/games\/hoek-van-holland\/secrets-of-hoek-van-holland\/\",\"name\":\"Secrets of Hoek van Holland - City Game\",\"isPartOf\":{\"@id\":\"https:\/\/testwebsite.upevents.nl\/#website\"},\"primaryImageOfPage\":{\"@id\":\"https:\/\/testwebsite.citygame.com\/da\/games\/hoek-van-holland\/secrets-of-hoek-van-holland\/#primaryimage\"},\"image\":{\"@id\":\"https:\/\/testwebsite.citygame.com\/da\/games\/hoek-van-holland\/secrets-of-hoek-van-holland\/#primaryimage\"},\"thumbnailUrl\":\"https:\/\/testwebsite.citygame.com\/wp-content\/blogs.dir\/1\/files\/sites\/62\/2026\/03\/woman-playing-city-game-on-phone-in-hoek-van-holland-harbour.jpg\",\"datePublished\":\"2026-03-13T17:58:23+00:00\",\"dateModified\":\"2026-04-08T20:45:02+00:00\",\"description\":\"Secrets of Hoek van Holland. Spil et selvguidet City Game og udforsk byen gennem puslespil, g\u00e5der og udfordringer. Spil i dit eget tempo og opdag som en lokal!\",\"breadcrumb\":{\"@id\":\"https:\/\/testwebsite.citygame.com\/da\/games\/hoek-van-holland\/secrets-of-hoek-van-holland\/#breadcrumb\"},\"inLanguage\":\"da-DK\",\"potentialAction\":[{\"@type\":\"ReadAction\",\"target\":[\"https:\/\/testwebsite.citygame.com\/da\/games\/hoek-van-holland\/secrets-of-hoek-van-holland\/\"]}]},{\"@type\":\"ImageObject\",\"inLanguage\":\"da-DK\",\"@id\":\"https:\/\/testwebsite.citygame.com\/da\/games\/hoek-van-holland\/secrets-of-hoek-van-holland\/#primaryimage\",\"url\":\"https:\/\/testwebsite.citygame.com\/wp-content\/blogs.dir\/1\/files\/sites\/62\/2026\/03\/woman-playing-city-game-on-phone-in-hoek-van-holland-harbour.jpg\",\"contentUrl\":\"https:\/\/testwebsite.citygame.com\/wp-content\/blogs.dir\/1\/files\/sites\/62\/2026\/03\/woman-playing-city-game-on-phone-in-hoek-van-holland-harbour.jpg\",\"width\":1024,\"height\":1024,\"caption\":\"A player uses her smartphone to navigate a city game in the harbour of Hoek van Holland.\"},{\"@type\":\"BreadcrumbList\",\"@id\":\"https:\/\/testwebsite.citygame.com\/da\/games\/hoek-van-holland\/secrets-of-hoek-van-holland\/#breadcrumb\",\"itemListElement\":[{\"@type\":\"ListItem\",\"position\":1,\"name\":\"Home\",\"item\":\"https:\/\/testwebsite.citygame.com\/da\/\"},{\"@type\":\"ListItem\",\"position\":2,\"name\":\"Shop\",\"item\":\"https:\/\/testwebsite.citygame.com\/shop\/\"},{\"@type\":\"ListItem\",\"position\":3,\"name\":\"Secrets of Hoek van Holland\"}]},{\"@type\":\"WebSite\",\"@id\":\"https:\/\/testwebsite.upevents.nl\/#website\",\"url\":\"https:\/\/testwebsite.upevents.nl\/\",\"name\":\"City Game\",\"description\":\"\",\"publisher\":{\"@id\":\"https:\/\/testwebsite.upevents.nl\/#organization\"},\"alternateName\":\"citygame.com\",\"potentialAction\":[{\"@type\":\"SearchAction\",\"target\":{\"@type\":\"EntryPoint\",\"urlTemplate\":\"https:\/\/testwebsite.upevents.nl\/?s={search_term_string}\"},\"query-input\":{\"@type\":\"PropertyValueSpecification\",\"valueRequired\":true,\"valueName\":\"search_term_string\"}}],\"inLanguage\":\"da-DK\"},{\"@type\":[\"Organization\",\"Place\"],\"@id\":\"https:\/\/testwebsite.upevents.nl\/#organization\",\"name\":\"City Game\",\"alternateName\":\"citygame.com\",\"url\":\"https:\/\/testwebsite.upevents.nl\/\",\"logo\":{\"@id\":\"https:\/\/testwebsite.citygame.com\/da\/games\/hoek-van-holland\/secrets-of-hoek-van-holland\/#local-main-organization-logo\"},\"image\":{\"@id\":\"https:\/\/testwebsite.citygame.com\/da\/games\/hoek-van-holland\/secrets-of-hoek-van-holland\/#local-main-organization-logo\"},\"sameAs\":[\"https:\/\/www.facebook.com\/profile.php?id=100086426226253\",\"https:\/\/www.instagram.com\/citygame_com\",\"https:\/\/www.tiktok.com\/@citygamecom\/\",\"https:\/\/www.linkedin.com\/company\/citygame-com\"],\"description\":\"Turn any city into a playground with our interactive City Games and self-guided tours. Fun, flexible, and ideal for groups and team building.\",\"telephone\":[],\"openingHoursSpecification\":[{\"@type\":\"OpeningHoursSpecification\",\"dayOfWeek\":[\"Monday\",\"Tuesday\",\"Wednesday\",\"Thursday\",\"Friday\",\"Saturday\",\"Sunday\"],\"opens\":\"09:00\",\"closes\":\"17:00\"}]},{\"@type\":\"ImageObject\",\"inLanguage\":\"da-DK\",\"@id\":\"https:\/\/testwebsite.citygame.com\/da\/games\/hoek-van-holland\/secrets-of-hoek-van-holland\/#local-main-organization-logo\",\"url\":\"https:\/\/testwebsite.citygame.com\/wp-content\/blogs.dir\/1\/files\/sites\/62\/2025\/10\/CG_LOGO-City-Game.png\",\"contentUrl\":\"https:\/\/testwebsite.citygame.com\/wp-content\/blogs.dir\/1\/files\/sites\/62\/2025\/10\/CG_LOGO-City-Game.png\",\"width\":351,\"height\":377,\"caption\":\"City Game\"}]}<\/script>\n<!-- \/ Yoast SEO Premium plugin. -->","yoast_head_json":{"title":"Secrets of Hoek van Holland - City Game","description":"Secrets of Hoek van Holland. Spil et selvguidet City Game og udforsk byen gennem puslespil, g\u00e5der og udfordringer. Spil i dit eget tempo og opdag som en lokal!","robots":{"index":"noindex","follow":"follow","max-snippet":"max-snippet:-1","max-image-preview":"max-image-preview:large","max-video-preview":"max-video-preview:-1"},"og_locale":"da_DK","og_type":"article","og_title":"Secrets of Hoek van Holland","og_description":"Secrets of Hoek van Holland. Spil et selvguidet City Game og udforsk byen gennem puslespil, g\u00e5der og udfordringer. Spil i dit eget tempo og opdag som en lokal!","og_url":"https:\/\/testwebsite.citygame.com\/da\/games\/hoek-van-holland\/secrets-of-hoek-van-holland\/","og_site_name":"City Game","article_publisher":"https:\/\/www.facebook.com\/profile.php?id=100086426226253","article_modified_time":"2026-04-08T20:45:02+00:00","og_image":[{"width":1024,"height":1024,"url":"https:\/\/testwebsite.citygame.com\/wp-content\/blogs.dir\/1\/files\/sites\/62\/2026\/03\/woman-playing-city-game-on-phone-in-hoek-van-holland-harbour.jpg","type":"image\/jpeg"}],"twitter_card":"summary_large_image","twitter_misc":{"Estimeret l\u00e6setid":"1 minut"},"schema":{"@context":"https:\/\/schema.org","@graph":[{"@type":"WebPage","@id":"https:\/\/testwebsite.citygame.com\/da\/games\/hoek-van-holland\/secrets-of-hoek-van-holland\/","url":"https:\/\/testwebsite.citygame.com\/da\/games\/hoek-van-holland\/secrets-of-hoek-van-holland\/","name":"Secrets of Hoek van Holland - City Game","isPartOf":{"@id":"https:\/\/testwebsite.upevents.nl\/#website"},"primaryImageOfPage":{"@id":"https:\/\/testwebsite.citygame.com\/da\/games\/hoek-van-holland\/secrets-of-hoek-van-holland\/#primaryimage"},"image":{"@id":"https:\/\/testwebsite.citygame.com\/da\/games\/hoek-van-holland\/secrets-of-hoek-van-holland\/#primaryimage"},"thumbnailUrl":"https:\/\/testwebsite.citygame.com\/wp-content\/blogs.dir\/1\/files\/sites\/62\/2026\/03\/woman-playing-city-game-on-phone-in-hoek-van-holland-harbour.jpg","datePublished":"2026-03-13T17:58:23+00:00","dateModified":"2026-04-08T20:45:02+00:00","description":"Secrets of Hoek van Holland. Spil et selvguidet City Game og udforsk byen gennem puslespil, g\u00e5der og udfordringer. Spil i dit eget tempo og opdag som en lokal!","breadcrumb":{"@id":"https:\/\/testwebsite.citygame.com\/da\/games\/hoek-van-holland\/secrets-of-hoek-van-holland\/#breadcrumb"},"inLanguage":"da-DK","potentialAction":[{"@type":"ReadAction","target":["https:\/\/testwebsite.citygame.com\/da\/games\/hoek-van-holland\/secrets-of-hoek-van-holland\/"]}]},{"@type":"ImageObject","inLanguage":"da-DK","@id":"https:\/\/testwebsite.citygame.com\/da\/games\/hoek-van-holland\/secrets-of-hoek-van-holland\/#primaryimage","url":"https:\/\/testwebsite.citygame.com\/wp-content\/blogs.dir\/1\/files\/sites\/62\/2026\/03\/woman-playing-city-game-on-phone-in-hoek-van-holland-harbour.jpg","contentUrl":"https:\/\/testwebsite.citygame.com\/wp-content\/blogs.dir\/1\/files\/sites\/62\/2026\/03\/woman-playing-city-game-on-phone-in-hoek-van-holland-harbour.jpg","width":1024,"height":1024,"caption":"A player uses her smartphone to navigate a city game in the harbour of Hoek van Holland."},{"@type":"BreadcrumbList","@id":"https:\/\/testwebsite.citygame.com\/da\/games\/hoek-van-holland\/secrets-of-hoek-van-holland\/#breadcrumb","itemListElement":[{"@type":"ListItem","position":1,"name":"Home","item":"https:\/\/testwebsite.citygame.com\/da\/"},{"@type":"ListItem","position":2,"name":"Shop","item":"https:\/\/testwebsite.citygame.com\/shop\/"},{"@type":"ListItem","position":3,"name":"Secrets of Hoek van Holland"}]},{"@type":"WebSite","@id":"https:\/\/testwebsite.upevents.nl\/#website","url":"https:\/\/testwebsite.upevents.nl\/","name":"City Game","description":"","publisher":{"@id":"https:\/\/testwebsite.upevents.nl\/#organization"},"alternateName":"citygame.com","potentialAction":[{"@type":"SearchAction","target":{"@type":"EntryPoint","urlTemplate":"https:\/\/testwebsite.upevents.nl\/?s={search_term_string}"},"query-input":{"@type":"PropertyValueSpecification","valueRequired":true,"valueName":"search_term_string"}}],"inLanguage":"da-DK"},{"@type":["Organization","Place"],"@id":"https:\/\/testwebsite.upevents.nl\/#organization","name":"City Game","alternateName":"citygame.com","url":"https:\/\/testwebsite.upevents.nl\/","logo":{"@id":"https:\/\/testwebsite.citygame.com\/da\/games\/hoek-van-holland\/secrets-of-hoek-van-holland\/#local-main-organization-logo"},"image":{"@id":"https:\/\/testwebsite.citygame.com\/da\/games\/hoek-van-holland\/secrets-of-hoek-van-holland\/#local-main-organization-logo"},"sameAs":["https:\/\/www.facebook.com\/profile.php?id=100086426226253","https:\/\/www.instagram.com\/citygame_com","https:\/\/www.tiktok.com\/@citygamecom\/","https:\/\/www.linkedin.com\/company\/citygame-com"],"description":"Turn any city into a playground with our interactive City Games and self-guided tours. Fun, flexible, and ideal for groups and team building.","telephone":[],"openingHoursSpecification":[{"@type":"OpeningHoursSpecification","dayOfWeek":["Monday","Tuesday","Wednesday","Thursday","Friday","Saturday","Sunday"],"opens":"09:00","closes":"17:00"}]},{"@type":"ImageObject","inLanguage":"da-DK","@id":"https:\/\/testwebsite.citygame.com\/da\/games\/hoek-van-holland\/secrets-of-hoek-van-holland\/#local-main-organization-logo","url":"https:\/\/testwebsite.citygame.com\/wp-content\/blogs.dir\/1\/files\/sites\/62\/2025\/10\/CG_LOGO-City-Game.png","contentUrl":"https:\/\/testwebsite.citygame.com\/wp-content\/blogs.dir\/1\/files\/sites\/62\/2025\/10\/CG_LOGO-City-Game.png","width":351,"height":377,"caption":"City Game"}]}},"taxonomy_info":{"game-concept":[{"value":708,"label":"Secrets"}],"location":[{"value":200,"label":"Hoek van Holland"}],"product_cat":[{"value":27,"label":"Geen categorie"}]},"featured_image_src_large":["https:\/\/testwebsite.citygame.com\/wp-content\/blogs.dir\/1\/files\/sites\/62\/2026\/03\/woman-playing-city-game-on-phone-in-hoek-van-holland-harbour.jpg",1024,1024,false],"author_info":[],"comment_info":"","_links":{"self":[{"href":"https:\/\/testwebsite.citygame.com\/da\/wp-json\/wp\/v2\/product\/66500","targetHints":{"allow":["GET"]}}],"collection":[{"href":"https:\/\/testwebsite.citygame.com\/da\/wp-json\/wp\/v2\/product"}],"about":[{"href":"https:\/\/testwebsite.citygame.com\/da\/wp-json\/wp\/v2\/types\/product"}],"acf:post":[{"embeddable":true,"href":"https:\/\/testwebsite.citygame.com\/da\/wp-json\/wp\/v2\/pages\/15827"}],"wp:featuredmedia":[{"embeddable":true,"href":"https:\/\/testwebsite.citygame.com\/da\/wp-json\/wp\/v2\/media\/18828"}],"wp:attachment":[{"href":"https:\/\/testwebsite.citygame.com\/da\/wp-json\/wp\/v2\/media?parent=66500"}],"wp:term":[{"taxonomy":"game-concept","embeddable":true,"href":"https:\/\/testwebsite.citygame.com\/da\/wp-json\/wp\/v2\/game-concept?post=66500"},{"taxonomy":"location","embeddable":true,"href":"https:\/\/testwebsite.citygame.com\/da\/wp-json\/wp\/v2\/location?post=66500"},{"taxonomy":"product_brand","embeddable":true,"href":"https:\/\/testwebsite.citygame.com\/da\/wp-json\/wp\/v2\/product_brand?post=66500"},{"taxonomy":"product_cat","embeddable":true,"href":"https:\/\/testwebsite.citygame.com\/da\/wp-json\/wp\/v2\/product_cat?post=66500"},{"taxonomy":"product_tag","embeddable":true,"href":"https:\/\/testwebsite.citygame.com\/da\/wp-json\/wp\/v2\/product_tag?post=66500"}],"curies":[{"name":"wp","href":"https:\/\/api.w.org\/{rel}","templated":true}]}}