{"id":66297,"date":"2026-03-13T15:50:41","date_gmt":"2026-03-13T15:50:41","guid":{"rendered":"https:\/\/testwebsite.citygame.com\/games\/unknown-location\/secrets-of-bunschoten-spakenburg\/"},"modified":"2026-04-08T18:44:18","modified_gmt":"2026-04-08T18:44:18","slug":"secrets-of-bunschoten-spakenburg","status":"publish","type":"product","link":"https:\/\/testwebsite.citygame.com\/da\/games\/bunschoten-spakenburg\/secrets-of-bunschoten-spakenburg\/","title":{"rendered":"Secrets of Bunschoten-Spakenburg"},"content":{"rendered":"<p>Oplev sp\u00e6ndingen ved udforskning i Bunschoten-Spakenburg med vores topmoderne &#8220;Secrets of Bunschoten-Spakenburg City Game&#8221;. Dette GPS-baserede spil vil guide dig gennem Bunschoten-Spakenburgs centrum og forene teknologi med charmen ved et selvguidet byspil. Ved at bruge din smartphone som et v\u00e6rkt\u00f8j kan spillere l\u00f8se sp\u00e6ndende g\u00e5der, besvare sp\u00f8rgsm\u00e5l og gennemf\u00f8re fotoudfordringer, hvilket forvandler byen til et storsl\u00e5et eventyr. Undervejs kan du afd\u00e6kke Bunschoten-Spakenburgs historie, kultur og hemmelige detaljer, der gemmer sig lige for \u00f8jnene af dig. Dette opdagelsesspil er til gavn for nybegyndere, der udforsker byen for f\u00f8rste gang, s\u00e5vel som lokale, der \u00f8nsker at se deres hjem fra et nyt perspektiv. Det er en forn\u00f8jelig m\u00e5de at udforske p\u00e5 for enkeltpersoner, charmerende for par, engagerende for familier og en sjov aktivitet for vennegrupper.<\/p>\n","protected":false},"excerpt":{"rendered":"<p>Oplev Bunschoten-Spakenburgs skjulte perler! Fordyb dig i en by, hvor tradition og kultur danser i harmoni, og hvor historien hvisker fra dens gamle fiskemarkeder til den farverige marina. Afd\u00e6k hemmeligheder, mens du navigerer gennem dens hyggelige str\u00e6der; Bunschoten-Spakenburg vrimler med ekstraordin\u00e6re historier, der venter p\u00e5 at blive opdaget!<\/p>\n","protected":false},"featured_media":18747,"template":"","meta":{"_acf_changed":false,"_yoast_wpseo_focuskw":"Secrets of Bunschoten-Spakenburg","_yoast_wpseo_metadesc":"Secrets of Bunschoten-Spakenburg. Spil et selvguidet byspil og udforsk byen gennem g\u00e5der, sp\u00f8rgsm\u00e5l og udfordringer. Spil i dit eget tempo og opdag som en lokal!","_kad_blocks_custom_css":"","_kad_blocks_head_custom_js":"","_kad_blocks_body_custom_js":"","_kad_blocks_footer_custom_js":"","ghostkit_customizer_options":"","ghostkit_custom_css":"","ghostkit_custom_js_head":"","ghostkit_custom_js_foot":"","ghostkit_typography":"","_kad_post_transparent":"","_kad_post_title":"","_kad_post_layout":"","_kad_post_sidebar_id":"","_kad_post_content_style":"","_kad_post_vertical_padding":"","_kad_post_feature":"","_kad_post_feature_position":"","_kad_post_header":false,"_kad_post_footer":false,"_kad_post_classname":"","_links_to":"","_links_to_target":""},"game-concept":[708],"location":[108],"product_brand":[],"product_cat":[27],"product_tag":[],"class_list":{"0":"post-66297","1":"product","2":"type-product","3":"status-publish","4":"has-post-thumbnail","6":"game-concept-secrets","7":"location-bunschoten-spakenburg","8":"product_cat-geen-categorie","10":"first","11":"instock","12":"shipping-taxable","13":"purchasable","14":"product-type-simple","15":"entry","16":"content-bg","17":"loop-entry"},"acf":{"full_bokun_product_name":"Self-Guided Secrets of Bunschoten-Spakenburg Exploration Game","location_name":"Bunschoten-Spakenburg","bokun_calendar_widget_code":"<script type=\"text\/javascript\" src=\"https:\/\/widgets.bokun.io\/assets\/javascripts\/apps\/build\/BokunWidgetsLoader.js?bookingChannelUUID=a1e93e96-5232-4734-a595-28405f4b5a31\" async><\/script>\n     \n    <div class=\"bokunWidget\" data-src=\"https:\/\/widgets.bokun.io\/online-sales\/a1e93e96-5232-4734-a595-28405f4b5a31\/experience-calendar\/928042\"><\/div>\n    <noscript>Please enable javascript in your browser to book<\/noscript>","bokun_button_widget_code":"<script type=\"text\/javascript\" src=\"https:\/\/widgets.bokun.io\/assets\/javascripts\/apps\/build\/BokunWidgetsLoader.js?bookingChannelUUID=a1e93e96-5232-4734-a595-28405f4b5a31\" async><\/script>\n      <style> #bokun_ed001e45_5927_4f62_b470_ca766338d083 { display: inline-block; padding: .4em 1em; background: #47b82e; border-radius: 999999px; box-shadow: none; font-weight: 600; font-size: 24px; text-decoration: none; text-align: center; color: #FFFFFF; border:none; cursor: pointer; transition: background .2s ease; } #bokun_ed001e45_5927_4f62_b470_ca766338d083:hover{ background: #2f7b1f; } #bokun_ed001e45_5927_4f62_b470_ca766338d083:active{ background: #378f24; } <\/style> <button class=\"bokunButton\" disabled id=bokun_ed001e45_5927_4f62_b470_ca766338d083 data-src=\"https:\/\/widgets.bokun.io\/online-sales\/a1e93e96-5232-4734-a595-28405f4b5a31\/experience-calendar\/928042?partialView=1\" data-testid=\"widget-book-button\" > Book now <\/button> ","what_you\u2019ll_experience_during_the_game":"Secrets of Bunschoten-Spakenburg City Game kalder dig til et fordybende eventyr, der problemfrit fletter elementer af historiefort\u00e6lling, sightseeing og engagerende gameplay sammen. Mens du navigerer gennem den charmerende hollandske by Bunschoten-Spakenburg, vil du interagere med en sp\u00e6ndende historie, der afsl\u00f8rer b\u00e5de popul\u00e6re og skjulte perler i omr\u00e5det. Din rejse vil byde p\u00e5 et varieret udvalg af h\u00f8jdepunkter, herunder det historiske skibsv\u00e6rft, det sp\u00e6ndende hjerte af den gamle landsby og det fantastiske havneomr\u00e5de. Mens du opdager disse ikoniske enklaver, vil du opleve en f\u00f8lelse af udforskning og undren, der beriger din forst\u00e5else af Bunschoten-Spakenburgs unikke karakter og kultur.\n\nN\u00e5r du udforsker Bunschoten-Spakenburg, vil du kaste dig ud i en r\u00e6kke sjove og tankev\u00e6kkende udfordringer, der vil teste din evne til probleml\u00f8sning. G\u00e5der, puslespil og kreative fotoopgaver giver ikke kun en sp\u00e6ndende rutsjebane af sjov, men fungerer ogs\u00e5 som midler til at afd\u00e6kke punkter, der driver dig fremad i spillet. At l\u00e5se op for hints og komme t\u00e6ttere p\u00e5 at l\u00f8se spillets centrale mysterie stykke for stykke er en elektrificerende oplevelse. En anden fordel ved dette byspil er den fleksibilitet, det tilbyder; du kan s\u00e6tte spillet p\u00e5 pause n\u00e5r som helst og genoptage din ekspedition, n\u00e5r du har lyst. For dem med en konkurrence\u00e5nd er der den ekstra sp\u00e6nding ved at klatre p\u00e5 ranglisten. At g\u00e5 head-to-head med andre rejsende i dette udforskningsspil skaber et dynamisk twist, der tilf\u00f8jer et ekstra lag af sp\u00e6nding til dit Bunschoten-Spakenburg-eventyr.","how_to_play":"Book udforskningsspillet, tjek den e-mail, vi sender dig med de enkle instruktioner, download Loquiz App'en, f\u00e5 adgang til udforskningsspillet, og du er klar til at begynde din spiloplevelse!","start_location":"Bunschoten-Spakenburg, Spuiplein","available_languages":["en"],"players_per_group":"1-4","duration":"1.5-2 hours","image_overlay_color_image":"https:\/\/testwebsite.citygame.com\/wp-content\/blogs.dir\/1\/files\/sites\/62\/2026\/01\/SecretsColor.svg","image_overlay_game_logo":"https:\/\/testwebsite.citygame.com\/wp-content\/blogs.dir\/1\/files\/sites\/62\/2026\/01\/SecretsLogo.png","city_page":15788,"woocommerce_general_content":null},"yoast_head":"<!-- This site is optimized with the Yoast SEO Premium plugin v26.2 (Yoast SEO v26.3) - https:\/\/yoast.com\/wordpress\/plugins\/seo\/ -->\n<title>Secrets of Bunschoten-Spakenburg - City Game<\/title>\n<meta name=\"description\" content=\"Secrets of Bunschoten-Spakenburg. Spil et selvguidet byspil og udforsk byen gennem g\u00e5der, sp\u00f8rgsm\u00e5l og udfordringer. Spil i dit eget tempo og opdag som en lokal!\" \/>\n<meta name=\"robots\" content=\"noindex, follow, max-snippet:-1, max-image-preview:large, max-video-preview:-1\" \/>\n<meta property=\"og:locale\" content=\"da_DK\" \/>\n<meta property=\"og:type\" content=\"article\" \/>\n<meta property=\"og:title\" content=\"Secrets of Bunschoten-Spakenburg\" \/>\n<meta property=\"og:description\" content=\"Secrets of Bunschoten-Spakenburg. Spil et selvguidet byspil og udforsk byen gennem g\u00e5der, sp\u00f8rgsm\u00e5l og udfordringer. Spil i dit eget tempo og opdag som en lokal!\" \/>\n<meta property=\"og:url\" content=\"https:\/\/testwebsite.citygame.com\/da\/games\/bunschoten-spakenburg\/secrets-of-bunschoten-spakenburg\/\" \/>\n<meta property=\"og:site_name\" content=\"City Game\" \/>\n<meta property=\"article:publisher\" content=\"https:\/\/www.facebook.com\/profile.php?id=100086426226253\" \/>\n<meta property=\"article:modified_time\" content=\"2026-04-08T18:44:18+00:00\" \/>\n<meta property=\"og:image\" content=\"https:\/\/testwebsite.citygame.com\/wp-content\/blogs.dir\/1\/files\/sites\/62\/2026\/03\/group-of-friends-playing-city-game-bunschoten-spakenburg.jpg\" \/>\n\t<meta property=\"og:image:width\" content=\"1024\" \/>\n\t<meta property=\"og:image:height\" content=\"1024\" \/>\n\t<meta property=\"og:image:type\" content=\"image\/jpeg\" \/>\n<meta name=\"twitter:card\" content=\"summary_large_image\" \/>\n<meta name=\"twitter:label1\" content=\"Estimeret l\u00e6setid\" \/>\n\t<meta name=\"twitter:data1\" content=\"1 minut\" \/>\n<script type=\"application\/ld+json\" class=\"yoast-schema-graph\">{\"@context\":\"https:\/\/schema.org\",\"@graph\":[{\"@type\":\"WebPage\",\"@id\":\"https:\/\/testwebsite.citygame.com\/da\/games\/bunschoten-spakenburg\/secrets-of-bunschoten-spakenburg\/\",\"url\":\"https:\/\/testwebsite.citygame.com\/da\/games\/bunschoten-spakenburg\/secrets-of-bunschoten-spakenburg\/\",\"name\":\"Secrets of Bunschoten-Spakenburg - City Game\",\"isPartOf\":{\"@id\":\"https:\/\/testwebsite.upevents.nl\/#website\"},\"primaryImageOfPage\":{\"@id\":\"https:\/\/testwebsite.citygame.com\/da\/games\/bunschoten-spakenburg\/secrets-of-bunschoten-spakenburg\/#primaryimage\"},\"image\":{\"@id\":\"https:\/\/testwebsite.citygame.com\/da\/games\/bunschoten-spakenburg\/secrets-of-bunschoten-spakenburg\/#primaryimage\"},\"thumbnailUrl\":\"https:\/\/testwebsite.citygame.com\/wp-content\/blogs.dir\/1\/files\/sites\/62\/2026\/03\/group-of-friends-playing-city-game-bunschoten-spakenburg.jpg\",\"datePublished\":\"2026-03-13T15:50:41+00:00\",\"dateModified\":\"2026-04-08T18:44:18+00:00\",\"description\":\"Secrets of Bunschoten-Spakenburg. Spil et selvguidet byspil og udforsk byen gennem g\u00e5der, sp\u00f8rgsm\u00e5l og udfordringer. Spil i dit eget tempo og opdag som en lokal!\",\"breadcrumb\":{\"@id\":\"https:\/\/testwebsite.citygame.com\/da\/games\/bunschoten-spakenburg\/secrets-of-bunschoten-spakenburg\/#breadcrumb\"},\"inLanguage\":\"da-DK\",\"potentialAction\":[{\"@type\":\"ReadAction\",\"target\":[\"https:\/\/testwebsite.citygame.com\/da\/games\/bunschoten-spakenburg\/secrets-of-bunschoten-spakenburg\/\"]}]},{\"@type\":\"ImageObject\",\"inLanguage\":\"da-DK\",\"@id\":\"https:\/\/testwebsite.citygame.com\/da\/games\/bunschoten-spakenburg\/secrets-of-bunschoten-spakenburg\/#primaryimage\",\"url\":\"https:\/\/testwebsite.citygame.com\/wp-content\/blogs.dir\/1\/files\/sites\/62\/2026\/03\/group-of-friends-playing-city-game-bunschoten-spakenburg.jpg\",\"contentUrl\":\"https:\/\/testwebsite.citygame.com\/wp-content\/blogs.dir\/1\/files\/sites\/62\/2026\/03\/group-of-friends-playing-city-game-bunschoten-spakenburg.jpg\",\"width\":1024,\"height\":1024,\"caption\":\"A group of friends looks at a smartphone by the sunny harbor in Bunschoten-Spakenburg. Image: Google\"},{\"@type\":\"BreadcrumbList\",\"@id\":\"https:\/\/testwebsite.citygame.com\/da\/games\/bunschoten-spakenburg\/secrets-of-bunschoten-spakenburg\/#breadcrumb\",\"itemListElement\":[{\"@type\":\"ListItem\",\"position\":1,\"name\":\"Home\",\"item\":\"https:\/\/testwebsite.citygame.com\/da\/\"},{\"@type\":\"ListItem\",\"position\":2,\"name\":\"Shop\",\"item\":\"https:\/\/testwebsite.citygame.com\/shop\/\"},{\"@type\":\"ListItem\",\"position\":3,\"name\":\"Secrets of Bunschoten-Spakenburg\"}]},{\"@type\":\"WebSite\",\"@id\":\"https:\/\/testwebsite.upevents.nl\/#website\",\"url\":\"https:\/\/testwebsite.upevents.nl\/\",\"name\":\"City Game\",\"description\":\"\",\"publisher\":{\"@id\":\"https:\/\/testwebsite.upevents.nl\/#organization\"},\"alternateName\":\"citygame.com\",\"potentialAction\":[{\"@type\":\"SearchAction\",\"target\":{\"@type\":\"EntryPoint\",\"urlTemplate\":\"https:\/\/testwebsite.upevents.nl\/?s={search_term_string}\"},\"query-input\":{\"@type\":\"PropertyValueSpecification\",\"valueRequired\":true,\"valueName\":\"search_term_string\"}}],\"inLanguage\":\"da-DK\"},{\"@type\":[\"Organization\",\"Place\"],\"@id\":\"https:\/\/testwebsite.upevents.nl\/#organization\",\"name\":\"City Game\",\"alternateName\":\"citygame.com\",\"url\":\"https:\/\/testwebsite.upevents.nl\/\",\"logo\":{\"@id\":\"https:\/\/testwebsite.citygame.com\/da\/games\/bunschoten-spakenburg\/secrets-of-bunschoten-spakenburg\/#local-main-organization-logo\"},\"image\":{\"@id\":\"https:\/\/testwebsite.citygame.com\/da\/games\/bunschoten-spakenburg\/secrets-of-bunschoten-spakenburg\/#local-main-organization-logo\"},\"sameAs\":[\"https:\/\/www.facebook.com\/profile.php?id=100086426226253\",\"https:\/\/www.instagram.com\/citygame_com\",\"https:\/\/www.tiktok.com\/@citygamecom\/\",\"https:\/\/www.linkedin.com\/company\/citygame-com\"],\"description\":\"Turn any city into a playground with our interactive City Games and self-guided tours. Fun, flexible, and ideal for groups and team building.\",\"telephone\":[],\"openingHoursSpecification\":[{\"@type\":\"OpeningHoursSpecification\",\"dayOfWeek\":[\"Monday\",\"Tuesday\",\"Wednesday\",\"Thursday\",\"Friday\",\"Saturday\",\"Sunday\"],\"opens\":\"09:00\",\"closes\":\"17:00\"}]},{\"@type\":\"ImageObject\",\"inLanguage\":\"da-DK\",\"@id\":\"https:\/\/testwebsite.citygame.com\/da\/games\/bunschoten-spakenburg\/secrets-of-bunschoten-spakenburg\/#local-main-organization-logo\",\"url\":\"https:\/\/testwebsite.citygame.com\/wp-content\/blogs.dir\/1\/files\/sites\/62\/2025\/10\/CG_LOGO-City-Game.png\",\"contentUrl\":\"https:\/\/testwebsite.citygame.com\/wp-content\/blogs.dir\/1\/files\/sites\/62\/2025\/10\/CG_LOGO-City-Game.png\",\"width\":351,\"height\":377,\"caption\":\"City Game\"}]}<\/script>\n<!-- \/ Yoast SEO Premium plugin. -->","yoast_head_json":{"title":"Secrets of Bunschoten-Spakenburg - City Game","description":"Secrets of Bunschoten-Spakenburg. Spil et selvguidet byspil og udforsk byen gennem g\u00e5der, sp\u00f8rgsm\u00e5l og udfordringer. Spil i dit eget tempo og opdag som en lokal!","robots":{"index":"noindex","follow":"follow","max-snippet":"max-snippet:-1","max-image-preview":"max-image-preview:large","max-video-preview":"max-video-preview:-1"},"og_locale":"da_DK","og_type":"article","og_title":"Secrets of Bunschoten-Spakenburg","og_description":"Secrets of Bunschoten-Spakenburg. Spil et selvguidet byspil og udforsk byen gennem g\u00e5der, sp\u00f8rgsm\u00e5l og udfordringer. Spil i dit eget tempo og opdag som en lokal!","og_url":"https:\/\/testwebsite.citygame.com\/da\/games\/bunschoten-spakenburg\/secrets-of-bunschoten-spakenburg\/","og_site_name":"City Game","article_publisher":"https:\/\/www.facebook.com\/profile.php?id=100086426226253","article_modified_time":"2026-04-08T18:44:18+00:00","og_image":[{"width":1024,"height":1024,"url":"https:\/\/testwebsite.citygame.com\/wp-content\/blogs.dir\/1\/files\/sites\/62\/2026\/03\/group-of-friends-playing-city-game-bunschoten-spakenburg.jpg","type":"image\/jpeg"}],"twitter_card":"summary_large_image","twitter_misc":{"Estimeret l\u00e6setid":"1 minut"},"schema":{"@context":"https:\/\/schema.org","@graph":[{"@type":"WebPage","@id":"https:\/\/testwebsite.citygame.com\/da\/games\/bunschoten-spakenburg\/secrets-of-bunschoten-spakenburg\/","url":"https:\/\/testwebsite.citygame.com\/da\/games\/bunschoten-spakenburg\/secrets-of-bunschoten-spakenburg\/","name":"Secrets of Bunschoten-Spakenburg - City Game","isPartOf":{"@id":"https:\/\/testwebsite.upevents.nl\/#website"},"primaryImageOfPage":{"@id":"https:\/\/testwebsite.citygame.com\/da\/games\/bunschoten-spakenburg\/secrets-of-bunschoten-spakenburg\/#primaryimage"},"image":{"@id":"https:\/\/testwebsite.citygame.com\/da\/games\/bunschoten-spakenburg\/secrets-of-bunschoten-spakenburg\/#primaryimage"},"thumbnailUrl":"https:\/\/testwebsite.citygame.com\/wp-content\/blogs.dir\/1\/files\/sites\/62\/2026\/03\/group-of-friends-playing-city-game-bunschoten-spakenburg.jpg","datePublished":"2026-03-13T15:50:41+00:00","dateModified":"2026-04-08T18:44:18+00:00","description":"Secrets of Bunschoten-Spakenburg. Spil et selvguidet byspil og udforsk byen gennem g\u00e5der, sp\u00f8rgsm\u00e5l og udfordringer. Spil i dit eget tempo og opdag som en lokal!","breadcrumb":{"@id":"https:\/\/testwebsite.citygame.com\/da\/games\/bunschoten-spakenburg\/secrets-of-bunschoten-spakenburg\/#breadcrumb"},"inLanguage":"da-DK","potentialAction":[{"@type":"ReadAction","target":["https:\/\/testwebsite.citygame.com\/da\/games\/bunschoten-spakenburg\/secrets-of-bunschoten-spakenburg\/"]}]},{"@type":"ImageObject","inLanguage":"da-DK","@id":"https:\/\/testwebsite.citygame.com\/da\/games\/bunschoten-spakenburg\/secrets-of-bunschoten-spakenburg\/#primaryimage","url":"https:\/\/testwebsite.citygame.com\/wp-content\/blogs.dir\/1\/files\/sites\/62\/2026\/03\/group-of-friends-playing-city-game-bunschoten-spakenburg.jpg","contentUrl":"https:\/\/testwebsite.citygame.com\/wp-content\/blogs.dir\/1\/files\/sites\/62\/2026\/03\/group-of-friends-playing-city-game-bunschoten-spakenburg.jpg","width":1024,"height":1024,"caption":"A group of friends looks at a smartphone by the sunny harbor in Bunschoten-Spakenburg. Image: Google"},{"@type":"BreadcrumbList","@id":"https:\/\/testwebsite.citygame.com\/da\/games\/bunschoten-spakenburg\/secrets-of-bunschoten-spakenburg\/#breadcrumb","itemListElement":[{"@type":"ListItem","position":1,"name":"Home","item":"https:\/\/testwebsite.citygame.com\/da\/"},{"@type":"ListItem","position":2,"name":"Shop","item":"https:\/\/testwebsite.citygame.com\/shop\/"},{"@type":"ListItem","position":3,"name":"Secrets of Bunschoten-Spakenburg"}]},{"@type":"WebSite","@id":"https:\/\/testwebsite.upevents.nl\/#website","url":"https:\/\/testwebsite.upevents.nl\/","name":"City Game","description":"","publisher":{"@id":"https:\/\/testwebsite.upevents.nl\/#organization"},"alternateName":"citygame.com","potentialAction":[{"@type":"SearchAction","target":{"@type":"EntryPoint","urlTemplate":"https:\/\/testwebsite.upevents.nl\/?s={search_term_string}"},"query-input":{"@type":"PropertyValueSpecification","valueRequired":true,"valueName":"search_term_string"}}],"inLanguage":"da-DK"},{"@type":["Organization","Place"],"@id":"https:\/\/testwebsite.upevents.nl\/#organization","name":"City Game","alternateName":"citygame.com","url":"https:\/\/testwebsite.upevents.nl\/","logo":{"@id":"https:\/\/testwebsite.citygame.com\/da\/games\/bunschoten-spakenburg\/secrets-of-bunschoten-spakenburg\/#local-main-organization-logo"},"image":{"@id":"https:\/\/testwebsite.citygame.com\/da\/games\/bunschoten-spakenburg\/secrets-of-bunschoten-spakenburg\/#local-main-organization-logo"},"sameAs":["https:\/\/www.facebook.com\/profile.php?id=100086426226253","https:\/\/www.instagram.com\/citygame_com","https:\/\/www.tiktok.com\/@citygamecom\/","https:\/\/www.linkedin.com\/company\/citygame-com"],"description":"Turn any city into a playground with our interactive City Games and self-guided tours. Fun, flexible, and ideal for groups and team building.","telephone":[],"openingHoursSpecification":[{"@type":"OpeningHoursSpecification","dayOfWeek":["Monday","Tuesday","Wednesday","Thursday","Friday","Saturday","Sunday"],"opens":"09:00","closes":"17:00"}]},{"@type":"ImageObject","inLanguage":"da-DK","@id":"https:\/\/testwebsite.citygame.com\/da\/games\/bunschoten-spakenburg\/secrets-of-bunschoten-spakenburg\/#local-main-organization-logo","url":"https:\/\/testwebsite.citygame.com\/wp-content\/blogs.dir\/1\/files\/sites\/62\/2025\/10\/CG_LOGO-City-Game.png","contentUrl":"https:\/\/testwebsite.citygame.com\/wp-content\/blogs.dir\/1\/files\/sites\/62\/2025\/10\/CG_LOGO-City-Game.png","width":351,"height":377,"caption":"City Game"}]}},"taxonomy_info":{"game-concept":[{"value":708,"label":"Secrets"}],"location":[{"value":108,"label":"Bunschoten-Spakenburg"}],"product_cat":[{"value":27,"label":"Geen categorie"}]},"featured_image_src_large":["https:\/\/testwebsite.citygame.com\/wp-content\/blogs.dir\/1\/files\/sites\/62\/2026\/03\/group-of-friends-playing-city-game-bunschoten-spakenburg.jpg",1024,1024,false],"author_info":[],"comment_info":"","_links":{"self":[{"href":"https:\/\/testwebsite.citygame.com\/da\/wp-json\/wp\/v2\/product\/66297","targetHints":{"allow":["GET"]}}],"collection":[{"href":"https:\/\/testwebsite.citygame.com\/da\/wp-json\/wp\/v2\/product"}],"about":[{"href":"https:\/\/testwebsite.citygame.com\/da\/wp-json\/wp\/v2\/types\/product"}],"acf:post":[{"embeddable":true,"href":"https:\/\/testwebsite.citygame.com\/da\/wp-json\/wp\/v2\/pages\/15788"}],"wp:featuredmedia":[{"embeddable":true,"href":"https:\/\/testwebsite.citygame.com\/da\/wp-json\/wp\/v2\/media\/18747"}],"wp:attachment":[{"href":"https:\/\/testwebsite.citygame.com\/da\/wp-json\/wp\/v2\/media?parent=66297"}],"wp:term":[{"taxonomy":"game-concept","embeddable":true,"href":"https:\/\/testwebsite.citygame.com\/da\/wp-json\/wp\/v2\/game-concept?post=66297"},{"taxonomy":"location","embeddable":true,"href":"https:\/\/testwebsite.citygame.com\/da\/wp-json\/wp\/v2\/location?post=66297"},{"taxonomy":"product_brand","embeddable":true,"href":"https:\/\/testwebsite.citygame.com\/da\/wp-json\/wp\/v2\/product_brand?post=66297"},{"taxonomy":"product_cat","embeddable":true,"href":"https:\/\/testwebsite.citygame.com\/da\/wp-json\/wp\/v2\/product_cat?post=66297"},{"taxonomy":"product_tag","embeddable":true,"href":"https:\/\/testwebsite.citygame.com\/da\/wp-json\/wp\/v2\/product_tag?post=66297"}],"curies":[{"name":"wp","href":"https:\/\/api.w.org\/{rel}","templated":true}]}}