{"id":65782,"date":"2026-01-13T15:38:21","date_gmt":"2026-01-13T15:38:21","guid":{"rendered":"https:\/\/testwebsite.citygame.com\/games\/unknown-location\/secrets-of-heraklion\/"},"modified":"2026-04-08T16:41:48","modified_gmt":"2026-04-08T16:41:48","slug":"secrets-of-heraklion","status":"publish","type":"product","link":"https:\/\/testwebsite.citygame.com\/da\/games\/heraklion\/secrets-of-heraklion\/","title":{"rendered":"Secrets of Heraklion"},"content":{"rendered":"<p>Secrets of Heraklion City Game er et selvguidet, GPS-baseret spil, der foreg\u00e5r i Heraklions historiske centrum. Ved hj\u00e6lp af din smartphone vil du udforske byen, mens du l\u00f8ser g\u00e5der, kn\u00e6kker koder og fuldf\u00f8rer sjove fotoopgaver. Dette engagerende udforskningsspil giver indsigt i Heraklions historie, kultur og mindre kendte vartegn, hvilket g\u00f8r det b\u00e5de l\u00e6rerigt og underholdende. City Game Heraklion er perfekt for bes\u00f8gende, der \u00f8nsker at opdage byen, s\u00e5vel som lokale, der s\u00f8ger et nyt perspektiv. Designet til solospillere, par, familier eller vennegrupper tilbyder dette selvguidede byspil en fleksibel m\u00e5de at opleve Heraklion p\u00e5 i dit eget tempo.<\/p>\n","protected":false},"excerpt":{"rendered":"<p>Dyk ned i Heraklions myter og mysterier! Vand\u00e9r gennem solbeskinnede gader, hvor gamle guder engang vandrede, l\u00f8s spor for at hj\u00e6lpe Poseidon med at genvinde sin tabte trefork og afsl\u00f8re de hemmeligheder, der stadig b\u00f8lger under denne legendariske kystby.<\/p>\n","protected":false},"featured_media":3851,"template":"","meta":{"_acf_changed":false,"_yoast_wpseo_focuskw":"Secrets of Heraklion","_yoast_wpseo_metadesc":"Secrets of Heraklion. Spil et selvguidet City Game og udforsk byen gennem g\u00e5der, koder og udfordringer. Spil i dit eget tempo og opdag som en lokal!","_kad_blocks_custom_css":"","_kad_blocks_head_custom_js":"","_kad_blocks_body_custom_js":"","_kad_blocks_footer_custom_js":"","ghostkit_customizer_options":"","ghostkit_custom_css":"","ghostkit_custom_js_head":"","ghostkit_custom_js_foot":"","ghostkit_typography":"","_kad_post_transparent":"default","_kad_post_title":"","_kad_post_layout":"default","_kad_post_sidebar_id":"","_kad_post_content_style":"default","_kad_post_vertical_padding":"default","_kad_post_feature":"","_kad_post_feature_position":"","_kad_post_header":false,"_kad_post_footer":false,"_kad_post_classname":"","_links_to":"","_links_to_target":""},"game-concept":[708],"location":[198],"product_brand":[],"product_cat":[27],"product_tag":[],"class_list":{"0":"post-65782","1":"product","2":"type-product","3":"status-publish","4":"has-post-thumbnail","6":"game-concept-secrets","7":"location-heraklion","8":"product_cat-geen-categorie","10":"first","11":"instock","12":"shipping-taxable","13":"purchasable","14":"product-type-simple","15":"entry","16":"content-bg","17":"loop-entry"},"acf":{"full_bokun_product_name":"Self-Guided Secrets of Heraklion Exploration Game","location_name":"Heraklion","bokun_calendar_widget_code":"     \r\n    <div class=\"bokunWidget\" data-src=\"https:\/\/widgets.bokun.io\/online-sales\/a1e93e96-5232-4734-a595-28405f4b5a31\/experience-calendar\/1102886\"><\/div>\r\n    Please enable javascript in your browser to book","bokun_button_widget_code":"       #bokun_ed001e45_5927_4f62_b470_ca766338d083 { display: inline-block; padding: .4em 1em; background: #47b82e; border-radius: 999999px; box-shadow: none; font-weight: 600; font-size: 24px; text-decoration: none; text-align: center; color: #FFFFFF; border:none; cursor: pointer; transition: background .2s ease; } #bokun_ed001e45_5927_4f62_b470_ca766338d083:hover{ background: #2f7b1f; } #bokun_ed001e45_5927_4f62_b470_ca766338d083:active{ background: #378f24; }  <button class=\"bokunButton\" disabled id=\"bokun_ed001e45_5927_4f62_b470_ca766338d083\" data-src=\"https:\/\/widgets.bokun.io\/online-sales\/a1e93e96-5232-4734-a595-28405f4b5a31\/experience-calendar\/1102886?partialView=1\" data-testid=\"widget-book-button\"> Book now <\/button> ","what_you\u2019ll_experience_during_the_game":"Mens du udforsker Heraklion gennem dette City Game, vil du opdage b\u00e5de de velkendte sev\u00e6rdigheder og byens stille hj\u00f8rner, alt imens du f\u00f8lger en medrivende historie. Ruten f\u00f8rer dig forbi ikoniske vartegn som kystf\u00e6stningen Koules Fortress og de elegante arkader i Loggia, samt det daglige liv i Heraklion Old Town. Undervejs vil du opleve den forfriskende charme ved Lion Fountain og den fredfyldte tilstedev\u00e6relse af Saint Minas Cathedral. Denne oplevelse inviterer dig til at se ikke kun de store h\u00f8jdepunkter, men ogs\u00e5 Heraklions karakter, der lever i dets gader, pladser og uventede detaljer.\r\n\r\nUnder spillet vil du l\u00f8se g\u00e5der, besvare sp\u00f8rgsm\u00e5l og fuldf\u00f8re interaktive udfordringer, herunder kreative fotoopgaver. Disse aktiviteter hj\u00e6lper dig med at samle point, l\u00e5se op for nyttige tip og arbejde hen imod at opklare et centralt mysterium, der binder din udforskning sammen. Du kan s\u00e6tte City Game p\u00e5 pause n\u00e5r som helst og forts\u00e6tte senere, hvilket g\u00f8r det nemt at tilpasse det til dit tempo og din nysgerrighed i Heraklion. For dem, der nyder venlig konkurrence, tilf\u00f8jer muligheden for at konkurrere om rangeringer p\u00e5 leaderboardet et ekstra lag sjov til dette opdagelsesbaserede eventyr.","how_to_play":"Efter booking modtager du en e-mail med et direkte spillelink for at starte dit eventyr. G\u00e5 blot til Koules Fortress (startpunktet) og \u00e5bn linket p\u00e5 din smartphone. Spillet starter \u00f8jeblikkeligt i din browser, ingen downloads n\u00f8dvendige. Du kan s\u00e6tte spillet p\u00e5 pause n\u00e5r som helst for at nyde en kop kaffe eller udforske videre, og derefter forts\u00e6tte din s\u00f8gen, n\u00e5r du er klar.","start_location":"Heraklion, Koules Fortress","available_languages":"","players_per_group":"1-4","duration":"1.5-2 hours","image_overlay_color_image":"https:\/\/testwebsite.citygame.com\/wp-content\/blogs.dir\/1\/files\/sites\/62\/2026\/01\/SecretsColor.svg","image_overlay_game_logo":"https:\/\/testwebsite.citygame.com\/wp-content\/blogs.dir\/1\/files\/sites\/62\/2026\/01\/SecretsLogo.png","city_page":12826,"woocommerce_general_content":null},"yoast_head":"<!-- This site is optimized with the Yoast SEO Premium plugin v26.2 (Yoast SEO v26.3) - https:\/\/yoast.com\/wordpress\/plugins\/seo\/ -->\n<title>Secrets of Heraklion - City Game<\/title>\n<meta name=\"description\" content=\"Secrets of Heraklion. Spil et selvguidet City Game og udforsk byen gennem g\u00e5der, koder og udfordringer. Spil i dit eget tempo og opdag som en lokal!\" \/>\n<meta name=\"robots\" content=\"noindex, follow, max-snippet:-1, max-image-preview:large, max-video-preview:-1\" \/>\n<meta property=\"og:locale\" content=\"da_DK\" \/>\n<meta property=\"og:type\" content=\"article\" \/>\n<meta property=\"og:title\" content=\"Secrets of Heraklion\" \/>\n<meta property=\"og:description\" content=\"Secrets of Heraklion. Spil et selvguidet City Game og udforsk byen gennem g\u00e5der, koder og udfordringer. Spil i dit eget tempo og opdag som en lokal!\" \/>\n<meta property=\"og:url\" content=\"https:\/\/testwebsite.citygame.com\/da\/games\/heraklion\/secrets-of-heraklion\/\" \/>\n<meta property=\"og:site_name\" content=\"City Game\" \/>\n<meta property=\"article:publisher\" content=\"https:\/\/www.facebook.com\/profile.php?id=100086426226253\" \/>\n<meta property=\"article:modified_time\" content=\"2026-04-08T16:41:48+00:00\" \/>\n<meta property=\"og:image\" content=\"https:\/\/testwebsite.citygame.com\/wp-content\/blogs.dir\/1\/files\/sites\/62\/2026\/01\/group-of-friends-playing-city-game-venetian-loggia-heraklion.jpg\" \/>\n\t<meta property=\"og:image:width\" content=\"1184\" \/>\n\t<meta property=\"og:image:height\" content=\"864\" \/>\n\t<meta property=\"og:image:type\" content=\"image\/jpeg\" \/>\n<meta name=\"twitter:card\" content=\"summary_large_image\" \/>\n<meta name=\"twitter:label1\" content=\"Estimeret l\u00e6setid\" \/>\n\t<meta name=\"twitter:data1\" content=\"1 minut\" \/>\n<script type=\"application\/ld+json\" class=\"yoast-schema-graph\">{\"@context\":\"https:\/\/schema.org\",\"@graph\":[{\"@type\":\"WebPage\",\"@id\":\"https:\/\/testwebsite.citygame.com\/da\/games\/heraklion\/secrets-of-heraklion\/\",\"url\":\"https:\/\/testwebsite.citygame.com\/da\/games\/heraklion\/secrets-of-heraklion\/\",\"name\":\"Secrets of Heraklion - City Game\",\"isPartOf\":{\"@id\":\"https:\/\/testwebsite.upevents.nl\/#website\"},\"primaryImageOfPage\":{\"@id\":\"https:\/\/testwebsite.citygame.com\/da\/games\/heraklion\/secrets-of-heraklion\/#primaryimage\"},\"image\":{\"@id\":\"https:\/\/testwebsite.citygame.com\/da\/games\/heraklion\/secrets-of-heraklion\/#primaryimage\"},\"thumbnailUrl\":\"https:\/\/testwebsite.citygame.com\/wp-content\/blogs.dir\/1\/files\/sites\/62\/2026\/01\/group-of-friends-playing-city-game-venetian-loggia-heraklion.jpg\",\"datePublished\":\"2026-01-13T15:38:21+00:00\",\"dateModified\":\"2026-04-08T16:41:48+00:00\",\"description\":\"Secrets of Heraklion. Spil et selvguidet City Game og udforsk byen gennem g\u00e5der, koder og udfordringer. Spil i dit eget tempo og opdag som en lokal!\",\"breadcrumb\":{\"@id\":\"https:\/\/testwebsite.citygame.com\/da\/games\/heraklion\/secrets-of-heraklion\/#breadcrumb\"},\"inLanguage\":\"da-DK\",\"potentialAction\":[{\"@type\":\"ReadAction\",\"target\":[\"https:\/\/testwebsite.citygame.com\/da\/games\/heraklion\/secrets-of-heraklion\/\"]}]},{\"@type\":\"ImageObject\",\"inLanguage\":\"da-DK\",\"@id\":\"https:\/\/testwebsite.citygame.com\/da\/games\/heraklion\/secrets-of-heraklion\/#primaryimage\",\"url\":\"https:\/\/testwebsite.citygame.com\/wp-content\/blogs.dir\/1\/files\/sites\/62\/2026\/01\/group-of-friends-playing-city-game-venetian-loggia-heraklion.jpg\",\"contentUrl\":\"https:\/\/testwebsite.citygame.com\/wp-content\/blogs.dir\/1\/files\/sites\/62\/2026\/01\/group-of-friends-playing-city-game-venetian-loggia-heraklion.jpg\",\"width\":1184,\"height\":864,\"caption\":\"A group of friends explores the historic Venetian Loggia in Heraklion with a smartphone.\"},{\"@type\":\"BreadcrumbList\",\"@id\":\"https:\/\/testwebsite.citygame.com\/da\/games\/heraklion\/secrets-of-heraklion\/#breadcrumb\",\"itemListElement\":[{\"@type\":\"ListItem\",\"position\":1,\"name\":\"Home\",\"item\":\"https:\/\/testwebsite.citygame.com\/da\/\"},{\"@type\":\"ListItem\",\"position\":2,\"name\":\"Shop\",\"item\":\"https:\/\/testwebsite.citygame.com\/shop\/\"},{\"@type\":\"ListItem\",\"position\":3,\"name\":\"Secrets of Heraklion\"}]},{\"@type\":\"WebSite\",\"@id\":\"https:\/\/testwebsite.upevents.nl\/#website\",\"url\":\"https:\/\/testwebsite.upevents.nl\/\",\"name\":\"City Game\",\"description\":\"\",\"publisher\":{\"@id\":\"https:\/\/testwebsite.upevents.nl\/#organization\"},\"alternateName\":\"citygame.com\",\"potentialAction\":[{\"@type\":\"SearchAction\",\"target\":{\"@type\":\"EntryPoint\",\"urlTemplate\":\"https:\/\/testwebsite.upevents.nl\/?s={search_term_string}\"},\"query-input\":{\"@type\":\"PropertyValueSpecification\",\"valueRequired\":true,\"valueName\":\"search_term_string\"}}],\"inLanguage\":\"da-DK\"},{\"@type\":[\"Organization\",\"Place\"],\"@id\":\"https:\/\/testwebsite.upevents.nl\/#organization\",\"name\":\"City Game\",\"alternateName\":\"citygame.com\",\"url\":\"https:\/\/testwebsite.upevents.nl\/\",\"logo\":{\"@id\":\"https:\/\/testwebsite.citygame.com\/da\/games\/heraklion\/secrets-of-heraklion\/#local-main-organization-logo\"},\"image\":{\"@id\":\"https:\/\/testwebsite.citygame.com\/da\/games\/heraklion\/secrets-of-heraklion\/#local-main-organization-logo\"},\"sameAs\":[\"https:\/\/www.facebook.com\/profile.php?id=100086426226253\",\"https:\/\/www.instagram.com\/citygame_com\",\"https:\/\/www.tiktok.com\/@citygamecom\/\",\"https:\/\/www.linkedin.com\/company\/citygame-com\"],\"description\":\"Turn any city into a playground with our interactive City Games and self-guided tours. Fun, flexible, and ideal for groups and team building.\",\"telephone\":[],\"openingHoursSpecification\":[{\"@type\":\"OpeningHoursSpecification\",\"dayOfWeek\":[\"Monday\",\"Tuesday\",\"Wednesday\",\"Thursday\",\"Friday\",\"Saturday\",\"Sunday\"],\"opens\":\"09:00\",\"closes\":\"17:00\"}]},{\"@type\":\"ImageObject\",\"inLanguage\":\"da-DK\",\"@id\":\"https:\/\/testwebsite.citygame.com\/da\/games\/heraklion\/secrets-of-heraklion\/#local-main-organization-logo\",\"url\":\"https:\/\/testwebsite.citygame.com\/wp-content\/blogs.dir\/1\/files\/sites\/62\/2025\/10\/CG_LOGO-City-Game.png\",\"contentUrl\":\"https:\/\/testwebsite.citygame.com\/wp-content\/blogs.dir\/1\/files\/sites\/62\/2025\/10\/CG_LOGO-City-Game.png\",\"width\":351,\"height\":377,\"caption\":\"City Game\"}]}<\/script>\n<!-- \/ Yoast SEO Premium plugin. -->","yoast_head_json":{"title":"Secrets of Heraklion - City Game","description":"Secrets of Heraklion. Spil et selvguidet City Game og udforsk byen gennem g\u00e5der, koder og udfordringer. Spil i dit eget tempo og opdag som en lokal!","robots":{"index":"noindex","follow":"follow","max-snippet":"max-snippet:-1","max-image-preview":"max-image-preview:large","max-video-preview":"max-video-preview:-1"},"og_locale":"da_DK","og_type":"article","og_title":"Secrets of Heraklion","og_description":"Secrets of Heraklion. Spil et selvguidet City Game og udforsk byen gennem g\u00e5der, koder og udfordringer. Spil i dit eget tempo og opdag som en lokal!","og_url":"https:\/\/testwebsite.citygame.com\/da\/games\/heraklion\/secrets-of-heraklion\/","og_site_name":"City Game","article_publisher":"https:\/\/www.facebook.com\/profile.php?id=100086426226253","article_modified_time":"2026-04-08T16:41:48+00:00","og_image":[{"width":1184,"height":864,"url":"https:\/\/testwebsite.citygame.com\/wp-content\/blogs.dir\/1\/files\/sites\/62\/2026\/01\/group-of-friends-playing-city-game-venetian-loggia-heraklion.jpg","type":"image\/jpeg"}],"twitter_card":"summary_large_image","twitter_misc":{"Estimeret l\u00e6setid":"1 minut"},"schema":{"@context":"https:\/\/schema.org","@graph":[{"@type":"WebPage","@id":"https:\/\/testwebsite.citygame.com\/da\/games\/heraklion\/secrets-of-heraklion\/","url":"https:\/\/testwebsite.citygame.com\/da\/games\/heraklion\/secrets-of-heraklion\/","name":"Secrets of Heraklion - City Game","isPartOf":{"@id":"https:\/\/testwebsite.upevents.nl\/#website"},"primaryImageOfPage":{"@id":"https:\/\/testwebsite.citygame.com\/da\/games\/heraklion\/secrets-of-heraklion\/#primaryimage"},"image":{"@id":"https:\/\/testwebsite.citygame.com\/da\/games\/heraklion\/secrets-of-heraklion\/#primaryimage"},"thumbnailUrl":"https:\/\/testwebsite.citygame.com\/wp-content\/blogs.dir\/1\/files\/sites\/62\/2026\/01\/group-of-friends-playing-city-game-venetian-loggia-heraklion.jpg","datePublished":"2026-01-13T15:38:21+00:00","dateModified":"2026-04-08T16:41:48+00:00","description":"Secrets of Heraklion. Spil et selvguidet City Game og udforsk byen gennem g\u00e5der, koder og udfordringer. Spil i dit eget tempo og opdag som en lokal!","breadcrumb":{"@id":"https:\/\/testwebsite.citygame.com\/da\/games\/heraklion\/secrets-of-heraklion\/#breadcrumb"},"inLanguage":"da-DK","potentialAction":[{"@type":"ReadAction","target":["https:\/\/testwebsite.citygame.com\/da\/games\/heraklion\/secrets-of-heraklion\/"]}]},{"@type":"ImageObject","inLanguage":"da-DK","@id":"https:\/\/testwebsite.citygame.com\/da\/games\/heraklion\/secrets-of-heraklion\/#primaryimage","url":"https:\/\/testwebsite.citygame.com\/wp-content\/blogs.dir\/1\/files\/sites\/62\/2026\/01\/group-of-friends-playing-city-game-venetian-loggia-heraklion.jpg","contentUrl":"https:\/\/testwebsite.citygame.com\/wp-content\/blogs.dir\/1\/files\/sites\/62\/2026\/01\/group-of-friends-playing-city-game-venetian-loggia-heraklion.jpg","width":1184,"height":864,"caption":"A group of friends explores the historic Venetian Loggia in Heraklion with a smartphone."},{"@type":"BreadcrumbList","@id":"https:\/\/testwebsite.citygame.com\/da\/games\/heraklion\/secrets-of-heraklion\/#breadcrumb","itemListElement":[{"@type":"ListItem","position":1,"name":"Home","item":"https:\/\/testwebsite.citygame.com\/da\/"},{"@type":"ListItem","position":2,"name":"Shop","item":"https:\/\/testwebsite.citygame.com\/shop\/"},{"@type":"ListItem","position":3,"name":"Secrets of Heraklion"}]},{"@type":"WebSite","@id":"https:\/\/testwebsite.upevents.nl\/#website","url":"https:\/\/testwebsite.upevents.nl\/","name":"City Game","description":"","publisher":{"@id":"https:\/\/testwebsite.upevents.nl\/#organization"},"alternateName":"citygame.com","potentialAction":[{"@type":"SearchAction","target":{"@type":"EntryPoint","urlTemplate":"https:\/\/testwebsite.upevents.nl\/?s={search_term_string}"},"query-input":{"@type":"PropertyValueSpecification","valueRequired":true,"valueName":"search_term_string"}}],"inLanguage":"da-DK"},{"@type":["Organization","Place"],"@id":"https:\/\/testwebsite.upevents.nl\/#organization","name":"City Game","alternateName":"citygame.com","url":"https:\/\/testwebsite.upevents.nl\/","logo":{"@id":"https:\/\/testwebsite.citygame.com\/da\/games\/heraklion\/secrets-of-heraklion\/#local-main-organization-logo"},"image":{"@id":"https:\/\/testwebsite.citygame.com\/da\/games\/heraklion\/secrets-of-heraklion\/#local-main-organization-logo"},"sameAs":["https:\/\/www.facebook.com\/profile.php?id=100086426226253","https:\/\/www.instagram.com\/citygame_com","https:\/\/www.tiktok.com\/@citygamecom\/","https:\/\/www.linkedin.com\/company\/citygame-com"],"description":"Turn any city into a playground with our interactive City Games and self-guided tours. Fun, flexible, and ideal for groups and team building.","telephone":[],"openingHoursSpecification":[{"@type":"OpeningHoursSpecification","dayOfWeek":["Monday","Tuesday","Wednesday","Thursday","Friday","Saturday","Sunday"],"opens":"09:00","closes":"17:00"}]},{"@type":"ImageObject","inLanguage":"da-DK","@id":"https:\/\/testwebsite.citygame.com\/da\/games\/heraklion\/secrets-of-heraklion\/#local-main-organization-logo","url":"https:\/\/testwebsite.citygame.com\/wp-content\/blogs.dir\/1\/files\/sites\/62\/2025\/10\/CG_LOGO-City-Game.png","contentUrl":"https:\/\/testwebsite.citygame.com\/wp-content\/blogs.dir\/1\/files\/sites\/62\/2025\/10\/CG_LOGO-City-Game.png","width":351,"height":377,"caption":"City Game"}]}},"taxonomy_info":{"game-concept":[{"value":708,"label":"Secrets"}],"location":[{"value":198,"label":"Heraklion"}],"product_cat":[{"value":27,"label":"Geen categorie"}]},"featured_image_src_large":["https:\/\/testwebsite.citygame.com\/wp-content\/blogs.dir\/1\/files\/sites\/62\/2026\/01\/group-of-friends-playing-city-game-venetian-loggia-heraklion-1024x747.jpg",1024,747,true],"author_info":[],"comment_info":"","_links":{"self":[{"href":"https:\/\/testwebsite.citygame.com\/da\/wp-json\/wp\/v2\/product\/65782","targetHints":{"allow":["GET"]}}],"collection":[{"href":"https:\/\/testwebsite.citygame.com\/da\/wp-json\/wp\/v2\/product"}],"about":[{"href":"https:\/\/testwebsite.citygame.com\/da\/wp-json\/wp\/v2\/types\/product"}],"acf:post":[{"embeddable":true,"href":"https:\/\/testwebsite.citygame.com\/da\/wp-json\/wp\/v2\/pages\/12826"}],"wp:featuredmedia":[{"embeddable":true,"href":"https:\/\/testwebsite.citygame.com\/da\/wp-json\/wp\/v2\/media\/3851"}],"wp:attachment":[{"href":"https:\/\/testwebsite.citygame.com\/da\/wp-json\/wp\/v2\/media?parent=65782"}],"wp:term":[{"taxonomy":"game-concept","embeddable":true,"href":"https:\/\/testwebsite.citygame.com\/da\/wp-json\/wp\/v2\/game-concept?post=65782"},{"taxonomy":"location","embeddable":true,"href":"https:\/\/testwebsite.citygame.com\/da\/wp-json\/wp\/v2\/location?post=65782"},{"taxonomy":"product_brand","embeddable":true,"href":"https:\/\/testwebsite.citygame.com\/da\/wp-json\/wp\/v2\/product_brand?post=65782"},{"taxonomy":"product_cat","embeddable":true,"href":"https:\/\/testwebsite.citygame.com\/da\/wp-json\/wp\/v2\/product_cat?post=65782"},{"taxonomy":"product_tag","embeddable":true,"href":"https:\/\/testwebsite.citygame.com\/da\/wp-json\/wp\/v2\/product_tag?post=65782"}],"curies":[{"name":"wp","href":"https:\/\/api.w.org\/{rel}","templated":true}]}}