{"id":64636,"date":"2026-02-12T15:30:42","date_gmt":"2026-02-12T15:30:42","guid":{"rendered":"https:\/\/testwebsite.citygame.com\/games\/unknown-location\/sherlock-holmes-santa-cruz-de-tenerife\/"},"modified":"2026-04-08T14:20:22","modified_gmt":"2026-04-08T14:20:22","slug":"sherlock-holmes-santa-cruz-de-tenerife","status":"publish","type":"product","link":"https:\/\/testwebsite.citygame.com\/da\/games\/santa-cruz-de-tenerife\/sherlock-holmes-santa-cruz-de-tenerife\/","title":{"rendered":"Sherlock Holmes Santa Cruz de Tenerife"},"content":{"rendered":"<p>Tr\u00e6d ind i Sherlock Holmes&#8217; verden med dette selvguidede, historiedrevne mordmysterie City Game, der foreg\u00e5r i centrum af Santa Cruz de Tenerife. Mens en d\u00f8delig h\u00e6ndelse udspiller sig under Liberty Festival, bliver gaderne kulissen for en gribende detektivopklaring, hvor du samler spor, l\u00f8ser g\u00e5der og afh\u00f8rer digitale mist\u00e6nkte. F\u00f8lg fort\u00e6llingen i dit eget tempo, afd\u00e6k skjulte sandheder og fordyb dig fuldt ud i mysteriet, mens det fletter sig gennem hjertet af byen.<\/p>\n","protected":false},"excerpt":{"rendered":"<p>Tr\u00e6d ind i rollen som Sherlock Holmes i et sp\u00e6ndende, selvguidet mordmysterium, der udspiller sig i Santa Cruz de Tenerife. Vil du og dit hold tage udfordringen op, f\u00f8lge spor, l\u00f8se g\u00e5der og afsl\u00f8re sandheden, inden tiden l\u00f8ber ud? Grib chancen!<\/p>\n","protected":false},"featured_media":13066,"template":"","meta":{"_acf_changed":false,"_yoast_wpseo_focuskw":"Sherlock Holmes Santa Cruz de Tenerife","_yoast_wpseo_metadesc":"Sherlock Holmes Santa Cruz de Tenerife. Spil et selvguidet mordmysterie City Game, l\u00f8s g\u00e5der, f\u00f8lg spor og afsl\u00f8r morderen i dit eget tempo!","_kad_blocks_custom_css":"","_kad_blocks_head_custom_js":"","_kad_blocks_body_custom_js":"","_kad_blocks_footer_custom_js":"","ghostkit_customizer_options":"","ghostkit_custom_css":"","ghostkit_custom_js_head":"","ghostkit_custom_js_foot":"","ghostkit_typography":"","_kad_post_transparent":"","_kad_post_title":"","_kad_post_layout":"","_kad_post_sidebar_id":"","_kad_post_content_style":"","_kad_post_vertical_padding":"","_kad_post_feature":"","_kad_post_feature_position":"","_kad_post_header":false,"_kad_post_footer":false,"_kad_post_classname":"","_links_to":"","_links_to_target":""},"game-concept":[769],"location":[359],"product_brand":[],"product_cat":[27],"product_tag":[],"class_list":{"0":"post-64636","1":"product","2":"type-product","3":"status-publish","4":"has-post-thumbnail","6":"game-concept-sherlock","7":"location-santa-cruz-de-tenerife","8":"product_cat-geen-categorie","10":"first","11":"instock","12":"shipping-taxable","13":"purchasable","14":"product-type-simple","15":"entry","16":"content-bg","17":"loop-entry"},"acf":{"full_bokun_product_name":"Santa Cruz de Tenerife Self-Guided Sherlock Holmes Murder Mystery Game","location_name":"Santa Cruz de Tenerife","bokun_calendar_widget_code":"<script type=\"text\/javascript\" src=\"https:\/\/widgets.bokun.io\/assets\/javascripts\/apps\/build\/BokunWidgetsLoader.js?bookingChannelUUID=a1e93e96-5232-4734-a595-28405f4b5a31\" async><\/script>\n     \n    <div class=\"bokunWidget\" data-src=\"https:\/\/widgets.bokun.io\/online-sales\/a1e93e96-5232-4734-a595-28405f4b5a31\/experience-calendar\/799523\"><\/div>\n    <noscript>Please enable javascript in your browser to book<\/noscript>","bokun_button_widget_code":"<script type=\"text\/javascript\" src=\"https:\/\/widgets.bokun.io\/assets\/javascripts\/apps\/build\/BokunWidgetsLoader.js?bookingChannelUUID=a1e93e96-5232-4734-a595-28405f4b5a31\" async><\/script>\n      <style> #bokun_ed001e45_5927_4f62_b470_ca766338d083 { display: inline-block; padding: .4em 1em; background: #47b82e; border-radius: 999999px; box-shadow: none; font-weight: 600; font-size: 24px; text-decoration: none; text-align: center; color: #FFFFFF; border:none; cursor: pointer; transition: background .2s ease; } #bokun_ed001e45_5927_4f62_b470_ca766338d083:hover{ background: #2f7b1f; } #bokun_ed001e45_5927_4f62_b470_ca766338d083:active{ background: #378f24; } <\/style> <button class=\"bokunButton\" disabled id=bokun_ed001e45_5927_4f62_b470_ca766338d083 data-src=\"https:\/\/widgets.bokun.io\/online-sales\/a1e93e96-5232-4734-a595-28405f4b5a31\/experience-calendar\/799523?partialView=1\" data-testid=\"widget-book-button\" > Book now <\/button> ","what_you\u2019ll_experience_during_the_game":"Du tr\u00e6der ind i en gribende detektivhistorie, der udspiller sig i hjertet af Santa Cruz de Tenerife, hvor mysteriet om et mord under Liberty Festival begynder at udfolde sig. Mens du bev\u00e6ger dig gennem byens gader og skjulte hj\u00f8rner, afsl\u00f8rer hvert nyt sted fragmenter af sagen, hvilket tr\u00e6kker dig dybere ind i en snoet, fuldt historiedrevet efterforskning. Spor dukker op, hvor du mindst venter dem, og g\u00e5der udfordrer din logik, mens du n\u00e6rmer dig sandheden.\n\nDu vil afh\u00f8re digitale mist\u00e6nkte, analysere alibier og fange modsigelser, der kan \u00e5bne sagen fuldst\u00e6ndigt. Kritisk t\u00e6nkning, skarp observation og skarpsindig deduktion er dine mest v\u00e6rdifulde v\u00e6rkt\u00f8jer. Mysteriet udvikler sig i realtid i dit eget tempo, s\u00e5 du kan pause og forts\u00e6tte, n\u00e5r det passer dig. Hvis du er en del af et hold, kn\u00e6k sagen hurtigere end resten for et strejf af konkurrencepr\u00e6g. Stol ikke for hurtigt p\u00e5 nogen \u2013 i Santa Cruz de Tenerife f\u00f8rer hvert svar til flere sp\u00f8rgsm\u00e5l.","how_to_play":"Arbejd alene eller sammen med venner, familie eller kolleger i hold p\u00e5 op til fire personer pr. enhed. Efter booking modtager du en e-mail med instruktioner med alt, hvad du har brug for.","start_location":"Santa Cruz de Tenerife, Triunfo de Candelaria","available_languages":["en","es","fr","de","it","nl"],"players_per_group":"1-4","duration":"1.5-2 hours","image_overlay_color_image":"https:\/\/testwebsite.citygame.com\/wp-content\/blogs.dir\/1\/files\/sites\/62\/2026\/01\/SherlockColor.svg","image_overlay_game_logo":"https:\/\/testwebsite.citygame.com\/wp-content\/blogs.dir\/1\/files\/sites\/62\/2026\/01\/SherlockLogo.png","city_page":11680,"woocommerce_general_content":null},"yoast_head":"<!-- This site is optimized with the Yoast SEO Premium plugin v26.2 (Yoast SEO v26.3) - https:\/\/yoast.com\/wordpress\/plugins\/seo\/ -->\n<title>Sherlock Holmes Santa Cruz de Tenerife - City Game<\/title>\n<meta name=\"description\" content=\"Sherlock Holmes Santa Cruz de Tenerife. Spil et selvguidet mordmysterie City Game, l\u00f8s g\u00e5der, f\u00f8lg spor og afsl\u00f8r morderen i dit eget tempo!\" \/>\n<meta name=\"robots\" content=\"noindex, follow, max-snippet:-1, max-image-preview:large, max-video-preview:-1\" \/>\n<meta property=\"og:locale\" content=\"da_DK\" \/>\n<meta property=\"og:type\" content=\"article\" \/>\n<meta property=\"og:title\" content=\"Sherlock Holmes Santa Cruz de Tenerife\" \/>\n<meta property=\"og:description\" content=\"Sherlock Holmes Santa Cruz de Tenerife. Spil et selvguidet mordmysterie City Game, l\u00f8s g\u00e5der, f\u00f8lg spor og afsl\u00f8r morderen i dit eget tempo!\" \/>\n<meta property=\"og:url\" content=\"https:\/\/testwebsite.citygame.com\/da\/games\/santa-cruz-de-tenerife\/sherlock-holmes-santa-cruz-de-tenerife\/\" \/>\n<meta property=\"og:site_name\" content=\"City Game\" \/>\n<meta property=\"article:publisher\" content=\"https:\/\/www.facebook.com\/profile.php?id=100086426226253\" \/>\n<meta property=\"article:modified_time\" content=\"2026-04-08T14:20:22+00:00\" \/>\n<meta property=\"og:image\" content=\"https:\/\/testwebsite.citygame.com\/wp-content\/blogs.dir\/1\/files\/sites\/62\/2026\/02\/santa-cruz-de-tenerife-sherlock-game-player-in-park.jpg\" \/>\n\t<meta property=\"og:image:width\" content=\"1024\" \/>\n\t<meta property=\"og:image:height\" content=\"1024\" \/>\n\t<meta property=\"og:image:type\" content=\"image\/jpeg\" \/>\n<meta name=\"twitter:card\" content=\"summary_large_image\" \/>\n<script type=\"application\/ld+json\" class=\"yoast-schema-graph\">{\"@context\":\"https:\/\/schema.org\",\"@graph\":[{\"@type\":\"WebPage\",\"@id\":\"https:\/\/testwebsite.citygame.com\/da\/games\/santa-cruz-de-tenerife\/sherlock-holmes-santa-cruz-de-tenerife\/\",\"url\":\"https:\/\/testwebsite.citygame.com\/da\/games\/santa-cruz-de-tenerife\/sherlock-holmes-santa-cruz-de-tenerife\/\",\"name\":\"Sherlock Holmes Santa Cruz de Tenerife - City Game\",\"isPartOf\":{\"@id\":\"https:\/\/testwebsite.upevents.nl\/#website\"},\"primaryImageOfPage\":{\"@id\":\"https:\/\/testwebsite.citygame.com\/da\/games\/santa-cruz-de-tenerife\/sherlock-holmes-santa-cruz-de-tenerife\/#primaryimage\"},\"image\":{\"@id\":\"https:\/\/testwebsite.citygame.com\/da\/games\/santa-cruz-de-tenerife\/sherlock-holmes-santa-cruz-de-tenerife\/#primaryimage\"},\"thumbnailUrl\":\"https:\/\/testwebsite.citygame.com\/wp-content\/blogs.dir\/1\/files\/sites\/62\/2026\/02\/santa-cruz-de-tenerife-sherlock-game-player-in-park.jpg\",\"datePublished\":\"2026-02-12T15:30:42+00:00\",\"dateModified\":\"2026-04-08T14:20:22+00:00\",\"description\":\"Sherlock Holmes Santa Cruz de Tenerife. Spil et selvguidet mordmysterie City Game, l\u00f8s g\u00e5der, f\u00f8lg spor og afsl\u00f8r morderen i dit eget tempo!\",\"breadcrumb\":{\"@id\":\"https:\/\/testwebsite.citygame.com\/da\/games\/santa-cruz-de-tenerife\/sherlock-holmes-santa-cruz-de-tenerife\/#breadcrumb\"},\"inLanguage\":\"da-DK\",\"potentialAction\":[{\"@type\":\"ReadAction\",\"target\":[\"https:\/\/testwebsite.citygame.com\/da\/games\/santa-cruz-de-tenerife\/sherlock-holmes-santa-cruz-de-tenerife\/\"]}]},{\"@type\":\"ImageObject\",\"inLanguage\":\"da-DK\",\"@id\":\"https:\/\/testwebsite.citygame.com\/da\/games\/santa-cruz-de-tenerife\/sherlock-holmes-santa-cruz-de-tenerife\/#primaryimage\",\"url\":\"https:\/\/testwebsite.citygame.com\/wp-content\/blogs.dir\/1\/files\/sites\/62\/2026\/02\/santa-cruz-de-tenerife-sherlock-game-player-in-park.jpg\",\"contentUrl\":\"https:\/\/testwebsite.citygame.com\/wp-content\/blogs.dir\/1\/files\/sites\/62\/2026\/02\/santa-cruz-de-tenerife-sherlock-game-player-in-park.jpg\",\"width\":1024,\"height\":1024,\"caption\":\"A player navigates a maze-like game on his phone while sitting in a city park.\"},{\"@type\":\"BreadcrumbList\",\"@id\":\"https:\/\/testwebsite.citygame.com\/da\/games\/santa-cruz-de-tenerife\/sherlock-holmes-santa-cruz-de-tenerife\/#breadcrumb\",\"itemListElement\":[{\"@type\":\"ListItem\",\"position\":1,\"name\":\"Home\",\"item\":\"https:\/\/testwebsite.citygame.com\/da\/\"},{\"@type\":\"ListItem\",\"position\":2,\"name\":\"Shop\",\"item\":\"https:\/\/testwebsite.citygame.com\/shop\/\"},{\"@type\":\"ListItem\",\"position\":3,\"name\":\"Sherlock Holmes Santa Cruz de Tenerife\"}]},{\"@type\":\"WebSite\",\"@id\":\"https:\/\/testwebsite.upevents.nl\/#website\",\"url\":\"https:\/\/testwebsite.upevents.nl\/\",\"name\":\"City Game\",\"description\":\"\",\"publisher\":{\"@id\":\"https:\/\/testwebsite.upevents.nl\/#organization\"},\"alternateName\":\"citygame.com\",\"potentialAction\":[{\"@type\":\"SearchAction\",\"target\":{\"@type\":\"EntryPoint\",\"urlTemplate\":\"https:\/\/testwebsite.upevents.nl\/?s={search_term_string}\"},\"query-input\":{\"@type\":\"PropertyValueSpecification\",\"valueRequired\":true,\"valueName\":\"search_term_string\"}}],\"inLanguage\":\"da-DK\"},{\"@type\":[\"Organization\",\"Place\"],\"@id\":\"https:\/\/testwebsite.upevents.nl\/#organization\",\"name\":\"City Game\",\"alternateName\":\"citygame.com\",\"url\":\"https:\/\/testwebsite.upevents.nl\/\",\"logo\":{\"@id\":\"https:\/\/testwebsite.citygame.com\/da\/games\/santa-cruz-de-tenerife\/sherlock-holmes-santa-cruz-de-tenerife\/#local-main-organization-logo\"},\"image\":{\"@id\":\"https:\/\/testwebsite.citygame.com\/da\/games\/santa-cruz-de-tenerife\/sherlock-holmes-santa-cruz-de-tenerife\/#local-main-organization-logo\"},\"sameAs\":[\"https:\/\/www.facebook.com\/profile.php?id=100086426226253\",\"https:\/\/www.instagram.com\/citygame_com\",\"https:\/\/www.tiktok.com\/@citygamecom\/\",\"https:\/\/www.linkedin.com\/company\/citygame-com\"],\"description\":\"Turn any city into a playground with our interactive City Games and self-guided tours. Fun, flexible, and ideal for groups and team building.\",\"telephone\":[],\"openingHoursSpecification\":[{\"@type\":\"OpeningHoursSpecification\",\"dayOfWeek\":[\"Monday\",\"Tuesday\",\"Wednesday\",\"Thursday\",\"Friday\",\"Saturday\",\"Sunday\"],\"opens\":\"09:00\",\"closes\":\"17:00\"}]},{\"@type\":\"ImageObject\",\"inLanguage\":\"da-DK\",\"@id\":\"https:\/\/testwebsite.citygame.com\/da\/games\/santa-cruz-de-tenerife\/sherlock-holmes-santa-cruz-de-tenerife\/#local-main-organization-logo\",\"url\":\"https:\/\/testwebsite.citygame.com\/wp-content\/blogs.dir\/1\/files\/sites\/62\/2025\/10\/CG_LOGO-City-Game.png\",\"contentUrl\":\"https:\/\/testwebsite.citygame.com\/wp-content\/blogs.dir\/1\/files\/sites\/62\/2025\/10\/CG_LOGO-City-Game.png\",\"width\":351,\"height\":377,\"caption\":\"City Game\"}]}<\/script>\n<!-- \/ Yoast SEO Premium plugin. -->","yoast_head_json":{"title":"Sherlock Holmes Santa Cruz de Tenerife - City Game","description":"Sherlock Holmes Santa Cruz de Tenerife. Spil et selvguidet mordmysterie City Game, l\u00f8s g\u00e5der, f\u00f8lg spor og afsl\u00f8r morderen i dit eget tempo!","robots":{"index":"noindex","follow":"follow","max-snippet":"max-snippet:-1","max-image-preview":"max-image-preview:large","max-video-preview":"max-video-preview:-1"},"og_locale":"da_DK","og_type":"article","og_title":"Sherlock Holmes Santa Cruz de Tenerife","og_description":"Sherlock Holmes Santa Cruz de Tenerife. Spil et selvguidet mordmysterie City Game, l\u00f8s g\u00e5der, f\u00f8lg spor og afsl\u00f8r morderen i dit eget tempo!","og_url":"https:\/\/testwebsite.citygame.com\/da\/games\/santa-cruz-de-tenerife\/sherlock-holmes-santa-cruz-de-tenerife\/","og_site_name":"City Game","article_publisher":"https:\/\/www.facebook.com\/profile.php?id=100086426226253","article_modified_time":"2026-04-08T14:20:22+00:00","og_image":[{"width":1024,"height":1024,"url":"https:\/\/testwebsite.citygame.com\/wp-content\/blogs.dir\/1\/files\/sites\/62\/2026\/02\/santa-cruz-de-tenerife-sherlock-game-player-in-park.jpg","type":"image\/jpeg"}],"twitter_card":"summary_large_image","schema":{"@context":"https:\/\/schema.org","@graph":[{"@type":"WebPage","@id":"https:\/\/testwebsite.citygame.com\/da\/games\/santa-cruz-de-tenerife\/sherlock-holmes-santa-cruz-de-tenerife\/","url":"https:\/\/testwebsite.citygame.com\/da\/games\/santa-cruz-de-tenerife\/sherlock-holmes-santa-cruz-de-tenerife\/","name":"Sherlock Holmes Santa Cruz de Tenerife - City Game","isPartOf":{"@id":"https:\/\/testwebsite.upevents.nl\/#website"},"primaryImageOfPage":{"@id":"https:\/\/testwebsite.citygame.com\/da\/games\/santa-cruz-de-tenerife\/sherlock-holmes-santa-cruz-de-tenerife\/#primaryimage"},"image":{"@id":"https:\/\/testwebsite.citygame.com\/da\/games\/santa-cruz-de-tenerife\/sherlock-holmes-santa-cruz-de-tenerife\/#primaryimage"},"thumbnailUrl":"https:\/\/testwebsite.citygame.com\/wp-content\/blogs.dir\/1\/files\/sites\/62\/2026\/02\/santa-cruz-de-tenerife-sherlock-game-player-in-park.jpg","datePublished":"2026-02-12T15:30:42+00:00","dateModified":"2026-04-08T14:20:22+00:00","description":"Sherlock Holmes Santa Cruz de Tenerife. Spil et selvguidet mordmysterie City Game, l\u00f8s g\u00e5der, f\u00f8lg spor og afsl\u00f8r morderen i dit eget tempo!","breadcrumb":{"@id":"https:\/\/testwebsite.citygame.com\/da\/games\/santa-cruz-de-tenerife\/sherlock-holmes-santa-cruz-de-tenerife\/#breadcrumb"},"inLanguage":"da-DK","potentialAction":[{"@type":"ReadAction","target":["https:\/\/testwebsite.citygame.com\/da\/games\/santa-cruz-de-tenerife\/sherlock-holmes-santa-cruz-de-tenerife\/"]}]},{"@type":"ImageObject","inLanguage":"da-DK","@id":"https:\/\/testwebsite.citygame.com\/da\/games\/santa-cruz-de-tenerife\/sherlock-holmes-santa-cruz-de-tenerife\/#primaryimage","url":"https:\/\/testwebsite.citygame.com\/wp-content\/blogs.dir\/1\/files\/sites\/62\/2026\/02\/santa-cruz-de-tenerife-sherlock-game-player-in-park.jpg","contentUrl":"https:\/\/testwebsite.citygame.com\/wp-content\/blogs.dir\/1\/files\/sites\/62\/2026\/02\/santa-cruz-de-tenerife-sherlock-game-player-in-park.jpg","width":1024,"height":1024,"caption":"A player navigates a maze-like game on his phone while sitting in a city park."},{"@type":"BreadcrumbList","@id":"https:\/\/testwebsite.citygame.com\/da\/games\/santa-cruz-de-tenerife\/sherlock-holmes-santa-cruz-de-tenerife\/#breadcrumb","itemListElement":[{"@type":"ListItem","position":1,"name":"Home","item":"https:\/\/testwebsite.citygame.com\/da\/"},{"@type":"ListItem","position":2,"name":"Shop","item":"https:\/\/testwebsite.citygame.com\/shop\/"},{"@type":"ListItem","position":3,"name":"Sherlock Holmes Santa Cruz de Tenerife"}]},{"@type":"WebSite","@id":"https:\/\/testwebsite.upevents.nl\/#website","url":"https:\/\/testwebsite.upevents.nl\/","name":"City Game","description":"","publisher":{"@id":"https:\/\/testwebsite.upevents.nl\/#organization"},"alternateName":"citygame.com","potentialAction":[{"@type":"SearchAction","target":{"@type":"EntryPoint","urlTemplate":"https:\/\/testwebsite.upevents.nl\/?s={search_term_string}"},"query-input":{"@type":"PropertyValueSpecification","valueRequired":true,"valueName":"search_term_string"}}],"inLanguage":"da-DK"},{"@type":["Organization","Place"],"@id":"https:\/\/testwebsite.upevents.nl\/#organization","name":"City Game","alternateName":"citygame.com","url":"https:\/\/testwebsite.upevents.nl\/","logo":{"@id":"https:\/\/testwebsite.citygame.com\/da\/games\/santa-cruz-de-tenerife\/sherlock-holmes-santa-cruz-de-tenerife\/#local-main-organization-logo"},"image":{"@id":"https:\/\/testwebsite.citygame.com\/da\/games\/santa-cruz-de-tenerife\/sherlock-holmes-santa-cruz-de-tenerife\/#local-main-organization-logo"},"sameAs":["https:\/\/www.facebook.com\/profile.php?id=100086426226253","https:\/\/www.instagram.com\/citygame_com","https:\/\/www.tiktok.com\/@citygamecom\/","https:\/\/www.linkedin.com\/company\/citygame-com"],"description":"Turn any city into a playground with our interactive City Games and self-guided tours. Fun, flexible, and ideal for groups and team building.","telephone":[],"openingHoursSpecification":[{"@type":"OpeningHoursSpecification","dayOfWeek":["Monday","Tuesday","Wednesday","Thursday","Friday","Saturday","Sunday"],"opens":"09:00","closes":"17:00"}]},{"@type":"ImageObject","inLanguage":"da-DK","@id":"https:\/\/testwebsite.citygame.com\/da\/games\/santa-cruz-de-tenerife\/sherlock-holmes-santa-cruz-de-tenerife\/#local-main-organization-logo","url":"https:\/\/testwebsite.citygame.com\/wp-content\/blogs.dir\/1\/files\/sites\/62\/2025\/10\/CG_LOGO-City-Game.png","contentUrl":"https:\/\/testwebsite.citygame.com\/wp-content\/blogs.dir\/1\/files\/sites\/62\/2025\/10\/CG_LOGO-City-Game.png","width":351,"height":377,"caption":"City Game"}]}},"taxonomy_info":{"game-concept":[{"value":769,"label":"Sherlock"}],"location":[{"value":359,"label":"Santa Cruz de Tenerife"}],"product_cat":[{"value":27,"label":"Geen categorie"}]},"featured_image_src_large":["https:\/\/testwebsite.citygame.com\/wp-content\/blogs.dir\/1\/files\/sites\/62\/2026\/02\/santa-cruz-de-tenerife-sherlock-game-player-in-park.jpg",1024,1024,false],"author_info":[],"comment_info":"","_links":{"self":[{"href":"https:\/\/testwebsite.citygame.com\/da\/wp-json\/wp\/v2\/product\/64636","targetHints":{"allow":["GET"]}}],"collection":[{"href":"https:\/\/testwebsite.citygame.com\/da\/wp-json\/wp\/v2\/product"}],"about":[{"href":"https:\/\/testwebsite.citygame.com\/da\/wp-json\/wp\/v2\/types\/product"}],"acf:post":[{"embeddable":true,"href":"https:\/\/testwebsite.citygame.com\/da\/wp-json\/wp\/v2\/pages\/11680"}],"wp:featuredmedia":[{"embeddable":true,"href":"https:\/\/testwebsite.citygame.com\/da\/wp-json\/wp\/v2\/media\/13066"}],"wp:attachment":[{"href":"https:\/\/testwebsite.citygame.com\/da\/wp-json\/wp\/v2\/media?parent=64636"}],"wp:term":[{"taxonomy":"game-concept","embeddable":true,"href":"https:\/\/testwebsite.citygame.com\/da\/wp-json\/wp\/v2\/game-concept?post=64636"},{"taxonomy":"location","embeddable":true,"href":"https:\/\/testwebsite.citygame.com\/da\/wp-json\/wp\/v2\/location?post=64636"},{"taxonomy":"product_brand","embeddable":true,"href":"https:\/\/testwebsite.citygame.com\/da\/wp-json\/wp\/v2\/product_brand?post=64636"},{"taxonomy":"product_cat","embeddable":true,"href":"https:\/\/testwebsite.citygame.com\/da\/wp-json\/wp\/v2\/product_cat?post=64636"},{"taxonomy":"product_tag","embeddable":true,"href":"https:\/\/testwebsite.citygame.com\/da\/wp-json\/wp\/v2\/product_tag?post=64636"}],"curies":[{"name":"wp","href":"https:\/\/api.w.org\/{rel}","templated":true}]}}