{"id":62059,"date":"2026-01-27T15:10:00","date_gmt":"2026-01-27T15:10:00","guid":{"rendered":"https:\/\/testwebsite.citygame.com\/games\/unknown-location\/secrets-of-koblenz\/"},"modified":"2026-04-08T08:53:05","modified_gmt":"2026-04-08T08:53:05","slug":"secrets-of-koblenz","status":"publish","type":"product","link":"https:\/\/testwebsite.citygame.com\/da\/games\/koblenz\/secrets-of-koblenz\/","title":{"rendered":"Secrets of Koblenz"},"content":{"rendered":"<p>By-spillet Koblenz er et selvguidet, GPS-baseret spil, der foreg\u00e5r i Koblenz&#8217; historiske centrum. Ved hj\u00e6lp af din smartphone udforsker du byen, mens du l\u00f8ser g\u00e5der, mysterier og fotoudfordringer, der guider dig fra \u00e9t sted til det n\u00e6ste. Undervejs vil du afd\u00e6kke skjulte detaljer og f\u00e5 indsigt i Koblenz&#8217; historie og kultur gennem dette interaktive udforskningsspil. Designet til at blive nydt af b\u00e5de bes\u00f8gende og lokale, tilbyder det selvguidede by-spil en fleksibel og engagerende m\u00e5de at se byen p\u00e5. Uanset om du spiller alene eller med en partner, familie eller vennegruppe, er City Game Koblenz en sjov og informativ m\u00e5de at opdage omr\u00e5det p\u00e5.<\/p>\n","protected":false},"excerpt":{"rendered":"<p>Oplev Koblenz&#8217; skjulte charme! Dyk ned i en by, hvor Rhinen og Mosel m\u00f8des, hvor f\u00e6stninger hvisker historier om gammel tapperhed, og muntre vinmarker antyder smagfulde rejser. Slip din eventyrlyst l\u00f8s, mens du navigerer i det mangfoldige landskab \u2013 Koblenz er fyldt med mysterier bag hvert hj\u00f8rne!<\/p>\n","protected":false},"featured_media":5217,"template":"","meta":{"_acf_changed":false,"_yoast_wpseo_focuskw":"Secrets of Koblenz","_yoast_wpseo_metadesc":"Secrets of Koblenz. Spil et selvguidet by-spil og udforsk byen gennem g\u00e5der, mysterier og udfordringer. Spil i dit eget tempo og opdag som en lokal!","_kad_blocks_custom_css":"","_kad_blocks_head_custom_js":"","_kad_blocks_body_custom_js":"","_kad_blocks_footer_custom_js":"","ghostkit_customizer_options":"","ghostkit_custom_css":"","ghostkit_custom_js_head":"","ghostkit_custom_js_foot":"","ghostkit_typography":"","_kad_post_transparent":"","_kad_post_title":"","_kad_post_layout":"","_kad_post_sidebar_id":"","_kad_post_content_style":"","_kad_post_vertical_padding":"","_kad_post_feature":"","_kad_post_feature_position":"","_kad_post_header":false,"_kad_post_footer":false,"_kad_post_classname":"","_links_to":"","_links_to_target":""},"game-concept":[708],"location":[227],"product_brand":[],"product_cat":[27],"product_tag":[],"class_list":{"0":"post-62059","1":"product","2":"type-product","3":"status-publish","4":"has-post-thumbnail","6":"game-concept-secrets","7":"location-koblenz","8":"product_cat-geen-categorie","10":"first","11":"instock","12":"shipping-taxable","13":"purchasable","14":"product-type-simple","15":"entry","16":"content-bg","17":"loop-entry"},"acf":{"full_bokun_product_name":"Self-Guided Secrets of Koblenz Exploration Game","location_name":"Koblenz","bokun_calendar_widget_code":"<script type=\"text\/javascript\" src=\"https:\/\/widgets.bokun.io\/assets\/javascripts\/apps\/build\/BokunWidgetsLoader.js?bookingChannelUUID=a1e93e96-5232-4734-a595-28405f4b5a31\" async><\/script>\n     \n    <div class=\"bokunWidget\" data-src=\"https:\/\/widgets.bokun.io\/online-sales\/a1e93e96-5232-4734-a595-28405f4b5a31\/experience-calendar\/859568\"><\/div>\n    <noscript>Please enable javascript in your browser to book<\/noscript>","bokun_button_widget_code":"<script type=\"text\/javascript\" src=\"https:\/\/widgets.bokun.io\/assets\/javascripts\/apps\/build\/BokunWidgetsLoader.js?bookingChannelUUID=a1e93e96-5232-4734-a595-28405f4b5a31\" async><\/script>\n      <style> #bokun_ed001e45_5927_4f62_b470_ca766338d083 { display: inline-block; padding: .4em 1em; background: #47b82e; border-radius: 999999px; box-shadow: none; font-weight: 600; font-size: 24px; text-decoration: none; text-align: center; color: #FFFFFF; border:none; cursor: pointer; transition: background .2s ease; } #bokun_ed001e45_5927_4f62_b470_ca766338d083:hover{ background: #2f7b1f; } #bokun_ed001e45_5927_4f62_b470_ca766338d083:active{ background: #378f24; } <\/style> <button class=\"bokunButton\" disabled id=bokun_ed001e45_5927_4f62_b470_ca766338d083 data-src=\"https:\/\/widgets.bokun.io\/online-sales\/a1e93e96-5232-4734-a595-28405f4b5a31\/experience-calendar\/859568?partialView=1\" data-testid=\"widget-book-button\" > Book now <\/button> ","what_you\u2019ll_experience_during_the_game":"Under Secrets of Koblenz By-spillet udforsker du byen gennem en blanding af historiefort\u00e6lling, opdagelse og interaktiv sightseeing. Ruten f\u00f8rer dig gennem b\u00e5de historiske vartegn og skjulte hj\u00f8rner, hvilket skaber en fordybende m\u00e5de at forbinde med Koblenz p\u00e5. Mens du spiller, kan du finde dig selv n\u00e6r Deutsches Eck, hvor Mosel m\u00f8der Rhinen, eller passere det elegante Kurf\u00fcrstliches Schloss. Andre stop kunne omfatte den maleriske Jesuitenplatz og den sl\u00e5ende Basilica of St. Castor, hvor hver lokation tilbyder et s\u00e6rskilt perspektiv p\u00e5 byens fortid og karakter.\n\nGennem hele spillet vil du l\u00f8se en r\u00e6kke g\u00e5der, puslespil og kreative fotoudfordringer designet til at teste dine observationsevner og t\u00e6nkning. Disse opgaver hj\u00e6lper dig med at l\u00e5se op for spor, samle point og komme t\u00e6ttere p\u00e5 at afsl\u00f8re et endeligt mysterium. By-spillet kan s\u00e6ttes p\u00e5 pause n\u00e5r som helst, s\u00e5 du kan forts\u00e6tte, n\u00e5r det passer dit tempo. For dem, der nyder lidt konkurrence, er der ogs\u00e5 mulighed for at spore din score og klatre op ad Koblenz leaderboardet.","how_to_play":"Book Udforskningsspillet, tjek den e-mail, vi sender dig med de enkle instruktioner, download Loquiz App'en, f\u00e5 adgang til Udforskningsspillet, og du er klar til at begynde din spiloplevelse!","start_location":"Koblenz, Josef-G\u00f6rres-Platz","available_languages":["en"],"players_per_group":"1-4","duration":"1.5-2 hours","image_overlay_color_image":"https:\/\/testwebsite.citygame.com\/wp-content\/blogs.dir\/1\/files\/sites\/62\/2026\/01\/SecretsColor.svg","image_overlay_game_logo":"https:\/\/testwebsite.citygame.com\/wp-content\/blogs.dir\/1\/files\/sites\/62\/2026\/01\/SecretsLogo.png","city_page":4894,"woocommerce_general_content":null},"yoast_head":"<!-- This site is optimized with the Yoast SEO Premium plugin v26.2 (Yoast SEO v26.3) - https:\/\/yoast.com\/wordpress\/plugins\/seo\/ -->\n<title>Secrets of Koblenz - City Game<\/title>\n<meta name=\"description\" content=\"Secrets of Koblenz. Spil et selvguidet by-spil og udforsk byen gennem g\u00e5der, mysterier og udfordringer. Spil i dit eget tempo og opdag som en lokal!\" \/>\n<meta name=\"robots\" content=\"noindex, follow, max-snippet:-1, max-image-preview:large, max-video-preview:-1\" \/>\n<meta property=\"og:locale\" content=\"da_DK\" \/>\n<meta property=\"og:type\" content=\"article\" \/>\n<meta property=\"og:title\" content=\"Secrets of Koblenz\" \/>\n<meta property=\"og:description\" content=\"Secrets of Koblenz. Spil et selvguidet by-spil og udforsk byen gennem g\u00e5der, mysterier og udfordringer. Spil i dit eget tempo og opdag som en lokal!\" \/>\n<meta property=\"og:url\" content=\"https:\/\/testwebsite.citygame.com\/da\/games\/koblenz\/secrets-of-koblenz\/\" \/>\n<meta property=\"og:site_name\" content=\"City Game\" \/>\n<meta property=\"article:publisher\" content=\"https:\/\/www.facebook.com\/profile.php?id=100086426226253\" \/>\n<meta property=\"article:modified_time\" content=\"2026-04-08T08:53:05+00:00\" \/>\n<meta property=\"og:image\" content=\"https:\/\/testwebsite.citygame.com\/wp-content\/blogs.dir\/1\/files\/sites\/62\/2026\/01\/woman-playing-city-game-on-tablet-in-koblenz.jpg\" \/>\n\t<meta property=\"og:image:width\" content=\"1024\" \/>\n\t<meta property=\"og:image:height\" content=\"1024\" \/>\n\t<meta property=\"og:image:type\" content=\"image\/jpeg\" \/>\n<meta name=\"twitter:card\" content=\"summary_large_image\" \/>\n<meta name=\"twitter:label1\" content=\"Estimeret l\u00e6setid\" \/>\n\t<meta name=\"twitter:data1\" content=\"1 minut\" \/>\n<script type=\"application\/ld+json\" class=\"yoast-schema-graph\">{\"@context\":\"https:\/\/schema.org\",\"@graph\":[{\"@type\":\"WebPage\",\"@id\":\"https:\/\/testwebsite.citygame.com\/da\/games\/koblenz\/secrets-of-koblenz\/\",\"url\":\"https:\/\/testwebsite.citygame.com\/da\/games\/koblenz\/secrets-of-koblenz\/\",\"name\":\"Secrets of Koblenz - City Game\",\"isPartOf\":{\"@id\":\"https:\/\/testwebsite.upevents.nl\/#website\"},\"primaryImageOfPage\":{\"@id\":\"https:\/\/testwebsite.citygame.com\/da\/games\/koblenz\/secrets-of-koblenz\/#primaryimage\"},\"image\":{\"@id\":\"https:\/\/testwebsite.citygame.com\/da\/games\/koblenz\/secrets-of-koblenz\/#primaryimage\"},\"thumbnailUrl\":\"https:\/\/testwebsite.citygame.com\/wp-content\/blogs.dir\/1\/files\/sites\/62\/2026\/01\/woman-playing-city-game-on-tablet-in-koblenz.jpg\",\"datePublished\":\"2026-01-27T15:10:00+00:00\",\"dateModified\":\"2026-04-08T08:53:05+00:00\",\"description\":\"Secrets of Koblenz. Spil et selvguidet by-spil og udforsk byen gennem g\u00e5der, mysterier og udfordringer. Spil i dit eget tempo og opdag som en lokal!\",\"breadcrumb\":{\"@id\":\"https:\/\/testwebsite.citygame.com\/da\/games\/koblenz\/secrets-of-koblenz\/#breadcrumb\"},\"inLanguage\":\"da-DK\",\"potentialAction\":[{\"@type\":\"ReadAction\",\"target\":[\"https:\/\/testwebsite.citygame.com\/da\/games\/koblenz\/secrets-of-koblenz\/\"]}]},{\"@type\":\"ImageObject\",\"inLanguage\":\"da-DK\",\"@id\":\"https:\/\/testwebsite.citygame.com\/da\/games\/koblenz\/secrets-of-koblenz\/#primaryimage\",\"url\":\"https:\/\/testwebsite.citygame.com\/wp-content\/blogs.dir\/1\/files\/sites\/62\/2026\/01\/woman-playing-city-game-on-tablet-in-koblenz.jpg\",\"contentUrl\":\"https:\/\/testwebsite.citygame.com\/wp-content\/blogs.dir\/1\/files\/sites\/62\/2026\/01\/woman-playing-city-game-on-tablet-in-koblenz.jpg\",\"width\":1024,\"height\":1024,\"caption\":\"A person uses a tablet to explore a historic cobblestone street in the city of Koblenz.\"},{\"@type\":\"BreadcrumbList\",\"@id\":\"https:\/\/testwebsite.citygame.com\/da\/games\/koblenz\/secrets-of-koblenz\/#breadcrumb\",\"itemListElement\":[{\"@type\":\"ListItem\",\"position\":1,\"name\":\"Home\",\"item\":\"https:\/\/testwebsite.citygame.com\/da\/\"},{\"@type\":\"ListItem\",\"position\":2,\"name\":\"Shop\",\"item\":\"https:\/\/testwebsite.citygame.com\/shop\/\"},{\"@type\":\"ListItem\",\"position\":3,\"name\":\"Secrets of Koblenz\"}]},{\"@type\":\"WebSite\",\"@id\":\"https:\/\/testwebsite.upevents.nl\/#website\",\"url\":\"https:\/\/testwebsite.upevents.nl\/\",\"name\":\"City Game\",\"description\":\"\",\"publisher\":{\"@id\":\"https:\/\/testwebsite.upevents.nl\/#organization\"},\"alternateName\":\"citygame.com\",\"potentialAction\":[{\"@type\":\"SearchAction\",\"target\":{\"@type\":\"EntryPoint\",\"urlTemplate\":\"https:\/\/testwebsite.upevents.nl\/?s={search_term_string}\"},\"query-input\":{\"@type\":\"PropertyValueSpecification\",\"valueRequired\":true,\"valueName\":\"search_term_string\"}}],\"inLanguage\":\"da-DK\"},{\"@type\":[\"Organization\",\"Place\"],\"@id\":\"https:\/\/testwebsite.upevents.nl\/#organization\",\"name\":\"City Game\",\"alternateName\":\"citygame.com\",\"url\":\"https:\/\/testwebsite.upevents.nl\/\",\"logo\":{\"@id\":\"https:\/\/testwebsite.citygame.com\/da\/games\/koblenz\/secrets-of-koblenz\/#local-main-organization-logo\"},\"image\":{\"@id\":\"https:\/\/testwebsite.citygame.com\/da\/games\/koblenz\/secrets-of-koblenz\/#local-main-organization-logo\"},\"sameAs\":[\"https:\/\/www.facebook.com\/profile.php?id=100086426226253\",\"https:\/\/www.instagram.com\/citygame_com\",\"https:\/\/www.tiktok.com\/@citygamecom\/\",\"https:\/\/www.linkedin.com\/company\/citygame-com\"],\"description\":\"Turn any city into a playground with our interactive City Games and self-guided tours. Fun, flexible, and ideal for groups and team building.\",\"telephone\":[],\"openingHoursSpecification\":[{\"@type\":\"OpeningHoursSpecification\",\"dayOfWeek\":[\"Monday\",\"Tuesday\",\"Wednesday\",\"Thursday\",\"Friday\",\"Saturday\",\"Sunday\"],\"opens\":\"09:00\",\"closes\":\"17:00\"}]},{\"@type\":\"ImageObject\",\"inLanguage\":\"da-DK\",\"@id\":\"https:\/\/testwebsite.citygame.com\/da\/games\/koblenz\/secrets-of-koblenz\/#local-main-organization-logo\",\"url\":\"https:\/\/testwebsite.citygame.com\/wp-content\/blogs.dir\/1\/files\/sites\/62\/2025\/10\/CG_LOGO-City-Game.png\",\"contentUrl\":\"https:\/\/testwebsite.citygame.com\/wp-content\/blogs.dir\/1\/files\/sites\/62\/2025\/10\/CG_LOGO-City-Game.png\",\"width\":351,\"height\":377,\"caption\":\"City Game\"}]}<\/script>\n<!-- \/ Yoast SEO Premium plugin. -->","yoast_head_json":{"title":"Secrets of Koblenz - City Game","description":"Secrets of Koblenz. Spil et selvguidet by-spil og udforsk byen gennem g\u00e5der, mysterier og udfordringer. Spil i dit eget tempo og opdag som en lokal!","robots":{"index":"noindex","follow":"follow","max-snippet":"max-snippet:-1","max-image-preview":"max-image-preview:large","max-video-preview":"max-video-preview:-1"},"og_locale":"da_DK","og_type":"article","og_title":"Secrets of Koblenz","og_description":"Secrets of Koblenz. Spil et selvguidet by-spil og udforsk byen gennem g\u00e5der, mysterier og udfordringer. Spil i dit eget tempo og opdag som en lokal!","og_url":"https:\/\/testwebsite.citygame.com\/da\/games\/koblenz\/secrets-of-koblenz\/","og_site_name":"City Game","article_publisher":"https:\/\/www.facebook.com\/profile.php?id=100086426226253","article_modified_time":"2026-04-08T08:53:05+00:00","og_image":[{"width":1024,"height":1024,"url":"https:\/\/testwebsite.citygame.com\/wp-content\/blogs.dir\/1\/files\/sites\/62\/2026\/01\/woman-playing-city-game-on-tablet-in-koblenz.jpg","type":"image\/jpeg"}],"twitter_card":"summary_large_image","twitter_misc":{"Estimeret l\u00e6setid":"1 minut"},"schema":{"@context":"https:\/\/schema.org","@graph":[{"@type":"WebPage","@id":"https:\/\/testwebsite.citygame.com\/da\/games\/koblenz\/secrets-of-koblenz\/","url":"https:\/\/testwebsite.citygame.com\/da\/games\/koblenz\/secrets-of-koblenz\/","name":"Secrets of Koblenz - City Game","isPartOf":{"@id":"https:\/\/testwebsite.upevents.nl\/#website"},"primaryImageOfPage":{"@id":"https:\/\/testwebsite.citygame.com\/da\/games\/koblenz\/secrets-of-koblenz\/#primaryimage"},"image":{"@id":"https:\/\/testwebsite.citygame.com\/da\/games\/koblenz\/secrets-of-koblenz\/#primaryimage"},"thumbnailUrl":"https:\/\/testwebsite.citygame.com\/wp-content\/blogs.dir\/1\/files\/sites\/62\/2026\/01\/woman-playing-city-game-on-tablet-in-koblenz.jpg","datePublished":"2026-01-27T15:10:00+00:00","dateModified":"2026-04-08T08:53:05+00:00","description":"Secrets of Koblenz. Spil et selvguidet by-spil og udforsk byen gennem g\u00e5der, mysterier og udfordringer. Spil i dit eget tempo og opdag som en lokal!","breadcrumb":{"@id":"https:\/\/testwebsite.citygame.com\/da\/games\/koblenz\/secrets-of-koblenz\/#breadcrumb"},"inLanguage":"da-DK","potentialAction":[{"@type":"ReadAction","target":["https:\/\/testwebsite.citygame.com\/da\/games\/koblenz\/secrets-of-koblenz\/"]}]},{"@type":"ImageObject","inLanguage":"da-DK","@id":"https:\/\/testwebsite.citygame.com\/da\/games\/koblenz\/secrets-of-koblenz\/#primaryimage","url":"https:\/\/testwebsite.citygame.com\/wp-content\/blogs.dir\/1\/files\/sites\/62\/2026\/01\/woman-playing-city-game-on-tablet-in-koblenz.jpg","contentUrl":"https:\/\/testwebsite.citygame.com\/wp-content\/blogs.dir\/1\/files\/sites\/62\/2026\/01\/woman-playing-city-game-on-tablet-in-koblenz.jpg","width":1024,"height":1024,"caption":"A person uses a tablet to explore a historic cobblestone street in the city of Koblenz."},{"@type":"BreadcrumbList","@id":"https:\/\/testwebsite.citygame.com\/da\/games\/koblenz\/secrets-of-koblenz\/#breadcrumb","itemListElement":[{"@type":"ListItem","position":1,"name":"Home","item":"https:\/\/testwebsite.citygame.com\/da\/"},{"@type":"ListItem","position":2,"name":"Shop","item":"https:\/\/testwebsite.citygame.com\/shop\/"},{"@type":"ListItem","position":3,"name":"Secrets of Koblenz"}]},{"@type":"WebSite","@id":"https:\/\/testwebsite.upevents.nl\/#website","url":"https:\/\/testwebsite.upevents.nl\/","name":"City Game","description":"","publisher":{"@id":"https:\/\/testwebsite.upevents.nl\/#organization"},"alternateName":"citygame.com","potentialAction":[{"@type":"SearchAction","target":{"@type":"EntryPoint","urlTemplate":"https:\/\/testwebsite.upevents.nl\/?s={search_term_string}"},"query-input":{"@type":"PropertyValueSpecification","valueRequired":true,"valueName":"search_term_string"}}],"inLanguage":"da-DK"},{"@type":["Organization","Place"],"@id":"https:\/\/testwebsite.upevents.nl\/#organization","name":"City Game","alternateName":"citygame.com","url":"https:\/\/testwebsite.upevents.nl\/","logo":{"@id":"https:\/\/testwebsite.citygame.com\/da\/games\/koblenz\/secrets-of-koblenz\/#local-main-organization-logo"},"image":{"@id":"https:\/\/testwebsite.citygame.com\/da\/games\/koblenz\/secrets-of-koblenz\/#local-main-organization-logo"},"sameAs":["https:\/\/www.facebook.com\/profile.php?id=100086426226253","https:\/\/www.instagram.com\/citygame_com","https:\/\/www.tiktok.com\/@citygamecom\/","https:\/\/www.linkedin.com\/company\/citygame-com"],"description":"Turn any city into a playground with our interactive City Games and self-guided tours. Fun, flexible, and ideal for groups and team building.","telephone":[],"openingHoursSpecification":[{"@type":"OpeningHoursSpecification","dayOfWeek":["Monday","Tuesday","Wednesday","Thursday","Friday","Saturday","Sunday"],"opens":"09:00","closes":"17:00"}]},{"@type":"ImageObject","inLanguage":"da-DK","@id":"https:\/\/testwebsite.citygame.com\/da\/games\/koblenz\/secrets-of-koblenz\/#local-main-organization-logo","url":"https:\/\/testwebsite.citygame.com\/wp-content\/blogs.dir\/1\/files\/sites\/62\/2025\/10\/CG_LOGO-City-Game.png","contentUrl":"https:\/\/testwebsite.citygame.com\/wp-content\/blogs.dir\/1\/files\/sites\/62\/2025\/10\/CG_LOGO-City-Game.png","width":351,"height":377,"caption":"City Game"}]}},"taxonomy_info":{"game-concept":[{"value":708,"label":"Secrets"}],"location":[{"value":227,"label":"Koblenz"}],"product_cat":[{"value":27,"label":"Geen categorie"}]},"featured_image_src_large":["https:\/\/testwebsite.citygame.com\/wp-content\/blogs.dir\/1\/files\/sites\/62\/2026\/01\/woman-playing-city-game-on-tablet-in-koblenz.jpg",1024,1024,false],"author_info":[],"comment_info":"","_links":{"self":[{"href":"https:\/\/testwebsite.citygame.com\/da\/wp-json\/wp\/v2\/product\/62059","targetHints":{"allow":["GET"]}}],"collection":[{"href":"https:\/\/testwebsite.citygame.com\/da\/wp-json\/wp\/v2\/product"}],"about":[{"href":"https:\/\/testwebsite.citygame.com\/da\/wp-json\/wp\/v2\/types\/product"}],"acf:post":[{"embeddable":true,"href":"https:\/\/testwebsite.citygame.com\/da\/wp-json\/wp\/v2\/pages\/4894"}],"wp:featuredmedia":[{"embeddable":true,"href":"https:\/\/testwebsite.citygame.com\/da\/wp-json\/wp\/v2\/media\/5217"}],"wp:attachment":[{"href":"https:\/\/testwebsite.citygame.com\/da\/wp-json\/wp\/v2\/media?parent=62059"}],"wp:term":[{"taxonomy":"game-concept","embeddable":true,"href":"https:\/\/testwebsite.citygame.com\/da\/wp-json\/wp\/v2\/game-concept?post=62059"},{"taxonomy":"location","embeddable":true,"href":"https:\/\/testwebsite.citygame.com\/da\/wp-json\/wp\/v2\/location?post=62059"},{"taxonomy":"product_brand","embeddable":true,"href":"https:\/\/testwebsite.citygame.com\/da\/wp-json\/wp\/v2\/product_brand?post=62059"},{"taxonomy":"product_cat","embeddable":true,"href":"https:\/\/testwebsite.citygame.com\/da\/wp-json\/wp\/v2\/product_cat?post=62059"},{"taxonomy":"product_tag","embeddable":true,"href":"https:\/\/testwebsite.citygame.com\/da\/wp-json\/wp\/v2\/product_tag?post=62059"}],"curies":[{"name":"wp","href":"https:\/\/api.w.org\/{rel}","templated":true}]}}