{"id":61249,"date":"2026-01-27T15:05:00","date_gmt":"2026-01-27T15:05:00","guid":{"rendered":"https:\/\/testwebsite.citygame.com\/games\/unknown-location\/secrets-of-roermond\/"},"modified":"2026-04-08T07:24:13","modified_gmt":"2026-04-08T07:24:13","slug":"secrets-of-roermond","status":"publish","type":"product","link":"https:\/\/testwebsite.citygame.com\/da\/games\/roermond\/secrets-of-roermond\/","title":{"rendered":"Secrets of Roermond"},"content":{"rendered":"<p>BySpillet Roermond er et selvguidet, GPS-baseret spil, der foreg\u00e5r i Roermonds historiske centrum. Ved hj\u00e6lp af din smartphone vil du udforske byen, mens du l\u00f8ser g\u00e5der, puslespil og fotoudfordringer, der afsl\u00f8rer skjulte detaljer om dens historie og kultur. Dette udforskningsspil tilbyder en sjov og informativ m\u00e5de at opdage lokale vartegn og mindre kendte hj\u00f8rner i dit eget tempo. Det GPS-baserede spil er designet til b\u00e5de bes\u00f8gende og lokale og fungerer lige godt for solospillere, par, familier eller grupper af venner. Uanset om du er ny i byen eller genopdager Roermond, tilbyder dette selvguidede byspil et unikt perspektiv p\u00e5 dens historiske charme.<\/p>\n","protected":false},"excerpt":{"rendered":"<p>Kn\u00e6k mysterierne i Roermond! Dyk ned i et bylandskab, hvor traditionen blomstrer langs \u00e6ldgamle brosten, og innovation puster liv i enhver g\u00e5rdhave. S\u00f8g efter spor blandt det ber\u00f8mte Designer Outlet, historiske kirker og charmerende Maasplassen, for Roermond gemmer sine hemmeligheder godt!<\/p>\n","protected":false},"featured_media":5166,"template":"","meta":{"_acf_changed":false,"_yoast_wpseo_focuskw":"Secrets of Roermond","_yoast_wpseo_metadesc":"Secrets of Roermond. Spil et selvguidet byspil, og udforsk byen gennem puslespil, g\u00e5der og udfordringer. Spil i dit eget tempo, og oplev som en lokal!","_kad_blocks_custom_css":"","_kad_blocks_head_custom_js":"","_kad_blocks_body_custom_js":"","_kad_blocks_footer_custom_js":"","ghostkit_customizer_options":"","ghostkit_custom_css":"","ghostkit_custom_js_head":"","ghostkit_custom_js_foot":"","ghostkit_typography":"","_kad_post_transparent":"","_kad_post_title":"","_kad_post_layout":"","_kad_post_sidebar_id":"","_kad_post_content_style":"","_kad_post_vertical_padding":"","_kad_post_feature":"","_kad_post_feature_position":"","_kad_post_header":false,"_kad_post_footer":false,"_kad_post_classname":"","_links_to":"","_links_to_target":""},"game-concept":[708],"location":[345],"product_brand":[],"product_cat":[27],"product_tag":[],"class_list":{"0":"post-61249","1":"product","2":"type-product","3":"status-publish","4":"has-post-thumbnail","6":"game-concept-secrets","7":"location-roermond","8":"product_cat-geen-categorie","10":"first","11":"instock","12":"shipping-taxable","13":"purchasable","14":"product-type-simple","15":"entry","16":"content-bg","17":"loop-entry"},"acf":{"full_bokun_product_name":"Self-Guided Secrets of Roermond Exploration Game","location_name":"Roermond","bokun_calendar_widget_code":"<script type=\"text\/javascript\" src=\"https:\/\/widgets.bokun.io\/assets\/javascripts\/apps\/build\/BokunWidgetsLoader.js?bookingChannelUUID=a1e93e96-5232-4734-a595-28405f4b5a31\" async><\/script>\n     \n    <div class=\"bokunWidget\" data-src=\"https:\/\/widgets.bokun.io\/online-sales\/a1e93e96-5232-4734-a595-28405f4b5a31\/experience-calendar\/854571\"><\/div>\n    <noscript>Please enable javascript in your browser to book<\/noscript>","bokun_button_widget_code":"<script type=\"text\/javascript\" src=\"https:\/\/widgets.bokun.io\/assets\/javascripts\/apps\/build\/BokunWidgetsLoader.js?bookingChannelUUID=a1e93e96-5232-4734-a595-28405f4b5a31\" async><\/script>\n      <style> #bokun_ed001e45_5927_4f62_b470_ca766338d083 { display: inline-block; padding: .4em 1em; background: #47b82e; border-radius: 999999px; box-shadow: none; font-weight: 600; font-size: 24px; text-decoration: none; text-align: center; color: #FFFFFF; border:none; cursor: pointer; transition: background .2s ease; } #bokun_ed001e45_5927_4f62_b470_ca766338d083:hover{ background: #2f7b1f; } #bokun_ed001e45_5927_4f62_b470_ca766338d083:active{ background: #378f24; } <\/style> <button class=\"bokunButton\" disabled id=bokun_ed001e45_5927_4f62_b470_ca766338d083 data-src=\"https:\/\/widgets.bokun.io\/online-sales\/a1e93e96-5232-4734-a595-28405f4b5a31\/experience-calendar\/854571?partialView=1\" data-testid=\"widget-book-button\" > Book now <\/button> ","what_you\u2019ll_experience_during_the_game":"Oplev Roermond p\u00e5 en ny m\u00e5de med dette byspil, der blander byudforskning med fordybende historiefort\u00e6lling og interaktive udfordringer. Mens du f\u00f8lger spor, vil du opdage b\u00e5de Munsterpleins velkendte charme og den fredfyldte atmosf\u00e6re omkring Roerkade. Undervejs f\u00f8rer historien dig gennem skjulte gyder, forbi travle markedspladser og ind i stille hj\u00f8rner, der ofte overses, hvilket giver et nuanceret syn p\u00e5 livet i Roermond i dag og i fortiden. Balancen mellem historiske vartegn og skjulte perler skaber en rig baggrund for opdagelse.\n\nMens du spiller, l\u00f8ser du g\u00e5der, fuldf\u00f8rer puslespil og tager kreative fotoopgaver, der bringer byspillet til live. Hver udfordring giver dig point, hj\u00e6lper med at l\u00e5se op for spor og bringer dig t\u00e6ttere p\u00e5 at l\u00f8se det endelige mysterium, hvilket uddyber din forbindelse til Roermond for hvert skridt. Du er fri til at s\u00e6tte spillet p\u00e5 pause n\u00e5r som helst og forts\u00e6tte med at udforske byen i dit eget tempo. For konkurrencedygtige spillere eller hold giver leaderboardet en chance for at spore din pr\u00e6station mod andre, der har udforsket Roermond gennem dette engagerende bybaserede spil.","how_to_play":"Book Udforskningsspillet, tjek den e-mail, vi sender dig med de simple instruktioner, download Loquiz App'en, f\u00e5 adgang til Udforskningsspillet, og du er klar til at starte din spiloplevelse!","start_location":"Roermond, Munsterkerk","available_languages":["en"],"players_per_group":"1-4","duration":"1.5-2 hours","image_overlay_color_image":"https:\/\/testwebsite.citygame.com\/wp-content\/blogs.dir\/1\/files\/sites\/62\/2026\/01\/SecretsColor.svg","image_overlay_game_logo":"https:\/\/testwebsite.citygame.com\/wp-content\/blogs.dir\/1\/files\/sites\/62\/2026\/01\/SecretsLogo.png","city_page":4820,"woocommerce_general_content":null},"yoast_head":"<!-- This site is optimized with the Yoast SEO Premium plugin v26.2 (Yoast SEO v26.3) - https:\/\/yoast.com\/wordpress\/plugins\/seo\/ -->\n<title>Secrets of Roermond - City Game<\/title>\n<meta name=\"description\" content=\"Secrets of Roermond. Spil et selvguidet byspil, og udforsk byen gennem puslespil, g\u00e5der og udfordringer. Spil i dit eget tempo, og oplev som en lokal!\" \/>\n<meta name=\"robots\" content=\"noindex, follow, max-snippet:-1, max-image-preview:large, max-video-preview:-1\" \/>\n<meta property=\"og:locale\" content=\"da_DK\" \/>\n<meta property=\"og:type\" content=\"article\" \/>\n<meta property=\"og:title\" content=\"Secrets of Roermond\" \/>\n<meta property=\"og:description\" content=\"Secrets of Roermond. Spil et selvguidet byspil, og udforsk byen gennem puslespil, g\u00e5der og udfordringer. Spil i dit eget tempo, og oplev som en lokal!\" \/>\n<meta property=\"og:url\" content=\"https:\/\/testwebsite.citygame.com\/da\/games\/roermond\/secrets-of-roermond\/\" \/>\n<meta property=\"og:site_name\" content=\"City Game\" \/>\n<meta property=\"article:publisher\" content=\"https:\/\/www.facebook.com\/profile.php?id=100086426226253\" \/>\n<meta property=\"article:modified_time\" content=\"2026-04-08T07:24:13+00:00\" \/>\n<meta property=\"og:image\" content=\"https:\/\/testwebsite.citygame.com\/wp-content\/blogs.dir\/1\/files\/sites\/62\/2026\/01\/roermond-man-playing-city-game-pater-noster-poort.jpg\" \/>\n\t<meta property=\"og:image:width\" content=\"1024\" \/>\n\t<meta property=\"og:image:height\" content=\"1024\" \/>\n\t<meta property=\"og:image:type\" content=\"image\/jpeg\" \/>\n<meta name=\"twitter:card\" content=\"summary_large_image\" \/>\n<meta name=\"twitter:label1\" content=\"Estimeret l\u00e6setid\" \/>\n\t<meta name=\"twitter:data1\" content=\"1 minut\" \/>\n<script type=\"application\/ld+json\" class=\"yoast-schema-graph\">{\"@context\":\"https:\/\/schema.org\",\"@graph\":[{\"@type\":\"WebPage\",\"@id\":\"https:\/\/testwebsite.citygame.com\/da\/games\/roermond\/secrets-of-roermond\/\",\"url\":\"https:\/\/testwebsite.citygame.com\/da\/games\/roermond\/secrets-of-roermond\/\",\"name\":\"Secrets of Roermond - City Game\",\"isPartOf\":{\"@id\":\"https:\/\/testwebsite.upevents.nl\/#website\"},\"primaryImageOfPage\":{\"@id\":\"https:\/\/testwebsite.citygame.com\/da\/games\/roermond\/secrets-of-roermond\/#primaryimage\"},\"image\":{\"@id\":\"https:\/\/testwebsite.citygame.com\/da\/games\/roermond\/secrets-of-roermond\/#primaryimage\"},\"thumbnailUrl\":\"https:\/\/testwebsite.citygame.com\/wp-content\/blogs.dir\/1\/files\/sites\/62\/2026\/01\/roermond-man-playing-city-game-pater-noster-poort.jpg\",\"datePublished\":\"2026-01-27T15:05:00+00:00\",\"dateModified\":\"2026-04-08T07:24:13+00:00\",\"description\":\"Secrets of Roermond. Spil et selvguidet byspil, og udforsk byen gennem puslespil, g\u00e5der og udfordringer. Spil i dit eget tempo, og oplev som en lokal!\",\"breadcrumb\":{\"@id\":\"https:\/\/testwebsite.citygame.com\/da\/games\/roermond\/secrets-of-roermond\/#breadcrumb\"},\"inLanguage\":\"da-DK\",\"potentialAction\":[{\"@type\":\"ReadAction\",\"target\":[\"https:\/\/testwebsite.citygame.com\/da\/games\/roermond\/secrets-of-roermond\/\"]}]},{\"@type\":\"ImageObject\",\"inLanguage\":\"da-DK\",\"@id\":\"https:\/\/testwebsite.citygame.com\/da\/games\/roermond\/secrets-of-roermond\/#primaryimage\",\"url\":\"https:\/\/testwebsite.citygame.com\/wp-content\/blogs.dir\/1\/files\/sites\/62\/2026\/01\/roermond-man-playing-city-game-pater-noster-poort.jpg\",\"contentUrl\":\"https:\/\/testwebsite.citygame.com\/wp-content\/blogs.dir\/1\/files\/sites\/62\/2026\/01\/roermond-man-playing-city-game-pater-noster-poort.jpg\",\"width\":1024,\"height\":1024,\"caption\":\"A player navigates the historic streets of Roermond with a tablet during a city game.\"},{\"@type\":\"BreadcrumbList\",\"@id\":\"https:\/\/testwebsite.citygame.com\/da\/games\/roermond\/secrets-of-roermond\/#breadcrumb\",\"itemListElement\":[{\"@type\":\"ListItem\",\"position\":1,\"name\":\"Home\",\"item\":\"https:\/\/testwebsite.citygame.com\/da\/\"},{\"@type\":\"ListItem\",\"position\":2,\"name\":\"Shop\",\"item\":\"https:\/\/testwebsite.citygame.com\/shop\/\"},{\"@type\":\"ListItem\",\"position\":3,\"name\":\"Secrets of Roermond\"}]},{\"@type\":\"WebSite\",\"@id\":\"https:\/\/testwebsite.upevents.nl\/#website\",\"url\":\"https:\/\/testwebsite.upevents.nl\/\",\"name\":\"City Game\",\"description\":\"\",\"publisher\":{\"@id\":\"https:\/\/testwebsite.upevents.nl\/#organization\"},\"alternateName\":\"citygame.com\",\"potentialAction\":[{\"@type\":\"SearchAction\",\"target\":{\"@type\":\"EntryPoint\",\"urlTemplate\":\"https:\/\/testwebsite.upevents.nl\/?s={search_term_string}\"},\"query-input\":{\"@type\":\"PropertyValueSpecification\",\"valueRequired\":true,\"valueName\":\"search_term_string\"}}],\"inLanguage\":\"da-DK\"},{\"@type\":[\"Organization\",\"Place\"],\"@id\":\"https:\/\/testwebsite.upevents.nl\/#organization\",\"name\":\"City Game\",\"alternateName\":\"citygame.com\",\"url\":\"https:\/\/testwebsite.upevents.nl\/\",\"logo\":{\"@id\":\"https:\/\/testwebsite.citygame.com\/da\/games\/roermond\/secrets-of-roermond\/#local-main-organization-logo\"},\"image\":{\"@id\":\"https:\/\/testwebsite.citygame.com\/da\/games\/roermond\/secrets-of-roermond\/#local-main-organization-logo\"},\"sameAs\":[\"https:\/\/www.facebook.com\/profile.php?id=100086426226253\",\"https:\/\/www.instagram.com\/citygame_com\",\"https:\/\/www.tiktok.com\/@citygamecom\/\",\"https:\/\/www.linkedin.com\/company\/citygame-com\"],\"description\":\"Turn any city into a playground with our interactive City Games and self-guided tours. Fun, flexible, and ideal for groups and team building.\",\"telephone\":[],\"openingHoursSpecification\":[{\"@type\":\"OpeningHoursSpecification\",\"dayOfWeek\":[\"Monday\",\"Tuesday\",\"Wednesday\",\"Thursday\",\"Friday\",\"Saturday\",\"Sunday\"],\"opens\":\"09:00\",\"closes\":\"17:00\"}]},{\"@type\":\"ImageObject\",\"inLanguage\":\"da-DK\",\"@id\":\"https:\/\/testwebsite.citygame.com\/da\/games\/roermond\/secrets-of-roermond\/#local-main-organization-logo\",\"url\":\"https:\/\/testwebsite.citygame.com\/wp-content\/blogs.dir\/1\/files\/sites\/62\/2025\/10\/CG_LOGO-City-Game.png\",\"contentUrl\":\"https:\/\/testwebsite.citygame.com\/wp-content\/blogs.dir\/1\/files\/sites\/62\/2025\/10\/CG_LOGO-City-Game.png\",\"width\":351,\"height\":377,\"caption\":\"City Game\"}]}<\/script>\n<!-- \/ Yoast SEO Premium plugin. -->","yoast_head_json":{"title":"Secrets of Roermond - City Game","description":"Secrets of Roermond. Spil et selvguidet byspil, og udforsk byen gennem puslespil, g\u00e5der og udfordringer. Spil i dit eget tempo, og oplev som en lokal!","robots":{"index":"noindex","follow":"follow","max-snippet":"max-snippet:-1","max-image-preview":"max-image-preview:large","max-video-preview":"max-video-preview:-1"},"og_locale":"da_DK","og_type":"article","og_title":"Secrets of Roermond","og_description":"Secrets of Roermond. Spil et selvguidet byspil, og udforsk byen gennem puslespil, g\u00e5der og udfordringer. Spil i dit eget tempo, og oplev som en lokal!","og_url":"https:\/\/testwebsite.citygame.com\/da\/games\/roermond\/secrets-of-roermond\/","og_site_name":"City Game","article_publisher":"https:\/\/www.facebook.com\/profile.php?id=100086426226253","article_modified_time":"2026-04-08T07:24:13+00:00","og_image":[{"width":1024,"height":1024,"url":"https:\/\/testwebsite.citygame.com\/wp-content\/blogs.dir\/1\/files\/sites\/62\/2026\/01\/roermond-man-playing-city-game-pater-noster-poort.jpg","type":"image\/jpeg"}],"twitter_card":"summary_large_image","twitter_misc":{"Estimeret l\u00e6setid":"1 minut"},"schema":{"@context":"https:\/\/schema.org","@graph":[{"@type":"WebPage","@id":"https:\/\/testwebsite.citygame.com\/da\/games\/roermond\/secrets-of-roermond\/","url":"https:\/\/testwebsite.citygame.com\/da\/games\/roermond\/secrets-of-roermond\/","name":"Secrets of Roermond - City Game","isPartOf":{"@id":"https:\/\/testwebsite.upevents.nl\/#website"},"primaryImageOfPage":{"@id":"https:\/\/testwebsite.citygame.com\/da\/games\/roermond\/secrets-of-roermond\/#primaryimage"},"image":{"@id":"https:\/\/testwebsite.citygame.com\/da\/games\/roermond\/secrets-of-roermond\/#primaryimage"},"thumbnailUrl":"https:\/\/testwebsite.citygame.com\/wp-content\/blogs.dir\/1\/files\/sites\/62\/2026\/01\/roermond-man-playing-city-game-pater-noster-poort.jpg","datePublished":"2026-01-27T15:05:00+00:00","dateModified":"2026-04-08T07:24:13+00:00","description":"Secrets of Roermond. Spil et selvguidet byspil, og udforsk byen gennem puslespil, g\u00e5der og udfordringer. Spil i dit eget tempo, og oplev som en lokal!","breadcrumb":{"@id":"https:\/\/testwebsite.citygame.com\/da\/games\/roermond\/secrets-of-roermond\/#breadcrumb"},"inLanguage":"da-DK","potentialAction":[{"@type":"ReadAction","target":["https:\/\/testwebsite.citygame.com\/da\/games\/roermond\/secrets-of-roermond\/"]}]},{"@type":"ImageObject","inLanguage":"da-DK","@id":"https:\/\/testwebsite.citygame.com\/da\/games\/roermond\/secrets-of-roermond\/#primaryimage","url":"https:\/\/testwebsite.citygame.com\/wp-content\/blogs.dir\/1\/files\/sites\/62\/2026\/01\/roermond-man-playing-city-game-pater-noster-poort.jpg","contentUrl":"https:\/\/testwebsite.citygame.com\/wp-content\/blogs.dir\/1\/files\/sites\/62\/2026\/01\/roermond-man-playing-city-game-pater-noster-poort.jpg","width":1024,"height":1024,"caption":"A player navigates the historic streets of Roermond with a tablet during a city game."},{"@type":"BreadcrumbList","@id":"https:\/\/testwebsite.citygame.com\/da\/games\/roermond\/secrets-of-roermond\/#breadcrumb","itemListElement":[{"@type":"ListItem","position":1,"name":"Home","item":"https:\/\/testwebsite.citygame.com\/da\/"},{"@type":"ListItem","position":2,"name":"Shop","item":"https:\/\/testwebsite.citygame.com\/shop\/"},{"@type":"ListItem","position":3,"name":"Secrets of Roermond"}]},{"@type":"WebSite","@id":"https:\/\/testwebsite.upevents.nl\/#website","url":"https:\/\/testwebsite.upevents.nl\/","name":"City Game","description":"","publisher":{"@id":"https:\/\/testwebsite.upevents.nl\/#organization"},"alternateName":"citygame.com","potentialAction":[{"@type":"SearchAction","target":{"@type":"EntryPoint","urlTemplate":"https:\/\/testwebsite.upevents.nl\/?s={search_term_string}"},"query-input":{"@type":"PropertyValueSpecification","valueRequired":true,"valueName":"search_term_string"}}],"inLanguage":"da-DK"},{"@type":["Organization","Place"],"@id":"https:\/\/testwebsite.upevents.nl\/#organization","name":"City Game","alternateName":"citygame.com","url":"https:\/\/testwebsite.upevents.nl\/","logo":{"@id":"https:\/\/testwebsite.citygame.com\/da\/games\/roermond\/secrets-of-roermond\/#local-main-organization-logo"},"image":{"@id":"https:\/\/testwebsite.citygame.com\/da\/games\/roermond\/secrets-of-roermond\/#local-main-organization-logo"},"sameAs":["https:\/\/www.facebook.com\/profile.php?id=100086426226253","https:\/\/www.instagram.com\/citygame_com","https:\/\/www.tiktok.com\/@citygamecom\/","https:\/\/www.linkedin.com\/company\/citygame-com"],"description":"Turn any city into a playground with our interactive City Games and self-guided tours. Fun, flexible, and ideal for groups and team building.","telephone":[],"openingHoursSpecification":[{"@type":"OpeningHoursSpecification","dayOfWeek":["Monday","Tuesday","Wednesday","Thursday","Friday","Saturday","Sunday"],"opens":"09:00","closes":"17:00"}]},{"@type":"ImageObject","inLanguage":"da-DK","@id":"https:\/\/testwebsite.citygame.com\/da\/games\/roermond\/secrets-of-roermond\/#local-main-organization-logo","url":"https:\/\/testwebsite.citygame.com\/wp-content\/blogs.dir\/1\/files\/sites\/62\/2025\/10\/CG_LOGO-City-Game.png","contentUrl":"https:\/\/testwebsite.citygame.com\/wp-content\/blogs.dir\/1\/files\/sites\/62\/2025\/10\/CG_LOGO-City-Game.png","width":351,"height":377,"caption":"City Game"}]}},"taxonomy_info":{"game-concept":[{"value":708,"label":"Secrets"}],"location":[{"value":345,"label":"Roermond"}],"product_cat":[{"value":27,"label":"Geen categorie"}]},"featured_image_src_large":["https:\/\/testwebsite.citygame.com\/wp-content\/blogs.dir\/1\/files\/sites\/62\/2026\/01\/roermond-man-playing-city-game-pater-noster-poort.jpg",1024,1024,false],"author_info":[],"comment_info":"","_links":{"self":[{"href":"https:\/\/testwebsite.citygame.com\/da\/wp-json\/wp\/v2\/product\/61249","targetHints":{"allow":["GET"]}}],"collection":[{"href":"https:\/\/testwebsite.citygame.com\/da\/wp-json\/wp\/v2\/product"}],"about":[{"href":"https:\/\/testwebsite.citygame.com\/da\/wp-json\/wp\/v2\/types\/product"}],"acf:post":[{"embeddable":true,"href":"https:\/\/testwebsite.citygame.com\/da\/wp-json\/wp\/v2\/pages\/4820"}],"wp:featuredmedia":[{"embeddable":true,"href":"https:\/\/testwebsite.citygame.com\/da\/wp-json\/wp\/v2\/media\/5166"}],"wp:attachment":[{"href":"https:\/\/testwebsite.citygame.com\/da\/wp-json\/wp\/v2\/media?parent=61249"}],"wp:term":[{"taxonomy":"game-concept","embeddable":true,"href":"https:\/\/testwebsite.citygame.com\/da\/wp-json\/wp\/v2\/game-concept?post=61249"},{"taxonomy":"location","embeddable":true,"href":"https:\/\/testwebsite.citygame.com\/da\/wp-json\/wp\/v2\/location?post=61249"},{"taxonomy":"product_brand","embeddable":true,"href":"https:\/\/testwebsite.citygame.com\/da\/wp-json\/wp\/v2\/product_brand?post=61249"},{"taxonomy":"product_cat","embeddable":true,"href":"https:\/\/testwebsite.citygame.com\/da\/wp-json\/wp\/v2\/product_cat?post=61249"},{"taxonomy":"product_tag","embeddable":true,"href":"https:\/\/testwebsite.citygame.com\/da\/wp-json\/wp\/v2\/product_tag?post=61249"}],"curies":[{"name":"wp","href":"https:\/\/api.w.org\/{rel}","templated":true}]}}