{"id":59628,"date":"2026-02-16T04:29:50","date_gmt":"2026-02-16T04:29:50","guid":{"rendered":"https:\/\/testwebsite.citygame.com\/games\/unknown-location\/the-ghent-syndicate\/"},"modified":"2026-04-08T04:22:11","modified_gmt":"2026-04-08T04:22:11","slug":"the-ghent-syndicate","status":"publish","type":"product","link":"https:\/\/testwebsite.citygame.com\/da\/games\/ghent\/the-ghent-syndicate\/","title":{"rendered":"The Ghent Syndicate"},"content":{"rendered":"<p>The Ghent Syndicate er et selvguidet City Escape Game, der finder sted i Gents historiske centrum. I dette City Game i Gent indtager dit team rollen som efterforskere, der arbejder sammen om at opspore den undvigende Magnus og genfinde seks stj\u00e5lne formler. Med et st\u00e6rkt fokus p\u00e5 historiefort\u00e6lling involverer hvert trin i missionen l\u00f8sning af g\u00e5der, udf\u00f8relse af opgaver og m\u00f8de udfordringer, der kr\u00e6ver samarbejde og snedig t\u00e6nkning i dette fordybende, selvguidede byspil.<\/p>\n","protected":false},"excerpt":{"rendered":"<p>Fordyb dig i Gents pulserende by, mens du begiver dig ud p\u00e5 et selvguidet City Escape Game. Naviger gennem snoede str\u00e6der og skjulte hj\u00f8rner, mens du og dit team afsl\u00f8rer kryptiske spor, l\u00f8ser udfordrende g\u00e5der og afd\u00e6kker nagende hemmeligheder i denne sp\u00e6ndende eskapade, alt sammen med en nervepirrende intensitet!<\/p>\n","protected":false},"featured_media":14038,"template":"","meta":{"_acf_changed":false,"_yoast_wpseo_focuskw":"The Ghent Syndicate","_yoast_wpseo_metadesc":"The Ghent Syndicate. Spil et selvguidet City Escape Game, l\u00f8s g\u00e5der, fuldf\u00f8r missioner og genfind de stj\u00e5lne formler i dit eget tempo!","_kad_blocks_custom_css":"","_kad_blocks_head_custom_js":"","_kad_blocks_body_custom_js":"","_kad_blocks_footer_custom_js":"","ghostkit_customizer_options":"","ghostkit_custom_css":"","ghostkit_custom_js_head":"","ghostkit_custom_js_foot":"","ghostkit_typography":"","_kad_post_transparent":"default","_kad_post_title":"","_kad_post_layout":"default","_kad_post_sidebar_id":"","_kad_post_content_style":"default","_kad_post_vertical_padding":"default","_kad_post_feature":"","_kad_post_feature_position":"","_kad_post_header":false,"_kad_post_footer":false,"_kad_post_classname":"","_links_to":"","_links_to_target":""},"game-concept":[738],"location":[174],"product_brand":[],"product_cat":[27],"product_tag":[],"class_list":{"0":"post-59628","1":"product","2":"type-product","3":"status-publish","4":"has-post-thumbnail","6":"game-concept-syndicate","7":"location-ghent","8":"product_cat-geen-categorie","10":"first","11":"instock","12":"shipping-taxable","13":"purchasable","14":"product-type-simple","15":"entry","16":"content-bg","17":"loop-entry"},"acf":{"full_bokun_product_name":"Self-Guided The Ghent Syndicate City Escape Game","location_name":"Ghent","bokun_calendar_widget_code":"<script type=\"text\/javascript\" src=\"https:\/\/widgets.bokun.io\/assets\/javascripts\/apps\/build\/BokunWidgetsLoader.js?bookingChannelUUID=a1e93e96-5232-4734-a595-28405f4b5a31\" async><\/script>\n     \n    <div class=\"bokunWidget\" data-src=\"https:\/\/widgets.bokun.io\/online-sales\/a1e93e96-5232-4734-a595-28405f4b5a31\/experience-calendar\/856511\"><\/div>\n    <noscript>Please enable javascript in your browser to book<\/noscript>","bokun_button_widget_code":"<script type=\"text\/javascript\" src=\"https:\/\/widgets.bokun.io\/assets\/javascripts\/apps\/build\/BokunWidgetsLoader.js?bookingChannelUUID=a1e93e96-5232-4734-a595-28405f4b5a31\" async><\/script>\n      <style> #bokun_ed001e45_5927_4f62_b470_ca766338d083 { display: inline-block; padding: .4em 1em; background: #47b82e; border-radius: 999999px; box-shadow: none; font-weight: 600; font-size: 24px; text-decoration: none; text-align: center; color: #FFFFFF; border:none; cursor: pointer; transition: background .2s ease; } #bokun_ed001e45_5927_4f62_b470_ca766338d083:hover{ background: #2f7b1f; } #bokun_ed001e45_5927_4f62_b470_ca766338d083:active{ background: #378f24; } <\/style> <button class=\"bokunButton\" disabled id=bokun_ed001e45_5927_4f62_b470_ca766338d083 data-src=\"https:\/\/widgets.bokun.io\/online-sales\/a1e93e96-5232-4734-a595-28405f4b5a31\/experience-calendar\/856511?partialView=1\" data-testid=\"widget-book-button\" > Book now <\/button> ","what_you\u2019ll_experience_during_the_game":"Fra det \u00f8jeblik spillet begynder, bliver du placeret midt i en h\u00e6sbl\u00e6sende flugtmission, der udfolder sig i Gents gader. Som en del af et undercover-team er dit m\u00e5l klart \u2013 at opspore den undvigende Magnus og genfinde seks stj\u00e5lne formler, f\u00f8r tiden l\u00f8ber ud. Missionen skrider frem skridt for skridt, mens du navigerer i byen og afd\u00e6kker lag af historien med hvert spor, du l\u00f8ser, og hver beslutning, du tr\u00e6ffer.\r\n\r\nI l\u00f8bet af oplevelsen vil du st\u00f8de p\u00e5 en r\u00e6kke g\u00e5der, krypterede koder og taktiske udfordringer, der kr\u00e6ver skarpsindighed, samarbejde og hurtig bed\u00f8mmelse. Det historiedrevne gameplay holder presset h\u00f8jt og teamet engageret, idet hvert tr\u00e6k, du foretager, er bundet til missionens sk\u00e6bne. Sat p\u00e5 baggrund af Gent giver spillet spillere mulighed for at holde pause og genoptage historien i deres eget tempo uden at miste momentum, hvilket sikrer en problemfri og fordybende teamoplevelse.","how_to_play":"Book City Game, tjek den e-mail, vi sender dig med instruktionerne, download Loquiz App'en og begynd din spiloplevelse!","start_location":"Ghent, Korenmarkt","available_languages":["en"],"players_per_group":"1-4","duration":"1.5-2 hours","image_overlay_color_image":"https:\/\/testwebsite.citygame.com\/wp-content\/blogs.dir\/1\/files\/sites\/62\/2026\/01\/SyndicateColor.svg","image_overlay_game_logo":"https:\/\/testwebsite.citygame.com\/wp-content\/blogs.dir\/1\/files\/sites\/62\/2026\/01\/SyndicateLogo.png","city_page":6473,"woocommerce_general_content":null},"yoast_head":"<!-- This site is optimized with the Yoast SEO Premium plugin v26.2 (Yoast SEO v26.3) - https:\/\/yoast.com\/wordpress\/plugins\/seo\/ -->\n<title>The Ghent Syndicate - City Game<\/title>\n<meta name=\"description\" content=\"The Ghent Syndicate. Spil et selvguidet City Escape Game, l\u00f8s g\u00e5der, fuldf\u00f8r missioner og genfind de stj\u00e5lne formler i dit eget tempo!\" \/>\n<meta name=\"robots\" content=\"noindex, follow, max-snippet:-1, max-image-preview:large, max-video-preview:-1\" \/>\n<meta property=\"og:locale\" content=\"da_DK\" \/>\n<meta property=\"og:type\" content=\"article\" \/>\n<meta property=\"og:title\" content=\"The Ghent Syndicate\" \/>\n<meta property=\"og:description\" content=\"The Ghent Syndicate. Spil et selvguidet City Escape Game, l\u00f8s g\u00e5der, fuldf\u00f8r missioner og genfind de stj\u00e5lne formler i dit eget tempo!\" \/>\n<meta property=\"og:url\" content=\"https:\/\/testwebsite.citygame.com\/da\/games\/ghent\/the-ghent-syndicate\/\" \/>\n<meta property=\"og:site_name\" content=\"City Game\" \/>\n<meta property=\"article:publisher\" content=\"https:\/\/www.facebook.com\/profile.php?id=100086426226253\" \/>\n<meta property=\"article:modified_time\" content=\"2026-04-08T04:22:11+00:00\" \/>\n<meta property=\"og:image\" content=\"https:\/\/testwebsite.citygame.com\/wp-content\/blogs.dir\/1\/files\/sites\/62\/2026\/02\/woman-playing-city-game-on-phone-in-munsterplatz-in-front-of-bonn-minster.jpg\" \/>\n\t<meta property=\"og:image:width\" content=\"1024\" \/>\n\t<meta property=\"og:image:height\" content=\"1024\" \/>\n\t<meta property=\"og:image:type\" content=\"image\/jpeg\" \/>\n<meta name=\"twitter:card\" content=\"summary_large_image\" \/>\n<script type=\"application\/ld+json\" class=\"yoast-schema-graph\">{\"@context\":\"https:\/\/schema.org\",\"@graph\":[{\"@type\":\"WebPage\",\"@id\":\"https:\/\/testwebsite.citygame.com\/da\/games\/ghent\/the-ghent-syndicate\/\",\"url\":\"https:\/\/testwebsite.citygame.com\/da\/games\/ghent\/the-ghent-syndicate\/\",\"name\":\"The Ghent Syndicate - City Game\",\"isPartOf\":{\"@id\":\"https:\/\/testwebsite.upevents.nl\/#website\"},\"primaryImageOfPage\":{\"@id\":\"https:\/\/testwebsite.citygame.com\/da\/games\/ghent\/the-ghent-syndicate\/#primaryimage\"},\"image\":{\"@id\":\"https:\/\/testwebsite.citygame.com\/da\/games\/ghent\/the-ghent-syndicate\/#primaryimage\"},\"thumbnailUrl\":\"https:\/\/testwebsite.citygame.com\/wp-content\/blogs.dir\/1\/files\/sites\/62\/2026\/02\/woman-playing-city-game-on-phone-in-munsterplatz-in-front-of-bonn-minster.jpg\",\"datePublished\":\"2026-02-16T04:29:50+00:00\",\"dateModified\":\"2026-04-08T04:22:11+00:00\",\"description\":\"The Ghent Syndicate. Spil et selvguidet City Escape Game, l\u00f8s g\u00e5der, fuldf\u00f8r missioner og genfind de stj\u00e5lne formler i dit eget tempo!\",\"breadcrumb\":{\"@id\":\"https:\/\/testwebsite.citygame.com\/da\/games\/ghent\/the-ghent-syndicate\/#breadcrumb\"},\"inLanguage\":\"da-DK\",\"potentialAction\":[{\"@type\":\"ReadAction\",\"target\":[\"https:\/\/testwebsite.citygame.com\/da\/games\/ghent\/the-ghent-syndicate\/\"]}]},{\"@type\":\"ImageObject\",\"inLanguage\":\"da-DK\",\"@id\":\"https:\/\/testwebsite.citygame.com\/da\/games\/ghent\/the-ghent-syndicate\/#primaryimage\",\"url\":\"https:\/\/testwebsite.citygame.com\/wp-content\/blogs.dir\/1\/files\/sites\/62\/2026\/02\/woman-playing-city-game-on-phone-in-munsterplatz-in-front-of-bonn-minster.jpg\",\"contentUrl\":\"https:\/\/testwebsite.citygame.com\/wp-content\/blogs.dir\/1\/files\/sites\/62\/2026\/02\/woman-playing-city-game-on-phone-in-munsterplatz-in-front-of-bonn-minster.jpg\",\"width\":1024,\"height\":1024,\"caption\":\"A young woman uses her phone to play an interactive city game in M\u00fcnsterplatz, Bonn.\"},{\"@type\":\"BreadcrumbList\",\"@id\":\"https:\/\/testwebsite.citygame.com\/da\/games\/ghent\/the-ghent-syndicate\/#breadcrumb\",\"itemListElement\":[{\"@type\":\"ListItem\",\"position\":1,\"name\":\"Home\",\"item\":\"https:\/\/testwebsite.citygame.com\/da\/\"},{\"@type\":\"ListItem\",\"position\":2,\"name\":\"Shop\",\"item\":\"https:\/\/testwebsite.citygame.com\/shop\/\"},{\"@type\":\"ListItem\",\"position\":3,\"name\":\"The Ghent Syndicate\"}]},{\"@type\":\"WebSite\",\"@id\":\"https:\/\/testwebsite.upevents.nl\/#website\",\"url\":\"https:\/\/testwebsite.upevents.nl\/\",\"name\":\"City Game\",\"description\":\"\",\"publisher\":{\"@id\":\"https:\/\/testwebsite.upevents.nl\/#organization\"},\"alternateName\":\"citygame.com\",\"potentialAction\":[{\"@type\":\"SearchAction\",\"target\":{\"@type\":\"EntryPoint\",\"urlTemplate\":\"https:\/\/testwebsite.upevents.nl\/?s={search_term_string}\"},\"query-input\":{\"@type\":\"PropertyValueSpecification\",\"valueRequired\":true,\"valueName\":\"search_term_string\"}}],\"inLanguage\":\"da-DK\"},{\"@type\":[\"Organization\",\"Place\"],\"@id\":\"https:\/\/testwebsite.upevents.nl\/#organization\",\"name\":\"City Game\",\"alternateName\":\"citygame.com\",\"url\":\"https:\/\/testwebsite.upevents.nl\/\",\"logo\":{\"@id\":\"https:\/\/testwebsite.citygame.com\/da\/games\/ghent\/the-ghent-syndicate\/#local-main-organization-logo\"},\"image\":{\"@id\":\"https:\/\/testwebsite.citygame.com\/da\/games\/ghent\/the-ghent-syndicate\/#local-main-organization-logo\"},\"sameAs\":[\"https:\/\/www.facebook.com\/profile.php?id=100086426226253\",\"https:\/\/www.instagram.com\/citygame_com\",\"https:\/\/www.tiktok.com\/@citygamecom\/\",\"https:\/\/www.linkedin.com\/company\/citygame-com\"],\"description\":\"Turn any city into a playground with our interactive City Games and self-guided tours. Fun, flexible, and ideal for groups and team building.\",\"telephone\":[],\"openingHoursSpecification\":[{\"@type\":\"OpeningHoursSpecification\",\"dayOfWeek\":[\"Monday\",\"Tuesday\",\"Wednesday\",\"Thursday\",\"Friday\",\"Saturday\",\"Sunday\"],\"opens\":\"09:00\",\"closes\":\"17:00\"}]},{\"@type\":\"ImageObject\",\"inLanguage\":\"da-DK\",\"@id\":\"https:\/\/testwebsite.citygame.com\/da\/games\/ghent\/the-ghent-syndicate\/#local-main-organization-logo\",\"url\":\"https:\/\/testwebsite.citygame.com\/wp-content\/blogs.dir\/1\/files\/sites\/62\/2025\/10\/CG_LOGO-City-Game.png\",\"contentUrl\":\"https:\/\/testwebsite.citygame.com\/wp-content\/blogs.dir\/1\/files\/sites\/62\/2025\/10\/CG_LOGO-City-Game.png\",\"width\":351,\"height\":377,\"caption\":\"City Game\"}]}<\/script>\n<!-- \/ Yoast SEO Premium plugin. -->","yoast_head_json":{"title":"The Ghent Syndicate - City Game","description":"The Ghent Syndicate. Spil et selvguidet City Escape Game, l\u00f8s g\u00e5der, fuldf\u00f8r missioner og genfind de stj\u00e5lne formler i dit eget tempo!","robots":{"index":"noindex","follow":"follow","max-snippet":"max-snippet:-1","max-image-preview":"max-image-preview:large","max-video-preview":"max-video-preview:-1"},"og_locale":"da_DK","og_type":"article","og_title":"The Ghent Syndicate","og_description":"The Ghent Syndicate. Spil et selvguidet City Escape Game, l\u00f8s g\u00e5der, fuldf\u00f8r missioner og genfind de stj\u00e5lne formler i dit eget tempo!","og_url":"https:\/\/testwebsite.citygame.com\/da\/games\/ghent\/the-ghent-syndicate\/","og_site_name":"City Game","article_publisher":"https:\/\/www.facebook.com\/profile.php?id=100086426226253","article_modified_time":"2026-04-08T04:22:11+00:00","og_image":[{"width":1024,"height":1024,"url":"https:\/\/testwebsite.citygame.com\/wp-content\/blogs.dir\/1\/files\/sites\/62\/2026\/02\/woman-playing-city-game-on-phone-in-munsterplatz-in-front-of-bonn-minster.jpg","type":"image\/jpeg"}],"twitter_card":"summary_large_image","schema":{"@context":"https:\/\/schema.org","@graph":[{"@type":"WebPage","@id":"https:\/\/testwebsite.citygame.com\/da\/games\/ghent\/the-ghent-syndicate\/","url":"https:\/\/testwebsite.citygame.com\/da\/games\/ghent\/the-ghent-syndicate\/","name":"The Ghent Syndicate - City Game","isPartOf":{"@id":"https:\/\/testwebsite.upevents.nl\/#website"},"primaryImageOfPage":{"@id":"https:\/\/testwebsite.citygame.com\/da\/games\/ghent\/the-ghent-syndicate\/#primaryimage"},"image":{"@id":"https:\/\/testwebsite.citygame.com\/da\/games\/ghent\/the-ghent-syndicate\/#primaryimage"},"thumbnailUrl":"https:\/\/testwebsite.citygame.com\/wp-content\/blogs.dir\/1\/files\/sites\/62\/2026\/02\/woman-playing-city-game-on-phone-in-munsterplatz-in-front-of-bonn-minster.jpg","datePublished":"2026-02-16T04:29:50+00:00","dateModified":"2026-04-08T04:22:11+00:00","description":"The Ghent Syndicate. Spil et selvguidet City Escape Game, l\u00f8s g\u00e5der, fuldf\u00f8r missioner og genfind de stj\u00e5lne formler i dit eget tempo!","breadcrumb":{"@id":"https:\/\/testwebsite.citygame.com\/da\/games\/ghent\/the-ghent-syndicate\/#breadcrumb"},"inLanguage":"da-DK","potentialAction":[{"@type":"ReadAction","target":["https:\/\/testwebsite.citygame.com\/da\/games\/ghent\/the-ghent-syndicate\/"]}]},{"@type":"ImageObject","inLanguage":"da-DK","@id":"https:\/\/testwebsite.citygame.com\/da\/games\/ghent\/the-ghent-syndicate\/#primaryimage","url":"https:\/\/testwebsite.citygame.com\/wp-content\/blogs.dir\/1\/files\/sites\/62\/2026\/02\/woman-playing-city-game-on-phone-in-munsterplatz-in-front-of-bonn-minster.jpg","contentUrl":"https:\/\/testwebsite.citygame.com\/wp-content\/blogs.dir\/1\/files\/sites\/62\/2026\/02\/woman-playing-city-game-on-phone-in-munsterplatz-in-front-of-bonn-minster.jpg","width":1024,"height":1024,"caption":"A young woman uses her phone to play an interactive city game in M\u00fcnsterplatz, Bonn."},{"@type":"BreadcrumbList","@id":"https:\/\/testwebsite.citygame.com\/da\/games\/ghent\/the-ghent-syndicate\/#breadcrumb","itemListElement":[{"@type":"ListItem","position":1,"name":"Home","item":"https:\/\/testwebsite.citygame.com\/da\/"},{"@type":"ListItem","position":2,"name":"Shop","item":"https:\/\/testwebsite.citygame.com\/shop\/"},{"@type":"ListItem","position":3,"name":"The Ghent Syndicate"}]},{"@type":"WebSite","@id":"https:\/\/testwebsite.upevents.nl\/#website","url":"https:\/\/testwebsite.upevents.nl\/","name":"City Game","description":"","publisher":{"@id":"https:\/\/testwebsite.upevents.nl\/#organization"},"alternateName":"citygame.com","potentialAction":[{"@type":"SearchAction","target":{"@type":"EntryPoint","urlTemplate":"https:\/\/testwebsite.upevents.nl\/?s={search_term_string}"},"query-input":{"@type":"PropertyValueSpecification","valueRequired":true,"valueName":"search_term_string"}}],"inLanguage":"da-DK"},{"@type":["Organization","Place"],"@id":"https:\/\/testwebsite.upevents.nl\/#organization","name":"City Game","alternateName":"citygame.com","url":"https:\/\/testwebsite.upevents.nl\/","logo":{"@id":"https:\/\/testwebsite.citygame.com\/da\/games\/ghent\/the-ghent-syndicate\/#local-main-organization-logo"},"image":{"@id":"https:\/\/testwebsite.citygame.com\/da\/games\/ghent\/the-ghent-syndicate\/#local-main-organization-logo"},"sameAs":["https:\/\/www.facebook.com\/profile.php?id=100086426226253","https:\/\/www.instagram.com\/citygame_com","https:\/\/www.tiktok.com\/@citygamecom\/","https:\/\/www.linkedin.com\/company\/citygame-com"],"description":"Turn any city into a playground with our interactive City Games and self-guided tours. Fun, flexible, and ideal for groups and team building.","telephone":[],"openingHoursSpecification":[{"@type":"OpeningHoursSpecification","dayOfWeek":["Monday","Tuesday","Wednesday","Thursday","Friday","Saturday","Sunday"],"opens":"09:00","closes":"17:00"}]},{"@type":"ImageObject","inLanguage":"da-DK","@id":"https:\/\/testwebsite.citygame.com\/da\/games\/ghent\/the-ghent-syndicate\/#local-main-organization-logo","url":"https:\/\/testwebsite.citygame.com\/wp-content\/blogs.dir\/1\/files\/sites\/62\/2025\/10\/CG_LOGO-City-Game.png","contentUrl":"https:\/\/testwebsite.citygame.com\/wp-content\/blogs.dir\/1\/files\/sites\/62\/2025\/10\/CG_LOGO-City-Game.png","width":351,"height":377,"caption":"City Game"}]}},"taxonomy_info":{"game-concept":[{"value":738,"label":"Syndicate"}],"location":[{"value":174,"label":"Ghent"}],"product_cat":[{"value":27,"label":"Geen categorie"}]},"featured_image_src_large":["https:\/\/testwebsite.citygame.com\/wp-content\/blogs.dir\/1\/files\/sites\/62\/2026\/02\/woman-playing-city-game-on-phone-in-munsterplatz-in-front-of-bonn-minster.jpg",1024,1024,false],"author_info":[],"comment_info":"","_links":{"self":[{"href":"https:\/\/testwebsite.citygame.com\/da\/wp-json\/wp\/v2\/product\/59628","targetHints":{"allow":["GET"]}}],"collection":[{"href":"https:\/\/testwebsite.citygame.com\/da\/wp-json\/wp\/v2\/product"}],"about":[{"href":"https:\/\/testwebsite.citygame.com\/da\/wp-json\/wp\/v2\/types\/product"}],"acf:post":[{"embeddable":true,"href":"https:\/\/testwebsite.citygame.com\/da\/wp-json\/wp\/v2\/pages\/6473"}],"wp:featuredmedia":[{"embeddable":true,"href":"https:\/\/testwebsite.citygame.com\/da\/wp-json\/wp\/v2\/media\/14038"}],"wp:attachment":[{"href":"https:\/\/testwebsite.citygame.com\/da\/wp-json\/wp\/v2\/media?parent=59628"}],"wp:term":[{"taxonomy":"game-concept","embeddable":true,"href":"https:\/\/testwebsite.citygame.com\/da\/wp-json\/wp\/v2\/game-concept?post=59628"},{"taxonomy":"location","embeddable":true,"href":"https:\/\/testwebsite.citygame.com\/da\/wp-json\/wp\/v2\/location?post=59628"},{"taxonomy":"product_brand","embeddable":true,"href":"https:\/\/testwebsite.citygame.com\/da\/wp-json\/wp\/v2\/product_brand?post=59628"},{"taxonomy":"product_cat","embeddable":true,"href":"https:\/\/testwebsite.citygame.com\/da\/wp-json\/wp\/v2\/product_cat?post=59628"},{"taxonomy":"product_tag","embeddable":true,"href":"https:\/\/testwebsite.citygame.com\/da\/wp-json\/wp\/v2\/product_tag?post=59628"}],"curies":[{"name":"wp","href":"https:\/\/api.w.org\/{rel}","templated":true}]}}