{"id":59613,"date":"2026-01-27T11:06:25","date_gmt":"2026-01-27T11:06:25","guid":{"rendered":"https:\/\/testwebsite.citygame.com\/games\/unknown-location\/secrets-of-wiesbaden\/"},"modified":"2026-04-08T04:20:29","modified_gmt":"2026-04-08T04:20:29","slug":"secrets-of-wiesbaden","status":"publish","type":"product","link":"https:\/\/testwebsite.citygame.com\/da\/games\/wiesbaden\/secrets-of-wiesbaden\/","title":{"rendered":"Secrets of Wiesbaden"},"content":{"rendered":"<p>The City Game Wiesbaden er et selvguidet byspil, der finder sted i Wiesbadens historiske centrum. Dette GPS-baserede spil inviterer spillere til at udforske byen ved hj\u00e6lp af deres smartphone, mens de l\u00f8ser g\u00e5der, mysterier og fotoudfordringer. Undervejs opdager deltagerne lokal historie, kultur og skjulte detaljer, der v\u00e6kker Wiesbadens karakter til live. Udforskningsspillet er velegnet til b\u00e5de bes\u00f8gende og lokale og tilbyder en engagerende oplevelse for solospillere, par, familier eller vennegrupper. Uanset om du&#8217;re ny i byen eller genopdager velkendte gader, tilbyder dette City Game Wiesbaden et unikt perspektiv gennem interaktiv leg.<\/p>\n","protected":false},"excerpt":{"rendered":"<p>Oplev Wiesbadens vin og vidundere! Dyk ned i en by kendt for sin kongelige arkitektur og frodige vinmarker, hvor fortryllende fort\u00e6llinger om royalty m\u00f8der tiltr\u00e6kningen ved verdensber\u00f8mte kurbade. Gennemg\u00e5 spor midt i et f\u00e6ngslende samspil mellem historie og mystik \u2013 Wiesbaden lover sp\u00e6ndende opdagelser rundt om hvert hj\u00f8rne!<\/p>\n","protected":false},"featured_media":4710,"template":"","meta":{"_acf_changed":false,"_yoast_wpseo_focuskw":"Secrets of Wiesbaden","_yoast_wpseo_metadesc":"Secrets of Wiesbaden. Spil et selvguidet City Game og udforsk byen gennem g\u00e5der, mysterier og udfordringer. Spil i dit eget tempo og opdag som en lokal!","_kad_blocks_custom_css":"","_kad_blocks_head_custom_js":"","_kad_blocks_body_custom_js":"","_kad_blocks_footer_custom_js":"","ghostkit_customizer_options":"","ghostkit_custom_css":"","ghostkit_custom_js_head":"","ghostkit_custom_js_foot":"","ghostkit_typography":"","_kad_post_transparent":"","_kad_post_title":"","_kad_post_layout":"","_kad_post_sidebar_id":"","_kad_post_content_style":"","_kad_post_vertical_padding":"","_kad_post_feature":"","_kad_post_feature_position":"","_kad_post_header":false,"_kad_post_footer":false,"_kad_post_classname":"","_links_to":"","_links_to_target":""},"game-concept":[708],"location":[426],"product_brand":[],"product_cat":[27],"product_tag":[],"class_list":{"0":"post-59613","1":"product","2":"type-product","3":"status-publish","4":"has-post-thumbnail","6":"game-concept-secrets","7":"location-wiesbaden","8":"product_cat-geen-categorie","10":"first","11":"instock","12":"shipping-taxable","13":"purchasable","14":"product-type-simple","15":"entry","16":"content-bg","17":"loop-entry"},"acf":{"full_bokun_product_name":"Self-Guided Secrets of Wiesbaden Exploration Game","location_name":"Wiesbaden","bokun_calendar_widget_code":"<script type=\"text\/javascript\" src=\"https:\/\/widgets.bokun.io\/assets\/javascripts\/apps\/build\/BokunWidgetsLoader.js?bookingChannelUUID=a1e93e96-5232-4734-a595-28405f4b5a31\" async><\/script>\n     \n    <div class=\"bokunWidget\" data-src=\"https:\/\/widgets.bokun.io\/online-sales\/a1e93e96-5232-4734-a595-28405f4b5a31\/experience-calendar\/827838\"><\/div>\n    <noscript>Please enable javascript in your browser to book<\/noscript>","bokun_button_widget_code":"<script type=\"text\/javascript\" src=\"https:\/\/widgets.bokun.io\/assets\/javascripts\/apps\/build\/BokunWidgetsLoader.js?bookingChannelUUID=a1e93e96-5232-4734-a595-28405f4b5a31\" async><\/script>\n      <style> #bokun_ed001e45_5927_4f62_b470_ca766338d083 { display: inline-block; padding: .4em 1em; background: #47b82e; border-radius: 999999px; box-shadow: none; font-weight: 600; font-size: 24px; text-decoration: none; text-align: center; color: #FFFFFF; border:none; cursor: pointer; transition: background .2s ease; } #bokun_ed001e45_5927_4f62_b470_ca766338d083:hover{ background: #2f7b1f; } #bokun_ed001e45_5927_4f62_b470_ca766338d083:active{ background: #378f24; } <\/style> <button class=\"bokunButton\" disabled id=bokun_ed001e45_5927_4f62_b470_ca766338d083 data-src=\"https:\/\/widgets.bokun.io\/online-sales\/a1e93e96-5232-4734-a595-28405f4b5a31\/experience-calendar\/827838?partialView=1\" data-testid=\"widget-book-button\" > Book now <\/button> ","what_you\u2019ll_experience_during_the_game":"Oplev Wiesbadens charme, mens du balancerer mellem sightseeing og medrivende historiefort\u00e6lling med vores City Game. En engagerende rejse, der fletter ikoniske steder og skjulte perler i byen sammen, inviterer spillet dig til at opfatte Wiesbaden fra et helt nyt perspektiv. Din udforskende rejse kan f\u00f8re dig til de travle pladser, indbydende parker eller byens levende kunstscene; hvert sted afsl\u00f8rer et nyt lag af den f\u00e6ngslende fort\u00e6lling og tilf\u00f8jer en unik smag til dit eventyr.\n\nCity Game handler ikke kun om sightseeing; det er en forn\u00f8jelig m\u00e5de at udfordre dig selv p\u00e5 og l\u00e6re Secrets of Wiesbaden. Mens du bev\u00e6ger dig gennem spillet, l\u00f8ser du sp\u00e6ndende g\u00e5der, svarer p\u00e5 trivia-sp\u00f8rgsm\u00e5l om dine omgivelser, tackler kreative fotoudfordringer og optjener point, der bringer dig et skridt t\u00e6ttere p\u00e5 at afsl\u00f8re byens mysterium. Spillet kan s\u00e6ttes p\u00e5 pause og genoptages, n\u00e5r du \u00f8nsker det, hvilket giver dig friheden og fleksibiliteten til virkelig at nyde oplevelsen. Hvis du er konkurrencelysten, saml dit hold og k\u00e6mp om en topplacering p\u00e5 ranglisten for at markere dit udforskningskorstog gennem Wiesbaden.","how_to_play":"Book Udforskningsspillet, tjek den e-mail, vi sender dig med de simple instruktioner, download Loquiz App'en, f\u00e5 adgang til Udforskningsspillet, og du er klar til at begynde din spiloplevelse!","start_location":"Wiesbaden, Marktplatz","available_languages":["en"],"players_per_group":"1-4","duration":"1.5-2 hours","image_overlay_color_image":"https:\/\/testwebsite.citygame.com\/wp-content\/blogs.dir\/1\/files\/sites\/62\/2026\/01\/SecretsColor.svg","image_overlay_game_logo":"https:\/\/testwebsite.citygame.com\/wp-content\/blogs.dir\/1\/files\/sites\/62\/2026\/01\/SecretsLogo.png","city_page":4692,"woocommerce_general_content":null},"yoast_head":"<!-- This site is optimized with the Yoast SEO Premium plugin v26.2 (Yoast SEO v26.3) - https:\/\/yoast.com\/wordpress\/plugins\/seo\/ -->\n<title>Secrets of Wiesbaden - City Game<\/title>\n<meta name=\"description\" content=\"Secrets of Wiesbaden. Spil et selvguidet City Game og udforsk byen gennem g\u00e5der, mysterier og udfordringer. Spil i dit eget tempo og opdag som en lokal!\" \/>\n<meta name=\"robots\" content=\"noindex, follow, max-snippet:-1, max-image-preview:large, max-video-preview:-1\" \/>\n<meta property=\"og:locale\" content=\"da_DK\" \/>\n<meta property=\"og:type\" content=\"article\" \/>\n<meta property=\"og:title\" content=\"Secrets of Wiesbaden\" \/>\n<meta property=\"og:description\" content=\"Secrets of Wiesbaden. Spil et selvguidet City Game og udforsk byen gennem g\u00e5der, mysterier og udfordringer. Spil i dit eget tempo og opdag som en lokal!\" \/>\n<meta property=\"og:url\" content=\"https:\/\/testwebsite.citygame.com\/da\/games\/wiesbaden\/secrets-of-wiesbaden\/\" \/>\n<meta property=\"og:site_name\" content=\"City Game\" \/>\n<meta property=\"article:publisher\" content=\"https:\/\/www.facebook.com\/profile.php?id=100086426226253\" \/>\n<meta property=\"article:modified_time\" content=\"2026-04-08T04:20:29+00:00\" \/>\n<meta property=\"og:image\" content=\"https:\/\/testwebsite.citygame.com\/wp-content\/blogs.dir\/1\/files\/sites\/62\/2026\/01\/wiesbaden-players-mainzelmaennchen-statue.jpg\" \/>\n\t<meta property=\"og:image:width\" content=\"864\" \/>\n\t<meta property=\"og:image:height\" content=\"1184\" \/>\n\t<meta property=\"og:image:type\" content=\"image\/jpeg\" \/>\n<meta name=\"twitter:card\" content=\"summary_large_image\" \/>\n<script type=\"application\/ld+json\" class=\"yoast-schema-graph\">{\"@context\":\"https:\/\/schema.org\",\"@graph\":[{\"@type\":\"WebPage\",\"@id\":\"https:\/\/testwebsite.citygame.com\/da\/games\/wiesbaden\/secrets-of-wiesbaden\/\",\"url\":\"https:\/\/testwebsite.citygame.com\/da\/games\/wiesbaden\/secrets-of-wiesbaden\/\",\"name\":\"Secrets of Wiesbaden - City Game\",\"isPartOf\":{\"@id\":\"https:\/\/testwebsite.upevents.nl\/#website\"},\"primaryImageOfPage\":{\"@id\":\"https:\/\/testwebsite.citygame.com\/da\/games\/wiesbaden\/secrets-of-wiesbaden\/#primaryimage\"},\"image\":{\"@id\":\"https:\/\/testwebsite.citygame.com\/da\/games\/wiesbaden\/secrets-of-wiesbaden\/#primaryimage\"},\"thumbnailUrl\":\"https:\/\/testwebsite.citygame.com\/wp-content\/blogs.dir\/1\/files\/sites\/62\/2026\/01\/wiesbaden-players-mainzelmaennchen-statue.jpg\",\"datePublished\":\"2026-01-27T11:06:25+00:00\",\"dateModified\":\"2026-04-08T04:20:29+00:00\",\"description\":\"Secrets of Wiesbaden. Spil et selvguidet City Game og udforsk byen gennem g\u00e5der, mysterier og udfordringer. Spil i dit eget tempo og opdag som en lokal!\",\"breadcrumb\":{\"@id\":\"https:\/\/testwebsite.citygame.com\/da\/games\/wiesbaden\/secrets-of-wiesbaden\/#breadcrumb\"},\"inLanguage\":\"da-DK\",\"potentialAction\":[{\"@type\":\"ReadAction\",\"target\":[\"https:\/\/testwebsite.citygame.com\/da\/games\/wiesbaden\/secrets-of-wiesbaden\/\"]}]},{\"@type\":\"ImageObject\",\"inLanguage\":\"da-DK\",\"@id\":\"https:\/\/testwebsite.citygame.com\/da\/games\/wiesbaden\/secrets-of-wiesbaden\/#primaryimage\",\"url\":\"https:\/\/testwebsite.citygame.com\/wp-content\/blogs.dir\/1\/files\/sites\/62\/2026\/01\/wiesbaden-players-mainzelmaennchen-statue.jpg\",\"contentUrl\":\"https:\/\/testwebsite.citygame.com\/wp-content\/blogs.dir\/1\/files\/sites\/62\/2026\/01\/wiesbaden-players-mainzelmaennchen-statue.jpg\",\"width\":864,\"height\":1184,\"caption\":\"A group of friends exploring Wiesbaden and solving challenges on their phone together.\"},{\"@type\":\"BreadcrumbList\",\"@id\":\"https:\/\/testwebsite.citygame.com\/da\/games\/wiesbaden\/secrets-of-wiesbaden\/#breadcrumb\",\"itemListElement\":[{\"@type\":\"ListItem\",\"position\":1,\"name\":\"Home\",\"item\":\"https:\/\/testwebsite.citygame.com\/da\/\"},{\"@type\":\"ListItem\",\"position\":2,\"name\":\"Shop\",\"item\":\"https:\/\/testwebsite.citygame.com\/shop\/\"},{\"@type\":\"ListItem\",\"position\":3,\"name\":\"Secrets of Wiesbaden\"}]},{\"@type\":\"WebSite\",\"@id\":\"https:\/\/testwebsite.upevents.nl\/#website\",\"url\":\"https:\/\/testwebsite.upevents.nl\/\",\"name\":\"City Game\",\"description\":\"\",\"publisher\":{\"@id\":\"https:\/\/testwebsite.upevents.nl\/#organization\"},\"alternateName\":\"citygame.com\",\"potentialAction\":[{\"@type\":\"SearchAction\",\"target\":{\"@type\":\"EntryPoint\",\"urlTemplate\":\"https:\/\/testwebsite.upevents.nl\/?s={search_term_string}\"},\"query-input\":{\"@type\":\"PropertyValueSpecification\",\"valueRequired\":true,\"valueName\":\"search_term_string\"}}],\"inLanguage\":\"da-DK\"},{\"@type\":[\"Organization\",\"Place\"],\"@id\":\"https:\/\/testwebsite.upevents.nl\/#organization\",\"name\":\"City Game\",\"alternateName\":\"citygame.com\",\"url\":\"https:\/\/testwebsite.upevents.nl\/\",\"logo\":{\"@id\":\"https:\/\/testwebsite.citygame.com\/da\/games\/wiesbaden\/secrets-of-wiesbaden\/#local-main-organization-logo\"},\"image\":{\"@id\":\"https:\/\/testwebsite.citygame.com\/da\/games\/wiesbaden\/secrets-of-wiesbaden\/#local-main-organization-logo\"},\"sameAs\":[\"https:\/\/www.facebook.com\/profile.php?id=100086426226253\",\"https:\/\/www.instagram.com\/citygame_com\",\"https:\/\/www.tiktok.com\/@citygamecom\/\",\"https:\/\/www.linkedin.com\/company\/citygame-com\"],\"description\":\"Turn any city into a playground with our interactive City Games and self-guided tours. Fun, flexible, and ideal for groups and team building.\",\"telephone\":[],\"openingHoursSpecification\":[{\"@type\":\"OpeningHoursSpecification\",\"dayOfWeek\":[\"Monday\",\"Tuesday\",\"Wednesday\",\"Thursday\",\"Friday\",\"Saturday\",\"Sunday\"],\"opens\":\"09:00\",\"closes\":\"17:00\"}]},{\"@type\":\"ImageObject\",\"inLanguage\":\"da-DK\",\"@id\":\"https:\/\/testwebsite.citygame.com\/da\/games\/wiesbaden\/secrets-of-wiesbaden\/#local-main-organization-logo\",\"url\":\"https:\/\/testwebsite.citygame.com\/wp-content\/blogs.dir\/1\/files\/sites\/62\/2025\/10\/CG_LOGO-City-Game.png\",\"contentUrl\":\"https:\/\/testwebsite.citygame.com\/wp-content\/blogs.dir\/1\/files\/sites\/62\/2025\/10\/CG_LOGO-City-Game.png\",\"width\":351,\"height\":377,\"caption\":\"City Game\"}]}<\/script>\n<!-- \/ Yoast SEO Premium plugin. -->","yoast_head_json":{"title":"Secrets of Wiesbaden - City Game","description":"Secrets of Wiesbaden. Spil et selvguidet City Game og udforsk byen gennem g\u00e5der, mysterier og udfordringer. Spil i dit eget tempo og opdag som en lokal!","robots":{"index":"noindex","follow":"follow","max-snippet":"max-snippet:-1","max-image-preview":"max-image-preview:large","max-video-preview":"max-video-preview:-1"},"og_locale":"da_DK","og_type":"article","og_title":"Secrets of Wiesbaden","og_description":"Secrets of Wiesbaden. Spil et selvguidet City Game og udforsk byen gennem g\u00e5der, mysterier og udfordringer. Spil i dit eget tempo og opdag som en lokal!","og_url":"https:\/\/testwebsite.citygame.com\/da\/games\/wiesbaden\/secrets-of-wiesbaden\/","og_site_name":"City Game","article_publisher":"https:\/\/www.facebook.com\/profile.php?id=100086426226253","article_modified_time":"2026-04-08T04:20:29+00:00","og_image":[{"width":864,"height":1184,"url":"https:\/\/testwebsite.citygame.com\/wp-content\/blogs.dir\/1\/files\/sites\/62\/2026\/01\/wiesbaden-players-mainzelmaennchen-statue.jpg","type":"image\/jpeg"}],"twitter_card":"summary_large_image","schema":{"@context":"https:\/\/schema.org","@graph":[{"@type":"WebPage","@id":"https:\/\/testwebsite.citygame.com\/da\/games\/wiesbaden\/secrets-of-wiesbaden\/","url":"https:\/\/testwebsite.citygame.com\/da\/games\/wiesbaden\/secrets-of-wiesbaden\/","name":"Secrets of Wiesbaden - City Game","isPartOf":{"@id":"https:\/\/testwebsite.upevents.nl\/#website"},"primaryImageOfPage":{"@id":"https:\/\/testwebsite.citygame.com\/da\/games\/wiesbaden\/secrets-of-wiesbaden\/#primaryimage"},"image":{"@id":"https:\/\/testwebsite.citygame.com\/da\/games\/wiesbaden\/secrets-of-wiesbaden\/#primaryimage"},"thumbnailUrl":"https:\/\/testwebsite.citygame.com\/wp-content\/blogs.dir\/1\/files\/sites\/62\/2026\/01\/wiesbaden-players-mainzelmaennchen-statue.jpg","datePublished":"2026-01-27T11:06:25+00:00","dateModified":"2026-04-08T04:20:29+00:00","description":"Secrets of Wiesbaden. Spil et selvguidet City Game og udforsk byen gennem g\u00e5der, mysterier og udfordringer. Spil i dit eget tempo og opdag som en lokal!","breadcrumb":{"@id":"https:\/\/testwebsite.citygame.com\/da\/games\/wiesbaden\/secrets-of-wiesbaden\/#breadcrumb"},"inLanguage":"da-DK","potentialAction":[{"@type":"ReadAction","target":["https:\/\/testwebsite.citygame.com\/da\/games\/wiesbaden\/secrets-of-wiesbaden\/"]}]},{"@type":"ImageObject","inLanguage":"da-DK","@id":"https:\/\/testwebsite.citygame.com\/da\/games\/wiesbaden\/secrets-of-wiesbaden\/#primaryimage","url":"https:\/\/testwebsite.citygame.com\/wp-content\/blogs.dir\/1\/files\/sites\/62\/2026\/01\/wiesbaden-players-mainzelmaennchen-statue.jpg","contentUrl":"https:\/\/testwebsite.citygame.com\/wp-content\/blogs.dir\/1\/files\/sites\/62\/2026\/01\/wiesbaden-players-mainzelmaennchen-statue.jpg","width":864,"height":1184,"caption":"A group of friends exploring Wiesbaden and solving challenges on their phone together."},{"@type":"BreadcrumbList","@id":"https:\/\/testwebsite.citygame.com\/da\/games\/wiesbaden\/secrets-of-wiesbaden\/#breadcrumb","itemListElement":[{"@type":"ListItem","position":1,"name":"Home","item":"https:\/\/testwebsite.citygame.com\/da\/"},{"@type":"ListItem","position":2,"name":"Shop","item":"https:\/\/testwebsite.citygame.com\/shop\/"},{"@type":"ListItem","position":3,"name":"Secrets of Wiesbaden"}]},{"@type":"WebSite","@id":"https:\/\/testwebsite.upevents.nl\/#website","url":"https:\/\/testwebsite.upevents.nl\/","name":"City Game","description":"","publisher":{"@id":"https:\/\/testwebsite.upevents.nl\/#organization"},"alternateName":"citygame.com","potentialAction":[{"@type":"SearchAction","target":{"@type":"EntryPoint","urlTemplate":"https:\/\/testwebsite.upevents.nl\/?s={search_term_string}"},"query-input":{"@type":"PropertyValueSpecification","valueRequired":true,"valueName":"search_term_string"}}],"inLanguage":"da-DK"},{"@type":["Organization","Place"],"@id":"https:\/\/testwebsite.upevents.nl\/#organization","name":"City Game","alternateName":"citygame.com","url":"https:\/\/testwebsite.upevents.nl\/","logo":{"@id":"https:\/\/testwebsite.citygame.com\/da\/games\/wiesbaden\/secrets-of-wiesbaden\/#local-main-organization-logo"},"image":{"@id":"https:\/\/testwebsite.citygame.com\/da\/games\/wiesbaden\/secrets-of-wiesbaden\/#local-main-organization-logo"},"sameAs":["https:\/\/www.facebook.com\/profile.php?id=100086426226253","https:\/\/www.instagram.com\/citygame_com","https:\/\/www.tiktok.com\/@citygamecom\/","https:\/\/www.linkedin.com\/company\/citygame-com"],"description":"Turn any city into a playground with our interactive City Games and self-guided tours. Fun, flexible, and ideal for groups and team building.","telephone":[],"openingHoursSpecification":[{"@type":"OpeningHoursSpecification","dayOfWeek":["Monday","Tuesday","Wednesday","Thursday","Friday","Saturday","Sunday"],"opens":"09:00","closes":"17:00"}]},{"@type":"ImageObject","inLanguage":"da-DK","@id":"https:\/\/testwebsite.citygame.com\/da\/games\/wiesbaden\/secrets-of-wiesbaden\/#local-main-organization-logo","url":"https:\/\/testwebsite.citygame.com\/wp-content\/blogs.dir\/1\/files\/sites\/62\/2025\/10\/CG_LOGO-City-Game.png","contentUrl":"https:\/\/testwebsite.citygame.com\/wp-content\/blogs.dir\/1\/files\/sites\/62\/2025\/10\/CG_LOGO-City-Game.png","width":351,"height":377,"caption":"City Game"}]}},"taxonomy_info":{"game-concept":[{"value":708,"label":"Secrets"}],"location":[{"value":426,"label":"Wiesbaden"}],"product_cat":[{"value":27,"label":"Geen categorie"}]},"featured_image_src_large":["https:\/\/testwebsite.citygame.com\/wp-content\/blogs.dir\/1\/files\/sites\/62\/2026\/01\/wiesbaden-players-mainzelmaennchen-statue-747x1024.jpg",747,1024,true],"author_info":[],"comment_info":"","_links":{"self":[{"href":"https:\/\/testwebsite.citygame.com\/da\/wp-json\/wp\/v2\/product\/59613","targetHints":{"allow":["GET"]}}],"collection":[{"href":"https:\/\/testwebsite.citygame.com\/da\/wp-json\/wp\/v2\/product"}],"about":[{"href":"https:\/\/testwebsite.citygame.com\/da\/wp-json\/wp\/v2\/types\/product"}],"acf:post":[{"embeddable":true,"href":"https:\/\/testwebsite.citygame.com\/da\/wp-json\/wp\/v2\/pages\/4692"}],"wp:featuredmedia":[{"embeddable":true,"href":"https:\/\/testwebsite.citygame.com\/da\/wp-json\/wp\/v2\/media\/4710"}],"wp:attachment":[{"href":"https:\/\/testwebsite.citygame.com\/da\/wp-json\/wp\/v2\/media?parent=59613"}],"wp:term":[{"taxonomy":"game-concept","embeddable":true,"href":"https:\/\/testwebsite.citygame.com\/da\/wp-json\/wp\/v2\/game-concept?post=59613"},{"taxonomy":"location","embeddable":true,"href":"https:\/\/testwebsite.citygame.com\/da\/wp-json\/wp\/v2\/location?post=59613"},{"taxonomy":"product_brand","embeddable":true,"href":"https:\/\/testwebsite.citygame.com\/da\/wp-json\/wp\/v2\/product_brand?post=59613"},{"taxonomy":"product_cat","embeddable":true,"href":"https:\/\/testwebsite.citygame.com\/da\/wp-json\/wp\/v2\/product_cat?post=59613"},{"taxonomy":"product_tag","embeddable":true,"href":"https:\/\/testwebsite.citygame.com\/da\/wp-json\/wp\/v2\/product_tag?post=59613"}],"curies":[{"name":"wp","href":"https:\/\/api.w.org\/{rel}","templated":true}]}}