{"id":58468,"date":"2026-02-04T19:26:11","date_gmt":"2026-02-04T19:26:11","guid":{"rendered":"https:\/\/testwebsite.citygame.com\/games\/unknown-location\/sherlock-holmes-hasselt\/"},"modified":"2026-04-08T02:18:09","modified_gmt":"2026-04-08T02:18:09","slug":"sherlock-holmes-hasselt","status":"publish","type":"product","link":"https:\/\/testwebsite.citygame.com\/da\/games\/hasselt\/sherlock-holmes-hasselt\/","title":{"rendered":"Sherlock Holmes Hasselt"},"content":{"rendered":"<p>Tr\u00e6d ind i Sherlock Holmes&#8217; verden med et selvguidet, historiedrevet mordmysterium City Game, der udspiller sig i Hasselt&#8217;s historiske centrum. Mens du bev\u00e6ger dig gennem gaderne, vil du opklare en udfoldende fort\u00e6lling om et uhyggeligt mord, der fandt sted under Liberty Festival, samle spor, l\u00f8se indviklede g\u00e5der og afh\u00f8re digitale mist\u00e6nkte undervejs. Med friheden til at efterforske i dit eget tempo forvandler denne fordybende detektivoplevelse Hasselt til gerningsstedet for en gribende sag, der venter p\u00e5 din skarpeste logik.<\/p>\n","protected":false},"excerpt":{"rendered":"<p>Tr\u00e6d ind i Sherlock Holmes&#8217; mystiske fodspor, og tag del i et medrivende, selvguidet mordmysterium, der udspiller sig i Hasselt. Mens du dykker ned i en verden af ledetr\u00e5de, sammens\u00e6tter du g\u00e5defulde puslespil, samarbejder med dit hold og afd\u00e6kker sandheden, inden tiden l\u00f8ber ud!<\/p>\n","protected":false},"featured_media":10477,"template":"","meta":{"_acf_changed":false,"_yoast_wpseo_focuskw":"Sherlock Holmes Hasselt","_yoast_wpseo_metadesc":"Sherlock Holmes Hasselt. Spil et selvguidet mordmysterium City Game, l\u00f8s g\u00e5der, f\u00f8lg spor og afsl\u00f8r morderen i dit eget tempo!","_kad_blocks_custom_css":"","_kad_blocks_head_custom_js":"","_kad_blocks_body_custom_js":"","_kad_blocks_footer_custom_js":"","ghostkit_customizer_options":"","ghostkit_custom_css":"","ghostkit_custom_js_head":"","ghostkit_custom_js_foot":"","ghostkit_typography":"","_kad_post_transparent":"","_kad_post_title":"","_kad_post_layout":"","_kad_post_sidebar_id":"","_kad_post_content_style":"","_kad_post_vertical_padding":"","_kad_post_feature":"","_kad_post_feature_position":"","_kad_post_header":false,"_kad_post_footer":false,"_kad_post_classname":"","_links_to":"","_links_to_target":""},"game-concept":[769],"location":[194],"product_brand":[],"product_cat":[27],"product_tag":[],"class_list":{"0":"post-58468","1":"product","2":"type-product","3":"status-publish","4":"has-post-thumbnail","6":"game-concept-sherlock","7":"location-hasselt","8":"product_cat-geen-categorie","10":"first","11":"instock","12":"shipping-taxable","13":"purchasable","14":"product-type-simple","15":"entry","16":"content-bg","17":"loop-entry"},"acf":{"full_bokun_product_name":"Hasselt Self-Guided Sherlock Holmes Murder Mystery Game","location_name":"Hasselt","bokun_calendar_widget_code":"<script type=\"text\/javascript\" src=\"https:\/\/widgets.bokun.io\/assets\/javascripts\/apps\/build\/BokunWidgetsLoader.js?bookingChannelUUID=a1e93e96-5232-4734-a595-28405f4b5a31\" async><\/script>\n     \n    <div class=\"bokunWidget\" data-src=\"https:\/\/widgets.bokun.io\/online-sales\/a1e93e96-5232-4734-a595-28405f4b5a31\/experience-calendar\/731187\"><\/div>\n    <noscript>Please enable javascript in your browser to book<\/noscript>","bokun_button_widget_code":"<script type=\"text\/javascript\" src=\"https:\/\/widgets.bokun.io\/assets\/javascripts\/apps\/build\/BokunWidgetsLoader.js?bookingChannelUUID=a1e93e96-5232-4734-a595-28405f4b5a31\" async><\/script>\n      <style> #bokun_ed001e45_5927_4f62_b470_ca766338d083 { display: inline-block; padding: .4em 1em; background: #47b82e; border-radius: 999999px; box-shadow: none; font-weight: 600; font-size: 24px; text-decoration: none; text-align: center; color: #FFFFFF; border:none; cursor: pointer; transition: background .2s ease; } #bokun_ed001e45_5927_4f62_b470_ca766338d083:hover{ background: #2f7b1f; } #bokun_ed001e45_5927_4f62_b470_ca766338d083:active{ background: #378f24; } <\/style> <button class=\"bokunButton\" disabled id=bokun_ed001e45_5927_4f62_b470_ca766338d083 data-src=\"https:\/\/widgets.bokun.io\/online-sales\/a1e93e96-5232-4734-a595-28405f4b5a31\/experience-calendar\/731187?partialView=1\" data-testid=\"widget-book-button\" > Book now <\/button> ","what_you\u2019ll_experience_during_the_game":"Du tr\u00e6der ind i en medrivende detektivhistorie, der udspiller sig i hjertet af Hasselt, hvor et mystisk mord forstyrrer den \u00e5rlige Liberty Festival. Mens du g\u00e5r gennem byen, udfolder historien sig omkring dig og tr\u00e6kker dig ind i et spind af hemmeligheder, skjulte motiver og uventede vendinger. Du samler spor, l\u00f8ser kloge g\u00e5der og f\u00f8lger efterforskningen, uanset hvor den f\u00f8rer hen, kun ved hj\u00e6lp af dine instinkter og et skarpt \u00f8je for detaljer. Hver beslutning, du tager, sk\u00e6rper sagen. Du afh\u00f8rer digitale mist\u00e6nkte, analyserer alibier og identificerer modsigelser, der kan afsl\u00f8re mysteriet fuldst\u00e6ndigt. Dit m\u00e5l er at afd\u00e6kke sandheden bag festivalforbrydelsen, men vejen er aldrig ligetil. Oplevelsen er udelukkende bygget op omkring en udviklende fort\u00e6lling, fokuseret p\u00e5 observation, kritisk t\u00e6nkning og deduktion. Du kan s\u00e6tte spillet p\u00e5 pause n\u00e5r som helst og forts\u00e6tte, n\u00e5r du er klar, og spille helt i dit eget tempo. Hvis I er i en gruppe, kan I endda nyde en konkurrencem\u00e6ssig fordel, n\u00e5r I kappes om at l\u00f8se sagen hurtigere end andre.","how_to_play":"Arbejd alene eller med venner, familie eller kolleger i hold p\u00e5 op til fire personer pr. enhed. Efter booking modtager du en e-mail med instruktioner og alt, hvad du beh\u00f8ver.","start_location":"Hasselt, Historisch stadhuis","available_languages":["en","es","fr","de","it","nl"],"players_per_group":"1-4","duration":"1.5-2 hours","image_overlay_color_image":"https:\/\/testwebsite.citygame.com\/wp-content\/blogs.dir\/1\/files\/sites\/62\/2026\/01\/SherlockColor.svg","image_overlay_game_logo":"https:\/\/testwebsite.citygame.com\/wp-content\/blogs.dir\/1\/files\/sites\/62\/2026\/01\/SherlockLogo.png","city_page":6589,"woocommerce_general_content":null},"yoast_head":"<!-- This site is optimized with the Yoast SEO Premium plugin v26.2 (Yoast SEO v26.3) - https:\/\/yoast.com\/wordpress\/plugins\/seo\/ -->\n<title>Sherlock Holmes Hasselt - City Game<\/title>\n<meta name=\"description\" content=\"Sherlock Holmes Hasselt. Spil et selvguidet mordmysterium City Game, l\u00f8s g\u00e5der, f\u00f8lg spor og afsl\u00f8r morderen i dit eget tempo!\" \/>\n<meta name=\"robots\" content=\"noindex, follow, max-snippet:-1, max-image-preview:large, max-video-preview:-1\" \/>\n<meta property=\"og:locale\" content=\"da_DK\" \/>\n<meta property=\"og:type\" content=\"article\" \/>\n<meta property=\"og:title\" content=\"Sherlock Holmes Hasselt\" \/>\n<meta property=\"og:description\" content=\"Sherlock Holmes Hasselt. Spil et selvguidet mordmysterium City Game, l\u00f8s g\u00e5der, f\u00f8lg spor og afsl\u00f8r morderen i dit eget tempo!\" \/>\n<meta property=\"og:url\" content=\"https:\/\/testwebsite.citygame.com\/da\/games\/hasselt\/sherlock-holmes-hasselt\/\" \/>\n<meta property=\"og:site_name\" content=\"City Game\" \/>\n<meta property=\"article:publisher\" content=\"https:\/\/www.facebook.com\/profile.php?id=100086426226253\" \/>\n<meta property=\"article:modified_time\" content=\"2026-04-08T02:18:09+00:00\" \/>\n<meta property=\"og:image\" content=\"https:\/\/testwebsite.citygame.com\/wp-content\/blogs.dir\/1\/files\/sites\/62\/2026\/02\/woman-playing-sherlock-city-game-on-phone-hasselt.jpg\" \/>\n\t<meta property=\"og:image:width\" content=\"1344\" \/>\n\t<meta property=\"og:image:height\" content=\"768\" \/>\n\t<meta property=\"og:image:type\" content=\"image\/jpeg\" \/>\n<meta name=\"twitter:card\" content=\"summary_large_image\" \/>\n<script type=\"application\/ld+json\" class=\"yoast-schema-graph\">{\"@context\":\"https:\/\/schema.org\",\"@graph\":[{\"@type\":\"WebPage\",\"@id\":\"https:\/\/testwebsite.citygame.com\/da\/games\/hasselt\/sherlock-holmes-hasselt\/\",\"url\":\"https:\/\/testwebsite.citygame.com\/da\/games\/hasselt\/sherlock-holmes-hasselt\/\",\"name\":\"Sherlock Holmes Hasselt - City Game\",\"isPartOf\":{\"@id\":\"https:\/\/testwebsite.upevents.nl\/#website\"},\"primaryImageOfPage\":{\"@id\":\"https:\/\/testwebsite.citygame.com\/da\/games\/hasselt\/sherlock-holmes-hasselt\/#primaryimage\"},\"image\":{\"@id\":\"https:\/\/testwebsite.citygame.com\/da\/games\/hasselt\/sherlock-holmes-hasselt\/#primaryimage\"},\"thumbnailUrl\":\"https:\/\/testwebsite.citygame.com\/wp-content\/blogs.dir\/1\/files\/sites\/62\/2026\/02\/woman-playing-sherlock-city-game-on-phone-hasselt.jpg\",\"datePublished\":\"2026-02-04T19:26:11+00:00\",\"dateModified\":\"2026-04-08T02:18:09+00:00\",\"description\":\"Sherlock Holmes Hasselt. Spil et selvguidet mordmysterium City Game, l\u00f8s g\u00e5der, f\u00f8lg spor og afsl\u00f8r morderen i dit eget tempo!\",\"breadcrumb\":{\"@id\":\"https:\/\/testwebsite.citygame.com\/da\/games\/hasselt\/sherlock-holmes-hasselt\/#breadcrumb\"},\"inLanguage\":\"da-DK\",\"potentialAction\":[{\"@type\":\"ReadAction\",\"target\":[\"https:\/\/testwebsite.citygame.com\/da\/games\/hasselt\/sherlock-holmes-hasselt\/\"]}]},{\"@type\":\"ImageObject\",\"inLanguage\":\"da-DK\",\"@id\":\"https:\/\/testwebsite.citygame.com\/da\/games\/hasselt\/sherlock-holmes-hasselt\/#primaryimage\",\"url\":\"https:\/\/testwebsite.citygame.com\/wp-content\/blogs.dir\/1\/files\/sites\/62\/2026\/02\/woman-playing-sherlock-city-game-on-phone-hasselt.jpg\",\"contentUrl\":\"https:\/\/testwebsite.citygame.com\/wp-content\/blogs.dir\/1\/files\/sites\/62\/2026\/02\/woman-playing-sherlock-city-game-on-phone-hasselt.jpg\",\"width\":1344,\"height\":768,\"caption\":\"A player navigates a historic, cobblestone street in Hasselt using the Sherlock game app on her phone.\"},{\"@type\":\"BreadcrumbList\",\"@id\":\"https:\/\/testwebsite.citygame.com\/da\/games\/hasselt\/sherlock-holmes-hasselt\/#breadcrumb\",\"itemListElement\":[{\"@type\":\"ListItem\",\"position\":1,\"name\":\"Home\",\"item\":\"https:\/\/testwebsite.citygame.com\/da\/\"},{\"@type\":\"ListItem\",\"position\":2,\"name\":\"Shop\",\"item\":\"https:\/\/testwebsite.citygame.com\/shop\/\"},{\"@type\":\"ListItem\",\"position\":3,\"name\":\"Sherlock Holmes Hasselt\"}]},{\"@type\":\"WebSite\",\"@id\":\"https:\/\/testwebsite.upevents.nl\/#website\",\"url\":\"https:\/\/testwebsite.upevents.nl\/\",\"name\":\"City Game\",\"description\":\"\",\"publisher\":{\"@id\":\"https:\/\/testwebsite.upevents.nl\/#organization\"},\"alternateName\":\"citygame.com\",\"potentialAction\":[{\"@type\":\"SearchAction\",\"target\":{\"@type\":\"EntryPoint\",\"urlTemplate\":\"https:\/\/testwebsite.upevents.nl\/?s={search_term_string}\"},\"query-input\":{\"@type\":\"PropertyValueSpecification\",\"valueRequired\":true,\"valueName\":\"search_term_string\"}}],\"inLanguage\":\"da-DK\"},{\"@type\":[\"Organization\",\"Place\"],\"@id\":\"https:\/\/testwebsite.upevents.nl\/#organization\",\"name\":\"City Game\",\"alternateName\":\"citygame.com\",\"url\":\"https:\/\/testwebsite.upevents.nl\/\",\"logo\":{\"@id\":\"https:\/\/testwebsite.citygame.com\/da\/games\/hasselt\/sherlock-holmes-hasselt\/#local-main-organization-logo\"},\"image\":{\"@id\":\"https:\/\/testwebsite.citygame.com\/da\/games\/hasselt\/sherlock-holmes-hasselt\/#local-main-organization-logo\"},\"sameAs\":[\"https:\/\/www.facebook.com\/profile.php?id=100086426226253\",\"https:\/\/www.instagram.com\/citygame_com\",\"https:\/\/www.tiktok.com\/@citygamecom\/\",\"https:\/\/www.linkedin.com\/company\/citygame-com\"],\"description\":\"Turn any city into a playground with our interactive City Games and self-guided tours. Fun, flexible, and ideal for groups and team building.\",\"telephone\":[],\"openingHoursSpecification\":[{\"@type\":\"OpeningHoursSpecification\",\"dayOfWeek\":[\"Monday\",\"Tuesday\",\"Wednesday\",\"Thursday\",\"Friday\",\"Saturday\",\"Sunday\"],\"opens\":\"09:00\",\"closes\":\"17:00\"}]},{\"@type\":\"ImageObject\",\"inLanguage\":\"da-DK\",\"@id\":\"https:\/\/testwebsite.citygame.com\/da\/games\/hasselt\/sherlock-holmes-hasselt\/#local-main-organization-logo\",\"url\":\"https:\/\/testwebsite.citygame.com\/wp-content\/blogs.dir\/1\/files\/sites\/62\/2025\/10\/CG_LOGO-City-Game.png\",\"contentUrl\":\"https:\/\/testwebsite.citygame.com\/wp-content\/blogs.dir\/1\/files\/sites\/62\/2025\/10\/CG_LOGO-City-Game.png\",\"width\":351,\"height\":377,\"caption\":\"City Game\"}]}<\/script>\n<!-- \/ Yoast SEO Premium plugin. -->","yoast_head_json":{"title":"Sherlock Holmes Hasselt - City Game","description":"Sherlock Holmes Hasselt. Spil et selvguidet mordmysterium City Game, l\u00f8s g\u00e5der, f\u00f8lg spor og afsl\u00f8r morderen i dit eget tempo!","robots":{"index":"noindex","follow":"follow","max-snippet":"max-snippet:-1","max-image-preview":"max-image-preview:large","max-video-preview":"max-video-preview:-1"},"og_locale":"da_DK","og_type":"article","og_title":"Sherlock Holmes Hasselt","og_description":"Sherlock Holmes Hasselt. Spil et selvguidet mordmysterium City Game, l\u00f8s g\u00e5der, f\u00f8lg spor og afsl\u00f8r morderen i dit eget tempo!","og_url":"https:\/\/testwebsite.citygame.com\/da\/games\/hasselt\/sherlock-holmes-hasselt\/","og_site_name":"City Game","article_publisher":"https:\/\/www.facebook.com\/profile.php?id=100086426226253","article_modified_time":"2026-04-08T02:18:09+00:00","og_image":[{"width":1344,"height":768,"url":"https:\/\/testwebsite.citygame.com\/wp-content\/blogs.dir\/1\/files\/sites\/62\/2026\/02\/woman-playing-sherlock-city-game-on-phone-hasselt.jpg","type":"image\/jpeg"}],"twitter_card":"summary_large_image","schema":{"@context":"https:\/\/schema.org","@graph":[{"@type":"WebPage","@id":"https:\/\/testwebsite.citygame.com\/da\/games\/hasselt\/sherlock-holmes-hasselt\/","url":"https:\/\/testwebsite.citygame.com\/da\/games\/hasselt\/sherlock-holmes-hasselt\/","name":"Sherlock Holmes Hasselt - City Game","isPartOf":{"@id":"https:\/\/testwebsite.upevents.nl\/#website"},"primaryImageOfPage":{"@id":"https:\/\/testwebsite.citygame.com\/da\/games\/hasselt\/sherlock-holmes-hasselt\/#primaryimage"},"image":{"@id":"https:\/\/testwebsite.citygame.com\/da\/games\/hasselt\/sherlock-holmes-hasselt\/#primaryimage"},"thumbnailUrl":"https:\/\/testwebsite.citygame.com\/wp-content\/blogs.dir\/1\/files\/sites\/62\/2026\/02\/woman-playing-sherlock-city-game-on-phone-hasselt.jpg","datePublished":"2026-02-04T19:26:11+00:00","dateModified":"2026-04-08T02:18:09+00:00","description":"Sherlock Holmes Hasselt. Spil et selvguidet mordmysterium City Game, l\u00f8s g\u00e5der, f\u00f8lg spor og afsl\u00f8r morderen i dit eget tempo!","breadcrumb":{"@id":"https:\/\/testwebsite.citygame.com\/da\/games\/hasselt\/sherlock-holmes-hasselt\/#breadcrumb"},"inLanguage":"da-DK","potentialAction":[{"@type":"ReadAction","target":["https:\/\/testwebsite.citygame.com\/da\/games\/hasselt\/sherlock-holmes-hasselt\/"]}]},{"@type":"ImageObject","inLanguage":"da-DK","@id":"https:\/\/testwebsite.citygame.com\/da\/games\/hasselt\/sherlock-holmes-hasselt\/#primaryimage","url":"https:\/\/testwebsite.citygame.com\/wp-content\/blogs.dir\/1\/files\/sites\/62\/2026\/02\/woman-playing-sherlock-city-game-on-phone-hasselt.jpg","contentUrl":"https:\/\/testwebsite.citygame.com\/wp-content\/blogs.dir\/1\/files\/sites\/62\/2026\/02\/woman-playing-sherlock-city-game-on-phone-hasselt.jpg","width":1344,"height":768,"caption":"A player navigates a historic, cobblestone street in Hasselt using the Sherlock game app on her phone."},{"@type":"BreadcrumbList","@id":"https:\/\/testwebsite.citygame.com\/da\/games\/hasselt\/sherlock-holmes-hasselt\/#breadcrumb","itemListElement":[{"@type":"ListItem","position":1,"name":"Home","item":"https:\/\/testwebsite.citygame.com\/da\/"},{"@type":"ListItem","position":2,"name":"Shop","item":"https:\/\/testwebsite.citygame.com\/shop\/"},{"@type":"ListItem","position":3,"name":"Sherlock Holmes Hasselt"}]},{"@type":"WebSite","@id":"https:\/\/testwebsite.upevents.nl\/#website","url":"https:\/\/testwebsite.upevents.nl\/","name":"City Game","description":"","publisher":{"@id":"https:\/\/testwebsite.upevents.nl\/#organization"},"alternateName":"citygame.com","potentialAction":[{"@type":"SearchAction","target":{"@type":"EntryPoint","urlTemplate":"https:\/\/testwebsite.upevents.nl\/?s={search_term_string}"},"query-input":{"@type":"PropertyValueSpecification","valueRequired":true,"valueName":"search_term_string"}}],"inLanguage":"da-DK"},{"@type":["Organization","Place"],"@id":"https:\/\/testwebsite.upevents.nl\/#organization","name":"City Game","alternateName":"citygame.com","url":"https:\/\/testwebsite.upevents.nl\/","logo":{"@id":"https:\/\/testwebsite.citygame.com\/da\/games\/hasselt\/sherlock-holmes-hasselt\/#local-main-organization-logo"},"image":{"@id":"https:\/\/testwebsite.citygame.com\/da\/games\/hasselt\/sherlock-holmes-hasselt\/#local-main-organization-logo"},"sameAs":["https:\/\/www.facebook.com\/profile.php?id=100086426226253","https:\/\/www.instagram.com\/citygame_com","https:\/\/www.tiktok.com\/@citygamecom\/","https:\/\/www.linkedin.com\/company\/citygame-com"],"description":"Turn any city into a playground with our interactive City Games and self-guided tours. Fun, flexible, and ideal for groups and team building.","telephone":[],"openingHoursSpecification":[{"@type":"OpeningHoursSpecification","dayOfWeek":["Monday","Tuesday","Wednesday","Thursday","Friday","Saturday","Sunday"],"opens":"09:00","closes":"17:00"}]},{"@type":"ImageObject","inLanguage":"da-DK","@id":"https:\/\/testwebsite.citygame.com\/da\/games\/hasselt\/sherlock-holmes-hasselt\/#local-main-organization-logo","url":"https:\/\/testwebsite.citygame.com\/wp-content\/blogs.dir\/1\/files\/sites\/62\/2025\/10\/CG_LOGO-City-Game.png","contentUrl":"https:\/\/testwebsite.citygame.com\/wp-content\/blogs.dir\/1\/files\/sites\/62\/2025\/10\/CG_LOGO-City-Game.png","width":351,"height":377,"caption":"City Game"}]}},"taxonomy_info":{"game-concept":[{"value":769,"label":"Sherlock"}],"location":[{"value":194,"label":"Hasselt"}],"product_cat":[{"value":27,"label":"Geen categorie"}]},"featured_image_src_large":["https:\/\/testwebsite.citygame.com\/wp-content\/blogs.dir\/1\/files\/sites\/62\/2026\/02\/woman-playing-sherlock-city-game-on-phone-hasselt-1024x585.jpg",1024,585,true],"author_info":[],"comment_info":"","_links":{"self":[{"href":"https:\/\/testwebsite.citygame.com\/da\/wp-json\/wp\/v2\/product\/58468","targetHints":{"allow":["GET"]}}],"collection":[{"href":"https:\/\/testwebsite.citygame.com\/da\/wp-json\/wp\/v2\/product"}],"about":[{"href":"https:\/\/testwebsite.citygame.com\/da\/wp-json\/wp\/v2\/types\/product"}],"acf:post":[{"embeddable":true,"href":"https:\/\/testwebsite.citygame.com\/da\/wp-json\/wp\/v2\/pages\/6589"}],"wp:featuredmedia":[{"embeddable":true,"href":"https:\/\/testwebsite.citygame.com\/da\/wp-json\/wp\/v2\/media\/10477"}],"wp:attachment":[{"href":"https:\/\/testwebsite.citygame.com\/da\/wp-json\/wp\/v2\/media?parent=58468"}],"wp:term":[{"taxonomy":"game-concept","embeddable":true,"href":"https:\/\/testwebsite.citygame.com\/da\/wp-json\/wp\/v2\/game-concept?post=58468"},{"taxonomy":"location","embeddable":true,"href":"https:\/\/testwebsite.citygame.com\/da\/wp-json\/wp\/v2\/location?post=58468"},{"taxonomy":"product_brand","embeddable":true,"href":"https:\/\/testwebsite.citygame.com\/da\/wp-json\/wp\/v2\/product_brand?post=58468"},{"taxonomy":"product_cat","embeddable":true,"href":"https:\/\/testwebsite.citygame.com\/da\/wp-json\/wp\/v2\/product_cat?post=58468"},{"taxonomy":"product_tag","embeddable":true,"href":"https:\/\/testwebsite.citygame.com\/da\/wp-json\/wp\/v2\/product_tag?post=58468"}],"curies":[{"name":"wp","href":"https:\/\/api.w.org\/{rel}","templated":true}]}}