{"id":53052,"date":"2026-02-06T16:42:13","date_gmt":"2026-02-06T16:42:13","guid":{"rendered":"https:\/\/testwebsite.citygame.com\/games\/unknown-location\/sherlock-holmes-galle\/"},"modified":"2026-04-07T16:07:23","modified_gmt":"2026-04-07T16:07:23","slug":"sherlock-holmes-galle","status":"publish","type":"product","link":"https:\/\/testwebsite.citygame.com\/da\/games\/galle\/sherlock-holmes-galle\/","title":{"rendered":"Sherlock Holmes Galle"},"content":{"rendered":"<p>Tr\u00e6d ind i en detektivs sko i The Sherlock Holmes City Game i Gallas historiske bymidte, hvor et mord under Liberty Festival har efterladt byen i chok. Dette selvguidede, historiebaserede City Game forvandler Galle til den medrivende kulisse for en sp\u00e6ndende efterforskning, hvor spillere afd\u00e6kker et udfoldende mysterium ved at samle spor, l\u00f8se g\u00e5der og afh\u00f8re digitale mist\u00e6nkte. Bev\u00e6g dig gennem sagen i dit eget tempo, fordyb dig i Sherlock Holmes&#8217; verden, mens hver drejning bringer dig t\u00e6ttere p\u00e5 at afsl\u00f8re morderen.<\/p>\n","protected":false},"excerpt":{"rendered":"<p>Dyk ned i den legendariske detektivs mystiske verden, og forvandl dig til Sherlock Holmes med et f\u00e6ngslende selvguidet mordmysterium i Galle. Mens spor dukker op, og g\u00e5der afsl\u00f8res, sl\u00e5 dig sammen med dit hold for at afd\u00e6kke den skr\u00e6mmende sandhed, k\u00e6mp mod tiden i denne betagende udfordring!<\/p>\n","protected":false},"featured_media":11453,"template":"","meta":{"_acf_changed":false,"_yoast_wpseo_focuskw":"Sherlock Holmes Galle","_yoast_wpseo_metadesc":"Sherlock Holmes Galle. Spil et selvguidet mordmysterium City Game, l\u00f8s g\u00e5der, f\u00f8lg spor, og afsl\u00f8r morderen i dit eget tempo!","_kad_blocks_custom_css":"","_kad_blocks_head_custom_js":"","_kad_blocks_body_custom_js":"","_kad_blocks_footer_custom_js":"","ghostkit_customizer_options":"","ghostkit_custom_css":"","ghostkit_custom_js_head":"","ghostkit_custom_js_foot":"","ghostkit_typography":"","_kad_post_transparent":"","_kad_post_title":"","_kad_post_layout":"","_kad_post_sidebar_id":"","_kad_post_content_style":"","_kad_post_vertical_padding":"","_kad_post_feature":"","_kad_post_feature_position":"","_kad_post_header":false,"_kad_post_footer":false,"_kad_post_classname":"","_links_to":"","_links_to_target":""},"game-concept":[769],"location":[515],"product_brand":[],"product_cat":[27],"product_tag":[],"class_list":{"0":"post-53052","1":"product","2":"type-product","3":"status-publish","4":"has-post-thumbnail","6":"game-concept-sherlock","7":"location-galle","8":"product_cat-geen-categorie","10":"first","11":"instock","12":"shipping-taxable","13":"purchasable","14":"product-type-simple","15":"entry","16":"content-bg","17":"loop-entry"},"acf":{"full_bokun_product_name":"Galle Self-Guided Sherlock Holmes Murder Mystery Game","location_name":"Galle","bokun_calendar_widget_code":"<script type=\"text\/javascript\" src=\"https:\/\/widgets.bokun.io\/assets\/javascripts\/apps\/build\/BokunWidgetsLoader.js?bookingChannelUUID=a1e93e96-5232-4734-a595-28405f4b5a31\" async><\/script>\n     \n    <div class=\"bokunWidget\" data-src=\"https:\/\/widgets.bokun.io\/online-sales\/a1e93e96-5232-4734-a595-28405f4b5a31\/experience-calendar\/763419\"><\/div>\n    <noscript>Please enable javascript in your browser to book<\/noscript>","bokun_button_widget_code":"<script type=\"text\/javascript\" src=\"https:\/\/widgets.bokun.io\/assets\/javascripts\/apps\/build\/BokunWidgetsLoader.js?bookingChannelUUID=a1e93e96-5232-4734-a595-28405f4b5a31\" async><\/script>\n      <style> #bokun_ed001e45_5927_4f62_b470_ca766338d083 { display: inline-block; padding: .4em 1em; background: #47b82e; border-radius: 999999px; box-shadow: none; font-weight: 600; font-size: 24px; text-decoration: none; text-align: center; color: #FFFFFF; border:none; cursor: pointer; transition: background .2s ease; } #bokun_ed001e45_5927_4f62_b470_ca766338d083:hover{ background: #2f7b1f; } #bokun_ed001e45_5927_4f62_b470_ca766338d083:active{ background: #378f24; } <\/style> <button class=\"bokunButton\" disabled id=bokun_ed001e45_5927_4f62_b470_ca766338d083 data-src=\"https:\/\/widgets.bokun.io\/online-sales\/a1e93e96-5232-4734-a595-28405f4b5a31\/experience-calendar\/763419?partialView=1\" data-testid=\"widget-book-button\" > Book now <\/button> ","what_you\u2019ll_experience_during_the_game":"Du tr\u00e6der ind i en f\u00e6ngslende detektivhistorie, der udspiller sig i hjertet af Galle, hvor hvert gadehj\u00f8rne tr\u00e6kker dig dybere ind i en snoet efterforskning. Mens mysteriet udfolder sig omkring mordet under Liberty Festival, f\u00f8rer din rejse dig gennem byens historiske atmosf\u00e6re og forvandler velkendte omgivelser til et levende gerningssted. Du afsl\u00f8rer skjulte spor, l\u00f8ser indviklede g\u00e5der og st\u00e5r over for pludselige drejninger, der \u00e6ndrer din forst\u00e5else af sagen. Hver beslutning t\u00e6ller, sk\u00e6rper dine f\u00e6rdigheder inden for deduktion, observation og kritisk t\u00e6nkning.\n\nAfh\u00f8r digitale mist\u00e6nkte, sammenlign alibier, og analyser modstridende udtalelser, mens du arbejder p\u00e5 at samle sandheden. Denne fuldt historiebaserede oplevelse lader dig spille i dit eget tempo, uanset om du tager en pause eller dykker hovedkulds fra \u00e9t spor til det n\u00e6ste. Hvis du arbejder i et hold, kan du teste dine f\u00e6rdigheder mod uret eller hinanden, hvilket tilf\u00f8jer en subtil konkurrencefordel til sagen. N\u00e5r du n\u00e5r slutningen, kan morderens identitet overraske dig \u2013 hvis du selvf\u00f8lgelig form\u00e5r at afd\u00e6kke den.","how_to_play":"Spil alene eller sammen med venner, familie eller kolleger i hold p\u00e5 op til fire personer per enhed. Efter booking modtager du en instruktions-e-mail med alt, hvad du beh\u00f8ver.","start_location":"Galle, Fort Clock Tower","available_languages":["en","fr","de","es","nl","it"],"players_per_group":"1-4","duration":"1.5-2 hours","image_overlay_color_image":"https:\/\/testwebsite.citygame.com\/wp-content\/blogs.dir\/1\/files\/sites\/62\/2026\/01\/SherlockColor.svg","image_overlay_game_logo":"https:\/\/testwebsite.citygame.com\/wp-content\/blogs.dir\/1\/files\/sites\/62\/2026\/01\/SherlockLogo.png","city_page":11451,"woocommerce_general_content":null},"yoast_head":"<!-- This site is optimized with the Yoast SEO Premium plugin v26.2 (Yoast SEO v26.3) - https:\/\/yoast.com\/wordpress\/plugins\/seo\/ -->\n<title>Sherlock Holmes Galle - City Game<\/title>\n<meta name=\"description\" content=\"Sherlock Holmes Galle. Spil et selvguidet mordmysterium City Game, l\u00f8s g\u00e5der, f\u00f8lg spor, og afsl\u00f8r morderen i dit eget tempo!\" \/>\n<meta name=\"robots\" content=\"noindex, follow, max-snippet:-1, max-image-preview:large, max-video-preview:-1\" \/>\n<meta property=\"og:locale\" content=\"da_DK\" \/>\n<meta property=\"og:type\" content=\"article\" \/>\n<meta property=\"og:title\" content=\"Sherlock Holmes Galle\" \/>\n<meta property=\"og:description\" content=\"Sherlock Holmes Galle. Spil et selvguidet mordmysterium City Game, l\u00f8s g\u00e5der, f\u00f8lg spor, og afsl\u00f8r morderen i dit eget tempo!\" \/>\n<meta property=\"og:url\" content=\"https:\/\/testwebsite.citygame.com\/da\/games\/galle\/sherlock-holmes-galle\/\" \/>\n<meta property=\"og:site_name\" content=\"City Game\" \/>\n<meta property=\"article:publisher\" content=\"https:\/\/www.facebook.com\/profile.php?id=100086426226253\" \/>\n<meta property=\"article:modified_time\" content=\"2026-04-07T16:07:23+00:00\" \/>\n<meta property=\"og:image\" content=\"https:\/\/testwebsite.citygame.com\/wp-content\/blogs.dir\/1\/files\/sites\/62\/2026\/02\/man-playing-sherlock-city-game-tablet-galle-sri-lanka.jpg\" \/>\n\t<meta property=\"og:image:width\" content=\"1344\" \/>\n\t<meta property=\"og:image:height\" content=\"768\" \/>\n\t<meta property=\"og:image:type\" content=\"image\/jpeg\" \/>\n<meta name=\"twitter:card\" content=\"summary_large_image\" \/>\n<script type=\"application\/ld+json\" class=\"yoast-schema-graph\">{\"@context\":\"https:\/\/schema.org\",\"@graph\":[{\"@type\":\"WebPage\",\"@id\":\"https:\/\/testwebsite.citygame.com\/da\/games\/galle\/sherlock-holmes-galle\/\",\"url\":\"https:\/\/testwebsite.citygame.com\/da\/games\/galle\/sherlock-holmes-galle\/\",\"name\":\"Sherlock Holmes Galle - City Game\",\"isPartOf\":{\"@id\":\"https:\/\/testwebsite.upevents.nl\/#website\"},\"primaryImageOfPage\":{\"@id\":\"https:\/\/testwebsite.citygame.com\/da\/games\/galle\/sherlock-holmes-galle\/#primaryimage\"},\"image\":{\"@id\":\"https:\/\/testwebsite.citygame.com\/da\/games\/galle\/sherlock-holmes-galle\/#primaryimage\"},\"thumbnailUrl\":\"https:\/\/testwebsite.citygame.com\/wp-content\/blogs.dir\/1\/files\/sites\/62\/2026\/02\/man-playing-sherlock-city-game-tablet-galle-sri-lanka.jpg\",\"datePublished\":\"2026-02-06T16:42:13+00:00\",\"dateModified\":\"2026-04-07T16:07:23+00:00\",\"description\":\"Sherlock Holmes Galle. Spil et selvguidet mordmysterium City Game, l\u00f8s g\u00e5der, f\u00f8lg spor, og afsl\u00f8r morderen i dit eget tempo!\",\"breadcrumb\":{\"@id\":\"https:\/\/testwebsite.citygame.com\/da\/games\/galle\/sherlock-holmes-galle\/#breadcrumb\"},\"inLanguage\":\"da-DK\",\"potentialAction\":[{\"@type\":\"ReadAction\",\"target\":[\"https:\/\/testwebsite.citygame.com\/da\/games\/galle\/sherlock-holmes-galle\/\"]}]},{\"@type\":\"ImageObject\",\"inLanguage\":\"da-DK\",\"@id\":\"https:\/\/testwebsite.citygame.com\/da\/games\/galle\/sherlock-holmes-galle\/#primaryimage\",\"url\":\"https:\/\/testwebsite.citygame.com\/wp-content\/blogs.dir\/1\/files\/sites\/62\/2026\/02\/man-playing-sherlock-city-game-tablet-galle-sri-lanka.jpg\",\"contentUrl\":\"https:\/\/testwebsite.citygame.com\/wp-content\/blogs.dir\/1\/files\/sites\/62\/2026\/02\/man-playing-sherlock-city-game-tablet-galle-sri-lanka.jpg\",\"width\":1344,\"height\":768,\"caption\":\"A player explores a historic street in Galle while playing a city game on a tablet.\"},{\"@type\":\"BreadcrumbList\",\"@id\":\"https:\/\/testwebsite.citygame.com\/da\/games\/galle\/sherlock-holmes-galle\/#breadcrumb\",\"itemListElement\":[{\"@type\":\"ListItem\",\"position\":1,\"name\":\"Home\",\"item\":\"https:\/\/testwebsite.citygame.com\/da\/\"},{\"@type\":\"ListItem\",\"position\":2,\"name\":\"Shop\",\"item\":\"https:\/\/testwebsite.citygame.com\/shop\/\"},{\"@type\":\"ListItem\",\"position\":3,\"name\":\"Sherlock Holmes Galle\"}]},{\"@type\":\"WebSite\",\"@id\":\"https:\/\/testwebsite.upevents.nl\/#website\",\"url\":\"https:\/\/testwebsite.upevents.nl\/\",\"name\":\"City Game\",\"description\":\"\",\"publisher\":{\"@id\":\"https:\/\/testwebsite.upevents.nl\/#organization\"},\"alternateName\":\"citygame.com\",\"potentialAction\":[{\"@type\":\"SearchAction\",\"target\":{\"@type\":\"EntryPoint\",\"urlTemplate\":\"https:\/\/testwebsite.upevents.nl\/?s={search_term_string}\"},\"query-input\":{\"@type\":\"PropertyValueSpecification\",\"valueRequired\":true,\"valueName\":\"search_term_string\"}}],\"inLanguage\":\"da-DK\"},{\"@type\":[\"Organization\",\"Place\"],\"@id\":\"https:\/\/testwebsite.upevents.nl\/#organization\",\"name\":\"City Game\",\"alternateName\":\"citygame.com\",\"url\":\"https:\/\/testwebsite.upevents.nl\/\",\"logo\":{\"@id\":\"https:\/\/testwebsite.citygame.com\/da\/games\/galle\/sherlock-holmes-galle\/#local-main-organization-logo\"},\"image\":{\"@id\":\"https:\/\/testwebsite.citygame.com\/da\/games\/galle\/sherlock-holmes-galle\/#local-main-organization-logo\"},\"sameAs\":[\"https:\/\/www.facebook.com\/profile.php?id=100086426226253\",\"https:\/\/www.instagram.com\/citygame_com\",\"https:\/\/www.tiktok.com\/@citygamecom\/\",\"https:\/\/www.linkedin.com\/company\/citygame-com\"],\"description\":\"Turn any city into a playground with our interactive City Games and self-guided tours. Fun, flexible, and ideal for groups and team building.\",\"telephone\":[],\"openingHoursSpecification\":[{\"@type\":\"OpeningHoursSpecification\",\"dayOfWeek\":[\"Monday\",\"Tuesday\",\"Wednesday\",\"Thursday\",\"Friday\",\"Saturday\",\"Sunday\"],\"opens\":\"09:00\",\"closes\":\"17:00\"}]},{\"@type\":\"ImageObject\",\"inLanguage\":\"da-DK\",\"@id\":\"https:\/\/testwebsite.citygame.com\/da\/games\/galle\/sherlock-holmes-galle\/#local-main-organization-logo\",\"url\":\"https:\/\/testwebsite.citygame.com\/wp-content\/blogs.dir\/1\/files\/sites\/62\/2025\/10\/CG_LOGO-City-Game.png\",\"contentUrl\":\"https:\/\/testwebsite.citygame.com\/wp-content\/blogs.dir\/1\/files\/sites\/62\/2025\/10\/CG_LOGO-City-Game.png\",\"width\":351,\"height\":377,\"caption\":\"City Game\"}]}<\/script>\n<!-- \/ Yoast SEO Premium plugin. -->","yoast_head_json":{"title":"Sherlock Holmes Galle - City Game","description":"Sherlock Holmes Galle. Spil et selvguidet mordmysterium City Game, l\u00f8s g\u00e5der, f\u00f8lg spor, og afsl\u00f8r morderen i dit eget tempo!","robots":{"index":"noindex","follow":"follow","max-snippet":"max-snippet:-1","max-image-preview":"max-image-preview:large","max-video-preview":"max-video-preview:-1"},"og_locale":"da_DK","og_type":"article","og_title":"Sherlock Holmes Galle","og_description":"Sherlock Holmes Galle. Spil et selvguidet mordmysterium City Game, l\u00f8s g\u00e5der, f\u00f8lg spor, og afsl\u00f8r morderen i dit eget tempo!","og_url":"https:\/\/testwebsite.citygame.com\/da\/games\/galle\/sherlock-holmes-galle\/","og_site_name":"City Game","article_publisher":"https:\/\/www.facebook.com\/profile.php?id=100086426226253","article_modified_time":"2026-04-07T16:07:23+00:00","og_image":[{"width":1344,"height":768,"url":"https:\/\/testwebsite.citygame.com\/wp-content\/blogs.dir\/1\/files\/sites\/62\/2026\/02\/man-playing-sherlock-city-game-tablet-galle-sri-lanka.jpg","type":"image\/jpeg"}],"twitter_card":"summary_large_image","schema":{"@context":"https:\/\/schema.org","@graph":[{"@type":"WebPage","@id":"https:\/\/testwebsite.citygame.com\/da\/games\/galle\/sherlock-holmes-galle\/","url":"https:\/\/testwebsite.citygame.com\/da\/games\/galle\/sherlock-holmes-galle\/","name":"Sherlock Holmes Galle - City Game","isPartOf":{"@id":"https:\/\/testwebsite.upevents.nl\/#website"},"primaryImageOfPage":{"@id":"https:\/\/testwebsite.citygame.com\/da\/games\/galle\/sherlock-holmes-galle\/#primaryimage"},"image":{"@id":"https:\/\/testwebsite.citygame.com\/da\/games\/galle\/sherlock-holmes-galle\/#primaryimage"},"thumbnailUrl":"https:\/\/testwebsite.citygame.com\/wp-content\/blogs.dir\/1\/files\/sites\/62\/2026\/02\/man-playing-sherlock-city-game-tablet-galle-sri-lanka.jpg","datePublished":"2026-02-06T16:42:13+00:00","dateModified":"2026-04-07T16:07:23+00:00","description":"Sherlock Holmes Galle. Spil et selvguidet mordmysterium City Game, l\u00f8s g\u00e5der, f\u00f8lg spor, og afsl\u00f8r morderen i dit eget tempo!","breadcrumb":{"@id":"https:\/\/testwebsite.citygame.com\/da\/games\/galle\/sherlock-holmes-galle\/#breadcrumb"},"inLanguage":"da-DK","potentialAction":[{"@type":"ReadAction","target":["https:\/\/testwebsite.citygame.com\/da\/games\/galle\/sherlock-holmes-galle\/"]}]},{"@type":"ImageObject","inLanguage":"da-DK","@id":"https:\/\/testwebsite.citygame.com\/da\/games\/galle\/sherlock-holmes-galle\/#primaryimage","url":"https:\/\/testwebsite.citygame.com\/wp-content\/blogs.dir\/1\/files\/sites\/62\/2026\/02\/man-playing-sherlock-city-game-tablet-galle-sri-lanka.jpg","contentUrl":"https:\/\/testwebsite.citygame.com\/wp-content\/blogs.dir\/1\/files\/sites\/62\/2026\/02\/man-playing-sherlock-city-game-tablet-galle-sri-lanka.jpg","width":1344,"height":768,"caption":"A player explores a historic street in Galle while playing a city game on a tablet."},{"@type":"BreadcrumbList","@id":"https:\/\/testwebsite.citygame.com\/da\/games\/galle\/sherlock-holmes-galle\/#breadcrumb","itemListElement":[{"@type":"ListItem","position":1,"name":"Home","item":"https:\/\/testwebsite.citygame.com\/da\/"},{"@type":"ListItem","position":2,"name":"Shop","item":"https:\/\/testwebsite.citygame.com\/shop\/"},{"@type":"ListItem","position":3,"name":"Sherlock Holmes Galle"}]},{"@type":"WebSite","@id":"https:\/\/testwebsite.upevents.nl\/#website","url":"https:\/\/testwebsite.upevents.nl\/","name":"City Game","description":"","publisher":{"@id":"https:\/\/testwebsite.upevents.nl\/#organization"},"alternateName":"citygame.com","potentialAction":[{"@type":"SearchAction","target":{"@type":"EntryPoint","urlTemplate":"https:\/\/testwebsite.upevents.nl\/?s={search_term_string}"},"query-input":{"@type":"PropertyValueSpecification","valueRequired":true,"valueName":"search_term_string"}}],"inLanguage":"da-DK"},{"@type":["Organization","Place"],"@id":"https:\/\/testwebsite.upevents.nl\/#organization","name":"City Game","alternateName":"citygame.com","url":"https:\/\/testwebsite.upevents.nl\/","logo":{"@id":"https:\/\/testwebsite.citygame.com\/da\/games\/galle\/sherlock-holmes-galle\/#local-main-organization-logo"},"image":{"@id":"https:\/\/testwebsite.citygame.com\/da\/games\/galle\/sherlock-holmes-galle\/#local-main-organization-logo"},"sameAs":["https:\/\/www.facebook.com\/profile.php?id=100086426226253","https:\/\/www.instagram.com\/citygame_com","https:\/\/www.tiktok.com\/@citygamecom\/","https:\/\/www.linkedin.com\/company\/citygame-com"],"description":"Turn any city into a playground with our interactive City Games and self-guided tours. Fun, flexible, and ideal for groups and team building.","telephone":[],"openingHoursSpecification":[{"@type":"OpeningHoursSpecification","dayOfWeek":["Monday","Tuesday","Wednesday","Thursday","Friday","Saturday","Sunday"],"opens":"09:00","closes":"17:00"}]},{"@type":"ImageObject","inLanguage":"da-DK","@id":"https:\/\/testwebsite.citygame.com\/da\/games\/galle\/sherlock-holmes-galle\/#local-main-organization-logo","url":"https:\/\/testwebsite.citygame.com\/wp-content\/blogs.dir\/1\/files\/sites\/62\/2025\/10\/CG_LOGO-City-Game.png","contentUrl":"https:\/\/testwebsite.citygame.com\/wp-content\/blogs.dir\/1\/files\/sites\/62\/2025\/10\/CG_LOGO-City-Game.png","width":351,"height":377,"caption":"City Game"}]}},"taxonomy_info":{"game-concept":[{"value":769,"label":"Sherlock"}],"location":[{"value":515,"label":"Galle"}],"product_cat":[{"value":27,"label":"Geen categorie"}]},"featured_image_src_large":["https:\/\/testwebsite.citygame.com\/wp-content\/blogs.dir\/1\/files\/sites\/62\/2026\/02\/man-playing-sherlock-city-game-tablet-galle-sri-lanka-1024x585.jpg",1024,585,true],"author_info":[],"comment_info":"","_links":{"self":[{"href":"https:\/\/testwebsite.citygame.com\/da\/wp-json\/wp\/v2\/product\/53052","targetHints":{"allow":["GET"]}}],"collection":[{"href":"https:\/\/testwebsite.citygame.com\/da\/wp-json\/wp\/v2\/product"}],"about":[{"href":"https:\/\/testwebsite.citygame.com\/da\/wp-json\/wp\/v2\/types\/product"}],"acf:post":[{"embeddable":true,"href":"https:\/\/testwebsite.citygame.com\/da\/wp-json\/wp\/v2\/pages\/11451"}],"wp:featuredmedia":[{"embeddable":true,"href":"https:\/\/testwebsite.citygame.com\/da\/wp-json\/wp\/v2\/media\/11453"}],"wp:attachment":[{"href":"https:\/\/testwebsite.citygame.com\/da\/wp-json\/wp\/v2\/media?parent=53052"}],"wp:term":[{"taxonomy":"game-concept","embeddable":true,"href":"https:\/\/testwebsite.citygame.com\/da\/wp-json\/wp\/v2\/game-concept?post=53052"},{"taxonomy":"location","embeddable":true,"href":"https:\/\/testwebsite.citygame.com\/da\/wp-json\/wp\/v2\/location?post=53052"},{"taxonomy":"product_brand","embeddable":true,"href":"https:\/\/testwebsite.citygame.com\/da\/wp-json\/wp\/v2\/product_brand?post=53052"},{"taxonomy":"product_cat","embeddable":true,"href":"https:\/\/testwebsite.citygame.com\/da\/wp-json\/wp\/v2\/product_cat?post=53052"},{"taxonomy":"product_tag","embeddable":true,"href":"https:\/\/testwebsite.citygame.com\/da\/wp-json\/wp\/v2\/product_tag?post=53052"}],"curies":[{"name":"wp","href":"https:\/\/api.w.org\/{rel}","templated":true}]}}