{"id":66716,"date":"2026-03-13T20:05:44","date_gmt":"2026-03-13T20:05:44","guid":{"rendered":"https:\/\/testwebsite.citygame.com\/games\/unknown-location\/secrets-of-schoonhoven\/"},"modified":"2026-04-08T22:37:44","modified_gmt":"2026-04-08T22:37:44","slug":"secrets-of-schoonhoven","status":"publish","type":"product","link":"https:\/\/testwebsite.citygame.com\/cs\/games\/schoonhoven\/secrets-of-schoonhoven\/","title":{"rendered":"Secrets of Schoonhoven"},"content":{"rendered":"<p>Pono\u0159te se do poutav\u00e9ho sv\u011bta hry &#8218;Secrets of Schoonhoven&#8216; City Game, samostatn\u00e9, GPS-zalo\u017een\u00e9 pr\u016fzkumn\u00e9 hry zasazen\u00e9 do centra m\u011bsta Schoonhoven. Jako \u00fa\u010dastn\u00edci tohoto jedine\u010dn\u00e9ho m\u011bstsk\u00e9ho dobrodru\u017estv\u00ed pou\u017e\u00edvaj\u00ed hr\u00e1\u010di sv\u00e9 smartphony k navigaci m\u011bstem, lu\u0161t\u011bn\u00ed z\u00e1hadn\u00fdch h\u00e1danek, rozpl\u00e9t\u00e1n\u00ed r\u00e9bus\u016f a pln\u011bn\u00ed fotografick\u00fdch v\u00fdzev. Je to interaktivn\u00ed a pohlcuj\u00edc\u00ed zp\u016fsob, jak odhalit m\u00e9n\u011b zn\u00e1m\u00e9 p\u0159\u00edb\u011bhy Schoonhovenu, pono\u0159it se do jeho bohat\u00e9 kultury a historie a objevit jeho skryt\u00e9 detaily. Tato m\u011bstsk\u00e1 hra, \u0161it\u00e1 na m\u00edru jak m\u00edstn\u00edm, tak n\u00e1v\u0161t\u011bvn\u00edk\u016fm, se ukazuje jako vhodn\u00e1 volba pro jednotliv\u00e9 hr\u00e1\u010de, p\u00e1ry, rodiny a skupiny p\u0159\u00e1tel, kte\u0159\u00ed hledaj\u00ed z\u00e1bavnou a pou\u010dnou cestu Schoonhovenem.<\/p>\n","protected":false},"excerpt":{"rendered":"<p>Objevte st\u0159\u00edbrnou n\u00e1dheru Schoonhovenu! Pono\u0159te se do tohoto m\u011bsta, kde tradice st\u0159\u00edbrnictv\u00ed \u0161ept\u00e1 skrz malebn\u00e9 dl\u00e1\u017ed\u011bn\u00e9 uli\u010dky a pitoreskn\u00ed kan\u00e1ly. Rozlu\u0161t\u011bte tajemstv\u00ed, zat\u00edmco se budete toulat jeho okouzluj\u00edc\u00edmi cestami, Schoonhoven slibuje malebn\u00fd \u0161arm a oslniv\u00e9 objevy na ka\u017ed\u00e9m kroku!<\/p>\n","protected":false},"featured_media":18905,"template":"","meta":{"_acf_changed":false,"_yoast_wpseo_focuskw":"Secrets of Schoonhoven","_yoast_wpseo_metadesc":"Secrets of Schoonhoven. Zahrajte si samostatnou City Game a prozkoumejte m\u011bsto prost\u0159ednictv\u00edm h\u00e1danek, r\u00e9bus\u016f a v\u00fdzev. Hrajte vlastn\u00edm tempem a objevujte jako m\u00edstn\u00ed!","_kad_blocks_custom_css":"","_kad_blocks_head_custom_js":"","_kad_blocks_body_custom_js":"","_kad_blocks_footer_custom_js":"","ghostkit_customizer_options":"","ghostkit_custom_css":"","ghostkit_custom_js_head":"","ghostkit_custom_js_foot":"","ghostkit_typography":"","_kad_post_transparent":"","_kad_post_title":"","_kad_post_layout":"","_kad_post_sidebar_id":"","_kad_post_content_style":"","_kad_post_vertical_padding":"","_kad_post_feature":"","_kad_post_feature_position":"","_kad_post_header":false,"_kad_post_footer":false,"_kad_post_classname":"","_links_to":"","_links_to_target":""},"game-concept":[707],"location":[363],"product_brand":[],"product_cat":[27],"product_tag":[],"class_list":{"0":"post-66716","1":"product","2":"type-product","3":"status-publish","4":"has-post-thumbnail","6":"game-concept-secrets","7":"location-schoonhoven","8":"product_cat-geen-categorie","10":"first","11":"instock","12":"shipping-taxable","13":"purchasable","14":"product-type-simple","15":"entry","16":"content-bg","17":"loop-entry"},"acf":{"full_bokun_product_name":"Self-Guided Secrets of Schoonhoven Exploration Game","location_name":"Schoonhoven","bokun_calendar_widget_code":"<script type=\"text\/javascript\" src=\"https:\/\/widgets.bokun.io\/assets\/javascripts\/apps\/build\/BokunWidgetsLoader.js?bookingChannelUUID=a1e93e96-5232-4734-a595-28405f4b5a31\" async><\/script>\n     \n    <div class=\"bokunWidget\" data-src=\"https:\/\/widgets.bokun.io\/online-sales\/a1e93e96-5232-4734-a595-28405f4b5a31\/experience-calendar\/895764\"><\/div>\n    <noscript>Please enable javascript in your browser to book<\/noscript>","bokun_button_widget_code":"<script type=\"text\/javascript\" src=\"https:\/\/widgets.bokun.io\/assets\/javascripts\/apps\/build\/BokunWidgetsLoader.js?bookingChannelUUID=a1e93e96-5232-4734-a595-28405f4b5a31\" async><\/script>\n      <style> #bokun_ed001e45_5927_4f62_b470_ca766338d083 { display: inline-block; padding: .4em 1em; background: #47b82e; border-radius: 999999px; box-shadow: none; font-weight: 600; font-size: 24px; text-decoration: none; text-align: center; color: #FFFFFF; border:none; cursor: pointer; transition: background .2s ease; } #bokun_ed001e45_5927_4f62_b470_ca766338d083:hover{ background: #2f7b1f; } #bokun_ed001e45_5927_4f62_b470_ca766338d083:active{ background: #378f24; } <\/style> <button class=\"bokunButton\" disabled id=bokun_ed001e45_5927_4f62_b470_ca766338d083 data-src=\"https:\/\/widgets.bokun.io\/online-sales\/a1e93e96-5232-4734-a595-28405f4b5a31\/experience-calendar\/895764?partialView=1\" data-testid=\"widget-book-button\" > Book now <\/button> ","what_you\u2019ll_experience_during_the_game":"Za\u017eijte malebn\u00e9 m\u011bsto Schoonhoven jako nikdy p\u0159edt\u00edm s hrou Secrets of Schoonhoven City Game. Toto pohlcuj\u00edc\u00ed dobrodru\u017estv\u00ed snoub\u00ed vzru\u0161en\u00ed z prohl\u00eddky pam\u00e1tek s nap\u011bt\u00edm poutav\u00e9ho p\u0159\u00edb\u011bhu a interaktivn\u00edch v\u00fdzev, vezme v\u00e1s za hranice obl\u00edben\u00fdch atrakc\u00ed a p\u0159edstav\u00ed v\u00e1m m\u00e9n\u011b zn\u00e1m\u00e9 skvosty m\u011bsta. B\u011bhem proch\u00e1zen\u00ed dl\u00e1\u017ed\u011bn\u00fdmi uli\u010dkami Schoonhovenu naraz\u00edte na ikonick\u00e1 i skryt\u00e1 m\u00edsta, budete putovat idylick\u00fdmi uli\u010dkami a p\u016fvabn\u00fdmi n\u00e1m\u011bst\u00edmi, za\u017eijete \u017eiv\u00fd m\u011bstsk\u00fd \u017eivot a bohatou historii t\u00e9to holandsk\u00e9 perly.\n\nHran\u00ed hry Schoonhoven City Game zahrnuje v\u00edce ne\u017e jen prohl\u00eddku pam\u00e1tek. B\u011bhem prozkoum\u00e1v\u00e1n\u00ed se setk\u00e1te s \u0159adou h\u00e1danek, r\u00e9bus\u016f a kreativn\u00edch fotografick\u00fdch v\u00fdzev, z nich\u017e ka\u017ed\u00e1 je navr\u017eena tak, aby prov\u011b\u0159ila v\u00e1\u0161 d\u016fvtip, pozorovac\u00ed schopnosti a kreativitu. Vy\u0159e\u0161te tyto v\u00fdzvy, abyste z\u00edskali body, odemkli n\u00e1pov\u011bdy a p\u0159ibl\u00ed\u017eili se k rozlu\u0161t\u011bn\u00ed kone\u010dn\u00e9ho tajemstv\u00ed. Sv\u00e9 dobrodru\u017estv\u00ed m\u016f\u017eete kdykoli pozastavit, co\u017e v\u00e1m d\u00e1v\u00e1 flexibilitu prozkoum\u00e1vat tempem, kter\u00e9 v\u00e1m vyhovuje. Pokud si u\u017e\u00edv\u00e1te \u0161petku sout\u011b\u017een\u00ed, va\u0161\u00edm c\u00edlem by mohlo b\u00fdt zajistit si vysok\u00e9 m\u00edsto v \u017eeb\u0159\u00ed\u010dku. A\u0165 u\u017e jste individu\u00e1ln\u00ed pr\u016fzkumn\u00edk nebo sou\u010d\u00e1st t\u00fdmu, hra Secrets of Schoonhoven City Game je va\u0161\u00ed \u0161anc\u00ed pono\u0159it se do nezapomenuteln\u00e9 pr\u016fzkumn\u00e9 hry pln\u00e9 objev\u016f, v\u00fdzev a z\u00e1bavy!","how_to_play":"Zarezervujte si Exploration Game, zkontrolujte e-mail, kter\u00fd v\u00e1m za\u0161leme s jednoduch\u00fdmi instrukcemi, st\u00e1hn\u011bte si aplikaci Loquiz, p\u0159istupte k Exploration Game a jste p\u0159ipraveni za\u010d\u00edt sv\u016fj hern\u00ed z\u00e1\u017eitek!","start_location":"Schoonhoven, Grote of Bartholome\u00fcskerk","available_languages":["en"],"players_per_group":"1-4","duration":"1.5-2 hours","image_overlay_color_image":"https:\/\/testwebsite.citygame.com\/wp-content\/blogs.dir\/1\/files\/sites\/62\/2026\/01\/SecretsColor.svg","image_overlay_game_logo":"https:\/\/testwebsite.citygame.com\/wp-content\/blogs.dir\/1\/files\/sites\/62\/2026\/01\/SecretsLogo.png","city_page":15869,"woocommerce_general_content":null},"yoast_head":"<!-- This site is optimized with the Yoast SEO Premium plugin v26.2 (Yoast SEO v26.3) - https:\/\/yoast.com\/wordpress\/plugins\/seo\/ -->\n<title>Secrets of Schoonhoven - City Game<\/title>\n<meta name=\"description\" content=\"Secrets of Schoonhoven. Zahrajte si samostatnou City Game a prozkoumejte m\u011bsto prost\u0159ednictv\u00edm h\u00e1danek, r\u00e9bus\u016f a v\u00fdzev. Hrajte vlastn\u00edm tempem a objevujte jako m\u00edstn\u00ed!\" \/>\n<meta name=\"robots\" content=\"noindex, follow, max-snippet:-1, max-image-preview:large, max-video-preview:-1\" \/>\n<meta property=\"og:locale\" content=\"cs_CZ\" \/>\n<meta property=\"og:type\" content=\"article\" \/>\n<meta property=\"og:title\" content=\"Secrets of Schoonhoven\" \/>\n<meta property=\"og:description\" content=\"Secrets of Schoonhoven. Zahrajte si samostatnou City Game a prozkoumejte m\u011bsto prost\u0159ednictv\u00edm h\u00e1danek, r\u00e9bus\u016f a v\u00fdzev. Hrajte vlastn\u00edm tempem a objevujte jako m\u00edstn\u00ed!\" \/>\n<meta property=\"og:url\" content=\"https:\/\/testwebsite.citygame.com\/cs\/games\/schoonhoven\/secrets-of-schoonhoven\/\" \/>\n<meta property=\"og:site_name\" content=\"City Game\" \/>\n<meta property=\"article:publisher\" content=\"https:\/\/www.facebook.com\/profile.php?id=100086426226253\" \/>\n<meta property=\"article:modified_time\" content=\"2026-04-08T22:37:44+00:00\" \/>\n<meta property=\"og:image\" content=\"https:\/\/testwebsite.citygame.com\/wp-content\/blogs.dir\/1\/files\/sites\/62\/2026\/03\/schoonhoven-city-game-player-canal-koebrug.jpg\" \/>\n\t<meta property=\"og:image:width\" content=\"1024\" \/>\n\t<meta property=\"og:image:height\" content=\"1024\" \/>\n\t<meta property=\"og:image:type\" content=\"image\/jpeg\" \/>\n<meta name=\"twitter:card\" content=\"summary_large_image\" \/>\n<meta name=\"twitter:label1\" content=\"Odhadovan\u00e1 doba \u010dten\u00ed\" \/>\n\t<meta name=\"twitter:data1\" content=\"1 minuta\" \/>\n<script type=\"application\/ld+json\" class=\"yoast-schema-graph\">{\"@context\":\"https:\/\/schema.org\",\"@graph\":[{\"@type\":\"WebPage\",\"@id\":\"https:\/\/testwebsite.citygame.com\/cs\/games\/schoonhoven\/secrets-of-schoonhoven\/\",\"url\":\"https:\/\/testwebsite.citygame.com\/cs\/games\/schoonhoven\/secrets-of-schoonhoven\/\",\"name\":\"Secrets of Schoonhoven - City Game\",\"isPartOf\":{\"@id\":\"https:\/\/testwebsite.upevents.nl\/#website\"},\"primaryImageOfPage\":{\"@id\":\"https:\/\/testwebsite.citygame.com\/cs\/games\/schoonhoven\/secrets-of-schoonhoven\/#primaryimage\"},\"image\":{\"@id\":\"https:\/\/testwebsite.citygame.com\/cs\/games\/schoonhoven\/secrets-of-schoonhoven\/#primaryimage\"},\"thumbnailUrl\":\"https:\/\/testwebsite.citygame.com\/wp-content\/blogs.dir\/1\/files\/sites\/62\/2026\/03\/schoonhoven-city-game-player-canal-koebrug.jpg\",\"datePublished\":\"2026-03-13T20:05:44+00:00\",\"dateModified\":\"2026-04-08T22:37:44+00:00\",\"description\":\"Secrets of Schoonhoven. Zahrajte si samostatnou City Game a prozkoumejte m\u011bsto prost\u0159ednictv\u00edm h\u00e1danek, r\u00e9bus\u016f a v\u00fdzev. Hrajte vlastn\u00edm tempem a objevujte jako m\u00edstn\u00ed!\",\"breadcrumb\":{\"@id\":\"https:\/\/testwebsite.citygame.com\/cs\/games\/schoonhoven\/secrets-of-schoonhoven\/#breadcrumb\"},\"inLanguage\":\"cs\",\"potentialAction\":[{\"@type\":\"ReadAction\",\"target\":[\"https:\/\/testwebsite.citygame.com\/cs\/games\/schoonhoven\/secrets-of-schoonhoven\/\"]}]},{\"@type\":\"ImageObject\",\"inLanguage\":\"cs\",\"@id\":\"https:\/\/testwebsite.citygame.com\/cs\/games\/schoonhoven\/secrets-of-schoonhoven\/#primaryimage\",\"url\":\"https:\/\/testwebsite.citygame.com\/wp-content\/blogs.dir\/1\/files\/sites\/62\/2026\/03\/schoonhoven-city-game-player-canal-koebrug.jpg\",\"contentUrl\":\"https:\/\/testwebsite.citygame.com\/wp-content\/blogs.dir\/1\/files\/sites\/62\/2026\/03\/schoonhoven-city-game-player-canal-koebrug.jpg\",\"width\":1024,\"height\":1024,\"caption\":\"A player using a tablet for a city game by a canal in the historic city of Schoonhoven.\"},{\"@type\":\"BreadcrumbList\",\"@id\":\"https:\/\/testwebsite.citygame.com\/cs\/games\/schoonhoven\/secrets-of-schoonhoven\/#breadcrumb\",\"itemListElement\":[{\"@type\":\"ListItem\",\"position\":1,\"name\":\"Home\",\"item\":\"https:\/\/testwebsite.citygame.com\/cs\/\"},{\"@type\":\"ListItem\",\"position\":2,\"name\":\"Shop\",\"item\":\"https:\/\/testwebsite.citygame.com\/shop\/\"},{\"@type\":\"ListItem\",\"position\":3,\"name\":\"Secrets of Schoonhoven\"}]},{\"@type\":\"WebSite\",\"@id\":\"https:\/\/testwebsite.upevents.nl\/#website\",\"url\":\"https:\/\/testwebsite.upevents.nl\/\",\"name\":\"City Game\",\"description\":\"\",\"publisher\":{\"@id\":\"https:\/\/testwebsite.upevents.nl\/#organization\"},\"alternateName\":\"citygame.com\",\"potentialAction\":[{\"@type\":\"SearchAction\",\"target\":{\"@type\":\"EntryPoint\",\"urlTemplate\":\"https:\/\/testwebsite.upevents.nl\/?s={search_term_string}\"},\"query-input\":{\"@type\":\"PropertyValueSpecification\",\"valueRequired\":true,\"valueName\":\"search_term_string\"}}],\"inLanguage\":\"cs\"},{\"@type\":[\"Organization\",\"Place\"],\"@id\":\"https:\/\/testwebsite.upevents.nl\/#organization\",\"name\":\"City Game\",\"alternateName\":\"citygame.com\",\"url\":\"https:\/\/testwebsite.upevents.nl\/\",\"logo\":{\"@id\":\"https:\/\/testwebsite.citygame.com\/cs\/games\/schoonhoven\/secrets-of-schoonhoven\/#local-main-organization-logo\"},\"image\":{\"@id\":\"https:\/\/testwebsite.citygame.com\/cs\/games\/schoonhoven\/secrets-of-schoonhoven\/#local-main-organization-logo\"},\"sameAs\":[\"https:\/\/www.facebook.com\/profile.php?id=100086426226253\",\"https:\/\/www.instagram.com\/citygame_com\",\"https:\/\/www.tiktok.com\/@citygamecom\/\",\"https:\/\/www.linkedin.com\/company\/citygame-com\"],\"description\":\"Turn any city into a playground with our interactive City Games and self-guided tours. Fun, flexible, and ideal for groups and team building.\",\"telephone\":[],\"openingHoursSpecification\":[{\"@type\":\"OpeningHoursSpecification\",\"dayOfWeek\":[\"Monday\",\"Tuesday\",\"Wednesday\",\"Thursday\",\"Friday\",\"Saturday\",\"Sunday\"],\"opens\":\"09:00\",\"closes\":\"17:00\"}]},{\"@type\":\"ImageObject\",\"inLanguage\":\"cs\",\"@id\":\"https:\/\/testwebsite.citygame.com\/cs\/games\/schoonhoven\/secrets-of-schoonhoven\/#local-main-organization-logo\",\"url\":\"https:\/\/testwebsite.citygame.com\/wp-content\/blogs.dir\/1\/files\/sites\/62\/2025\/10\/CG_LOGO-City-Game.png\",\"contentUrl\":\"https:\/\/testwebsite.citygame.com\/wp-content\/blogs.dir\/1\/files\/sites\/62\/2025\/10\/CG_LOGO-City-Game.png\",\"width\":351,\"height\":377,\"caption\":\"City Game\"}]}<\/script>\n<!-- \/ Yoast SEO Premium plugin. -->","yoast_head_json":{"title":"Secrets of Schoonhoven - City Game","description":"Secrets of Schoonhoven. Zahrajte si samostatnou City Game a prozkoumejte m\u011bsto prost\u0159ednictv\u00edm h\u00e1danek, r\u00e9bus\u016f a v\u00fdzev. Hrajte vlastn\u00edm tempem a objevujte jako m\u00edstn\u00ed!","robots":{"index":"noindex","follow":"follow","max-snippet":"max-snippet:-1","max-image-preview":"max-image-preview:large","max-video-preview":"max-video-preview:-1"},"og_locale":"cs_CZ","og_type":"article","og_title":"Secrets of Schoonhoven","og_description":"Secrets of Schoonhoven. Zahrajte si samostatnou City Game a prozkoumejte m\u011bsto prost\u0159ednictv\u00edm h\u00e1danek, r\u00e9bus\u016f a v\u00fdzev. Hrajte vlastn\u00edm tempem a objevujte jako m\u00edstn\u00ed!","og_url":"https:\/\/testwebsite.citygame.com\/cs\/games\/schoonhoven\/secrets-of-schoonhoven\/","og_site_name":"City Game","article_publisher":"https:\/\/www.facebook.com\/profile.php?id=100086426226253","article_modified_time":"2026-04-08T22:37:44+00:00","og_image":[{"width":1024,"height":1024,"url":"https:\/\/testwebsite.citygame.com\/wp-content\/blogs.dir\/1\/files\/sites\/62\/2026\/03\/schoonhoven-city-game-player-canal-koebrug.jpg","type":"image\/jpeg"}],"twitter_card":"summary_large_image","twitter_misc":{"Odhadovan\u00e1 doba \u010dten\u00ed":"1 minuta"},"schema":{"@context":"https:\/\/schema.org","@graph":[{"@type":"WebPage","@id":"https:\/\/testwebsite.citygame.com\/cs\/games\/schoonhoven\/secrets-of-schoonhoven\/","url":"https:\/\/testwebsite.citygame.com\/cs\/games\/schoonhoven\/secrets-of-schoonhoven\/","name":"Secrets of Schoonhoven - City Game","isPartOf":{"@id":"https:\/\/testwebsite.upevents.nl\/#website"},"primaryImageOfPage":{"@id":"https:\/\/testwebsite.citygame.com\/cs\/games\/schoonhoven\/secrets-of-schoonhoven\/#primaryimage"},"image":{"@id":"https:\/\/testwebsite.citygame.com\/cs\/games\/schoonhoven\/secrets-of-schoonhoven\/#primaryimage"},"thumbnailUrl":"https:\/\/testwebsite.citygame.com\/wp-content\/blogs.dir\/1\/files\/sites\/62\/2026\/03\/schoonhoven-city-game-player-canal-koebrug.jpg","datePublished":"2026-03-13T20:05:44+00:00","dateModified":"2026-04-08T22:37:44+00:00","description":"Secrets of Schoonhoven. Zahrajte si samostatnou City Game a prozkoumejte m\u011bsto prost\u0159ednictv\u00edm h\u00e1danek, r\u00e9bus\u016f a v\u00fdzev. Hrajte vlastn\u00edm tempem a objevujte jako m\u00edstn\u00ed!","breadcrumb":{"@id":"https:\/\/testwebsite.citygame.com\/cs\/games\/schoonhoven\/secrets-of-schoonhoven\/#breadcrumb"},"inLanguage":"cs","potentialAction":[{"@type":"ReadAction","target":["https:\/\/testwebsite.citygame.com\/cs\/games\/schoonhoven\/secrets-of-schoonhoven\/"]}]},{"@type":"ImageObject","inLanguage":"cs","@id":"https:\/\/testwebsite.citygame.com\/cs\/games\/schoonhoven\/secrets-of-schoonhoven\/#primaryimage","url":"https:\/\/testwebsite.citygame.com\/wp-content\/blogs.dir\/1\/files\/sites\/62\/2026\/03\/schoonhoven-city-game-player-canal-koebrug.jpg","contentUrl":"https:\/\/testwebsite.citygame.com\/wp-content\/blogs.dir\/1\/files\/sites\/62\/2026\/03\/schoonhoven-city-game-player-canal-koebrug.jpg","width":1024,"height":1024,"caption":"A player using a tablet for a city game by a canal in the historic city of Schoonhoven."},{"@type":"BreadcrumbList","@id":"https:\/\/testwebsite.citygame.com\/cs\/games\/schoonhoven\/secrets-of-schoonhoven\/#breadcrumb","itemListElement":[{"@type":"ListItem","position":1,"name":"Home","item":"https:\/\/testwebsite.citygame.com\/cs\/"},{"@type":"ListItem","position":2,"name":"Shop","item":"https:\/\/testwebsite.citygame.com\/shop\/"},{"@type":"ListItem","position":3,"name":"Secrets of Schoonhoven"}]},{"@type":"WebSite","@id":"https:\/\/testwebsite.upevents.nl\/#website","url":"https:\/\/testwebsite.upevents.nl\/","name":"City Game","description":"","publisher":{"@id":"https:\/\/testwebsite.upevents.nl\/#organization"},"alternateName":"citygame.com","potentialAction":[{"@type":"SearchAction","target":{"@type":"EntryPoint","urlTemplate":"https:\/\/testwebsite.upevents.nl\/?s={search_term_string}"},"query-input":{"@type":"PropertyValueSpecification","valueRequired":true,"valueName":"search_term_string"}}],"inLanguage":"cs"},{"@type":["Organization","Place"],"@id":"https:\/\/testwebsite.upevents.nl\/#organization","name":"City Game","alternateName":"citygame.com","url":"https:\/\/testwebsite.upevents.nl\/","logo":{"@id":"https:\/\/testwebsite.citygame.com\/cs\/games\/schoonhoven\/secrets-of-schoonhoven\/#local-main-organization-logo"},"image":{"@id":"https:\/\/testwebsite.citygame.com\/cs\/games\/schoonhoven\/secrets-of-schoonhoven\/#local-main-organization-logo"},"sameAs":["https:\/\/www.facebook.com\/profile.php?id=100086426226253","https:\/\/www.instagram.com\/citygame_com","https:\/\/www.tiktok.com\/@citygamecom\/","https:\/\/www.linkedin.com\/company\/citygame-com"],"description":"Turn any city into a playground with our interactive City Games and self-guided tours. Fun, flexible, and ideal for groups and team building.","telephone":[],"openingHoursSpecification":[{"@type":"OpeningHoursSpecification","dayOfWeek":["Monday","Tuesday","Wednesday","Thursday","Friday","Saturday","Sunday"],"opens":"09:00","closes":"17:00"}]},{"@type":"ImageObject","inLanguage":"cs","@id":"https:\/\/testwebsite.citygame.com\/cs\/games\/schoonhoven\/secrets-of-schoonhoven\/#local-main-organization-logo","url":"https:\/\/testwebsite.citygame.com\/wp-content\/blogs.dir\/1\/files\/sites\/62\/2025\/10\/CG_LOGO-City-Game.png","contentUrl":"https:\/\/testwebsite.citygame.com\/wp-content\/blogs.dir\/1\/files\/sites\/62\/2025\/10\/CG_LOGO-City-Game.png","width":351,"height":377,"caption":"City Game"}]}},"taxonomy_info":{"game-concept":[{"value":707,"label":"Secrets"}],"location":[{"value":363,"label":"Schoonhoven"}],"product_cat":[{"value":27,"label":"Geen categorie"}]},"featured_image_src_large":["https:\/\/testwebsite.citygame.com\/wp-content\/blogs.dir\/1\/files\/sites\/62\/2026\/03\/schoonhoven-city-game-player-canal-koebrug.jpg",1024,1024,false],"author_info":[],"comment_info":"","_links":{"self":[{"href":"https:\/\/testwebsite.citygame.com\/cs\/wp-json\/wp\/v2\/product\/66716","targetHints":{"allow":["GET"]}}],"collection":[{"href":"https:\/\/testwebsite.citygame.com\/cs\/wp-json\/wp\/v2\/product"}],"about":[{"href":"https:\/\/testwebsite.citygame.com\/cs\/wp-json\/wp\/v2\/types\/product"}],"acf:post":[{"embeddable":true,"href":"https:\/\/testwebsite.citygame.com\/cs\/wp-json\/wp\/v2\/pages\/15869"}],"wp:featuredmedia":[{"embeddable":true,"href":"https:\/\/testwebsite.citygame.com\/cs\/wp-json\/wp\/v2\/media\/18905"}],"wp:attachment":[{"href":"https:\/\/testwebsite.citygame.com\/cs\/wp-json\/wp\/v2\/media?parent=66716"}],"wp:term":[{"taxonomy":"game-concept","embeddable":true,"href":"https:\/\/testwebsite.citygame.com\/cs\/wp-json\/wp\/v2\/game-concept?post=66716"},{"taxonomy":"location","embeddable":true,"href":"https:\/\/testwebsite.citygame.com\/cs\/wp-json\/wp\/v2\/location?post=66716"},{"taxonomy":"product_brand","embeddable":true,"href":"https:\/\/testwebsite.citygame.com\/cs\/wp-json\/wp\/v2\/product_brand?post=66716"},{"taxonomy":"product_cat","embeddable":true,"href":"https:\/\/testwebsite.citygame.com\/cs\/wp-json\/wp\/v2\/product_cat?post=66716"},{"taxonomy":"product_tag","embeddable":true,"href":"https:\/\/testwebsite.citygame.com\/cs\/wp-json\/wp\/v2\/product_tag?post=66716"}],"curies":[{"name":"wp","href":"https:\/\/api.w.org\/{rel}","templated":true}]}}