{"id":66623,"date":"2026-03-13T19:09:58","date_gmt":"2026-03-13T19:09:58","guid":{"rendered":"https:\/\/testwebsite.citygame.com\/games\/unknown-location\/secrets-of-montfoort\/"},"modified":"2026-04-08T21:48:41","modified_gmt":"2026-04-08T21:48:41","slug":"secrets-of-montfoort","status":"publish","type":"product","link":"https:\/\/testwebsite.citygame.com\/cs\/games\/montfoort\/secrets-of-montfoort\/","title":{"rendered":"Secrets of Montfoort"},"content":{"rendered":"<p>U\u017eijte si poutavou samostatnou m\u011bstskou hru zalo\u017eenou na GPS v centru Montfoortu. Tato pr\u016fzkumn\u00e1 hra zahrnuje pou\u017e\u00edv\u00e1n\u00ed va\u0161eho chytr\u00e9ho telefonu k \u0159e\u0161en\u00ed slo\u017eit\u011b navr\u017een\u00fdch h\u00e1danek, hlavolam\u016f a \u00fa\u010dast na interaktivn\u00edch fotografick\u00fdch v\u00fdzv\u00e1ch po m\u011bst\u011b. D\u00edky tomuto pohlcuj\u00edc\u00edmu z\u00e1\u017eitku hr\u00e1\u010di odhal\u00ed kulturu, historii a podmaniv\u00e9 detaily Montfoortu, kter\u00e9 jsou \u010dasto p\u0159ehl\u00ed\u017eeny. Tato aktivita nen\u00ed jen pro n\u00e1v\u0161t\u011bvn\u00edky, kte\u0159\u00ed cht\u011bj\u00ed poznat m\u011bsto z jin\u00e9 perspektivy, ale tak\u00e9 pro m\u00edstn\u00ed, kte\u0159\u00ed tou\u017e\u00ed znovu objevit sv\u00e9 m\u011bsto. City Game Montfoort funguje skv\u011ble pro s\u00f3lov\u00e9 pr\u016fzkumn\u00edky, p\u00e1ry, rodiny a dokonce i skupiny p\u0159\u00e1tel, a nab\u00edz\u00ed v\u0161em jedine\u010dn\u00fd a poutav\u00fd zp\u016fsob, jak za\u017e\u00edt m\u011bsto.<\/p>\n","protected":false},"excerpt":{"rendered":"<p>Objevte st\u0159edov\u011bkou n\u00e1dheru Montfoortu! Vydejte se na dobrodru\u017estv\u00ed m\u011bstem, kde historie \u0161ept\u00e1 ze starobyl\u00fdch hrad\u016f a kultura proud\u00ed ze stalet\u00fdch ulic. Rozlu\u0161t\u011bte h\u00e1danky, zat\u00edmco proch\u00e1z\u00edte jeho okouzluj\u00edc\u00edm srdcem, Montfoort p\u0159ekypuje divy na ka\u017ed\u00e9m kroku!<\/p>\n","protected":false},"featured_media":18872,"template":"","meta":{"_acf_changed":false,"_yoast_wpseo_focuskw":"Secrets of Montfoort","_yoast_wpseo_metadesc":"Secrets of Montfoort. Zahrajte si samostatnou m\u011bstskou hru a prozkoumejte m\u011bsto prost\u0159ednictv\u00edm h\u00e1danek, hlavolam\u016f a v\u00fdzev. Hrajte vlastn\u00edm tempem a objevujte jako m\u00edstn\u00ed!","_kad_blocks_custom_css":"","_kad_blocks_head_custom_js":"","_kad_blocks_body_custom_js":"","_kad_blocks_footer_custom_js":"","ghostkit_customizer_options":"","ghostkit_custom_css":"","ghostkit_custom_js_head":"","ghostkit_custom_js_foot":"","ghostkit_typography":"","_kad_post_transparent":"","_kad_post_title":"","_kad_post_layout":"","_kad_post_sidebar_id":"","_kad_post_content_style":"","_kad_post_vertical_padding":"","_kad_post_feature":"","_kad_post_feature_position":"","_kad_post_header":false,"_kad_post_footer":false,"_kad_post_classname":"","_links_to":"","_links_to_target":""},"game-concept":[707],"location":[282],"product_brand":[],"product_cat":[27],"product_tag":[],"class_list":{"0":"post-66623","1":"product","2":"type-product","3":"status-publish","4":"has-post-thumbnail","6":"game-concept-secrets","7":"location-montfoort","8":"product_cat-geen-categorie","10":"first","11":"instock","12":"shipping-taxable","13":"purchasable","14":"product-type-simple","15":"entry","16":"content-bg","17":"loop-entry"},"acf":{"full_bokun_product_name":"Self-Guided Secrets of Montfoort Exploration Game","location_name":"Montfoort","bokun_calendar_widget_code":"<script type=\"text\/javascript\" src=\"https:\/\/widgets.bokun.io\/assets\/javascripts\/apps\/build\/BokunWidgetsLoader.js?bookingChannelUUID=a1e93e96-5232-4734-a595-28405f4b5a31\" async><\/script>\n     \n    <div class=\"bokunWidget\" data-src=\"https:\/\/widgets.bokun.io\/online-sales\/a1e93e96-5232-4734-a595-28405f4b5a31\/experience-calendar\/895754\"><\/div>\n    <noscript>Please enable javascript in your browser to book<\/noscript>","bokun_button_widget_code":"<script type=\"text\/javascript\" src=\"https:\/\/widgets.bokun.io\/assets\/javascripts\/apps\/build\/BokunWidgetsLoader.js?bookingChannelUUID=a1e93e96-5232-4734-a595-28405f4b5a31\" async><\/script>\n      <style> #bokun_ed001e45_5927_4f62_b470_ca766338d083 { display: inline-block; padding: .4em 1em; background: #47b82e; border-radius: 999999px; box-shadow: none; font-weight: 600; font-size: 24px; text-decoration: none; text-align: center; color: #FFFFFF; border:none; cursor: pointer; transition: background .2s ease; } #bokun_ed001e45_5927_4f62_b470_ca766338d083:hover{ background: #2f7b1f; } #bokun_ed001e45_5927_4f62_b470_ca766338d083:active{ background: #378f24; } <\/style> <button class=\"bokunButton\" disabled id=bokun_ed001e45_5927_4f62_b470_ca766338d083 data-src=\"https:\/\/widgets.bokun.io\/online-sales\/a1e93e96-5232-4734-a595-28405f4b5a31\/experience-calendar\/895754?partialView=1\" data-testid=\"widget-book-button\" > Book now <\/button> ","what_you\u2019ll_experience_during_the_game":"Pono\u0159te se do dechberouc\u00ed kr\u00e1sy Montfoortu s na\u0161\u00ed interaktivn\u00ed M\u011bstskou hrou, jedine\u010dnou kombinac\u00ed prohl\u00eddky pam\u00e1tek a vypr\u00e1v\u011bn\u00ed p\u0159\u00edb\u011bh\u016f. Jakmile se budete pohybovat m\u011bstem, odhal\u00ed se v\u00e1m jak jeho slavn\u00e9 pam\u00e1tky, tak i skryt\u00e9 klenoty, p\u0159i\u010dem\u017e ka\u017ed\u00e9 m\u00edsto nab\u00edz\u00ed kousek slo\u017eit\u00e9ho narativn\u00edho hlavolamu. A\u0165 u\u017e je to historick\u00e9 kouzlo Montfoort Castle, uklid\u0148uj\u00edc\u00ed atmosf\u00e9ra kolem Linschoten River, nebo rustik\u00e1ln\u00ed uli\u010dky star\u00e9ho centra m\u011bsta, ka\u017ed\u00e9 m\u00edsto skr\u00fdv\u00e1 tajemstv\u00ed \u010dekaj\u00edc\u00ed na odhalen\u00ed. Tato pr\u016fzkumn\u00e1 hra v\u00e1m nab\u00eddne sv\u011b\u017e\u00ed, jedine\u010dn\u00fd pohled na Montfoort, p\u0159em\u011bn\u00ed jednoduchou proch\u00e1zku m\u011bstem v expedici do jeho bohat\u00e9 historie a m\u00edstn\u00edho \u017eivota. \n\nProm\u011b\u0148te se v detektiva v Montfoortu, \u0159e\u0161te kryptick\u00e9 h\u00e1danky, poutav\u00e9 ot\u00e1zky a z\u00e1bavn\u00e9 fotografick\u00e9 v\u00fdzvy. Ka\u017ed\u00e1 vy\u0159e\u0161en\u00e1 h\u00e1danka v\u00e1m nejen p\u0159in\u00e1\u0161\u00ed body, ale je tak\u00e9 odrazov\u00fdm m\u016fstkem k rozlu\u0161t\u011bn\u00ed intrikuj\u00edc\u00edho tajemstv\u00ed, pe\u010dliv\u011b vetkan\u00e9ho do struktury m\u011bsta. Ned\u011blejte si starosti s \u010dasov\u00fdmi omezen\u00edmi, hru m\u016f\u017eete kdykoli pozastavit a znovu spustit. Pokud jste sout\u011b\u017eiv\u00fd typ, m\u016f\u017eete usilovat o prvn\u00ed m\u00edsto v na\u0161\u00ed v\u00fdsledkov\u00e9 tabulce, co\u017e \u010din\u00ed hru je\u0161t\u011b nap\u00ednav\u011bj\u0161\u00edm z\u00e1\u017eitkem. P\u0159ij\u010fte, vydejte se na tuto M\u011bstskou hru objevov\u00e1n\u00ed a za\u017eijte Montfoort v \u00fapln\u011b nov\u00e9m sv\u011btle.","how_to_play":"Rezervujte si Pr\u016fzkumnou hru, zkontrolujte e-mail, kter\u00fd v\u00e1m za\u0161leme s jednoduch\u00fdmi pokyny, st\u00e1hn\u011bte si aplikaci Loquiz App, p\u0159istupte k Pr\u016fzkumn\u00e9 h\u0159e a jste p\u0159ipraveni za\u010d\u00edt sv\u016fj hern\u00ed z\u00e1\u017eitek!","start_location":"Montfoort, Lange Kerkstraat","available_languages":["en"],"players_per_group":"1-4","duration":"1.5-2 hours","image_overlay_color_image":"https:\/\/testwebsite.citygame.com\/wp-content\/blogs.dir\/1\/files\/sites\/62\/2026\/01\/SecretsColor.svg","image_overlay_game_logo":"https:\/\/testwebsite.citygame.com\/wp-content\/blogs.dir\/1\/files\/sites\/62\/2026\/01\/SecretsLogo.png","city_page":15851,"woocommerce_general_content":null},"yoast_head":"<!-- This site is optimized with the Yoast SEO Premium plugin v26.2 (Yoast SEO v26.3) - https:\/\/yoast.com\/wordpress\/plugins\/seo\/ -->\n<title>Secrets of Montfoort - City Game<\/title>\n<meta name=\"description\" content=\"Secrets of Montfoort. Zahrajte si samostatnou m\u011bstskou hru a prozkoumejte m\u011bsto prost\u0159ednictv\u00edm h\u00e1danek, hlavolam\u016f a v\u00fdzev. Hrajte vlastn\u00edm tempem a objevujte jako m\u00edstn\u00ed!\" \/>\n<meta name=\"robots\" content=\"noindex, follow, max-snippet:-1, max-image-preview:large, max-video-preview:-1\" \/>\n<meta property=\"og:locale\" content=\"cs_CZ\" \/>\n<meta property=\"og:type\" content=\"article\" \/>\n<meta property=\"og:title\" content=\"Secrets of Montfoort\" \/>\n<meta property=\"og:description\" content=\"Secrets of Montfoort. Zahrajte si samostatnou m\u011bstskou hru a prozkoumejte m\u011bsto prost\u0159ednictv\u00edm h\u00e1danek, hlavolam\u016f a v\u00fdzev. Hrajte vlastn\u00edm tempem a objevujte jako m\u00edstn\u00ed!\" \/>\n<meta property=\"og:url\" content=\"https:\/\/testwebsite.citygame.com\/cs\/games\/montfoort\/secrets-of-montfoort\/\" \/>\n<meta property=\"og:site_name\" content=\"City Game\" \/>\n<meta property=\"article:publisher\" content=\"https:\/\/www.facebook.com\/profile.php?id=100086426226253\" \/>\n<meta property=\"article:modified_time\" content=\"2026-04-08T21:48:41+00:00\" \/>\n<meta property=\"og:image\" content=\"https:\/\/testwebsite.citygame.com\/wp-content\/blogs.dir\/1\/files\/sites\/62\/2026\/03\/montfoort-group-players-city-game.jpg\" \/>\n\t<meta property=\"og:image:width\" content=\"1024\" \/>\n\t<meta property=\"og:image:height\" content=\"1024\" \/>\n\t<meta property=\"og:image:type\" content=\"image\/jpeg\" \/>\n<meta name=\"twitter:card\" content=\"summary_large_image\" \/>\n<meta name=\"twitter:label1\" content=\"Odhadovan\u00e1 doba \u010dten\u00ed\" \/>\n\t<meta name=\"twitter:data1\" content=\"1 minuta\" \/>\n<script type=\"application\/ld+json\" class=\"yoast-schema-graph\">{\"@context\":\"https:\/\/schema.org\",\"@graph\":[{\"@type\":\"WebPage\",\"@id\":\"https:\/\/testwebsite.citygame.com\/cs\/games\/montfoort\/secrets-of-montfoort\/\",\"url\":\"https:\/\/testwebsite.citygame.com\/cs\/games\/montfoort\/secrets-of-montfoort\/\",\"name\":\"Secrets of Montfoort - City Game\",\"isPartOf\":{\"@id\":\"https:\/\/testwebsite.upevents.nl\/#website\"},\"primaryImageOfPage\":{\"@id\":\"https:\/\/testwebsite.citygame.com\/cs\/games\/montfoort\/secrets-of-montfoort\/#primaryimage\"},\"image\":{\"@id\":\"https:\/\/testwebsite.citygame.com\/cs\/games\/montfoort\/secrets-of-montfoort\/#primaryimage\"},\"thumbnailUrl\":\"https:\/\/testwebsite.citygame.com\/wp-content\/blogs.dir\/1\/files\/sites\/62\/2026\/03\/montfoort-group-players-city-game.jpg\",\"datePublished\":\"2026-03-13T19:09:58+00:00\",\"dateModified\":\"2026-04-08T21:48:41+00:00\",\"description\":\"Secrets of Montfoort. Zahrajte si samostatnou m\u011bstskou hru a prozkoumejte m\u011bsto prost\u0159ednictv\u00edm h\u00e1danek, hlavolam\u016f a v\u00fdzev. Hrajte vlastn\u00edm tempem a objevujte jako m\u00edstn\u00ed!\",\"breadcrumb\":{\"@id\":\"https:\/\/testwebsite.citygame.com\/cs\/games\/montfoort\/secrets-of-montfoort\/#breadcrumb\"},\"inLanguage\":\"cs\",\"potentialAction\":[{\"@type\":\"ReadAction\",\"target\":[\"https:\/\/testwebsite.citygame.com\/cs\/games\/montfoort\/secrets-of-montfoort\/\"]}]},{\"@type\":\"ImageObject\",\"inLanguage\":\"cs\",\"@id\":\"https:\/\/testwebsite.citygame.com\/cs\/games\/montfoort\/secrets-of-montfoort\/#primaryimage\",\"url\":\"https:\/\/testwebsite.citygame.com\/wp-content\/blogs.dir\/1\/files\/sites\/62\/2026\/03\/montfoort-group-players-city-game.jpg\",\"contentUrl\":\"https:\/\/testwebsite.citygame.com\/wp-content\/blogs.dir\/1\/files\/sites\/62\/2026\/03\/montfoort-group-players-city-game.jpg\",\"width\":1024,\"height\":1024,\"caption\":\"A team of friends collaborates on a challenge using a smartphone during their city game in Montfoort.\"},{\"@type\":\"BreadcrumbList\",\"@id\":\"https:\/\/testwebsite.citygame.com\/cs\/games\/montfoort\/secrets-of-montfoort\/#breadcrumb\",\"itemListElement\":[{\"@type\":\"ListItem\",\"position\":1,\"name\":\"Home\",\"item\":\"https:\/\/testwebsite.citygame.com\/cs\/\"},{\"@type\":\"ListItem\",\"position\":2,\"name\":\"Shop\",\"item\":\"https:\/\/testwebsite.citygame.com\/shop\/\"},{\"@type\":\"ListItem\",\"position\":3,\"name\":\"Secrets of Montfoort\"}]},{\"@type\":\"WebSite\",\"@id\":\"https:\/\/testwebsite.upevents.nl\/#website\",\"url\":\"https:\/\/testwebsite.upevents.nl\/\",\"name\":\"City Game\",\"description\":\"\",\"publisher\":{\"@id\":\"https:\/\/testwebsite.upevents.nl\/#organization\"},\"alternateName\":\"citygame.com\",\"potentialAction\":[{\"@type\":\"SearchAction\",\"target\":{\"@type\":\"EntryPoint\",\"urlTemplate\":\"https:\/\/testwebsite.upevents.nl\/?s={search_term_string}\"},\"query-input\":{\"@type\":\"PropertyValueSpecification\",\"valueRequired\":true,\"valueName\":\"search_term_string\"}}],\"inLanguage\":\"cs\"},{\"@type\":[\"Organization\",\"Place\"],\"@id\":\"https:\/\/testwebsite.upevents.nl\/#organization\",\"name\":\"City Game\",\"alternateName\":\"citygame.com\",\"url\":\"https:\/\/testwebsite.upevents.nl\/\",\"logo\":{\"@id\":\"https:\/\/testwebsite.citygame.com\/cs\/games\/montfoort\/secrets-of-montfoort\/#local-main-organization-logo\"},\"image\":{\"@id\":\"https:\/\/testwebsite.citygame.com\/cs\/games\/montfoort\/secrets-of-montfoort\/#local-main-organization-logo\"},\"sameAs\":[\"https:\/\/www.facebook.com\/profile.php?id=100086426226253\",\"https:\/\/www.instagram.com\/citygame_com\",\"https:\/\/www.tiktok.com\/@citygamecom\/\",\"https:\/\/www.linkedin.com\/company\/citygame-com\"],\"description\":\"Turn any city into a playground with our interactive City Games and self-guided tours. Fun, flexible, and ideal for groups and team building.\",\"telephone\":[],\"openingHoursSpecification\":[{\"@type\":\"OpeningHoursSpecification\",\"dayOfWeek\":[\"Monday\",\"Tuesday\",\"Wednesday\",\"Thursday\",\"Friday\",\"Saturday\",\"Sunday\"],\"opens\":\"09:00\",\"closes\":\"17:00\"}]},{\"@type\":\"ImageObject\",\"inLanguage\":\"cs\",\"@id\":\"https:\/\/testwebsite.citygame.com\/cs\/games\/montfoort\/secrets-of-montfoort\/#local-main-organization-logo\",\"url\":\"https:\/\/testwebsite.citygame.com\/wp-content\/blogs.dir\/1\/files\/sites\/62\/2025\/10\/CG_LOGO-City-Game.png\",\"contentUrl\":\"https:\/\/testwebsite.citygame.com\/wp-content\/blogs.dir\/1\/files\/sites\/62\/2025\/10\/CG_LOGO-City-Game.png\",\"width\":351,\"height\":377,\"caption\":\"City Game\"}]}<\/script>\n<!-- \/ Yoast SEO Premium plugin. -->","yoast_head_json":{"title":"Secrets of Montfoort - City Game","description":"Secrets of Montfoort. Zahrajte si samostatnou m\u011bstskou hru a prozkoumejte m\u011bsto prost\u0159ednictv\u00edm h\u00e1danek, hlavolam\u016f a v\u00fdzev. Hrajte vlastn\u00edm tempem a objevujte jako m\u00edstn\u00ed!","robots":{"index":"noindex","follow":"follow","max-snippet":"max-snippet:-1","max-image-preview":"max-image-preview:large","max-video-preview":"max-video-preview:-1"},"og_locale":"cs_CZ","og_type":"article","og_title":"Secrets of Montfoort","og_description":"Secrets of Montfoort. Zahrajte si samostatnou m\u011bstskou hru a prozkoumejte m\u011bsto prost\u0159ednictv\u00edm h\u00e1danek, hlavolam\u016f a v\u00fdzev. Hrajte vlastn\u00edm tempem a objevujte jako m\u00edstn\u00ed!","og_url":"https:\/\/testwebsite.citygame.com\/cs\/games\/montfoort\/secrets-of-montfoort\/","og_site_name":"City Game","article_publisher":"https:\/\/www.facebook.com\/profile.php?id=100086426226253","article_modified_time":"2026-04-08T21:48:41+00:00","og_image":[{"width":1024,"height":1024,"url":"https:\/\/testwebsite.citygame.com\/wp-content\/blogs.dir\/1\/files\/sites\/62\/2026\/03\/montfoort-group-players-city-game.jpg","type":"image\/jpeg"}],"twitter_card":"summary_large_image","twitter_misc":{"Odhadovan\u00e1 doba \u010dten\u00ed":"1 minuta"},"schema":{"@context":"https:\/\/schema.org","@graph":[{"@type":"WebPage","@id":"https:\/\/testwebsite.citygame.com\/cs\/games\/montfoort\/secrets-of-montfoort\/","url":"https:\/\/testwebsite.citygame.com\/cs\/games\/montfoort\/secrets-of-montfoort\/","name":"Secrets of Montfoort - City Game","isPartOf":{"@id":"https:\/\/testwebsite.upevents.nl\/#website"},"primaryImageOfPage":{"@id":"https:\/\/testwebsite.citygame.com\/cs\/games\/montfoort\/secrets-of-montfoort\/#primaryimage"},"image":{"@id":"https:\/\/testwebsite.citygame.com\/cs\/games\/montfoort\/secrets-of-montfoort\/#primaryimage"},"thumbnailUrl":"https:\/\/testwebsite.citygame.com\/wp-content\/blogs.dir\/1\/files\/sites\/62\/2026\/03\/montfoort-group-players-city-game.jpg","datePublished":"2026-03-13T19:09:58+00:00","dateModified":"2026-04-08T21:48:41+00:00","description":"Secrets of Montfoort. Zahrajte si samostatnou m\u011bstskou hru a prozkoumejte m\u011bsto prost\u0159ednictv\u00edm h\u00e1danek, hlavolam\u016f a v\u00fdzev. Hrajte vlastn\u00edm tempem a objevujte jako m\u00edstn\u00ed!","breadcrumb":{"@id":"https:\/\/testwebsite.citygame.com\/cs\/games\/montfoort\/secrets-of-montfoort\/#breadcrumb"},"inLanguage":"cs","potentialAction":[{"@type":"ReadAction","target":["https:\/\/testwebsite.citygame.com\/cs\/games\/montfoort\/secrets-of-montfoort\/"]}]},{"@type":"ImageObject","inLanguage":"cs","@id":"https:\/\/testwebsite.citygame.com\/cs\/games\/montfoort\/secrets-of-montfoort\/#primaryimage","url":"https:\/\/testwebsite.citygame.com\/wp-content\/blogs.dir\/1\/files\/sites\/62\/2026\/03\/montfoort-group-players-city-game.jpg","contentUrl":"https:\/\/testwebsite.citygame.com\/wp-content\/blogs.dir\/1\/files\/sites\/62\/2026\/03\/montfoort-group-players-city-game.jpg","width":1024,"height":1024,"caption":"A team of friends collaborates on a challenge using a smartphone during their city game in Montfoort."},{"@type":"BreadcrumbList","@id":"https:\/\/testwebsite.citygame.com\/cs\/games\/montfoort\/secrets-of-montfoort\/#breadcrumb","itemListElement":[{"@type":"ListItem","position":1,"name":"Home","item":"https:\/\/testwebsite.citygame.com\/cs\/"},{"@type":"ListItem","position":2,"name":"Shop","item":"https:\/\/testwebsite.citygame.com\/shop\/"},{"@type":"ListItem","position":3,"name":"Secrets of Montfoort"}]},{"@type":"WebSite","@id":"https:\/\/testwebsite.upevents.nl\/#website","url":"https:\/\/testwebsite.upevents.nl\/","name":"City Game","description":"","publisher":{"@id":"https:\/\/testwebsite.upevents.nl\/#organization"},"alternateName":"citygame.com","potentialAction":[{"@type":"SearchAction","target":{"@type":"EntryPoint","urlTemplate":"https:\/\/testwebsite.upevents.nl\/?s={search_term_string}"},"query-input":{"@type":"PropertyValueSpecification","valueRequired":true,"valueName":"search_term_string"}}],"inLanguage":"cs"},{"@type":["Organization","Place"],"@id":"https:\/\/testwebsite.upevents.nl\/#organization","name":"City Game","alternateName":"citygame.com","url":"https:\/\/testwebsite.upevents.nl\/","logo":{"@id":"https:\/\/testwebsite.citygame.com\/cs\/games\/montfoort\/secrets-of-montfoort\/#local-main-organization-logo"},"image":{"@id":"https:\/\/testwebsite.citygame.com\/cs\/games\/montfoort\/secrets-of-montfoort\/#local-main-organization-logo"},"sameAs":["https:\/\/www.facebook.com\/profile.php?id=100086426226253","https:\/\/www.instagram.com\/citygame_com","https:\/\/www.tiktok.com\/@citygamecom\/","https:\/\/www.linkedin.com\/company\/citygame-com"],"description":"Turn any city into a playground with our interactive City Games and self-guided tours. Fun, flexible, and ideal for groups and team building.","telephone":[],"openingHoursSpecification":[{"@type":"OpeningHoursSpecification","dayOfWeek":["Monday","Tuesday","Wednesday","Thursday","Friday","Saturday","Sunday"],"opens":"09:00","closes":"17:00"}]},{"@type":"ImageObject","inLanguage":"cs","@id":"https:\/\/testwebsite.citygame.com\/cs\/games\/montfoort\/secrets-of-montfoort\/#local-main-organization-logo","url":"https:\/\/testwebsite.citygame.com\/wp-content\/blogs.dir\/1\/files\/sites\/62\/2025\/10\/CG_LOGO-City-Game.png","contentUrl":"https:\/\/testwebsite.citygame.com\/wp-content\/blogs.dir\/1\/files\/sites\/62\/2025\/10\/CG_LOGO-City-Game.png","width":351,"height":377,"caption":"City Game"}]}},"taxonomy_info":{"game-concept":[{"value":707,"label":"Secrets"}],"location":[{"value":282,"label":"Montfoort"}],"product_cat":[{"value":27,"label":"Geen categorie"}]},"featured_image_src_large":["https:\/\/testwebsite.citygame.com\/wp-content\/blogs.dir\/1\/files\/sites\/62\/2026\/03\/montfoort-group-players-city-game.jpg",1024,1024,false],"author_info":[],"comment_info":"","_links":{"self":[{"href":"https:\/\/testwebsite.citygame.com\/cs\/wp-json\/wp\/v2\/product\/66623","targetHints":{"allow":["GET"]}}],"collection":[{"href":"https:\/\/testwebsite.citygame.com\/cs\/wp-json\/wp\/v2\/product"}],"about":[{"href":"https:\/\/testwebsite.citygame.com\/cs\/wp-json\/wp\/v2\/types\/product"}],"acf:post":[{"embeddable":true,"href":"https:\/\/testwebsite.citygame.com\/cs\/wp-json\/wp\/v2\/pages\/15851"}],"wp:featuredmedia":[{"embeddable":true,"href":"https:\/\/testwebsite.citygame.com\/cs\/wp-json\/wp\/v2\/media\/18872"}],"wp:attachment":[{"href":"https:\/\/testwebsite.citygame.com\/cs\/wp-json\/wp\/v2\/media?parent=66623"}],"wp:term":[{"taxonomy":"game-concept","embeddable":true,"href":"https:\/\/testwebsite.citygame.com\/cs\/wp-json\/wp\/v2\/game-concept?post=66623"},{"taxonomy":"location","embeddable":true,"href":"https:\/\/testwebsite.citygame.com\/cs\/wp-json\/wp\/v2\/location?post=66623"},{"taxonomy":"product_brand","embeddable":true,"href":"https:\/\/testwebsite.citygame.com\/cs\/wp-json\/wp\/v2\/product_brand?post=66623"},{"taxonomy":"product_cat","embeddable":true,"href":"https:\/\/testwebsite.citygame.com\/cs\/wp-json\/wp\/v2\/product_cat?post=66623"},{"taxonomy":"product_tag","embeddable":true,"href":"https:\/\/testwebsite.citygame.com\/cs\/wp-json\/wp\/v2\/product_tag?post=66623"}],"curies":[{"name":"wp","href":"https:\/\/api.w.org\/{rel}","templated":true}]}}