{"id":66146,"date":"2026-03-13T14:53:38","date_gmt":"2026-03-13T14:53:38","guid":{"rendered":"https:\/\/testwebsite.citygame.com\/games\/unknown-location\/secrets-of-valletta\/"},"modified":"2026-04-08T17:54:03","modified_gmt":"2026-04-08T17:54:03","slug":"secrets-of-valletta","status":"publish","type":"product","link":"https:\/\/testwebsite.citygame.com\/cs\/games\/valletta\/secrets-of-valletta\/","title":{"rendered":"Secrets of Valletta"},"content":{"rendered":"<p>Prozkoumejte historick\u00e9 centrum Valletty prost\u0159ednictv\u00edm sv\u00e9ho smartphonu s prohl\u00eddkovou hrou s vlastn\u00edm pr\u016fvodcem a GPS, nazvanou &#8220;Secrets of Valletta&#8221;. Tato poutav\u00e1 pr\u016fzkumn\u00e1 hra v\u00e1s pono\u0159\u00ed do bohat\u00e9 tradice m\u011bsta, zat\u00edmco se budete proch\u00e1zet jeho ulicemi, \u0159e\u0161it h\u00e1danky, hlavolamy a fotografick\u00e9 v\u00fdzvy. Jak budete odhalovat tajemstv\u00ed hry, z\u00e1rove\u0148 se dozv\u00edte o podmaniv\u00e9 historii, kultu\u0159e a skryt\u00fdch detailech Valletty, \u010d\u00edm\u017e se m\u011bsto prom\u011bn\u00ed v muzeum pod \u0161ir\u00fdm nebem. Hra je vhodn\u00e1 jak pro n\u00e1v\u0161t\u011bvn\u00edky tou\u017e\u00edc\u00ed odhalit z\u00e1hady m\u011bsta, tak pro m\u00edstn\u00ed, kte\u0159\u00ed cht\u011bj\u00ed znovu objevit sv\u00e9 rodn\u00e9 m\u011bsto. Dokonale se hod\u00ed pro s\u00f3lov\u00e9 hr\u00e1\u010de, \u010d\u00edm\u017e se st\u00e1v\u00e1 ide\u00e1ln\u00ed dobrodru\u017enou z\u00e1bavou a tak\u00e9 zvy\u0161uje z\u00e1bavu pro p\u00e1ry, rodiny a skupiny p\u0159\u00e1tel.<\/p>\n","protected":false},"excerpt":{"rendered":"<p>Pono\u0159te se do bohat\u00e9 tapis\u00e9rie Valletty! Projd\u011bte se m\u011bstem, kter\u00e9 bzu\u010d\u00ed histori\u00ed, od velkolep\u00fdch barokn\u00edch pal\u00e1c\u016f po spletit\u00e9 labyrintov\u00e9 uli\u010dky. Rozlu\u0161t\u011bte stopy a odhalte tajemstv\u00ed, kdy\u017e se budete pohybovat jeho oslniv\u00fdm srdcem \u2013 Valletta se hem\u017e\u00ed skryt\u00fdmi drahokamy na ka\u017ed\u00e9m rohu!<\/p>\n","protected":false},"featured_media":18706,"template":"","meta":{"_acf_changed":false,"_yoast_wpseo_focuskw":"Secrets of Valletta","_yoast_wpseo_metadesc":"Secrets of Valletta. Zahrajte si prohl\u00eddkovou hru s vlastn\u00edm pr\u016fvodcem a prozkoumejte m\u011bsto prost\u0159ednictv\u00edm h\u00e1danek, hlavolam\u016f a v\u00fdzev. Hrajte vlastn\u00edm tempem a objevujte jako m\u00edstn\u00ed!","_kad_blocks_custom_css":"","_kad_blocks_head_custom_js":"","_kad_blocks_body_custom_js":"","_kad_blocks_footer_custom_js":"","ghostkit_customizer_options":"","ghostkit_custom_css":"","ghostkit_custom_js_head":"","ghostkit_custom_js_foot":"","ghostkit_typography":"","_kad_post_transparent":"","_kad_post_title":"","_kad_post_layout":"","_kad_post_sidebar_id":"","_kad_post_content_style":"","_kad_post_vertical_padding":"","_kad_post_feature":"","_kad_post_feature_position":"","_kad_post_header":false,"_kad_post_footer":false,"_kad_post_classname":"","_links_to":"","_links_to_target":""},"game-concept":[707],"location":[416],"product_brand":[],"product_cat":[27],"product_tag":[],"class_list":{"0":"post-66146","1":"product","2":"type-product","3":"status-publish","4":"has-post-thumbnail","6":"game-concept-secrets","7":"location-valletta","8":"product_cat-geen-categorie","10":"first","11":"instock","12":"shipping-taxable","13":"purchasable","14":"product-type-simple","15":"entry","16":"content-bg","17":"loop-entry"},"acf":{"full_bokun_product_name":"Self-Guided Secrets of Valletta Exploration Game","location_name":"Valletta","bokun_calendar_widget_code":"<script type=\"text\/javascript\" src=\"https:\/\/widgets.bokun.io\/assets\/javascripts\/apps\/build\/BokunWidgetsLoader.js?bookingChannelUUID=a1e93e96-5232-4734-a595-28405f4b5a31\" async><\/script>\n     \n    <div class=\"bokunWidget\" data-src=\"https:\/\/widgets.bokun.io\/online-sales\/a1e93e96-5232-4734-a595-28405f4b5a31\/experience-calendar\/895753\"><\/div>\n    <noscript>Please enable javascript in your browser to book<\/noscript>","bokun_button_widget_code":"<script type=\"text\/javascript\" src=\"https:\/\/widgets.bokun.io\/assets\/javascripts\/apps\/build\/BokunWidgetsLoader.js?bookingChannelUUID=a1e93e96-5232-4734-a595-28405f4b5a31\" async><\/script>\n      <style> #bokun_ed001e45_5927_4f62_b470_ca766338d083 { display: inline-block; padding: .4em 1em; background: #47b82e; border-radius: 999999px; box-shadow: none; font-weight: 600; font-size: 24px; text-decoration: none; text-align: center; color: #FFFFFF; border:none; cursor: pointer; transition: background .2s ease; } #bokun_ed001e45_5927_4f62_b470_ca766338d083:hover{ background: #2f7b1f; } #bokun_ed001e45_5927_4f62_b470_ca766338d083:active{ background: #378f24; } <\/style> <button class=\"bokunButton\" disabled id=bokun_ed001e45_5927_4f62_b470_ca766338d083 data-src=\"https:\/\/widgets.bokun.io\/online-sales\/a1e93e96-5232-4734-a595-28405f4b5a31\/experience-calendar\/895753?partialView=1\" data-testid=\"widget-book-button\" > Book now <\/button> ","what_you\u2019ll_experience_during_the_game":"Pono\u0159te se do bohat\u00e9 kulturn\u00ed tapis\u00e9rie Valletty s na\u0161\u00ed poutavou prohl\u00eddkovou hrou, kter\u00e1 plynule kombinuje prohl\u00eddku pam\u00e1tek s nap\u00ednav\u00fdm p\u0159\u00edb\u011bhem a interaktivn\u00edmi v\u00fdzvami. P\u0159i navigaci m\u011bstem budete odborn\u011b vedeni jak ikonick\u00fdmi, tak skryt\u00fdmi klenoty pulzuj\u00edc\u00edho hlavn\u00edho m\u011bsta Malty. Projd\u011bte se po proslul\u00fdch p\u011b\u0161\u00edch ulic\u00edch Republic Street a Merchant Street, prozkoumejte ohromuj\u00edc\u00ed konkatedr\u00e1lu svat\u00e9ho Jana, najd\u011bte klid v zahrad\u00e1ch Upper Barrakka Gardens a obdivujte impozantn\u00ed Saluting Battery. Tato hra v\u00e1m umo\u017en\u00ed za\u017e\u00edt jedine\u010dnou atmosf\u00e9ru a architekturu Valletty a z\u00e1rove\u0148 podpo\u0159\u00ed v\u00e1\u0161 smysl pro dobrodru\u017estv\u00ed.\n\nHran\u00ed t\u00e9to pr\u016fzkumn\u00e9 hry je cesta \u0159e\u0161en\u00ed cel\u00e9 \u0159ady h\u00e1danek, lousk\u00e1n\u00ed zaj\u00edmav\u00fdch hlavolam\u016f, odpov\u00edd\u00e1n\u00ed na ot\u00e1zky a \u00fa\u010dasti v kreativn\u00edch fotografick\u00fdch v\u00fdzv\u00e1ch. Ka\u017ed\u00e1 dokon\u010den\u00e1 v\u00fdzva v\u00e1m ud\u011bl\u00ed body, kter\u00e9 pomohou odemknout n\u00e1pov\u011bdy a p\u0159ibl\u00ed\u017e\u00ed v\u00e1s o krok bl\u00ed\u017ee k rozlu\u0161t\u011bn\u00ed kone\u010dn\u00e9ho tajemstv\u00ed hry. Pro zv\u00fd\u0161en\u00ed \u00farovn\u011b nap\u011bt\u00ed a pro va\u0161e pohodl\u00ed lze hru kdykoli pozastavit a obnovit. Pro ty, kte\u0159\u00ed miluj\u00ed vzru\u0161en\u00ed ze sout\u011b\u017ee, usilujte o z\u00edsk\u00e1n\u00ed co nejv\u00edce bod\u016f, abyste dos\u00e1hli vysok\u00e9ho hodnocen\u00ed v \u017eeb\u0159\u00ed\u010dku. Objevte 'Secrets of Valletta' a pro\u017eijte nezapomenuteln\u00fd p\u0159\u00edb\u011bh protkan\u00fd pr\u016fzkumnou z\u00e1bavou.","how_to_play":"Zarezervujte si pr\u016fzkumnou hru, zkontrolujte e-mail, kter\u00fd v\u00e1m za\u0161leme s jednoduch\u00fdmi pokyny, st\u00e1hn\u011bte si aplikaci Loquiz, p\u0159istupte k pr\u016fzkumn\u00e9 h\u0159e a jste p\u0159ipraveni za\u010d\u00edt sv\u016fj hern\u00ed z\u00e1\u017eitek!","start_location":"Valletta, St. George\u2019s Square","available_languages":["en"],"players_per_group":"1-4","duration":"1.5-2 hours","image_overlay_color_image":"https:\/\/testwebsite.citygame.com\/wp-content\/blogs.dir\/1\/files\/sites\/62\/2026\/01\/SecretsColor.svg","image_overlay_game_logo":"https:\/\/testwebsite.citygame.com\/wp-content\/blogs.dir\/1\/files\/sites\/62\/2026\/01\/SecretsLogo.png","city_page":5625,"woocommerce_general_content":null},"yoast_head":"<!-- This site is optimized with the Yoast SEO Premium plugin v26.2 (Yoast SEO v26.3) - https:\/\/yoast.com\/wordpress\/plugins\/seo\/ -->\n<title>Secrets of Valletta - City Game<\/title>\n<meta name=\"description\" content=\"Secrets of Valletta. Zahrajte si prohl\u00eddkovou hru s vlastn\u00edm pr\u016fvodcem a prozkoumejte m\u011bsto prost\u0159ednictv\u00edm h\u00e1danek, hlavolam\u016f a v\u00fdzev. Hrajte vlastn\u00edm tempem a objevujte jako m\u00edstn\u00ed!\" \/>\n<meta name=\"robots\" content=\"noindex, follow, max-snippet:-1, max-image-preview:large, max-video-preview:-1\" \/>\n<meta property=\"og:locale\" content=\"cs_CZ\" \/>\n<meta property=\"og:type\" content=\"article\" \/>\n<meta property=\"og:title\" content=\"Secrets of Valletta\" \/>\n<meta property=\"og:description\" content=\"Secrets of Valletta. Zahrajte si prohl\u00eddkovou hru s vlastn\u00edm pr\u016fvodcem a prozkoumejte m\u011bsto prost\u0159ednictv\u00edm h\u00e1danek, hlavolam\u016f a v\u00fdzev. Hrajte vlastn\u00edm tempem a objevujte jako m\u00edstn\u00ed!\" \/>\n<meta property=\"og:url\" content=\"https:\/\/testwebsite.citygame.com\/cs\/games\/valletta\/secrets-of-valletta\/\" \/>\n<meta property=\"og:site_name\" content=\"City Game\" \/>\n<meta property=\"article:publisher\" content=\"https:\/\/www.facebook.com\/profile.php?id=100086426226253\" \/>\n<meta property=\"article:modified_time\" content=\"2026-04-08T17:54:03+00:00\" \/>\n<meta property=\"og:image\" content=\"https:\/\/testwebsite.citygame.com\/wp-content\/blogs.dir\/1\/files\/sites\/62\/2026\/03\/man-playing-city-game-upper-barrakka-gardens-valletta.jpg\" \/>\n\t<meta property=\"og:image:width\" content=\"1024\" \/>\n\t<meta property=\"og:image:height\" content=\"1024\" \/>\n\t<meta property=\"og:image:type\" content=\"image\/jpeg\" \/>\n<meta name=\"twitter:card\" content=\"summary_large_image\" \/>\n<meta name=\"twitter:label1\" content=\"Odhadovan\u00e1 doba \u010dten\u00ed\" \/>\n\t<meta name=\"twitter:data1\" content=\"1 minuta\" \/>\n<script type=\"application\/ld+json\" class=\"yoast-schema-graph\">{\"@context\":\"https:\/\/schema.org\",\"@graph\":[{\"@type\":\"WebPage\",\"@id\":\"https:\/\/testwebsite.citygame.com\/cs\/games\/valletta\/secrets-of-valletta\/\",\"url\":\"https:\/\/testwebsite.citygame.com\/cs\/games\/valletta\/secrets-of-valletta\/\",\"name\":\"Secrets of Valletta - City Game\",\"isPartOf\":{\"@id\":\"https:\/\/testwebsite.upevents.nl\/#website\"},\"primaryImageOfPage\":{\"@id\":\"https:\/\/testwebsite.citygame.com\/cs\/games\/valletta\/secrets-of-valletta\/#primaryimage\"},\"image\":{\"@id\":\"https:\/\/testwebsite.citygame.com\/cs\/games\/valletta\/secrets-of-valletta\/#primaryimage\"},\"thumbnailUrl\":\"https:\/\/testwebsite.citygame.com\/wp-content\/blogs.dir\/1\/files\/sites\/62\/2026\/03\/man-playing-city-game-upper-barrakka-gardens-valletta.jpg\",\"datePublished\":\"2026-03-13T14:53:38+00:00\",\"dateModified\":\"2026-04-08T17:54:03+00:00\",\"description\":\"Secrets of Valletta. Zahrajte si prohl\u00eddkovou hru s vlastn\u00edm pr\u016fvodcem a prozkoumejte m\u011bsto prost\u0159ednictv\u00edm h\u00e1danek, hlavolam\u016f a v\u00fdzev. Hrajte vlastn\u00edm tempem a objevujte jako m\u00edstn\u00ed!\",\"breadcrumb\":{\"@id\":\"https:\/\/testwebsite.citygame.com\/cs\/games\/valletta\/secrets-of-valletta\/#breadcrumb\"},\"inLanguage\":\"cs\",\"potentialAction\":[{\"@type\":\"ReadAction\",\"target\":[\"https:\/\/testwebsite.citygame.com\/cs\/games\/valletta\/secrets-of-valletta\/\"]}]},{\"@type\":\"ImageObject\",\"inLanguage\":\"cs\",\"@id\":\"https:\/\/testwebsite.citygame.com\/cs\/games\/valletta\/secrets-of-valletta\/#primaryimage\",\"url\":\"https:\/\/testwebsite.citygame.com\/wp-content\/blogs.dir\/1\/files\/sites\/62\/2026\/03\/man-playing-city-game-upper-barrakka-gardens-valletta.jpg\",\"contentUrl\":\"https:\/\/testwebsite.citygame.com\/wp-content\/blogs.dir\/1\/files\/sites\/62\/2026\/03\/man-playing-city-game-upper-barrakka-gardens-valletta.jpg\",\"width\":1024,\"height\":1024,\"caption\":\"A player uses a smartphone app while exploring the arched colonnade of the Upper Barrakka Gardens.\"},{\"@type\":\"BreadcrumbList\",\"@id\":\"https:\/\/testwebsite.citygame.com\/cs\/games\/valletta\/secrets-of-valletta\/#breadcrumb\",\"itemListElement\":[{\"@type\":\"ListItem\",\"position\":1,\"name\":\"Home\",\"item\":\"https:\/\/testwebsite.citygame.com\/cs\/\"},{\"@type\":\"ListItem\",\"position\":2,\"name\":\"Shop\",\"item\":\"https:\/\/testwebsite.citygame.com\/shop\/\"},{\"@type\":\"ListItem\",\"position\":3,\"name\":\"Secrets of Valletta\"}]},{\"@type\":\"WebSite\",\"@id\":\"https:\/\/testwebsite.upevents.nl\/#website\",\"url\":\"https:\/\/testwebsite.upevents.nl\/\",\"name\":\"City Game\",\"description\":\"\",\"publisher\":{\"@id\":\"https:\/\/testwebsite.upevents.nl\/#organization\"},\"alternateName\":\"citygame.com\",\"potentialAction\":[{\"@type\":\"SearchAction\",\"target\":{\"@type\":\"EntryPoint\",\"urlTemplate\":\"https:\/\/testwebsite.upevents.nl\/?s={search_term_string}\"},\"query-input\":{\"@type\":\"PropertyValueSpecification\",\"valueRequired\":true,\"valueName\":\"search_term_string\"}}],\"inLanguage\":\"cs\"},{\"@type\":[\"Organization\",\"Place\"],\"@id\":\"https:\/\/testwebsite.upevents.nl\/#organization\",\"name\":\"City Game\",\"alternateName\":\"citygame.com\",\"url\":\"https:\/\/testwebsite.upevents.nl\/\",\"logo\":{\"@id\":\"https:\/\/testwebsite.citygame.com\/cs\/games\/valletta\/secrets-of-valletta\/#local-main-organization-logo\"},\"image\":{\"@id\":\"https:\/\/testwebsite.citygame.com\/cs\/games\/valletta\/secrets-of-valletta\/#local-main-organization-logo\"},\"sameAs\":[\"https:\/\/www.facebook.com\/profile.php?id=100086426226253\",\"https:\/\/www.instagram.com\/citygame_com\",\"https:\/\/www.tiktok.com\/@citygamecom\/\",\"https:\/\/www.linkedin.com\/company\/citygame-com\"],\"description\":\"Turn any city into a playground with our interactive City Games and self-guided tours. Fun, flexible, and ideal for groups and team building.\",\"telephone\":[],\"openingHoursSpecification\":[{\"@type\":\"OpeningHoursSpecification\",\"dayOfWeek\":[\"Monday\",\"Tuesday\",\"Wednesday\",\"Thursday\",\"Friday\",\"Saturday\",\"Sunday\"],\"opens\":\"09:00\",\"closes\":\"17:00\"}]},{\"@type\":\"ImageObject\",\"inLanguage\":\"cs\",\"@id\":\"https:\/\/testwebsite.citygame.com\/cs\/games\/valletta\/secrets-of-valletta\/#local-main-organization-logo\",\"url\":\"https:\/\/testwebsite.citygame.com\/wp-content\/blogs.dir\/1\/files\/sites\/62\/2025\/10\/CG_LOGO-City-Game.png\",\"contentUrl\":\"https:\/\/testwebsite.citygame.com\/wp-content\/blogs.dir\/1\/files\/sites\/62\/2025\/10\/CG_LOGO-City-Game.png\",\"width\":351,\"height\":377,\"caption\":\"City Game\"}]}<\/script>\n<!-- \/ Yoast SEO Premium plugin. -->","yoast_head_json":{"title":"Secrets of Valletta - City Game","description":"Secrets of Valletta. Zahrajte si prohl\u00eddkovou hru s vlastn\u00edm pr\u016fvodcem a prozkoumejte m\u011bsto prost\u0159ednictv\u00edm h\u00e1danek, hlavolam\u016f a v\u00fdzev. Hrajte vlastn\u00edm tempem a objevujte jako m\u00edstn\u00ed!","robots":{"index":"noindex","follow":"follow","max-snippet":"max-snippet:-1","max-image-preview":"max-image-preview:large","max-video-preview":"max-video-preview:-1"},"og_locale":"cs_CZ","og_type":"article","og_title":"Secrets of Valletta","og_description":"Secrets of Valletta. Zahrajte si prohl\u00eddkovou hru s vlastn\u00edm pr\u016fvodcem a prozkoumejte m\u011bsto prost\u0159ednictv\u00edm h\u00e1danek, hlavolam\u016f a v\u00fdzev. Hrajte vlastn\u00edm tempem a objevujte jako m\u00edstn\u00ed!","og_url":"https:\/\/testwebsite.citygame.com\/cs\/games\/valletta\/secrets-of-valletta\/","og_site_name":"City Game","article_publisher":"https:\/\/www.facebook.com\/profile.php?id=100086426226253","article_modified_time":"2026-04-08T17:54:03+00:00","og_image":[{"width":1024,"height":1024,"url":"https:\/\/testwebsite.citygame.com\/wp-content\/blogs.dir\/1\/files\/sites\/62\/2026\/03\/man-playing-city-game-upper-barrakka-gardens-valletta.jpg","type":"image\/jpeg"}],"twitter_card":"summary_large_image","twitter_misc":{"Odhadovan\u00e1 doba \u010dten\u00ed":"1 minuta"},"schema":{"@context":"https:\/\/schema.org","@graph":[{"@type":"WebPage","@id":"https:\/\/testwebsite.citygame.com\/cs\/games\/valletta\/secrets-of-valletta\/","url":"https:\/\/testwebsite.citygame.com\/cs\/games\/valletta\/secrets-of-valletta\/","name":"Secrets of Valletta - City Game","isPartOf":{"@id":"https:\/\/testwebsite.upevents.nl\/#website"},"primaryImageOfPage":{"@id":"https:\/\/testwebsite.citygame.com\/cs\/games\/valletta\/secrets-of-valletta\/#primaryimage"},"image":{"@id":"https:\/\/testwebsite.citygame.com\/cs\/games\/valletta\/secrets-of-valletta\/#primaryimage"},"thumbnailUrl":"https:\/\/testwebsite.citygame.com\/wp-content\/blogs.dir\/1\/files\/sites\/62\/2026\/03\/man-playing-city-game-upper-barrakka-gardens-valletta.jpg","datePublished":"2026-03-13T14:53:38+00:00","dateModified":"2026-04-08T17:54:03+00:00","description":"Secrets of Valletta. Zahrajte si prohl\u00eddkovou hru s vlastn\u00edm pr\u016fvodcem a prozkoumejte m\u011bsto prost\u0159ednictv\u00edm h\u00e1danek, hlavolam\u016f a v\u00fdzev. Hrajte vlastn\u00edm tempem a objevujte jako m\u00edstn\u00ed!","breadcrumb":{"@id":"https:\/\/testwebsite.citygame.com\/cs\/games\/valletta\/secrets-of-valletta\/#breadcrumb"},"inLanguage":"cs","potentialAction":[{"@type":"ReadAction","target":["https:\/\/testwebsite.citygame.com\/cs\/games\/valletta\/secrets-of-valletta\/"]}]},{"@type":"ImageObject","inLanguage":"cs","@id":"https:\/\/testwebsite.citygame.com\/cs\/games\/valletta\/secrets-of-valletta\/#primaryimage","url":"https:\/\/testwebsite.citygame.com\/wp-content\/blogs.dir\/1\/files\/sites\/62\/2026\/03\/man-playing-city-game-upper-barrakka-gardens-valletta.jpg","contentUrl":"https:\/\/testwebsite.citygame.com\/wp-content\/blogs.dir\/1\/files\/sites\/62\/2026\/03\/man-playing-city-game-upper-barrakka-gardens-valletta.jpg","width":1024,"height":1024,"caption":"A player uses a smartphone app while exploring the arched colonnade of the Upper Barrakka Gardens."},{"@type":"BreadcrumbList","@id":"https:\/\/testwebsite.citygame.com\/cs\/games\/valletta\/secrets-of-valletta\/#breadcrumb","itemListElement":[{"@type":"ListItem","position":1,"name":"Home","item":"https:\/\/testwebsite.citygame.com\/cs\/"},{"@type":"ListItem","position":2,"name":"Shop","item":"https:\/\/testwebsite.citygame.com\/shop\/"},{"@type":"ListItem","position":3,"name":"Secrets of Valletta"}]},{"@type":"WebSite","@id":"https:\/\/testwebsite.upevents.nl\/#website","url":"https:\/\/testwebsite.upevents.nl\/","name":"City Game","description":"","publisher":{"@id":"https:\/\/testwebsite.upevents.nl\/#organization"},"alternateName":"citygame.com","potentialAction":[{"@type":"SearchAction","target":{"@type":"EntryPoint","urlTemplate":"https:\/\/testwebsite.upevents.nl\/?s={search_term_string}"},"query-input":{"@type":"PropertyValueSpecification","valueRequired":true,"valueName":"search_term_string"}}],"inLanguage":"cs"},{"@type":["Organization","Place"],"@id":"https:\/\/testwebsite.upevents.nl\/#organization","name":"City Game","alternateName":"citygame.com","url":"https:\/\/testwebsite.upevents.nl\/","logo":{"@id":"https:\/\/testwebsite.citygame.com\/cs\/games\/valletta\/secrets-of-valletta\/#local-main-organization-logo"},"image":{"@id":"https:\/\/testwebsite.citygame.com\/cs\/games\/valletta\/secrets-of-valletta\/#local-main-organization-logo"},"sameAs":["https:\/\/www.facebook.com\/profile.php?id=100086426226253","https:\/\/www.instagram.com\/citygame_com","https:\/\/www.tiktok.com\/@citygamecom\/","https:\/\/www.linkedin.com\/company\/citygame-com"],"description":"Turn any city into a playground with our interactive City Games and self-guided tours. Fun, flexible, and ideal for groups and team building.","telephone":[],"openingHoursSpecification":[{"@type":"OpeningHoursSpecification","dayOfWeek":["Monday","Tuesday","Wednesday","Thursday","Friday","Saturday","Sunday"],"opens":"09:00","closes":"17:00"}]},{"@type":"ImageObject","inLanguage":"cs","@id":"https:\/\/testwebsite.citygame.com\/cs\/games\/valletta\/secrets-of-valletta\/#local-main-organization-logo","url":"https:\/\/testwebsite.citygame.com\/wp-content\/blogs.dir\/1\/files\/sites\/62\/2025\/10\/CG_LOGO-City-Game.png","contentUrl":"https:\/\/testwebsite.citygame.com\/wp-content\/blogs.dir\/1\/files\/sites\/62\/2025\/10\/CG_LOGO-City-Game.png","width":351,"height":377,"caption":"City Game"}]}},"taxonomy_info":{"game-concept":[{"value":707,"label":"Secrets"}],"location":[{"value":416,"label":"Valletta"}],"product_cat":[{"value":27,"label":"Geen categorie"}]},"featured_image_src_large":["https:\/\/testwebsite.citygame.com\/wp-content\/blogs.dir\/1\/files\/sites\/62\/2026\/03\/man-playing-city-game-upper-barrakka-gardens-valletta.jpg",1024,1024,false],"author_info":[],"comment_info":"","_links":{"self":[{"href":"https:\/\/testwebsite.citygame.com\/cs\/wp-json\/wp\/v2\/product\/66146","targetHints":{"allow":["GET"]}}],"collection":[{"href":"https:\/\/testwebsite.citygame.com\/cs\/wp-json\/wp\/v2\/product"}],"about":[{"href":"https:\/\/testwebsite.citygame.com\/cs\/wp-json\/wp\/v2\/types\/product"}],"acf:post":[{"embeddable":true,"href":"https:\/\/testwebsite.citygame.com\/cs\/wp-json\/wp\/v2\/pages\/5625"}],"wp:featuredmedia":[{"embeddable":true,"href":"https:\/\/testwebsite.citygame.com\/cs\/wp-json\/wp\/v2\/media\/18706"}],"wp:attachment":[{"href":"https:\/\/testwebsite.citygame.com\/cs\/wp-json\/wp\/v2\/media?parent=66146"}],"wp:term":[{"taxonomy":"game-concept","embeddable":true,"href":"https:\/\/testwebsite.citygame.com\/cs\/wp-json\/wp\/v2\/game-concept?post=66146"},{"taxonomy":"location","embeddable":true,"href":"https:\/\/testwebsite.citygame.com\/cs\/wp-json\/wp\/v2\/location?post=66146"},{"taxonomy":"product_brand","embeddable":true,"href":"https:\/\/testwebsite.citygame.com\/cs\/wp-json\/wp\/v2\/product_brand?post=66146"},{"taxonomy":"product_cat","embeddable":true,"href":"https:\/\/testwebsite.citygame.com\/cs\/wp-json\/wp\/v2\/product_cat?post=66146"},{"taxonomy":"product_tag","embeddable":true,"href":"https:\/\/testwebsite.citygame.com\/cs\/wp-json\/wp\/v2\/product_tag?post=66146"}],"curies":[{"name":"wp","href":"https:\/\/api.w.org\/{rel}","templated":true}]}}