{"id":66105,"date":"2026-02-26T14:27:51","date_gmt":"2026-02-26T14:27:51","guid":{"rendered":"https:\/\/testwebsite.citygame.com\/games\/unknown-location\/secrets-of-rovinj\/"},"modified":"2026-04-08T17:42:22","modified_gmt":"2026-04-08T17:42:22","slug":"secrets-of-rovinj","status":"publish","type":"product","link":"https:\/\/testwebsite.citygame.com\/cs\/games\/rovinj\/secrets-of-rovinj\/","title":{"rendered":"Secrets of Rovinj"},"content":{"rendered":"<p>Vydejte se na podmanivou cestu s &#8220;Secrets of Rovinj&#8221; City Game, samoproch\u00e1zkovou m\u011bstskou hrou navr\u017eenou pro neohro\u017een\u00e9 pr\u016fzkumn\u00edky. Tato hra zalo\u017een\u00e1 na GPS se odehr\u00e1v\u00e1 v historick\u00e9m centru Rovinje a povzbuzuje hr\u00e1\u010de k navigaci m\u011bstem pomoc\u00ed chytr\u00fdch telefon\u016f p\u0159i \u0159e\u0161en\u00ed obohacuj\u00edc\u00edch h\u00e1danek, r\u00e9bus\u016f a fotografick\u00fdch v\u00fdzev. B\u011bhem t\u00e9to pr\u016fzkumn\u00e9 hry odhal\u00edte jemnou historii, \u017eivou kulturu a skryt\u00e9 detaily, kter\u00e9 definuj\u00ed Rovinj. A\u0165 u\u017e jste m\u00edstn\u00ed obyvatel, nebo host na n\u00e1v\u0161t\u011bv\u011b, tato hra je ide\u00e1ln\u00edm zp\u016fsobem, jak se skute\u010dn\u011b propojit s duchem m\u011bsta. Vhodn\u00e9 pro jednotliv\u00e9 hr\u00e1\u010de nebo skupiny jak\u00e9koli velikosti &#8211; od p\u00e1r\u016f po rodiny nebo skupiny p\u0159\u00e1tel &#8211; &#8220;Secrets of Rovinj&#8221; City Game slibuje poutav\u00fd a n\u00e1dhern\u00fd z\u00e1\u017eitek.<\/p>\n","protected":false},"excerpt":{"rendered":"<p>Objevte skryt\u00e9 v\u00e1\u0161n\u011b Rovinje! Proch\u00e1zejte se romantick\u00fdmi uli\u010dkami a sluncem zalit\u00fdmi n\u00e1m\u011bst\u00ed\u010dky, zat\u00edmco pom\u00e1h\u00e1te Elise sledovat vzpom\u00ednky na jej\u00ed ztracenou l\u00e1sku, odhaluj\u00edc\u00ed tajemstv\u00ed vetkan\u00e1 do barevn\u00e9 historie m\u011bsta a jeho \u017eiv\u00e9ho pob\u0159e\u017en\u00edho kouzla.<\/p>\n","protected":false},"featured_media":16098,"template":"","meta":{"_acf_changed":false,"_yoast_wpseo_focuskw":"Secrets of Kandy","_yoast_wpseo_metadesc":"Secrets of Rovinj. Hrajte samoproch\u00e1zkovou m\u011bstskou hru a prozkoumejte m\u011bsto pomoc\u00ed h\u00e1danek, r\u00e9bus\u016f a v\u00fdzev. Hrajte vlastn\u00edm tempem a objevujte jako m\u00edstn\u00ed!","_kad_blocks_custom_css":"","_kad_blocks_head_custom_js":"","_kad_blocks_body_custom_js":"","_kad_blocks_footer_custom_js":"","ghostkit_customizer_options":"","ghostkit_custom_css":"","ghostkit_custom_js_head":"","ghostkit_custom_js_foot":"","ghostkit_typography":"","_kad_post_transparent":"default","_kad_post_title":"","_kad_post_layout":"default","_kad_post_sidebar_id":"","_kad_post_content_style":"default","_kad_post_vertical_padding":"default","_kad_post_feature":"","_kad_post_feature_position":"","_kad_post_header":false,"_kad_post_footer":false,"_kad_post_classname":"","_links_to":"","_links_to_target":""},"game-concept":[707],"location":[609],"product_brand":[],"product_cat":[27],"product_tag":[],"class_list":{"0":"post-66105","1":"product","2":"type-product","3":"status-publish","4":"has-post-thumbnail","6":"game-concept-secrets","7":"location-rovinj","8":"product_cat-geen-categorie","10":"first","11":"instock","12":"shipping-taxable","13":"purchasable","14":"product-type-simple","15":"entry","16":"content-bg","17":"loop-entry"},"acf":{"full_bokun_product_name":"Self-Guided Secrets of Rovinj Exploration Game","location_name":"Rovinj","bokun_calendar_widget_code":"<script type=\"text\/javascript\" src=\"https:\/\/widgets.bokun.io\/assets\/javascripts\/apps\/build\/BokunWidgetsLoader.js?bookingChannelUUID=a1e93e96-5232-4734-a595-28405f4b5a31\" async><\/script>\n     \n    <div class=\"bokunWidget\" data-src=\"https:\/\/widgets.bokun.io\/online-sales\/a1e93e96-5232-4734-a595-28405f4b5a31\/experience-calendar\/1121450\"><\/div>\n    <noscript>Please enable javascript in your browser to book<\/noscript>","bokun_button_widget_code":"<script type=\"text\/javascript\" src=\"https:\/\/widgets.bokun.io\/assets\/javascripts\/apps\/build\/BokunWidgetsLoader.js?bookingChannelUUID=a1e93e96-5232-4734-a595-28405f4b5a31\" async><\/script>\n      <style> #bokun_ed001e45_5927_4f62_b470_ca766338d083 { display: inline-block; padding: .4em 1em; background: #47b82e; border-radius: 999999px; box-shadow: none; font-weight: 600; font-size: 24px; text-decoration: none; text-align: center; color: #FFFFFF; border:none; cursor: pointer; transition: background .2s ease; } #bokun_ed001e45_5927_4f62_b470_ca766338d083:hover{ background: #2f7b1f; } #bokun_ed001e45_5927_4f62_b470_ca766338d083:active{ background: #378f24; } <\/style> <button class=\"bokunButton\" disabled id=bokun_ed001e45_5927_4f62_b470_ca766338d083 data-src=\"https:\/\/widgets.bokun.io\/online-sales\/a1e93e96-5232-4734-a595-28405f4b5a31\/experience-calendar\/1121450?partialView=1\" data-testid=\"widget-book-button\" > Book now <\/button> ","what_you\u2019ll_experience_during_the_game":"P\u0159i prozkoum\u00e1v\u00e1n\u00ed Rovinje se tajemstv\u00ed odhaluj\u00ed prost\u0159ednictv\u00edm kombinace prohl\u00eddky pam\u00e1tek, pohlcuj\u00edc\u00edho vypr\u00e1v\u011bn\u00ed p\u0159\u00edb\u011bh\u016f a interaktivn\u00edch v\u00fdzev v t\u00e9to m\u011bstsk\u00e9 h\u0159e. Pono\u0159\u00edte se hloub\u011bji do obl\u00edben\u00fdch i skryt\u00fdch klenot\u016f m\u011bsta, vedeni hrou. Ikonick\u00e1 Hodinov\u00e1 v\u011b\u017e (Gradski Sat) se sv\u00fdm historick\u00fdm kouzlem, ru\u0161n\u00fd m\u011bstsk\u00fd \u017eivot kolem Rovinjsk\u00e9ho trhu (Tr\u017enica) a nep\u0159ekonateln\u00e9 v\u00fdhledy z Vyhl\u00eddky baziliky sv. Eufemie (Vidikovac Bazilike sv. Eufemije) budou vypr\u00e1v\u011bt sv\u00e9 vlastn\u00ed p\u0159\u00edb\u011bhy. Mezit\u00edm \u00fatuln\u00e1 m\u00edsta jako Ryb\u00e1\u0159sk\u00fd bar (Ribarski Bar) a M\u00edstn\u00ed pek\u00e1rna (Pekara) v\u00edtaj\u00ed hr\u00e1\u010de a nab\u00edzej\u00ed jedine\u010dn\u00e9 \u00faryvky m\u00edstn\u00ed rovinjsk\u00e9 chuti.\r\n\r\n\u0158e\u0161en\u00ed h\u00e1danek, r\u00e9bus\u016f a odpov\u00edd\u00e1n\u00ed na ot\u00e1zky se st\u00e1vaj\u00ed kl\u00ed\u010di k odhalen\u00ed v\u00edce z Rovinje. Cestou se p\u0159ipravte na n\u011bkolik kreativn\u00edch fotografick\u00fdch v\u00fdzev na m\u00edstech, jako je Balbiho oblouk (Balbijev luk), nebo okouzluj\u00edc\u00ed Ekomuzeum Batana (Ku\u0107a o Batani). V\u00fdzvy, a\u010dkoliv z\u00e1bavn\u00e9, v\u00e1m tak\u00e9 pomohou z\u00edskat body, odemknout n\u00e1pov\u011bdy a proklestit si cestu k vy\u0159e\u0161en\u00ed kone\u010dn\u00e9 z\u00e1hady. M\u011bstskou hru lze podle va\u0161eho pohodl\u00ed pozastavit a znovu spustit, a pokud jste sout\u011b\u017eiv\u00ed, zkuste dos\u00e1hnout vysok\u00e9 pozice v \u017eeb\u0159\u00ed\u010dku. Tajemstv\u00ed Rovinje \u010dekaj\u00ed na objeven\u00ed skrze kr\u00e1snou sm\u011bs pr\u016fzkumu a hry.","how_to_play":"Po rezervaci va\u0161\u00ed City Game Rovinj obdr\u017e\u00edte e-mail s p\u0159\u00edm\u00fdm odkazem ke spu\u0161t\u011bn\u00ed hry. Vydejte se na v\u00fdchoz\u00ed m\u00edsto k Hodinov\u00e9 v\u011b\u017ei a za\u010dn\u011bte svou cestu, kdykoli si vyberete. M\u016f\u017eete hr\u00e1t nep\u0159etr\u017eit\u011b, nebo si hru pozastavit a pokra\u010dovat pozd\u011bji, co\u017e v\u00e1m d\u00e1v\u00e1 naprostou svobodu prozkoumat Rovinj vlastn\u00edm tempem.","start_location":"Rovinj, Clock Tower (Gradski Sat)","available_languages":"","players_per_group":"1-4","duration":"1.5-2 hours","image_overlay_color_image":"https:\/\/testwebsite.citygame.com\/wp-content\/blogs.dir\/1\/files\/sites\/62\/2026\/01\/SecretsColor.svg","image_overlay_game_logo":"https:\/\/testwebsite.citygame.com\/wp-content\/blogs.dir\/1\/files\/sites\/62\/2026\/01\/SecretsLogo.png","city_page":15721,"woocommerce_general_content":null},"yoast_head":"<!-- This site is optimized with the Yoast SEO Premium plugin v26.2 (Yoast SEO v26.3) - https:\/\/yoast.com\/wordpress\/plugins\/seo\/ -->\n<title>Secrets of Rovinj - City Game<\/title>\n<meta name=\"description\" content=\"Secrets of Rovinj. Hrajte samoproch\u00e1zkovou m\u011bstskou hru a prozkoumejte m\u011bsto pomoc\u00ed h\u00e1danek, r\u00e9bus\u016f a v\u00fdzev. Hrajte vlastn\u00edm tempem a objevujte jako m\u00edstn\u00ed!\" \/>\n<meta name=\"robots\" content=\"noindex, follow, max-snippet:-1, max-image-preview:large, max-video-preview:-1\" \/>\n<meta property=\"og:locale\" content=\"cs_CZ\" \/>\n<meta property=\"og:type\" content=\"article\" \/>\n<meta property=\"og:title\" content=\"Secrets of Rovinj\" \/>\n<meta property=\"og:description\" content=\"Secrets of Rovinj. Hrajte samoproch\u00e1zkovou m\u011bstskou hru a prozkoumejte m\u011bsto pomoc\u00ed h\u00e1danek, r\u00e9bus\u016f a v\u00fdzev. Hrajte vlastn\u00edm tempem a objevujte jako m\u00edstn\u00ed!\" \/>\n<meta property=\"og:url\" content=\"https:\/\/testwebsite.citygame.com\/cs\/games\/rovinj\/secrets-of-rovinj\/\" \/>\n<meta property=\"og:site_name\" content=\"City Game\" \/>\n<meta property=\"article:publisher\" content=\"https:\/\/www.facebook.com\/profile.php?id=100086426226253\" \/>\n<meta property=\"article:modified_time\" content=\"2026-04-08T17:42:22+00:00\" \/>\n<meta property=\"og:image\" content=\"https:\/\/testwebsite.citygame.com\/wp-content\/blogs.dir\/1\/files\/sites\/62\/2026\/02\/woman-playing-city-game-rovinj-yellow-building.jpg\" \/>\n\t<meta property=\"og:image:width\" content=\"1024\" \/>\n\t<meta property=\"og:image:height\" content=\"1024\" \/>\n\t<meta property=\"og:image:type\" content=\"image\/jpeg\" \/>\n<meta name=\"twitter:card\" content=\"summary_large_image\" \/>\n<meta name=\"twitter:label1\" content=\"Odhadovan\u00e1 doba \u010dten\u00ed\" \/>\n\t<meta name=\"twitter:data1\" content=\"1 minuta\" \/>\n<script type=\"application\/ld+json\" class=\"yoast-schema-graph\">{\"@context\":\"https:\/\/schema.org\",\"@graph\":[{\"@type\":\"WebPage\",\"@id\":\"https:\/\/testwebsite.citygame.com\/cs\/games\/rovinj\/secrets-of-rovinj\/\",\"url\":\"https:\/\/testwebsite.citygame.com\/cs\/games\/rovinj\/secrets-of-rovinj\/\",\"name\":\"Secrets of Rovinj - City Game\",\"isPartOf\":{\"@id\":\"https:\/\/testwebsite.upevents.nl\/#website\"},\"primaryImageOfPage\":{\"@id\":\"https:\/\/testwebsite.citygame.com\/cs\/games\/rovinj\/secrets-of-rovinj\/#primaryimage\"},\"image\":{\"@id\":\"https:\/\/testwebsite.citygame.com\/cs\/games\/rovinj\/secrets-of-rovinj\/#primaryimage\"},\"thumbnailUrl\":\"https:\/\/testwebsite.citygame.com\/wp-content\/blogs.dir\/1\/files\/sites\/62\/2026\/02\/woman-playing-city-game-rovinj-yellow-building.jpg\",\"datePublished\":\"2026-02-26T14:27:51+00:00\",\"dateModified\":\"2026-04-08T17:42:22+00:00\",\"description\":\"Secrets of Rovinj. Hrajte samoproch\u00e1zkovou m\u011bstskou hru a prozkoumejte m\u011bsto pomoc\u00ed h\u00e1danek, r\u00e9bus\u016f a v\u00fdzev. Hrajte vlastn\u00edm tempem a objevujte jako m\u00edstn\u00ed!\",\"breadcrumb\":{\"@id\":\"https:\/\/testwebsite.citygame.com\/cs\/games\/rovinj\/secrets-of-rovinj\/#breadcrumb\"},\"inLanguage\":\"cs\",\"potentialAction\":[{\"@type\":\"ReadAction\",\"target\":[\"https:\/\/testwebsite.citygame.com\/cs\/games\/rovinj\/secrets-of-rovinj\/\"]}]},{\"@type\":\"ImageObject\",\"inLanguage\":\"cs\",\"@id\":\"https:\/\/testwebsite.citygame.com\/cs\/games\/rovinj\/secrets-of-rovinj\/#primaryimage\",\"url\":\"https:\/\/testwebsite.citygame.com\/wp-content\/blogs.dir\/1\/files\/sites\/62\/2026\/02\/woman-playing-city-game-rovinj-yellow-building.jpg\",\"contentUrl\":\"https:\/\/testwebsite.citygame.com\/wp-content\/blogs.dir\/1\/files\/sites\/62\/2026\/02\/woman-playing-city-game-rovinj-yellow-building.jpg\",\"width\":1024,\"height\":1024,\"caption\":\"A player uses her smartphone to solve a challenge on the sunny streets of Rovinj, Croatia.\"},{\"@type\":\"BreadcrumbList\",\"@id\":\"https:\/\/testwebsite.citygame.com\/cs\/games\/rovinj\/secrets-of-rovinj\/#breadcrumb\",\"itemListElement\":[{\"@type\":\"ListItem\",\"position\":1,\"name\":\"Home\",\"item\":\"https:\/\/testwebsite.citygame.com\/cs\/\"},{\"@type\":\"ListItem\",\"position\":2,\"name\":\"Shop\",\"item\":\"https:\/\/testwebsite.citygame.com\/shop\/\"},{\"@type\":\"ListItem\",\"position\":3,\"name\":\"Secrets of Rovinj\"}]},{\"@type\":\"WebSite\",\"@id\":\"https:\/\/testwebsite.upevents.nl\/#website\",\"url\":\"https:\/\/testwebsite.upevents.nl\/\",\"name\":\"City Game\",\"description\":\"\",\"publisher\":{\"@id\":\"https:\/\/testwebsite.upevents.nl\/#organization\"},\"alternateName\":\"citygame.com\",\"potentialAction\":[{\"@type\":\"SearchAction\",\"target\":{\"@type\":\"EntryPoint\",\"urlTemplate\":\"https:\/\/testwebsite.upevents.nl\/?s={search_term_string}\"},\"query-input\":{\"@type\":\"PropertyValueSpecification\",\"valueRequired\":true,\"valueName\":\"search_term_string\"}}],\"inLanguage\":\"cs\"},{\"@type\":[\"Organization\",\"Place\"],\"@id\":\"https:\/\/testwebsite.upevents.nl\/#organization\",\"name\":\"City Game\",\"alternateName\":\"citygame.com\",\"url\":\"https:\/\/testwebsite.upevents.nl\/\",\"logo\":{\"@id\":\"https:\/\/testwebsite.citygame.com\/cs\/games\/rovinj\/secrets-of-rovinj\/#local-main-organization-logo\"},\"image\":{\"@id\":\"https:\/\/testwebsite.citygame.com\/cs\/games\/rovinj\/secrets-of-rovinj\/#local-main-organization-logo\"},\"sameAs\":[\"https:\/\/www.facebook.com\/profile.php?id=100086426226253\",\"https:\/\/www.instagram.com\/citygame_com\",\"https:\/\/www.tiktok.com\/@citygamecom\/\",\"https:\/\/www.linkedin.com\/company\/citygame-com\"],\"description\":\"Turn any city into a playground with our interactive City Games and self-guided tours. Fun, flexible, and ideal for groups and team building.\",\"telephone\":[],\"openingHoursSpecification\":[{\"@type\":\"OpeningHoursSpecification\",\"dayOfWeek\":[\"Monday\",\"Tuesday\",\"Wednesday\",\"Thursday\",\"Friday\",\"Saturday\",\"Sunday\"],\"opens\":\"09:00\",\"closes\":\"17:00\"}]},{\"@type\":\"ImageObject\",\"inLanguage\":\"cs\",\"@id\":\"https:\/\/testwebsite.citygame.com\/cs\/games\/rovinj\/secrets-of-rovinj\/#local-main-organization-logo\",\"url\":\"https:\/\/testwebsite.citygame.com\/wp-content\/blogs.dir\/1\/files\/sites\/62\/2025\/10\/CG_LOGO-City-Game.png\",\"contentUrl\":\"https:\/\/testwebsite.citygame.com\/wp-content\/blogs.dir\/1\/files\/sites\/62\/2025\/10\/CG_LOGO-City-Game.png\",\"width\":351,\"height\":377,\"caption\":\"City Game\"}]}<\/script>\n<!-- \/ Yoast SEO Premium plugin. -->","yoast_head_json":{"title":"Secrets of Rovinj - City Game","description":"Secrets of Rovinj. Hrajte samoproch\u00e1zkovou m\u011bstskou hru a prozkoumejte m\u011bsto pomoc\u00ed h\u00e1danek, r\u00e9bus\u016f a v\u00fdzev. Hrajte vlastn\u00edm tempem a objevujte jako m\u00edstn\u00ed!","robots":{"index":"noindex","follow":"follow","max-snippet":"max-snippet:-1","max-image-preview":"max-image-preview:large","max-video-preview":"max-video-preview:-1"},"og_locale":"cs_CZ","og_type":"article","og_title":"Secrets of Rovinj","og_description":"Secrets of Rovinj. Hrajte samoproch\u00e1zkovou m\u011bstskou hru a prozkoumejte m\u011bsto pomoc\u00ed h\u00e1danek, r\u00e9bus\u016f a v\u00fdzev. Hrajte vlastn\u00edm tempem a objevujte jako m\u00edstn\u00ed!","og_url":"https:\/\/testwebsite.citygame.com\/cs\/games\/rovinj\/secrets-of-rovinj\/","og_site_name":"City Game","article_publisher":"https:\/\/www.facebook.com\/profile.php?id=100086426226253","article_modified_time":"2026-04-08T17:42:22+00:00","og_image":[{"width":1024,"height":1024,"url":"https:\/\/testwebsite.citygame.com\/wp-content\/blogs.dir\/1\/files\/sites\/62\/2026\/02\/woman-playing-city-game-rovinj-yellow-building.jpg","type":"image\/jpeg"}],"twitter_card":"summary_large_image","twitter_misc":{"Odhadovan\u00e1 doba \u010dten\u00ed":"1 minuta"},"schema":{"@context":"https:\/\/schema.org","@graph":[{"@type":"WebPage","@id":"https:\/\/testwebsite.citygame.com\/cs\/games\/rovinj\/secrets-of-rovinj\/","url":"https:\/\/testwebsite.citygame.com\/cs\/games\/rovinj\/secrets-of-rovinj\/","name":"Secrets of Rovinj - City Game","isPartOf":{"@id":"https:\/\/testwebsite.upevents.nl\/#website"},"primaryImageOfPage":{"@id":"https:\/\/testwebsite.citygame.com\/cs\/games\/rovinj\/secrets-of-rovinj\/#primaryimage"},"image":{"@id":"https:\/\/testwebsite.citygame.com\/cs\/games\/rovinj\/secrets-of-rovinj\/#primaryimage"},"thumbnailUrl":"https:\/\/testwebsite.citygame.com\/wp-content\/blogs.dir\/1\/files\/sites\/62\/2026\/02\/woman-playing-city-game-rovinj-yellow-building.jpg","datePublished":"2026-02-26T14:27:51+00:00","dateModified":"2026-04-08T17:42:22+00:00","description":"Secrets of Rovinj. Hrajte samoproch\u00e1zkovou m\u011bstskou hru a prozkoumejte m\u011bsto pomoc\u00ed h\u00e1danek, r\u00e9bus\u016f a v\u00fdzev. Hrajte vlastn\u00edm tempem a objevujte jako m\u00edstn\u00ed!","breadcrumb":{"@id":"https:\/\/testwebsite.citygame.com\/cs\/games\/rovinj\/secrets-of-rovinj\/#breadcrumb"},"inLanguage":"cs","potentialAction":[{"@type":"ReadAction","target":["https:\/\/testwebsite.citygame.com\/cs\/games\/rovinj\/secrets-of-rovinj\/"]}]},{"@type":"ImageObject","inLanguage":"cs","@id":"https:\/\/testwebsite.citygame.com\/cs\/games\/rovinj\/secrets-of-rovinj\/#primaryimage","url":"https:\/\/testwebsite.citygame.com\/wp-content\/blogs.dir\/1\/files\/sites\/62\/2026\/02\/woman-playing-city-game-rovinj-yellow-building.jpg","contentUrl":"https:\/\/testwebsite.citygame.com\/wp-content\/blogs.dir\/1\/files\/sites\/62\/2026\/02\/woman-playing-city-game-rovinj-yellow-building.jpg","width":1024,"height":1024,"caption":"A player uses her smartphone to solve a challenge on the sunny streets of Rovinj, Croatia."},{"@type":"BreadcrumbList","@id":"https:\/\/testwebsite.citygame.com\/cs\/games\/rovinj\/secrets-of-rovinj\/#breadcrumb","itemListElement":[{"@type":"ListItem","position":1,"name":"Home","item":"https:\/\/testwebsite.citygame.com\/cs\/"},{"@type":"ListItem","position":2,"name":"Shop","item":"https:\/\/testwebsite.citygame.com\/shop\/"},{"@type":"ListItem","position":3,"name":"Secrets of Rovinj"}]},{"@type":"WebSite","@id":"https:\/\/testwebsite.upevents.nl\/#website","url":"https:\/\/testwebsite.upevents.nl\/","name":"City Game","description":"","publisher":{"@id":"https:\/\/testwebsite.upevents.nl\/#organization"},"alternateName":"citygame.com","potentialAction":[{"@type":"SearchAction","target":{"@type":"EntryPoint","urlTemplate":"https:\/\/testwebsite.upevents.nl\/?s={search_term_string}"},"query-input":{"@type":"PropertyValueSpecification","valueRequired":true,"valueName":"search_term_string"}}],"inLanguage":"cs"},{"@type":["Organization","Place"],"@id":"https:\/\/testwebsite.upevents.nl\/#organization","name":"City Game","alternateName":"citygame.com","url":"https:\/\/testwebsite.upevents.nl\/","logo":{"@id":"https:\/\/testwebsite.citygame.com\/cs\/games\/rovinj\/secrets-of-rovinj\/#local-main-organization-logo"},"image":{"@id":"https:\/\/testwebsite.citygame.com\/cs\/games\/rovinj\/secrets-of-rovinj\/#local-main-organization-logo"},"sameAs":["https:\/\/www.facebook.com\/profile.php?id=100086426226253","https:\/\/www.instagram.com\/citygame_com","https:\/\/www.tiktok.com\/@citygamecom\/","https:\/\/www.linkedin.com\/company\/citygame-com"],"description":"Turn any city into a playground with our interactive City Games and self-guided tours. Fun, flexible, and ideal for groups and team building.","telephone":[],"openingHoursSpecification":[{"@type":"OpeningHoursSpecification","dayOfWeek":["Monday","Tuesday","Wednesday","Thursday","Friday","Saturday","Sunday"],"opens":"09:00","closes":"17:00"}]},{"@type":"ImageObject","inLanguage":"cs","@id":"https:\/\/testwebsite.citygame.com\/cs\/games\/rovinj\/secrets-of-rovinj\/#local-main-organization-logo","url":"https:\/\/testwebsite.citygame.com\/wp-content\/blogs.dir\/1\/files\/sites\/62\/2025\/10\/CG_LOGO-City-Game.png","contentUrl":"https:\/\/testwebsite.citygame.com\/wp-content\/blogs.dir\/1\/files\/sites\/62\/2025\/10\/CG_LOGO-City-Game.png","width":351,"height":377,"caption":"City Game"}]}},"taxonomy_info":{"game-concept":[{"value":707,"label":"Secrets"}],"location":[{"value":609,"label":"Rovinj"}],"product_cat":[{"value":27,"label":"Geen categorie"}]},"featured_image_src_large":["https:\/\/testwebsite.citygame.com\/wp-content\/blogs.dir\/1\/files\/sites\/62\/2026\/02\/woman-playing-city-game-rovinj-yellow-building.jpg",1024,1024,false],"author_info":[],"comment_info":"","_links":{"self":[{"href":"https:\/\/testwebsite.citygame.com\/cs\/wp-json\/wp\/v2\/product\/66105","targetHints":{"allow":["GET"]}}],"collection":[{"href":"https:\/\/testwebsite.citygame.com\/cs\/wp-json\/wp\/v2\/product"}],"about":[{"href":"https:\/\/testwebsite.citygame.com\/cs\/wp-json\/wp\/v2\/types\/product"}],"acf:post":[{"embeddable":true,"href":"https:\/\/testwebsite.citygame.com\/cs\/wp-json\/wp\/v2\/pages\/15721"}],"wp:featuredmedia":[{"embeddable":true,"href":"https:\/\/testwebsite.citygame.com\/cs\/wp-json\/wp\/v2\/media\/16098"}],"wp:attachment":[{"href":"https:\/\/testwebsite.citygame.com\/cs\/wp-json\/wp\/v2\/media?parent=66105"}],"wp:term":[{"taxonomy":"game-concept","embeddable":true,"href":"https:\/\/testwebsite.citygame.com\/cs\/wp-json\/wp\/v2\/game-concept?post=66105"},{"taxonomy":"location","embeddable":true,"href":"https:\/\/testwebsite.citygame.com\/cs\/wp-json\/wp\/v2\/location?post=66105"},{"taxonomy":"product_brand","embeddable":true,"href":"https:\/\/testwebsite.citygame.com\/cs\/wp-json\/wp\/v2\/product_brand?post=66105"},{"taxonomy":"product_cat","embeddable":true,"href":"https:\/\/testwebsite.citygame.com\/cs\/wp-json\/wp\/v2\/product_cat?post=66105"},{"taxonomy":"product_tag","embeddable":true,"href":"https:\/\/testwebsite.citygame.com\/cs\/wp-json\/wp\/v2\/product_tag?post=66105"}],"curies":[{"name":"wp","href":"https:\/\/api.w.org\/{rel}","templated":true}]}}