{"id":64958,"date":"2026-02-12T16:42:31","date_gmt":"2026-02-12T16:42:31","guid":{"rendered":"https:\/\/testwebsite.citygame.com\/games\/unknown-location\/sherlock-holmes-queenstown\/"},"modified":"2026-04-08T15:01:54","modified_gmt":"2026-04-08T15:01:54","slug":"sherlock-holmes-queenstown","status":"publish","type":"product","link":"https:\/\/testwebsite.citygame.com\/cs\/games\/queenstown\/sherlock-holmes-queenstown\/","title":{"rendered":"Sherlock Holmes Queenstown"},"content":{"rendered":"<p>Vstupte do sv\u011bta Sherlocka Holmese s autonomn\u00ed, p\u0159\u00edb\u011bhovou detektivn\u00ed hrou s vra\u017edou City Game zasazenou do centra Queenstownu. Ulice se stanou va\u0161\u00edm vy\u0161et\u0159ovac\u00edm ter\u00e9nem, kdy\u017e budete rozpl\u00e9tat mraziv\u00fd p\u0159\u00edpad vra\u017edy b\u011bhem Liberty Festivalu, skl\u00e1dat dohromady stopy, \u0159e\u0161it vrstven\u00e9 h\u00e1danky a vysl\u00fdchat digit\u00e1ln\u00ed podez\u0159el\u00e9 sv\u00fdm vlastn\u00edm tempem. Jak se tajemstv\u00ed odv\u00edj\u00ed, budete se pohybovat po Queenstownu n\u00e1sledovat strhuj\u00edc\u00ed detektivn\u00ed vypr\u00e1v\u011bn\u00ed, kter\u00e9 v\u00e1s pono\u0159\u00ed do sv\u011bta podez\u0159en\u00ed, logiky a intrik.<\/p>\n","protected":false},"excerpt":{"rendered":"<p>V\u017eijte se do role Sherlocka Holmese v t\u00e9to samostatn\u00e9 detektivn\u00ed h\u0159e s vra\u017edou zasazen\u00e9 do Queenstownu. Budete se spol\u00e9hat na sv\u016fj t\u00fdm, aby sledoval stopy, \u0159e\u0161il slo\u017eit\u00e9 h\u00e1danky a odhalil pravdu, s ka\u017ed\u00fdm tiknut\u00edm hodin stoup\u00e1 nap\u011bt\u00ed z honi\u010dky!<\/p>\n","protected":false},"featured_media":13123,"template":"","meta":{"_acf_changed":false,"_yoast_wpseo_focuskw":"Sherlock Holmes Queenstown","_yoast_wpseo_metadesc":"Sherlock Holmes Queenstown. Hrajte samostatnou detektivn\u00ed hru s vra\u017edou City Game, \u0159e\u0161te h\u00e1danky, sledujte stopy a odhalte vraha sv\u00fdm vlastn\u00edm tempem!","_kad_blocks_custom_css":"","_kad_blocks_head_custom_js":"","_kad_blocks_body_custom_js":"","_kad_blocks_footer_custom_js":"","ghostkit_customizer_options":"","ghostkit_custom_css":"","ghostkit_custom_js_head":"","ghostkit_custom_js_foot":"","ghostkit_typography":"","_kad_post_transparent":"","_kad_post_title":"","_kad_post_layout":"","_kad_post_sidebar_id":"","_kad_post_content_style":"","_kad_post_vertical_padding":"","_kad_post_feature":"","_kad_post_feature_position":"","_kad_post_header":false,"_kad_post_footer":false,"_kad_post_classname":"","_links_to":"","_links_to_target":""},"game-concept":[768],"location":[338],"product_brand":[],"product_cat":[27],"product_tag":[],"class_list":{"0":"post-64958","1":"product","2":"type-product","3":"status-publish","4":"has-post-thumbnail","6":"game-concept-sherlock","7":"location-queenstown","8":"product_cat-geen-categorie","10":"first","11":"instock","12":"shipping-taxable","13":"purchasable","14":"product-type-simple","15":"entry","16":"content-bg","17":"loop-entry"},"acf":{"full_bokun_product_name":"Queenstown Self-Guided Sherlock Holmes Murder Mystery Game","location_name":"Queenstown","bokun_calendar_widget_code":"<script type=\"text\/javascript\" src=\"https:\/\/widgets.bokun.io\/assets\/javascripts\/apps\/build\/BokunWidgetsLoader.js?bookingChannelUUID=a1e93e96-5232-4734-a595-28405f4b5a31\" async><\/script>\n     \n    <div class=\"bokunWidget\" data-src=\"https:\/\/widgets.bokun.io\/online-sales\/a1e93e96-5232-4734-a595-28405f4b5a31\/experience-calendar\/800868\"><\/div>\n    <noscript>Please enable javascript in your browser to book<\/noscript>","bokun_button_widget_code":"<script type=\"text\/javascript\" src=\"https:\/\/widgets.bokun.io\/assets\/javascripts\/apps\/build\/BokunWidgetsLoader.js?bookingChannelUUID=a1e93e96-5232-4734-a595-28405f4b5a31\" async><\/script>\n      <style> #bokun_ed001e45_5927_4f62_b470_ca766338d083 { display: inline-block; padding: .4em 1em; background: #47b82e; border-radius: 999999px; box-shadow: none; font-weight: 600; font-size: 24px; text-decoration: none; text-align: center; color: #FFFFFF; border:none; cursor: pointer; transition: background .2s ease; } #bokun_ed001e45_5927_4f62_b470_ca766338d083:hover{ background: #2f7b1f; } #bokun_ed001e45_5927_4f62_b470_ca766338d083:active{ background: #378f24; } <\/style> <button class=\"bokunButton\" disabled id=bokun_ed001e45_5927_4f62_b470_ca766338d083 data-src=\"https:\/\/widgets.bokun.io\/online-sales\/a1e93e96-5232-4734-a595-28405f4b5a31\/experience-calendar\/800868?partialView=1\" data-testid=\"widget-book-button\" > Book now <\/button> ","what_you\u2019ll_experience_during_the_game":"Vstupte do strhuj\u00edc\u00ed detektivn\u00ed historie zasazen\u00e9 do Queenstownu, kde va\u0161e vy\u0161et\u0159ov\u00e1n\u00ed za\u010d\u00edn\u00e1 ve chv\u00edli, kdy vyraz\u00edte do ulic. Jak se d\u011bj kolem v\u00e1s rozv\u00edj\u00ed, budete sledovat stopu z\u00e1hadn\u00fdch indici\u00ed, skryt\u00fdch souvislost\u00ed a neo\u010dek\u00e1van\u00fdch ud\u00e1lost\u00ed, kter\u00e9 prom\u011bn\u00ed m\u011bsto ve va\u0161i mapu z\u00e1had. Vyu\u017eijte sv\u00e9 pozorovac\u00ed schopnosti k rozlu\u0161t\u011bn\u00ed h\u00e1danek, konfrontujte digit\u00e1ln\u00ed podez\u0159el\u00e9 a analyzujte jejich p\u0159\u00edb\u011bhy, pe\u010dliv\u011b sledujte rozpory a vyh\u00fdbav\u00e9 odpov\u011bdi.\n\nP\u0159\u00edpad v\u00e1s zavede hluboko do pravdy za vra\u017edou, kter\u00e1 ot\u0159\u00e1sla Liberty Festivalem, a ka\u017ed\u00e1 va\u0161e volba v\u00e1s p\u0159ibl\u00ed\u017e\u00ed k odhalen\u00ed toho, co se skute\u010dn\u011b stalo. Spol\u00e9hejte se na sv\u00e9 kritick\u00e9 my\u0161len\u00ed a dedukci, abyste propojili fakta a rozlu\u0161tili motivy. Z\u00e1\u017eitek je pln\u011b p\u0159\u00edb\u011bhov\u00fd a navr\u017een tak, aby v\u00e1s vt\u00e1hl do vy\u0161et\u0159ov\u00e1n\u00ed, a\u0165 u\u017e se vyd\u00e1te jakoukoli cestou. Hru m\u016f\u017eete kdykoli pozastavit a pokra\u010dovat, kdy\u017e se v\u00e1m to hod\u00ed, bu\u010f sv\u00fdm vlastn\u00edm tempem, nebo sout\u011b\u017eit s ostatn\u00edmi jako t\u00fdm bystr\u00fdch detektiv\u016f.","how_to_play":"Hrajte sami nebo s p\u0159\u00e1teli, rodinou \u010di kolegy v t\u00fdmech a\u017e \u010dty\u0159 osob na jedno za\u0159\u00edzen\u00ed. Po rezervaci obdr\u017e\u00edte e-mail s pokyny a v\u0161\u00edm, co pot\u0159ebujete.","start_location":"Queenstown, Main town pier","available_languages":["en","es","fr","de","it","nl"],"players_per_group":"1-4","duration":"1.5-2 hours","image_overlay_color_image":"https:\/\/testwebsite.citygame.com\/wp-content\/blogs.dir\/1\/files\/sites\/62\/2026\/01\/SherlockColor.svg","image_overlay_game_logo":"https:\/\/testwebsite.citygame.com\/wp-content\/blogs.dir\/1\/files\/sites\/62\/2026\/01\/SherlockLogo.png","city_page":13121,"woocommerce_general_content":null},"yoast_head":"<!-- This site is optimized with the Yoast SEO Premium plugin v26.2 (Yoast SEO v26.3) - https:\/\/yoast.com\/wordpress\/plugins\/seo\/ -->\n<title>Sherlock Holmes Queenstown - City Game<\/title>\n<meta name=\"description\" content=\"Sherlock Holmes Queenstown. Hrajte samostatnou detektivn\u00ed hru s vra\u017edou City Game, \u0159e\u0161te h\u00e1danky, sledujte stopy a odhalte vraha sv\u00fdm vlastn\u00edm tempem!\" \/>\n<meta name=\"robots\" content=\"noindex, follow, max-snippet:-1, max-image-preview:large, max-video-preview:-1\" \/>\n<meta property=\"og:locale\" content=\"cs_CZ\" \/>\n<meta property=\"og:type\" content=\"article\" \/>\n<meta property=\"og:title\" content=\"Sherlock Holmes Queenstown\" \/>\n<meta property=\"og:description\" content=\"Sherlock Holmes Queenstown. Hrajte samostatnou detektivn\u00ed hru s vra\u017edou City Game, \u0159e\u0161te h\u00e1danky, sledujte stopy a odhalte vraha sv\u00fdm vlastn\u00edm tempem!\" \/>\n<meta property=\"og:url\" content=\"https:\/\/testwebsite.citygame.com\/cs\/games\/queenstown\/sherlock-holmes-queenstown\/\" \/>\n<meta property=\"og:site_name\" content=\"City Game\" \/>\n<meta property=\"article:publisher\" content=\"https:\/\/www.facebook.com\/profile.php?id=100086426226253\" \/>\n<meta property=\"article:modified_time\" content=\"2026-04-08T15:01:54+00:00\" \/>\n<meta property=\"og:image\" content=\"https:\/\/testwebsite.citygame.com\/wp-content\/blogs.dir\/1\/files\/sites\/62\/2026\/02\/queenstown-man-playing-sherlock-city-game-in-alley.jpg\" \/>\n\t<meta property=\"og:image:width\" content=\"1024\" \/>\n\t<meta property=\"og:image:height\" content=\"1024\" \/>\n\t<meta property=\"og:image:type\" content=\"image\/jpeg\" \/>\n<meta name=\"twitter:card\" content=\"summary_large_image\" \/>\n<script type=\"application\/ld+json\" class=\"yoast-schema-graph\">{\"@context\":\"https:\/\/schema.org\",\"@graph\":[{\"@type\":\"WebPage\",\"@id\":\"https:\/\/testwebsite.citygame.com\/cs\/games\/queenstown\/sherlock-holmes-queenstown\/\",\"url\":\"https:\/\/testwebsite.citygame.com\/cs\/games\/queenstown\/sherlock-holmes-queenstown\/\",\"name\":\"Sherlock Holmes Queenstown - City Game\",\"isPartOf\":{\"@id\":\"https:\/\/testwebsite.upevents.nl\/#website\"},\"primaryImageOfPage\":{\"@id\":\"https:\/\/testwebsite.citygame.com\/cs\/games\/queenstown\/sherlock-holmes-queenstown\/#primaryimage\"},\"image\":{\"@id\":\"https:\/\/testwebsite.citygame.com\/cs\/games\/queenstown\/sherlock-holmes-queenstown\/#primaryimage\"},\"thumbnailUrl\":\"https:\/\/testwebsite.citygame.com\/wp-content\/blogs.dir\/1\/files\/sites\/62\/2026\/02\/queenstown-man-playing-sherlock-city-game-in-alley.jpg\",\"datePublished\":\"2026-02-12T16:42:31+00:00\",\"dateModified\":\"2026-04-08T15:01:54+00:00\",\"description\":\"Sherlock Holmes Queenstown. Hrajte samostatnou detektivn\u00ed hru s vra\u017edou City Game, \u0159e\u0161te h\u00e1danky, sledujte stopy a odhalte vraha sv\u00fdm vlastn\u00edm tempem!\",\"breadcrumb\":{\"@id\":\"https:\/\/testwebsite.citygame.com\/cs\/games\/queenstown\/sherlock-holmes-queenstown\/#breadcrumb\"},\"inLanguage\":\"cs\",\"potentialAction\":[{\"@type\":\"ReadAction\",\"target\":[\"https:\/\/testwebsite.citygame.com\/cs\/games\/queenstown\/sherlock-holmes-queenstown\/\"]}]},{\"@type\":\"ImageObject\",\"inLanguage\":\"cs\",\"@id\":\"https:\/\/testwebsite.citygame.com\/cs\/games\/queenstown\/sherlock-holmes-queenstown\/#primaryimage\",\"url\":\"https:\/\/testwebsite.citygame.com\/wp-content\/blogs.dir\/1\/files\/sites\/62\/2026\/02\/queenstown-man-playing-sherlock-city-game-in-alley.jpg\",\"contentUrl\":\"https:\/\/testwebsite.citygame.com\/wp-content\/blogs.dir\/1\/files\/sites\/62\/2026\/02\/queenstown-man-playing-sherlock-city-game-in-alley.jpg\",\"width\":1024,\"height\":1024,\"caption\":\"A player uses his phone to solve a puzzle while exploring a narrow street in Queenstown.\"},{\"@type\":\"BreadcrumbList\",\"@id\":\"https:\/\/testwebsite.citygame.com\/cs\/games\/queenstown\/sherlock-holmes-queenstown\/#breadcrumb\",\"itemListElement\":[{\"@type\":\"ListItem\",\"position\":1,\"name\":\"Home\",\"item\":\"https:\/\/testwebsite.citygame.com\/cs\/\"},{\"@type\":\"ListItem\",\"position\":2,\"name\":\"Shop\",\"item\":\"https:\/\/testwebsite.citygame.com\/shop\/\"},{\"@type\":\"ListItem\",\"position\":3,\"name\":\"Sherlock Holmes Queenstown\"}]},{\"@type\":\"WebSite\",\"@id\":\"https:\/\/testwebsite.upevents.nl\/#website\",\"url\":\"https:\/\/testwebsite.upevents.nl\/\",\"name\":\"City Game\",\"description\":\"\",\"publisher\":{\"@id\":\"https:\/\/testwebsite.upevents.nl\/#organization\"},\"alternateName\":\"citygame.com\",\"potentialAction\":[{\"@type\":\"SearchAction\",\"target\":{\"@type\":\"EntryPoint\",\"urlTemplate\":\"https:\/\/testwebsite.upevents.nl\/?s={search_term_string}\"},\"query-input\":{\"@type\":\"PropertyValueSpecification\",\"valueRequired\":true,\"valueName\":\"search_term_string\"}}],\"inLanguage\":\"cs\"},{\"@type\":[\"Organization\",\"Place\"],\"@id\":\"https:\/\/testwebsite.upevents.nl\/#organization\",\"name\":\"City Game\",\"alternateName\":\"citygame.com\",\"url\":\"https:\/\/testwebsite.upevents.nl\/\",\"logo\":{\"@id\":\"https:\/\/testwebsite.citygame.com\/cs\/games\/queenstown\/sherlock-holmes-queenstown\/#local-main-organization-logo\"},\"image\":{\"@id\":\"https:\/\/testwebsite.citygame.com\/cs\/games\/queenstown\/sherlock-holmes-queenstown\/#local-main-organization-logo\"},\"sameAs\":[\"https:\/\/www.facebook.com\/profile.php?id=100086426226253\",\"https:\/\/www.instagram.com\/citygame_com\",\"https:\/\/www.tiktok.com\/@citygamecom\/\",\"https:\/\/www.linkedin.com\/company\/citygame-com\"],\"description\":\"Turn any city into a playground with our interactive City Games and self-guided tours. Fun, flexible, and ideal for groups and team building.\",\"telephone\":[],\"openingHoursSpecification\":[{\"@type\":\"OpeningHoursSpecification\",\"dayOfWeek\":[\"Monday\",\"Tuesday\",\"Wednesday\",\"Thursday\",\"Friday\",\"Saturday\",\"Sunday\"],\"opens\":\"09:00\",\"closes\":\"17:00\"}]},{\"@type\":\"ImageObject\",\"inLanguage\":\"cs\",\"@id\":\"https:\/\/testwebsite.citygame.com\/cs\/games\/queenstown\/sherlock-holmes-queenstown\/#local-main-organization-logo\",\"url\":\"https:\/\/testwebsite.citygame.com\/wp-content\/blogs.dir\/1\/files\/sites\/62\/2025\/10\/CG_LOGO-City-Game.png\",\"contentUrl\":\"https:\/\/testwebsite.citygame.com\/wp-content\/blogs.dir\/1\/files\/sites\/62\/2025\/10\/CG_LOGO-City-Game.png\",\"width\":351,\"height\":377,\"caption\":\"City Game\"}]}<\/script>\n<!-- \/ Yoast SEO Premium plugin. -->","yoast_head_json":{"title":"Sherlock Holmes Queenstown - City Game","description":"Sherlock Holmes Queenstown. Hrajte samostatnou detektivn\u00ed hru s vra\u017edou City Game, \u0159e\u0161te h\u00e1danky, sledujte stopy a odhalte vraha sv\u00fdm vlastn\u00edm tempem!","robots":{"index":"noindex","follow":"follow","max-snippet":"max-snippet:-1","max-image-preview":"max-image-preview:large","max-video-preview":"max-video-preview:-1"},"og_locale":"cs_CZ","og_type":"article","og_title":"Sherlock Holmes Queenstown","og_description":"Sherlock Holmes Queenstown. Hrajte samostatnou detektivn\u00ed hru s vra\u017edou City Game, \u0159e\u0161te h\u00e1danky, sledujte stopy a odhalte vraha sv\u00fdm vlastn\u00edm tempem!","og_url":"https:\/\/testwebsite.citygame.com\/cs\/games\/queenstown\/sherlock-holmes-queenstown\/","og_site_name":"City Game","article_publisher":"https:\/\/www.facebook.com\/profile.php?id=100086426226253","article_modified_time":"2026-04-08T15:01:54+00:00","og_image":[{"width":1024,"height":1024,"url":"https:\/\/testwebsite.citygame.com\/wp-content\/blogs.dir\/1\/files\/sites\/62\/2026\/02\/queenstown-man-playing-sherlock-city-game-in-alley.jpg","type":"image\/jpeg"}],"twitter_card":"summary_large_image","schema":{"@context":"https:\/\/schema.org","@graph":[{"@type":"WebPage","@id":"https:\/\/testwebsite.citygame.com\/cs\/games\/queenstown\/sherlock-holmes-queenstown\/","url":"https:\/\/testwebsite.citygame.com\/cs\/games\/queenstown\/sherlock-holmes-queenstown\/","name":"Sherlock Holmes Queenstown - City Game","isPartOf":{"@id":"https:\/\/testwebsite.upevents.nl\/#website"},"primaryImageOfPage":{"@id":"https:\/\/testwebsite.citygame.com\/cs\/games\/queenstown\/sherlock-holmes-queenstown\/#primaryimage"},"image":{"@id":"https:\/\/testwebsite.citygame.com\/cs\/games\/queenstown\/sherlock-holmes-queenstown\/#primaryimage"},"thumbnailUrl":"https:\/\/testwebsite.citygame.com\/wp-content\/blogs.dir\/1\/files\/sites\/62\/2026\/02\/queenstown-man-playing-sherlock-city-game-in-alley.jpg","datePublished":"2026-02-12T16:42:31+00:00","dateModified":"2026-04-08T15:01:54+00:00","description":"Sherlock Holmes Queenstown. Hrajte samostatnou detektivn\u00ed hru s vra\u017edou City Game, \u0159e\u0161te h\u00e1danky, sledujte stopy a odhalte vraha sv\u00fdm vlastn\u00edm tempem!","breadcrumb":{"@id":"https:\/\/testwebsite.citygame.com\/cs\/games\/queenstown\/sherlock-holmes-queenstown\/#breadcrumb"},"inLanguage":"cs","potentialAction":[{"@type":"ReadAction","target":["https:\/\/testwebsite.citygame.com\/cs\/games\/queenstown\/sherlock-holmes-queenstown\/"]}]},{"@type":"ImageObject","inLanguage":"cs","@id":"https:\/\/testwebsite.citygame.com\/cs\/games\/queenstown\/sherlock-holmes-queenstown\/#primaryimage","url":"https:\/\/testwebsite.citygame.com\/wp-content\/blogs.dir\/1\/files\/sites\/62\/2026\/02\/queenstown-man-playing-sherlock-city-game-in-alley.jpg","contentUrl":"https:\/\/testwebsite.citygame.com\/wp-content\/blogs.dir\/1\/files\/sites\/62\/2026\/02\/queenstown-man-playing-sherlock-city-game-in-alley.jpg","width":1024,"height":1024,"caption":"A player uses his phone to solve a puzzle while exploring a narrow street in Queenstown."},{"@type":"BreadcrumbList","@id":"https:\/\/testwebsite.citygame.com\/cs\/games\/queenstown\/sherlock-holmes-queenstown\/#breadcrumb","itemListElement":[{"@type":"ListItem","position":1,"name":"Home","item":"https:\/\/testwebsite.citygame.com\/cs\/"},{"@type":"ListItem","position":2,"name":"Shop","item":"https:\/\/testwebsite.citygame.com\/shop\/"},{"@type":"ListItem","position":3,"name":"Sherlock Holmes Queenstown"}]},{"@type":"WebSite","@id":"https:\/\/testwebsite.upevents.nl\/#website","url":"https:\/\/testwebsite.upevents.nl\/","name":"City Game","description":"","publisher":{"@id":"https:\/\/testwebsite.upevents.nl\/#organization"},"alternateName":"citygame.com","potentialAction":[{"@type":"SearchAction","target":{"@type":"EntryPoint","urlTemplate":"https:\/\/testwebsite.upevents.nl\/?s={search_term_string}"},"query-input":{"@type":"PropertyValueSpecification","valueRequired":true,"valueName":"search_term_string"}}],"inLanguage":"cs"},{"@type":["Organization","Place"],"@id":"https:\/\/testwebsite.upevents.nl\/#organization","name":"City Game","alternateName":"citygame.com","url":"https:\/\/testwebsite.upevents.nl\/","logo":{"@id":"https:\/\/testwebsite.citygame.com\/cs\/games\/queenstown\/sherlock-holmes-queenstown\/#local-main-organization-logo"},"image":{"@id":"https:\/\/testwebsite.citygame.com\/cs\/games\/queenstown\/sherlock-holmes-queenstown\/#local-main-organization-logo"},"sameAs":["https:\/\/www.facebook.com\/profile.php?id=100086426226253","https:\/\/www.instagram.com\/citygame_com","https:\/\/www.tiktok.com\/@citygamecom\/","https:\/\/www.linkedin.com\/company\/citygame-com"],"description":"Turn any city into a playground with our interactive City Games and self-guided tours. Fun, flexible, and ideal for groups and team building.","telephone":[],"openingHoursSpecification":[{"@type":"OpeningHoursSpecification","dayOfWeek":["Monday","Tuesday","Wednesday","Thursday","Friday","Saturday","Sunday"],"opens":"09:00","closes":"17:00"}]},{"@type":"ImageObject","inLanguage":"cs","@id":"https:\/\/testwebsite.citygame.com\/cs\/games\/queenstown\/sherlock-holmes-queenstown\/#local-main-organization-logo","url":"https:\/\/testwebsite.citygame.com\/wp-content\/blogs.dir\/1\/files\/sites\/62\/2025\/10\/CG_LOGO-City-Game.png","contentUrl":"https:\/\/testwebsite.citygame.com\/wp-content\/blogs.dir\/1\/files\/sites\/62\/2025\/10\/CG_LOGO-City-Game.png","width":351,"height":377,"caption":"City Game"}]}},"taxonomy_info":{"game-concept":[{"value":768,"label":"Sherlock"}],"location":[{"value":338,"label":"Queenstown"}],"product_cat":[{"value":27,"label":"Geen categorie"}]},"featured_image_src_large":["https:\/\/testwebsite.citygame.com\/wp-content\/blogs.dir\/1\/files\/sites\/62\/2026\/02\/queenstown-man-playing-sherlock-city-game-in-alley.jpg",1024,1024,false],"author_info":[],"comment_info":"","_links":{"self":[{"href":"https:\/\/testwebsite.citygame.com\/cs\/wp-json\/wp\/v2\/product\/64958","targetHints":{"allow":["GET"]}}],"collection":[{"href":"https:\/\/testwebsite.citygame.com\/cs\/wp-json\/wp\/v2\/product"}],"about":[{"href":"https:\/\/testwebsite.citygame.com\/cs\/wp-json\/wp\/v2\/types\/product"}],"acf:post":[{"embeddable":true,"href":"https:\/\/testwebsite.citygame.com\/cs\/wp-json\/wp\/v2\/pages\/13121"}],"wp:featuredmedia":[{"embeddable":true,"href":"https:\/\/testwebsite.citygame.com\/cs\/wp-json\/wp\/v2\/media\/13123"}],"wp:attachment":[{"href":"https:\/\/testwebsite.citygame.com\/cs\/wp-json\/wp\/v2\/media?parent=64958"}],"wp:term":[{"taxonomy":"game-concept","embeddable":true,"href":"https:\/\/testwebsite.citygame.com\/cs\/wp-json\/wp\/v2\/game-concept?post=64958"},{"taxonomy":"location","embeddable":true,"href":"https:\/\/testwebsite.citygame.com\/cs\/wp-json\/wp\/v2\/location?post=64958"},{"taxonomy":"product_brand","embeddable":true,"href":"https:\/\/testwebsite.citygame.com\/cs\/wp-json\/wp\/v2\/product_brand?post=64958"},{"taxonomy":"product_cat","embeddable":true,"href":"https:\/\/testwebsite.citygame.com\/cs\/wp-json\/wp\/v2\/product_cat?post=64958"},{"taxonomy":"product_tag","embeddable":true,"href":"https:\/\/testwebsite.citygame.com\/cs\/wp-json\/wp\/v2\/product_tag?post=64958"}],"curies":[{"name":"wp","href":"https:\/\/api.w.org\/{rel}","templated":true}]}}