{"id":64740,"date":"2026-03-16T08:12:50","date_gmt":"2026-03-16T08:12:50","guid":{"rendered":"https:\/\/testwebsite.citygame.com\/games\/unknown-location\/secrets-of-cairns\/"},"modified":"2026-04-08T14:34:23","modified_gmt":"2026-04-08T14:34:23","slug":"secrets-of-cairns","status":"publish","type":"product","link":"https:\/\/testwebsite.citygame.com\/cs\/games\/cairns\/secrets-of-cairns\/","title":{"rendered":"Secrets of Cairns"},"content":{"rendered":"<p>Vydejte se na samostatnou, GPS-nav\u00e1d\u011bnou pr\u016fzkumnou hru v centru m\u011bsta Cairns s na\u0161\u00ed m\u011bstskou hrou &#8220;Secrets of Cairns&#8221;. Hr\u00e1\u010di objev\u00ed m\u011bsto jedine\u010dn\u00fdm a poutav\u00fdm zp\u016fsobem, pomoc\u00ed sv\u00fdch chytr\u00fdch telefon\u016f odhaluj\u00ed h\u00e1danky, r\u00e9busy a fotografick\u00e9 v\u00fdzvy, kter\u00e9 slou\u017e\u00ed jako zaj\u00edmav\u00e9 stopy k navigaci m\u011bstem. B\u011bhem t\u00e9to cesty se pono\u0159\u00ed do historie a kultury Cairns a odhal\u00ed skryt\u00e9 detaily, co\u017e dod\u00e1 jejich dobrodru\u017estv\u00ed hloubku. Tato hra je vhodn\u00e1 jak pro m\u00edstn\u00ed, kte\u0159\u00ed si cht\u011bj\u00ed u\u017e\u00edt z\u00e1bavn\u00fd den, tak pro zv\u011bdav\u00e9 n\u00e1v\u0161t\u011bvn\u00edky objevuj\u00edc\u00ed Cairns. Je ur\u010dena pro ka\u017ed\u00e9ho, od jednotlivc\u016f po p\u00e1ry, rodiny a skupiny p\u0159\u00e1tel, a poskytuje z\u00e1bavn\u00fd a interaktivn\u00ed z\u00e1\u017eitek v Cairns.<\/p>\n","protected":false},"excerpt":{"rendered":"<p>Pono\u0159te se do tropick\u00e9ho klidu Cairns! Pono\u0159te se do m\u011bsta, kde se de\u0161tn\u00fd prales potk\u00e1v\u00e1 s \u00fatesem, kde historie tan\u010d\u00ed s vlaj\u00edc\u00edmi palmami a n\u00e1dhern\u00fdm mo\u0159sk\u00fdm \u017eivotem. Odhalte tajemstv\u00ed, zat\u00edmco proch\u00e1z\u00edte jeho pulzuj\u00edc\u00edm tropick\u00fdm srdcem \u2013 Cairns je pokladnic\u00ed tajemstv\u00ed, kter\u00e1 \u010dekaj\u00ed na objeven\u00ed!<\/p>\n","protected":false},"featured_media":18918,"template":"","meta":{"_acf_changed":false,"_yoast_wpseo_focuskw":"Secrets of Cairns","_yoast_wpseo_metadesc":"Secrets of Cairns. Hrajte samostatnou m\u011bstskou hru a prozkoumejte m\u011bsto prost\u0159ednictv\u00edm h\u00e1danek, r\u00e9bus\u016f a v\u00fdzev. Hrajte sv\u00fdm vlastn\u00edm tempem a objevujte jako m\u00edstn\u00ed!","_kad_blocks_custom_css":"","_kad_blocks_head_custom_js":"","_kad_blocks_body_custom_js":"","_kad_blocks_footer_custom_js":"","ghostkit_customizer_options":"","ghostkit_custom_css":"","ghostkit_custom_js_head":"","ghostkit_custom_js_foot":"","ghostkit_typography":"","_kad_post_transparent":"","_kad_post_title":"","_kad_post_layout":"","_kad_post_sidebar_id":"","_kad_post_content_style":"","_kad_post_vertical_padding":"","_kad_post_feature":"","_kad_post_feature_position":"","_kad_post_header":false,"_kad_post_footer":false,"_kad_post_classname":"","_links_to":"","_links_to_target":""},"game-concept":[707],"location":[112],"product_brand":[],"product_cat":[27],"product_tag":[],"class_list":{"0":"post-64740","1":"product","2":"type-product","3":"status-publish","4":"has-post-thumbnail","6":"game-concept-secrets","7":"location-cairns","8":"product_cat-geen-categorie","10":"first","11":"instock","12":"shipping-taxable","13":"purchasable","14":"product-type-simple","15":"entry","16":"content-bg","17":"loop-entry"},"acf":{"full_bokun_product_name":"Self-Guided Secrets of Cairns Exploration Game","location_name":"Cairns","bokun_calendar_widget_code":"<script type=\"text\/javascript\" src=\"https:\/\/widgets.bokun.io\/assets\/javascripts\/apps\/build\/BokunWidgetsLoader.js?bookingChannelUUID=a1e93e96-5232-4734-a595-28405f4b5a31\" async><\/script>\n     \n    <div class=\"bokunWidget\" data-src=\"https:\/\/widgets.bokun.io\/online-sales\/a1e93e96-5232-4734-a595-28405f4b5a31\/experience-calendar\/887843\"><\/div>\n    <noscript>Please enable javascript in your browser to book<\/noscript>","bokun_button_widget_code":"<script type=\"text\/javascript\" src=\"https:\/\/widgets.bokun.io\/assets\/javascripts\/apps\/build\/BokunWidgetsLoader.js?bookingChannelUUID=a1e93e96-5232-4734-a595-28405f4b5a31\" async><\/script>\n      <style> #bokun_ed001e45_5927_4f62_b470_ca766338d083 { display: inline-block; padding: .4em 1em; background: #47b82e; border-radius: 999999px; box-shadow: none; font-weight: 600; font-size: 24px; text-decoration: none; text-align: center; color: #FFFFFF; border:none; cursor: pointer; transition: background .2s ease; } #bokun_ed001e45_5927_4f62_b470_ca766338d083:hover{ background: #2f7b1f; } #bokun_ed001e45_5927_4f62_b470_ca766338d083:active{ background: #378f24; } <\/style> <button class=\"bokunButton\" disabled id=bokun_ed001e45_5927_4f62_b470_ca766338d083 data-src=\"https:\/\/widgets.bokun.io\/online-sales\/a1e93e96-5232-4734-a595-28405f4b5a31\/experience-calendar\/887843?partialView=1\" data-testid=\"widget-book-button\" > Book now <\/button> ","what_you\u2019ll_experience_during_the_game":"Pono\u0159te se do \u017eiv\u00e9 atmosf\u00e9ry Cairns, zat\u00edmco prozkoum\u00e1v\u00e1te jeho podmaniv\u00e9 kouty v na\u0161\u00ed m\u011bstsk\u00e9 h\u0159e. Spojen\u00ed prohl\u00eddky pam\u00e1tek s poutav\u00fdm vypr\u00e1v\u011bn\u00edm a interaktivn\u00edmi v\u00fdzvami, na\u0161e pr\u016fzkumn\u00e1 hra proch\u00e1z\u00ed ikonick\u00fdmi i zd\u00e1nliv\u011b neobjeven\u00fdmi \u010d\u00e1stmi m\u011bsta. U\u017eijte si n\u00e1hodnou prohl\u00eddku, od d\u00fdch\u00e1n\u00ed panoramatick\u00fdch v\u00fdhled\u016f v p\u0159\u00edstavu, p\u0159es odhalov\u00e1n\u00ed historicky bohat\u00e9ho centra m\u011bsta, a\u017e po p\u0159ekvapiv\u00e9 kulturn\u00ed koutky ukryt\u00e9 v jeho ulic\u00edch. B\u011bhem va\u0161\u00ed cesty tyto vrcholy nejsou jen m\u00edsta; st\u00e1vaj\u00ed se nezapomenuteln\u00fdmi z\u00e1\u017eitky, kter\u00e9 odhaluj\u00ed mystick\u00e9 kouzlo Cairns. \n\nS h\u00e1dankami k rozlu\u0161t\u011bn\u00ed, r\u00e9busy k vy\u0159e\u0161en\u00ed, ot\u00e1zkami k zodpov\u011bzen\u00ed a kreativn\u00edmi fotografick\u00fdmi v\u00fdzvami, na\u0161e m\u011bstsk\u00e1 hra p\u0159id\u00e1v\u00e1 prvky vzru\u0161en\u00ed a \u00fa\u017easu k va\u0161emu prozkoum\u00e1v\u00e1n\u00ed Cairns. Tyto v\u00fdzvy poskytuj\u00ed hr\u00e1\u010d\u016fm jedine\u010dn\u00e9 p\u0159\u00edle\u017eitosti k z\u00edsk\u00e1n\u00ed bod\u016f, odemknut\u00ed n\u00e1pov\u011bd a pokra\u010dov\u00e1n\u00ed k odhalen\u00ed z\u00e1v\u011bre\u010dn\u00e9 z\u00e1hady, co\u017e zajist\u00ed, \u017ee va\u0161e prohl\u00eddka bude daleko od nudy, ale z\u00e1rove\u0148 daleko od odhalen\u00ed jak\u00fdchkoli kl\u00ed\u010dov\u00fdch detail\u016f p\u0159\u00edb\u011bhu. Pokud si p\u0159ejete, hra nab\u00edz\u00ed flexibilitu zastavit se kdykoli a pokra\u010dovat, kdykoli budete cht\u00edt. Sout\u011b\u017eiv\u00ed hr\u00e1\u010di nebo t\u00fdmy, pro extra d\u00e1vku vzru\u0161en\u00ed, se mohou sna\u017eit zajistit si nejvy\u0161\u0161\u00ed um\u00edst\u011bn\u00ed na \u017eeb\u0159\u00ed\u010dku m\u011bstsk\u00e9 hry. Pono\u0159te se do nezn\u00e1m\u00e9ho Cairns, p\u0159ijm\u011bte z\u00e1hadu a vytvo\u0159te si sv\u00e9 vlastn\u00ed m\u011bstsk\u00e9 dobrodru\u017estv\u00ed.","how_to_play":"Zarezervujte si pr\u016fzkumnou hru, zkontrolujte e-mail, kter\u00fd v\u00e1m za\u0161leme s jednoduch\u00fdmi instrukcemi, st\u00e1hn\u011bte si aplikaci Loquiz, p\u0159istupte k pr\u016fzkumn\u00e9 h\u0159e a jste p\u0159ipraveni za\u010d\u00edt sv\u016fj hern\u00ed z\u00e1\u017eitek!","start_location":"Cairns, Shields Street","available_languages":["en"],"players_per_group":"1-4","duration":"1.5-2 hours","image_overlay_color_image":"https:\/\/testwebsite.citygame.com\/wp-content\/blogs.dir\/1\/files\/sites\/62\/2026\/01\/SecretsColor.svg","image_overlay_game_logo":"https:\/\/testwebsite.citygame.com\/wp-content\/blogs.dir\/1\/files\/sites\/62\/2026\/01\/SecretsLogo.png","city_page":15185,"woocommerce_general_content":null},"yoast_head":"<!-- This site is optimized with the Yoast SEO Premium plugin v26.2 (Yoast SEO v26.3) - https:\/\/yoast.com\/wordpress\/plugins\/seo\/ -->\n<title>Secrets of Cairns - City Game<\/title>\n<meta name=\"description\" content=\"Secrets of Cairns. Hrajte samostatnou m\u011bstskou hru a prozkoumejte m\u011bsto prost\u0159ednictv\u00edm h\u00e1danek, r\u00e9bus\u016f a v\u00fdzev. Hrajte sv\u00fdm vlastn\u00edm tempem a objevujte jako m\u00edstn\u00ed!\" \/>\n<meta name=\"robots\" content=\"noindex, follow, max-snippet:-1, max-image-preview:large, max-video-preview:-1\" \/>\n<meta property=\"og:locale\" content=\"cs_CZ\" \/>\n<meta property=\"og:type\" content=\"article\" \/>\n<meta property=\"og:title\" content=\"Secrets of Cairns\" \/>\n<meta property=\"og:description\" content=\"Secrets of Cairns. Hrajte samostatnou m\u011bstskou hru a prozkoumejte m\u011bsto prost\u0159ednictv\u00edm h\u00e1danek, r\u00e9bus\u016f a v\u00fdzev. Hrajte sv\u00fdm vlastn\u00edm tempem a objevujte jako m\u00edstn\u00ed!\" \/>\n<meta property=\"og:url\" content=\"https:\/\/testwebsite.citygame.com\/cs\/games\/cairns\/secrets-of-cairns\/\" \/>\n<meta property=\"og:site_name\" content=\"City Game\" \/>\n<meta property=\"article:publisher\" content=\"https:\/\/www.facebook.com\/profile.php?id=100086426226253\" \/>\n<meta property=\"article:modified_time\" content=\"2026-04-08T14:34:23+00:00\" \/>\n<meta property=\"og:image\" content=\"https:\/\/testwebsite.citygame.com\/wp-content\/blogs.dir\/1\/files\/sites\/62\/2026\/03\/man-playing-city-game-st-john-church-cairns.jpg\" \/>\n\t<meta property=\"og:image:width\" content=\"1024\" \/>\n\t<meta property=\"og:image:height\" content=\"1024\" \/>\n\t<meta property=\"og:image:type\" content=\"image\/jpeg\" \/>\n<meta name=\"twitter:card\" content=\"summary_large_image\" \/>\n<meta name=\"twitter:label1\" content=\"Odhadovan\u00e1 doba \u010dten\u00ed\" \/>\n\t<meta name=\"twitter:data1\" content=\"1 minuta\" \/>\n<script type=\"application\/ld+json\" class=\"yoast-schema-graph\">{\"@context\":\"https:\/\/schema.org\",\"@graph\":[{\"@type\":\"WebPage\",\"@id\":\"https:\/\/testwebsite.citygame.com\/cs\/games\/cairns\/secrets-of-cairns\/\",\"url\":\"https:\/\/testwebsite.citygame.com\/cs\/games\/cairns\/secrets-of-cairns\/\",\"name\":\"Secrets of Cairns - City Game\",\"isPartOf\":{\"@id\":\"https:\/\/testwebsite.upevents.nl\/#website\"},\"primaryImageOfPage\":{\"@id\":\"https:\/\/testwebsite.citygame.com\/cs\/games\/cairns\/secrets-of-cairns\/#primaryimage\"},\"image\":{\"@id\":\"https:\/\/testwebsite.citygame.com\/cs\/games\/cairns\/secrets-of-cairns\/#primaryimage\"},\"thumbnailUrl\":\"https:\/\/testwebsite.citygame.com\/wp-content\/blogs.dir\/1\/files\/sites\/62\/2026\/03\/man-playing-city-game-st-john-church-cairns.jpg\",\"datePublished\":\"2026-03-16T08:12:50+00:00\",\"dateModified\":\"2026-04-08T14:34:23+00:00\",\"description\":\"Secrets of Cairns. Hrajte samostatnou m\u011bstskou hru a prozkoumejte m\u011bsto prost\u0159ednictv\u00edm h\u00e1danek, r\u00e9bus\u016f a v\u00fdzev. Hrajte sv\u00fdm vlastn\u00edm tempem a objevujte jako m\u00edstn\u00ed!\",\"breadcrumb\":{\"@id\":\"https:\/\/testwebsite.citygame.com\/cs\/games\/cairns\/secrets-of-cairns\/#breadcrumb\"},\"inLanguage\":\"cs\",\"potentialAction\":[{\"@type\":\"ReadAction\",\"target\":[\"https:\/\/testwebsite.citygame.com\/cs\/games\/cairns\/secrets-of-cairns\/\"]}]},{\"@type\":\"ImageObject\",\"inLanguage\":\"cs\",\"@id\":\"https:\/\/testwebsite.citygame.com\/cs\/games\/cairns\/secrets-of-cairns\/#primaryimage\",\"url\":\"https:\/\/testwebsite.citygame.com\/wp-content\/blogs.dir\/1\/files\/sites\/62\/2026\/03\/man-playing-city-game-st-john-church-cairns.jpg\",\"contentUrl\":\"https:\/\/testwebsite.citygame.com\/wp-content\/blogs.dir\/1\/files\/sites\/62\/2026\/03\/man-playing-city-game-st-john-church-cairns.jpg\",\"width\":1024,\"height\":1024,\"caption\":\"A player stands across the street from the St. John the Baptist Greek Orthodox Church in Cairns.\"},{\"@type\":\"BreadcrumbList\",\"@id\":\"https:\/\/testwebsite.citygame.com\/cs\/games\/cairns\/secrets-of-cairns\/#breadcrumb\",\"itemListElement\":[{\"@type\":\"ListItem\",\"position\":1,\"name\":\"Home\",\"item\":\"https:\/\/testwebsite.citygame.com\/cs\/\"},{\"@type\":\"ListItem\",\"position\":2,\"name\":\"Shop\",\"item\":\"https:\/\/testwebsite.citygame.com\/shop\/\"},{\"@type\":\"ListItem\",\"position\":3,\"name\":\"Secrets of Cairns\"}]},{\"@type\":\"WebSite\",\"@id\":\"https:\/\/testwebsite.upevents.nl\/#website\",\"url\":\"https:\/\/testwebsite.upevents.nl\/\",\"name\":\"City Game\",\"description\":\"\",\"publisher\":{\"@id\":\"https:\/\/testwebsite.upevents.nl\/#organization\"},\"alternateName\":\"citygame.com\",\"potentialAction\":[{\"@type\":\"SearchAction\",\"target\":{\"@type\":\"EntryPoint\",\"urlTemplate\":\"https:\/\/testwebsite.upevents.nl\/?s={search_term_string}\"},\"query-input\":{\"@type\":\"PropertyValueSpecification\",\"valueRequired\":true,\"valueName\":\"search_term_string\"}}],\"inLanguage\":\"cs\"},{\"@type\":[\"Organization\",\"Place\"],\"@id\":\"https:\/\/testwebsite.upevents.nl\/#organization\",\"name\":\"City Game\",\"alternateName\":\"citygame.com\",\"url\":\"https:\/\/testwebsite.upevents.nl\/\",\"logo\":{\"@id\":\"https:\/\/testwebsite.citygame.com\/cs\/games\/cairns\/secrets-of-cairns\/#local-main-organization-logo\"},\"image\":{\"@id\":\"https:\/\/testwebsite.citygame.com\/cs\/games\/cairns\/secrets-of-cairns\/#local-main-organization-logo\"},\"sameAs\":[\"https:\/\/www.facebook.com\/profile.php?id=100086426226253\",\"https:\/\/www.instagram.com\/citygame_com\",\"https:\/\/www.tiktok.com\/@citygamecom\/\",\"https:\/\/www.linkedin.com\/company\/citygame-com\"],\"description\":\"Turn any city into a playground with our interactive City Games and self-guided tours. Fun, flexible, and ideal for groups and team building.\",\"telephone\":[],\"openingHoursSpecification\":[{\"@type\":\"OpeningHoursSpecification\",\"dayOfWeek\":[\"Monday\",\"Tuesday\",\"Wednesday\",\"Thursday\",\"Friday\",\"Saturday\",\"Sunday\"],\"opens\":\"09:00\",\"closes\":\"17:00\"}]},{\"@type\":\"ImageObject\",\"inLanguage\":\"cs\",\"@id\":\"https:\/\/testwebsite.citygame.com\/cs\/games\/cairns\/secrets-of-cairns\/#local-main-organization-logo\",\"url\":\"https:\/\/testwebsite.citygame.com\/wp-content\/blogs.dir\/1\/files\/sites\/62\/2025\/10\/CG_LOGO-City-Game.png\",\"contentUrl\":\"https:\/\/testwebsite.citygame.com\/wp-content\/blogs.dir\/1\/files\/sites\/62\/2025\/10\/CG_LOGO-City-Game.png\",\"width\":351,\"height\":377,\"caption\":\"City Game\"}]}<\/script>\n<!-- \/ Yoast SEO Premium plugin. -->","yoast_head_json":{"title":"Secrets of Cairns - City Game","description":"Secrets of Cairns. Hrajte samostatnou m\u011bstskou hru a prozkoumejte m\u011bsto prost\u0159ednictv\u00edm h\u00e1danek, r\u00e9bus\u016f a v\u00fdzev. Hrajte sv\u00fdm vlastn\u00edm tempem a objevujte jako m\u00edstn\u00ed!","robots":{"index":"noindex","follow":"follow","max-snippet":"max-snippet:-1","max-image-preview":"max-image-preview:large","max-video-preview":"max-video-preview:-1"},"og_locale":"cs_CZ","og_type":"article","og_title":"Secrets of Cairns","og_description":"Secrets of Cairns. Hrajte samostatnou m\u011bstskou hru a prozkoumejte m\u011bsto prost\u0159ednictv\u00edm h\u00e1danek, r\u00e9bus\u016f a v\u00fdzev. Hrajte sv\u00fdm vlastn\u00edm tempem a objevujte jako m\u00edstn\u00ed!","og_url":"https:\/\/testwebsite.citygame.com\/cs\/games\/cairns\/secrets-of-cairns\/","og_site_name":"City Game","article_publisher":"https:\/\/www.facebook.com\/profile.php?id=100086426226253","article_modified_time":"2026-04-08T14:34:23+00:00","og_image":[{"width":1024,"height":1024,"url":"https:\/\/testwebsite.citygame.com\/wp-content\/blogs.dir\/1\/files\/sites\/62\/2026\/03\/man-playing-city-game-st-john-church-cairns.jpg","type":"image\/jpeg"}],"twitter_card":"summary_large_image","twitter_misc":{"Odhadovan\u00e1 doba \u010dten\u00ed":"1 minuta"},"schema":{"@context":"https:\/\/schema.org","@graph":[{"@type":"WebPage","@id":"https:\/\/testwebsite.citygame.com\/cs\/games\/cairns\/secrets-of-cairns\/","url":"https:\/\/testwebsite.citygame.com\/cs\/games\/cairns\/secrets-of-cairns\/","name":"Secrets of Cairns - City Game","isPartOf":{"@id":"https:\/\/testwebsite.upevents.nl\/#website"},"primaryImageOfPage":{"@id":"https:\/\/testwebsite.citygame.com\/cs\/games\/cairns\/secrets-of-cairns\/#primaryimage"},"image":{"@id":"https:\/\/testwebsite.citygame.com\/cs\/games\/cairns\/secrets-of-cairns\/#primaryimage"},"thumbnailUrl":"https:\/\/testwebsite.citygame.com\/wp-content\/blogs.dir\/1\/files\/sites\/62\/2026\/03\/man-playing-city-game-st-john-church-cairns.jpg","datePublished":"2026-03-16T08:12:50+00:00","dateModified":"2026-04-08T14:34:23+00:00","description":"Secrets of Cairns. Hrajte samostatnou m\u011bstskou hru a prozkoumejte m\u011bsto prost\u0159ednictv\u00edm h\u00e1danek, r\u00e9bus\u016f a v\u00fdzev. Hrajte sv\u00fdm vlastn\u00edm tempem a objevujte jako m\u00edstn\u00ed!","breadcrumb":{"@id":"https:\/\/testwebsite.citygame.com\/cs\/games\/cairns\/secrets-of-cairns\/#breadcrumb"},"inLanguage":"cs","potentialAction":[{"@type":"ReadAction","target":["https:\/\/testwebsite.citygame.com\/cs\/games\/cairns\/secrets-of-cairns\/"]}]},{"@type":"ImageObject","inLanguage":"cs","@id":"https:\/\/testwebsite.citygame.com\/cs\/games\/cairns\/secrets-of-cairns\/#primaryimage","url":"https:\/\/testwebsite.citygame.com\/wp-content\/blogs.dir\/1\/files\/sites\/62\/2026\/03\/man-playing-city-game-st-john-church-cairns.jpg","contentUrl":"https:\/\/testwebsite.citygame.com\/wp-content\/blogs.dir\/1\/files\/sites\/62\/2026\/03\/man-playing-city-game-st-john-church-cairns.jpg","width":1024,"height":1024,"caption":"A player stands across the street from the St. John the Baptist Greek Orthodox Church in Cairns."},{"@type":"BreadcrumbList","@id":"https:\/\/testwebsite.citygame.com\/cs\/games\/cairns\/secrets-of-cairns\/#breadcrumb","itemListElement":[{"@type":"ListItem","position":1,"name":"Home","item":"https:\/\/testwebsite.citygame.com\/cs\/"},{"@type":"ListItem","position":2,"name":"Shop","item":"https:\/\/testwebsite.citygame.com\/shop\/"},{"@type":"ListItem","position":3,"name":"Secrets of Cairns"}]},{"@type":"WebSite","@id":"https:\/\/testwebsite.upevents.nl\/#website","url":"https:\/\/testwebsite.upevents.nl\/","name":"City Game","description":"","publisher":{"@id":"https:\/\/testwebsite.upevents.nl\/#organization"},"alternateName":"citygame.com","potentialAction":[{"@type":"SearchAction","target":{"@type":"EntryPoint","urlTemplate":"https:\/\/testwebsite.upevents.nl\/?s={search_term_string}"},"query-input":{"@type":"PropertyValueSpecification","valueRequired":true,"valueName":"search_term_string"}}],"inLanguage":"cs"},{"@type":["Organization","Place"],"@id":"https:\/\/testwebsite.upevents.nl\/#organization","name":"City Game","alternateName":"citygame.com","url":"https:\/\/testwebsite.upevents.nl\/","logo":{"@id":"https:\/\/testwebsite.citygame.com\/cs\/games\/cairns\/secrets-of-cairns\/#local-main-organization-logo"},"image":{"@id":"https:\/\/testwebsite.citygame.com\/cs\/games\/cairns\/secrets-of-cairns\/#local-main-organization-logo"},"sameAs":["https:\/\/www.facebook.com\/profile.php?id=100086426226253","https:\/\/www.instagram.com\/citygame_com","https:\/\/www.tiktok.com\/@citygamecom\/","https:\/\/www.linkedin.com\/company\/citygame-com"],"description":"Turn any city into a playground with our interactive City Games and self-guided tours. Fun, flexible, and ideal for groups and team building.","telephone":[],"openingHoursSpecification":[{"@type":"OpeningHoursSpecification","dayOfWeek":["Monday","Tuesday","Wednesday","Thursday","Friday","Saturday","Sunday"],"opens":"09:00","closes":"17:00"}]},{"@type":"ImageObject","inLanguage":"cs","@id":"https:\/\/testwebsite.citygame.com\/cs\/games\/cairns\/secrets-of-cairns\/#local-main-organization-logo","url":"https:\/\/testwebsite.citygame.com\/wp-content\/blogs.dir\/1\/files\/sites\/62\/2025\/10\/CG_LOGO-City-Game.png","contentUrl":"https:\/\/testwebsite.citygame.com\/wp-content\/blogs.dir\/1\/files\/sites\/62\/2025\/10\/CG_LOGO-City-Game.png","width":351,"height":377,"caption":"City Game"}]}},"taxonomy_info":{"game-concept":[{"value":707,"label":"Secrets"}],"location":[{"value":112,"label":"Cairns"}],"product_cat":[{"value":27,"label":"Geen categorie"}]},"featured_image_src_large":["https:\/\/testwebsite.citygame.com\/wp-content\/blogs.dir\/1\/files\/sites\/62\/2026\/03\/man-playing-city-game-st-john-church-cairns.jpg",1024,1024,false],"author_info":[],"comment_info":"","_links":{"self":[{"href":"https:\/\/testwebsite.citygame.com\/cs\/wp-json\/wp\/v2\/product\/64740","targetHints":{"allow":["GET"]}}],"collection":[{"href":"https:\/\/testwebsite.citygame.com\/cs\/wp-json\/wp\/v2\/product"}],"about":[{"href":"https:\/\/testwebsite.citygame.com\/cs\/wp-json\/wp\/v2\/types\/product"}],"acf:post":[{"embeddable":true,"href":"https:\/\/testwebsite.citygame.com\/cs\/wp-json\/wp\/v2\/pages\/15185"}],"wp:featuredmedia":[{"embeddable":true,"href":"https:\/\/testwebsite.citygame.com\/cs\/wp-json\/wp\/v2\/media\/18918"}],"wp:attachment":[{"href":"https:\/\/testwebsite.citygame.com\/cs\/wp-json\/wp\/v2\/media?parent=64740"}],"wp:term":[{"taxonomy":"game-concept","embeddable":true,"href":"https:\/\/testwebsite.citygame.com\/cs\/wp-json\/wp\/v2\/game-concept?post=64740"},{"taxonomy":"location","embeddable":true,"href":"https:\/\/testwebsite.citygame.com\/cs\/wp-json\/wp\/v2\/location?post=64740"},{"taxonomy":"product_brand","embeddable":true,"href":"https:\/\/testwebsite.citygame.com\/cs\/wp-json\/wp\/v2\/product_brand?post=64740"},{"taxonomy":"product_cat","embeddable":true,"href":"https:\/\/testwebsite.citygame.com\/cs\/wp-json\/wp\/v2\/product_cat?post=64740"},{"taxonomy":"product_tag","embeddable":true,"href":"https:\/\/testwebsite.citygame.com\/cs\/wp-json\/wp\/v2\/product_tag?post=64740"}],"curies":[{"name":"wp","href":"https:\/\/api.w.org\/{rel}","templated":true}]}}