{"id":64697,"date":"2026-02-06T11:54:32","date_gmt":"2026-02-06T11:54:32","guid":{"rendered":"https:\/\/testwebsite.citygame.com\/games\/unknown-location\/sherlock-holmes-puerto-princesa\/"},"modified":"2026-04-08T14:28:51","modified_gmt":"2026-04-08T14:28:51","slug":"sherlock-holmes-puerto-princesa","status":"publish","type":"product","link":"https:\/\/testwebsite.citygame.com\/cs\/games\/puerto-princesa\/sherlock-holmes-puerto-princesa\/","title":{"rendered":"Sherlock Holmes Puerto Princesa"},"content":{"rendered":"<p>Vstupte do sv\u011bta Sherlocka Holmese s touto samostatn\u011b hranou, p\u0159\u00edb\u011bhovou detektivn\u00ed hrou City Game, zasazenou do centra m\u011bsta Puerto Princesa. Jak se m\u011bsto prom\u011b\u0148uje v kulisu pro rozv\u00edjej\u00edc\u00ed se vy\u0161et\u0159ov\u00e1n\u00ed, budete sledovat poutav\u00fd p\u0159\u00edb\u011bh spojen\u00fd s vra\u017edou b\u011bhem Festivalu svobody. Sb\u00edrejte stopy, \u0159e\u0161te slo\u017eit\u00e9 h\u00e1danky a vysl\u00fdchejte digit\u00e1ln\u00ed podez\u0159el\u00e9 sv\u00fdm vlastn\u00edm tempem, to v\u0161e p\u0159i pono\u0159en\u00ed se do role detektiva v bohat\u011b atmosf\u00e9rick\u00e9 z\u00e1had\u011b.<\/p>\n","protected":false},"excerpt":{"rendered":"<p>V\u017eijte se do role Sherlocka Holmese v t\u00e9to poutav\u00e9, samostatn\u011b hran\u00e9 detektivn\u00ed z\u00e1had\u011b zasazen\u00e9 do Puerto Princesa. Spole\u010dn\u011b se sv\u00fdm t\u00fdmem se pono\u0159\u00edte do srdce m\u011bsta, budete sledovat prchav\u00e9 stopy, lu\u0161tit n\u00e1ro\u010dn\u00e9 h\u00e1danky a ne\u00fanavn\u011b pracovat na odhalen\u00ed pravdy \u2013 hra za\u010d\u00edn\u00e1!<\/p>\n","protected":false},"featured_media":11249,"template":"","meta":{"_acf_changed":false,"_yoast_wpseo_focuskw":"Sherlock Holmes Puerto Princesa","_yoast_wpseo_metadesc":"Sherlock Holmes Puerto Princesa. Zahrajte si samostatn\u011b hranou detektivn\u00ed hru City Game, \u0159e\u0161te h\u00e1danky, sledujte stopy a odhalte vraha sv\u00fdm vlastn\u00edm tempem!","_kad_blocks_custom_css":"","_kad_blocks_head_custom_js":"","_kad_blocks_body_custom_js":"","_kad_blocks_footer_custom_js":"","ghostkit_customizer_options":"","ghostkit_custom_css":"","ghostkit_custom_js_head":"","ghostkit_custom_js_foot":"","ghostkit_typography":"","_kad_post_transparent":"","_kad_post_title":"","_kad_post_layout":"","_kad_post_sidebar_id":"","_kad_post_content_style":"","_kad_post_vertical_padding":"","_kad_post_feature":"","_kad_post_feature_position":"","_kad_post_header":false,"_kad_post_footer":false,"_kad_post_classname":"","_links_to":"","_links_to_target":""},"game-concept":[768],"location":[335],"product_brand":[],"product_cat":[27],"product_tag":[],"class_list":{"0":"post-64697","1":"product","2":"type-product","3":"status-publish","4":"has-post-thumbnail","6":"game-concept-sherlock","7":"location-puerto-princesa","8":"product_cat-geen-categorie","10":"first","11":"instock","12":"shipping-taxable","13":"purchasable","14":"product-type-simple","15":"entry","16":"content-bg","17":"loop-entry"},"acf":{"full_bokun_product_name":"Puerto Princesa Self-Guided Sherlock Holmes Murder Mystery Game","location_name":"Puerto Princesa","bokun_calendar_widget_code":"<script type=\"text\/javascript\" src=\"https:\/\/widgets.bokun.io\/assets\/javascripts\/apps\/build\/BokunWidgetsLoader.js?bookingChannelUUID=a1e93e96-5232-4734-a595-28405f4b5a31\" async><\/script>\n     \n    <div class=\"bokunWidget\" data-src=\"https:\/\/widgets.bokun.io\/online-sales\/a1e93e96-5232-4734-a595-28405f4b5a31\/experience-calendar\/734179\"><\/div>\n    <noscript>Please enable javascript in your browser to book<\/noscript>","bokun_button_widget_code":"<script type=\"text\/javascript\" src=\"https:\/\/widgets.bokun.io\/assets\/javascripts\/apps\/build\/BokunWidgetsLoader.js?bookingChannelUUID=a1e93e96-5232-4734-a595-28405f4b5a31\" async><\/script>\n      <style> #bokun_ed001e45_5927_4f62_b470_ca766338d083 { display: inline-block; padding: .4em 1em; background: #47b82e; border-radius: 999999px; box-shadow: none; font-weight: 600; font-size: 24px; text-decoration: none; text-align: center; color: #FFFFFF; border:none; cursor: pointer; transition: background .2s ease; } #bokun_ed001e45_5927_4f62_b470_ca766338d083:hover{ background: #2f7b1f; } #bokun_ed001e45_5927_4f62_b470_ca766338d083:active{ background: #378f24; } <\/style> <button class=\"bokunButton\" disabled id=bokun_ed001e45_5927_4f62_b470_ca766338d083 data-src=\"https:\/\/widgets.bokun.io\/online-sales\/a1e93e96-5232-4734-a595-28405f4b5a31\/experience-calendar\/734179?partialView=1\" data-testid=\"widget-book-button\" > Book now <\/button> ","what_you\u2019ll_experience_during_the_game":"Vstupte do poutav\u00e9ho detektivn\u00edho p\u0159\u00edb\u011bhu zasazen\u00e9ho do ulic Puerto Princesa, kde vra\u017eda b\u011bhem Festivalu svobody zanechala m\u011bsto v \u0161oku. Jak se vy\u0161et\u0159ov\u00e1n\u00ed rozv\u00edj\u00ed kolem v\u00e1s, ka\u017ed\u00e1 lokace odhaluje nov\u00e9 vrstvy z\u00e1hady, vtahuj\u00edc\u00ed v\u00e1s hloub\u011bji do pln\u011b p\u0159\u00edb\u011bhov\u00e9ho z\u00e1\u017eitku formovan\u00e9ho va\u0161imi volbami a post\u0159ehy. Odhal\u00edte skryt\u00e9 stopy, vy\u0159e\u0161\u00edte slo\u017eit\u00e9 h\u00e1danky a \u010del\u00edte ne\u010dekan\u00fdm zvrat\u016fm, zat\u00edmco vysl\u00fdch\u00e1te digit\u00e1ln\u00ed podez\u0159el\u00e9 a pe\u010dliv\u011b zkoum\u00e1te jejich alibi na nesrovnalosti. K rozlu\u0161t\u011bn\u00ed p\u0159\u00edpadu budete pot\u0159ebovat bystr\u00e9 pozorov\u00e1n\u00ed, kritick\u00e9 my\u0161len\u00ed a pronikav\u00fd deduktivn\u00ed instinkt. A\u0165 u\u017e pracujete sami nebo v t\u00fdmech z\u00e1vod\u00edc\u00edch o to, kdo to vy\u0159e\u0161\u00ed prvn\u00ed, z\u00e1\u017eitek se p\u0159izp\u016fsob\u00ed va\u0161emu tempu. Kdykoli si ud\u011blejte pauzu, pokra\u010dujte tam, kde jste p\u0159estali, a nechte z\u00e1hadu v\u00e9st va\u0161e kroky skrz Puerto Princesa. Pravda tam venku \u010dek\u00e1 \u2014 je na v\u00e1s, abyste ji odhalili.","how_to_play":"Pracujte sami nebo s p\u0159\u00e1teli, rodinou \u010di kolegy v t\u00fdmech a\u017e \u010dty\u0159 osob na jedno za\u0159\u00edzen\u00ed. Po rezervaci obdr\u017e\u00edte e-mail s pokyny se v\u0161\u00edm, co pot\u0159ebujete.","start_location":"Puerto Princesa, Puerto Princesa Sign","available_languages":["en","es","fr","de","it","nl"],"players_per_group":"1-4","duration":"1.5-2 hours","image_overlay_color_image":"https:\/\/testwebsite.citygame.com\/wp-content\/blogs.dir\/1\/files\/sites\/62\/2026\/01\/SherlockColor.svg","image_overlay_game_logo":"https:\/\/testwebsite.citygame.com\/wp-content\/blogs.dir\/1\/files\/sites\/62\/2026\/01\/SherlockLogo.png","city_page":11247,"woocommerce_general_content":null},"yoast_head":"<!-- This site is optimized with the Yoast SEO Premium plugin v26.2 (Yoast SEO v26.3) - https:\/\/yoast.com\/wordpress\/plugins\/seo\/ -->\n<title>Sherlock Holmes Puerto Princesa - City Game<\/title>\n<meta name=\"description\" content=\"Sherlock Holmes Puerto Princesa. Zahrajte si samostatn\u011b hranou detektivn\u00ed hru City Game, \u0159e\u0161te h\u00e1danky, sledujte stopy a odhalte vraha sv\u00fdm vlastn\u00edm tempem!\" \/>\n<meta name=\"robots\" content=\"noindex, follow, max-snippet:-1, max-image-preview:large, max-video-preview:-1\" \/>\n<meta property=\"og:locale\" content=\"cs_CZ\" \/>\n<meta property=\"og:type\" content=\"article\" \/>\n<meta property=\"og:title\" content=\"Sherlock Holmes Puerto Princesa\" \/>\n<meta property=\"og:description\" content=\"Sherlock Holmes Puerto Princesa. Zahrajte si samostatn\u011b hranou detektivn\u00ed hru City Game, \u0159e\u0161te h\u00e1danky, sledujte stopy a odhalte vraha sv\u00fdm vlastn\u00edm tempem!\" \/>\n<meta property=\"og:url\" content=\"https:\/\/testwebsite.citygame.com\/cs\/games\/puerto-princesa\/sherlock-holmes-puerto-princesa\/\" \/>\n<meta property=\"og:site_name\" content=\"City Game\" \/>\n<meta property=\"article:publisher\" content=\"https:\/\/www.facebook.com\/profile.php?id=100086426226253\" \/>\n<meta property=\"article:modified_time\" content=\"2026-04-08T14:28:51+00:00\" \/>\n<meta property=\"og:image\" content=\"https:\/\/testwebsite.citygame.com\/wp-content\/blogs.dir\/1\/files\/sites\/62\/2026\/02\/sherlock-game-players-smartphone-cobblestone-street.jpg\" \/>\n\t<meta property=\"og:image:width\" content=\"1344\" \/>\n\t<meta property=\"og:image:height\" content=\"768\" \/>\n\t<meta property=\"og:image:type\" content=\"image\/jpeg\" \/>\n<meta name=\"twitter:card\" content=\"summary_large_image\" \/>\n<script type=\"application\/ld+json\" class=\"yoast-schema-graph\">{\"@context\":\"https:\/\/schema.org\",\"@graph\":[{\"@type\":\"WebPage\",\"@id\":\"https:\/\/testwebsite.citygame.com\/cs\/games\/puerto-princesa\/sherlock-holmes-puerto-princesa\/\",\"url\":\"https:\/\/testwebsite.citygame.com\/cs\/games\/puerto-princesa\/sherlock-holmes-puerto-princesa\/\",\"name\":\"Sherlock Holmes Puerto Princesa - City Game\",\"isPartOf\":{\"@id\":\"https:\/\/testwebsite.upevents.nl\/#website\"},\"primaryImageOfPage\":{\"@id\":\"https:\/\/testwebsite.citygame.com\/cs\/games\/puerto-princesa\/sherlock-holmes-puerto-princesa\/#primaryimage\"},\"image\":{\"@id\":\"https:\/\/testwebsite.citygame.com\/cs\/games\/puerto-princesa\/sherlock-holmes-puerto-princesa\/#primaryimage\"},\"thumbnailUrl\":\"https:\/\/testwebsite.citygame.com\/wp-content\/blogs.dir\/1\/files\/sites\/62\/2026\/02\/sherlock-game-players-smartphone-cobblestone-street.jpg\",\"datePublished\":\"2026-02-06T11:54:32+00:00\",\"dateModified\":\"2026-04-08T14:28:51+00:00\",\"description\":\"Sherlock Holmes Puerto Princesa. Zahrajte si samostatn\u011b hranou detektivn\u00ed hru City Game, \u0159e\u0161te h\u00e1danky, sledujte stopy a odhalte vraha sv\u00fdm vlastn\u00edm tempem!\",\"breadcrumb\":{\"@id\":\"https:\/\/testwebsite.citygame.com\/cs\/games\/puerto-princesa\/sherlock-holmes-puerto-princesa\/#breadcrumb\"},\"inLanguage\":\"cs\",\"potentialAction\":[{\"@type\":\"ReadAction\",\"target\":[\"https:\/\/testwebsite.citygame.com\/cs\/games\/puerto-princesa\/sherlock-holmes-puerto-princesa\/\"]}]},{\"@type\":\"ImageObject\",\"inLanguage\":\"cs\",\"@id\":\"https:\/\/testwebsite.citygame.com\/cs\/games\/puerto-princesa\/sherlock-holmes-puerto-princesa\/#primaryimage\",\"url\":\"https:\/\/testwebsite.citygame.com\/wp-content\/blogs.dir\/1\/files\/sites\/62\/2026\/02\/sherlock-game-players-smartphone-cobblestone-street.jpg\",\"contentUrl\":\"https:\/\/testwebsite.citygame.com\/wp-content\/blogs.dir\/1\/files\/sites\/62\/2026\/02\/sherlock-game-players-smartphone-cobblestone-street.jpg\",\"width\":1344,\"height\":768,\"caption\":\"Four young adults gather around a smartphone to play an outdoor discovery game together.\"},{\"@type\":\"BreadcrumbList\",\"@id\":\"https:\/\/testwebsite.citygame.com\/cs\/games\/puerto-princesa\/sherlock-holmes-puerto-princesa\/#breadcrumb\",\"itemListElement\":[{\"@type\":\"ListItem\",\"position\":1,\"name\":\"Home\",\"item\":\"https:\/\/testwebsite.citygame.com\/cs\/\"},{\"@type\":\"ListItem\",\"position\":2,\"name\":\"Shop\",\"item\":\"https:\/\/testwebsite.citygame.com\/shop\/\"},{\"@type\":\"ListItem\",\"position\":3,\"name\":\"Sherlock Holmes Puerto Princesa\"}]},{\"@type\":\"WebSite\",\"@id\":\"https:\/\/testwebsite.upevents.nl\/#website\",\"url\":\"https:\/\/testwebsite.upevents.nl\/\",\"name\":\"City Game\",\"description\":\"\",\"publisher\":{\"@id\":\"https:\/\/testwebsite.upevents.nl\/#organization\"},\"alternateName\":\"citygame.com\",\"potentialAction\":[{\"@type\":\"SearchAction\",\"target\":{\"@type\":\"EntryPoint\",\"urlTemplate\":\"https:\/\/testwebsite.upevents.nl\/?s={search_term_string}\"},\"query-input\":{\"@type\":\"PropertyValueSpecification\",\"valueRequired\":true,\"valueName\":\"search_term_string\"}}],\"inLanguage\":\"cs\"},{\"@type\":[\"Organization\",\"Place\"],\"@id\":\"https:\/\/testwebsite.upevents.nl\/#organization\",\"name\":\"City Game\",\"alternateName\":\"citygame.com\",\"url\":\"https:\/\/testwebsite.upevents.nl\/\",\"logo\":{\"@id\":\"https:\/\/testwebsite.citygame.com\/cs\/games\/puerto-princesa\/sherlock-holmes-puerto-princesa\/#local-main-organization-logo\"},\"image\":{\"@id\":\"https:\/\/testwebsite.citygame.com\/cs\/games\/puerto-princesa\/sherlock-holmes-puerto-princesa\/#local-main-organization-logo\"},\"sameAs\":[\"https:\/\/www.facebook.com\/profile.php?id=100086426226253\",\"https:\/\/www.instagram.com\/citygame_com\",\"https:\/\/www.tiktok.com\/@citygamecom\/\",\"https:\/\/www.linkedin.com\/company\/citygame-com\"],\"description\":\"Turn any city into a playground with our interactive City Games and self-guided tours. Fun, flexible, and ideal for groups and team building.\",\"telephone\":[],\"openingHoursSpecification\":[{\"@type\":\"OpeningHoursSpecification\",\"dayOfWeek\":[\"Monday\",\"Tuesday\",\"Wednesday\",\"Thursday\",\"Friday\",\"Saturday\",\"Sunday\"],\"opens\":\"09:00\",\"closes\":\"17:00\"}]},{\"@type\":\"ImageObject\",\"inLanguage\":\"cs\",\"@id\":\"https:\/\/testwebsite.citygame.com\/cs\/games\/puerto-princesa\/sherlock-holmes-puerto-princesa\/#local-main-organization-logo\",\"url\":\"https:\/\/testwebsite.citygame.com\/wp-content\/blogs.dir\/1\/files\/sites\/62\/2025\/10\/CG_LOGO-City-Game.png\",\"contentUrl\":\"https:\/\/testwebsite.citygame.com\/wp-content\/blogs.dir\/1\/files\/sites\/62\/2025\/10\/CG_LOGO-City-Game.png\",\"width\":351,\"height\":377,\"caption\":\"City Game\"}]}<\/script>\n<!-- \/ Yoast SEO Premium plugin. -->","yoast_head_json":{"title":"Sherlock Holmes Puerto Princesa - City Game","description":"Sherlock Holmes Puerto Princesa. Zahrajte si samostatn\u011b hranou detektivn\u00ed hru City Game, \u0159e\u0161te h\u00e1danky, sledujte stopy a odhalte vraha sv\u00fdm vlastn\u00edm tempem!","robots":{"index":"noindex","follow":"follow","max-snippet":"max-snippet:-1","max-image-preview":"max-image-preview:large","max-video-preview":"max-video-preview:-1"},"og_locale":"cs_CZ","og_type":"article","og_title":"Sherlock Holmes Puerto Princesa","og_description":"Sherlock Holmes Puerto Princesa. Zahrajte si samostatn\u011b hranou detektivn\u00ed hru City Game, \u0159e\u0161te h\u00e1danky, sledujte stopy a odhalte vraha sv\u00fdm vlastn\u00edm tempem!","og_url":"https:\/\/testwebsite.citygame.com\/cs\/games\/puerto-princesa\/sherlock-holmes-puerto-princesa\/","og_site_name":"City Game","article_publisher":"https:\/\/www.facebook.com\/profile.php?id=100086426226253","article_modified_time":"2026-04-08T14:28:51+00:00","og_image":[{"width":1344,"height":768,"url":"https:\/\/testwebsite.citygame.com\/wp-content\/blogs.dir\/1\/files\/sites\/62\/2026\/02\/sherlock-game-players-smartphone-cobblestone-street.jpg","type":"image\/jpeg"}],"twitter_card":"summary_large_image","schema":{"@context":"https:\/\/schema.org","@graph":[{"@type":"WebPage","@id":"https:\/\/testwebsite.citygame.com\/cs\/games\/puerto-princesa\/sherlock-holmes-puerto-princesa\/","url":"https:\/\/testwebsite.citygame.com\/cs\/games\/puerto-princesa\/sherlock-holmes-puerto-princesa\/","name":"Sherlock Holmes Puerto Princesa - City Game","isPartOf":{"@id":"https:\/\/testwebsite.upevents.nl\/#website"},"primaryImageOfPage":{"@id":"https:\/\/testwebsite.citygame.com\/cs\/games\/puerto-princesa\/sherlock-holmes-puerto-princesa\/#primaryimage"},"image":{"@id":"https:\/\/testwebsite.citygame.com\/cs\/games\/puerto-princesa\/sherlock-holmes-puerto-princesa\/#primaryimage"},"thumbnailUrl":"https:\/\/testwebsite.citygame.com\/wp-content\/blogs.dir\/1\/files\/sites\/62\/2026\/02\/sherlock-game-players-smartphone-cobblestone-street.jpg","datePublished":"2026-02-06T11:54:32+00:00","dateModified":"2026-04-08T14:28:51+00:00","description":"Sherlock Holmes Puerto Princesa. Zahrajte si samostatn\u011b hranou detektivn\u00ed hru City Game, \u0159e\u0161te h\u00e1danky, sledujte stopy a odhalte vraha sv\u00fdm vlastn\u00edm tempem!","breadcrumb":{"@id":"https:\/\/testwebsite.citygame.com\/cs\/games\/puerto-princesa\/sherlock-holmes-puerto-princesa\/#breadcrumb"},"inLanguage":"cs","potentialAction":[{"@type":"ReadAction","target":["https:\/\/testwebsite.citygame.com\/cs\/games\/puerto-princesa\/sherlock-holmes-puerto-princesa\/"]}]},{"@type":"ImageObject","inLanguage":"cs","@id":"https:\/\/testwebsite.citygame.com\/cs\/games\/puerto-princesa\/sherlock-holmes-puerto-princesa\/#primaryimage","url":"https:\/\/testwebsite.citygame.com\/wp-content\/blogs.dir\/1\/files\/sites\/62\/2026\/02\/sherlock-game-players-smartphone-cobblestone-street.jpg","contentUrl":"https:\/\/testwebsite.citygame.com\/wp-content\/blogs.dir\/1\/files\/sites\/62\/2026\/02\/sherlock-game-players-smartphone-cobblestone-street.jpg","width":1344,"height":768,"caption":"Four young adults gather around a smartphone to play an outdoor discovery game together."},{"@type":"BreadcrumbList","@id":"https:\/\/testwebsite.citygame.com\/cs\/games\/puerto-princesa\/sherlock-holmes-puerto-princesa\/#breadcrumb","itemListElement":[{"@type":"ListItem","position":1,"name":"Home","item":"https:\/\/testwebsite.citygame.com\/cs\/"},{"@type":"ListItem","position":2,"name":"Shop","item":"https:\/\/testwebsite.citygame.com\/shop\/"},{"@type":"ListItem","position":3,"name":"Sherlock Holmes Puerto Princesa"}]},{"@type":"WebSite","@id":"https:\/\/testwebsite.upevents.nl\/#website","url":"https:\/\/testwebsite.upevents.nl\/","name":"City Game","description":"","publisher":{"@id":"https:\/\/testwebsite.upevents.nl\/#organization"},"alternateName":"citygame.com","potentialAction":[{"@type":"SearchAction","target":{"@type":"EntryPoint","urlTemplate":"https:\/\/testwebsite.upevents.nl\/?s={search_term_string}"},"query-input":{"@type":"PropertyValueSpecification","valueRequired":true,"valueName":"search_term_string"}}],"inLanguage":"cs"},{"@type":["Organization","Place"],"@id":"https:\/\/testwebsite.upevents.nl\/#organization","name":"City Game","alternateName":"citygame.com","url":"https:\/\/testwebsite.upevents.nl\/","logo":{"@id":"https:\/\/testwebsite.citygame.com\/cs\/games\/puerto-princesa\/sherlock-holmes-puerto-princesa\/#local-main-organization-logo"},"image":{"@id":"https:\/\/testwebsite.citygame.com\/cs\/games\/puerto-princesa\/sherlock-holmes-puerto-princesa\/#local-main-organization-logo"},"sameAs":["https:\/\/www.facebook.com\/profile.php?id=100086426226253","https:\/\/www.instagram.com\/citygame_com","https:\/\/www.tiktok.com\/@citygamecom\/","https:\/\/www.linkedin.com\/company\/citygame-com"],"description":"Turn any city into a playground with our interactive City Games and self-guided tours. Fun, flexible, and ideal for groups and team building.","telephone":[],"openingHoursSpecification":[{"@type":"OpeningHoursSpecification","dayOfWeek":["Monday","Tuesday","Wednesday","Thursday","Friday","Saturday","Sunday"],"opens":"09:00","closes":"17:00"}]},{"@type":"ImageObject","inLanguage":"cs","@id":"https:\/\/testwebsite.citygame.com\/cs\/games\/puerto-princesa\/sherlock-holmes-puerto-princesa\/#local-main-organization-logo","url":"https:\/\/testwebsite.citygame.com\/wp-content\/blogs.dir\/1\/files\/sites\/62\/2025\/10\/CG_LOGO-City-Game.png","contentUrl":"https:\/\/testwebsite.citygame.com\/wp-content\/blogs.dir\/1\/files\/sites\/62\/2025\/10\/CG_LOGO-City-Game.png","width":351,"height":377,"caption":"City Game"}]}},"taxonomy_info":{"game-concept":[{"value":768,"label":"Sherlock"}],"location":[{"value":335,"label":"Puerto Princesa"}],"product_cat":[{"value":27,"label":"Geen categorie"}]},"featured_image_src_large":["https:\/\/testwebsite.citygame.com\/wp-content\/blogs.dir\/1\/files\/sites\/62\/2026\/02\/sherlock-game-players-smartphone-cobblestone-street-1024x585.jpg",1024,585,true],"author_info":[],"comment_info":"","_links":{"self":[{"href":"https:\/\/testwebsite.citygame.com\/cs\/wp-json\/wp\/v2\/product\/64697","targetHints":{"allow":["GET"]}}],"collection":[{"href":"https:\/\/testwebsite.citygame.com\/cs\/wp-json\/wp\/v2\/product"}],"about":[{"href":"https:\/\/testwebsite.citygame.com\/cs\/wp-json\/wp\/v2\/types\/product"}],"acf:post":[{"embeddable":true,"href":"https:\/\/testwebsite.citygame.com\/cs\/wp-json\/wp\/v2\/pages\/11247"}],"wp:featuredmedia":[{"embeddable":true,"href":"https:\/\/testwebsite.citygame.com\/cs\/wp-json\/wp\/v2\/media\/11249"}],"wp:attachment":[{"href":"https:\/\/testwebsite.citygame.com\/cs\/wp-json\/wp\/v2\/media?parent=64697"}],"wp:term":[{"taxonomy":"game-concept","embeddable":true,"href":"https:\/\/testwebsite.citygame.com\/cs\/wp-json\/wp\/v2\/game-concept?post=64697"},{"taxonomy":"location","embeddable":true,"href":"https:\/\/testwebsite.citygame.com\/cs\/wp-json\/wp\/v2\/location?post=64697"},{"taxonomy":"product_brand","embeddable":true,"href":"https:\/\/testwebsite.citygame.com\/cs\/wp-json\/wp\/v2\/product_brand?post=64697"},{"taxonomy":"product_cat","embeddable":true,"href":"https:\/\/testwebsite.citygame.com\/cs\/wp-json\/wp\/v2\/product_cat?post=64697"},{"taxonomy":"product_tag","embeddable":true,"href":"https:\/\/testwebsite.citygame.com\/cs\/wp-json\/wp\/v2\/product_tag?post=64697"}],"curies":[{"name":"wp","href":"https:\/\/api.w.org\/{rel}","templated":true}]}}