{"id":63009,"date":"2026-02-05T19:11:41","date_gmt":"2026-02-05T19:11:41","guid":{"rendered":"https:\/\/testwebsite.citygame.com\/games\/unknown-location\/sherlock-holmes-orebro\/"},"modified":"2026-04-08T10:48:04","modified_gmt":"2026-04-08T10:48:04","slug":"sherlock-holmes-orebro","status":"publish","type":"product","link":"https:\/\/testwebsite.citygame.com\/cs\/games\/orebro\/sherlock-holmes-orebro\/","title":{"rendered":"Sherlock Holmes Orebro"},"content":{"rendered":"<p>Vstupte do sv\u011bta Sherlocka Holmese v centru m\u011bsta \u00d6rebro, kde na v\u00e1s \u010dek\u00e1 samostatn\u00e1, p\u0159\u00edb\u011bhov\u00e1 detektivn\u00ed hra s vra\u017edou (City Game). Kdy\u017e je Liberty Festival naru\u0161en n\u00e1hlou a mrazivou vra\u017edou, ujmete se role detektiva, sledujete rozv\u00edjej\u00edc\u00ed se p\u0159\u00edb\u011bh ulicemi a odhalujete stopy, \u0159e\u0161\u00edte slo\u017eit\u00e9 h\u00e1danky a vysl\u00fdch\u00e1te digit\u00e1ln\u00ed podez\u0159el\u00e9. Tato pohlcuj\u00edc\u00ed zku\u0161enost, navr\u017een\u00e1 tak, abyste si ji zahr\u00e1li vlastn\u00edm tempem, prom\u011bn\u00ed \u00d6rebro v kulisy strhuj\u00edc\u00edho vy\u0161et\u0159ov\u00e1n\u00ed, kde v\u00e1s ka\u017ed\u00e1 volba p\u0159ibl\u00ed\u017e\u00ed k odhalen\u00ed pravdy.<\/p>\n","protected":false},"excerpt":{"rendered":"<p>V\u017eijte se do role Sherlocka Holmese v t\u00e9to samostatn\u00e9 detektivn\u00ed h\u0159e s vra\u017edou, kter\u00e1 se odehr\u00e1v\u00e1 v Orebro. P\u0159i proch\u00e1zen\u00ed intrikuj\u00edc\u00edmi h\u00e1dankami a z\u00e1hadn\u00fdmi stopami spolupracujte se sv\u00fdm t\u00fdmem, abyste odhalili drsnou pravdu v t\u00e9to nap\u00ednav\u00e9 detektivn\u00ed h\u0159e!<\/p>\n","protected":false},"featured_media":10992,"template":"","meta":{"_acf_changed":false,"_yoast_wpseo_focuskw":"Sherlock Holmes Orebro","_yoast_wpseo_metadesc":"Sherlock Holmes Orebro. Zahrajte si samostatnou detektivn\u00ed hru s vra\u017edou (City Game), \u0159e\u0161te h\u00e1danky, sledujte stopy a odhalte vraha vlastn\u00edm tempem!","_kad_blocks_custom_css":"","_kad_blocks_head_custom_js":"","_kad_blocks_body_custom_js":"","_kad_blocks_footer_custom_js":"","ghostkit_customizer_options":"","ghostkit_custom_css":"","ghostkit_custom_js_head":"","ghostkit_custom_js_foot":"","ghostkit_typography":"","_kad_post_transparent":"","_kad_post_title":"","_kad_post_layout":"","_kad_post_sidebar_id":"","_kad_post_content_style":"","_kad_post_vertical_padding":"","_kad_post_feature":"","_kad_post_feature_position":"","_kad_post_header":false,"_kad_post_footer":false,"_kad_post_classname":"","_links_to":"","_links_to_target":""},"game-concept":[768],"location":[307],"product_brand":[],"product_cat":[27],"product_tag":[],"class_list":{"0":"post-63009","1":"product","2":"type-product","3":"status-publish","4":"has-post-thumbnail","6":"game-concept-sherlock","7":"location-orebro","8":"product_cat-geen-categorie","10":"first","11":"instock","12":"shipping-taxable","13":"purchasable","14":"product-type-simple","15":"entry","16":"content-bg","17":"loop-entry"},"acf":{"full_bokun_product_name":"\u00d6rebro Self-Guided Sherlock Holmes Murder Mystery Game","location_name":"Orebro","bokun_calendar_widget_code":"<script type=\"text\/javascript\" src=\"https:\/\/widgets.bokun.io\/assets\/javascripts\/apps\/build\/BokunWidgetsLoader.js?bookingChannelUUID=a1e93e96-5232-4734-a595-28405f4b5a31\" async><\/script>\n     \n    <div class=\"bokunWidget\" data-src=\"https:\/\/widgets.bokun.io\/online-sales\/a1e93e96-5232-4734-a595-28405f4b5a31\/experience-calendar\/733244\"><\/div>\n    <noscript>Please enable javascript in your browser to book<\/noscript>","bokun_button_widget_code":"<script type=\"text\/javascript\" src=\"https:\/\/widgets.bokun.io\/assets\/javascripts\/apps\/build\/BokunWidgetsLoader.js?bookingChannelUUID=a1e93e96-5232-4734-a595-28405f4b5a31\" async><\/script>\n      <style> #bokun_ed001e45_5927_4f62_b470_ca766338d083 { display: inline-block; padding: .4em 1em; background: #47b82e; border-radius: 999999px; box-shadow: none; font-weight: 600; font-size: 24px; text-decoration: none; text-align: center; color: #FFFFFF; border:none; cursor: pointer; transition: background .2s ease; } #bokun_ed001e45_5927_4f62_b470_ca766338d083:hover{ background: #2f7b1f; } #bokun_ed001e45_5927_4f62_b470_ca766338d083:active{ background: #378f24; } <\/style> <button class=\"bokunButton\" disabled id=bokun_ed001e45_5927_4f62_b470_ca766338d083 data-src=\"https:\/\/widgets.bokun.io\/online-sales\/a1e93e96-5232-4734-a595-28405f4b5a31\/experience-calendar\/733244?partialView=1\" data-testid=\"widget-book-button\" > Book now <\/button> ","what_you\u2019ll_experience_during_the_game":"Vstoup\u00edte do poutav\u00e9ho detektivn\u00edho p\u0159\u00edb\u011bhu zasazen\u00e9ho do \u00d6rebra, kde vra\u017eda ot\u0159\u00e1sla m\u011bstem b\u011bhem Liberty Festivalu. Jak se pohybujete ulicemi, z\u00e1hada se kolem v\u00e1s rozpl\u00e9t\u00e1, kousek po kousku. Ka\u017ed\u00e1 stopa, kterou najdete, a ka\u017ed\u00e1 h\u00e1danka, kterou vy\u0159e\u0161\u00edte, v\u00e1s p\u0159ibl\u00ed\u017e\u00ed k pravd\u011b, ale nic nen\u00ed nikdy tak, jak se na prvn\u00ed pohled zd\u00e1. Zvraty ve vy\u0161et\u0159ov\u00e1n\u00ed zpochyb\u0148uj\u00ed va\u0161e my\u0161len\u00ed a neo\u010dek\u00e1van\u00e9 stopy udr\u017euj\u00ed va\u0161e instinkty ostr\u00e9. \n\nVysl\u00fdch\u00e1te digit\u00e1ln\u00ed podez\u0159el\u00e9, analyzujete jejich alibi a odhalujete rozpory, abyste zjistili, co se skute\u010dn\u011b stalo. \u00dasp\u011bch z\u00e1vis\u00ed na va\u0161em pozorov\u00e1n\u00ed, logice a dedukci, nebo\u0165 ka\u017ed\u00e9 rozhodnut\u00ed ur\u010duje sm\u011br p\u0159\u00edb\u011bhu. Z\u00e1\u017eitek je pln\u011b \u0159\u00edzen p\u0159\u00edb\u011bhem a je navr\u017een tak, abyste si ho zahr\u00e1li vlastn\u00edm tempem, kdykoli pot\u0159ebujete, a pokra\u010dovali, kdykoli jste p\u0159ipraveni. M\u016f\u017eete to dokonce prom\u011bnit v p\u0159\u00e1telskou sout\u011b\u017e, pokud hrajete v t\u00fdmech, a zjistit, kdo p\u0159\u00edpad dok\u00e1\u017ee rozlousknout nejefektivn\u011bji.","how_to_play":"Hrajte sami nebo s p\u0159\u00e1teli, rodinou \u010di kolegy v t\u00fdmech a\u017e \u010dty\u0159 osob na jedno za\u0159\u00edzen\u00ed. Po rezervaci obdr\u017e\u00edte e-mail s pokyny a v\u0161\u00edm, co pot\u0159ebujete.","start_location":"\u00d6rebro r\u00e5dhus","available_languages":["en","es","fr","de","it","nl"],"players_per_group":"1-4","duration":"1.5-2 hours","image_overlay_color_image":"https:\/\/testwebsite.citygame.com\/wp-content\/blogs.dir\/1\/files\/sites\/62\/2026\/01\/SherlockColor.svg","image_overlay_game_logo":"https:\/\/testwebsite.citygame.com\/wp-content\/blogs.dir\/1\/files\/sites\/62\/2026\/01\/SherlockLogo.png","city_page":7626,"woocommerce_general_content":null},"yoast_head":"<!-- This site is optimized with the Yoast SEO Premium plugin v26.2 (Yoast SEO v26.3) - https:\/\/yoast.com\/wordpress\/plugins\/seo\/ -->\n<title>Sherlock Holmes Orebro - City Game<\/title>\n<meta name=\"description\" content=\"Sherlock Holmes Orebro. Zahrajte si samostatnou detektivn\u00ed hru s vra\u017edou (City Game), \u0159e\u0161te h\u00e1danky, sledujte stopy a odhalte vraha vlastn\u00edm tempem!\" \/>\n<meta name=\"robots\" content=\"noindex, follow, max-snippet:-1, max-image-preview:large, max-video-preview:-1\" \/>\n<meta property=\"og:locale\" content=\"cs_CZ\" \/>\n<meta property=\"og:type\" content=\"article\" \/>\n<meta property=\"og:title\" content=\"Sherlock Holmes Orebro\" \/>\n<meta property=\"og:description\" content=\"Sherlock Holmes Orebro. Zahrajte si samostatnou detektivn\u00ed hru s vra\u017edou (City Game), \u0159e\u0161te h\u00e1danky, sledujte stopy a odhalte vraha vlastn\u00edm tempem!\" \/>\n<meta property=\"og:url\" content=\"https:\/\/testwebsite.citygame.com\/cs\/games\/orebro\/sherlock-holmes-orebro\/\" \/>\n<meta property=\"og:site_name\" content=\"City Game\" \/>\n<meta property=\"article:publisher\" content=\"https:\/\/www.facebook.com\/profile.php?id=100086426226253\" \/>\n<meta property=\"article:modified_time\" content=\"2026-04-08T10:48:04+00:00\" \/>\n<meta property=\"og:image\" content=\"https:\/\/testwebsite.citygame.com\/wp-content\/blogs.dir\/1\/files\/sites\/62\/2026\/02\/group-of-friends-playing-city-game-orebro.jpg\" \/>\n\t<meta property=\"og:image:width\" content=\"1344\" \/>\n\t<meta property=\"og:image:height\" content=\"768\" \/>\n\t<meta property=\"og:image:type\" content=\"image\/jpeg\" \/>\n<meta name=\"twitter:card\" content=\"summary_large_image\" \/>\n<meta name=\"twitter:label1\" content=\"Odhadovan\u00e1 doba \u010dten\u00ed\" \/>\n\t<meta name=\"twitter:data1\" content=\"1 minuta\" \/>\n<script type=\"application\/ld+json\" class=\"yoast-schema-graph\">{\"@context\":\"https:\/\/schema.org\",\"@graph\":[{\"@type\":\"WebPage\",\"@id\":\"https:\/\/testwebsite.citygame.com\/cs\/games\/orebro\/sherlock-holmes-orebro\/\",\"url\":\"https:\/\/testwebsite.citygame.com\/cs\/games\/orebro\/sherlock-holmes-orebro\/\",\"name\":\"Sherlock Holmes Orebro - City Game\",\"isPartOf\":{\"@id\":\"https:\/\/testwebsite.upevents.nl\/#website\"},\"primaryImageOfPage\":{\"@id\":\"https:\/\/testwebsite.citygame.com\/cs\/games\/orebro\/sherlock-holmes-orebro\/#primaryimage\"},\"image\":{\"@id\":\"https:\/\/testwebsite.citygame.com\/cs\/games\/orebro\/sherlock-holmes-orebro\/#primaryimage\"},\"thumbnailUrl\":\"https:\/\/testwebsite.citygame.com\/wp-content\/blogs.dir\/1\/files\/sites\/62\/2026\/02\/group-of-friends-playing-city-game-orebro.jpg\",\"datePublished\":\"2026-02-05T19:11:41+00:00\",\"dateModified\":\"2026-04-08T10:48:04+00:00\",\"description\":\"Sherlock Holmes Orebro. Zahrajte si samostatnou detektivn\u00ed hru s vra\u017edou (City Game), \u0159e\u0161te h\u00e1danky, sledujte stopy a odhalte vraha vlastn\u00edm tempem!\",\"breadcrumb\":{\"@id\":\"https:\/\/testwebsite.citygame.com\/cs\/games\/orebro\/sherlock-holmes-orebro\/#breadcrumb\"},\"inLanguage\":\"cs\",\"potentialAction\":[{\"@type\":\"ReadAction\",\"target\":[\"https:\/\/testwebsite.citygame.com\/cs\/games\/orebro\/sherlock-holmes-orebro\/\"]}]},{\"@type\":\"ImageObject\",\"inLanguage\":\"cs\",\"@id\":\"https:\/\/testwebsite.citygame.com\/cs\/games\/orebro\/sherlock-holmes-orebro\/#primaryimage\",\"url\":\"https:\/\/testwebsite.citygame.com\/wp-content\/blogs.dir\/1\/files\/sites\/62\/2026\/02\/group-of-friends-playing-city-game-orebro.jpg\",\"contentUrl\":\"https:\/\/testwebsite.citygame.com\/wp-content\/blogs.dir\/1\/files\/sites\/62\/2026\/02\/group-of-friends-playing-city-game-orebro.jpg\",\"width\":1344,\"height\":768,\"caption\":\"A group of friends work together to navigate the streets of Orebro using a smartphone app.\"},{\"@type\":\"BreadcrumbList\",\"@id\":\"https:\/\/testwebsite.citygame.com\/cs\/games\/orebro\/sherlock-holmes-orebro\/#breadcrumb\",\"itemListElement\":[{\"@type\":\"ListItem\",\"position\":1,\"name\":\"Home\",\"item\":\"https:\/\/testwebsite.citygame.com\/cs\/\"},{\"@type\":\"ListItem\",\"position\":2,\"name\":\"Shop\",\"item\":\"https:\/\/testwebsite.citygame.com\/shop\/\"},{\"@type\":\"ListItem\",\"position\":3,\"name\":\"Sherlock Holmes Orebro\"}]},{\"@type\":\"WebSite\",\"@id\":\"https:\/\/testwebsite.upevents.nl\/#website\",\"url\":\"https:\/\/testwebsite.upevents.nl\/\",\"name\":\"City Game\",\"description\":\"\",\"publisher\":{\"@id\":\"https:\/\/testwebsite.upevents.nl\/#organization\"},\"alternateName\":\"citygame.com\",\"potentialAction\":[{\"@type\":\"SearchAction\",\"target\":{\"@type\":\"EntryPoint\",\"urlTemplate\":\"https:\/\/testwebsite.upevents.nl\/?s={search_term_string}\"},\"query-input\":{\"@type\":\"PropertyValueSpecification\",\"valueRequired\":true,\"valueName\":\"search_term_string\"}}],\"inLanguage\":\"cs\"},{\"@type\":[\"Organization\",\"Place\"],\"@id\":\"https:\/\/testwebsite.upevents.nl\/#organization\",\"name\":\"City Game\",\"alternateName\":\"citygame.com\",\"url\":\"https:\/\/testwebsite.upevents.nl\/\",\"logo\":{\"@id\":\"https:\/\/testwebsite.citygame.com\/cs\/games\/orebro\/sherlock-holmes-orebro\/#local-main-organization-logo\"},\"image\":{\"@id\":\"https:\/\/testwebsite.citygame.com\/cs\/games\/orebro\/sherlock-holmes-orebro\/#local-main-organization-logo\"},\"sameAs\":[\"https:\/\/www.facebook.com\/profile.php?id=100086426226253\",\"https:\/\/www.instagram.com\/citygame_com\",\"https:\/\/www.tiktok.com\/@citygamecom\/\",\"https:\/\/www.linkedin.com\/company\/citygame-com\"],\"description\":\"Turn any city into a playground with our interactive City Games and self-guided tours. Fun, flexible, and ideal for groups and team building.\",\"telephone\":[],\"openingHoursSpecification\":[{\"@type\":\"OpeningHoursSpecification\",\"dayOfWeek\":[\"Monday\",\"Tuesday\",\"Wednesday\",\"Thursday\",\"Friday\",\"Saturday\",\"Sunday\"],\"opens\":\"09:00\",\"closes\":\"17:00\"}]},{\"@type\":\"ImageObject\",\"inLanguage\":\"cs\",\"@id\":\"https:\/\/testwebsite.citygame.com\/cs\/games\/orebro\/sherlock-holmes-orebro\/#local-main-organization-logo\",\"url\":\"https:\/\/testwebsite.citygame.com\/wp-content\/blogs.dir\/1\/files\/sites\/62\/2025\/10\/CG_LOGO-City-Game.png\",\"contentUrl\":\"https:\/\/testwebsite.citygame.com\/wp-content\/blogs.dir\/1\/files\/sites\/62\/2025\/10\/CG_LOGO-City-Game.png\",\"width\":351,\"height\":377,\"caption\":\"City Game\"}]}<\/script>\n<!-- \/ Yoast SEO Premium plugin. -->","yoast_head_json":{"title":"Sherlock Holmes Orebro - City Game","description":"Sherlock Holmes Orebro. Zahrajte si samostatnou detektivn\u00ed hru s vra\u017edou (City Game), \u0159e\u0161te h\u00e1danky, sledujte stopy a odhalte vraha vlastn\u00edm tempem!","robots":{"index":"noindex","follow":"follow","max-snippet":"max-snippet:-1","max-image-preview":"max-image-preview:large","max-video-preview":"max-video-preview:-1"},"og_locale":"cs_CZ","og_type":"article","og_title":"Sherlock Holmes Orebro","og_description":"Sherlock Holmes Orebro. Zahrajte si samostatnou detektivn\u00ed hru s vra\u017edou (City Game), \u0159e\u0161te h\u00e1danky, sledujte stopy a odhalte vraha vlastn\u00edm tempem!","og_url":"https:\/\/testwebsite.citygame.com\/cs\/games\/orebro\/sherlock-holmes-orebro\/","og_site_name":"City Game","article_publisher":"https:\/\/www.facebook.com\/profile.php?id=100086426226253","article_modified_time":"2026-04-08T10:48:04+00:00","og_image":[{"width":1344,"height":768,"url":"https:\/\/testwebsite.citygame.com\/wp-content\/blogs.dir\/1\/files\/sites\/62\/2026\/02\/group-of-friends-playing-city-game-orebro.jpg","type":"image\/jpeg"}],"twitter_card":"summary_large_image","twitter_misc":{"Odhadovan\u00e1 doba \u010dten\u00ed":"1 minuta"},"schema":{"@context":"https:\/\/schema.org","@graph":[{"@type":"WebPage","@id":"https:\/\/testwebsite.citygame.com\/cs\/games\/orebro\/sherlock-holmes-orebro\/","url":"https:\/\/testwebsite.citygame.com\/cs\/games\/orebro\/sherlock-holmes-orebro\/","name":"Sherlock Holmes Orebro - City Game","isPartOf":{"@id":"https:\/\/testwebsite.upevents.nl\/#website"},"primaryImageOfPage":{"@id":"https:\/\/testwebsite.citygame.com\/cs\/games\/orebro\/sherlock-holmes-orebro\/#primaryimage"},"image":{"@id":"https:\/\/testwebsite.citygame.com\/cs\/games\/orebro\/sherlock-holmes-orebro\/#primaryimage"},"thumbnailUrl":"https:\/\/testwebsite.citygame.com\/wp-content\/blogs.dir\/1\/files\/sites\/62\/2026\/02\/group-of-friends-playing-city-game-orebro.jpg","datePublished":"2026-02-05T19:11:41+00:00","dateModified":"2026-04-08T10:48:04+00:00","description":"Sherlock Holmes Orebro. Zahrajte si samostatnou detektivn\u00ed hru s vra\u017edou (City Game), \u0159e\u0161te h\u00e1danky, sledujte stopy a odhalte vraha vlastn\u00edm tempem!","breadcrumb":{"@id":"https:\/\/testwebsite.citygame.com\/cs\/games\/orebro\/sherlock-holmes-orebro\/#breadcrumb"},"inLanguage":"cs","potentialAction":[{"@type":"ReadAction","target":["https:\/\/testwebsite.citygame.com\/cs\/games\/orebro\/sherlock-holmes-orebro\/"]}]},{"@type":"ImageObject","inLanguage":"cs","@id":"https:\/\/testwebsite.citygame.com\/cs\/games\/orebro\/sherlock-holmes-orebro\/#primaryimage","url":"https:\/\/testwebsite.citygame.com\/wp-content\/blogs.dir\/1\/files\/sites\/62\/2026\/02\/group-of-friends-playing-city-game-orebro.jpg","contentUrl":"https:\/\/testwebsite.citygame.com\/wp-content\/blogs.dir\/1\/files\/sites\/62\/2026\/02\/group-of-friends-playing-city-game-orebro.jpg","width":1344,"height":768,"caption":"A group of friends work together to navigate the streets of Orebro using a smartphone app."},{"@type":"BreadcrumbList","@id":"https:\/\/testwebsite.citygame.com\/cs\/games\/orebro\/sherlock-holmes-orebro\/#breadcrumb","itemListElement":[{"@type":"ListItem","position":1,"name":"Home","item":"https:\/\/testwebsite.citygame.com\/cs\/"},{"@type":"ListItem","position":2,"name":"Shop","item":"https:\/\/testwebsite.citygame.com\/shop\/"},{"@type":"ListItem","position":3,"name":"Sherlock Holmes Orebro"}]},{"@type":"WebSite","@id":"https:\/\/testwebsite.upevents.nl\/#website","url":"https:\/\/testwebsite.upevents.nl\/","name":"City Game","description":"","publisher":{"@id":"https:\/\/testwebsite.upevents.nl\/#organization"},"alternateName":"citygame.com","potentialAction":[{"@type":"SearchAction","target":{"@type":"EntryPoint","urlTemplate":"https:\/\/testwebsite.upevents.nl\/?s={search_term_string}"},"query-input":{"@type":"PropertyValueSpecification","valueRequired":true,"valueName":"search_term_string"}}],"inLanguage":"cs"},{"@type":["Organization","Place"],"@id":"https:\/\/testwebsite.upevents.nl\/#organization","name":"City Game","alternateName":"citygame.com","url":"https:\/\/testwebsite.upevents.nl\/","logo":{"@id":"https:\/\/testwebsite.citygame.com\/cs\/games\/orebro\/sherlock-holmes-orebro\/#local-main-organization-logo"},"image":{"@id":"https:\/\/testwebsite.citygame.com\/cs\/games\/orebro\/sherlock-holmes-orebro\/#local-main-organization-logo"},"sameAs":["https:\/\/www.facebook.com\/profile.php?id=100086426226253","https:\/\/www.instagram.com\/citygame_com","https:\/\/www.tiktok.com\/@citygamecom\/","https:\/\/www.linkedin.com\/company\/citygame-com"],"description":"Turn any city into a playground with our interactive City Games and self-guided tours. Fun, flexible, and ideal for groups and team building.","telephone":[],"openingHoursSpecification":[{"@type":"OpeningHoursSpecification","dayOfWeek":["Monday","Tuesday","Wednesday","Thursday","Friday","Saturday","Sunday"],"opens":"09:00","closes":"17:00"}]},{"@type":"ImageObject","inLanguage":"cs","@id":"https:\/\/testwebsite.citygame.com\/cs\/games\/orebro\/sherlock-holmes-orebro\/#local-main-organization-logo","url":"https:\/\/testwebsite.citygame.com\/wp-content\/blogs.dir\/1\/files\/sites\/62\/2025\/10\/CG_LOGO-City-Game.png","contentUrl":"https:\/\/testwebsite.citygame.com\/wp-content\/blogs.dir\/1\/files\/sites\/62\/2025\/10\/CG_LOGO-City-Game.png","width":351,"height":377,"caption":"City Game"}]}},"taxonomy_info":{"game-concept":[{"value":768,"label":"Sherlock"}],"location":[{"value":307,"label":"\u00d6rebro"}],"product_cat":[{"value":27,"label":"Geen categorie"}]},"featured_image_src_large":["https:\/\/testwebsite.citygame.com\/wp-content\/blogs.dir\/1\/files\/sites\/62\/2026\/02\/group-of-friends-playing-city-game-orebro-1024x585.jpg",1024,585,true],"author_info":[],"comment_info":"","_links":{"self":[{"href":"https:\/\/testwebsite.citygame.com\/cs\/wp-json\/wp\/v2\/product\/63009","targetHints":{"allow":["GET"]}}],"collection":[{"href":"https:\/\/testwebsite.citygame.com\/cs\/wp-json\/wp\/v2\/product"}],"about":[{"href":"https:\/\/testwebsite.citygame.com\/cs\/wp-json\/wp\/v2\/types\/product"}],"acf:post":[{"embeddable":true,"href":"https:\/\/testwebsite.citygame.com\/cs\/wp-json\/wp\/v2\/pages\/7626"}],"wp:featuredmedia":[{"embeddable":true,"href":"https:\/\/testwebsite.citygame.com\/cs\/wp-json\/wp\/v2\/media\/10992"}],"wp:attachment":[{"href":"https:\/\/testwebsite.citygame.com\/cs\/wp-json\/wp\/v2\/media?parent=63009"}],"wp:term":[{"taxonomy":"game-concept","embeddable":true,"href":"https:\/\/testwebsite.citygame.com\/cs\/wp-json\/wp\/v2\/game-concept?post=63009"},{"taxonomy":"location","embeddable":true,"href":"https:\/\/testwebsite.citygame.com\/cs\/wp-json\/wp\/v2\/location?post=63009"},{"taxonomy":"product_brand","embeddable":true,"href":"https:\/\/testwebsite.citygame.com\/cs\/wp-json\/wp\/v2\/product_brand?post=63009"},{"taxonomy":"product_cat","embeddable":true,"href":"https:\/\/testwebsite.citygame.com\/cs\/wp-json\/wp\/v2\/product_cat?post=63009"},{"taxonomy":"product_tag","embeddable":true,"href":"https:\/\/testwebsite.citygame.com\/cs\/wp-json\/wp\/v2\/product_tag?post=63009"}],"curies":[{"name":"wp","href":"https:\/\/api.w.org\/{rel}","templated":true}]}}