{"id":62578,"date":"2026-02-05T18:26:37","date_gmt":"2026-02-05T18:26:37","guid":{"rendered":"https:\/\/testwebsite.citygame.com\/games\/unknown-location\/sherlock-holmes-vasteras\/"},"modified":"2026-04-08T09:54:01","modified_gmt":"2026-04-08T09:54:01","slug":"sherlock-holmes-vasteras","status":"publish","type":"product","link":"https:\/\/testwebsite.citygame.com\/cs\/games\/vasteras\/sherlock-holmes-vasteras\/","title":{"rendered":"Sherlock Holmes Vasteras"},"content":{"rendered":"<p>Vstupte do sv\u011bta Sherlocka Holmese s touto samostatn\u011b vedenou, p\u0159\u00edb\u011bhovou detektivn\u00ed hrou na vra\u017edu (City Game) zasazenou do centra m\u011bsta V\u00e4ster\u00e5s. Kdy\u017e n\u00e1siln\u00fd zlo\u010din ot\u0159ese Festivalem svobody (Liberty Festival), vy a va\u0161i kolegov\u00e9 detektivov\u00e9 mus\u00edte prozkoumat ulice m\u011bsta a sledovat rozv\u00edjej\u00edc\u00ed se vypr\u00e1v\u011bn\u00ed pln\u00e9 stop, h\u00e1danek a digit\u00e1ln\u00edch podez\u0159el\u00fdch k v\u00fdslechu. S naprostou svobodou hr\u00e1t vlastn\u00edm tempem se V\u00e4ster\u00e5s stane pohlcuj\u00edc\u00ed kulisou pro strhuj\u00edc\u00ed vy\u0161et\u0159ov\u00e1n\u00ed, kter\u00e9 prov\u011b\u0159\u00ed va\u0161e instinkty a deduktivn\u00ed schopnosti.<\/p>\n","protected":false},"excerpt":{"rendered":"<p>V\u017eijte se do ikonick\u00e9 role Sherlocka Holmese a projd\u011bte si strhuj\u00edc\u00ed, samostatn\u011b vedenou z\u00e1hadu vra\u017edy odehr\u00e1vaj\u00edc\u00ed se ve Vasteras. Vy a v\u00e1\u0161 t\u00fdm budete sledovat stopy, lu\u0161tit h\u00e1danky a odhalovat pravdu uprost\u0159ed rostouc\u00edch s\u00e1zek, co\u017e vytvo\u0159\u00ed vzru\u0161uj\u00edc\u00ed v\u00fdzvu, kterou si nesm\u00edte nechat uj\u00edt!<\/p>\n","protected":false},"featured_media":10948,"template":"","meta":{"_acf_changed":false,"_yoast_wpseo_focuskw":"Sherlock Holmes Vasteras","_yoast_wpseo_metadesc":"Sherlock Holmes Vasteras. Hrajte samostatn\u011b vedenou detektivn\u00ed hru na vra\u017edu (City Game), \u0159e\u0161te h\u00e1danky, sledujte stopy a odhalte vraha vlastn\u00edm tempem!","_kad_blocks_custom_css":"","_kad_blocks_head_custom_js":"","_kad_blocks_body_custom_js":"","_kad_blocks_footer_custom_js":"","ghostkit_customizer_options":"","ghostkit_custom_css":"","ghostkit_custom_js_head":"","ghostkit_custom_js_foot":"","ghostkit_typography":"","_kad_post_transparent":"","_kad_post_title":"","_kad_post_layout":"","_kad_post_sidebar_id":"","_kad_post_content_style":"","_kad_post_vertical_padding":"","_kad_post_feature":"","_kad_post_feature_position":"","_kad_post_header":false,"_kad_post_footer":false,"_kad_post_classname":"","_links_to":"","_links_to_target":""},"game-concept":[768],"location":[417],"product_brand":[],"product_cat":[27],"product_tag":[],"class_list":{"0":"post-62578","1":"product","2":"type-product","3":"status-publish","4":"has-post-thumbnail","6":"game-concept-sherlock","7":"location-vasteras","8":"product_cat-geen-categorie","10":"first","11":"instock","12":"shipping-taxable","13":"purchasable","14":"product-type-simple","15":"entry","16":"content-bg","17":"loop-entry"},"acf":{"full_bokun_product_name":"V\u00e4ster\u00e5s Self-Guided Sherlock Holmes Murder Mystery Game","location_name":"Vasteras","bokun_calendar_widget_code":"<script type=\"text\/javascript\" src=\"https:\/\/widgets.bokun.io\/assets\/javascripts\/apps\/build\/BokunWidgetsLoader.js?bookingChannelUUID=a1e93e96-5232-4734-a595-28405f4b5a31\" async><\/script>\n     \n    <div class=\"bokunWidget\" data-src=\"https:\/\/widgets.bokun.io\/online-sales\/a1e93e96-5232-4734-a595-28405f4b5a31\/experience-calendar\/733220\"><\/div>\n    <noscript>Please enable javascript in your browser to book<\/noscript>","bokun_button_widget_code":"<script type=\"text\/javascript\" src=\"https:\/\/widgets.bokun.io\/assets\/javascripts\/apps\/build\/BokunWidgetsLoader.js?bookingChannelUUID=a1e93e96-5232-4734-a595-28405f4b5a31\" async><\/script>\n      <style> #bokun_ed001e45_5927_4f62_b470_ca766338d083 { display: inline-block; padding: .4em 1em; background: #47b82e; border-radius: 999999px; box-shadow: none; font-weight: 600; font-size: 24px; text-decoration: none; text-align: center; color: #FFFFFF; border:none; cursor: pointer; transition: background .2s ease; } #bokun_ed001e45_5927_4f62_b470_ca766338d083:hover{ background: #2f7b1f; } #bokun_ed001e45_5927_4f62_b470_ca766338d083:active{ background: #378f24; } <\/style> <button class=\"bokunButton\" disabled id=bokun_ed001e45_5927_4f62_b470_ca766338d083 data-src=\"https:\/\/widgets.bokun.io\/online-sales\/a1e93e96-5232-4734-a595-28405f4b5a31\/experience-calendar\/733220?partialView=1\" data-testid=\"widget-book-button\" > Book now <\/button> ","what_you\u2019ll_experience_during_the_game":"Vstupujete do strhuj\u00edc\u00ed detektivn\u00ed hry zasazen\u00e9 do V\u00e4ster\u00e5s, kde se va\u0161e okol\u00ed st\u00e1v\u00e1 sou\u010d\u00e1st\u00ed z\u00e1hady. Jak se vy\u0161et\u0159ov\u00e1n\u00ed rozv\u00edj\u00ed, pohybujete se m\u011bstem vlastn\u00edm tempem, zastavujete se, kdykoli je to pot\u0159eba, zat\u00edmco v\u00e1s spletit\u00fd p\u0159\u00edb\u011bh vtahuje hloub\u011bji do srdce vra\u017edy, kter\u00e1 ot\u0159\u00e1sla Festivalem svobody (Liberty Festival). Na ka\u017ed\u00e9m m\u00edst\u011b odhal\u00edte skryt\u00e9 stopy, vy\u0159e\u0161\u00edte n\u00e1ro\u010dn\u00e9 h\u00e1danky a poskl\u00e1d\u00e1te \u00fatr\u017eky p\u0159\u00edb\u011bhu, kter\u00fd sv\u00e1 tajemstv\u00ed nevyd\u00e1v\u00e1 snadno.\n\nDigit\u00e1ln\u00ed podez\u0159el\u00ed \u010dekaj\u00ed na v\u00e1\u0161 v\u00fdslech. Prozkoum\u00e1te jejich prohl\u00e1\u0161en\u00ed, hled\u00e1te rozpory a porovn\u00e1v\u00e1te vratk\u00e1 alibi s nov\u00fdmi d\u016fkazy. Z\u00e1\u017eitek je pln\u011b p\u0159\u00edb\u011bhov\u00fd, vy\u017eaduje bystr\u00e9 pozorov\u00e1n\u00ed, ostrou dedukci a kritick\u00e9 my\u0161len\u00ed k odhalen\u00ed pravdy za zlo\u010dinem. A\u0165 u\u017e jste pono\u0159eni sami, nebo pracujete s t\u00fdmem, uc\u00edt\u00edte, jak v\u00e1s ka\u017ed\u00e9 rozhodnut\u00ed p\u0159ibli\u017euje k \u0159e\u0161en\u00ed. M\u016f\u017eete dokonce porovn\u00e1vat sv\u00e9 v\u00fdsledky pro konkuren\u010dn\u00ed v\u00fdhodu, ale skute\u010dn\u00e1 odm\u011bna spo\u010d\u00edv\u00e1 v rozlu\u0161t\u011bn\u00ed p\u0159\u00edpadu.","how_to_play":"Hrajte sami nebo s p\u0159\u00e1teli, rodinou \u010di kolegy v t\u00fdmech a\u017e \u010dty\u0159 osob na jedno za\u0159\u00edzen\u00ed. Po rezervaci obdr\u017e\u00edte e-mail s pokyny a v\u0161\u00edm, co pot\u0159ebujete.","start_location":"V\u00e4ster\u00e5s, Stadshus","available_languages":["en","es","fr","de","it","nl"],"players_per_group":"1-4","duration":"1.5-2 hours","image_overlay_color_image":"https:\/\/testwebsite.citygame.com\/wp-content\/blogs.dir\/1\/files\/sites\/62\/2026\/01\/SherlockColor.svg","image_overlay_game_logo":"https:\/\/testwebsite.citygame.com\/wp-content\/blogs.dir\/1\/files\/sites\/62\/2026\/01\/SherlockLogo.png","city_page":7563,"woocommerce_general_content":null},"yoast_head":"<!-- This site is optimized with the Yoast SEO Premium plugin v26.2 (Yoast SEO v26.3) - https:\/\/yoast.com\/wordpress\/plugins\/seo\/ -->\n<title>Sherlock Holmes Vasteras - City Game<\/title>\n<meta name=\"description\" content=\"Sherlock Holmes Vasteras. Hrajte samostatn\u011b vedenou detektivn\u00ed hru na vra\u017edu (City Game), \u0159e\u0161te h\u00e1danky, sledujte stopy a odhalte vraha vlastn\u00edm tempem!\" \/>\n<meta name=\"robots\" content=\"noindex, follow, max-snippet:-1, max-image-preview:large, max-video-preview:-1\" \/>\n<meta property=\"og:locale\" content=\"cs_CZ\" \/>\n<meta property=\"og:type\" content=\"article\" \/>\n<meta property=\"og:title\" content=\"Sherlock Holmes Vasteras\" \/>\n<meta property=\"og:description\" content=\"Sherlock Holmes Vasteras. Hrajte samostatn\u011b vedenou detektivn\u00ed hru na vra\u017edu (City Game), \u0159e\u0161te h\u00e1danky, sledujte stopy a odhalte vraha vlastn\u00edm tempem!\" \/>\n<meta property=\"og:url\" content=\"https:\/\/testwebsite.citygame.com\/cs\/games\/vasteras\/sherlock-holmes-vasteras\/\" \/>\n<meta property=\"og:site_name\" content=\"City Game\" \/>\n<meta property=\"article:publisher\" content=\"https:\/\/www.facebook.com\/profile.php?id=100086426226253\" \/>\n<meta property=\"article:modified_time\" content=\"2026-04-08T09:54:01+00:00\" \/>\n<meta property=\"og:image\" content=\"https:\/\/testwebsite.citygame.com\/wp-content\/blogs.dir\/1\/files\/sites\/62\/2026\/02\/man-playing-city-game-vasteras-old-town-street.jpg\" \/>\n\t<meta property=\"og:image:width\" content=\"1344\" \/>\n\t<meta property=\"og:image:height\" content=\"768\" \/>\n\t<meta property=\"og:image:type\" content=\"image\/jpeg\" \/>\n<meta name=\"twitter:card\" content=\"summary_large_image\" \/>\n<meta name=\"twitter:label1\" content=\"Odhadovan\u00e1 doba \u010dten\u00ed\" \/>\n\t<meta name=\"twitter:data1\" content=\"1 minuta\" \/>\n<script type=\"application\/ld+json\" class=\"yoast-schema-graph\">{\"@context\":\"https:\/\/schema.org\",\"@graph\":[{\"@type\":\"WebPage\",\"@id\":\"https:\/\/testwebsite.citygame.com\/cs\/games\/vasteras\/sherlock-holmes-vasteras\/\",\"url\":\"https:\/\/testwebsite.citygame.com\/cs\/games\/vasteras\/sherlock-holmes-vasteras\/\",\"name\":\"Sherlock Holmes Vasteras - City Game\",\"isPartOf\":{\"@id\":\"https:\/\/testwebsite.upevents.nl\/#website\"},\"primaryImageOfPage\":{\"@id\":\"https:\/\/testwebsite.citygame.com\/cs\/games\/vasteras\/sherlock-holmes-vasteras\/#primaryimage\"},\"image\":{\"@id\":\"https:\/\/testwebsite.citygame.com\/cs\/games\/vasteras\/sherlock-holmes-vasteras\/#primaryimage\"},\"thumbnailUrl\":\"https:\/\/testwebsite.citygame.com\/wp-content\/blogs.dir\/1\/files\/sites\/62\/2026\/02\/man-playing-city-game-vasteras-old-town-street.jpg\",\"datePublished\":\"2026-02-05T18:26:37+00:00\",\"dateModified\":\"2026-04-08T09:54:01+00:00\",\"description\":\"Sherlock Holmes Vasteras. Hrajte samostatn\u011b vedenou detektivn\u00ed hru na vra\u017edu (City Game), \u0159e\u0161te h\u00e1danky, sledujte stopy a odhalte vraha vlastn\u00edm tempem!\",\"breadcrumb\":{\"@id\":\"https:\/\/testwebsite.citygame.com\/cs\/games\/vasteras\/sherlock-holmes-vasteras\/#breadcrumb\"},\"inLanguage\":\"cs\",\"potentialAction\":[{\"@type\":\"ReadAction\",\"target\":[\"https:\/\/testwebsite.citygame.com\/cs\/games\/vasteras\/sherlock-holmes-vasteras\/\"]}]},{\"@type\":\"ImageObject\",\"inLanguage\":\"cs\",\"@id\":\"https:\/\/testwebsite.citygame.com\/cs\/games\/vasteras\/sherlock-holmes-vasteras\/#primaryimage\",\"url\":\"https:\/\/testwebsite.citygame.com\/wp-content\/blogs.dir\/1\/files\/sites\/62\/2026\/02\/man-playing-city-game-vasteras-old-town-street.jpg\",\"contentUrl\":\"https:\/\/testwebsite.citygame.com\/wp-content\/blogs.dir\/1\/files\/sites\/62\/2026\/02\/man-playing-city-game-vasteras-old-town-street.jpg\",\"width\":1344,\"height\":768,\"caption\":\"A tourist uses a navigation app on his phone to explore an old street in Vasteras.\"},{\"@type\":\"BreadcrumbList\",\"@id\":\"https:\/\/testwebsite.citygame.com\/cs\/games\/vasteras\/sherlock-holmes-vasteras\/#breadcrumb\",\"itemListElement\":[{\"@type\":\"ListItem\",\"position\":1,\"name\":\"Home\",\"item\":\"https:\/\/testwebsite.citygame.com\/cs\/\"},{\"@type\":\"ListItem\",\"position\":2,\"name\":\"Shop\",\"item\":\"https:\/\/testwebsite.citygame.com\/shop\/\"},{\"@type\":\"ListItem\",\"position\":3,\"name\":\"Sherlock Holmes Vasteras\"}]},{\"@type\":\"WebSite\",\"@id\":\"https:\/\/testwebsite.upevents.nl\/#website\",\"url\":\"https:\/\/testwebsite.upevents.nl\/\",\"name\":\"City Game\",\"description\":\"\",\"publisher\":{\"@id\":\"https:\/\/testwebsite.upevents.nl\/#organization\"},\"alternateName\":\"citygame.com\",\"potentialAction\":[{\"@type\":\"SearchAction\",\"target\":{\"@type\":\"EntryPoint\",\"urlTemplate\":\"https:\/\/testwebsite.upevents.nl\/?s={search_term_string}\"},\"query-input\":{\"@type\":\"PropertyValueSpecification\",\"valueRequired\":true,\"valueName\":\"search_term_string\"}}],\"inLanguage\":\"cs\"},{\"@type\":[\"Organization\",\"Place\"],\"@id\":\"https:\/\/testwebsite.upevents.nl\/#organization\",\"name\":\"City Game\",\"alternateName\":\"citygame.com\",\"url\":\"https:\/\/testwebsite.upevents.nl\/\",\"logo\":{\"@id\":\"https:\/\/testwebsite.citygame.com\/cs\/games\/vasteras\/sherlock-holmes-vasteras\/#local-main-organization-logo\"},\"image\":{\"@id\":\"https:\/\/testwebsite.citygame.com\/cs\/games\/vasteras\/sherlock-holmes-vasteras\/#local-main-organization-logo\"},\"sameAs\":[\"https:\/\/www.facebook.com\/profile.php?id=100086426226253\",\"https:\/\/www.instagram.com\/citygame_com\",\"https:\/\/www.tiktok.com\/@citygamecom\/\",\"https:\/\/www.linkedin.com\/company\/citygame-com\"],\"description\":\"Turn any city into a playground with our interactive City Games and self-guided tours. Fun, flexible, and ideal for groups and team building.\",\"telephone\":[],\"openingHoursSpecification\":[{\"@type\":\"OpeningHoursSpecification\",\"dayOfWeek\":[\"Monday\",\"Tuesday\",\"Wednesday\",\"Thursday\",\"Friday\",\"Saturday\",\"Sunday\"],\"opens\":\"09:00\",\"closes\":\"17:00\"}]},{\"@type\":\"ImageObject\",\"inLanguage\":\"cs\",\"@id\":\"https:\/\/testwebsite.citygame.com\/cs\/games\/vasteras\/sherlock-holmes-vasteras\/#local-main-organization-logo\",\"url\":\"https:\/\/testwebsite.citygame.com\/wp-content\/blogs.dir\/1\/files\/sites\/62\/2025\/10\/CG_LOGO-City-Game.png\",\"contentUrl\":\"https:\/\/testwebsite.citygame.com\/wp-content\/blogs.dir\/1\/files\/sites\/62\/2025\/10\/CG_LOGO-City-Game.png\",\"width\":351,\"height\":377,\"caption\":\"City Game\"}]}<\/script>\n<!-- \/ Yoast SEO Premium plugin. -->","yoast_head_json":{"title":"Sherlock Holmes Vasteras - City Game","description":"Sherlock Holmes Vasteras. Hrajte samostatn\u011b vedenou detektivn\u00ed hru na vra\u017edu (City Game), \u0159e\u0161te h\u00e1danky, sledujte stopy a odhalte vraha vlastn\u00edm tempem!","robots":{"index":"noindex","follow":"follow","max-snippet":"max-snippet:-1","max-image-preview":"max-image-preview:large","max-video-preview":"max-video-preview:-1"},"og_locale":"cs_CZ","og_type":"article","og_title":"Sherlock Holmes Vasteras","og_description":"Sherlock Holmes Vasteras. Hrajte samostatn\u011b vedenou detektivn\u00ed hru na vra\u017edu (City Game), \u0159e\u0161te h\u00e1danky, sledujte stopy a odhalte vraha vlastn\u00edm tempem!","og_url":"https:\/\/testwebsite.citygame.com\/cs\/games\/vasteras\/sherlock-holmes-vasteras\/","og_site_name":"City Game","article_publisher":"https:\/\/www.facebook.com\/profile.php?id=100086426226253","article_modified_time":"2026-04-08T09:54:01+00:00","og_image":[{"width":1344,"height":768,"url":"https:\/\/testwebsite.citygame.com\/wp-content\/blogs.dir\/1\/files\/sites\/62\/2026\/02\/man-playing-city-game-vasteras-old-town-street.jpg","type":"image\/jpeg"}],"twitter_card":"summary_large_image","twitter_misc":{"Odhadovan\u00e1 doba \u010dten\u00ed":"1 minuta"},"schema":{"@context":"https:\/\/schema.org","@graph":[{"@type":"WebPage","@id":"https:\/\/testwebsite.citygame.com\/cs\/games\/vasteras\/sherlock-holmes-vasteras\/","url":"https:\/\/testwebsite.citygame.com\/cs\/games\/vasteras\/sherlock-holmes-vasteras\/","name":"Sherlock Holmes Vasteras - City Game","isPartOf":{"@id":"https:\/\/testwebsite.upevents.nl\/#website"},"primaryImageOfPage":{"@id":"https:\/\/testwebsite.citygame.com\/cs\/games\/vasteras\/sherlock-holmes-vasteras\/#primaryimage"},"image":{"@id":"https:\/\/testwebsite.citygame.com\/cs\/games\/vasteras\/sherlock-holmes-vasteras\/#primaryimage"},"thumbnailUrl":"https:\/\/testwebsite.citygame.com\/wp-content\/blogs.dir\/1\/files\/sites\/62\/2026\/02\/man-playing-city-game-vasteras-old-town-street.jpg","datePublished":"2026-02-05T18:26:37+00:00","dateModified":"2026-04-08T09:54:01+00:00","description":"Sherlock Holmes Vasteras. Hrajte samostatn\u011b vedenou detektivn\u00ed hru na vra\u017edu (City Game), \u0159e\u0161te h\u00e1danky, sledujte stopy a odhalte vraha vlastn\u00edm tempem!","breadcrumb":{"@id":"https:\/\/testwebsite.citygame.com\/cs\/games\/vasteras\/sherlock-holmes-vasteras\/#breadcrumb"},"inLanguage":"cs","potentialAction":[{"@type":"ReadAction","target":["https:\/\/testwebsite.citygame.com\/cs\/games\/vasteras\/sherlock-holmes-vasteras\/"]}]},{"@type":"ImageObject","inLanguage":"cs","@id":"https:\/\/testwebsite.citygame.com\/cs\/games\/vasteras\/sherlock-holmes-vasteras\/#primaryimage","url":"https:\/\/testwebsite.citygame.com\/wp-content\/blogs.dir\/1\/files\/sites\/62\/2026\/02\/man-playing-city-game-vasteras-old-town-street.jpg","contentUrl":"https:\/\/testwebsite.citygame.com\/wp-content\/blogs.dir\/1\/files\/sites\/62\/2026\/02\/man-playing-city-game-vasteras-old-town-street.jpg","width":1344,"height":768,"caption":"A tourist uses a navigation app on his phone to explore an old street in Vasteras."},{"@type":"BreadcrumbList","@id":"https:\/\/testwebsite.citygame.com\/cs\/games\/vasteras\/sherlock-holmes-vasteras\/#breadcrumb","itemListElement":[{"@type":"ListItem","position":1,"name":"Home","item":"https:\/\/testwebsite.citygame.com\/cs\/"},{"@type":"ListItem","position":2,"name":"Shop","item":"https:\/\/testwebsite.citygame.com\/shop\/"},{"@type":"ListItem","position":3,"name":"Sherlock Holmes Vasteras"}]},{"@type":"WebSite","@id":"https:\/\/testwebsite.upevents.nl\/#website","url":"https:\/\/testwebsite.upevents.nl\/","name":"City Game","description":"","publisher":{"@id":"https:\/\/testwebsite.upevents.nl\/#organization"},"alternateName":"citygame.com","potentialAction":[{"@type":"SearchAction","target":{"@type":"EntryPoint","urlTemplate":"https:\/\/testwebsite.upevents.nl\/?s={search_term_string}"},"query-input":{"@type":"PropertyValueSpecification","valueRequired":true,"valueName":"search_term_string"}}],"inLanguage":"cs"},{"@type":["Organization","Place"],"@id":"https:\/\/testwebsite.upevents.nl\/#organization","name":"City Game","alternateName":"citygame.com","url":"https:\/\/testwebsite.upevents.nl\/","logo":{"@id":"https:\/\/testwebsite.citygame.com\/cs\/games\/vasteras\/sherlock-holmes-vasteras\/#local-main-organization-logo"},"image":{"@id":"https:\/\/testwebsite.citygame.com\/cs\/games\/vasteras\/sherlock-holmes-vasteras\/#local-main-organization-logo"},"sameAs":["https:\/\/www.facebook.com\/profile.php?id=100086426226253","https:\/\/www.instagram.com\/citygame_com","https:\/\/www.tiktok.com\/@citygamecom\/","https:\/\/www.linkedin.com\/company\/citygame-com"],"description":"Turn any city into a playground with our interactive City Games and self-guided tours. Fun, flexible, and ideal for groups and team building.","telephone":[],"openingHoursSpecification":[{"@type":"OpeningHoursSpecification","dayOfWeek":["Monday","Tuesday","Wednesday","Thursday","Friday","Saturday","Sunday"],"opens":"09:00","closes":"17:00"}]},{"@type":"ImageObject","inLanguage":"cs","@id":"https:\/\/testwebsite.citygame.com\/cs\/games\/vasteras\/sherlock-holmes-vasteras\/#local-main-organization-logo","url":"https:\/\/testwebsite.citygame.com\/wp-content\/blogs.dir\/1\/files\/sites\/62\/2025\/10\/CG_LOGO-City-Game.png","contentUrl":"https:\/\/testwebsite.citygame.com\/wp-content\/blogs.dir\/1\/files\/sites\/62\/2025\/10\/CG_LOGO-City-Game.png","width":351,"height":377,"caption":"City Game"}]}},"taxonomy_info":{"game-concept":[{"value":768,"label":"Sherlock"}],"location":[{"value":417,"label":"V\u00e4ster\u00e5s"}],"product_cat":[{"value":27,"label":"Geen categorie"}]},"featured_image_src_large":["https:\/\/testwebsite.citygame.com\/wp-content\/blogs.dir\/1\/files\/sites\/62\/2026\/02\/man-playing-city-game-vasteras-old-town-street-1024x585.jpg",1024,585,true],"author_info":[],"comment_info":"","_links":{"self":[{"href":"https:\/\/testwebsite.citygame.com\/cs\/wp-json\/wp\/v2\/product\/62578","targetHints":{"allow":["GET"]}}],"collection":[{"href":"https:\/\/testwebsite.citygame.com\/cs\/wp-json\/wp\/v2\/product"}],"about":[{"href":"https:\/\/testwebsite.citygame.com\/cs\/wp-json\/wp\/v2\/types\/product"}],"acf:post":[{"embeddable":true,"href":"https:\/\/testwebsite.citygame.com\/cs\/wp-json\/wp\/v2\/pages\/7563"}],"wp:featuredmedia":[{"embeddable":true,"href":"https:\/\/testwebsite.citygame.com\/cs\/wp-json\/wp\/v2\/media\/10948"}],"wp:attachment":[{"href":"https:\/\/testwebsite.citygame.com\/cs\/wp-json\/wp\/v2\/media?parent=62578"}],"wp:term":[{"taxonomy":"game-concept","embeddable":true,"href":"https:\/\/testwebsite.citygame.com\/cs\/wp-json\/wp\/v2\/game-concept?post=62578"},{"taxonomy":"location","embeddable":true,"href":"https:\/\/testwebsite.citygame.com\/cs\/wp-json\/wp\/v2\/location?post=62578"},{"taxonomy":"product_brand","embeddable":true,"href":"https:\/\/testwebsite.citygame.com\/cs\/wp-json\/wp\/v2\/product_brand?post=62578"},{"taxonomy":"product_cat","embeddable":true,"href":"https:\/\/testwebsite.citygame.com\/cs\/wp-json\/wp\/v2\/product_cat?post=62578"},{"taxonomy":"product_tag","embeddable":true,"href":"https:\/\/testwebsite.citygame.com\/cs\/wp-json\/wp\/v2\/product_tag?post=62578"}],"curies":[{"name":"wp","href":"https:\/\/api.w.org\/{rel}","templated":true}]}}