{"id":62037,"date":"2026-02-05T17:22:08","date_gmt":"2026-02-05T17:22:08","guid":{"rendered":"https:\/\/testwebsite.citygame.com\/games\/unknown-location\/sherlock-holmes-stockholm\/"},"modified":"2026-04-08T08:50:25","modified_gmt":"2026-04-08T08:50:25","slug":"sherlock-holmes-stockholm","status":"publish","type":"product","link":"https:\/\/testwebsite.citygame.com\/cs\/games\/stockholm\/sherlock-holmes-stockholm\/","title":{"rendered":"Sherlock Holmes Stockholm"},"content":{"rendered":"<p>Vstupte do sv\u011bta Sherlocka Holmese s touto samostatnou, p\u0159\u00edb\u011bhovou detektivn\u00ed City Game hrou s vra\u017edou, kter\u00e1 se odehr\u00e1v\u00e1 v historick\u00e9m centru Stockholmu. Jako detektivov\u00e9 hr\u00e1\u010di odhal\u00ed pravdu za vra\u017edou, ke kter\u00e9 do\u0161lo b\u011bhem Festivalu Svobody, sleduj\u00edc poutav\u00fd p\u0159\u00edb\u011bh, kter\u00fd je provede atmosf\u00e9rick\u00fdmi ulicemi, kde ka\u017ed\u00e1 odbo\u010dka p\u0159edstavuje nov\u00e9 stopy, h\u00e1danky a digit\u00e1ln\u00ed podez\u0159el\u00e9 k v\u00fdslechu. Tato pohlcuj\u00edc\u00ed zku\u0161enost, navr\u017een\u00e1 tak, aby se hr\u00e1la ve va\u0161em vlastn\u00edm tempu, prom\u011bn\u00ed Stockholm v kulisu nap\u00ednav\u00e9ho vy\u0161et\u0159ov\u00e1n\u00ed, kter\u00e9 spojuje tajemstv\u00ed, strategii a dedukci.<\/p>\n","protected":false},"excerpt":{"rendered":"<p>V\u017eijte se do role proslul\u00e9ho detektiva Sherlocka Holmese v samostatn\u00e9 detektivn\u00ed h\u0159e s vra\u017edou, kter\u00e1 se odehr\u00e1v\u00e1 v klikat\u00fdch uli\u010dk\u00e1ch Stockholmu. Se sv\u00fdm t\u00fdmem se vydejte bludi\u0161t\u011bm stop, pot\u00fdkejte se s intrik\u00e1\u0159sk\u00fdmi h\u00e1dankami a odhalujte vrstvy podvod\u016f, abyste objevili mrazivou pravdu \u2013 je to z\u00e1vod s \u010dasem!<\/p>\n","protected":false},"featured_media":10887,"template":"","meta":{"_acf_changed":false,"_yoast_wpseo_focuskw":"Sherlock Holmes Stockholm","_yoast_wpseo_metadesc":"Sherlock Holmes Stockholm. Zahrajte si samostatnou detektivn\u00ed City Game hru s vra\u017edou, \u0159e\u0161te h\u00e1danky, sledujte stopy a odhalte vraha ve sv\u00e9m vlastn\u00edm tempu!","_kad_blocks_custom_css":"","_kad_blocks_head_custom_js":"","_kad_blocks_body_custom_js":"","_kad_blocks_footer_custom_js":"","ghostkit_customizer_options":"","ghostkit_custom_css":"","ghostkit_custom_js_head":"","ghostkit_custom_js_foot":"","ghostkit_typography":"","_kad_post_transparent":"","_kad_post_title":"","_kad_post_layout":"","_kad_post_sidebar_id":"","_kad_post_content_style":"","_kad_post_vertical_padding":"","_kad_post_feature":"","_kad_post_feature_position":"","_kad_post_header":false,"_kad_post_footer":false,"_kad_post_classname":"","_links_to":"","_links_to_target":""},"game-concept":[768],"location":[380],"product_brand":[],"product_cat":[27],"product_tag":[],"class_list":{"0":"post-62037","1":"product","2":"type-product","3":"status-publish","4":"has-post-thumbnail","6":"game-concept-sherlock","7":"location-stockholm","8":"product_cat-geen-categorie","10":"first","11":"instock","12":"shipping-taxable","13":"purchasable","14":"product-type-simple","15":"entry","16":"content-bg","17":"loop-entry"},"acf":{"full_bokun_product_name":"Stockholm Self-Guided Sherlock Holmes Murder Mystery Game","location_name":"Stockholm","bokun_calendar_widget_code":"<script type=\"text\/javascript\" src=\"https:\/\/widgets.bokun.io\/assets\/javascripts\/apps\/build\/BokunWidgetsLoader.js?bookingChannelUUID=a1e93e96-5232-4734-a595-28405f4b5a31\" async><\/script>\n     \n    <div class=\"bokunWidget\" data-src=\"https:\/\/widgets.bokun.io\/online-sales\/a1e93e96-5232-4734-a595-28405f4b5a31\/experience-calendar\/733188\"><\/div>\n    <noscript>Please enable javascript in your browser to book<\/noscript>","bokun_button_widget_code":"<script type=\"text\/javascript\" src=\"https:\/\/widgets.bokun.io\/assets\/javascripts\/apps\/build\/BokunWidgetsLoader.js?bookingChannelUUID=a1e93e96-5232-4734-a595-28405f4b5a31\" async><\/script>\n      <style> #bokun_ed001e45_5927_4f62_b470_ca766338d083 { display: inline-block; padding: .4em 1em; background: #47b82e; border-radius: 999999px; box-shadow: none; font-weight: 600; font-size: 24px; text-decoration: none; text-align: center; color: #FFFFFF; border:none; cursor: pointer; transition: background .2s ease; } #bokun_ed001e45_5927_4f62_b470_ca766338d083:hover{ background: #2f7b1f; } #bokun_ed001e45_5927_4f62_b470_ca766338d083:active{ background: #378f24; } <\/style> <button class=\"bokunButton\" disabled id=bokun_ed001e45_5927_4f62_b470_ca766338d083 data-src=\"https:\/\/widgets.bokun.io\/online-sales\/a1e93e96-5232-4734-a595-28405f4b5a31\/experience-calendar\/733188?partialView=1\" data-testid=\"widget-book-button\" > Book now <\/button> ","what_you\u2019ll_experience_during_the_game":"Vstoup\u00edte do poutav\u00e9ho detektivn\u00edho p\u0159\u00edb\u011bhu zasazen\u00e9ho do Stockholmu, kde ka\u017ed\u00e1 stopa vede hloub\u011bji do z\u00e1hadn\u00e9 vra\u017edy b\u011bhem Festivalu Svobody. Jak se pohybujete m\u011bstem, p\u0159\u00edb\u011bh se rozv\u00edj\u00ed kousek po kousku a vtahuje v\u00e1s do sv\u011bta skryt\u00fdch motiv\u016f a ne\u010dekan\u00fdch souvislost\u00ed. Va\u0161e mise vy\u017eaduje bystr\u00e9 pozorov\u00e1n\u00ed, kritick\u00e9 my\u0161len\u00ed a instinkty zku\u0161en\u00e9ho vy\u0161et\u0159ovatele, zat\u00edmco hled\u00e1te d\u016fkazy, \u0159e\u0161\u00edte h\u00e1danky a sledujete stopy, kter\u00fdch si nikdo jin\u00fd nev\u0161iml.\n\nVy\u0161et\u0159ov\u00e1n\u00ed je pln\u011b p\u0159\u00edb\u011bhov\u00e9, co\u017e znamen\u00e1, \u017ee ka\u017ed\u00e9 rozhodnut\u00ed formuje va\u0161e ch\u00e1p\u00e1n\u00ed p\u0159\u00edpadu. Budete vysl\u00fdchat digit\u00e1ln\u00ed podez\u0159el\u00e9, analyzovat alibi a odhalovat rozpory, kter\u00e9 by mohly odemknout pravdu. D\u011bjov\u00e9 zvraty zpochyb\u0148uj\u00ed va\u0161i intuici na ka\u017ed\u00e9m kroku, a jen pe\u010dlivou dedukc\u00ed m\u016f\u017eete odhalit, co se skute\u010dn\u011b stalo. M\u016f\u017eete hr\u00e1t zcela vlastn\u00edm tempem, pozastavit a pokra\u010dovat, kdykoli v\u00e1m to vyhovuje. Pokud jste v t\u00fdmu, mo\u017en\u00e1 dokonce objev\u00edte vzru\u0161uj\u00edc\u00ed sout\u011b\u017eivost, kdy\u017e z\u00e1vod\u00edte, kdo p\u0159\u00edpad vy\u0159e\u0161\u00ed jako prvn\u00ed.","how_to_play":"Hrajte sami nebo s p\u0159\u00e1teli, rodinou \u010di kolegy v t\u00fdmech a\u017e \u010dty\u0159 osob na jedno za\u0159\u00edzen\u00ed. Po rezervaci obdr\u017e\u00edte e-mail s pokyny a v\u0161\u00edm, co pot\u0159ebujete.","start_location":"Stockholm, Stortorget","available_languages":["en","es","fr","de","it","nl"],"players_per_group":"1-4","duration":"1.5-2 hours","image_overlay_color_image":"https:\/\/testwebsite.citygame.com\/wp-content\/blogs.dir\/1\/files\/sites\/62\/2026\/01\/SherlockColor.svg","image_overlay_game_logo":"https:\/\/testwebsite.citygame.com\/wp-content\/blogs.dir\/1\/files\/sites\/62\/2026\/01\/SherlockLogo.png","city_page":5571,"woocommerce_general_content":null},"yoast_head":"<!-- This site is optimized with the Yoast SEO Premium plugin v26.2 (Yoast SEO v26.3) - https:\/\/yoast.com\/wordpress\/plugins\/seo\/ -->\n<title>Sherlock Holmes Stockholm - City Game<\/title>\n<meta name=\"description\" content=\"Sherlock Holmes Stockholm. Zahrajte si samostatnou detektivn\u00ed City Game hru s vra\u017edou, \u0159e\u0161te h\u00e1danky, sledujte stopy a odhalte vraha ve sv\u00e9m vlastn\u00edm tempu!\" \/>\n<meta name=\"robots\" content=\"noindex, follow, max-snippet:-1, max-image-preview:large, max-video-preview:-1\" \/>\n<meta property=\"og:locale\" content=\"cs_CZ\" \/>\n<meta property=\"og:type\" content=\"article\" \/>\n<meta property=\"og:title\" content=\"Sherlock Holmes Stockholm\" \/>\n<meta property=\"og:description\" content=\"Sherlock Holmes Stockholm. Zahrajte si samostatnou detektivn\u00ed City Game hru s vra\u017edou, \u0159e\u0161te h\u00e1danky, sledujte stopy a odhalte vraha ve sv\u00e9m vlastn\u00edm tempu!\" \/>\n<meta property=\"og:url\" content=\"https:\/\/testwebsite.citygame.com\/cs\/games\/stockholm\/sherlock-holmes-stockholm\/\" \/>\n<meta property=\"og:site_name\" content=\"City Game\" \/>\n<meta property=\"article:publisher\" content=\"https:\/\/www.facebook.com\/profile.php?id=100086426226253\" \/>\n<meta property=\"article:modified_time\" content=\"2026-04-08T08:50:25+00:00\" \/>\n<meta property=\"og:image\" content=\"https:\/\/testwebsite.citygame.com\/wp-content\/blogs.dir\/1\/files\/sites\/62\/2026\/02\/woman-playing-sherlock-city-game-stockholm-street.jpg\" \/>\n\t<meta property=\"og:image:width\" content=\"1344\" \/>\n\t<meta property=\"og:image:height\" content=\"768\" \/>\n\t<meta property=\"og:image:type\" content=\"image\/jpeg\" \/>\n<meta name=\"twitter:card\" content=\"summary_large_image\" \/>\n<meta name=\"twitter:label1\" content=\"Odhadovan\u00e1 doba \u010dten\u00ed\" \/>\n\t<meta name=\"twitter:data1\" content=\"1 minuta\" \/>\n<script type=\"application\/ld+json\" class=\"yoast-schema-graph\">{\"@context\":\"https:\/\/schema.org\",\"@graph\":[{\"@type\":\"WebPage\",\"@id\":\"https:\/\/testwebsite.citygame.com\/cs\/games\/stockholm\/sherlock-holmes-stockholm\/\",\"url\":\"https:\/\/testwebsite.citygame.com\/cs\/games\/stockholm\/sherlock-holmes-stockholm\/\",\"name\":\"Sherlock Holmes Stockholm - City Game\",\"isPartOf\":{\"@id\":\"https:\/\/testwebsite.upevents.nl\/#website\"},\"primaryImageOfPage\":{\"@id\":\"https:\/\/testwebsite.citygame.com\/cs\/games\/stockholm\/sherlock-holmes-stockholm\/#primaryimage\"},\"image\":{\"@id\":\"https:\/\/testwebsite.citygame.com\/cs\/games\/stockholm\/sherlock-holmes-stockholm\/#primaryimage\"},\"thumbnailUrl\":\"https:\/\/testwebsite.citygame.com\/wp-content\/blogs.dir\/1\/files\/sites\/62\/2026\/02\/woman-playing-sherlock-city-game-stockholm-street.jpg\",\"datePublished\":\"2026-02-05T17:22:08+00:00\",\"dateModified\":\"2026-04-08T08:50:25+00:00\",\"description\":\"Sherlock Holmes Stockholm. Zahrajte si samostatnou detektivn\u00ed City Game hru s vra\u017edou, \u0159e\u0161te h\u00e1danky, sledujte stopy a odhalte vraha ve sv\u00e9m vlastn\u00edm tempu!\",\"breadcrumb\":{\"@id\":\"https:\/\/testwebsite.citygame.com\/cs\/games\/stockholm\/sherlock-holmes-stockholm\/#breadcrumb\"},\"inLanguage\":\"cs\",\"potentialAction\":[{\"@type\":\"ReadAction\",\"target\":[\"https:\/\/testwebsite.citygame.com\/cs\/games\/stockholm\/sherlock-holmes-stockholm\/\"]}]},{\"@type\":\"ImageObject\",\"inLanguage\":\"cs\",\"@id\":\"https:\/\/testwebsite.citygame.com\/cs\/games\/stockholm\/sherlock-holmes-stockholm\/#primaryimage\",\"url\":\"https:\/\/testwebsite.citygame.com\/wp-content\/blogs.dir\/1\/files\/sites\/62\/2026\/02\/woman-playing-sherlock-city-game-stockholm-street.jpg\",\"contentUrl\":\"https:\/\/testwebsite.citygame.com\/wp-content\/blogs.dir\/1\/files\/sites\/62\/2026\/02\/woman-playing-sherlock-city-game-stockholm-street.jpg\",\"width\":1344,\"height\":768,\"caption\":\"A player uses her phone to navigate the historic streets of Stockholm during a game.\"},{\"@type\":\"BreadcrumbList\",\"@id\":\"https:\/\/testwebsite.citygame.com\/cs\/games\/stockholm\/sherlock-holmes-stockholm\/#breadcrumb\",\"itemListElement\":[{\"@type\":\"ListItem\",\"position\":1,\"name\":\"Home\",\"item\":\"https:\/\/testwebsite.citygame.com\/cs\/\"},{\"@type\":\"ListItem\",\"position\":2,\"name\":\"Shop\",\"item\":\"https:\/\/testwebsite.citygame.com\/shop\/\"},{\"@type\":\"ListItem\",\"position\":3,\"name\":\"Sherlock Holmes Stockholm\"}]},{\"@type\":\"WebSite\",\"@id\":\"https:\/\/testwebsite.upevents.nl\/#website\",\"url\":\"https:\/\/testwebsite.upevents.nl\/\",\"name\":\"City Game\",\"description\":\"\",\"publisher\":{\"@id\":\"https:\/\/testwebsite.upevents.nl\/#organization\"},\"alternateName\":\"citygame.com\",\"potentialAction\":[{\"@type\":\"SearchAction\",\"target\":{\"@type\":\"EntryPoint\",\"urlTemplate\":\"https:\/\/testwebsite.upevents.nl\/?s={search_term_string}\"},\"query-input\":{\"@type\":\"PropertyValueSpecification\",\"valueRequired\":true,\"valueName\":\"search_term_string\"}}],\"inLanguage\":\"cs\"},{\"@type\":[\"Organization\",\"Place\"],\"@id\":\"https:\/\/testwebsite.upevents.nl\/#organization\",\"name\":\"City Game\",\"alternateName\":\"citygame.com\",\"url\":\"https:\/\/testwebsite.upevents.nl\/\",\"logo\":{\"@id\":\"https:\/\/testwebsite.citygame.com\/cs\/games\/stockholm\/sherlock-holmes-stockholm\/#local-main-organization-logo\"},\"image\":{\"@id\":\"https:\/\/testwebsite.citygame.com\/cs\/games\/stockholm\/sherlock-holmes-stockholm\/#local-main-organization-logo\"},\"sameAs\":[\"https:\/\/www.facebook.com\/profile.php?id=100086426226253\",\"https:\/\/www.instagram.com\/citygame_com\",\"https:\/\/www.tiktok.com\/@citygamecom\/\",\"https:\/\/www.linkedin.com\/company\/citygame-com\"],\"description\":\"Turn any city into a playground with our interactive City Games and self-guided tours. Fun, flexible, and ideal for groups and team building.\",\"telephone\":[],\"openingHoursSpecification\":[{\"@type\":\"OpeningHoursSpecification\",\"dayOfWeek\":[\"Monday\",\"Tuesday\",\"Wednesday\",\"Thursday\",\"Friday\",\"Saturday\",\"Sunday\"],\"opens\":\"09:00\",\"closes\":\"17:00\"}]},{\"@type\":\"ImageObject\",\"inLanguage\":\"cs\",\"@id\":\"https:\/\/testwebsite.citygame.com\/cs\/games\/stockholm\/sherlock-holmes-stockholm\/#local-main-organization-logo\",\"url\":\"https:\/\/testwebsite.citygame.com\/wp-content\/blogs.dir\/1\/files\/sites\/62\/2025\/10\/CG_LOGO-City-Game.png\",\"contentUrl\":\"https:\/\/testwebsite.citygame.com\/wp-content\/blogs.dir\/1\/files\/sites\/62\/2025\/10\/CG_LOGO-City-Game.png\",\"width\":351,\"height\":377,\"caption\":\"City Game\"}]}<\/script>\n<!-- \/ Yoast SEO Premium plugin. -->","yoast_head_json":{"title":"Sherlock Holmes Stockholm - City Game","description":"Sherlock Holmes Stockholm. Zahrajte si samostatnou detektivn\u00ed City Game hru s vra\u017edou, \u0159e\u0161te h\u00e1danky, sledujte stopy a odhalte vraha ve sv\u00e9m vlastn\u00edm tempu!","robots":{"index":"noindex","follow":"follow","max-snippet":"max-snippet:-1","max-image-preview":"max-image-preview:large","max-video-preview":"max-video-preview:-1"},"og_locale":"cs_CZ","og_type":"article","og_title":"Sherlock Holmes Stockholm","og_description":"Sherlock Holmes Stockholm. Zahrajte si samostatnou detektivn\u00ed City Game hru s vra\u017edou, \u0159e\u0161te h\u00e1danky, sledujte stopy a odhalte vraha ve sv\u00e9m vlastn\u00edm tempu!","og_url":"https:\/\/testwebsite.citygame.com\/cs\/games\/stockholm\/sherlock-holmes-stockholm\/","og_site_name":"City Game","article_publisher":"https:\/\/www.facebook.com\/profile.php?id=100086426226253","article_modified_time":"2026-04-08T08:50:25+00:00","og_image":[{"width":1344,"height":768,"url":"https:\/\/testwebsite.citygame.com\/wp-content\/blogs.dir\/1\/files\/sites\/62\/2026\/02\/woman-playing-sherlock-city-game-stockholm-street.jpg","type":"image\/jpeg"}],"twitter_card":"summary_large_image","twitter_misc":{"Odhadovan\u00e1 doba \u010dten\u00ed":"1 minuta"},"schema":{"@context":"https:\/\/schema.org","@graph":[{"@type":"WebPage","@id":"https:\/\/testwebsite.citygame.com\/cs\/games\/stockholm\/sherlock-holmes-stockholm\/","url":"https:\/\/testwebsite.citygame.com\/cs\/games\/stockholm\/sherlock-holmes-stockholm\/","name":"Sherlock Holmes Stockholm - City Game","isPartOf":{"@id":"https:\/\/testwebsite.upevents.nl\/#website"},"primaryImageOfPage":{"@id":"https:\/\/testwebsite.citygame.com\/cs\/games\/stockholm\/sherlock-holmes-stockholm\/#primaryimage"},"image":{"@id":"https:\/\/testwebsite.citygame.com\/cs\/games\/stockholm\/sherlock-holmes-stockholm\/#primaryimage"},"thumbnailUrl":"https:\/\/testwebsite.citygame.com\/wp-content\/blogs.dir\/1\/files\/sites\/62\/2026\/02\/woman-playing-sherlock-city-game-stockholm-street.jpg","datePublished":"2026-02-05T17:22:08+00:00","dateModified":"2026-04-08T08:50:25+00:00","description":"Sherlock Holmes Stockholm. Zahrajte si samostatnou detektivn\u00ed City Game hru s vra\u017edou, \u0159e\u0161te h\u00e1danky, sledujte stopy a odhalte vraha ve sv\u00e9m vlastn\u00edm tempu!","breadcrumb":{"@id":"https:\/\/testwebsite.citygame.com\/cs\/games\/stockholm\/sherlock-holmes-stockholm\/#breadcrumb"},"inLanguage":"cs","potentialAction":[{"@type":"ReadAction","target":["https:\/\/testwebsite.citygame.com\/cs\/games\/stockholm\/sherlock-holmes-stockholm\/"]}]},{"@type":"ImageObject","inLanguage":"cs","@id":"https:\/\/testwebsite.citygame.com\/cs\/games\/stockholm\/sherlock-holmes-stockholm\/#primaryimage","url":"https:\/\/testwebsite.citygame.com\/wp-content\/blogs.dir\/1\/files\/sites\/62\/2026\/02\/woman-playing-sherlock-city-game-stockholm-street.jpg","contentUrl":"https:\/\/testwebsite.citygame.com\/wp-content\/blogs.dir\/1\/files\/sites\/62\/2026\/02\/woman-playing-sherlock-city-game-stockholm-street.jpg","width":1344,"height":768,"caption":"A player uses her phone to navigate the historic streets of Stockholm during a game."},{"@type":"BreadcrumbList","@id":"https:\/\/testwebsite.citygame.com\/cs\/games\/stockholm\/sherlock-holmes-stockholm\/#breadcrumb","itemListElement":[{"@type":"ListItem","position":1,"name":"Home","item":"https:\/\/testwebsite.citygame.com\/cs\/"},{"@type":"ListItem","position":2,"name":"Shop","item":"https:\/\/testwebsite.citygame.com\/shop\/"},{"@type":"ListItem","position":3,"name":"Sherlock Holmes Stockholm"}]},{"@type":"WebSite","@id":"https:\/\/testwebsite.upevents.nl\/#website","url":"https:\/\/testwebsite.upevents.nl\/","name":"City Game","description":"","publisher":{"@id":"https:\/\/testwebsite.upevents.nl\/#organization"},"alternateName":"citygame.com","potentialAction":[{"@type":"SearchAction","target":{"@type":"EntryPoint","urlTemplate":"https:\/\/testwebsite.upevents.nl\/?s={search_term_string}"},"query-input":{"@type":"PropertyValueSpecification","valueRequired":true,"valueName":"search_term_string"}}],"inLanguage":"cs"},{"@type":["Organization","Place"],"@id":"https:\/\/testwebsite.upevents.nl\/#organization","name":"City Game","alternateName":"citygame.com","url":"https:\/\/testwebsite.upevents.nl\/","logo":{"@id":"https:\/\/testwebsite.citygame.com\/cs\/games\/stockholm\/sherlock-holmes-stockholm\/#local-main-organization-logo"},"image":{"@id":"https:\/\/testwebsite.citygame.com\/cs\/games\/stockholm\/sherlock-holmes-stockholm\/#local-main-organization-logo"},"sameAs":["https:\/\/www.facebook.com\/profile.php?id=100086426226253","https:\/\/www.instagram.com\/citygame_com","https:\/\/www.tiktok.com\/@citygamecom\/","https:\/\/www.linkedin.com\/company\/citygame-com"],"description":"Turn any city into a playground with our interactive City Games and self-guided tours. Fun, flexible, and ideal for groups and team building.","telephone":[],"openingHoursSpecification":[{"@type":"OpeningHoursSpecification","dayOfWeek":["Monday","Tuesday","Wednesday","Thursday","Friday","Saturday","Sunday"],"opens":"09:00","closes":"17:00"}]},{"@type":"ImageObject","inLanguage":"cs","@id":"https:\/\/testwebsite.citygame.com\/cs\/games\/stockholm\/sherlock-holmes-stockholm\/#local-main-organization-logo","url":"https:\/\/testwebsite.citygame.com\/wp-content\/blogs.dir\/1\/files\/sites\/62\/2025\/10\/CG_LOGO-City-Game.png","contentUrl":"https:\/\/testwebsite.citygame.com\/wp-content\/blogs.dir\/1\/files\/sites\/62\/2025\/10\/CG_LOGO-City-Game.png","width":351,"height":377,"caption":"City Game"}]}},"taxonomy_info":{"game-concept":[{"value":768,"label":"Sherlock"}],"location":[{"value":380,"label":"Stockholm"}],"product_cat":[{"value":27,"label":"Geen categorie"}]},"featured_image_src_large":["https:\/\/testwebsite.citygame.com\/wp-content\/blogs.dir\/1\/files\/sites\/62\/2026\/02\/woman-playing-sherlock-city-game-stockholm-street-1024x585.jpg",1024,585,true],"author_info":[],"comment_info":"","_links":{"self":[{"href":"https:\/\/testwebsite.citygame.com\/cs\/wp-json\/wp\/v2\/product\/62037","targetHints":{"allow":["GET"]}}],"collection":[{"href":"https:\/\/testwebsite.citygame.com\/cs\/wp-json\/wp\/v2\/product"}],"about":[{"href":"https:\/\/testwebsite.citygame.com\/cs\/wp-json\/wp\/v2\/types\/product"}],"acf:post":[{"embeddable":true,"href":"https:\/\/testwebsite.citygame.com\/cs\/wp-json\/wp\/v2\/pages\/5571"}],"wp:featuredmedia":[{"embeddable":true,"href":"https:\/\/testwebsite.citygame.com\/cs\/wp-json\/wp\/v2\/media\/10887"}],"wp:attachment":[{"href":"https:\/\/testwebsite.citygame.com\/cs\/wp-json\/wp\/v2\/media?parent=62037"}],"wp:term":[{"taxonomy":"game-concept","embeddable":true,"href":"https:\/\/testwebsite.citygame.com\/cs\/wp-json\/wp\/v2\/game-concept?post=62037"},{"taxonomy":"location","embeddable":true,"href":"https:\/\/testwebsite.citygame.com\/cs\/wp-json\/wp\/v2\/location?post=62037"},{"taxonomy":"product_brand","embeddable":true,"href":"https:\/\/testwebsite.citygame.com\/cs\/wp-json\/wp\/v2\/product_brand?post=62037"},{"taxonomy":"product_cat","embeddable":true,"href":"https:\/\/testwebsite.citygame.com\/cs\/wp-json\/wp\/v2\/product_cat?post=62037"},{"taxonomy":"product_tag","embeddable":true,"href":"https:\/\/testwebsite.citygame.com\/cs\/wp-json\/wp\/v2\/product_tag?post=62037"}],"curies":[{"name":"wp","href":"https:\/\/api.w.org\/{rel}","templated":true}]}}