{"id":61111,"date":"2026-03-12T16:59:02","date_gmt":"2026-03-12T16:59:02","guid":{"rendered":"https:\/\/testwebsite.citygame.com\/games\/unknown-location\/secrets-of-nice\/"},"modified":"2026-04-08T07:07:38","modified_gmt":"2026-04-08T07:07:38","slug":"secrets-of-nice","status":"publish","type":"product","link":"https:\/\/testwebsite.citygame.com\/cs\/games\/nice\/secrets-of-nice\/","title":{"rendered":"Secrets of Nice"},"content":{"rendered":"<p>Objevte m\u011bsto jako nikdy p\u0159edt\u00edm s na\u0161\u00ed samonav\u00e1d\u011bc\u00ed hrou &#8218;Secrets of Nice City Game&#8216; zalo\u017eenou na GPS. Tato inovativn\u00ed pozn\u00e1vac\u00ed hra v\u00e1s provede historick\u00fdm centrem Nice s va\u0161\u00edm chytr\u00fdm telefonem jako pr\u016fvodcem. P\u0159i proch\u00e1zen\u00ed malebn\u00fdmi m\u00edsty m\u011bsta se pono\u0159\u00edte do zaj\u00edmav\u00fdch h\u00e1danek, poutav\u00fdch r\u00e9bus\u016f a z\u00e1bavn\u00fdch fotografick\u00fdch v\u00fdzev. S ka\u017ed\u00fdm krokem odhal\u00edte skryt\u00e9 aspekty historie, kultury a nevid\u011bn\u00fdch detail\u016f Nice, \u010d\u00edm\u017e obohat\u00edte svou proch\u00e1zku t\u00edmto okouzluj\u00edc\u00edm francouzsk\u00fdm m\u011bstem. Hra m\u00e1 \u0161irok\u00e9 uplatn\u011bn\u00ed \u2013 a\u0165 u\u017e jste m\u00edstn\u00ed obyvatel nebo n\u00e1v\u0161t\u011bvn\u00edk, s\u00f3lo objevitel nebo sou\u010d\u00e1st p\u00e1ru, rodiny \u010di skupiny p\u0159\u00e1tel. P\u0159ij\u010fte a za\u017eijte tento jedine\u010dn\u00fd p\u0159\u00edstup k objevov\u00e1n\u00ed Nice; slibujeme, \u017ee to va\u0161\u00ed n\u00e1v\u0161t\u011bv\u011b dod\u00e1 dal\u0161\u00ed vrstvu z\u00e1bavy a vhledu.<\/p>\n","protected":false},"excerpt":{"rendered":"<p>Objevte z\u00e1\u0159i a rivi\u00e9ru Nice! Projd\u011bte m\u011bstem, kde v ka\u017ed\u00e9m rohu vzkv\u00e9t\u00e1 um\u011bn\u00ed a v labyrintu star\u00e9ho m\u011bsta \u0161um\u00ed p\u0159\u00edb\u011bhy star\u00fdch \u0159\u00ed\u0161\u00ed. Sb\u00edrejte n\u00e1pov\u011bdy p\u0159i navigaci jeho jisk\u0159iv\u00fdm j\u00e1drem, Nice p\u0159ekypuje kouzlem na ka\u017ed\u00e9m kroku!<\/p>\n","protected":false},"featured_media":18329,"template":"","meta":{"_acf_changed":false,"_yoast_wpseo_focuskw":"Secrets of Nice","_yoast_wpseo_metadesc":"Secrets of Nice. Hrajte samonav\u00e1d\u011bc\u00ed m\u011bstskou hru a prozkoumejte m\u011bsto prost\u0159ednictv\u00edm h\u00e1danek, r\u00e9bus\u016f a v\u00fdzev. Hrajte vlastn\u00edm tempem a objevujte jako m\u00edstn\u00ed!","_kad_blocks_custom_css":"","_kad_blocks_head_custom_js":"","_kad_blocks_body_custom_js":"","_kad_blocks_footer_custom_js":"","ghostkit_customizer_options":"","ghostkit_custom_css":"","ghostkit_custom_js_head":"","ghostkit_custom_js_foot":"","ghostkit_typography":"","_kad_post_transparent":"default","_kad_post_title":"","_kad_post_layout":"default","_kad_post_sidebar_id":"","_kad_post_content_style":"default","_kad_post_vertical_padding":"default","_kad_post_feature":"","_kad_post_feature_position":"","_kad_post_header":false,"_kad_post_footer":false,"_kad_post_classname":"","_links_to":"","_links_to_target":""},"game-concept":[707],"location":[296],"product_brand":[],"product_cat":[27],"product_tag":[],"class_list":{"0":"post-61111","1":"product","2":"type-product","3":"status-publish","4":"has-post-thumbnail","6":"game-concept-secrets","7":"location-nice","8":"product_cat-geen-categorie","10":"first","11":"instock","12":"shipping-taxable","13":"purchasable","14":"product-type-simple","15":"entry","16":"content-bg","17":"loop-entry"},"acf":{"full_bokun_product_name":"Self-Guided Secrets of Nice Exploration Game","location_name":"Nice","bokun_calendar_widget_code":"<script type=\"text\/javascript\" src=\"https:\/\/widgets.bokun.io\/assets\/javascripts\/apps\/build\/BokunWidgetsLoader.js?bookingChannelUUID=a1e93e96-5232-4734-a595-28405f4b5a31\" async><\/script>\n     \n    <div class=\"bokunWidget\" data-src=\"https:\/\/widgets.bokun.io\/online-sales\/a1e93e96-5232-4734-a595-28405f4b5a31\/experience-calendar\/853417\"><\/div>\n    <noscript>Please enable javascript in your browser to book<\/noscript>","bokun_button_widget_code":"<script type=\"text\/javascript\" src=\"https:\/\/widgets.bokun.io\/assets\/javascripts\/apps\/build\/BokunWidgetsLoader.js?bookingChannelUUID=a1e93e96-5232-4734-a595-28405f4b5a31\" async><\/script>\n      <style> #bokun_ed001e45_5927_4f62_b470_ca766338d083 { display: inline-block; padding: .4em 1em; background: #47b82e; border-radius: 999999px; box-shadow: none; font-weight: 600; font-size: 24px; text-decoration: none; text-align: center; color: #FFFFFF; border:none; cursor: pointer; transition: background .2s ease; } #bokun_ed001e45_5927_4f62_b470_ca766338d083:hover{ background: #2f7b1f; } #bokun_ed001e45_5927_4f62_b470_ca766338d083:active{ background: #378f24; } <\/style> <button class=\"bokunButton\" disabled id=bokun_ed001e45_5927_4f62_b470_ca766338d083 data-src=\"https:\/\/widgets.bokun.io\/online-sales\/a1e93e96-5232-4734-a595-28405f4b5a31\/experience-calendar\/853417?partialView=1\" data-testid=\"widget-book-button\" > Book now <\/button> ","what_you\u2019ll_experience_during_the_game":"Hra 'Secrets of Nice City Game' nab\u00edz\u00ed jedine\u010dn\u00e9 spojen\u00ed tradi\u010dn\u00edho pozn\u00e1v\u00e1n\u00ed pam\u00e1tek a poutav\u00e9ho vypr\u00e1v\u011bn\u00ed. P\u0159i rozpl\u00e9t\u00e1n\u00ed pohlcuj\u00edc\u00edho p\u0159\u00edb\u011bhu budete vedeni k ikonick\u00fdm i skryt\u00fdm klenot\u016fm roztrou\u0161en\u00fdm po pulzuj\u00edc\u00edm m\u011bst\u011b Nice. Ka\u017ed\u00fd kout m\u011bsta m\u00e1 sv\u016fj vlastn\u00ed p\u0159\u00edb\u011bh, a\u0165 u\u017e prozkoum\u00e1v\u00e1te malovan\u00e9 zdi star\u00e9ho m\u011bsta, sv\u011b\u017e\u00ed rozlohu Castle Hill, nebo malebnou French Riviera, skute\u010dn\u011b poc\u00edt\u00edte pulzuj\u00edc\u00ed energii, kter\u00e1 d\u011bl\u00e1 z Nice tak okouzluj\u00edc\u00ed m\u00edsto.\r\n\r\nVa\u0161e cesta Nice je tak\u00e9 vzru\u0161uj\u00edc\u00ed strategick\u00e1 hra, kde budete \u0159e\u0161it z\u00e1hadn\u00e9 h\u00e1danky, p\u0159ekvapiv\u00e9 ot\u00e1zky a kreativn\u00ed fotografick\u00e9 v\u00fdzvy, kter\u00e9 o\u017eiv\u00ed osobnost m\u011bsta. Va\u0161e kritick\u00e9 my\u0161len\u00ed bude podrobeno zkou\u0161ce, ka\u017ed\u00e1 vy\u0159e\u0161en\u00e1 h\u00e1danka a p\u0159ekonan\u00e1 v\u00fdzva v\u00e1m pom\u016f\u017ee z\u00edskat body, odhal\u00ed novou \u010d\u00e1st p\u0159\u00edb\u011bhu nebo odemkne d\u016fle\u017eit\u00e9 stopy k z\u00e1kladn\u00ed z\u00e1had\u011b, kter\u00e1 udr\u017euje hru zaj\u00edmavou a\u017e do konce. Hra je navr\u017eena tak, aby odpov\u00eddala va\u0161emu tempu, co\u017e v\u00e1m umo\u017e\u0148uje kdykoli si p\u0159\u00e1t pozastavit se a d\u00e9le si u\u017e\u00edvat zlat\u00e9ho pob\u0159e\u017e\u00ed Nice, pokud si p\u0159ejete. A pokud m\u00e1te sout\u011b\u017eiv\u00e9ho ducha, v t\u00e9to pozn\u00e1vac\u00ed h\u0159e na v\u00e1s \u010dek\u00e1 vzru\u0161uj\u00edc\u00ed z\u00e1vod o um\u00edst\u011bn\u00ed v \u017eeb\u0159\u00ed\u010dku. Objevte 'Secrets of Nice' a prom\u011b\u0148te svou cestu m\u011bstem v nezapomenuteln\u00e9 dobrodru\u017estv\u00ed.","how_to_play":"Zarezervujte si pozn\u00e1vac\u00ed hru, zkontrolujte e-mail, kter\u00fd v\u00e1m po\u0161leme s jednoduch\u00fdmi pokyny, st\u00e1hn\u011bte si aplikaci Loquiz, p\u0159istupte k pozn\u00e1vac\u00ed h\u0159e a jste p\u0159ipraveni za\u010d\u00edt sv\u016fj hern\u00ed z\u00e1\u017eitek!","start_location":"Nice, Place Rossetti","available_languages":["en"],"players_per_group":"1-4","duration":"1.5-2 hours","image_overlay_color_image":"https:\/\/testwebsite.citygame.com\/wp-content\/blogs.dir\/1\/files\/sites\/62\/2026\/01\/SecretsColor.svg","image_overlay_game_logo":"https:\/\/testwebsite.citygame.com\/wp-content\/blogs.dir\/1\/files\/sites\/62\/2026\/01\/SecretsLogo.png","city_page":14108,"woocommerce_general_content":null},"yoast_head":"<!-- This site is optimized with the Yoast SEO Premium plugin v26.2 (Yoast SEO v26.3) - https:\/\/yoast.com\/wordpress\/plugins\/seo\/ -->\n<title>Secrets of Nice - City Game<\/title>\n<meta name=\"description\" content=\"Secrets of Nice. Hrajte samonav\u00e1d\u011bc\u00ed m\u011bstskou hru a prozkoumejte m\u011bsto prost\u0159ednictv\u00edm h\u00e1danek, r\u00e9bus\u016f a v\u00fdzev. Hrajte vlastn\u00edm tempem a objevujte jako m\u00edstn\u00ed!\" \/>\n<meta name=\"robots\" content=\"noindex, follow, max-snippet:-1, max-image-preview:large, max-video-preview:-1\" \/>\n<meta property=\"og:locale\" content=\"cs_CZ\" \/>\n<meta property=\"og:type\" content=\"article\" \/>\n<meta property=\"og:title\" content=\"Secrets of Nice\" \/>\n<meta property=\"og:description\" content=\"Secrets of Nice. Hrajte samonav\u00e1d\u011bc\u00ed m\u011bstskou hru a prozkoumejte m\u011bsto prost\u0159ednictv\u00edm h\u00e1danek, r\u00e9bus\u016f a v\u00fdzev. Hrajte vlastn\u00edm tempem a objevujte jako m\u00edstn\u00ed!\" \/>\n<meta property=\"og:url\" content=\"https:\/\/testwebsite.citygame.com\/cs\/games\/nice\/secrets-of-nice\/\" \/>\n<meta property=\"og:site_name\" content=\"City Game\" \/>\n<meta property=\"article:publisher\" content=\"https:\/\/www.facebook.com\/profile.php?id=100086426226253\" \/>\n<meta property=\"article:modified_time\" content=\"2026-04-08T07:07:38+00:00\" \/>\n<meta property=\"og:image\" content=\"https:\/\/testwebsite.citygame.com\/wp-content\/blogs.dir\/1\/files\/sites\/62\/2026\/03\/city-game-players-nice-plaza-france.jpg\" \/>\n\t<meta property=\"og:image:width\" content=\"1024\" \/>\n\t<meta property=\"og:image:height\" content=\"1024\" \/>\n\t<meta property=\"og:image:type\" content=\"image\/jpeg\" \/>\n<meta name=\"twitter:card\" content=\"summary_large_image\" \/>\n<meta name=\"twitter:label1\" content=\"Odhadovan\u00e1 doba \u010dten\u00ed\" \/>\n\t<meta name=\"twitter:data1\" content=\"1 minuta\" \/>\n<script type=\"application\/ld+json\" class=\"yoast-schema-graph\">{\"@context\":\"https:\/\/schema.org\",\"@graph\":[{\"@type\":\"WebPage\",\"@id\":\"https:\/\/testwebsite.citygame.com\/cs\/games\/nice\/secrets-of-nice\/\",\"url\":\"https:\/\/testwebsite.citygame.com\/cs\/games\/nice\/secrets-of-nice\/\",\"name\":\"Secrets of Nice - City Game\",\"isPartOf\":{\"@id\":\"https:\/\/testwebsite.upevents.nl\/#website\"},\"primaryImageOfPage\":{\"@id\":\"https:\/\/testwebsite.citygame.com\/cs\/games\/nice\/secrets-of-nice\/#primaryimage\"},\"image\":{\"@id\":\"https:\/\/testwebsite.citygame.com\/cs\/games\/nice\/secrets-of-nice\/#primaryimage\"},\"thumbnailUrl\":\"https:\/\/testwebsite.citygame.com\/wp-content\/blogs.dir\/1\/files\/sites\/62\/2026\/03\/city-game-players-nice-plaza-france.jpg\",\"datePublished\":\"2026-03-12T16:59:02+00:00\",\"dateModified\":\"2026-04-08T07:07:38+00:00\",\"description\":\"Secrets of Nice. Hrajte samonav\u00e1d\u011bc\u00ed m\u011bstskou hru a prozkoumejte m\u011bsto prost\u0159ednictv\u00edm h\u00e1danek, r\u00e9bus\u016f a v\u00fdzev. Hrajte vlastn\u00edm tempem a objevujte jako m\u00edstn\u00ed!\",\"breadcrumb\":{\"@id\":\"https:\/\/testwebsite.citygame.com\/cs\/games\/nice\/secrets-of-nice\/#breadcrumb\"},\"inLanguage\":\"cs\",\"potentialAction\":[{\"@type\":\"ReadAction\",\"target\":[\"https:\/\/testwebsite.citygame.com\/cs\/games\/nice\/secrets-of-nice\/\"]}]},{\"@type\":\"ImageObject\",\"inLanguage\":\"cs\",\"@id\":\"https:\/\/testwebsite.citygame.com\/cs\/games\/nice\/secrets-of-nice\/#primaryimage\",\"url\":\"https:\/\/testwebsite.citygame.com\/wp-content\/blogs.dir\/1\/files\/sites\/62\/2026\/03\/city-game-players-nice-plaza-france.jpg\",\"contentUrl\":\"https:\/\/testwebsite.citygame.com\/wp-content\/blogs.dir\/1\/files\/sites\/62\/2026\/03\/city-game-players-nice-plaza-france.jpg\",\"width\":1024,\"height\":1024,\"caption\":\"A group of young people gather around a smartphone while playing an outdoor city game.\"},{\"@type\":\"BreadcrumbList\",\"@id\":\"https:\/\/testwebsite.citygame.com\/cs\/games\/nice\/secrets-of-nice\/#breadcrumb\",\"itemListElement\":[{\"@type\":\"ListItem\",\"position\":1,\"name\":\"Home\",\"item\":\"https:\/\/testwebsite.citygame.com\/cs\/\"},{\"@type\":\"ListItem\",\"position\":2,\"name\":\"Shop\",\"item\":\"https:\/\/testwebsite.citygame.com\/shop\/\"},{\"@type\":\"ListItem\",\"position\":3,\"name\":\"Secrets of Nice\"}]},{\"@type\":\"WebSite\",\"@id\":\"https:\/\/testwebsite.upevents.nl\/#website\",\"url\":\"https:\/\/testwebsite.upevents.nl\/\",\"name\":\"City Game\",\"description\":\"\",\"publisher\":{\"@id\":\"https:\/\/testwebsite.upevents.nl\/#organization\"},\"alternateName\":\"citygame.com\",\"potentialAction\":[{\"@type\":\"SearchAction\",\"target\":{\"@type\":\"EntryPoint\",\"urlTemplate\":\"https:\/\/testwebsite.upevents.nl\/?s={search_term_string}\"},\"query-input\":{\"@type\":\"PropertyValueSpecification\",\"valueRequired\":true,\"valueName\":\"search_term_string\"}}],\"inLanguage\":\"cs\"},{\"@type\":[\"Organization\",\"Place\"],\"@id\":\"https:\/\/testwebsite.upevents.nl\/#organization\",\"name\":\"City Game\",\"alternateName\":\"citygame.com\",\"url\":\"https:\/\/testwebsite.upevents.nl\/\",\"logo\":{\"@id\":\"https:\/\/testwebsite.citygame.com\/cs\/games\/nice\/secrets-of-nice\/#local-main-organization-logo\"},\"image\":{\"@id\":\"https:\/\/testwebsite.citygame.com\/cs\/games\/nice\/secrets-of-nice\/#local-main-organization-logo\"},\"sameAs\":[\"https:\/\/www.facebook.com\/profile.php?id=100086426226253\",\"https:\/\/www.instagram.com\/citygame_com\",\"https:\/\/www.tiktok.com\/@citygamecom\/\",\"https:\/\/www.linkedin.com\/company\/citygame-com\"],\"description\":\"Turn any city into a playground with our interactive City Games and self-guided tours. Fun, flexible, and ideal for groups and team building.\",\"telephone\":[],\"openingHoursSpecification\":[{\"@type\":\"OpeningHoursSpecification\",\"dayOfWeek\":[\"Monday\",\"Tuesday\",\"Wednesday\",\"Thursday\",\"Friday\",\"Saturday\",\"Sunday\"],\"opens\":\"09:00\",\"closes\":\"17:00\"}]},{\"@type\":\"ImageObject\",\"inLanguage\":\"cs\",\"@id\":\"https:\/\/testwebsite.citygame.com\/cs\/games\/nice\/secrets-of-nice\/#local-main-organization-logo\",\"url\":\"https:\/\/testwebsite.citygame.com\/wp-content\/blogs.dir\/1\/files\/sites\/62\/2025\/10\/CG_LOGO-City-Game.png\",\"contentUrl\":\"https:\/\/testwebsite.citygame.com\/wp-content\/blogs.dir\/1\/files\/sites\/62\/2025\/10\/CG_LOGO-City-Game.png\",\"width\":351,\"height\":377,\"caption\":\"City Game\"}]}<\/script>\n<!-- \/ Yoast SEO Premium plugin. -->","yoast_head_json":{"title":"Secrets of Nice - City Game","description":"Secrets of Nice. Hrajte samonav\u00e1d\u011bc\u00ed m\u011bstskou hru a prozkoumejte m\u011bsto prost\u0159ednictv\u00edm h\u00e1danek, r\u00e9bus\u016f a v\u00fdzev. Hrajte vlastn\u00edm tempem a objevujte jako m\u00edstn\u00ed!","robots":{"index":"noindex","follow":"follow","max-snippet":"max-snippet:-1","max-image-preview":"max-image-preview:large","max-video-preview":"max-video-preview:-1"},"og_locale":"cs_CZ","og_type":"article","og_title":"Secrets of Nice","og_description":"Secrets of Nice. Hrajte samonav\u00e1d\u011bc\u00ed m\u011bstskou hru a prozkoumejte m\u011bsto prost\u0159ednictv\u00edm h\u00e1danek, r\u00e9bus\u016f a v\u00fdzev. Hrajte vlastn\u00edm tempem a objevujte jako m\u00edstn\u00ed!","og_url":"https:\/\/testwebsite.citygame.com\/cs\/games\/nice\/secrets-of-nice\/","og_site_name":"City Game","article_publisher":"https:\/\/www.facebook.com\/profile.php?id=100086426226253","article_modified_time":"2026-04-08T07:07:38+00:00","og_image":[{"width":1024,"height":1024,"url":"https:\/\/testwebsite.citygame.com\/wp-content\/blogs.dir\/1\/files\/sites\/62\/2026\/03\/city-game-players-nice-plaza-france.jpg","type":"image\/jpeg"}],"twitter_card":"summary_large_image","twitter_misc":{"Odhadovan\u00e1 doba \u010dten\u00ed":"1 minuta"},"schema":{"@context":"https:\/\/schema.org","@graph":[{"@type":"WebPage","@id":"https:\/\/testwebsite.citygame.com\/cs\/games\/nice\/secrets-of-nice\/","url":"https:\/\/testwebsite.citygame.com\/cs\/games\/nice\/secrets-of-nice\/","name":"Secrets of Nice - City Game","isPartOf":{"@id":"https:\/\/testwebsite.upevents.nl\/#website"},"primaryImageOfPage":{"@id":"https:\/\/testwebsite.citygame.com\/cs\/games\/nice\/secrets-of-nice\/#primaryimage"},"image":{"@id":"https:\/\/testwebsite.citygame.com\/cs\/games\/nice\/secrets-of-nice\/#primaryimage"},"thumbnailUrl":"https:\/\/testwebsite.citygame.com\/wp-content\/blogs.dir\/1\/files\/sites\/62\/2026\/03\/city-game-players-nice-plaza-france.jpg","datePublished":"2026-03-12T16:59:02+00:00","dateModified":"2026-04-08T07:07:38+00:00","description":"Secrets of Nice. Hrajte samonav\u00e1d\u011bc\u00ed m\u011bstskou hru a prozkoumejte m\u011bsto prost\u0159ednictv\u00edm h\u00e1danek, r\u00e9bus\u016f a v\u00fdzev. Hrajte vlastn\u00edm tempem a objevujte jako m\u00edstn\u00ed!","breadcrumb":{"@id":"https:\/\/testwebsite.citygame.com\/cs\/games\/nice\/secrets-of-nice\/#breadcrumb"},"inLanguage":"cs","potentialAction":[{"@type":"ReadAction","target":["https:\/\/testwebsite.citygame.com\/cs\/games\/nice\/secrets-of-nice\/"]}]},{"@type":"ImageObject","inLanguage":"cs","@id":"https:\/\/testwebsite.citygame.com\/cs\/games\/nice\/secrets-of-nice\/#primaryimage","url":"https:\/\/testwebsite.citygame.com\/wp-content\/blogs.dir\/1\/files\/sites\/62\/2026\/03\/city-game-players-nice-plaza-france.jpg","contentUrl":"https:\/\/testwebsite.citygame.com\/wp-content\/blogs.dir\/1\/files\/sites\/62\/2026\/03\/city-game-players-nice-plaza-france.jpg","width":1024,"height":1024,"caption":"A group of young people gather around a smartphone while playing an outdoor city game."},{"@type":"BreadcrumbList","@id":"https:\/\/testwebsite.citygame.com\/cs\/games\/nice\/secrets-of-nice\/#breadcrumb","itemListElement":[{"@type":"ListItem","position":1,"name":"Home","item":"https:\/\/testwebsite.citygame.com\/cs\/"},{"@type":"ListItem","position":2,"name":"Shop","item":"https:\/\/testwebsite.citygame.com\/shop\/"},{"@type":"ListItem","position":3,"name":"Secrets of Nice"}]},{"@type":"WebSite","@id":"https:\/\/testwebsite.upevents.nl\/#website","url":"https:\/\/testwebsite.upevents.nl\/","name":"City Game","description":"","publisher":{"@id":"https:\/\/testwebsite.upevents.nl\/#organization"},"alternateName":"citygame.com","potentialAction":[{"@type":"SearchAction","target":{"@type":"EntryPoint","urlTemplate":"https:\/\/testwebsite.upevents.nl\/?s={search_term_string}"},"query-input":{"@type":"PropertyValueSpecification","valueRequired":true,"valueName":"search_term_string"}}],"inLanguage":"cs"},{"@type":["Organization","Place"],"@id":"https:\/\/testwebsite.upevents.nl\/#organization","name":"City Game","alternateName":"citygame.com","url":"https:\/\/testwebsite.upevents.nl\/","logo":{"@id":"https:\/\/testwebsite.citygame.com\/cs\/games\/nice\/secrets-of-nice\/#local-main-organization-logo"},"image":{"@id":"https:\/\/testwebsite.citygame.com\/cs\/games\/nice\/secrets-of-nice\/#local-main-organization-logo"},"sameAs":["https:\/\/www.facebook.com\/profile.php?id=100086426226253","https:\/\/www.instagram.com\/citygame_com","https:\/\/www.tiktok.com\/@citygamecom\/","https:\/\/www.linkedin.com\/company\/citygame-com"],"description":"Turn any city into a playground with our interactive City Games and self-guided tours. Fun, flexible, and ideal for groups and team building.","telephone":[],"openingHoursSpecification":[{"@type":"OpeningHoursSpecification","dayOfWeek":["Monday","Tuesday","Wednesday","Thursday","Friday","Saturday","Sunday"],"opens":"09:00","closes":"17:00"}]},{"@type":"ImageObject","inLanguage":"cs","@id":"https:\/\/testwebsite.citygame.com\/cs\/games\/nice\/secrets-of-nice\/#local-main-organization-logo","url":"https:\/\/testwebsite.citygame.com\/wp-content\/blogs.dir\/1\/files\/sites\/62\/2025\/10\/CG_LOGO-City-Game.png","contentUrl":"https:\/\/testwebsite.citygame.com\/wp-content\/blogs.dir\/1\/files\/sites\/62\/2025\/10\/CG_LOGO-City-Game.png","width":351,"height":377,"caption":"City Game"}]}},"taxonomy_info":{"game-concept":[{"value":707,"label":"Secrets"}],"location":[{"value":296,"label":"Nice"}],"product_cat":[{"value":27,"label":"Geen categorie"}]},"featured_image_src_large":["https:\/\/testwebsite.citygame.com\/wp-content\/blogs.dir\/1\/files\/sites\/62\/2026\/03\/city-game-players-nice-plaza-france.jpg",1024,1024,false],"author_info":[],"comment_info":"","_links":{"self":[{"href":"https:\/\/testwebsite.citygame.com\/cs\/wp-json\/wp\/v2\/product\/61111","targetHints":{"allow":["GET"]}}],"collection":[{"href":"https:\/\/testwebsite.citygame.com\/cs\/wp-json\/wp\/v2\/product"}],"about":[{"href":"https:\/\/testwebsite.citygame.com\/cs\/wp-json\/wp\/v2\/types\/product"}],"acf:post":[{"embeddable":true,"href":"https:\/\/testwebsite.citygame.com\/cs\/wp-json\/wp\/v2\/pages\/14108"}],"wp:featuredmedia":[{"embeddable":true,"href":"https:\/\/testwebsite.citygame.com\/cs\/wp-json\/wp\/v2\/media\/18329"}],"wp:attachment":[{"href":"https:\/\/testwebsite.citygame.com\/cs\/wp-json\/wp\/v2\/media?parent=61111"}],"wp:term":[{"taxonomy":"game-concept","embeddable":true,"href":"https:\/\/testwebsite.citygame.com\/cs\/wp-json\/wp\/v2\/game-concept?post=61111"},{"taxonomy":"location","embeddable":true,"href":"https:\/\/testwebsite.citygame.com\/cs\/wp-json\/wp\/v2\/location?post=61111"},{"taxonomy":"product_brand","embeddable":true,"href":"https:\/\/testwebsite.citygame.com\/cs\/wp-json\/wp\/v2\/product_brand?post=61111"},{"taxonomy":"product_cat","embeddable":true,"href":"https:\/\/testwebsite.citygame.com\/cs\/wp-json\/wp\/v2\/product_cat?post=61111"},{"taxonomy":"product_tag","embeddable":true,"href":"https:\/\/testwebsite.citygame.com\/cs\/wp-json\/wp\/v2\/product_tag?post=61111"}],"curies":[{"name":"wp","href":"https:\/\/api.w.org\/{rel}","templated":true}]}}