{"id":60584,"date":"2026-01-27T14:54:58","date_gmt":"2026-01-27T14:54:58","guid":{"rendered":"https:\/\/testwebsite.citygame.com\/games\/unknown-location\/secrets-of-amsterdam-north\/"},"modified":"2026-04-08T06:01:39","modified_gmt":"2026-04-08T06:01:39","slug":"secrets-of-amsterdam-north","status":"publish","type":"product","link":"https:\/\/testwebsite.citygame.com\/cs\/games\/amsterdam\/secrets-of-amsterdam-north\/","title":{"rendered":"Secrets of Amsterdam North"},"content":{"rendered":"<p>Hra &#8218;Secrets of Amsterdam North City Game&#8216; je samo\u0159\u00edzen\u00e1 hra zalo\u017een\u00e1 na GPS, kter\u00e1 se odehr\u00e1v\u00e1 v historick\u00e9m centru Amsterdamu. Pomoc\u00ed sv\u00e9ho chytr\u00e9ho telefonu budete prozkoum\u00e1vat m\u011bsto a z\u00e1rove\u0148 \u0159e\u0161it h\u00e1danky, r\u00e9busy a fotografick\u00e9 \u00fakoly, kter\u00e9 odhaluj\u00ed skryt\u00e9 detaily o historii a kultu\u0159e Amsterdamu. Tato pr\u016fzkumn\u00e1 hra je navr\u017eena tak, aby nab\u00eddla m\u00edstn\u00edm i n\u00e1v\u0161t\u011bvn\u00edk\u016fm jedine\u010dn\u00fd zp\u016fsob, jak objevit m\u011bsto vlastn\u00edm tempem. Je vhodn\u00e1 pro jednotlivce, p\u00e1ry, rodiny nebo skupiny p\u0159\u00e1tel hledaj\u00edc\u00ed z\u00e1bavnou aktivitu. City Game Amsterdam p\u0159edstavuje p\u0159\u00edjemn\u00fd a pou\u010dn\u00fd zp\u016fsob, jak poznat m\u011bsto prost\u0159ednictv\u00edm samo\u0159\u00edzen\u00e9 m\u011bstsk\u00e9 hry.<\/p>\n","protected":false},"excerpt":{"rendered":"<p>Objevte kouzlo a charakter Amsterdamu! Projd\u011bte se m\u011bstem, kde se nad\u010dasov\u00e1 tradice hladce snoub\u00ed se sou\u010dasn\u00fdm vkusem, od klidn\u00fdch dom\u016f u kan\u00e1l\u016f po ru\u0161n\u00e1 tr\u017ei\u0161t\u011b. Lu\u0161t\u011bte h\u00e1danky, zat\u00edmco se propl\u00e9t\u00e1te jeho \u017eiv\u00fdm j\u00e1drem, Amsterdam p\u0159ekypuje okouzluj\u00edc\u00edmi objevy na ka\u017ed\u00e9m rohu kan\u00e1lu!<\/p>\n","protected":false},"featured_media":5169,"template":"","meta":{"_acf_changed":false,"_yoast_wpseo_focuskw":"Secrets of Amsterdam North","_yoast_wpseo_metadesc":"Secrets of Amsterdam North. Zahrajte si samo\u0159\u00edzenou m\u011bstskou hru a prozkoumejte m\u011bsto prost\u0159ednictv\u00edm h\u00e1danek, r\u00e9bus\u016f a v\u00fdzev. Hrajte sv\u00fdm vlastn\u00edm tempem a objevujte jako m\u00edstn\u00ed!","_kad_blocks_custom_css":"","_kad_blocks_head_custom_js":"","_kad_blocks_body_custom_js":"","_kad_blocks_footer_custom_js":"","ghostkit_customizer_options":"","ghostkit_custom_css":"","ghostkit_custom_js_head":"","ghostkit_custom_js_foot":"","ghostkit_typography":"","_kad_post_transparent":"default","_kad_post_title":"","_kad_post_layout":"default","_kad_post_sidebar_id":"","_kad_post_content_style":"default","_kad_post_vertical_padding":"default","_kad_post_feature":"","_kad_post_feature_position":"","_kad_post_header":false,"_kad_post_footer":false,"_kad_post_classname":"","_links_to":"","_links_to_target":""},"game-concept":[707],"location":[67],"product_brand":[],"product_cat":[27],"product_tag":[],"class_list":{"0":"post-60584","1":"product","2":"type-product","3":"status-publish","4":"has-post-thumbnail","6":"game-concept-secrets","7":"location-amsterdam","8":"product_cat-geen-categorie","10":"first","11":"instock","12":"shipping-taxable","13":"purchasable","14":"product-type-simple","15":"entry","16":"content-bg","17":"loop-entry"},"acf":{"full_bokun_product_name":"Self-Guided Secrets of Amsterdam North Exploration Game","location_name":"Amsterdam North","bokun_calendar_widget_code":"<script type=\"text\/javascript\" src=\"https:\/\/widgets.bokun.io\/assets\/javascripts\/apps\/build\/BokunWidgetsLoader.js?bookingChannelUUID=a1e93e96-5232-4734-a595-28405f4b5a31\" async><\/script>\n     \n    <div class=\"bokunWidget\" data-src=\"https:\/\/widgets.bokun.io\/online-sales\/a1e93e96-5232-4734-a595-28405f4b5a31\/experience-calendar\/844166\"><\/div>\n    <noscript>Please enable javascript in your browser to book<\/noscript>","bokun_button_widget_code":"<script type=\"text\/javascript\" src=\"https:\/\/widgets.bokun.io\/assets\/javascripts\/apps\/build\/BokunWidgetsLoader.js?bookingChannelUUID=a1e93e96-5232-4734-a595-28405f4b5a31\" async><\/script>\n      <style> #bokun_ed001e45_5927_4f62_b470_ca766338d083 { display: inline-block; padding: .4em 1em; background: #47b82e; border-radius: 999999px; box-shadow: none; font-weight: 600; font-size: 24px; text-decoration: none; text-align: center; color: #FFFFFF; border:none; cursor: pointer; transition: background .2s ease; } #bokun_ed001e45_5927_4f62_b470_ca766338d083:hover{ background: #2f7b1f; } #bokun_ed001e45_5927_4f62_b470_ca766338d083:active{ background: #378f24; } <\/style> <button class=\"bokunButton\" disabled id=bokun_ed001e45_5927_4f62_b470_ca766338d083 data-src=\"https:\/\/widgets.bokun.io\/online-sales\/a1e93e96-5232-4734-a595-28405f4b5a31\/experience-calendar\/844166?partialView=1\" data-testid=\"widget-book-button\" > Book now <\/button> ","what_you\u2019ll_experience_during_the_game":"B\u011bhem hry City Game v Amsterdamu North objev\u00edte m\u011bsto prost\u0159ednictv\u00edm kombinace prohl\u00eddky pam\u00e1tek, vypr\u00e1v\u011bn\u00ed p\u0159\u00edb\u011bh\u016f a interaktivn\u00edho pr\u016fzkumu. Jak se p\u0159\u00edb\u011bh rozv\u00edj\u00ed, budete vedeni k zn\u00e1m\u00fdm i m\u00e9n\u011b zn\u00e1m\u00fdm m\u00edst\u016fm, propojuj\u00edc\u00edm hlavn\u00ed pam\u00e1tky s klidn\u00fdmi kan\u00e1ly a atmosf\u00e9rick\u00fdmi uli\u010dkami. Po cest\u011b se m\u016f\u017eete toulat kolem historick\u00e9 \u010dtvrti Jordaan, zahl\u00e9dnout velkolepost n\u00e1m\u011bst\u00ed Dam Square nebo odhalit jedine\u010dn\u00e9 detaily pobl\u00ed\u017e ikonick\u00e9ho kostela Westerkerk. Z\u00e1\u017eitek je navr\u017een tak, aby v\u00e1m pomohl vid\u011bt Amsterdam nov\u00fdma o\u010dima, a\u0165 u\u017e je to va\u0161e prvn\u00ed n\u00e1v\u0161t\u011bva, nebo m\u011bsto dob\u0159e zn\u00e1te.\r\n\r\nP\u0159i pr\u016fzkumu Amsterdamu North se pust\u00edte do \u0159ady poutav\u00fdch v\u00fdzev, v\u010detn\u011b h\u00e1danek, r\u00e9bus\u016f a kreativn\u00edch fotografick\u00fdch \u00fakol\u016f. Ka\u017ed\u00e1 spln\u011bn\u00e1 v\u00fdzva v\u00e1m p\u0159inese body, odhal\u00ed u\u017eite\u010dn\u00e9 n\u00e1pov\u011bdy a posune v\u00e1s bl\u00ed\u017ee k vy\u0159e\u0161en\u00ed z\u00e1v\u011bre\u010dn\u00e9 z\u00e1hady vetkan\u00e9 do p\u0159\u00edb\u011bhu. Hru City Game lze kdykoli pozastavit, co\u017e v\u00e1m umo\u017en\u00ed ud\u011blat si p\u0159est\u00e1vky a pokra\u010dovat, a\u017e se v\u00e1m to bude hodit. Pro ty, kte\u0159\u00ed maj\u00ed r\u00e1di sout\u011b\u017eivost, je k dispozici \u017eeb\u0159\u00ed\u010dek, kde se t\u00fdmy mohou sna\u017eit o nejvy\u0161\u0161\u00ed sk\u00f3re.","how_to_play":"Rezervujte si pr\u016fzkumnou hru, zkontrolujte e-mail, kter\u00fd v\u00e1m za\u0161leme s jednoduch\u00fdmi instrukcemi, st\u00e1hn\u011bte si aplikaci Loquiz, p\u0159istupte k pr\u016fzkumn\u00e9 h\u0159e a jste p\u0159ipraveni za\u010d\u00edt sv\u016fj hern\u00ed z\u00e1\u017eitek!","start_location":"Amsterdam, IJpromonade","available_languages":["en"],"players_per_group":"1-4","duration":"1.5-2 hours","image_overlay_color_image":"https:\/\/testwebsite.citygame.com\/wp-content\/blogs.dir\/1\/files\/sites\/62\/2026\/01\/SecretsColor.svg","image_overlay_game_logo":"https:\/\/testwebsite.citygame.com\/wp-content\/blogs.dir\/1\/files\/sites\/62\/2026\/01\/SecretsLogo.png","city_page":4337,"woocommerce_general_content":null},"yoast_head":"<!-- This site is optimized with the Yoast SEO Premium plugin v26.2 (Yoast SEO v26.3) - https:\/\/yoast.com\/wordpress\/plugins\/seo\/ -->\n<title>Secrets of Amsterdam North - City Game<\/title>\n<meta name=\"description\" content=\"Secrets of Amsterdam North. Zahrajte si samo\u0159\u00edzenou m\u011bstskou hru a prozkoumejte m\u011bsto prost\u0159ednictv\u00edm h\u00e1danek, r\u00e9bus\u016f a v\u00fdzev. Hrajte sv\u00fdm vlastn\u00edm tempem a objevujte jako m\u00edstn\u00ed!\" \/>\n<meta name=\"robots\" content=\"noindex, follow, max-snippet:-1, max-image-preview:large, max-video-preview:-1\" \/>\n<meta property=\"og:locale\" content=\"cs_CZ\" \/>\n<meta property=\"og:type\" content=\"article\" \/>\n<meta property=\"og:title\" content=\"Secrets of Amsterdam North\" \/>\n<meta property=\"og:description\" content=\"Secrets of Amsterdam North. Zahrajte si samo\u0159\u00edzenou m\u011bstskou hru a prozkoumejte m\u011bsto prost\u0159ednictv\u00edm h\u00e1danek, r\u00e9bus\u016f a v\u00fdzev. Hrajte sv\u00fdm vlastn\u00edm tempem a objevujte jako m\u00edstn\u00ed!\" \/>\n<meta property=\"og:url\" content=\"https:\/\/testwebsite.citygame.com\/cs\/games\/amsterdam\/secrets-of-amsterdam-north\/\" \/>\n<meta property=\"og:site_name\" content=\"City Game\" \/>\n<meta property=\"article:publisher\" content=\"https:\/\/www.facebook.com\/profile.php?id=100086426226253\" \/>\n<meta property=\"article:modified_time\" content=\"2026-04-08T06:01:39+00:00\" \/>\n<meta property=\"og:image\" content=\"https:\/\/testwebsite.citygame.com\/wp-content\/blogs.dir\/1\/files\/sites\/62\/2026\/01\/woman-playing-city-game-amsterdam-muziekgebouw-waterfront.jpg\" \/>\n\t<meta property=\"og:image:width\" content=\"1024\" \/>\n\t<meta property=\"og:image:height\" content=\"1024\" \/>\n\t<meta property=\"og:image:type\" content=\"image\/jpeg\" \/>\n<meta name=\"twitter:card\" content=\"summary_large_image\" \/>\n<meta name=\"twitter:label1\" content=\"Odhadovan\u00e1 doba \u010dten\u00ed\" \/>\n\t<meta name=\"twitter:data1\" content=\"1 minuta\" \/>\n<script type=\"application\/ld+json\" class=\"yoast-schema-graph\">{\"@context\":\"https:\/\/schema.org\",\"@graph\":[{\"@type\":\"WebPage\",\"@id\":\"https:\/\/testwebsite.citygame.com\/cs\/games\/amsterdam\/secrets-of-amsterdam-north\/\",\"url\":\"https:\/\/testwebsite.citygame.com\/cs\/games\/amsterdam\/secrets-of-amsterdam-north\/\",\"name\":\"Secrets of Amsterdam North - City Game\",\"isPartOf\":{\"@id\":\"https:\/\/testwebsite.upevents.nl\/#website\"},\"primaryImageOfPage\":{\"@id\":\"https:\/\/testwebsite.citygame.com\/cs\/games\/amsterdam\/secrets-of-amsterdam-north\/#primaryimage\"},\"image\":{\"@id\":\"https:\/\/testwebsite.citygame.com\/cs\/games\/amsterdam\/secrets-of-amsterdam-north\/#primaryimage\"},\"thumbnailUrl\":\"https:\/\/testwebsite.citygame.com\/wp-content\/blogs.dir\/1\/files\/sites\/62\/2026\/01\/woman-playing-city-game-amsterdam-muziekgebouw-waterfront.jpg\",\"datePublished\":\"2026-01-27T14:54:58+00:00\",\"dateModified\":\"2026-04-08T06:01:39+00:00\",\"description\":\"Secrets of Amsterdam North. Zahrajte si samo\u0159\u00edzenou m\u011bstskou hru a prozkoumejte m\u011bsto prost\u0159ednictv\u00edm h\u00e1danek, r\u00e9bus\u016f a v\u00fdzev. Hrajte sv\u00fdm vlastn\u00edm tempem a objevujte jako m\u00edstn\u00ed!\",\"breadcrumb\":{\"@id\":\"https:\/\/testwebsite.citygame.com\/cs\/games\/amsterdam\/secrets-of-amsterdam-north\/#breadcrumb\"},\"inLanguage\":\"cs\",\"potentialAction\":[{\"@type\":\"ReadAction\",\"target\":[\"https:\/\/testwebsite.citygame.com\/cs\/games\/amsterdam\/secrets-of-amsterdam-north\/\"]}]},{\"@type\":\"ImageObject\",\"inLanguage\":\"cs\",\"@id\":\"https:\/\/testwebsite.citygame.com\/cs\/games\/amsterdam\/secrets-of-amsterdam-north\/#primaryimage\",\"url\":\"https:\/\/testwebsite.citygame.com\/wp-content\/blogs.dir\/1\/files\/sites\/62\/2026\/01\/woman-playing-city-game-amsterdam-muziekgebouw-waterfront.jpg\",\"contentUrl\":\"https:\/\/testwebsite.citygame.com\/wp-content\/blogs.dir\/1\/files\/sites\/62\/2026\/01\/woman-playing-city-game-amsterdam-muziekgebouw-waterfront.jpg\",\"width\":1024,\"height\":1024,\"caption\":\"A person plays an outdoor game on their smartphone along the IJ waterfront in Amsterdam.\"},{\"@type\":\"BreadcrumbList\",\"@id\":\"https:\/\/testwebsite.citygame.com\/cs\/games\/amsterdam\/secrets-of-amsterdam-north\/#breadcrumb\",\"itemListElement\":[{\"@type\":\"ListItem\",\"position\":1,\"name\":\"Home\",\"item\":\"https:\/\/testwebsite.citygame.com\/cs\/\"},{\"@type\":\"ListItem\",\"position\":2,\"name\":\"Shop\",\"item\":\"https:\/\/testwebsite.citygame.com\/shop\/\"},{\"@type\":\"ListItem\",\"position\":3,\"name\":\"Secrets of Amsterdam North\"}]},{\"@type\":\"WebSite\",\"@id\":\"https:\/\/testwebsite.upevents.nl\/#website\",\"url\":\"https:\/\/testwebsite.upevents.nl\/\",\"name\":\"City Game\",\"description\":\"\",\"publisher\":{\"@id\":\"https:\/\/testwebsite.upevents.nl\/#organization\"},\"alternateName\":\"citygame.com\",\"potentialAction\":[{\"@type\":\"SearchAction\",\"target\":{\"@type\":\"EntryPoint\",\"urlTemplate\":\"https:\/\/testwebsite.upevents.nl\/?s={search_term_string}\"},\"query-input\":{\"@type\":\"PropertyValueSpecification\",\"valueRequired\":true,\"valueName\":\"search_term_string\"}}],\"inLanguage\":\"cs\"},{\"@type\":[\"Organization\",\"Place\"],\"@id\":\"https:\/\/testwebsite.upevents.nl\/#organization\",\"name\":\"City Game\",\"alternateName\":\"citygame.com\",\"url\":\"https:\/\/testwebsite.upevents.nl\/\",\"logo\":{\"@id\":\"https:\/\/testwebsite.citygame.com\/cs\/games\/amsterdam\/secrets-of-amsterdam-north\/#local-main-organization-logo\"},\"image\":{\"@id\":\"https:\/\/testwebsite.citygame.com\/cs\/games\/amsterdam\/secrets-of-amsterdam-north\/#local-main-organization-logo\"},\"sameAs\":[\"https:\/\/www.facebook.com\/profile.php?id=100086426226253\",\"https:\/\/www.instagram.com\/citygame_com\",\"https:\/\/www.tiktok.com\/@citygamecom\/\",\"https:\/\/www.linkedin.com\/company\/citygame-com\"],\"description\":\"Turn any city into a playground with our interactive City Games and self-guided tours. Fun, flexible, and ideal for groups and team building.\",\"telephone\":[],\"openingHoursSpecification\":[{\"@type\":\"OpeningHoursSpecification\",\"dayOfWeek\":[\"Monday\",\"Tuesday\",\"Wednesday\",\"Thursday\",\"Friday\",\"Saturday\",\"Sunday\"],\"opens\":\"09:00\",\"closes\":\"17:00\"}]},{\"@type\":\"ImageObject\",\"inLanguage\":\"cs\",\"@id\":\"https:\/\/testwebsite.citygame.com\/cs\/games\/amsterdam\/secrets-of-amsterdam-north\/#local-main-organization-logo\",\"url\":\"https:\/\/testwebsite.citygame.com\/wp-content\/blogs.dir\/1\/files\/sites\/62\/2025\/10\/CG_LOGO-City-Game.png\",\"contentUrl\":\"https:\/\/testwebsite.citygame.com\/wp-content\/blogs.dir\/1\/files\/sites\/62\/2025\/10\/CG_LOGO-City-Game.png\",\"width\":351,\"height\":377,\"caption\":\"City Game\"}]}<\/script>\n<!-- \/ Yoast SEO Premium plugin. -->","yoast_head_json":{"title":"Secrets of Amsterdam North - City Game","description":"Secrets of Amsterdam North. Zahrajte si samo\u0159\u00edzenou m\u011bstskou hru a prozkoumejte m\u011bsto prost\u0159ednictv\u00edm h\u00e1danek, r\u00e9bus\u016f a v\u00fdzev. Hrajte sv\u00fdm vlastn\u00edm tempem a objevujte jako m\u00edstn\u00ed!","robots":{"index":"noindex","follow":"follow","max-snippet":"max-snippet:-1","max-image-preview":"max-image-preview:large","max-video-preview":"max-video-preview:-1"},"og_locale":"cs_CZ","og_type":"article","og_title":"Secrets of Amsterdam North","og_description":"Secrets of Amsterdam North. Zahrajte si samo\u0159\u00edzenou m\u011bstskou hru a prozkoumejte m\u011bsto prost\u0159ednictv\u00edm h\u00e1danek, r\u00e9bus\u016f a v\u00fdzev. Hrajte sv\u00fdm vlastn\u00edm tempem a objevujte jako m\u00edstn\u00ed!","og_url":"https:\/\/testwebsite.citygame.com\/cs\/games\/amsterdam\/secrets-of-amsterdam-north\/","og_site_name":"City Game","article_publisher":"https:\/\/www.facebook.com\/profile.php?id=100086426226253","article_modified_time":"2026-04-08T06:01:39+00:00","og_image":[{"width":1024,"height":1024,"url":"https:\/\/testwebsite.citygame.com\/wp-content\/blogs.dir\/1\/files\/sites\/62\/2026\/01\/woman-playing-city-game-amsterdam-muziekgebouw-waterfront.jpg","type":"image\/jpeg"}],"twitter_card":"summary_large_image","twitter_misc":{"Odhadovan\u00e1 doba \u010dten\u00ed":"1 minuta"},"schema":{"@context":"https:\/\/schema.org","@graph":[{"@type":"WebPage","@id":"https:\/\/testwebsite.citygame.com\/cs\/games\/amsterdam\/secrets-of-amsterdam-north\/","url":"https:\/\/testwebsite.citygame.com\/cs\/games\/amsterdam\/secrets-of-amsterdam-north\/","name":"Secrets of Amsterdam North - City Game","isPartOf":{"@id":"https:\/\/testwebsite.upevents.nl\/#website"},"primaryImageOfPage":{"@id":"https:\/\/testwebsite.citygame.com\/cs\/games\/amsterdam\/secrets-of-amsterdam-north\/#primaryimage"},"image":{"@id":"https:\/\/testwebsite.citygame.com\/cs\/games\/amsterdam\/secrets-of-amsterdam-north\/#primaryimage"},"thumbnailUrl":"https:\/\/testwebsite.citygame.com\/wp-content\/blogs.dir\/1\/files\/sites\/62\/2026\/01\/woman-playing-city-game-amsterdam-muziekgebouw-waterfront.jpg","datePublished":"2026-01-27T14:54:58+00:00","dateModified":"2026-04-08T06:01:39+00:00","description":"Secrets of Amsterdam North. Zahrajte si samo\u0159\u00edzenou m\u011bstskou hru a prozkoumejte m\u011bsto prost\u0159ednictv\u00edm h\u00e1danek, r\u00e9bus\u016f a v\u00fdzev. Hrajte sv\u00fdm vlastn\u00edm tempem a objevujte jako m\u00edstn\u00ed!","breadcrumb":{"@id":"https:\/\/testwebsite.citygame.com\/cs\/games\/amsterdam\/secrets-of-amsterdam-north\/#breadcrumb"},"inLanguage":"cs","potentialAction":[{"@type":"ReadAction","target":["https:\/\/testwebsite.citygame.com\/cs\/games\/amsterdam\/secrets-of-amsterdam-north\/"]}]},{"@type":"ImageObject","inLanguage":"cs","@id":"https:\/\/testwebsite.citygame.com\/cs\/games\/amsterdam\/secrets-of-amsterdam-north\/#primaryimage","url":"https:\/\/testwebsite.citygame.com\/wp-content\/blogs.dir\/1\/files\/sites\/62\/2026\/01\/woman-playing-city-game-amsterdam-muziekgebouw-waterfront.jpg","contentUrl":"https:\/\/testwebsite.citygame.com\/wp-content\/blogs.dir\/1\/files\/sites\/62\/2026\/01\/woman-playing-city-game-amsterdam-muziekgebouw-waterfront.jpg","width":1024,"height":1024,"caption":"A person plays an outdoor game on their smartphone along the IJ waterfront in Amsterdam."},{"@type":"BreadcrumbList","@id":"https:\/\/testwebsite.citygame.com\/cs\/games\/amsterdam\/secrets-of-amsterdam-north\/#breadcrumb","itemListElement":[{"@type":"ListItem","position":1,"name":"Home","item":"https:\/\/testwebsite.citygame.com\/cs\/"},{"@type":"ListItem","position":2,"name":"Shop","item":"https:\/\/testwebsite.citygame.com\/shop\/"},{"@type":"ListItem","position":3,"name":"Secrets of Amsterdam North"}]},{"@type":"WebSite","@id":"https:\/\/testwebsite.upevents.nl\/#website","url":"https:\/\/testwebsite.upevents.nl\/","name":"City Game","description":"","publisher":{"@id":"https:\/\/testwebsite.upevents.nl\/#organization"},"alternateName":"citygame.com","potentialAction":[{"@type":"SearchAction","target":{"@type":"EntryPoint","urlTemplate":"https:\/\/testwebsite.upevents.nl\/?s={search_term_string}"},"query-input":{"@type":"PropertyValueSpecification","valueRequired":true,"valueName":"search_term_string"}}],"inLanguage":"cs"},{"@type":["Organization","Place"],"@id":"https:\/\/testwebsite.upevents.nl\/#organization","name":"City Game","alternateName":"citygame.com","url":"https:\/\/testwebsite.upevents.nl\/","logo":{"@id":"https:\/\/testwebsite.citygame.com\/cs\/games\/amsterdam\/secrets-of-amsterdam-north\/#local-main-organization-logo"},"image":{"@id":"https:\/\/testwebsite.citygame.com\/cs\/games\/amsterdam\/secrets-of-amsterdam-north\/#local-main-organization-logo"},"sameAs":["https:\/\/www.facebook.com\/profile.php?id=100086426226253","https:\/\/www.instagram.com\/citygame_com","https:\/\/www.tiktok.com\/@citygamecom\/","https:\/\/www.linkedin.com\/company\/citygame-com"],"description":"Turn any city into a playground with our interactive City Games and self-guided tours. Fun, flexible, and ideal for groups and team building.","telephone":[],"openingHoursSpecification":[{"@type":"OpeningHoursSpecification","dayOfWeek":["Monday","Tuesday","Wednesday","Thursday","Friday","Saturday","Sunday"],"opens":"09:00","closes":"17:00"}]},{"@type":"ImageObject","inLanguage":"cs","@id":"https:\/\/testwebsite.citygame.com\/cs\/games\/amsterdam\/secrets-of-amsterdam-north\/#local-main-organization-logo","url":"https:\/\/testwebsite.citygame.com\/wp-content\/blogs.dir\/1\/files\/sites\/62\/2025\/10\/CG_LOGO-City-Game.png","contentUrl":"https:\/\/testwebsite.citygame.com\/wp-content\/blogs.dir\/1\/files\/sites\/62\/2025\/10\/CG_LOGO-City-Game.png","width":351,"height":377,"caption":"City Game"}]}},"taxonomy_info":{"game-concept":[{"value":707,"label":"Secrets"}],"location":[{"value":67,"label":"Amsterdam"}],"product_cat":[{"value":27,"label":"Geen categorie"}]},"featured_image_src_large":["https:\/\/testwebsite.citygame.com\/wp-content\/blogs.dir\/1\/files\/sites\/62\/2026\/01\/woman-playing-city-game-amsterdam-muziekgebouw-waterfront.jpg",1024,1024,false],"author_info":[],"comment_info":"","_links":{"self":[{"href":"https:\/\/testwebsite.citygame.com\/cs\/wp-json\/wp\/v2\/product\/60584","targetHints":{"allow":["GET"]}}],"collection":[{"href":"https:\/\/testwebsite.citygame.com\/cs\/wp-json\/wp\/v2\/product"}],"about":[{"href":"https:\/\/testwebsite.citygame.com\/cs\/wp-json\/wp\/v2\/types\/product"}],"acf:post":[{"embeddable":true,"href":"https:\/\/testwebsite.citygame.com\/cs\/wp-json\/wp\/v2\/pages\/4337"}],"wp:featuredmedia":[{"embeddable":true,"href":"https:\/\/testwebsite.citygame.com\/cs\/wp-json\/wp\/v2\/media\/5169"}],"wp:attachment":[{"href":"https:\/\/testwebsite.citygame.com\/cs\/wp-json\/wp\/v2\/media?parent=60584"}],"wp:term":[{"taxonomy":"game-concept","embeddable":true,"href":"https:\/\/testwebsite.citygame.com\/cs\/wp-json\/wp\/v2\/game-concept?post=60584"},{"taxonomy":"location","embeddable":true,"href":"https:\/\/testwebsite.citygame.com\/cs\/wp-json\/wp\/v2\/location?post=60584"},{"taxonomy":"product_brand","embeddable":true,"href":"https:\/\/testwebsite.citygame.com\/cs\/wp-json\/wp\/v2\/product_brand?post=60584"},{"taxonomy":"product_cat","embeddable":true,"href":"https:\/\/testwebsite.citygame.com\/cs\/wp-json\/wp\/v2\/product_cat?post=60584"},{"taxonomy":"product_tag","embeddable":true,"href":"https:\/\/testwebsite.citygame.com\/cs\/wp-json\/wp\/v2\/product_tag?post=60584"}],"curies":[{"name":"wp","href":"https:\/\/api.w.org\/{rel}","templated":true}]}}