{"id":59751,"date":"2026-02-05T09:39:28","date_gmt":"2026-02-05T09:39:28","guid":{"rendered":"https:\/\/testwebsite.citygame.com\/games\/unknown-location\/sherlock-holmes-palma-de-mallorca\/"},"modified":"2026-04-08T04:34:44","modified_gmt":"2026-04-08T04:34:44","slug":"sherlock-holmes-palma-de-mallorca","status":"publish","type":"product","link":"https:\/\/testwebsite.citygame.com\/cs\/games\/palma-de-mallorca\/sherlock-holmes-palma-de-mallorca\/","title":{"rendered":"Sherlock Holmes Palma de Mallorca"},"content":{"rendered":"<p>Vstupte do sv\u011bta Sherlocka Holmese s touto samostatnou, p\u0159\u00edb\u011bhov\u011b zam\u011b\u0159enou hrou &#8218;City Game&#8216; s detektivn\u00ed z\u00e1hadou vra\u017edy, zasazenou do historick\u00e9ho centra Palma de Mallorca. Mraziv\u00fd zlo\u010din naru\u0161il Liberty Festival a je jen na v\u00e1s, abyste odhalili pravdu shroma\u017e\u010fov\u00e1n\u00edm stop, \u0159e\u0161en\u00edm h\u00e1danek a v\u00fdslechem digit\u00e1ln\u00edch podez\u0159el\u00fdch roztrou\u0161en\u00fdch po klikat\u00fdch ulic\u00edch m\u011bsta. Jak se p\u0159\u00edb\u011bh rozv\u00edj\u00ed, budete se pohybovat po Palma de Mallorca, sleduj\u00edce sv\u00e9 instinkty jako skute\u010dn\u00fd detektiv, u\u017e\u00edvaj\u00edce si svobody vy\u0161et\u0159ovat vlastn\u00edm tempem, zat\u00edmco jste pono\u0159eni do nap\u00ednav\u00e9ho krimin\u00e1ln\u00edho p\u0159\u00edpadu.<\/p>\n","protected":false},"excerpt":{"rendered":"<p>V\u017eijte se do role Sherlocka Holmese v samostatn\u00e9 z\u00e1had\u011b vra\u017edy, kter\u00e1 odhal\u00ed hlubiny Palma de Mallorca. Se sv\u00fdm t\u00fdmem sledujte z\u00e1hadn\u00e9 stopy, rozlu\u0161t\u011bte z\u00e1ludn\u00e9 h\u00e1danky a odhalte mrazivou pravdu, ne\u017e v\u00e1m vypr\u0161\u00ed \u010das!<\/p>\n","protected":false},"featured_media":10618,"template":"","meta":{"_acf_changed":false,"_yoast_wpseo_focuskw":"Sherlock Holmes Palma de Mallorca","_yoast_wpseo_metadesc":"Sherlock Holmes Palma de Mallorca. Zahrajte si samostatnou detektivn\u00ed hru 'City Game' s vra\u017edou, \u0159e\u0161te h\u00e1danky, sledujte stopy a odhalte vraha vlastn\u00edm tempem!","_kad_blocks_custom_css":"","_kad_blocks_head_custom_js":"","_kad_blocks_body_custom_js":"","_kad_blocks_footer_custom_js":"","ghostkit_customizer_options":"","ghostkit_custom_css":"","ghostkit_custom_js_head":"","ghostkit_custom_js_foot":"","ghostkit_typography":"","_kad_post_transparent":"","_kad_post_title":"","_kad_post_layout":"","_kad_post_sidebar_id":"","_kad_post_content_style":"","_kad_post_vertical_padding":"","_kad_post_feature":"","_kad_post_feature_position":"","_kad_post_header":false,"_kad_post_footer":false,"_kad_post_classname":"","_links_to":"","_links_to_target":""},"game-concept":[768],"location":[315],"product_brand":[],"product_cat":[27],"product_tag":[],"class_list":{"0":"post-59751","1":"product","2":"type-product","3":"status-publish","4":"has-post-thumbnail","6":"game-concept-sherlock","7":"location-palma-de-mallorca","8":"product_cat-geen-categorie","10":"first","11":"instock","12":"shipping-taxable","13":"purchasable","14":"product-type-simple","15":"entry","16":"content-bg","17":"loop-entry"},"acf":{"full_bokun_product_name":"Palma de Mallorca Self-Guided Sherlock Holmes Murder Mystery Game","location_name":"Palma de Mallorca","bokun_calendar_widget_code":"<script type=\"text\/javascript\" src=\"https:\/\/widgets.bokun.io\/assets\/javascripts\/apps\/build\/BokunWidgetsLoader.js?bookingChannelUUID=a1e93e96-5232-4734-a595-28405f4b5a31\" async><\/script>\n     \n    <div class=\"bokunWidget\" data-src=\"https:\/\/widgets.bokun.io\/online-sales\/a1e93e96-5232-4734-a595-28405f4b5a31\/experience-calendar\/731605\"><\/div>\n    <noscript>Please enable javascript in your browser to book<\/noscript>","bokun_button_widget_code":"<script type=\"text\/javascript\" src=\"https:\/\/widgets.bokun.io\/assets\/javascripts\/apps\/build\/BokunWidgetsLoader.js?bookingChannelUUID=a1e93e96-5232-4734-a595-28405f4b5a31\" async><\/script>\n      <style> #bokun_ed001e45_5927_4f62_b470_ca766338d083 { display: inline-block; padding: .4em 1em; background: #47b82e; border-radius: 999999px; box-shadow: none; font-weight: 600; font-size: 24px; text-decoration: none; text-align: center; color: #FFFFFF; border:none; cursor: pointer; transition: background .2s ease; } #bokun_ed001e45_5927_4f62_b470_ca766338d083:hover{ background: #2f7b1f; } #bokun_ed001e45_5927_4f62_b470_ca766338d083:active{ background: #378f24; } <\/style> <button class=\"bokunButton\" disabled id=bokun_ed001e45_5927_4f62_b470_ca766338d083 data-src=\"https:\/\/widgets.bokun.io\/online-sales\/a1e93e96-5232-4734-a595-28405f4b5a31\/experience-calendar\/731605?partialView=1\" data-testid=\"widget-book-button\" > Book now <\/button> ","what_you\u2019ll_experience_during_the_game":"Vstupujete do nap\u00ednav\u00e9ho detektivn\u00edho p\u0159\u00edb\u011bhu zasazen\u00e9ho do Palma de Mallorca, kde z\u00e1hadn\u00e1 vra\u017eda b\u011bhem festivalu Liberty Festival zanechala m\u011bsto v nap\u011bt\u00ed. Jak se pohybujete jeho klikat\u00fdmi ulicemi a atmosf\u00e9rick\u00fdmi z\u00e1kout\u00edmi, p\u0159\u00edb\u011bh se kolem v\u00e1s rozv\u00edj\u00ed. Budete shroma\u017e\u010fovat stopy, \u0159e\u0161it slo\u017eit\u00e9 h\u00e1danky a sledovat cestu podvodu, vyu\u017e\u00edvaj\u00edce bystr\u00e9ho pozorov\u00e1n\u00ed k odhalen\u00ed skryt\u00fdch souvislost\u00ed a rozlu\u0161t\u011bn\u00ed tajemstv\u00ed. Ka\u017ed\u00e9 rozhodnut\u00ed v\u00e1s vt\u00e1hne hloub\u011bji do vy\u0161et\u0159ov\u00e1n\u00ed, kde nic nen\u00ed takov\u00e9, jak se zd\u00e1.\n\nDigit\u00e1ln\u00ed podez\u0159el\u00ed \u010dekaj\u00ed na va\u0161e ot\u00e1zky, jejich alibi se m\u011bn\u00ed pod pe\u010dliv\u00fdm zkoum\u00e1n\u00edm a logickou dedukc\u00ed. Budete analyzovat nesrovnalosti, \u010dinit kritick\u00e1 rozhodnut\u00ed a sna\u017eit se odhalit pravdu za zlo\u010dinem. Z\u00e1\u017eitek v\u00e1s pevn\u011b dr\u017e\u00ed v p\u0159\u00edb\u011bhu a podporuje promy\u0161len\u00e9 \u0159e\u0161en\u00ed probl\u00e9m\u016f vlastn\u00edm tempem. M\u016f\u017eete si ud\u011blat p\u0159est\u00e1vku, kdy\u017e je to pot\u0159eba, a pokra\u010dovat, kdykoli budete p\u0159ipraveni vr\u00e1tit se k p\u0159\u00edpadu. Pokud hrajete v t\u00fdmu, jemn\u00e1 konkuren\u010dn\u00ed v\u00fdhoda dod\u00e1 va\u0161\u00ed roli detektiva dal\u0161\u00ed intriku.","how_to_play":"Hrajte sami nebo s p\u0159\u00e1teli, rodinou \u010di kolegy v t\u00fdmech a\u017e \u010dty\u0159 osob na jedno za\u0159\u00edzen\u00ed. Po rezervaci obdr\u017e\u00edte e-mail s instrukcemi a v\u0161\u00edm, co pot\u0159ebujete.","start_location":"Palma de Mallorca, Placa Major","available_languages":["en","es","fr","de","it","nl"],"players_per_group":"1-4","duration":"1.5-2 hours","image_overlay_color_image":"https:\/\/testwebsite.citygame.com\/wp-content\/blogs.dir\/1\/files\/sites\/62\/2026\/01\/SherlockColor.svg","image_overlay_game_logo":"https:\/\/testwebsite.citygame.com\/wp-content\/blogs.dir\/1\/files\/sites\/62\/2026\/01\/SherlockLogo.png","city_page":6805,"woocommerce_general_content":null},"yoast_head":"<!-- This site is optimized with the Yoast SEO Premium plugin v26.2 (Yoast SEO v26.3) - https:\/\/yoast.com\/wordpress\/plugins\/seo\/ -->\n<title>Sherlock Holmes Palma de Mallorca - City Game<\/title>\n<meta name=\"description\" content=\"Sherlock Holmes Palma de Mallorca. Zahrajte si samostatnou detektivn\u00ed hru &#039;City Game&#039; s vra\u017edou, \u0159e\u0161te h\u00e1danky, sledujte stopy a odhalte vraha vlastn\u00edm tempem!\" \/>\n<meta name=\"robots\" content=\"noindex, follow, max-snippet:-1, max-image-preview:large, max-video-preview:-1\" \/>\n<meta property=\"og:locale\" content=\"cs_CZ\" \/>\n<meta property=\"og:type\" content=\"article\" \/>\n<meta property=\"og:title\" content=\"Sherlock Holmes Palma de Mallorca\" \/>\n<meta property=\"og:description\" content=\"Sherlock Holmes Palma de Mallorca. Zahrajte si samostatnou detektivn\u00ed hru &#039;City Game&#039; s vra\u017edou, \u0159e\u0161te h\u00e1danky, sledujte stopy a odhalte vraha vlastn\u00edm tempem!\" \/>\n<meta property=\"og:url\" content=\"https:\/\/testwebsite.citygame.com\/cs\/games\/palma-de-mallorca\/sherlock-holmes-palma-de-mallorca\/\" \/>\n<meta property=\"og:site_name\" content=\"City Game\" \/>\n<meta property=\"article:publisher\" content=\"https:\/\/www.facebook.com\/profile.php?id=100086426226253\" \/>\n<meta property=\"article:modified_time\" content=\"2026-04-08T04:34:44+00:00\" \/>\n<meta property=\"og:image\" content=\"https:\/\/testwebsite.citygame.com\/wp-content\/blogs.dir\/1\/files\/sites\/62\/2026\/02\/woman-with-phone-on-street-in-palma-de-mallorca.jpg\" \/>\n\t<meta property=\"og:image:width\" content=\"1344\" \/>\n\t<meta property=\"og:image:height\" content=\"768\" \/>\n\t<meta property=\"og:image:type\" content=\"image\/jpeg\" \/>\n<meta name=\"twitter:card\" content=\"summary_large_image\" \/>\n<meta name=\"twitter:label1\" content=\"Odhadovan\u00e1 doba \u010dten\u00ed\" \/>\n\t<meta name=\"twitter:data1\" content=\"1 minuta\" \/>\n<script type=\"application\/ld+json\" class=\"yoast-schema-graph\">{\"@context\":\"https:\/\/schema.org\",\"@graph\":[{\"@type\":\"WebPage\",\"@id\":\"https:\/\/testwebsite.citygame.com\/cs\/games\/palma-de-mallorca\/sherlock-holmes-palma-de-mallorca\/\",\"url\":\"https:\/\/testwebsite.citygame.com\/cs\/games\/palma-de-mallorca\/sherlock-holmes-palma-de-mallorca\/\",\"name\":\"Sherlock Holmes Palma de Mallorca - City Game\",\"isPartOf\":{\"@id\":\"https:\/\/testwebsite.upevents.nl\/#website\"},\"primaryImageOfPage\":{\"@id\":\"https:\/\/testwebsite.citygame.com\/cs\/games\/palma-de-mallorca\/sherlock-holmes-palma-de-mallorca\/#primaryimage\"},\"image\":{\"@id\":\"https:\/\/testwebsite.citygame.com\/cs\/games\/palma-de-mallorca\/sherlock-holmes-palma-de-mallorca\/#primaryimage\"},\"thumbnailUrl\":\"https:\/\/testwebsite.citygame.com\/wp-content\/blogs.dir\/1\/files\/sites\/62\/2026\/02\/woman-with-phone-on-street-in-palma-de-mallorca.jpg\",\"datePublished\":\"2026-02-05T09:39:28+00:00\",\"dateModified\":\"2026-04-08T04:34:44+00:00\",\"description\":\"Sherlock Holmes Palma de Mallorca. Zahrajte si samostatnou detektivn\u00ed hru 'City Game' s vra\u017edou, \u0159e\u0161te h\u00e1danky, sledujte stopy a odhalte vraha vlastn\u00edm tempem!\",\"breadcrumb\":{\"@id\":\"https:\/\/testwebsite.citygame.com\/cs\/games\/palma-de-mallorca\/sherlock-holmes-palma-de-mallorca\/#breadcrumb\"},\"inLanguage\":\"cs\",\"potentialAction\":[{\"@type\":\"ReadAction\",\"target\":[\"https:\/\/testwebsite.citygame.com\/cs\/games\/palma-de-mallorca\/sherlock-holmes-palma-de-mallorca\/\"]}]},{\"@type\":\"ImageObject\",\"inLanguage\":\"cs\",\"@id\":\"https:\/\/testwebsite.citygame.com\/cs\/games\/palma-de-mallorca\/sherlock-holmes-palma-de-mallorca\/#primaryimage\",\"url\":\"https:\/\/testwebsite.citygame.com\/wp-content\/blogs.dir\/1\/files\/sites\/62\/2026\/02\/woman-with-phone-on-street-in-palma-de-mallorca.jpg\",\"contentUrl\":\"https:\/\/testwebsite.citygame.com\/wp-content\/blogs.dir\/1\/files\/sites\/62\/2026\/02\/woman-with-phone-on-street-in-palma-de-mallorca.jpg\",\"width\":1344,\"height\":768,\"caption\":\"A woman uses her smartphone while standing on a picturesque, narrow street in Palma de Mallorca.\"},{\"@type\":\"BreadcrumbList\",\"@id\":\"https:\/\/testwebsite.citygame.com\/cs\/games\/palma-de-mallorca\/sherlock-holmes-palma-de-mallorca\/#breadcrumb\",\"itemListElement\":[{\"@type\":\"ListItem\",\"position\":1,\"name\":\"Home\",\"item\":\"https:\/\/testwebsite.citygame.com\/cs\/\"},{\"@type\":\"ListItem\",\"position\":2,\"name\":\"Shop\",\"item\":\"https:\/\/testwebsite.citygame.com\/shop\/\"},{\"@type\":\"ListItem\",\"position\":3,\"name\":\"Sherlock Holmes Palma de Mallorca\"}]},{\"@type\":\"WebSite\",\"@id\":\"https:\/\/testwebsite.upevents.nl\/#website\",\"url\":\"https:\/\/testwebsite.upevents.nl\/\",\"name\":\"City Game\",\"description\":\"\",\"publisher\":{\"@id\":\"https:\/\/testwebsite.upevents.nl\/#organization\"},\"alternateName\":\"citygame.com\",\"potentialAction\":[{\"@type\":\"SearchAction\",\"target\":{\"@type\":\"EntryPoint\",\"urlTemplate\":\"https:\/\/testwebsite.upevents.nl\/?s={search_term_string}\"},\"query-input\":{\"@type\":\"PropertyValueSpecification\",\"valueRequired\":true,\"valueName\":\"search_term_string\"}}],\"inLanguage\":\"cs\"},{\"@type\":[\"Organization\",\"Place\"],\"@id\":\"https:\/\/testwebsite.upevents.nl\/#organization\",\"name\":\"City Game\",\"alternateName\":\"citygame.com\",\"url\":\"https:\/\/testwebsite.upevents.nl\/\",\"logo\":{\"@id\":\"https:\/\/testwebsite.citygame.com\/cs\/games\/palma-de-mallorca\/sherlock-holmes-palma-de-mallorca\/#local-main-organization-logo\"},\"image\":{\"@id\":\"https:\/\/testwebsite.citygame.com\/cs\/games\/palma-de-mallorca\/sherlock-holmes-palma-de-mallorca\/#local-main-organization-logo\"},\"sameAs\":[\"https:\/\/www.facebook.com\/profile.php?id=100086426226253\",\"https:\/\/www.instagram.com\/citygame_com\",\"https:\/\/www.tiktok.com\/@citygamecom\/\",\"https:\/\/www.linkedin.com\/company\/citygame-com\"],\"description\":\"Turn any city into a playground with our interactive City Games and self-guided tours. Fun, flexible, and ideal for groups and team building.\",\"telephone\":[],\"openingHoursSpecification\":[{\"@type\":\"OpeningHoursSpecification\",\"dayOfWeek\":[\"Monday\",\"Tuesday\",\"Wednesday\",\"Thursday\",\"Friday\",\"Saturday\",\"Sunday\"],\"opens\":\"09:00\",\"closes\":\"17:00\"}]},{\"@type\":\"ImageObject\",\"inLanguage\":\"cs\",\"@id\":\"https:\/\/testwebsite.citygame.com\/cs\/games\/palma-de-mallorca\/sherlock-holmes-palma-de-mallorca\/#local-main-organization-logo\",\"url\":\"https:\/\/testwebsite.citygame.com\/wp-content\/blogs.dir\/1\/files\/sites\/62\/2025\/10\/CG_LOGO-City-Game.png\",\"contentUrl\":\"https:\/\/testwebsite.citygame.com\/wp-content\/blogs.dir\/1\/files\/sites\/62\/2025\/10\/CG_LOGO-City-Game.png\",\"width\":351,\"height\":377,\"caption\":\"City Game\"}]}<\/script>\n<!-- \/ Yoast SEO Premium plugin. -->","yoast_head_json":{"title":"Sherlock Holmes Palma de Mallorca - City Game","description":"Sherlock Holmes Palma de Mallorca. Zahrajte si samostatnou detektivn\u00ed hru 'City Game' s vra\u017edou, \u0159e\u0161te h\u00e1danky, sledujte stopy a odhalte vraha vlastn\u00edm tempem!","robots":{"index":"noindex","follow":"follow","max-snippet":"max-snippet:-1","max-image-preview":"max-image-preview:large","max-video-preview":"max-video-preview:-1"},"og_locale":"cs_CZ","og_type":"article","og_title":"Sherlock Holmes Palma de Mallorca","og_description":"Sherlock Holmes Palma de Mallorca. Zahrajte si samostatnou detektivn\u00ed hru 'City Game' s vra\u017edou, \u0159e\u0161te h\u00e1danky, sledujte stopy a odhalte vraha vlastn\u00edm tempem!","og_url":"https:\/\/testwebsite.citygame.com\/cs\/games\/palma-de-mallorca\/sherlock-holmes-palma-de-mallorca\/","og_site_name":"City Game","article_publisher":"https:\/\/www.facebook.com\/profile.php?id=100086426226253","article_modified_time":"2026-04-08T04:34:44+00:00","og_image":[{"width":1344,"height":768,"url":"https:\/\/testwebsite.citygame.com\/wp-content\/blogs.dir\/1\/files\/sites\/62\/2026\/02\/woman-with-phone-on-street-in-palma-de-mallorca.jpg","type":"image\/jpeg"}],"twitter_card":"summary_large_image","twitter_misc":{"Odhadovan\u00e1 doba \u010dten\u00ed":"1 minuta"},"schema":{"@context":"https:\/\/schema.org","@graph":[{"@type":"WebPage","@id":"https:\/\/testwebsite.citygame.com\/cs\/games\/palma-de-mallorca\/sherlock-holmes-palma-de-mallorca\/","url":"https:\/\/testwebsite.citygame.com\/cs\/games\/palma-de-mallorca\/sherlock-holmes-palma-de-mallorca\/","name":"Sherlock Holmes Palma de Mallorca - City Game","isPartOf":{"@id":"https:\/\/testwebsite.upevents.nl\/#website"},"primaryImageOfPage":{"@id":"https:\/\/testwebsite.citygame.com\/cs\/games\/palma-de-mallorca\/sherlock-holmes-palma-de-mallorca\/#primaryimage"},"image":{"@id":"https:\/\/testwebsite.citygame.com\/cs\/games\/palma-de-mallorca\/sherlock-holmes-palma-de-mallorca\/#primaryimage"},"thumbnailUrl":"https:\/\/testwebsite.citygame.com\/wp-content\/blogs.dir\/1\/files\/sites\/62\/2026\/02\/woman-with-phone-on-street-in-palma-de-mallorca.jpg","datePublished":"2026-02-05T09:39:28+00:00","dateModified":"2026-04-08T04:34:44+00:00","description":"Sherlock Holmes Palma de Mallorca. Zahrajte si samostatnou detektivn\u00ed hru 'City Game' s vra\u017edou, \u0159e\u0161te h\u00e1danky, sledujte stopy a odhalte vraha vlastn\u00edm tempem!","breadcrumb":{"@id":"https:\/\/testwebsite.citygame.com\/cs\/games\/palma-de-mallorca\/sherlock-holmes-palma-de-mallorca\/#breadcrumb"},"inLanguage":"cs","potentialAction":[{"@type":"ReadAction","target":["https:\/\/testwebsite.citygame.com\/cs\/games\/palma-de-mallorca\/sherlock-holmes-palma-de-mallorca\/"]}]},{"@type":"ImageObject","inLanguage":"cs","@id":"https:\/\/testwebsite.citygame.com\/cs\/games\/palma-de-mallorca\/sherlock-holmes-palma-de-mallorca\/#primaryimage","url":"https:\/\/testwebsite.citygame.com\/wp-content\/blogs.dir\/1\/files\/sites\/62\/2026\/02\/woman-with-phone-on-street-in-palma-de-mallorca.jpg","contentUrl":"https:\/\/testwebsite.citygame.com\/wp-content\/blogs.dir\/1\/files\/sites\/62\/2026\/02\/woman-with-phone-on-street-in-palma-de-mallorca.jpg","width":1344,"height":768,"caption":"A woman uses her smartphone while standing on a picturesque, narrow street in Palma de Mallorca."},{"@type":"BreadcrumbList","@id":"https:\/\/testwebsite.citygame.com\/cs\/games\/palma-de-mallorca\/sherlock-holmes-palma-de-mallorca\/#breadcrumb","itemListElement":[{"@type":"ListItem","position":1,"name":"Home","item":"https:\/\/testwebsite.citygame.com\/cs\/"},{"@type":"ListItem","position":2,"name":"Shop","item":"https:\/\/testwebsite.citygame.com\/shop\/"},{"@type":"ListItem","position":3,"name":"Sherlock Holmes Palma de Mallorca"}]},{"@type":"WebSite","@id":"https:\/\/testwebsite.upevents.nl\/#website","url":"https:\/\/testwebsite.upevents.nl\/","name":"City Game","description":"","publisher":{"@id":"https:\/\/testwebsite.upevents.nl\/#organization"},"alternateName":"citygame.com","potentialAction":[{"@type":"SearchAction","target":{"@type":"EntryPoint","urlTemplate":"https:\/\/testwebsite.upevents.nl\/?s={search_term_string}"},"query-input":{"@type":"PropertyValueSpecification","valueRequired":true,"valueName":"search_term_string"}}],"inLanguage":"cs"},{"@type":["Organization","Place"],"@id":"https:\/\/testwebsite.upevents.nl\/#organization","name":"City Game","alternateName":"citygame.com","url":"https:\/\/testwebsite.upevents.nl\/","logo":{"@id":"https:\/\/testwebsite.citygame.com\/cs\/games\/palma-de-mallorca\/sherlock-holmes-palma-de-mallorca\/#local-main-organization-logo"},"image":{"@id":"https:\/\/testwebsite.citygame.com\/cs\/games\/palma-de-mallorca\/sherlock-holmes-palma-de-mallorca\/#local-main-organization-logo"},"sameAs":["https:\/\/www.facebook.com\/profile.php?id=100086426226253","https:\/\/www.instagram.com\/citygame_com","https:\/\/www.tiktok.com\/@citygamecom\/","https:\/\/www.linkedin.com\/company\/citygame-com"],"description":"Turn any city into a playground with our interactive City Games and self-guided tours. Fun, flexible, and ideal for groups and team building.","telephone":[],"openingHoursSpecification":[{"@type":"OpeningHoursSpecification","dayOfWeek":["Monday","Tuesday","Wednesday","Thursday","Friday","Saturday","Sunday"],"opens":"09:00","closes":"17:00"}]},{"@type":"ImageObject","inLanguage":"cs","@id":"https:\/\/testwebsite.citygame.com\/cs\/games\/palma-de-mallorca\/sherlock-holmes-palma-de-mallorca\/#local-main-organization-logo","url":"https:\/\/testwebsite.citygame.com\/wp-content\/blogs.dir\/1\/files\/sites\/62\/2025\/10\/CG_LOGO-City-Game.png","contentUrl":"https:\/\/testwebsite.citygame.com\/wp-content\/blogs.dir\/1\/files\/sites\/62\/2025\/10\/CG_LOGO-City-Game.png","width":351,"height":377,"caption":"City Game"}]}},"taxonomy_info":{"game-concept":[{"value":768,"label":"Sherlock"}],"location":[{"value":315,"label":"Palma de Mallorca"}],"product_cat":[{"value":27,"label":"Geen categorie"}]},"featured_image_src_large":["https:\/\/testwebsite.citygame.com\/wp-content\/blogs.dir\/1\/files\/sites\/62\/2026\/02\/woman-with-phone-on-street-in-palma-de-mallorca-1024x585.jpg",1024,585,true],"author_info":[],"comment_info":"","_links":{"self":[{"href":"https:\/\/testwebsite.citygame.com\/cs\/wp-json\/wp\/v2\/product\/59751","targetHints":{"allow":["GET"]}}],"collection":[{"href":"https:\/\/testwebsite.citygame.com\/cs\/wp-json\/wp\/v2\/product"}],"about":[{"href":"https:\/\/testwebsite.citygame.com\/cs\/wp-json\/wp\/v2\/types\/product"}],"acf:post":[{"embeddable":true,"href":"https:\/\/testwebsite.citygame.com\/cs\/wp-json\/wp\/v2\/pages\/6805"}],"wp:featuredmedia":[{"embeddable":true,"href":"https:\/\/testwebsite.citygame.com\/cs\/wp-json\/wp\/v2\/media\/10618"}],"wp:attachment":[{"href":"https:\/\/testwebsite.citygame.com\/cs\/wp-json\/wp\/v2\/media?parent=59751"}],"wp:term":[{"taxonomy":"game-concept","embeddable":true,"href":"https:\/\/testwebsite.citygame.com\/cs\/wp-json\/wp\/v2\/game-concept?post=59751"},{"taxonomy":"location","embeddable":true,"href":"https:\/\/testwebsite.citygame.com\/cs\/wp-json\/wp\/v2\/location?post=59751"},{"taxonomy":"product_brand","embeddable":true,"href":"https:\/\/testwebsite.citygame.com\/cs\/wp-json\/wp\/v2\/product_brand?post=59751"},{"taxonomy":"product_cat","embeddable":true,"href":"https:\/\/testwebsite.citygame.com\/cs\/wp-json\/wp\/v2\/product_cat?post=59751"},{"taxonomy":"product_tag","embeddable":true,"href":"https:\/\/testwebsite.citygame.com\/cs\/wp-json\/wp\/v2\/product_tag?post=59751"}],"curies":[{"name":"wp","href":"https:\/\/api.w.org\/{rel}","templated":true}]}}