{"id":59472,"date":"2026-01-27T14:53:35","date_gmt":"2026-01-27T14:53:35","guid":{"rendered":"https:\/\/testwebsite.citygame.com\/games\/unknown-location\/secrets-of-mainz\/"},"modified":"2026-04-08T04:06:19","modified_gmt":"2026-04-08T04:06:19","slug":"secrets-of-mainz","status":"publish","type":"product","link":"https:\/\/testwebsite.citygame.com\/cs\/games\/mainz\/secrets-of-mainz\/","title":{"rendered":"Secrets of Mainz"},"content":{"rendered":"<p>City Game Mainz je samonav\u00e1d\u011bc\u00ed m\u011bstsk\u00e1 hra, kter\u00e1 se odehr\u00e1v\u00e1 v historick\u00e9m centru Mohu\u010de. Tato GPS-zalo\u017een\u00e1 hra umo\u017e\u0148uje hr\u00e1\u010d\u016fm prozkoum\u00e1vat m\u011bsto vlastn\u00edm tempem pomoc\u00ed chytr\u00e9ho telefonu, \u0159e\u0161it h\u00e1danky, r\u00e9busy a fotografick\u00e9 v\u00fdzvy. V r\u00e1mci t\u00e9to pr\u016fzkumn\u00e9 hry \u00fa\u010dastn\u00edci odhaluj\u00ed skryt\u00e9 detaily a pozn\u00e1vaj\u00ed bohatou historii a kulturu Mohu\u010de. Hra je vhodn\u00e1 jak pro m\u00edstn\u00ed, tak pro n\u00e1v\u0161t\u011bvn\u00edky a nab\u00edz\u00ed z\u00e1bavn\u00fd a poutav\u00fd zp\u016fsob, jak objevit m\u011bsto. Lze si ji u\u017e\u00edt sami, v p\u00e1ru nebo s rodinou a p\u0159\u00e1teli.<\/p>\n","protected":false},"excerpt":{"rendered":"<p>Objevte z\u00e1zraky a tajemstv\u00ed Mohu\u010de! Pono\u0159te se do sv\u011bta, kde se tep modern\u00ed kultury a starov\u011bk\u00e9 \u0159\u00edmsk\u00e9 historie prol\u00edn\u00e1 s ka\u017ed\u00fdm krokem, od velkolep\u00fdch katedr\u00e1l po podmaniv\u00e9 b\u0159ehy \u0159eky. Mohu\u010d nab\u00edz\u00ed vzru\u0161uj\u00edc\u00ed dobrodru\u017estv\u00ed, pln\u00e9 p\u0159ekvapiv\u00fdch vod\u00edtek roztrou\u0161en\u00fdch po jej\u00edm pulzuj\u00edc\u00edm m\u011bstsk\u00e9m panoramatu!<\/p>\n","protected":false},"featured_media":5078,"template":"","meta":{"_acf_changed":false,"_yoast_wpseo_focuskw":"Secrets of Mainz","_yoast_wpseo_metadesc":"Secrets of Mainz. Zahrajte si samonav\u00e1d\u011bc\u00ed City Game a prozkoumejte m\u011bsto pomoc\u00ed h\u00e1danek, r\u00e9bus\u016f a v\u00fdzev. Hrajte vlastn\u00edm tempem a objevujte jako m\u00edstn\u00ed!","_kad_blocks_custom_css":"","_kad_blocks_head_custom_js":"","_kad_blocks_body_custom_js":"","_kad_blocks_footer_custom_js":"","ghostkit_customizer_options":"","ghostkit_custom_css":"","ghostkit_custom_js_head":"","ghostkit_custom_js_foot":"","ghostkit_typography":"","_kad_post_transparent":"","_kad_post_title":"","_kad_post_layout":"","_kad_post_sidebar_id":"","_kad_post_content_style":"","_kad_post_vertical_padding":"","_kad_post_feature":"","_kad_post_feature_position":"","_kad_post_header":false,"_kad_post_footer":false,"_kad_post_classname":"","_links_to":"","_links_to_target":""},"game-concept":[707],"location":[259],"product_brand":[],"product_cat":[27],"product_tag":[],"class_list":{"0":"post-59472","1":"product","2":"type-product","3":"status-publish","4":"has-post-thumbnail","6":"game-concept-secrets","7":"location-mainz","8":"product_cat-geen-categorie","10":"first","11":"instock","12":"shipping-taxable","13":"purchasable","14":"product-type-simple","15":"entry","16":"content-bg","17":"loop-entry"},"acf":{"full_bokun_product_name":"Self-Guided Secrets of Mainz Exploration Game","location_name":"Mainz","bokun_calendar_widget_code":"<script type=\"text\/javascript\" src=\"https:\/\/widgets.bokun.io\/assets\/javascripts\/apps\/build\/BokunWidgetsLoader.js?bookingChannelUUID=a1e93e96-5232-4734-a595-28405f4b5a31\" async><\/script>\n     \n    <div class=\"bokunWidget\" data-src=\"https:\/\/widgets.bokun.io\/online-sales\/a1e93e96-5232-4734-a595-28405f4b5a31\/experience-calendar\/827837\"><\/div>\n    <noscript>Please enable javascript in your browser to book<\/noscript>","bokun_button_widget_code":"<script type=\"text\/javascript\" src=\"https:\/\/widgets.bokun.io\/assets\/javascripts\/apps\/build\/BokunWidgetsLoader.js?bookingChannelUUID=a1e93e96-5232-4734-a595-28405f4b5a31\" async><\/script>\n      <style> #bokun_ed001e45_5927_4f62_b470_ca766338d083 { display: inline-block; padding: .4em 1em; background: #47b82e; border-radius: 999999px; box-shadow: none; font-weight: 600; font-size: 24px; text-decoration: none; text-align: center; color: #FFFFFF; border:none; cursor: pointer; transition: background .2s ease; } #bokun_ed001e45_5927_4f62_b470_ca766338d083:hover{ background: #2f7b1f; } #bokun_ed001e45_5927_4f62_b470_ca766338d083:active{ background: #378f24; } <\/style> <button class=\"bokunButton\" disabled id=bokun_ed001e45_5927_4f62_b470_ca766338d083 data-src=\"https:\/\/widgets.bokun.io\/online-sales\/a1e93e96-5232-4734-a595-28405f4b5a31\/experience-calendar\/827837?partialView=1\" data-testid=\"widget-book-button\" > Book now <\/button> ","what_you\u2019ll_experience_during_the_game":"V City Game 'Secrets of Mainz' budete prozkoum\u00e1vat m\u011bsto prost\u0159ednictv\u00edm interaktivn\u00edho p\u0159\u00edb\u011bhu vetkan\u00e9ho do jeho historick\u00fdch ulic a \u017eiv\u00fdch n\u00e1m\u011bst\u00ed. Sledov\u00e1n\u00edm vod\u00edtek a pln\u011bn\u00edm v\u00fdzev objev\u00edte jak ikonick\u00e1 m\u00edsta, tak i klidn\u011bj\u0161\u00ed z\u00e1kout\u00ed, kter\u00e1 odhaluj\u00ed jinou str\u00e1nku Mohu\u010de. Hra v\u00e1s provede m\u00edsty, jako je impozantn\u00ed Mohu\u010dsk\u00e1 katedr\u00e1la, okouzluj\u00edc\u00ed Kirschgarten s jeho hr\u00e1zd\u011bn\u00fdmi domy a b\u0159ehy R\u00fdna, kde se \u0159\u00edmsk\u00e1 minulost m\u011bsta snoub\u00ed s ka\u017edodenn\u00edm \u017eivotem. Ka\u017ed\u00e1 zast\u00e1vka na cest\u011b nab\u00edz\u00ed p\u0159\u00edle\u017eitost pod\u00edvat se bl\u00ed\u017ee na charakter a atmosf\u00e9ru m\u011bsta.\n\nB\u011bhem City Game budete \u0159e\u0161it h\u00e1danky, odpov\u00eddat na r\u00e9busy, plnit kreativn\u00ed v\u00fdzvy a hledat vod\u00edtka ukryt\u00e1 v m\u011bstsk\u00e9 krajin\u011b. Tyto \u00fakoly v\u00e1m pomohou z\u00edsk\u00e1vat body, odemykat n\u00e1pov\u011bdy a sm\u011b\u0159ovat k odhalen\u00ed z\u00e1v\u011bre\u010dn\u00e9 z\u00e1hady v srdci p\u0159\u00edb\u011bhu. Hru lze kdykoli pozastavit, co\u017e v\u00e1m d\u00e1v\u00e1 svobodu prozkoum\u00e1vat Mohu\u010d vlastn\u00edm tempem. Pro ty, kte\u0159\u00ed si u\u017e\u00edvaj\u00ed trochu p\u0159\u00e1telsk\u00e9 sout\u011b\u017ee, nab\u00edzej\u00ed \u017eeb\u0159\u00ed\u010dky hr\u00e1\u010d\u016f dal\u0161\u00ed vrstvu v\u00fdzvy b\u011bhem tohoto hrav\u00e9ho prozkoum\u00e1v\u00e1n\u00ed Mohu\u010de.","how_to_play":"Zarezervujte si Pr\u016fzkumnou hru, zkontrolujte e-mail, kter\u00fd v\u00e1m za\u0161leme s jednoduch\u00fdmi instrukcemi, st\u00e1hn\u011bte si aplikaci Loquiz, z\u00edskejte p\u0159\u00edstup k Pr\u016fzkumn\u00e9 h\u0159e a jste p\u0159ipraveni za\u010d\u00edt sv\u016fj hern\u00ed z\u00e1\u017eitek!","start_location":"Mainz, Markt","available_languages":["en"],"players_per_group":"1-4","duration":"1.5-2 hours","image_overlay_color_image":"https:\/\/testwebsite.citygame.com\/wp-content\/blogs.dir\/1\/files\/sites\/62\/2026\/01\/SecretsColor.svg","image_overlay_game_logo":"https:\/\/testwebsite.citygame.com\/wp-content\/blogs.dir\/1\/files\/sites\/62\/2026\/01\/SecretsLogo.png","city_page":5073,"woocommerce_general_content":null},"yoast_head":"<!-- This site is optimized with the Yoast SEO Premium plugin v26.2 (Yoast SEO v26.3) - https:\/\/yoast.com\/wordpress\/plugins\/seo\/ -->\n<title>Secrets of Mainz - City Game<\/title>\n<meta name=\"description\" content=\"Secrets of Mainz. Zahrajte si samonav\u00e1d\u011bc\u00ed City Game a prozkoumejte m\u011bsto pomoc\u00ed h\u00e1danek, r\u00e9bus\u016f a v\u00fdzev. Hrajte vlastn\u00edm tempem a objevujte jako m\u00edstn\u00ed!\" \/>\n<meta name=\"robots\" content=\"noindex, follow, max-snippet:-1, max-image-preview:large, max-video-preview:-1\" \/>\n<meta property=\"og:locale\" content=\"cs_CZ\" \/>\n<meta property=\"og:type\" content=\"article\" \/>\n<meta property=\"og:title\" content=\"Secrets of Mainz\" \/>\n<meta property=\"og:description\" content=\"Secrets of Mainz. Zahrajte si samonav\u00e1d\u011bc\u00ed City Game a prozkoumejte m\u011bsto pomoc\u00ed h\u00e1danek, r\u00e9bus\u016f a v\u00fdzev. Hrajte vlastn\u00edm tempem a objevujte jako m\u00edstn\u00ed!\" \/>\n<meta property=\"og:url\" content=\"https:\/\/testwebsite.citygame.com\/cs\/games\/mainz\/secrets-of-mainz\/\" \/>\n<meta property=\"og:site_name\" content=\"City Game\" \/>\n<meta property=\"article:publisher\" content=\"https:\/\/www.facebook.com\/profile.php?id=100086426226253\" \/>\n<meta property=\"article:modified_time\" content=\"2026-04-08T04:06:19+00:00\" \/>\n<meta property=\"og:image\" content=\"https:\/\/testwebsite.citygame.com\/wp-content\/blogs.dir\/1\/files\/sites\/62\/2026\/01\/player-city-game-st-peters-church-mainz.jpg\" \/>\n\t<meta property=\"og:image:width\" content=\"1184\" \/>\n\t<meta property=\"og:image:height\" content=\"864\" \/>\n\t<meta property=\"og:image:type\" content=\"image\/jpeg\" \/>\n<meta name=\"twitter:card\" content=\"summary_large_image\" \/>\n<meta name=\"twitter:label1\" content=\"Odhadovan\u00e1 doba \u010dten\u00ed\" \/>\n\t<meta name=\"twitter:data1\" content=\"1 minuta\" \/>\n<script type=\"application\/ld+json\" class=\"yoast-schema-graph\">{\"@context\":\"https:\/\/schema.org\",\"@graph\":[{\"@type\":\"WebPage\",\"@id\":\"https:\/\/testwebsite.citygame.com\/cs\/games\/mainz\/secrets-of-mainz\/\",\"url\":\"https:\/\/testwebsite.citygame.com\/cs\/games\/mainz\/secrets-of-mainz\/\",\"name\":\"Secrets of Mainz - City Game\",\"isPartOf\":{\"@id\":\"https:\/\/testwebsite.upevents.nl\/#website\"},\"primaryImageOfPage\":{\"@id\":\"https:\/\/testwebsite.citygame.com\/cs\/games\/mainz\/secrets-of-mainz\/#primaryimage\"},\"image\":{\"@id\":\"https:\/\/testwebsite.citygame.com\/cs\/games\/mainz\/secrets-of-mainz\/#primaryimage\"},\"thumbnailUrl\":\"https:\/\/testwebsite.citygame.com\/wp-content\/blogs.dir\/1\/files\/sites\/62\/2026\/01\/player-city-game-st-peters-church-mainz.jpg\",\"datePublished\":\"2026-01-27T14:53:35+00:00\",\"dateModified\":\"2026-04-08T04:06:19+00:00\",\"description\":\"Secrets of Mainz. Zahrajte si samonav\u00e1d\u011bc\u00ed City Game a prozkoumejte m\u011bsto pomoc\u00ed h\u00e1danek, r\u00e9bus\u016f a v\u00fdzev. Hrajte vlastn\u00edm tempem a objevujte jako m\u00edstn\u00ed!\",\"breadcrumb\":{\"@id\":\"https:\/\/testwebsite.citygame.com\/cs\/games\/mainz\/secrets-of-mainz\/#breadcrumb\"},\"inLanguage\":\"cs\",\"potentialAction\":[{\"@type\":\"ReadAction\",\"target\":[\"https:\/\/testwebsite.citygame.com\/cs\/games\/mainz\/secrets-of-mainz\/\"]}]},{\"@type\":\"ImageObject\",\"inLanguage\":\"cs\",\"@id\":\"https:\/\/testwebsite.citygame.com\/cs\/games\/mainz\/secrets-of-mainz\/#primaryimage\",\"url\":\"https:\/\/testwebsite.citygame.com\/wp-content\/blogs.dir\/1\/files\/sites\/62\/2026\/01\/player-city-game-st-peters-church-mainz.jpg\",\"contentUrl\":\"https:\/\/testwebsite.citygame.com\/wp-content\/blogs.dir\/1\/files\/sites\/62\/2026\/01\/player-city-game-st-peters-church-mainz.jpg\",\"width\":1184,\"height\":864,\"caption\":\"A young woman playing a city game on her phone near St. Peter's Church in Mainz.\"},{\"@type\":\"BreadcrumbList\",\"@id\":\"https:\/\/testwebsite.citygame.com\/cs\/games\/mainz\/secrets-of-mainz\/#breadcrumb\",\"itemListElement\":[{\"@type\":\"ListItem\",\"position\":1,\"name\":\"Home\",\"item\":\"https:\/\/testwebsite.citygame.com\/cs\/\"},{\"@type\":\"ListItem\",\"position\":2,\"name\":\"Shop\",\"item\":\"https:\/\/testwebsite.citygame.com\/shop\/\"},{\"@type\":\"ListItem\",\"position\":3,\"name\":\"Secrets of Mainz\"}]},{\"@type\":\"WebSite\",\"@id\":\"https:\/\/testwebsite.upevents.nl\/#website\",\"url\":\"https:\/\/testwebsite.upevents.nl\/\",\"name\":\"City Game\",\"description\":\"\",\"publisher\":{\"@id\":\"https:\/\/testwebsite.upevents.nl\/#organization\"},\"alternateName\":\"citygame.com\",\"potentialAction\":[{\"@type\":\"SearchAction\",\"target\":{\"@type\":\"EntryPoint\",\"urlTemplate\":\"https:\/\/testwebsite.upevents.nl\/?s={search_term_string}\"},\"query-input\":{\"@type\":\"PropertyValueSpecification\",\"valueRequired\":true,\"valueName\":\"search_term_string\"}}],\"inLanguage\":\"cs\"},{\"@type\":[\"Organization\",\"Place\"],\"@id\":\"https:\/\/testwebsite.upevents.nl\/#organization\",\"name\":\"City Game\",\"alternateName\":\"citygame.com\",\"url\":\"https:\/\/testwebsite.upevents.nl\/\",\"logo\":{\"@id\":\"https:\/\/testwebsite.citygame.com\/cs\/games\/mainz\/secrets-of-mainz\/#local-main-organization-logo\"},\"image\":{\"@id\":\"https:\/\/testwebsite.citygame.com\/cs\/games\/mainz\/secrets-of-mainz\/#local-main-organization-logo\"},\"sameAs\":[\"https:\/\/www.facebook.com\/profile.php?id=100086426226253\",\"https:\/\/www.instagram.com\/citygame_com\",\"https:\/\/www.tiktok.com\/@citygamecom\/\",\"https:\/\/www.linkedin.com\/company\/citygame-com\"],\"description\":\"Turn any city into a playground with our interactive City Games and self-guided tours. Fun, flexible, and ideal for groups and team building.\",\"telephone\":[],\"openingHoursSpecification\":[{\"@type\":\"OpeningHoursSpecification\",\"dayOfWeek\":[\"Monday\",\"Tuesday\",\"Wednesday\",\"Thursday\",\"Friday\",\"Saturday\",\"Sunday\"],\"opens\":\"09:00\",\"closes\":\"17:00\"}]},{\"@type\":\"ImageObject\",\"inLanguage\":\"cs\",\"@id\":\"https:\/\/testwebsite.citygame.com\/cs\/games\/mainz\/secrets-of-mainz\/#local-main-organization-logo\",\"url\":\"https:\/\/testwebsite.citygame.com\/wp-content\/blogs.dir\/1\/files\/sites\/62\/2025\/10\/CG_LOGO-City-Game.png\",\"contentUrl\":\"https:\/\/testwebsite.citygame.com\/wp-content\/blogs.dir\/1\/files\/sites\/62\/2025\/10\/CG_LOGO-City-Game.png\",\"width\":351,\"height\":377,\"caption\":\"City Game\"}]}<\/script>\n<!-- \/ Yoast SEO Premium plugin. -->","yoast_head_json":{"title":"Secrets of Mainz - City Game","description":"Secrets of Mainz. Zahrajte si samonav\u00e1d\u011bc\u00ed City Game a prozkoumejte m\u011bsto pomoc\u00ed h\u00e1danek, r\u00e9bus\u016f a v\u00fdzev. Hrajte vlastn\u00edm tempem a objevujte jako m\u00edstn\u00ed!","robots":{"index":"noindex","follow":"follow","max-snippet":"max-snippet:-1","max-image-preview":"max-image-preview:large","max-video-preview":"max-video-preview:-1"},"og_locale":"cs_CZ","og_type":"article","og_title":"Secrets of Mainz","og_description":"Secrets of Mainz. Zahrajte si samonav\u00e1d\u011bc\u00ed City Game a prozkoumejte m\u011bsto pomoc\u00ed h\u00e1danek, r\u00e9bus\u016f a v\u00fdzev. Hrajte vlastn\u00edm tempem a objevujte jako m\u00edstn\u00ed!","og_url":"https:\/\/testwebsite.citygame.com\/cs\/games\/mainz\/secrets-of-mainz\/","og_site_name":"City Game","article_publisher":"https:\/\/www.facebook.com\/profile.php?id=100086426226253","article_modified_time":"2026-04-08T04:06:19+00:00","og_image":[{"width":1184,"height":864,"url":"https:\/\/testwebsite.citygame.com\/wp-content\/blogs.dir\/1\/files\/sites\/62\/2026\/01\/player-city-game-st-peters-church-mainz.jpg","type":"image\/jpeg"}],"twitter_card":"summary_large_image","twitter_misc":{"Odhadovan\u00e1 doba \u010dten\u00ed":"1 minuta"},"schema":{"@context":"https:\/\/schema.org","@graph":[{"@type":"WebPage","@id":"https:\/\/testwebsite.citygame.com\/cs\/games\/mainz\/secrets-of-mainz\/","url":"https:\/\/testwebsite.citygame.com\/cs\/games\/mainz\/secrets-of-mainz\/","name":"Secrets of Mainz - City Game","isPartOf":{"@id":"https:\/\/testwebsite.upevents.nl\/#website"},"primaryImageOfPage":{"@id":"https:\/\/testwebsite.citygame.com\/cs\/games\/mainz\/secrets-of-mainz\/#primaryimage"},"image":{"@id":"https:\/\/testwebsite.citygame.com\/cs\/games\/mainz\/secrets-of-mainz\/#primaryimage"},"thumbnailUrl":"https:\/\/testwebsite.citygame.com\/wp-content\/blogs.dir\/1\/files\/sites\/62\/2026\/01\/player-city-game-st-peters-church-mainz.jpg","datePublished":"2026-01-27T14:53:35+00:00","dateModified":"2026-04-08T04:06:19+00:00","description":"Secrets of Mainz. Zahrajte si samonav\u00e1d\u011bc\u00ed City Game a prozkoumejte m\u011bsto pomoc\u00ed h\u00e1danek, r\u00e9bus\u016f a v\u00fdzev. Hrajte vlastn\u00edm tempem a objevujte jako m\u00edstn\u00ed!","breadcrumb":{"@id":"https:\/\/testwebsite.citygame.com\/cs\/games\/mainz\/secrets-of-mainz\/#breadcrumb"},"inLanguage":"cs","potentialAction":[{"@type":"ReadAction","target":["https:\/\/testwebsite.citygame.com\/cs\/games\/mainz\/secrets-of-mainz\/"]}]},{"@type":"ImageObject","inLanguage":"cs","@id":"https:\/\/testwebsite.citygame.com\/cs\/games\/mainz\/secrets-of-mainz\/#primaryimage","url":"https:\/\/testwebsite.citygame.com\/wp-content\/blogs.dir\/1\/files\/sites\/62\/2026\/01\/player-city-game-st-peters-church-mainz.jpg","contentUrl":"https:\/\/testwebsite.citygame.com\/wp-content\/blogs.dir\/1\/files\/sites\/62\/2026\/01\/player-city-game-st-peters-church-mainz.jpg","width":1184,"height":864,"caption":"A young woman playing a city game on her phone near St. Peter's Church in Mainz."},{"@type":"BreadcrumbList","@id":"https:\/\/testwebsite.citygame.com\/cs\/games\/mainz\/secrets-of-mainz\/#breadcrumb","itemListElement":[{"@type":"ListItem","position":1,"name":"Home","item":"https:\/\/testwebsite.citygame.com\/cs\/"},{"@type":"ListItem","position":2,"name":"Shop","item":"https:\/\/testwebsite.citygame.com\/shop\/"},{"@type":"ListItem","position":3,"name":"Secrets of Mainz"}]},{"@type":"WebSite","@id":"https:\/\/testwebsite.upevents.nl\/#website","url":"https:\/\/testwebsite.upevents.nl\/","name":"City Game","description":"","publisher":{"@id":"https:\/\/testwebsite.upevents.nl\/#organization"},"alternateName":"citygame.com","potentialAction":[{"@type":"SearchAction","target":{"@type":"EntryPoint","urlTemplate":"https:\/\/testwebsite.upevents.nl\/?s={search_term_string}"},"query-input":{"@type":"PropertyValueSpecification","valueRequired":true,"valueName":"search_term_string"}}],"inLanguage":"cs"},{"@type":["Organization","Place"],"@id":"https:\/\/testwebsite.upevents.nl\/#organization","name":"City Game","alternateName":"citygame.com","url":"https:\/\/testwebsite.upevents.nl\/","logo":{"@id":"https:\/\/testwebsite.citygame.com\/cs\/games\/mainz\/secrets-of-mainz\/#local-main-organization-logo"},"image":{"@id":"https:\/\/testwebsite.citygame.com\/cs\/games\/mainz\/secrets-of-mainz\/#local-main-organization-logo"},"sameAs":["https:\/\/www.facebook.com\/profile.php?id=100086426226253","https:\/\/www.instagram.com\/citygame_com","https:\/\/www.tiktok.com\/@citygamecom\/","https:\/\/www.linkedin.com\/company\/citygame-com"],"description":"Turn any city into a playground with our interactive City Games and self-guided tours. Fun, flexible, and ideal for groups and team building.","telephone":[],"openingHoursSpecification":[{"@type":"OpeningHoursSpecification","dayOfWeek":["Monday","Tuesday","Wednesday","Thursday","Friday","Saturday","Sunday"],"opens":"09:00","closes":"17:00"}]},{"@type":"ImageObject","inLanguage":"cs","@id":"https:\/\/testwebsite.citygame.com\/cs\/games\/mainz\/secrets-of-mainz\/#local-main-organization-logo","url":"https:\/\/testwebsite.citygame.com\/wp-content\/blogs.dir\/1\/files\/sites\/62\/2025\/10\/CG_LOGO-City-Game.png","contentUrl":"https:\/\/testwebsite.citygame.com\/wp-content\/blogs.dir\/1\/files\/sites\/62\/2025\/10\/CG_LOGO-City-Game.png","width":351,"height":377,"caption":"City Game"}]}},"taxonomy_info":{"game-concept":[{"value":707,"label":"Secrets"}],"location":[{"value":259,"label":"Mainz"}],"product_cat":[{"value":27,"label":"Geen categorie"}]},"featured_image_src_large":["https:\/\/testwebsite.citygame.com\/wp-content\/blogs.dir\/1\/files\/sites\/62\/2026\/01\/player-city-game-st-peters-church-mainz-1024x747.jpg",1024,747,true],"author_info":[],"comment_info":"","_links":{"self":[{"href":"https:\/\/testwebsite.citygame.com\/cs\/wp-json\/wp\/v2\/product\/59472","targetHints":{"allow":["GET"]}}],"collection":[{"href":"https:\/\/testwebsite.citygame.com\/cs\/wp-json\/wp\/v2\/product"}],"about":[{"href":"https:\/\/testwebsite.citygame.com\/cs\/wp-json\/wp\/v2\/types\/product"}],"acf:post":[{"embeddable":true,"href":"https:\/\/testwebsite.citygame.com\/cs\/wp-json\/wp\/v2\/pages\/5073"}],"wp:featuredmedia":[{"embeddable":true,"href":"https:\/\/testwebsite.citygame.com\/cs\/wp-json\/wp\/v2\/media\/5078"}],"wp:attachment":[{"href":"https:\/\/testwebsite.citygame.com\/cs\/wp-json\/wp\/v2\/media?parent=59472"}],"wp:term":[{"taxonomy":"game-concept","embeddable":true,"href":"https:\/\/testwebsite.citygame.com\/cs\/wp-json\/wp\/v2\/game-concept?post=59472"},{"taxonomy":"location","embeddable":true,"href":"https:\/\/testwebsite.citygame.com\/cs\/wp-json\/wp\/v2\/location?post=59472"},{"taxonomy":"product_brand","embeddable":true,"href":"https:\/\/testwebsite.citygame.com\/cs\/wp-json\/wp\/v2\/product_brand?post=59472"},{"taxonomy":"product_cat","embeddable":true,"href":"https:\/\/testwebsite.citygame.com\/cs\/wp-json\/wp\/v2\/product_cat?post=59472"},{"taxonomy":"product_tag","embeddable":true,"href":"https:\/\/testwebsite.citygame.com\/cs\/wp-json\/wp\/v2\/product_tag?post=59472"}],"curies":[{"name":"wp","href":"https:\/\/api.w.org\/{rel}","templated":true}]}}